{"id":350,"date":"2024-06-28T10:12:21","date_gmt":"2024-06-28T10:12:21","guid":{"rendered":"https:\/\/rfid-laundry-tag.com\/?post_type=product&#038;p=350"},"modified":"2024-06-28T10:24:29","modified_gmt":"2024-06-28T10:24:29","slug":"anti-metal-nfc-label-nxp-mifare-1k","status":"publish","type":"product","link":"https:\/\/rfid-laundry-tag.com\/pl\/anti-metal-nfc-label-nxp-mifare-1k\/","title":{"rendered":"Etykieta antymetalowa NFC NXP Mifare 1k"},"content":{"rendered":"<h2>Etykieta antymetalowa NFC NXP Mifare 1k<\/h2>\n<table class=\"hight-light-first-column all magic-11\">\n<tbody>\n<tr>\n<td colspan=\"1\" rowspan=\"1\">\n<div class=\"magic-12\" data-spm-anchor-id=\"a2700.details.0.i57.12287cd6Tl6d8d\">Rozmiar<\/div>\n<\/td>\n<td colspan=\"4\" rowspan=\"1\">\n<div class=\"magic-13\">\u015arednica 25 mm, \u015brednica 30 mm itp.<\/div>\n<\/td>\n<\/tr>\n<tr>\n<td colspan=\"1\" rowspan=\"1\">\n<div class=\"magic-12\">Kolor<\/div>\n<\/td>\n<td colspan=\"4\" rowspan=\"1\">\n<div class=\"magic-16\">Czarny, bia\u0142y, \u017c\u00f3\u0142ty, czerwony lub niestandardowy<\/div>\n<\/td>\n<\/tr>\n<tr>\n<td colspan=\"1\" rowspan=\"1\">\n<div class=\"magic-12\">\u017beton<\/div>\n<\/td>\n<td colspan=\"4\" rowspan=\"1\">\n<div class=\"magic-13\">NTAG213,NTAG215,NTAG216<\/div>\n<\/td>\n<\/tr>\n<tr>\n<td colspan=\"1\" rowspan=\"1\">\n<div class=\"magic-12\">Cz\u0119stotliwo\u015b\u0107<\/div>\n<\/td>\n<td colspan=\"4\" rowspan=\"1\">\n<div class=\"magic-13\">13,56 MHz<\/div>\n<\/td>\n<\/tr>\n<tr>\n<td colspan=\"1\" rowspan=\"1\">\n<div class=\"magic-12\">Protok\u00f3\u0142<\/div>\n<\/td>\n<td colspan=\"4\" rowspan=\"1\">\n<div class=\"magic-13\">ISO14443A, Forum NFC Typ 2<\/div>\n<\/td>\n<\/tr>\n<tr>\n<td colspan=\"1\" rowspan=\"1\">\n<div class=\"magic-12\">Tworzywo<\/div>\n<\/td>\n<td colspan=\"4\" rowspan=\"1\">\n<div class=\"magic-13\">ABS<\/div>\n<\/td>\n<\/tr>\n<tr>\n<td colspan=\"1\" rowspan=\"1\">\n<div class=\"magic-12\">Temperatura pracy<\/div>\n<\/td>\n<td colspan=\"4\" rowspan=\"1\">\n<div class=\"magic-13\">-20 do 85 stopni C<\/div>\n<\/td>\n<\/tr>\n<tr>\n<td colspan=\"1\" rowspan=\"1\">\n<div class=\"magic-12\">Aplikacja<\/div>\n<\/td>\n<td colspan=\"4\" rowspan=\"1\">\n<div class=\"magic-16\">\u0141a\u0144cuch pralniczy, agresywne \u015brodki chemiczne, urz\u0105dzenie p\u0142atnicze, zastosowanie na zewn\u0105trz, chemiczny, przemys\u0142owy, logistyczny, patrol, cz\u0142onkostwo, kontener transportowy, palety itp.<\/div>\n<\/td>\n<\/tr>\n<tr>\n<td colspan=\"1\" rowspan=\"1\">\n<div class=\"magic-12\">Stopie\u0144 wodoodporno\u015bci<\/div>\n<\/td>\n<td colspan=\"4\" rowspan=\"1\">\n<div class=\"magic-16\">IP67<\/div>\n<\/td>\n<\/tr>\n<tr>\n<td colspan=\"1\" rowspan=\"1\">\n<div class=\"magic-12\">Zakres odczytu<\/div>\n<\/td>\n<td colspan=\"4\" rowspan=\"1\">\n<div class=\"magic-16\">5-10cm, w zale\u017cno\u015bci od czytelnika<\/div>\n<\/td>\n<\/tr>\n<tr>\n<td colspan=\"1\" rowspan=\"1\">\n<div class=\"magic-12\">Rzemios\u0142o<\/div>\n<\/td>\n<td colspan=\"4\" rowspan=\"1\">\n<div class=\"magic-16\">Numer seryjny, kod kreskowy itp. grawerowany laserowo<\/div>\n<\/td>\n<\/tr>\n<tr>\n<td colspan=\"1\" rowspan=\"1\">\n<div class=\"magic-12\">Montowanie<\/div>\n<\/td>\n<td colspan=\"4\" rowspan=\"1\">\n<div class=\"magic-16\">Za pomoc\u0105 kleju, \u015bruby lub nit\u00f3w<\/div>\n<\/td>\n<\/tr>\n<\/tbody>\n<\/table>\n<p>&nbsp;<\/p>\n<div class=\"auto-hide-last-sibling-br paragraph_9dc5f paragraph-element\">Etykieta Anti Metal NFC NXP Mifare 1k ma szeroki zakres zastosowa\u0144 w r\u00f3\u017cnych dziedzinach ze wzgl\u0119du na swoj\u0105 elastyczno\u015b\u0107 i zdolno\u015b\u0107 do dzia\u0142ania na powierzchniach metalowych. Oto, jak s\u0105 wykorzystywane w r\u00f3\u017cnych sektorach:<\/div>\n<div><\/div>\n<ul class=\"auto-hide-last-sibling-br\">\n<li>\n<div class=\"auto-hide-last-sibling-br paragraph_9dc5f paragraph-element\"><strong>Zarz\u0105dzanie logistyk\u0105<\/strong>:Te naklejki mog\u0105 by\u0107 u\u017cywane do efektywnego \u015bledzenia i lokalizacji towar\u00f3w w czasie rzeczywistym podczas transportu. Poprawiaj\u0105 wydajno\u015b\u0107 \u0142a\u0144cucha dostaw i upraszczaj\u0105 zarz\u0105dzanie logistyk\u0105, oferuj\u0105c ci\u0105g\u0142\u0105 widoczno\u015b\u0107 przesy\u0142ek.<\/div>\n<\/li>\n<li>\n<div class=\"auto-hide-last-sibling-br paragraph_9dc5f paragraph-element\"><strong>Zarz\u0105dzanie aktywami<\/strong>: Odgrywaj\u0105 zasadnicz\u0105 rol\u0119 w \u015bledzeniu i zarz\u0105dzaniu aktywami firmy, takimi jak maszyny, narz\u0119dzia i sprz\u0119t biurowy. Umo\u017cliwiaj\u0105 szybk\u0105 i dok\u0142adn\u0105 identyfikacj\u0119 i weryfikacj\u0119 aktyw\u00f3w, zmniejszaj\u0105c ryzyko ich utraty, kradzie\u017cy lub zagubienia.<\/div>\n<\/li>\n<li>\n<div class=\"auto-hide-last-sibling-br paragraph_9dc5f paragraph-element\"><strong>Zarz\u0105dzanie \u0142a\u0144cuchem dostaw<\/strong>:Naklejki NFC s\u0142u\u017c\u0105 do \u015bledzenia produkt\u00f3w na ka\u017cdym etapie \u0142a\u0144cucha dostaw, zapewniaj\u0105c przejrzysto\u015b\u0107 i skutecznie zapobiegaj\u0105c wprowadzaniu na rynek towar\u00f3w podrobionych.<\/div>\n<\/li>\n<li>\n<div class=\"auto-hide-last-sibling-br paragraph_9dc5f paragraph-element\"><strong>Zarz\u0105dzanie pojazdami<\/strong>: Naklejki s\u0142u\u017c\u0105 do zarz\u0105dzania flot\u0105 pojazd\u00f3w i pozwalaj\u0105 w prosty spos\u00f3b \u015bledzi\u0107 i monitorowa\u0107 ruch pojazd\u00f3w, co pozwala na efektywn\u0105 optymalizacj\u0119 trasy.<\/div>\n<\/li>\n<li>\n<div class=\"auto-hide-last-sibling-br paragraph_9dc5f paragraph-element\"><strong>Zarz\u0105dzanie magazynem<\/strong>Usprawniaj\u0105 operacje umo\u017cliwiaj\u0105c \u015bledzenie zapas\u00f3w w czasie rzeczywistym, dzi\u0119ki czemu proces zarz\u0105dzania magazynem staje si\u0119 bardzo wydajny.<\/div>\n<\/li>\n<li>\n<div class=\"auto-hide-last-sibling-br paragraph_9dc5f paragraph-element\"><strong>Weryfikacja produktu<\/strong>:Naklejki NFC mog\u0105 s\u0142u\u017cy\u0107 do uwierzytelniania produkt\u00f3w, zapewniaj\u0105c \u0142atwy spos\u00f3b ustalenia, czy produkt jest oryginalny, czy podrobiony.<\/div>\n<\/li>\n<li>\n<div class=\"auto-hide-last-sibling-br paragraph_9dc5f paragraph-element\"><strong>\u015aledzenie aktyw\u00f3w<\/strong>:U\u0142atwiaj\u0105 one \u015bledzenie zasob\u00f3w w czasie rzeczywistym, co jest szczeg\u00f3lnie przydatne w przypadku warto\u015bciowych przedmiot\u00f3w lub wa\u017cnego sprz\u0119tu, kt\u00f3ry jest cz\u0119sto przemieszczany.<\/div>\n<\/li>\n<li>\n<div class=\"auto-hide-last-sibling-br paragraph_9dc5f paragraph-element\"><strong>Zarz\u0105dzanie zapasami<\/strong>Naklejki pomagaj\u0105 w zarz\u0105dzaniu zapasami w magazynach lub sklepach detalicznych, zmniejszaj\u0105c liczb\u0119 r\u0119cznych kontroli i zapewniaj\u0105c dok\u0142adne liczenie.<\/div>\n<\/li>\n<li>\n<div class=\"auto-hide-last-sibling-br paragraph_9dc5f paragraph-element\"><strong>Zap\u0142ata<\/strong>:Naklejki NFC s\u0105 wykorzystywane w transakcjach bezgot\u00f3wkowych, umo\u017cliwiaj\u0105c szybkie i bezpieczne p\u0142atno\u015bci jednym dotkni\u0119ciem, jak np. w systemach p\u0142atno\u015bci za pomoc\u0105 opasek na r\u0119k\u0119.<\/div>\n<\/li>\n<li>\n<div class=\"auto-hide-last-sibling-br paragraph_9dc5f paragraph-element\"><strong>Media spo\u0142eczno\u015bciowe<\/strong>:Naklejki NFC mo\u017cna zaprogramowa\u0107 tak, aby uruchamia\u0142y konta w mediach spo\u0142eczno\u015bciowych lub hashtagi, zapewniaj\u0105c p\u0142ynne korzystanie z medi\u00f3w spo\u0142eczno\u015bciowych za pomoc\u0105 jednego dotkni\u0119cia.<\/div>\n<\/li>\n<li>\n<div class=\"auto-hide-last-sibling-br paragraph_9dc5f paragraph-element\"><strong>Opaski na nadgarstek<\/strong>:Stosowany podczas wydarze\u0144, gdzie niezb\u0119dny jest \u0142atwy dost\u0119p i bezpieczne p\u0142atno\u015bci, takich jak festiwale muzyczne, targi i wydarzenia sportowe.<\/div>\n<\/li>\n<\/ul>\n<div class=\"auto-hide-last-sibling-br paragraph_9dc5f paragraph-element\">Powy\u017csze to tylko migawka wszechstronno\u015bci etykiety Anti Metal NFC NXP Mifare 1k. Mo\u017cliwo\u015bci s\u0105 nieograniczone, a ka\u017cda aplikacja zosta\u0142a zaprojektowana tak, aby zapewni\u0107 dodatkow\u0105 wydajno\u015b\u0107, bezpiecze\u0144stwo i wygod\u0119.<\/div>\n<div><\/div>\n<div>\n<p>Dost\u0119pne s\u0105 r\u00f3wnie\u017c tagi RFID na metalu, kt\u00f3re s\u0105 przeznaczone do stosowania na metalowych obiektach. Tagi te s\u0105 zazwyczaj wykonane ze specjalnym klejem lub metod\u0105 monta\u017cu, aby zapewni\u0107 prawid\u0142owe przymocowanie do metalowej powierzchni bez zak\u0142\u00f3ce\u0144.<\/p>\n<p>Ostatecznie wyb\u00f3r mi\u0119dzy u\u017cyciem tagu RFID antymetalowego a tagu RFID na metalu zale\u017cy od konkretnego zastosowania i rodzaju powierzchni metalowej, na kt\u00f3rej tag b\u0119dzie zamontowany. Wa\u017cne jest, aby dok\u0142adnie rozwa\u017cy\u0107 \u015brodowisko i wymagania systemu RFID, aby zapewni\u0107 optymaln\u0105 wydajno\u015b\u0107.<\/p>\n<\/div>","protected":false},"excerpt":{"rendered":"<p>Etykieta antymetalowa NFC NXP Mifare 1k. Etykieta antymetalowa RFID jest specjalnie zaprojektowana do monta\u017cu na powierzchniach metalowych. Tagi te s\u0105 wykonane ze specjalnego materia\u0142u ekranuj\u0105cego, kt\u00f3ry zapobiega zak\u0142\u00f3caniu funkcjonalno\u015bci tagu przez metal. Umo\u017cliwia to niezawodny i dok\u0142adny odczyt tagu RFID nawet po umieszczeniu go na powierzchniach metalowych.<\/p>","protected":false},"featured_media":351,"template":"","meta":{"_kad_post_transparent":"default","_kad_post_title":"","_kad_post_layout":"default","_kad_post_sidebar_id":"","_kad_post_content_style":"default","_kad_post_vertical_padding":"default","_kad_post_feature":"","_kad_post_feature_position":"","_kad_post_header":false,"_kad_post_footer":false,"_kad_post_classname":""},"product_brand":[],"product_cat":[54],"product_tag":[152,145,144],"class_list":{"0":"post-350","1":"product","2":"type-product","3":"status-publish","4":"has-post-thumbnail","6":"product_cat-hot-selling-rfid-tags","7":"product_tag-anti-metal-nfc-label-nxp-mifare-1k","8":"product_tag-anti-metal-nfc-tag","9":"product_tag-anti-metal-rfid-nfc-sticker","11":"first","12":"instock","13":"shipping-taxable","14":"product-type-simple","15":"entry","16":"content-bg","17":"loop-entry"},"_links":{"self":[{"href":"https:\/\/rfid-laundry-tag.com\/pl\/wp-json\/wp\/v2\/product\/350","targetHints":{"allow":["GET"]}}],"collection":[{"href":"https:\/\/rfid-laundry-tag.com\/pl\/wp-json\/wp\/v2\/product"}],"about":[{"href":"https:\/\/rfid-laundry-tag.com\/pl\/wp-json\/wp\/v2\/types\/product"}],"version-history":[{"count":0,"href":"https:\/\/rfid-laundry-tag.com\/pl\/wp-json\/wp\/v2\/product\/350\/revisions"}],"wp:featuredmedia":[{"embeddable":true,"href":"https:\/\/rfid-laundry-tag.com\/pl\/wp-json\/wp\/v2\/media\/351"}],"wp:attachment":[{"href":"https:\/\/rfid-laundry-tag.com\/pl\/wp-json\/wp\/v2\/media?parent=350"}],"wp:term":[{"taxonomy":"product_brand","embeddable":true,"href":"https:\/\/rfid-laundry-tag.com\/pl\/wp-json\/wp\/v2\/product_brand?post=350"},{"taxonomy":"product_cat","embeddable":true,"href":"https:\/\/rfid-laundry-tag.com\/pl\/wp-json\/wp\/v2\/product_cat?post=350"},{"taxonomy":"product_tag","embeddable":true,"href":"https:\/\/rfid-laundry-tag.com\/pl\/wp-json\/wp\/v2\/product_tag?post=350"}],"curies":[{"name":"wp","href":"https:\/\/api.w.org\/{rel}","templated":true}]}}