{"id":338,"date":"2024-06-28T08:41:45","date_gmt":"2024-06-28T08:41:45","guid":{"rendered":"https:\/\/rfid-laundry-tag.com\/?post_type=product&#038;p=338"},"modified":"2024-07-16T16:20:17","modified_gmt":"2024-07-16T16:20:17","slug":"nxp-mifare-1k-rfid-nfc-inlay-sticker","status":"publish","type":"product","link":"https:\/\/rfid-laundry-tag.com\/pl\/nxp-mifare-1k-rfid-nfc-inlay-sticker\/","title":{"rendered":"Naklejka NXP Mifare 1k RFID NFC Inlay"},"content":{"rendered":"<table class=\"has-title all magic-13\">\n<tbody>\n<tr>\n<td colspan=\"1\" rowspan=\"1\">\n<div class=\"magic-14\" data-spm-anchor-id=\"a2700.details.0.i37.2ec61361oDo4aX\">Nazwa produktu<\/div>\n<\/td>\n<td colspan=\"1\" rowspan=\"1\">\n<div class=\"magic-15\">Naklejka NXP Mifare 1k RFID NFC Inlay<\/div>\n<\/td>\n<\/tr>\n<tr>\n<td colspan=\"1\" rowspan=\"1\">\n<div class=\"magic-14\">\u017beton<\/div>\n<\/td>\n<td colspan=\"1\" rowspan=\"1\">\n<div class=\"magic-15\">MIFARE Classic\u00ae 1K<\/div>\n<\/td>\n<\/tr>\n<tr>\n<td colspan=\"1\" rowspan=\"1\">\n<div class=\"magic-14\">Cz\u0119stotliwo\u015b\u0107<\/div>\n<\/td>\n<td colspan=\"1\" rowspan=\"1\">\n<div class=\"magic-15\">13,56 MHz<\/div>\n<\/td>\n<\/tr>\n<tr>\n<td colspan=\"1\" rowspan=\"1\">\n<div class=\"magic-14\">Odleg\u0142o\u015b\u0107 czytania<\/div>\n<\/td>\n<td colspan=\"1\" rowspan=\"1\">\n<div class=\"magic-15\">1-5 cm<\/div>\n<\/td>\n<\/tr>\n<tr>\n<td colspan=\"1\" rowspan=\"1\">\n<div class=\"magic-14\">Tworzywo<\/div>\n<\/td>\n<td colspan=\"1\" rowspan=\"1\">\n<div class=\"magic-15\">Papier powlekany<\/div>\n<\/td>\n<\/tr>\n<tr>\n<td colspan=\"1\" rowspan=\"1\">\n<div class=\"magic-14\">Pod\u0142o\u017ce<\/div>\n<\/td>\n<td colspan=\"1\" rowspan=\"1\">\n<div class=\"magic-15\">ZWIERZAK DOMOWY<\/div>\n<\/td>\n<\/tr>\n<tr>\n<td colspan=\"1\" rowspan=\"1\">\n<div class=\"magic-14\">\u015arednica 50 mmRozmiar<\/div>\n<\/td>\n<td colspan=\"1\" rowspan=\"1\">\n<div class=\"magic-15\">\u015arednica 25 mm lub personalizacja<\/div>\n<\/td>\n<\/tr>\n<tr>\n<td colspan=\"1\" rowspan=\"1\">\n<div class=\"magic-14\">Tryb pracy<\/div>\n<\/td>\n<td colspan=\"1\" rowspan=\"1\">\n<div class=\"magic-15\">Pasywny<\/div>\n<\/td>\n<\/tr>\n<tr>\n<td colspan=\"1\" rowspan=\"1\">\n<div class=\"magic-14\">Cykle zapisu<\/div>\n<\/td>\n<td colspan=\"1\" rowspan=\"1\">\n<div class=\"magic-15\">100000<\/div>\n<\/td>\n<\/tr>\n<tr>\n<td colspan=\"1\" rowspan=\"1\">\n<div class=\"magic-14\">Temperatura pracy \/ wilgotno\u015b\u0107<\/div>\n<\/td>\n<td colspan=\"1\" rowspan=\"1\">\n<div class=\"magic-15\">-40~70\u2103\/20%~90% wilgotno\u015b\u0107 wzgl\u0119dna<\/div>\n<\/td>\n<\/tr>\n<tr>\n<td colspan=\"1\" rowspan=\"1\">\n<div class=\"magic-14\">Temperatura przechowywania \/ wilgotno\u015b\u0107<\/div>\n<\/td>\n<td colspan=\"1\" rowspan=\"1\">\n<div class=\"magic-15\">-20~50\u2103 \/ 20%~90% RH (bez kondensacji).<\/div>\n<\/td>\n<\/tr>\n<tr>\n<td colspan=\"1\" rowspan=\"1\">\n<div class=\"magic-14\">Dost\u0119pno\u015b\u0107 pr\u00f3bek<\/div>\n<\/td>\n<td colspan=\"1\" rowspan=\"1\">\n<div class=\"magic-15\">Bezp\u0142atne pr\u00f3bki s\u0105 dost\u0119pne na \u017cyczenie<\/div>\n<\/td>\n<\/tr>\n<tr>\n<td colspan=\"1\" rowspan=\"1\">\n<div class=\"magic-14\">Opakowanie<\/div>\n<\/td>\n<td colspan=\"1\" rowspan=\"1\">\n<div class=\"magic-15\">1000-5000 szt.\/rolka, 4 rolki\/karton<\/div>\n<\/td>\n<\/tr>\n<tr>\n<td colspan=\"1\" rowspan=\"1\">\n<div class=\"magic-14\">\n<p>Aplikacja<\/p>\n<div><\/div>\n<\/div>\n<\/td>\n<td colspan=\"1\" rowspan=\"1\">\n<div class=\"magic-15\" data-spm-anchor-id=\"a2700.details.0.i47.2ec61361oDo4aX\">Bezpieczna kontrola wst\u0119pu\/P\u0142atno\u015bci bezgot\u00f3wkowe Programy cz\u0142onkowskie i lojalno\u015bciowe Dost\u0119p do wydarze\u0144 i branding\/Media spo\u0142eczno\u015bciowe\/Sprzeda\u017c detaliczna<br \/>\n\u015arodowisko\/Gry i zabawki Lokalizacja\/Elektronika\/Targi\/Wydarzenia\/Pro\u015bba o telefon\/Wizyt\u00f3wki<\/div>\n<\/td>\n<\/tr>\n<\/tbody>\n<\/table>\n<p>&nbsp;<\/p>\n<p><strong>NXP<sup>\u00ae<\/sup>\u00a0opracowa\u0142 MIFARE<sup>\u00ae<\/sup>\u00a0MF1ICS50 przeznaczony do stosowania w bezstykowych kartach inteligentnych zgodnie z norm\u0105 ISO\/IEC 14443 typu A.<\/strong><\/p>\n<p>Uk\u0142ad scalony MIFARE MF1ICS50 jest stosowany w aplikacjach takich jak sprzeda\u017c bilet\u00f3w w transporcie publicznym, w kt\u00f3rych du\u017ce miasta wybra\u0142y standard MIFARE jako preferowane rozwi\u0105zanie w zakresie bilet\u00f3w elektronicznych.<\/p>\n<p>Inteligentna funkcja antykolizyjna umo\u017cliwia jednoczesne korzystanie z wi\u0119cej ni\u017c jednej karty w terenie. Algorytm antykolizyjny wybiera ka\u017cd\u0105 kart\u0119 indywidualnie i zapewnia, \u017ce wykonanie transakcji wybran\u0105 kart\u0105 jest wykonywane poprawnie, bez uszkodzenia danych spowodowanego obecno\u015bci\u0105 innych kart w terenie.<\/p>\n<p>Karta MF1ICS50 zosta\u0142a zaprojektowana z my\u015bl\u0105 o prostej integracji i wygodzie u\u017cytkownika. Dzi\u0119ki temu mo\u017cliwe jest obs\u0142u\u017cenie kompletnych transakcji biletowych w czasie kr\u00f3tszym ni\u017c 100 ms. Dzi\u0119ki temu u\u017cytkownik karty MF1ICS50 nie musi zatrzymywa\u0107 si\u0119 przy czytniku, co zwi\u0119ksza przepustowo\u015b\u0107 bramek i skraca czas wsiadania do autobus\u00f3w. Karta oparta na produkcie MIFARE mo\u017ce r\u00f3wnie\u017c pozosta\u0107 w portfelu podczas transakcji, nawet je\u015bli znajduj\u0105 si\u0119 w niej monety.<\/p>\n<p>Oto kilka najcz\u0119\u015bciej zadawanych pyta\u0144 dotycz\u0105cych naklejek NXP Mifare 1k RFID NFC:<\/p>\n<ol>\n<li>Czym jest naklejka NXP Mifare 1k RFID NFC?<\/li>\n<\/ol>\n<ul>\n<li>Naklejka inlay zazwyczaj sk\u0142ada si\u0119 z ma\u0142ego chipa RFID\/NFC i anteny osadzonej w cienkiej warstwie klej\u0105cej. NXP Mifare 1k odnosi si\u0119 do konkretnego typu chipa u\u017cywanego we wk\u0142adce.<\/li>\n<\/ul>\n<ol start=\"2\">\n<li>Jakie s\u0105 cechy naklejek NXP Mifare 1k RFID NFC?<\/li>\n<\/ol>\n<ul>\n<li>Uk\u0142ad NXP Mifare 1k jest powszechnie u\u017cywany w aplikacjach takich jak kontrola dost\u0119pu, transport i programy lojalno\u015bciowe. Oferuje 1 kilobajt pami\u0119ci i obs\u0142uguje wiele metod uwierzytelniania w celu bezpiecznego przechowywania danych.<\/li>\n<\/ul>\n<ol start=\"3\">\n<li>W jaki spos\u00f3b mo\u017cna zaprogramowa\u0107 naklejki NXP Mifare 1k RFID NFC?<\/li>\n<\/ol>\n<ul>\n<li>Te naklejki inlay mo\u017cna zaprogramowa\u0107 za pomoc\u0105 urz\u0105dze\u0144 obs\u0142uguj\u0105cych NFC, takich jak smartfony lub dedykowane czytniki RFID\/NFC. Umo\u017cliwia to personalizacj\u0119 danych przechowywanych na chipie, takich jak unikalne identyfikatory lub klucze bezpiecze\u0144stwa.<\/li>\n<\/ul>\n<ol start=\"4\">\n<li>Jakie s\u0105 typowe przypadki u\u017cycia naklejek NXP Mifare 1k RFID NFC?<\/li>\n<\/ol>\n<ul>\n<li>Te naklejki inlay s\u0105 powszechnie u\u017cywane w systemach p\u0142atno\u015bci zbli\u017ceniowych, kartach kontroli dost\u0119pu, rozwi\u0105zaniach biletowych i \u015bledzeniu zapas\u00f3w. S\u0105 wszechstronne i mo\u017cna je zintegrowa\u0107 z r\u00f3\u017cnymi aplikacjami wymagaj\u0105cymi technologii RFID\/NFC.<\/li>\n<\/ul>\n<ol start=\"5\">\n<li>Czy naklejki NXP Mifare 1k RFID NFC s\u0105 bezpieczne?<\/li>\n<\/ol>\n<ul>\n<li>Uk\u0142ad NXP Mifare 1k oferuje wbudowane funkcje bezpiecze\u0144stwa, takie jak szyfrowanie i protoko\u0142y uwierzytelniania, aby zapobiec nieautoryzowanemu dost\u0119powi do danych przechowywanych na uk\u0142adzie. Jednak w\u0142a\u015bciwe wdro\u017cenie \u015brodk\u00f3w bezpiecze\u0144stwa jest wa\u017cne, aby zapewni\u0107 og\u00f3lne bezpiecze\u0144stwo systemu.<\/li>\n<\/ul>","protected":false},"excerpt":{"rendered":"<p>Wk\u0142adka NFC z chipem NFC MIFARE Classic EV1 1K (MF1S503yX). Te wk\u0142adki s\u0105 zaprojektowane tak, aby by\u0142y cienkie i tanie, z chipem i anten\u0105 umieszczonymi twarz\u0105 w d\u00f3\u0142 na kleju. Wk\u0142adka ma 4-bajtowy NUID, a antena jest zazwyczaj wykrywalna po przesuni\u0119ciu palcem po powierzchni.<\/p>","protected":false},"featured_media":339,"template":"","meta":{"_kad_post_transparent":"default","_kad_post_title":"","_kad_post_layout":"default","_kad_post_sidebar_id":"","_kad_post_content_style":"default","_kad_post_vertical_padding":"default","_kad_post_feature":"","_kad_post_feature_position":"","_kad_post_header":false,"_kad_post_footer":false,"_kad_post_classname":""},"product_brand":[],"product_cat":[54,189],"product_tag":[112,147],"class_list":{"0":"post-338","1":"product","2":"type-product","3":"status-publish","4":"has-post-thumbnail","6":"product_cat-hot-selling-rfid-tags","7":"product_cat-rfid-inlay","8":"product_tag-13-56mhz-rfid-inlay","9":"product_tag-nxp-mifare-1k-rfid-nfc-inlay-sticker","11":"first","12":"instock","13":"shipping-taxable","14":"product-type-simple","15":"entry","16":"content-bg","17":"loop-entry"},"_links":{"self":[{"href":"https:\/\/rfid-laundry-tag.com\/pl\/wp-json\/wp\/v2\/product\/338","targetHints":{"allow":["GET"]}}],"collection":[{"href":"https:\/\/rfid-laundry-tag.com\/pl\/wp-json\/wp\/v2\/product"}],"about":[{"href":"https:\/\/rfid-laundry-tag.com\/pl\/wp-json\/wp\/v2\/types\/product"}],"version-history":[{"count":1,"href":"https:\/\/rfid-laundry-tag.com\/pl\/wp-json\/wp\/v2\/product\/338\/revisions"}],"predecessor-version":[{"id":717,"href":"https:\/\/rfid-laundry-tag.com\/pl\/wp-json\/wp\/v2\/product\/338\/revisions\/717"}],"wp:featuredmedia":[{"embeddable":true,"href":"https:\/\/rfid-laundry-tag.com\/pl\/wp-json\/wp\/v2\/media\/339"}],"wp:attachment":[{"href":"https:\/\/rfid-laundry-tag.com\/pl\/wp-json\/wp\/v2\/media?parent=338"}],"wp:term":[{"taxonomy":"product_brand","embeddable":true,"href":"https:\/\/rfid-laundry-tag.com\/pl\/wp-json\/wp\/v2\/product_brand?post=338"},{"taxonomy":"product_cat","embeddable":true,"href":"https:\/\/rfid-laundry-tag.com\/pl\/wp-json\/wp\/v2\/product_cat?post=338"},{"taxonomy":"product_tag","embeddable":true,"href":"https:\/\/rfid-laundry-tag.com\/pl\/wp-json\/wp\/v2\/product_tag?post=338"}],"curies":[{"name":"wp","href":"https:\/\/api.w.org\/{rel}","templated":true}]}}