{"id":336,"date":"2024-06-28T08:18:30","date_gmt":"2024-06-28T08:18:30","guid":{"rendered":"https:\/\/rfid-laundry-tag.com\/?post_type=product&#038;p=336"},"modified":"2024-10-24T15:35:13","modified_gmt":"2024-10-24T15:35:13","slug":"mifare-ultralight-c-rfid-nfc-inlay","status":"publish","type":"product","link":"https:\/\/rfid-laundry-tag.com\/pl\/mifare-ultralight-c-rfid-nfc-inlay\/","title":{"rendered":"Wk\u0142adka NXP Mifare\u00aeUltralight C RFID NFC"},"content":{"rendered":"<div>\n<h1 class=\"auto-hide-last-sibling-br paragraph_9dc5f paragraph-element\"><strong>Wk\u0142adka NXP Mifare Ultralight C RFID NFC<\/strong><\/h1>\n<div><\/div>\n<\/div>\n<div class=\"text-title\"><strong><span class=\"magic-26\" style=\"font-family: Arial;\" data-spm-anchor-id=\"a2700.details.0.i47.6f4d7d7dnursE7\">Wk\u0142ad suchy<\/span><\/strong><\/div>\n<div class=\"text-content\">\n<p><span class=\"magic-6\" style=\"font-family: Arial;\">M\u00f3wi\u0105c pro\u015bciej, RFID dry inlay to po\u0142\u0105czenie chipu RFID i anteny. Mo\u017ce by\u0107 u\u017cywany do produkcji naklejek NFC, etykiet RFID, bilet\u00f3w RFID i r\u00f3\u017cnych tag\u00f3w RFID. <\/span><\/p>\n<div data-spm-anchor-id=\"a2700.details.0.i46.6f4d7d7dnursE7\">\n<p><span class=\"magic-6\" style=\"font-family: Arial;\"> Antena z suchej wk\u0142adki jest aluminiow\u0105 wytrawion\u0105, kt\u00f3ra jest cie\u0144sza w por\u00f3wnaniu do cewki miedzianej. Kszta\u0142t anteny mo\u017ce by\u0107 dostosowany i przeprojektowany na \u017c\u0105danie.<\/span><\/p>\n<p>&nbsp;<\/p>\n<\/div>\n<\/div>\n<div>\n<div class=\"text-title\"><strong><span class=\"magic-26\" style=\"font-family: Arial;\">Mokra intarsja<\/span><\/strong><\/div>\n<div class=\"text-content\">\n<p><span class=\"magic-6\" style=\"font-family: Arial;\" data-spm-anchor-id=\"a2700.details.0.i49.6f4d7d7dnursE7\">Sucha wk\u0142adka RFID dodana klejem nazywana jest mokr\u0105 wk\u0142adk\u0105. Mo\u017ce by\u0107 u\u017cywana bezpo\u015brednio jako etykieta RFID lub naklejka NFC, je\u015bli nie potrzebujesz \u017cadnego nadruku na powierzchni. Przyklejenie do obiekt\u00f3w mo\u017ce zaoszcz\u0119dzi\u0107 koszty i osi\u0105gn\u0105\u0107 ten sam cel. Jest r\u00f3wnie\u017c szeroko stosowana w produkcji tag\u00f3w RFID. Antena mokrej wk\u0142adki to trawienie aluminium, kt\u00f3re jest cie\u0144sze w por\u00f3wnaniu do cewki miedzianej. Kszta\u0142t anteny mo\u017cna dostosowa\u0107 i przeprojektowa\u0107 na \u017c\u0105danie.<\/span><\/p>\n<h2>Wk\u0142adka NXP Mifare\u00aeUltralight C RFID NFC<\/h2>\n<div><\/div>\n<div data-spm-anchor-id=\"a2700.details.0.i48.6f4d7d7dnursE7\">\n<table class=\"hight-light-first-column all magic-14\">\n<tbody>\n<tr>\n<td colspan=\"1\" rowspan=\"1\">\n<div class=\"magic-15\"><b>Tworzywo<\/b><\/div>\n<\/td>\n<td colspan=\"1\" rowspan=\"1\">\n<div class=\"magic-16\" data-spm-anchor-id=\"a2700.details.0.i34.21f6414cWQ4Zrf\">Papier \/Papier termiczny\/Tkanina\/PVC\/PET<\/div>\n<\/td>\n<\/tr>\n<tr>\n<td colspan=\"1\" rowspan=\"1\">\n<div class=\"magic-15\"><b>Rozmiar<\/b><\/div>\n<\/td>\n<td colspan=\"1\" rowspan=\"1\">\n<div class=\"magic-16\">18*56mm, 25*25mm, 30*30mm, 40*40mm, \u015brednica 18mm, \u015brednica 20mm, \u015brednica 22mm, \u015brednica 25mm lub niestandardowy rozmiar.<\/div>\n<\/td>\n<\/tr>\n<tr>\n<td colspan=\"1\" rowspan=\"1\">\n<div class=\"magic-15\"><b>Druk<\/b><\/div>\n<\/td>\n<td colspan=\"1\" rowspan=\"1\">\n<div class=\"magic-16\">Nie ma potrzeby drukowania<\/div>\n<\/td>\n<\/tr>\n<tr>\n<td colspan=\"1\" rowspan=\"1\">\n<div class=\"magic-15\"><b>Dost\u0119pny Chip<\/b><\/div>\n<\/td>\n<td colspan=\"1\" rowspan=\"1\">\n<div class=\"magic-16\">\n<p><strong>Mifare Ultralight C <\/strong><\/p>\n<\/div>\n<\/td>\n<\/tr>\n<tr>\n<td colspan=\"1\" rowspan=\"1\">\n<div class=\"magic-21\"><b>Protok\u00f3\u0142:<\/b><\/div>\n<\/td>\n<td colspan=\"4\" rowspan=\"1\">\n<div class=\"magic-22\">ISO\/IEC 14443 Typ A<\/div>\n<\/td>\n<\/tr>\n<tr>\n<td colspan=\"1\" rowspan=\"1\">\n<div class=\"magic-26\"><b>Rzemie\u015blnictwo:<\/b><\/div>\n<\/td>\n<td colspan=\"4\" rowspan=\"1\">\n<div class=\"magic-22\" data-spm-anchor-id=\"a2700.details.0.i33.21f6414cWQ4Zrf\">Drukowanie kod\u00f3w kreskowych, kod\u00f3w QR itp.<\/div>\n<\/td>\n<\/tr>\n<\/tbody>\n<\/table>\n<p>&nbsp;<\/p>\n<\/div>\n<p>NXP<sup>\u00ae<\/sup>\u00a0Semiconductors opracowa\u0142o uk\u0142ad scalony MIFARE Ultralight C \u2013 Contactless ticket IC MF0ICU2, kt\u00f3ry ma by\u0107 stosowany w bezstykowym bilecie inteligentnym lub karcie inteligentnej w po\u0142\u0105czeniu z urz\u0105dzeniami sprz\u0119gaj\u0105cymi zbli\u017ceniowo (PCD). Warstwa komunikacyjna (MIFARE<sup>\u00ae<\/sup>\u00a0RF Interface) jest zgodny z cz\u0119\u015bciami 2 i 3 normy ISO\/IEC 14443 typu A. MF0ICU2 jest przeznaczony g\u0142\u00f3wnie do zastosowa\u0144 o ograniczonym zastosowaniu, takich jak transport publiczny, sprzeda\u017c bilet\u00f3w na imprezy i aplikacje lojalno\u015bciowe.<\/p>\n<h3>Bezkontaktowy przesy\u0142 energii i danych<\/h3>\n<p>W systemie MIFARE MF0ICU2 jest pod\u0142\u0105czony do cewki z kilkoma zwojami. MF0ICU2 pasuje do format\u00f3w bilet\u00f3w TFC.0 (Edmonson) i TFC.1 zgodnie z definicj\u0105 w EN 753-2.<\/p>\n<p>Formaty bilet\u00f3w TFC.1 obs\u0142ugiwane s\u0105 przez uk\u0142ad MF0xxU20 wyposa\u017cony w kondensator rezonansowy o pojemno\u015bci 16 pF.<\/p>\n<p>Mniejsze karty TFC.0 obs\u0142ugiwane s\u0105 przez uk\u0142ad scalony MFxxU21, zawieraj\u0105cy wbudowany kondensator rezonansowy o pojemno\u015bci 50 pF.<\/p>\n<p>Po umieszczeniu biletu w pobli\u017cu anteny urz\u0105dzenia sprz\u0119gaj\u0105cego (PCD), szybki interfejs komunikacyjny RF umo\u017cliwia transmisj\u0119 danych z szybko\u015bci\u0105 transmisji 106 kbit\/s.<\/p>\n<h3>Antykolizyjny<\/h3>\n<p>Inteligentna funkcja antykolizyjna umo\u017cliwia jednoczesne korzystanie z wi\u0119cej ni\u017c jednej karty w terenie. Algorytm antykolizyjny wybiera ka\u017cd\u0105 kart\u0119 indywidualnie i zapewnia, \u017ce wykonanie transakcji wybran\u0105 kart\u0105 jest wykonywane prawid\u0142owo, bez zak\u0142\u00f3ce\u0144 ze strony innej karty w terenie.<\/p>\n<p>Funkcja antykolizyjna opiera si\u0119 na indywidualnym numerze seryjnym IC zwanym Unique IDentification. UID MF0ICU2 ma d\u0142ugo\u015b\u0107 7 bajt\u00f3w i obs\u0142uguje poziom kaskady 2 zgodnie z norm\u0105 ISO\/IEC 14443-3.<\/p>\n<h3>Bezpiecze\u0144stwo<\/h3>\n<ul>\n<li>Uwierzytelnianie 3DES<\/li>\n<li>Wsparcie antyklonowania dzi\u0119ki unikalnemu 7-bajtowemu numerowi seryjnemu dla ka\u017cdego urz\u0105dzenia<\/li>\n<li>32-bitowy programowalny przez u\u017cytkownika obszar OTP<\/li>\n<li>Programowalna w terenie funkcja blokowania tylko do odczytu na stron\u0119 dla pierwszych 512 bit\u00f3w<\/li>\n<li>Blokada tylko do odczytu dla bloku pami\u0119ci powy\u017cej 512 bit\u00f3w<\/li>\n<\/ul>\n<h3>Cechy<\/h3>\n<div id=\"featuresXsp\" class=\"features-list\">\n<div class=\"features-xsp\">\n<div class=\"collapse-mobile ste-list\">\n<h3>Interfejs RF MIFARE (ISO\/IEC 14443 A)<\/h3>\n<ul class=\"boxes\">\n<li>Bezkontaktowa transmisja danych i zasilanie energi\u0105<\/li>\n<li>Cz\u0119stotliwo\u015b\u0107 pracy 13,56 MHz<\/li>\n<li>Integralno\u015b\u0107 danych 16-bitowego CRC, parzysto\u015b\u0107, kodowanie bit\u00f3w, liczenie bit\u00f3w<\/li>\n<li>7-bajtowy numer seryjny (poziom kaskadowy 2 zgodnie z norm\u0105 ISO\/IEC 14443-3)<\/li>\n<li>Szybka transakcja licznikowa: &lt; 10 ms<\/li>\n<li>Zasi\u0119g dzia\u0142ania do 100 mm w zale\u017cno\u015bci od geometrii anteny i konfiguracji czytnika<\/li>\n<li>Transfer danych 106 kbit\/s<\/li>\n<li>Prawdziwe zabezpieczenie antykolizyjne<\/li>\n<li>Typowa transakcja biletowa: &lt; 35 ms<\/li>\n<\/ul>\n<\/div>\n<div class=\"collapse-mobile ste-list\">\n<h3>EEPROM<\/h3>\n<ul class=\"boxes\">\n<li>Ca\u0142kowita pami\u0119\u0107 1536-bitowa<\/li>\n<li>36 stron, 1152-bitowy obszar u\u017cytkownika r\/w<\/li>\n<li>Programowalna w terenie funkcja blokowania tylko do odczytu na stron\u0119 dla pierwszych 512 bit\u00f3w<\/li>\n<li>32-bitowy obszar programowalny jednorazowo (OTP) definiowany przez u\u017cytkownika<\/li>\n<li>Okres przechowywania danych 10 lat<\/li>\n<li>512-bitowy kompatybilny z MF0ICU1<\/li>\n<li>Funkcja blokowania tylko do odczytu, programowalna w terenie na blok<\/li>\n<li>16-bitowy licznik jednokierunkowy<\/li>\n<li>Napisz wytrzyma\u0142o\u015b\u0107 100000 cykli<\/li>\n<\/ul>\n<\/div>\n<\/div>\n<\/div>\n<p><span class=\"AnswerParser_TextContainer__z_Iiv\" data-testid=\"youchat-text\">Ten <strong>NXP MIFARE\u00ae Ultralekki C<\/strong>\u00a0Wk\u0142adka RFID NFC to najnowocze\u015bniejsze rozwi\u0105zanie przeznaczone do r\u00f3\u017cnych zastosowa\u0144 bezkontaktowych, w tym inteligentnego biletowania, zarz\u0105dzania wydarzeniami i uwierzytelniania produkt\u00f3w. Dzi\u0119ki kompaktowej konstrukcji i solidnym funkcjom ta wk\u0142adka jest idealna dla firm, kt\u00f3re chc\u0105 ulepszy\u0107 do\u015bwiadczenia klient\u00f3w, zapewniaj\u0105c jednocze\u015bnie bezpiecze\u0144stwo i wydajno\u015b\u0107.<\/span><\/p>\n<h2 class=\"AnswerParser_AnswerParserH2__SIHnF\">Przegl\u0105d NXP MIFARE\u00ae Ultralight C<\/h2>\n<p><span class=\"AnswerParser_TextContainer__z_Iiv\" data-testid=\"youchat-text\">MIFARE Ultralight C to niezwykle wszechstronna wk\u0142adka NFC dzia\u0142aj\u0105ca na\u00a0<strong>ISO 14443 Typ A<\/strong>\u00a0standard. Wyposa\u017cony jest w\u00a0<strong>Pami\u0119\u0107 192-bajtowa<\/strong>\u00a0i wspiera\u00a0<strong>Szyfrowanie 3DES<\/strong>, dzi\u0119ki czemu nadaje si\u0119 do bezpiecznych transakcji i przechowywania danych. Ta wk\u0142adka jest szczeg\u00f3lnie popularna w bran\u017cy biletowej, gdzie szybki i niezawodny dost\u0119p jest niezb\u0119dny.<\/span><\/p>\n<h3 class=\"AnswerParser_AnswerParserH3__Mpe4s\">G\u0142\u00f3wne zalety NXP MIFARE\u00ae Ultralight C<\/h3>\n<ul class=\"AnswerParser_AnswerParserUnorderedList__P_1FW\">\n<li class=\"AnswerParser_ListItem__XqLOV\" translate=\"yes\"><strong>Zwi\u0119kszone bezpiecze\u0144stwo<\/strong>:Dzi\u0119ki wbudowanemu szyfrowaniu 3DES karta MIFARE Ultralight C gwarantuje ochron\u0119 danych przed nieautoryzowanym dost\u0119pem, co czyni j\u0105 idealn\u0105 do zastosowa\u0144 wymagaj\u0105cych wysokiego poziomu bezpiecze\u0144stwa.<\/li>\n<li class=\"AnswerParser_ListItem__XqLOV\" translate=\"yes\"><strong>Kompaktowy i lekki<\/strong>:Niewielkie rozmiary wk\u0142adki pozwalaj\u0105 na \u0142atw\u0105 integracj\u0119 z r\u00f3\u017cnymi produktami, w tym opaskami na r\u0119k\u0119, kartami i etykietami, bez uszczerbku dla wydajno\u015bci.<\/li>\n<li class=\"AnswerParser_ListItem__XqLOV\" translate=\"yes\"><strong>Rozwi\u0105zanie ekonomiczne<\/strong>:Karta MIFARE Ultralight C to ekonomiczna opcja dla firm, kt\u00f3re chc\u0105 wdro\u017cy\u0107 technologi\u0119 NFC bez po\u015bwi\u0119cania jako\u015bci lub funkcjonalno\u015bci.<\/li>\n<\/ul>\n<h2 class=\"AnswerParser_AnswerParserH2__SIHnF\">Cechy karty NXP MIFARE\u00ae Ultralight C<\/h2>\n<h3 class=\"AnswerParser_AnswerParserH3__Mpe4s\">1. Pami\u0119\u0107 i przechowywanie danych<\/h3>\n<p><span class=\"AnswerParser_TextContainer__z_Iiv\" data-testid=\"youchat-text\">MIFARE Ultralight C charakteryzuje si\u0119:\u00a0<strong>Pami\u0119\u0107 192-bajtowa<\/strong>, co jest wystarczaj\u0105ce do przechowywania istotnych danych, takich jak unikalne identyfikatory, adresy URL lub niewielkie ilo\u015bci informacji o u\u017cytkowniku. Ta pojemno\u015b\u0107 pami\u0119ci umo\u017cliwia wszechstronne zastosowania, od prostych etykiet produkt\u00f3w po z\u0142o\u017cone systemy biletowe.<\/span><\/p>\n<h3 class=\"AnswerParser_AnswerParserH3__Mpe4s\">2. Protok\u00f3\u0142 bezpiecze\u0144stwa<\/h3>\n<p><span class=\"AnswerParser_TextContainer__z_Iiv\" data-testid=\"youchat-text\">Jedn\u0105 z wyr\u00f3\u017cniaj\u0105cych si\u0119 cech karty MIFARE Ultralight C jest obs\u0142uga\u00a0<strong>Szyfrowanie 3DES<\/strong>Ten zaawansowany protok\u00f3\u0142 bezpiecze\u0144stwa zapewnia, \u017ce poufne dane pozostaj\u0105 chronione podczas transmisji, dzi\u0119ki czemu nadaje si\u0119 do zastosowa\u0144 w bezpiecznych \u015brodowiskach, takich jak transport publiczny i bilety na wydarzenia.<\/span><\/p>\n<h3 class=\"AnswerParser_AnswerParserH3__Mpe4s\">3. Zgodno\u015b\u0107<\/h3>\n<p><span class=\"AnswerParser_TextContainer__z_Iiv\" data-testid=\"youchat-text\">Karta MIFARE Ultralight C jest kompatybilna z szerok\u0105 gam\u0105 urz\u0105dze\u0144 obs\u0142uguj\u0105cych NFC, w tym smartfon\u00f3w i czytnik\u00f3w zbli\u017ceniowych. Ta kompatybilno\u015b\u0107 zapewnia bezproblemow\u0105 integracj\u0119 z istniej\u0105cymi systemami, umo\u017cliwiaj\u0105c firmom modernizacj\u0119 technologii bez znacz\u0105cych zmian w infrastrukturze.<\/span><\/p>\n<h2 class=\"AnswerParser_AnswerParserH2__SIHnF\">Zastosowania NXP MIFARE\u00ae Ultralight C<\/h2>\n<h3 class=\"AnswerParser_AnswerParserH3__Mpe4s\">1. Inteligentne bilety<\/h3>\n<p><span class=\"AnswerParser_TextContainer__z_Iiv\" data-testid=\"youchat-text\">Karta MIFARE Ultralight C jest szeroko stosowana w bran\u017cy inteligentnych bilet\u00f3w, gdzie u\u0142atwia szybki i wydajny dost\u0119p do system\u00f3w transportu publicznego, wydarze\u0144 i atrakcji. Jej szybkie czasy odczytu i niezawodna wydajno\u015b\u0107 sprawiaj\u0105, \u017ce jest idealnym wyborem do miejsc o du\u017cym nat\u0119\u017ceniu ruchu.<\/span><\/p>\n<h3 class=\"AnswerParser_AnswerParserH3__Mpe4s\">2. Uwierzytelnianie produktu<\/h3>\n<p><span class=\"AnswerParser_TextContainer__z_Iiv\" data-testid=\"youchat-text\">W czasach, gdy podrabianie jest powa\u017cnym problemem, MIFARE Ultralight C zapewnia niezawodne rozwi\u0105zanie do uwierzytelniania produkt\u00f3w. Dzi\u0119ki umieszczaniu tych wk\u0142adek w produktach firmy mog\u0105 mie\u0107 pewno\u015b\u0107, \u017ce klienci otrzymuj\u0105 oryginalne produkty, zwi\u0119kszaj\u0105c zaufanie do marki i lojalno\u015b\u0107.<\/span><\/p>\n<h3 class=\"AnswerParser_AnswerParserH3__Mpe4s\">3. Programy lojalno\u015bciowe<\/h3>\n<p><span class=\"AnswerParser_TextContainer__z_Iiv\" data-testid=\"youchat-text\">Firmy mog\u0105 wykorzysta\u0107 MIFARE Ultralight C w programach lojalno\u015bciowych, umo\u017cliwiaj\u0105c klientom \u0142atwe zbieranie punkt\u00f3w lub nagr\u00f3d za pomoc\u0105 prostego dotkni\u0119cia urz\u0105dze\u0144 z obs\u0142ug\u0105 NFC. Ta wygoda zach\u0119ca klient\u00f3w do zaanga\u017cowania i powtarzania transakcji.<\/span><\/p>\n<\/div>\n<\/div>","protected":false},"excerpt":{"rendered":"<p>NXP Mifare\u00aeUltralight C RFID NFC Inlay lub Transponder, rodzaj niedoko\u0144czonego komponentu, mo\u017ce zosta\u0107 przekszta\u0142cony w r\u00f3\u017cne przedmioty, takie jak bilety, odznaki, etykiety lub karty. Jednocze\u015bnie te wk\u0142adki HF NFC RFID mog\u0105 by\u0107 produkowane w r\u00f3\u017cnych rozmiarach, dostosowanych do Twoich konkretnych potrzeb.<\/p>","protected":false},"featured_media":337,"template":"","meta":{"_kad_post_transparent":"default","_kad_post_title":"","_kad_post_layout":"default","_kad_post_sidebar_id":"","_kad_post_content_style":"default","_kad_post_vertical_padding":"default","_kad_post_feature":"","_kad_post_feature_position":"","_kad_post_header":false,"_kad_post_footer":false,"_kad_post_classname":""},"product_brand":[],"product_cat":[54,189],"product_tag":[112,215,146],"class_list":{"0":"post-336","1":"product","2":"type-product","3":"status-publish","4":"has-post-thumbnail","6":"product_cat-hot-selling-rfid-tags","7":"product_cat-rfid-inlay","8":"product_tag-13-56mhz-rfid-inlay","9":"product_tag-mifareultralight-c-rfid-nfc-inlay","10":"product_tag-nxp-mifareultralight-c-rfid-nfc-inlay","12":"first","13":"instock","14":"shipping-taxable","15":"product-type-simple","16":"entry","17":"content-bg","18":"loop-entry"},"_links":{"self":[{"href":"https:\/\/rfid-laundry-tag.com\/pl\/wp-json\/wp\/v2\/product\/336","targetHints":{"allow":["GET"]}}],"collection":[{"href":"https:\/\/rfid-laundry-tag.com\/pl\/wp-json\/wp\/v2\/product"}],"about":[{"href":"https:\/\/rfid-laundry-tag.com\/pl\/wp-json\/wp\/v2\/types\/product"}],"version-history":[{"count":4,"href":"https:\/\/rfid-laundry-tag.com\/pl\/wp-json\/wp\/v2\/product\/336\/revisions"}],"predecessor-version":[{"id":2772,"href":"https:\/\/rfid-laundry-tag.com\/pl\/wp-json\/wp\/v2\/product\/336\/revisions\/2772"}],"wp:featuredmedia":[{"embeddable":true,"href":"https:\/\/rfid-laundry-tag.com\/pl\/wp-json\/wp\/v2\/media\/337"}],"wp:attachment":[{"href":"https:\/\/rfid-laundry-tag.com\/pl\/wp-json\/wp\/v2\/media?parent=336"}],"wp:term":[{"taxonomy":"product_brand","embeddable":true,"href":"https:\/\/rfid-laundry-tag.com\/pl\/wp-json\/wp\/v2\/product_brand?post=336"},{"taxonomy":"product_cat","embeddable":true,"href":"https:\/\/rfid-laundry-tag.com\/pl\/wp-json\/wp\/v2\/product_cat?post=336"},{"taxonomy":"product_tag","embeddable":true,"href":"https:\/\/rfid-laundry-tag.com\/pl\/wp-json\/wp\/v2\/product_tag?post=336"}],"curies":[{"name":"wp","href":"https:\/\/api.w.org\/{rel}","templated":true}]}}