{"id":334,"date":"2024-06-28T08:07:22","date_gmt":"2024-06-28T08:07:22","guid":{"rendered":"https:\/\/rfid-laundry-tag.com\/?post_type=product&#038;p=334"},"modified":"2024-06-28T08:17:53","modified_gmt":"2024-06-28T08:17:53","slug":"rfid-ntag213-nfc-coin-tag","status":"publish","type":"product","link":"https:\/\/rfid-laundry-tag.com\/pl\/rfid-ntag213-nfc-coin-tag\/","title":{"rendered":"Etykieta na monety RFID Ntag213 NFC"},"content":{"rendered":"<p><strong>Etykieta na monety RFID Ntag213 NFC<\/strong><\/p>\n<p style=\"text-align: left;\">Najwa\u017cniejsze informacje: Waferproof i trwa\u0142y.<\/p>\n<p style=\"text-align: left;\">Dopuszcza si\u0119 mo\u017cliwo\u015b\u0107 personalizacji rozmiaru i logo.<\/p>\n<p style=\"text-align: left;\">Nadruk: kolor bia\u0142y lub niestandardowe logo<\/p>\n<p style=\"text-align: left;\">Rozmiar: \u015arednica 25 mm, 30 mm<\/p>\n<p style=\"text-align: left;\">Minimalna ilo\u015b\u0107: 1000szt.<\/p>\n<p style=\"text-align: left;\">Chipy: Ntag213, Ntag215, Ntag216 itp.<\/p>\n<p style=\"text-align: left;\">Dodatkowe funkcje: logo, drukowany numer seryjny, kod QR, kody kreskowe, dane zmienne, serializacja itp.<\/p>\n<table border=\"1\" cellspacing=\"0\" cellpadding=\"0\">\n<tbody>\n<tr>\n<td colspan=\"2\">\n<p align=\"left\">Specyfikacje<\/p>\n<\/td>\n<\/tr>\n<tr>\n<td>\n<p align=\"left\">Typ etykiety\/chipa<\/p>\n<\/td>\n<td>\n<p align=\"left\">NXP Ntag213<\/p>\n<\/td>\n<\/tr>\n<tr>\n<td>\n<p align=\"left\">Cz\u0119stotliwo\u015b\u0107 pracy<\/p>\n<\/td>\n<td>\n<p align=\"left\">13,56MHz<\/p>\n<\/td>\n<\/tr>\n<tr>\n<td>\n<p align=\"left\">Zakres odczytu testowanego<\/p>\n<\/td>\n<td>\n<p align=\"left\">0 \u2013 100 mm w zale\u017cno\u015bci od mocy dostarczanej przez czytnik<\/p>\n<\/td>\n<\/tr>\n<tr>\n<td>\n<p align=\"left\">Wielokrotne wykrywanie<\/p>\n<\/td>\n<td>\n<p align=\"left\">Tak<\/p>\n<\/td>\n<\/tr>\n<tr>\n<td>\n<p align=\"left\">Rozmiar<\/p>\n<\/td>\n<td>\u015arednica 25mm<\/td>\n<\/tr>\n<tr>\n<td>\n<p align=\"left\">Tworzywo<\/p>\n<\/td>\n<td>\n<p align=\"left\">PVC \/ PET \/ Antena itp.<\/p>\n<\/td>\n<\/tr>\n<tr>\n<td>\n<p align=\"left\">Protok\u00f3\u0142:<\/p>\n<\/td>\n<td>\n<p align=\"left\">ISO14443A<\/p>\n<\/td>\n<\/tr>\n<tr>\n<td>\n<p align=\"left\">Specyfikacja \u015brodowiskowa<\/p>\n<\/td>\n<td>\n<p align=\"left\">Okres przydatno\u015bci 5 lat<\/p>\n<p align=\"left\">Zalecane: -25C do +50C<\/p>\n<p align=\"left\">Warunki przechowywania: 20% do 90%RH<\/p>\n<p align=\"left\">Temperatura pracy: -40C do +65C<\/p>\n<\/td>\n<\/tr>\n<tr>\n<td>\n<p align=\"left\">Czas odczytu\/zapisu:<\/p>\n<\/td>\n<td>\n<p align=\"left\">100000 razy<\/p>\n<\/td>\n<\/tr>\n<tr>\n<td>\n<p align=\"left\">Aplikacja:<\/p>\n<\/td>\n<td>\n<p align=\"left\" data-spm-anchor-id=\"a2700.wholesale.0.i54.a0d8206fLph15n\">Transport publiczny, zarz\u0105dzanie dost\u0119pem, bilety elektroniczne, logistyka i zarz\u0105dzanie dostawami, produkcja i monta\u017c, etykietowanie szyb samochodowych, \u015bledzenie dokument\u00f3w, zarz\u0105dzanie pralni\u0105, zarz\u0105dzanie bibliotek\u0105, identyfikacja zwierz\u0105t itd.<\/p>\n<\/td>\n<\/tr>\n<\/tbody>\n<\/table>\n<p>&nbsp;<\/p>\n<p>Ten tag RFID NFC z klejem wydaje si\u0119 by\u0107 solidnym i niezawodnym produktem, zw\u0142aszcza z cechami, o kt\u00f3rych wspomnia\u0142e\u015b. W\u0142\u0105czenie materia\u0142\u00f3w antymetalowych, kleju 3M i spawania ultrad\u017awi\u0119kowego zwi\u0119ksza jego wydajno\u015b\u0107 na powierzchniach metalowych i zapewnia wodoodporno\u015b\u0107 i odporno\u015b\u0107 na odrzut. Zastosowanie cewki z czystego drutu miedzianego dla stabilno\u015bci cz\u0119stotliwo\u015bci jest doskona\u0142ym wyborem, poniewa\u017c umo\u017cliwia sta\u0142e odleg\u0142o\u015bci odczytu kart nawet w trudnych warunkach. Og\u00f3lnie rzecz bior\u0105c, ta technologia powinna zapewni\u0107 niezawodn\u0105 i sp\u00f3jn\u0105 wydajno\u015b\u0107, dzi\u0119ki czemu nadaje si\u0119 do trudnych warunk\u00f3w.<\/p>\n<p>Tag RFID Ntag213 NFC jest popularnym wyborem do r\u00f3\u017cnych zastosowa\u0144, w tym \u015bledzenia aktyw\u00f3w, kontroli dost\u0119pu i p\u0142atno\u015bci bezstykowych. \u0141\u0105czy zalety technologii RFID z mo\u017cliwo\u015bciami Near Field Communication (NFC), umo\u017cliwiaj\u0105c bezproblemow\u0105 komunikacj\u0119 z kompatybilnymi urz\u0105dzeniami w bliskiej odleg\u0142o\u015bci.<\/p>\n<p>Chip Ntag213 wbudowany w tag monety oferuje takie funkcje, jak funkcja antykolizyjna, szybkie pr\u0119dko\u015bci przesy\u0142u danych i kompatybilno\u015b\u0107 z szerok\u0105 gam\u0105 urz\u0105dze\u0144 obs\u0142uguj\u0105cych NFC. Niewielkie rozmiary tagu monety, zazwyczaj wykonanego z PVC lub przezroczystego materia\u0142u PVC, u\u0142atwiaj\u0105 instalacj\u0119 na aktywach i zapewniaj\u0105 trwa\u0142o\u015b\u0107 do u\u017cytku wewn\u0105trz i na zewn\u0105trz. Ponadto jego wodoodporna konstrukcja zapewnia niezawodn\u0105 wydajno\u015b\u0107 w r\u00f3\u017cnych warunkach \u015brodowiskowych.<\/p>\n<p>Og\u00f3lnie rzecz bior\u0105c, tag na monety RFID Ntag213 NFC to wszechstronne i niezawodne rozwi\u0105zanie umo\u017cliwiaj\u0105ce wdro\u017cenie technologii RFID i NFC w \u015bledzeniu zasob\u00f3w i innych zastosowaniach wymagaj\u0105cych bezpiecznej i wydajnej wymiany danych.<\/p>","protected":false},"excerpt":{"rendered":"<p>Tag monetowy Ntag213 NFC to solidny wyb\u00f3r do \u015bledzenia aktyw\u00f3w ze wzgl\u0119du na niewielkie rozmiary, \u0142atwo\u015b\u0107 instalacji i trwa\u0142o\u015b\u0107. Z materia\u0142em PVC lub PET, pami\u0119\u0107 chipa wynosi 144 bajty.<\/p>","protected":false},"featured_media":335,"template":"","meta":{"_kad_post_transparent":"default","_kad_post_title":"","_kad_post_layout":"default","_kad_post_sidebar_id":"","_kad_post_content_style":"default","_kad_post_vertical_padding":"default","_kad_post_feature":"","_kad_post_feature_position":"","_kad_post_header":false,"_kad_post_footer":false,"_kad_post_classname":""},"product_brand":[],"product_cat":[54],"product_tag":[145,144],"class_list":{"0":"post-334","1":"product","2":"type-product","3":"status-publish","4":"has-post-thumbnail","6":"product_cat-hot-selling-rfid-tags","7":"product_tag-anti-metal-nfc-tag","8":"product_tag-anti-metal-rfid-nfc-sticker","10":"first","11":"instock","12":"shipping-taxable","13":"product-type-simple","14":"entry","15":"content-bg","16":"loop-entry"},"_links":{"self":[{"href":"https:\/\/rfid-laundry-tag.com\/pl\/wp-json\/wp\/v2\/product\/334","targetHints":{"allow":["GET"]}}],"collection":[{"href":"https:\/\/rfid-laundry-tag.com\/pl\/wp-json\/wp\/v2\/product"}],"about":[{"href":"https:\/\/rfid-laundry-tag.com\/pl\/wp-json\/wp\/v2\/types\/product"}],"version-history":[{"count":0,"href":"https:\/\/rfid-laundry-tag.com\/pl\/wp-json\/wp\/v2\/product\/334\/revisions"}],"wp:featuredmedia":[{"embeddable":true,"href":"https:\/\/rfid-laundry-tag.com\/pl\/wp-json\/wp\/v2\/media\/335"}],"wp:attachment":[{"href":"https:\/\/rfid-laundry-tag.com\/pl\/wp-json\/wp\/v2\/media?parent=334"}],"wp:term":[{"taxonomy":"product_brand","embeddable":true,"href":"https:\/\/rfid-laundry-tag.com\/pl\/wp-json\/wp\/v2\/product_brand?post=334"},{"taxonomy":"product_cat","embeddable":true,"href":"https:\/\/rfid-laundry-tag.com\/pl\/wp-json\/wp\/v2\/product_cat?post=334"},{"taxonomy":"product_tag","embeddable":true,"href":"https:\/\/rfid-laundry-tag.com\/pl\/wp-json\/wp\/v2\/product_tag?post=334"}],"curies":[{"name":"wp","href":"https:\/\/api.w.org\/{rel}","templated":true}]}}