{"id":332,"date":"2024-06-28T07:49:21","date_gmt":"2024-06-28T07:49:21","guid":{"rendered":"https:\/\/rfid-laundry-tag.com\/?post_type=product&#038;p=332"},"modified":"2024-06-28T08:02:32","modified_gmt":"2024-06-28T08:02:32","slug":"waterproof-pvc-ntag215-coin-nfc-tag","status":"publish","type":"product","link":"https:\/\/rfid-laundry-tag.com\/pl\/waterproof-pvc-ntag215-coin-nfc-tag\/","title":{"rendered":"Wodoodporny znacznik NFC na monet\u0119 PVC Ntag215"},"content":{"rendered":"<p><strong>Wodoodporny znacznik NFC na monet\u0119 PVC Ntag215<\/strong><\/p>\n<p>Ten <strong>Tag NFC monety Ntag215<\/strong>wykonany z PVC (lub przezroczystego PVC) jest doskona\u0142ym rozwi\u0105zaniem do \u015bledzenia aktyw\u00f3w ze wzgl\u0119du na:<\/p>\n<ul>\n<li><strong>Ma\u0142y rozmiar:<\/strong>\u00a0\u0141atwa instalacja na r\u00f3\u017cnych zasobach bez zwi\u0119kszania obj\u0119to\u015bci.<\/li>\n<li><strong>Wodoodporna konstrukcja:<\/strong>\u00a0Nadaje si\u0119 do zastosowa\u0144 wewn\u0105trz i na zewn\u0105trz, nawet w trudnych warunkach.<\/li>\n<li><strong>Wbudowany uk\u0142ad NFC 13,56 MHz:<\/strong>\u00a0Umo\u017cliwia niezawodny przesy\u0142 danych i komunikacj\u0119 z czytnikami RFID.<\/li>\n<\/ul>\n<p><strong>G\u0142\u00f3wne cechy:<\/strong><\/p>\n<ul>\n<li><strong>Tworzywo:<\/strong>\u00a0PVC (lub przezroczyste PVC)<\/li>\n<li><strong>\u017beton:<\/strong>\u00a0Ntag215<\/li>\n<li><strong>Cz\u0119stotliwo\u015b\u0107:<\/strong>\u00a013,56MHz<\/li>\n<li><strong>Wodoodporny:<\/strong>\u00a0Tak<\/li>\n<li><strong>Zastosowania:<\/strong>\u00a0\u015aledzenie zasob\u00f3w, zarz\u0105dzanie zapasami, kontrola dost\u0119pu i wiele wi\u0119cej.<\/li>\n<\/ul>\n<table border=\"1\" cellspacing=\"0\" cellpadding=\"0\">\n<tbody>\n<tr>\n<td colspan=\"2\">\n<p align=\"left\">Specyfikacje<\/p>\n<\/td>\n<\/tr>\n<tr>\n<td>\n<p align=\"left\">Typ etykiety\/chipa<\/p>\n<\/td>\n<td>\n<p align=\"left\">NXP Ntag215<\/p>\n<\/td>\n<\/tr>\n<tr>\n<td>\n<p align=\"left\">Cz\u0119stotliwo\u015b\u0107 pracy<\/p>\n<\/td>\n<td>\n<p align=\"left\">13,56MHz<\/p>\n<\/td>\n<\/tr>\n<tr>\n<td>\n<p align=\"left\">Zakres odczytu testowanego<\/p>\n<\/td>\n<td>\n<p align=\"left\">0 \u2013 100 mm w zale\u017cno\u015bci od mocy dostarczanej przez czytnik<\/p>\n<\/td>\n<\/tr>\n<tr>\n<td>\n<p align=\"left\">Wielokrotne wykrywanie<\/p>\n<\/td>\n<td>\n<p align=\"left\">Tak<\/p>\n<\/td>\n<\/tr>\n<tr>\n<td>\n<p align=\"left\">Rozmiar<\/p>\n<\/td>\n<td>\u015arednica 25mm<\/td>\n<\/tr>\n<tr>\n<td>\n<p align=\"left\">Tworzywo<\/p>\n<\/td>\n<td>\n<p align=\"left\">PVC \/ PET \/ Antena itp.<\/p>\n<\/td>\n<\/tr>\n<tr>\n<td>\n<p align=\"left\">Protok\u00f3\u0142:<\/p>\n<\/td>\n<td>\n<p align=\"left\">ISO14443A<\/p>\n<\/td>\n<\/tr>\n<tr>\n<td>\n<p align=\"left\">Specyfikacja \u015brodowiskowa<\/p>\n<\/td>\n<td>\n<p align=\"left\">Okres przydatno\u015bci 5 lat<\/p>\n<p align=\"left\">Zalecane: -25C do +50C<\/p>\n<p align=\"left\">Warunki przechowywania: 20% do 90%RH<\/p>\n<p align=\"left\">Temperatura pracy: -40C do +65C<\/p>\n<\/td>\n<\/tr>\n<tr>\n<td>\n<p align=\"left\">Czas odczytu\/zapisu:<\/p>\n<\/td>\n<td>\n<p align=\"left\">100000 razy<\/p>\n<\/td>\n<\/tr>\n<tr>\n<td>\n<p align=\"left\">Aplikacja:<\/p>\n<\/td>\n<td>\n<p align=\"left\" data-spm-anchor-id=\"a2700.wholesale.0.i54.a0d8206fLph15n\">Transport publiczny, zarz\u0105dzanie dost\u0119pem, bilety elektroniczne, logistyka i zarz\u0105dzanie dostawami, produkcja i monta\u017c, etykietowanie szyb samochodowych, \u015bledzenie dokument\u00f3w, zarz\u0105dzanie pralni\u0105, zarz\u0105dzanie bibliotek\u0105, identyfikacja zwierz\u0105t itd.<\/p>\n<\/td>\n<\/tr>\n<\/tbody>\n<\/table>\n<p>&nbsp;<\/p>\n<p><strong>Korzy\u015bci:<\/strong><\/p>\n<ul>\n<li><strong>Zwi\u0119kszone bezpiecze\u0144stwo:<\/strong>\u00a0Technologia RFID pomaga chroni\u0107 przed kradzie\u017c\u0105 i nieautoryzowanym dost\u0119pem.<\/li>\n<li><strong>Poprawiona wydajno\u015b\u0107:<\/strong>\u00a0\u015aledzenie w czasie rzeczywistym pozwala na efektywne zarz\u0105dzanie aktywami i kontrol\u0119 zapas\u00f3w.<\/li>\n<li><strong>Op\u0142acalno\u015b\u0107:<\/strong>\u00a0Trwa\u0142a konstrukcja i wodoodporna konstrukcja minimalizuj\u0105 koszty wymiany.<\/li>\n<li><strong>Wszechstronne zastosowania:<\/strong>\u00a0Nadaje si\u0119 do szerokiej gamy bran\u017c i zastosowa\u0144.<\/li>\n<\/ul>","protected":false},"excerpt":{"rendered":"<p>Wodoodporny tag NFC z PVC Ntag215 oferuje niezawodne i wszechstronne rozwi\u0105zanie do \u015bledzenia zasob\u00f3w. Kompaktowy rozmiar, wodoodporna konstrukcja i wbudowany chip NFC sprawiaj\u0105, \u017ce jest to cenne narz\u0119dzie dla organizacji, kt\u00f3re chc\u0105 zoptymalizowa\u0107 swoje procesy zarz\u0105dzania zasobami.<\/p>","protected":false},"featured_media":333,"template":"","meta":{"_kad_post_transparent":"default","_kad_post_title":"","_kad_post_layout":"default","_kad_post_sidebar_id":"","_kad_post_content_style":"default","_kad_post_vertical_padding":"default","_kad_post_feature":"","_kad_post_feature_position":"","_kad_post_header":false,"_kad_post_footer":false,"_kad_post_classname":""},"product_brand":[],"product_cat":[54],"product_tag":[145,144],"class_list":{"0":"post-332","1":"product","2":"type-product","3":"status-publish","4":"has-post-thumbnail","6":"product_cat-hot-selling-rfid-tags","7":"product_tag-anti-metal-nfc-tag","8":"product_tag-anti-metal-rfid-nfc-sticker","10":"first","11":"instock","12":"shipping-taxable","13":"product-type-simple","14":"entry","15":"content-bg","16":"loop-entry"},"_links":{"self":[{"href":"https:\/\/rfid-laundry-tag.com\/pl\/wp-json\/wp\/v2\/product\/332","targetHints":{"allow":["GET"]}}],"collection":[{"href":"https:\/\/rfid-laundry-tag.com\/pl\/wp-json\/wp\/v2\/product"}],"about":[{"href":"https:\/\/rfid-laundry-tag.com\/pl\/wp-json\/wp\/v2\/types\/product"}],"version-history":[{"count":0,"href":"https:\/\/rfid-laundry-tag.com\/pl\/wp-json\/wp\/v2\/product\/332\/revisions"}],"wp:featuredmedia":[{"embeddable":true,"href":"https:\/\/rfid-laundry-tag.com\/pl\/wp-json\/wp\/v2\/media\/333"}],"wp:attachment":[{"href":"https:\/\/rfid-laundry-tag.com\/pl\/wp-json\/wp\/v2\/media?parent=332"}],"wp:term":[{"taxonomy":"product_brand","embeddable":true,"href":"https:\/\/rfid-laundry-tag.com\/pl\/wp-json\/wp\/v2\/product_brand?post=332"},{"taxonomy":"product_cat","embeddable":true,"href":"https:\/\/rfid-laundry-tag.com\/pl\/wp-json\/wp\/v2\/product_cat?post=332"},{"taxonomy":"product_tag","embeddable":true,"href":"https:\/\/rfid-laundry-tag.com\/pl\/wp-json\/wp\/v2\/product_tag?post=332"}],"curies":[{"name":"wp","href":"https:\/\/api.w.org\/{rel}","templated":true}]}}