{"id":329,"date":"2024-06-28T07:30:57","date_gmt":"2024-06-28T07:30:57","guid":{"rendered":"https:\/\/rfid-laundry-tag.com\/?post_type=product&#038;p=329"},"modified":"2024-06-28T07:37:14","modified_gmt":"2024-06-28T07:37:14","slug":"mifare-ultralight-ev1-inlay-sticker","status":"publish","type":"product","link":"https:\/\/rfid-laundry-tag.com\/pl\/mifare-ultralight-ev1-inlay-sticker\/","title":{"rendered":"Naklejka Mifare Ultralight ev1 Inlay"},"content":{"rendered":"<div>\n<div class=\"auto-hide-last-sibling-br paragraph_9dc5f paragraph-element\"><strong>Naklejki z wk\u0142adk\u0105 MIFARE Ultralight EV1<\/strong> s\u0105 do\u015b\u0107 popularne i szeroko stosowane, bior\u0105c pod uwag\u0119 ich praktyczno\u015b\u0107 i kompatybilno\u015b\u0107 z szerok\u0105 gam\u0105 urz\u0105dze\u0144. Oto kilka dost\u0119pnych opcji:<\/div>\n<p><br class=\"container_21264 wrapper_661ac undefined\" \/><\/p>\n<ol class=\"auto-hide-last-sibling-br\">\n<li>\n<div class=\"auto-hide-last-sibling-br paragraph_9dc5f paragraph-element\"><strong>Naklejki papierowe NFC MIFARE Ultralight\u00ae EV1 35x35mm<\/strong>: Jako tagi NFC z papieru samoprzylepnego, s\u0105 one wyposa\u017cone we wbudowany chip NXP MIFARE Ultralight\u00ae NFC, kt\u00f3ry jest kompatybilny ze smartfonami i tabletami z systemem Android i BlackBerry. Ich pojemno\u015b\u0107 wynosi 41 bajt\u00f3w. Dzia\u0142aj\u0105c zgodnie ze standardami ISO\/IEC 14443 typu A, te naklejki niestety wydaj\u0105 si\u0119 by\u0107 obecnie niedost\u0119pne.<\/div>\n<\/li>\n<li><strong>Etykieta RFID 56x18mm NXP Mifare\u00aeUltralight EV1 50pf | ISO14443A<\/strong>: Ta wysokiej jako\u015bci etykieta RFID zawiera uk\u0142ad NXP Mifare\u00ae Ultralight EV1, kt\u00f3ry ma pojemno\u015b\u0107 50 pF, zapewniaj\u0105c\u0105 optymalny zasi\u0119g odczytu i wydajno\u015b\u0107. W pe\u0142ni zgodna z norm\u0105 ISO14443A, doskonale nadaje si\u0119 do zastosowa\u0144 w transporcie publicznym i programach lojalno\u015bciowych, biletach na wydarzenia i inteligentnych rozwi\u0105zaniach miejskich.<\/li>\n<\/ol>\n<\/div>\n<div class=\"text-title\"><strong><span class=\"magic-26\" style=\"font-family: Arial;\" data-spm-anchor-id=\"a2700.details.0.i47.6f4d7d7dnursE7\">Wk\u0142ad suchy<\/span><\/strong><\/div>\n<div class=\"text-content\">\n<p><span class=\"magic-6\" style=\"font-family: Arial;\">M\u00f3wi\u0105c pro\u015bciej, RFID dry inlay to po\u0142\u0105czenie chipu RFID i anteny. Mo\u017ce by\u0107 u\u017cywany do produkcji naklejek NFC, etykiet RFID, bilet\u00f3w RFID i r\u00f3\u017cnych tag\u00f3w RFID. <\/span><\/p>\n<div data-spm-anchor-id=\"a2700.details.0.i46.6f4d7d7dnursE7\">\n<p><span class=\"magic-6\" style=\"font-family: Arial;\"> Antena z suchej wk\u0142adki jest aluminiow\u0105 wytrawion\u0105, kt\u00f3ra jest cie\u0144sza w por\u00f3wnaniu do cewki miedzianej. Kszta\u0142t anteny mo\u017ce by\u0107 dostosowany i przeprojektowany na \u017c\u0105danie.<\/span><\/p>\n<p>&nbsp;<\/p>\n<\/div>\n<\/div>\n<div>\n<div class=\"text-title\"><strong><span class=\"magic-26\" style=\"font-family: Arial;\">Mokra intarsja<\/span><\/strong><\/div>\n<div class=\"text-content\">\n<p><span class=\"magic-6\" style=\"font-family: Arial;\" data-spm-anchor-id=\"a2700.details.0.i49.6f4d7d7dnursE7\">Sucha wk\u0142adka RFID dodana klejem nazywana jest mokr\u0105 wk\u0142adk\u0105. Mo\u017ce by\u0107 u\u017cywana bezpo\u015brednio jako etykieta RFID lub naklejka NFC, je\u015bli nie potrzebujesz \u017cadnego nadruku na powierzchni. Przyklejenie do obiekt\u00f3w mo\u017ce zaoszcz\u0119dzi\u0107 koszty i osi\u0105gn\u0105\u0107 ten sam cel. Jest r\u00f3wnie\u017c szeroko stosowana w produkcji tag\u00f3w RFID. Antena mokrej wk\u0142adki to trawienie aluminium, kt\u00f3re jest cie\u0144sze w por\u00f3wnaniu do cewki miedzianej. Kszta\u0142t anteny mo\u017cna dostosowa\u0107 i przeprojektowa\u0107 na \u017c\u0105danie.<\/span><\/p>\n<div><strong>Naklejka Mifare Ultralight ev1 Inlay<\/strong><\/div>\n<div><\/div>\n<div data-spm-anchor-id=\"a2700.details.0.i48.6f4d7d7dnursE7\">\n<table class=\"hight-light-first-column all magic-14\">\n<tbody>\n<tr>\n<td colspan=\"1\" rowspan=\"1\">\n<div class=\"magic-15\"><b>Tworzywo<\/b><\/div>\n<\/td>\n<td colspan=\"1\" rowspan=\"1\">\n<div class=\"magic-16\" data-spm-anchor-id=\"a2700.details.0.i34.21f6414cWQ4Zrf\">Papier \/Papier termiczny\/Tkanina\/PVC\/PET<\/div>\n<\/td>\n<\/tr>\n<tr>\n<td colspan=\"1\" rowspan=\"1\">\n<div class=\"magic-15\"><b>Rozmiar<\/b><\/div>\n<\/td>\n<td colspan=\"1\" rowspan=\"1\">\n<div class=\"magic-16\">18*56mm, 25*25mm, 30*30mm, 40*40mm, \u015brednica 18mm, \u015brednica 20mm, \u015brednica 22mm, \u015brednica 25mm lub niestandardowy rozmiar.<\/div>\n<\/td>\n<\/tr>\n<tr>\n<td colspan=\"1\" rowspan=\"1\">\n<div class=\"magic-15\"><b>Druk<\/b><\/div>\n<\/td>\n<td colspan=\"1\" rowspan=\"1\">\n<div class=\"magic-16\">Nie ma potrzeby drukowania<\/div>\n<\/td>\n<\/tr>\n<tr>\n<td colspan=\"1\" rowspan=\"1\">\n<div class=\"magic-15\"><b>Dost\u0119pny Chip<\/b><\/div>\n<\/td>\n<td colspan=\"1\" rowspan=\"1\">\n<div class=\"magic-16\">\n<p><strong>Mifare Ultralight ev1 <\/strong><\/p>\n<\/div>\n<\/td>\n<\/tr>\n<tr>\n<td colspan=\"1\" rowspan=\"1\">\n<div class=\"magic-21\"><b>Protok\u00f3\u0142:<\/b><\/div>\n<\/td>\n<td colspan=\"4\" rowspan=\"1\">\n<div class=\"magic-22\">ISO\/IEC 14443 Typ A<\/div>\n<\/td>\n<\/tr>\n<tr>\n<td colspan=\"1\" rowspan=\"1\">\n<div class=\"magic-26\"><b>Rzemie\u015blnictwo:<\/b><\/div>\n<\/td>\n<td colspan=\"4\" rowspan=\"1\">\n<div class=\"magic-22\" data-spm-anchor-id=\"a2700.details.0.i33.21f6414cWQ4Zrf\">Drukowanie kod\u00f3w kreskowych, kod\u00f3w QR itp.<\/div>\n<\/td>\n<\/tr>\n<\/tbody>\n<\/table>\n<\/div>\n<\/div>\n<\/div>","protected":false},"excerpt":{"rendered":"<p>Naklejka Mifare Ultralight ev1 Inlay lub Transponder, rodzaj niedoko\u0144czonego komponentu, mo\u017ce zosta\u0107 przekszta\u0142cona w r\u00f3\u017cne przedmioty, takie jak bilety, odznaki, etykiety lub karty. Jednocze\u015bnie te wk\u0142adki HF NFC RFID mog\u0105 by\u0107 produkowane w r\u00f3\u017cnych rozmiarach, dostosowanych do Twoich konkretnych potrzeb.<\/p>","protected":false},"featured_media":328,"template":"","meta":{"_kad_post_transparent":"default","_kad_post_title":"","_kad_post_layout":"default","_kad_post_sidebar_id":"","_kad_post_content_style":"default","_kad_post_vertical_padding":"default","_kad_post_feature":"","_kad_post_feature_position":"","_kad_post_header":false,"_kad_post_footer":false,"_kad_post_classname":""},"product_brand":[],"product_cat":[54],"product_tag":[112,142,143],"class_list":{"0":"post-329","1":"product","2":"type-product","3":"status-publish","4":"has-post-thumbnail","6":"product_cat-hot-selling-rfid-tags","7":"product_tag-13-56mhz-rfid-inlay","8":"product_tag-mifare-ultralight-ev1-inlay-sticker","9":"product_tag-ultralight-ev1-nfc-inlay-sticker","11":"first","12":"instock","13":"shipping-taxable","14":"product-type-simple","15":"entry","16":"content-bg","17":"loop-entry"},"_links":{"self":[{"href":"https:\/\/rfid-laundry-tag.com\/pl\/wp-json\/wp\/v2\/product\/329","targetHints":{"allow":["GET"]}}],"collection":[{"href":"https:\/\/rfid-laundry-tag.com\/pl\/wp-json\/wp\/v2\/product"}],"about":[{"href":"https:\/\/rfid-laundry-tag.com\/pl\/wp-json\/wp\/v2\/types\/product"}],"version-history":[{"count":0,"href":"https:\/\/rfid-laundry-tag.com\/pl\/wp-json\/wp\/v2\/product\/329\/revisions"}],"wp:featuredmedia":[{"embeddable":true,"href":"https:\/\/rfid-laundry-tag.com\/pl\/wp-json\/wp\/v2\/media\/328"}],"wp:attachment":[{"href":"https:\/\/rfid-laundry-tag.com\/pl\/wp-json\/wp\/v2\/media?parent=329"}],"wp:term":[{"taxonomy":"product_brand","embeddable":true,"href":"https:\/\/rfid-laundry-tag.com\/pl\/wp-json\/wp\/v2\/product_brand?post=329"},{"taxonomy":"product_cat","embeddable":true,"href":"https:\/\/rfid-laundry-tag.com\/pl\/wp-json\/wp\/v2\/product_cat?post=329"},{"taxonomy":"product_tag","embeddable":true,"href":"https:\/\/rfid-laundry-tag.com\/pl\/wp-json\/wp\/v2\/product_tag?post=329"}],"curies":[{"name":"wp","href":"https:\/\/api.w.org\/{rel}","templated":true}]}}