{"id":3242,"date":"2026-01-13T13:41:34","date_gmt":"2026-01-13T13:41:34","guid":{"rendered":"https:\/\/rfid-laundry-tag.com\/?post_type=product&#038;p=3242"},"modified":"2026-03-12T10:03:35","modified_gmt":"2026-03-12T10:03:35","slug":"mifare-s50-rfid-inlay","status":"publish","type":"product","link":"https:\/\/rfid-laundry-tag.com\/pl\/mifare-s50-rfid-inlay\/","title":{"rendered":"Wk\u0142adka RFID MIFARE S50"},"content":{"rendered":"<h2>Wk\u0142adka RFID MIFARE S50<\/h2>\n<p><span class=\"ng-star-inserted\">Ten <a href=\"https:\/\/rfid-laundry-tag.com\/pl\/rfid-inlay\/\">MIFARE S50\u00a0<\/a><\/span><strong class=\"ng-star-inserted\"><span class=\"ng-star-inserted\">Wk\u0142adka RFID<\/span><\/strong><span class=\"ng-star-inserted\">\u00a0to nowatorskie rozwi\u0105zanie zaprojektowane z my\u015bl\u0105 o usprawnieniu operacji, zwi\u0119kszeniu bezpiecze\u0144stwa i podniesieniu komfortu u\u017cytkowania w wielu aplikacjach. Ta pot\u0119\u017cna, a zarazem dyskretna technologia umo\u017cliwia bezproblemowe zarz\u0105dzanie dost\u0119pem, przetwarzanie p\u0142atno\u015bci, \u015bledzenie zasob\u00f3w i anga\u017cowanie klient\u00f3w w innowacyjny spos\u00f3b. Warto kupi\u0107 ten produkt, poniewa\u017c oferuje niezr\u00f3wnan\u0105 niezawodno\u015b\u0107, kompatybilno\u015b\u0107 i \u0142atwo\u015b\u0107 integracji, co czyni go idealnym wyborem dla firm, kt\u00f3re chc\u0105 wykorzysta\u0107 potencja\u0142 technologii RFID. Niezale\u017cnie od tego, czy chcesz wdro\u017cy\u0107 bezpieczn\u0105 kontrol\u0119 dost\u0119pu, stworzy\u0107 bezproblemowy system p\u0142atno\u015bci bezgot\u00f3wkowych, czy zrewolucjonizowa\u0107 zarz\u0105dzanie zapasami, <a href=\"https:\/\/rfid-laundry-tag.com\/pl\/rfid-inlay\/\">MIFARE S50\u00a0<\/a><\/span><strong class=\"ng-star-inserted\"><span class=\"ng-star-inserted\">Wk\u0142adka RFID<\/span><\/strong><span class=\"ng-star-inserted\">\u00a0zapewnia wydajno\u015b\u0107 i wszechstronno\u015b\u0107 niezb\u0119dne do osi\u0105gni\u0119cia sukcesu. Kr\u00f3tko m\u00f3wi\u0105c, ten produkt to pozycja obowi\u0105zkowa.<\/span><\/p>\n<table class=\"has-title all magic-13\">\n<tbody>\n<tr>\n<td colspan=\"1\" rowspan=\"1\">\n<div class=\"magic-14\" data-spm-anchor-id=\"a2700.details.0.i37.2ec61361oDo4aX\">Nazwa produktu<\/div>\n<\/td>\n<td colspan=\"1\" rowspan=\"1\">\n<div class=\"magic-15\">Wk\u0142adka RFID MIFARE S50<\/div>\n<\/td>\n<\/tr>\n<tr>\n<td colspan=\"1\" rowspan=\"1\">\n<div class=\"magic-14\">\u017beton<\/div>\n<\/td>\n<td colspan=\"1\" rowspan=\"1\">\n<div class=\"magic-15\">MIFARE Classic\u00ae 1K<\/div>\n<\/td>\n<\/tr>\n<tr>\n<td colspan=\"1\" rowspan=\"1\">\n<div class=\"magic-14\">Cz\u0119stotliwo\u015b\u0107<\/div>\n<\/td>\n<td colspan=\"1\" rowspan=\"1\">\n<div class=\"magic-15\">13,56 MHz<\/div>\n<\/td>\n<\/tr>\n<tr>\n<td colspan=\"1\" rowspan=\"1\">\n<div class=\"magic-14\">Odleg\u0142o\u015b\u0107 czytania<\/div>\n<\/td>\n<td colspan=\"1\" rowspan=\"1\">\n<div class=\"magic-15\">1-5 cm<\/div>\n<\/td>\n<\/tr>\n<tr>\n<td colspan=\"1\" rowspan=\"1\">\n<div class=\"magic-14\">Tworzywo<\/div>\n<\/td>\n<td colspan=\"1\" rowspan=\"1\">\n<div class=\"magic-15\">Papier powlekany<\/div>\n<\/td>\n<\/tr>\n<tr>\n<td colspan=\"1\" rowspan=\"1\">\n<div class=\"magic-14\">Pod\u0142o\u017ce<\/div>\n<\/td>\n<td colspan=\"1\" rowspan=\"1\">\n<div class=\"magic-15\">ZWIERZAK DOMOWY<\/div>\n<\/td>\n<\/tr>\n<tr>\n<td colspan=\"1\" rowspan=\"1\">\n<div class=\"magic-14\">\u015arednica 50 mmRozmiar<\/div>\n<\/td>\n<td colspan=\"1\" rowspan=\"1\">\n<div class=\"magic-15\">\u015arednica 25 mm lub personalizacja<\/div>\n<\/td>\n<\/tr>\n<tr>\n<td colspan=\"1\" rowspan=\"1\">\n<div class=\"magic-14\">Tryb pracy<\/div>\n<\/td>\n<td colspan=\"1\" rowspan=\"1\">\n<div class=\"magic-15\">Pasywny<\/div>\n<\/td>\n<\/tr>\n<tr>\n<td colspan=\"1\" rowspan=\"1\">\n<div class=\"magic-14\">Cykle zapisu<\/div>\n<\/td>\n<td colspan=\"1\" rowspan=\"1\">\n<div class=\"magic-15\">100000<\/div>\n<\/td>\n<\/tr>\n<tr>\n<td colspan=\"1\" rowspan=\"1\">\n<div class=\"magic-14\">Temperatura pracy \/ wilgotno\u015b\u0107<\/div>\n<\/td>\n<td colspan=\"1\" rowspan=\"1\">\n<div class=\"magic-15\">-40~70\u2103\/20%~90% wilgotno\u015b\u0107 wzgl\u0119dna<\/div>\n<\/td>\n<\/tr>\n<tr>\n<td colspan=\"1\" rowspan=\"1\">\n<div class=\"magic-14\">Temperatura przechowywania \/ wilgotno\u015b\u0107<\/div>\n<\/td>\n<td colspan=\"1\" rowspan=\"1\">\n<div class=\"magic-15\">-20~50\u2103 \/ 20%~90% RH (bez kondensacji).<\/div>\n<\/td>\n<\/tr>\n<tr>\n<td colspan=\"1\" rowspan=\"1\">\n<div class=\"magic-14\">Dost\u0119pno\u015b\u0107 pr\u00f3bek<\/div>\n<\/td>\n<td colspan=\"1\" rowspan=\"1\">\n<div class=\"magic-15\">Bezp\u0142atne pr\u00f3bki s\u0105 dost\u0119pne na \u017cyczenie<\/div>\n<\/td>\n<\/tr>\n<tr>\n<td colspan=\"1\" rowspan=\"1\">\n<div class=\"magic-14\">Opakowanie<\/div>\n<\/td>\n<td colspan=\"1\" rowspan=\"1\">\n<div class=\"magic-15\">1000-5000 szt.\/rolka, 4 rolki\/karton<\/div>\n<\/td>\n<\/tr>\n<tr>\n<td colspan=\"1\" rowspan=\"1\">\n<div class=\"magic-14\">\n<p>Aplikacja<\/p>\n<div><\/div>\n<\/div>\n<\/td>\n<td colspan=\"1\" rowspan=\"1\">\n<div class=\"magic-15\" data-spm-anchor-id=\"a2700.details.0.i47.2ec61361oDo4aX\">Bezpieczna kontrola wst\u0119pu\/P\u0142atno\u015bci bezgot\u00f3wkowe Programy cz\u0142onkowskie i lojalno\u015bciowe Dost\u0119p do wydarze\u0144 i branding\/Media spo\u0142eczno\u015bciowe\/Sprzeda\u017c detaliczna<br \/>\n\u015arodowisko\/Gry i zabawki Lokalizacja\/Elektronika\/Targi\/Wydarzenia\/Pro\u015bba o telefon\/Wizyt\u00f3wki<\/div>\n<\/td>\n<\/tr>\n<\/tbody>\n<\/table>\n<p>&nbsp;<\/p>\n<p>Karta MIFARE S50<a href=\"https:\/\/rfid-laundry-tag.com\/pl\/rfid-inlay\/\"> Wk\u0142adka RFID\u00a0<\/a>to wszechstronne rozwi\u0105zanie zaprojektowane tak, aby sprosta\u0107 rosn\u0105cym wymaganiom nowoczesnych aplikacji. Dzia\u0142aj\u0105c na cz\u0119stotliwo\u015bci 13,56 MHz, ta wk\u0142adka z obs\u0142ug\u0105 NFC zachowuje wszystkie podstawowe cechy technologii MIFARE Classic, zapewniaj\u0105c jednocze\u015bnie przyjazn\u0105 dla u\u017cytkownika funkcjonalno\u015b\u0107. Dzi\u0119ki kompaktowym rozmiarom o \u015brednicy 25 mm i grubo\u015bci 0,5 mm jest dost\u0119pna w wygodnym formacie naklejki na monety, co u\u0142atwia jej przymocowanie i wykorzystanie w r\u00f3\u017cnych aplikacjach. Niezale\u017cnie od tego, czy szukasz rozwi\u0105za\u0144 RFID do system\u00f3w p\u0142atno\u015bci, kontroli dost\u0119pu czy identyfikacji, wk\u0142adka MIFARE Classic 1K oferuje niezr\u00f3wnan\u0105 niezawodno\u015b\u0107 i wydajno\u015b\u0107.<\/p>\n<h3>Dlaczego warto wybra\u0107 wk\u0142adk\u0119 RFID MIFARE S50?<\/h3>\n<ul>\n<li><strong>\u0141atwa integracja<\/strong>:Idealna do wielu zastosowa\u0144, od system\u00f3w p\u0142atno\u015bci po sprzeda\u017c bilet\u00f3w na imprezy, wk\u0142adka ta p\u0142ynnie integruje si\u0119 z istniej\u0105cymi platformami.<\/li>\n<li><strong>Rozwi\u0105zanie ekonomiczne<\/strong>:Dzi\u0119ki niskiej cenie, wysokiej jako\u015bci i trwa\u0142ej konstrukcji jest to ekonomiczna opcja bez uszczerbku dla wydajno\u015bci.<\/li>\n<li><strong>Przyjazny dla u\u017cytkownika<\/strong>:Pusty format naklejki pozwala na \u0142atwe etykietowanie i dostosowywanie aplikacji, zwi\u0119kszaj\u0105c komfort u\u017cytkowania.<\/li>\n<\/ul>\n<h3>Wyja\u015bnienie technologii NFC<\/h3>\n<p>Technologia NFC (komunikacja bliskiego zasi\u0119gu) stanowi podstaw\u0119 <strong>Wk\u0142adka MIFARE Classic 1K<\/strong>. Dzi\u0119ki wykorzystaniu tej technologii, wk\u0142adka umo\u017cliwia bezdotykow\u0105 wymian\u0119 danych mi\u0119dzy urz\u0105dzeniami. Funkcja ta nie ogranicza si\u0119 tylko do interakcji karty z czytnikiem, ale tak\u017ce u\u0142atwia dokonywanie p\u0142atno\u015bci mobilnych i bezpieczn\u0105 kontrol\u0119 dost\u0119pu.<\/p>\n<h3>G\u0142\u00f3wne zalety MIFARE Classic 1K<\/h3>\n<ul>\n<li><strong>Zwi\u0119kszone bezpiecze\u0144stwo<\/strong>:Dzi\u0119ki unikalnemu 4-bajtowemu identyfikatorowi u\u017cytkownika (UID) wk\u0142adka MIFARE Classic 1K zapobiega duplikacji danych, dodaj\u0105c dodatkow\u0105 warstw\u0119 zabezpiecze\u0144 do Twoich aplikacji.<\/li>\n<li><strong>Wszechstronno\u015b\u0107<\/strong>: Nadaje si\u0119 do r\u00f3\u017cnych zastosowa\u0144 bezkontaktowych, od handlu detalicznego po transport, zwi\u0119kszaj\u0105c zaanga\u017cowanie u\u017cytkownika.<\/li>\n<li><strong>Zgodno\u015b\u0107<\/strong>: W pe\u0142ni kompatybilny z czytnikiem\/zapisywaczem ACR122U oraz innymi urz\u0105dzeniami MIFARE Classic, co czyni go uniwersalnym narz\u0119dziem w Twoim arsenale NFC.<\/li>\n<\/ul>\n<h3>Instrukcje u\u017cytkowania<\/h3>\n<p>Aby u\u017cy\u0107 wk\u0142adki RFID MIFARE S50, wystarczy przymocowa\u0107 j\u0105 do wybranej powierzchni za pomoc\u0105 do\u0142\u0105czonego kleju. Upewnij si\u0119, \u017ce powierzchnia jest czysta i sucha, aby zapewni\u0107 optymaln\u0105 przyczepno\u015b\u0107. Po przymocowaniu wk\u0142adk\u0119 mo\u017cna odczyta\u0107 i zapisa\u0107 za pomoc\u0105 urz\u0105dzenia obs\u0142uguj\u0105cego NFC lub kompatybilnego czytnika, takiego jak ACR122U.<\/p>\n<h3>Wp\u0142yw na \u015brodowisko<\/h3>\n<p>Wk\u0142adka RFID MIFARE S50 zosta\u0142a wyprodukowana z my\u015bl\u0105 o \u015brodowisku. Wykorzystanie trwa\u0142ych i nadaj\u0105cych si\u0119 do recyklingu materia\u0142\u00f3w gwarantuje, \u017ce dbaj\u0105c o potrzeby osobiste lub biznesowe, anga\u017cujesz si\u0119 w dzia\u0142ania proekologiczne.<\/p>\n<h2 class=\"ng-star-inserted\"><strong class=\"ng-star-inserted\"><span class=\"ng-star-inserted\">Etykieta RFID i wk\u0142adka: nieograniczone mo\u017cliwo\u015bci zastosowa\u0144<\/span><\/strong><\/h2>\n<p class=\"ng-star-inserted\"><span class=\"ng-star-inserted\">Wk\u0142adka RFID MIFARE S50<\/span><span class=\"ng-star-inserted\">\u00a0jest wszechstronnym rozwi\u0105zaniem, kt\u00f3re mo\u017cna stosowa\u0107 w szerokim zakresie zastosowa\u0144, w tym:<\/span><\/p>\n<ul class=\"ng-star-inserted\">\n<li class=\"ng-star-inserted\">\n<p class=\"ng-star-inserted\"><strong class=\"ng-star-inserted\"><span class=\"ng-star-inserted\">Bezpieczna kontrola wst\u0119pu:<\/span><\/strong><span class=\"ng-star-inserted\">\u00a0Udzielaj dost\u0119pu upowa\u017cnionemu personelowi i zapobiegaj nieautoryzowanemu wej\u015bciu. Idealne rozwi\u0105zanie do biur, na imprezy i do stref o ograniczonym dost\u0119pie.<\/span><\/p>\n<\/li>\n<li class=\"ng-star-inserted\">\n<p class=\"ng-star-inserted\"><strong class=\"ng-star-inserted\"><span class=\"ng-star-inserted\">P\u0142atno\u015b\u0107 bezgot\u00f3wkowa:<\/span><\/strong><span class=\"ng-star-inserted\">\u00a0Umo\u017cliwiaj bezproblemowe i bezpieczne p\u0142atno\u015bci w \u015brodowiskach o obiegu zamkni\u0119tym, takich jak parki rozrywki, o\u015brodki wypoczynkowe i kampusy korporacyjne.<\/span><\/p>\n<\/li>\n<li class=\"ng-star-inserted\">\n<p class=\"ng-star-inserted\"><strong class=\"ng-star-inserted\"><span class=\"ng-star-inserted\">Programy cz\u0142onkowskie i lojalno\u015bciowe:<\/span><\/strong><span class=\"ng-star-inserted\">\u00a0\u015aled\u017a aktywno\u015b\u0107 cz\u0142onk\u00f3w, nagradzaj lojalnych klient\u00f3w i personalizuj do\u015bwiadczenia.<\/span><\/p>\n<\/li>\n<li class=\"ng-star-inserted\">\n<p class=\"ng-star-inserted\"><strong class=\"ng-star-inserted\"><span class=\"ng-star-inserted\">Dost\u0119p do wydarzenia i branding:<\/span><\/strong><span class=\"ng-star-inserted\">\u00a0Usprawnij wprowadzanie danych, zbierz cenne dane i zwi\u0119ksz zaanga\u017cowanie uczestnik\u00f3w.<\/span><\/p>\n<\/li>\n<li class=\"ng-star-inserted\">\n<p class=\"ng-star-inserted\"><strong class=\"ng-star-inserted\"><span class=\"ng-star-inserted\">Media spo\u0142eczno\u015bciowe:<\/span><\/strong><span class=\"ng-star-inserted\">\u00a0Tw\u00f3rz interaktywne do\u015bwiadczenia, osadzaj\u0105c wk\u0142adki w materia\u0142ach promocyjnych, umo\u017cliwiaj\u0105c u\u017cytkownikom nawi\u0105zanie kontaktu z Twoj\u0105 mark\u0105 online.<\/span><\/p>\n<\/li>\n<li class=\"ng-star-inserted\">\n<p class=\"ng-star-inserted\"><strong class=\"ng-star-inserted\"><span class=\"ng-star-inserted\">\u015arodowisko handlu detalicznego:<\/span><\/strong><span class=\"ng-star-inserted\">\u00a0Zarz\u0105dzaj zapasami, zapobiegaj kradzie\u017com i uzyskaj cenne informacje na temat zachowa\u0144 klient\u00f3w.<\/span><\/p>\n<\/li>\n<li class=\"ng-star-inserted\">\n<p class=\"ng-star-inserted\"><strong class=\"ng-star-inserted\"><span class=\"ng-star-inserted\">Gry i zabawki:<\/span><\/strong><span class=\"ng-star-inserted\">\u00a0Dodaj nowy wymiar interaktywno\u015bci i zaanga\u017cowania do zabawek i gier.<\/span><\/p>\n<\/li>\n<li class=\"ng-star-inserted\">\n<p class=\"ng-star-inserted\"><strong class=\"ng-star-inserted\"><span class=\"ng-star-inserted\">Lokalizacja:<\/span><\/strong><span class=\"ng-star-inserted\">\u00a0\u015aled\u017a zasoby, monitoruj ruch i poprawiaj wydajno\u015b\u0107 logistyki.<\/span><\/p>\n<\/li>\n<li class=\"ng-star-inserted\">\n<p class=\"ng-star-inserted\"><strong class=\"ng-star-inserted\"><span class=\"ng-star-inserted\">Elektronika:<\/span><\/strong><span class=\"ng-star-inserted\">\u00a0Wbudowywanie wk\u0142adek do urz\u0105dze\u0144 elektronicznych w celu uwierzytelniania, \u015bledzenia i ochrony przed fa\u0142szerstwami.<\/span><\/p>\n<\/li>\n<li class=\"ng-star-inserted\">\n<p class=\"ng-star-inserted\"><strong class=\"ng-star-inserted\"><span class=\"ng-star-inserted\">Targi\/Wydarzenia:<\/span><\/strong><span class=\"ng-star-inserted\">\u00a0U\u0142atwiaj generowanie potencjalnych klient\u00f3w, \u015bled\u017a zainteresowania uczestnik\u00f3w i zapewniaj interaktywne do\u015bwiadczenia.<\/span><\/p>\n<\/li>\n<li class=\"ng-star-inserted\">\n<p class=\"ng-star-inserted\"><strong class=\"ng-star-inserted\"><span class=\"ng-star-inserted\">Pro\u015bba o po\u0142\u0105czenie:<\/span><\/strong><span class=\"ng-star-inserted\">\u00a0Umo\u017cliw u\u017cytkownikom poproszenie o informacj\u0119 lub pomoc za pomoc\u0105 jednego dotkni\u0119cia.<\/span><\/p>\n<\/li>\n<li class=\"ng-star-inserted\">\n<p class=\"ng-star-inserted\"><strong class=\"ng-star-inserted\"><span class=\"ng-star-inserted\">Wizyt\u00f3wki:<\/span><\/strong><span class=\"ng-star-inserted\">\u00a0Przekszta\u0142\u0107 tradycyjne wizyt\u00f3wki w interaktywne narz\u0119dzia s\u0142u\u017c\u0105ce do nawi\u0105zywania kontakt\u00f3w i udost\u0119pniania informacji.<\/span><\/p>\n<\/li>\n<\/ul>\n<h2>Cz\u0119sto zadawane pytania<\/h2>\n<ul>\n<li><strong>Jaki jest zasi\u0119g wk\u0142adki RFID MIFARE S50?<\/strong><br \/>\nEfektywny zasi\u0119g wynosi zazwyczaj oko\u0142o 10 cm przy wykorzystaniu typowych czytnik\u00f3w NFC.<\/li>\n<li><strong>Czy mog\u0119 dostosowa\u0107 wk\u0142adk\u0119 RFID MIFARE S50?<\/strong><br \/>\nTak, wk\u0142adki mog\u0105 by\u0107 drukowane lub kodowane za pomoc\u0105 w\u0142asnych danych, dzi\u0119ki czemu nadaj\u0105 si\u0119 do r\u00f3\u017cnych zastosowa\u0144.<\/li>\n<li><strong>Czy wk\u0142adka RFID MIFARE S50 jest wodoodporna?<\/strong><br \/>\nChocia\u017c wk\u0142adki zaprojektowano tak, aby wytrzymywa\u0142y umiarkowane warunki \u015brodowiskowe, zaleca si\u0119 unikanie ich d\u0142ugotrwa\u0142ego kontaktu z wod\u0105, aby zachowa\u0107 optymaln\u0105 funkcjonalno\u015b\u0107.<\/li>\n<\/ul>","protected":false},"excerpt":{"rendered":"<p>Wk\u0142adka RFID MIFARE S50, wszechstronne rozwi\u0105zanie NFC z pami\u0119ci\u0105 1K do bezpiecznych, bezkontaktowych zastosowa\u0144 w r\u00f3\u017cnych \u015brodowiskach.<\/p>","protected":false},"featured_media":3243,"template":"","meta":{"_kad_post_transparent":"default","_kad_post_title":"","_kad_post_layout":"default","_kad_post_sidebar_id":"","_kad_post_content_style":"default","_kad_post_vertical_padding":"default","_kad_post_feature":"","_kad_post_feature_position":"","_kad_post_header":false,"_kad_post_footer":false,"_kad_post_classname":""},"product_brand":[],"product_cat":[189],"product_tag":[398,111,194,393,108,399],"class_list":{"0":"post-3242","1":"product","2":"type-product","3":"status-publish","4":"has-post-thumbnail","6":"product_cat-rfid-inlay","7":"product_tag-mifare-s50-rfid-inlay","8":"product_tag-nfc-inlay","9":"product_tag-nfc-rfid-inlay","10":"product_tag-nfc-wet-inlay-sticker-tag-clear","11":"product_tag-rfid-inlay","12":"product_tag-rfid-inlay-factory","14":"first","15":"instock","16":"shipping-taxable","17":"product-type-simple","18":"entry","19":"content-bg","20":"loop-entry"},"_links":{"self":[{"href":"https:\/\/rfid-laundry-tag.com\/pl\/wp-json\/wp\/v2\/product\/3242","targetHints":{"allow":["GET"]}}],"collection":[{"href":"https:\/\/rfid-laundry-tag.com\/pl\/wp-json\/wp\/v2\/product"}],"about":[{"href":"https:\/\/rfid-laundry-tag.com\/pl\/wp-json\/wp\/v2\/types\/product"}],"version-history":[{"count":1,"href":"https:\/\/rfid-laundry-tag.com\/pl\/wp-json\/wp\/v2\/product\/3242\/revisions"}],"predecessor-version":[{"id":3247,"href":"https:\/\/rfid-laundry-tag.com\/pl\/wp-json\/wp\/v2\/product\/3242\/revisions\/3247"}],"wp:featuredmedia":[{"embeddable":true,"href":"https:\/\/rfid-laundry-tag.com\/pl\/wp-json\/wp\/v2\/media\/3243"}],"wp:attachment":[{"href":"https:\/\/rfid-laundry-tag.com\/pl\/wp-json\/wp\/v2\/media?parent=3242"}],"wp:term":[{"taxonomy":"product_brand","embeddable":true,"href":"https:\/\/rfid-laundry-tag.com\/pl\/wp-json\/wp\/v2\/product_brand?post=3242"},{"taxonomy":"product_cat","embeddable":true,"href":"https:\/\/rfid-laundry-tag.com\/pl\/wp-json\/wp\/v2\/product_cat?post=3242"},{"taxonomy":"product_tag","embeddable":true,"href":"https:\/\/rfid-laundry-tag.com\/pl\/wp-json\/wp\/v2\/product_tag?post=3242"}],"curies":[{"name":"wp","href":"https:\/\/api.w.org\/{rel}","templated":true}]}}