{"id":324,"date":"2024-06-28T06:46:40","date_gmt":"2024-06-28T06:46:40","guid":{"rendered":"https:\/\/rfid-laundry-tag.com\/?post_type=product&#038;p=324"},"modified":"2024-08-14T16:46:59","modified_gmt":"2024-08-14T16:46:59","slug":"nxp-ntag213-nfc-inlay-144byte","status":"publish","type":"product","link":"https:\/\/rfid-laundry-tag.com\/pl\/nxp-ntag213-nfc-inlay-144byte\/","title":{"rendered":"Wk\u0142adka NXP Ntag213 NFC 144 bajty"},"content":{"rendered":"<div>\n<div>Wk\u0142adka NXP Ntag213 NFC 144 bajty<\/div>\n<div><\/div>\n<div>Uk\u0142ady RFID NFC odgrywaj\u0105 istotn\u0105 rol\u0119 w optymalizacji dzia\u0142ania system\u00f3w wykorzystuj\u0105cych technologi\u0119 radiow\u0105.<\/div>\n<div>W kontek\u015bcie modu\u0142u NXP Ntag213 NFC Inlay o pojemno\u015bci 144 bajt\u00f3w mo\u017ce to by\u0107 szczeg\u00f3lnie prawdziwe.<\/div>\n<div>Wk\u0142adki te wyst\u0119puj\u0105 w dw\u00f3ch formach: mokrej i suchej, ka\u017cda z nich ma swoje zastosowanie.<\/div>\n<div><\/div>\n<div><\/div>\n<div class=\"auto-hide-last-sibling-br paragraph_9dc5f paragraph-element\">Uk\u0142ad NTAG213 oferuje szereg zalet, takich jak:<\/div>\n<p>&nbsp;<\/p>\n<ul class=\"auto-hide-last-sibling-br\">\n<li>Bezkontaktowy przesy\u0142 energii i danych<\/li>\n<li>Mo\u017cliwo\u015b\u0107 szybkiego odczytu<\/li>\n<li>Ulepszona wydajno\u015b\u0107 RF<\/li>\n<li>Funkcje bezpiecze\u0144stwa, w tym ochrona has\u0142em i funkcje antykolizyjne<\/li>\n<li>Pe\u0142na zgodno\u015b\u0107 ze specyfikacj\u0105 NFC Forum Tag Type 2<\/li>\n<\/ul>\n<\/div>\n<div>\n<table class=\"all magic-9\">\n<tbody>\n<tr>\n<td colspan=\"1\" rowspan=\"1\">\n<div class=\"magic-10\">Tworzywo<\/div>\n<\/td>\n<td colspan=\"1\" rowspan=\"1\">\n<div class=\"magic-11\" data-spm-anchor-id=\"a2700.details.0.i85.504d267eS1Hb6u\">PET, PVC, papier powlekany itp.<\/div>\n<\/td>\n<\/tr>\n<tr>\n<td colspan=\"1\" rowspan=\"1\">\n<div class=\"magic-10\">\u017beton<\/div>\n<\/td>\n<td colspan=\"1\" rowspan=\"1\">\n<div class=\"magic-11\">Ntag213\/Ntag215\/Ntag216 itd.<\/div>\n<\/td>\n<\/tr>\n<tr>\n<td colspan=\"1\" rowspan=\"1\">\n<div class=\"magic-10\">Cz\u0119stotliwo\u015b\u0107<\/div>\n<\/td>\n<td colspan=\"1\" rowspan=\"1\">\n<div class=\"magic-11\">13,56MHz<\/div>\n<\/td>\n<\/tr>\n<tr>\n<td colspan=\"1\" rowspan=\"1\">\n<div class=\"magic-10\">Protok\u00f3\u0142<\/div>\n<\/td>\n<td colspan=\"1\" rowspan=\"1\">\n<div class=\"magic-11\">Norma ISO 14443A<\/div>\n<\/td>\n<\/tr>\n<tr>\n<td colspan=\"1\" rowspan=\"1\">\n<div class=\"magic-10\">Rozmiar<\/div>\n<\/td>\n<td colspan=\"1\" rowspan=\"1\">\n<div class=\"magic-11\">\u015arednica 25, 30, 35 mm lub rozmiar niestandardowy<\/div>\n<\/td>\n<\/tr>\n<tr>\n<td colspan=\"1\" rowspan=\"1\">\n<div class=\"magic-10\">Funkcja<\/div>\n<\/td>\n<td colspan=\"1\" rowspan=\"1\">\n<div class=\"magic-11\">Wodoodporny, wytrzyma\u0142y, z mo\u017cliwo\u015bci\u0105 personalizacji nadruku<\/div>\n<\/td>\n<\/tr>\n<tr>\n<td colspan=\"1\" rowspan=\"1\">\n<div class=\"magic-10\">Pr\u00f3bka<\/div>\n<\/td>\n<td colspan=\"1\" rowspan=\"1\">\n<div class=\"magic-11\">dost\u0119pny bezp\u0142atnie<\/div>\n<\/td>\n<\/tr>\n<tr>\n<td colspan=\"1\" rowspan=\"1\">\n<div class=\"magic-10\">Odczyt odleg\u0142o\u015bci<\/div>\n<\/td>\n<td colspan=\"1\" rowspan=\"1\">\n<div class=\"magic-11\" data-spm-anchor-id=\"a2700.details.0.i84.504d267eS1Hb6u\">0-10cm<\/div>\n<\/td>\n<\/tr>\n<\/tbody>\n<\/table>\n<\/div>\n<div><\/div>\n<div><\/div>\n<div><strong>Wk\u0142adki RFID NFC<\/strong> wyst\u0119puj\u0105 w dw\u00f3ch typach, mokrym i suchym. Mokra wk\u0142adka RFID NFC ma klej\u0105c\u0105 warstw\u0119 podk\u0142adow\u0105, podczas gdy sucha nie. Zapewniaj\u0105 one opcj\u0119 tagu dzia\u0142aj\u0105c\u0105 na cz\u0119stotliwo\u015bci 13,56 MHz, specjalnie zaprojektowan\u0105 dla producent\u00f3w oryginalnego sprz\u0119tu (OEM). Do tych wk\u0142adek dost\u0119pne s\u0105 zar\u00f3wno uk\u0142ady pami\u0119ci ISO 15693, jak i 14443 NFC.<\/div>\n<div><\/div>\n<div class=\"text-title\"><strong><span class=\"magic-26\" style=\"font-family: Arial;\" data-spm-anchor-id=\"a2700.details.0.i47.6f4d7d7dnursE7\">Wk\u0142ad suchy<\/span><\/strong><\/div>\n<div class=\"text-content\">\n<p><span class=\"magic-6\" style=\"font-family: Arial;\">M\u00f3wi\u0105c pro\u015bciej, RFID dry inlay to po\u0142\u0105czenie chipu RFID i anteny. Mo\u017ce by\u0107 u\u017cywany do produkcji naklejek NFC, etykiet RFID, bilet\u00f3w RFID i r\u00f3\u017cnych tag\u00f3w RFID. <\/span><\/p>\n<div data-spm-anchor-id=\"a2700.details.0.i46.6f4d7d7dnursE7\">\n<p><span class=\"magic-6\" style=\"font-family: Arial;\"> Antena z suchej wk\u0142adki jest aluminiow\u0105 wytrawion\u0105, kt\u00f3ra jest cie\u0144sza w por\u00f3wnaniu do cewki miedzianej. Kszta\u0142t anteny mo\u017ce by\u0107 dostosowany i przeprojektowany na \u017c\u0105danie.<\/span><\/p>\n<p>&nbsp;<\/p>\n<\/div>\n<\/div>\n<div>\n<div class=\"text-title\"><strong><span class=\"magic-26\" style=\"font-family: Arial;\">Mokra intarsja<\/span><\/strong><\/div>\n<div class=\"text-content\">\n<p><span class=\"magic-6\" style=\"font-family: Arial;\" data-spm-anchor-id=\"a2700.details.0.i49.6f4d7d7dnursE7\">Sucha wk\u0142adka RFID dodana klejem nazywana jest mokr\u0105 wk\u0142adk\u0105. Mo\u017ce by\u0107 u\u017cywana bezpo\u015brednio jako etykieta RFID lub naklejka NFC, je\u015bli nie potrzebujesz \u017cadnego nadruku na powierzchni. Przyklejenie do obiekt\u00f3w mo\u017ce zaoszcz\u0119dzi\u0107 koszty i osi\u0105gn\u0105\u0107 ten sam cel. Jest r\u00f3wnie\u017c szeroko stosowana w produkcji tag\u00f3w RFID. Antena mokrej wk\u0142adki to trawienie aluminium, kt\u00f3re jest cie\u0144sze w por\u00f3wnaniu do cewki miedzianej. Kszta\u0142t anteny mo\u017cna dostosowa\u0107 i przeprojektowa\u0107 na \u017c\u0105danie.<\/span><\/p>\n<div><span class=\"magic-6\" style=\"font-family: Arial;\">\u00a0<\/span><\/div>\n<div data-spm-anchor-id=\"a2700.details.0.i48.6f4d7d7dnursE7\"><\/div>\n<\/div>\n<\/div>","protected":false},"excerpt":{"rendered":"<p>NXP Ntag213 NFC Inlay 144Byte to konkretny typ uk\u0142adu scalonego zgodny z tagiem NFC Forum Type 2, wyposa\u017cony w 144 bajty pami\u0119ci u\u017cytkownika. Zosta\u0142 zaprojektowany z my\u015bl\u0105 o wszechstronno\u015bci, nadaje si\u0119 do r\u00f3\u017cnych zastosowa\u0144 w bran\u017cach takich jak handel detaliczny, gry i elektronika u\u017cytkowa.<\/p>","protected":false},"featured_media":326,"template":"","meta":{"_kad_post_transparent":"default","_kad_post_title":"","_kad_post_layout":"default","_kad_post_sidebar_id":"","_kad_post_content_style":"default","_kad_post_vertical_padding":"default","_kad_post_feature":"","_kad_post_feature_position":"","_kad_post_header":false,"_kad_post_footer":false,"_kad_post_classname":""},"product_brand":[],"product_cat":[54,189],"product_tag":[111,140,110],"class_list":{"0":"post-324","1":"product","2":"type-product","3":"status-publish","4":"has-post-thumbnail","6":"product_cat-hot-selling-rfid-tags","7":"product_cat-rfid-inlay","8":"product_tag-nfc-inlay","9":"product_tag-nxp-ntag213-nfc-inlay-144byte","10":"product_tag-rfid-nfc-inlay","12":"first","13":"instock","14":"shipping-taxable","15":"product-type-simple","16":"entry","17":"content-bg","18":"loop-entry"},"_links":{"self":[{"href":"https:\/\/rfid-laundry-tag.com\/pl\/wp-json\/wp\/v2\/product\/324","targetHints":{"allow":["GET"]}}],"collection":[{"href":"https:\/\/rfid-laundry-tag.com\/pl\/wp-json\/wp\/v2\/product"}],"about":[{"href":"https:\/\/rfid-laundry-tag.com\/pl\/wp-json\/wp\/v2\/types\/product"}],"version-history":[{"count":3,"href":"https:\/\/rfid-laundry-tag.com\/pl\/wp-json\/wp\/v2\/product\/324\/revisions"}],"predecessor-version":[{"id":1336,"href":"https:\/\/rfid-laundry-tag.com\/pl\/wp-json\/wp\/v2\/product\/324\/revisions\/1336"}],"wp:featuredmedia":[{"embeddable":true,"href":"https:\/\/rfid-laundry-tag.com\/pl\/wp-json\/wp\/v2\/media\/326"}],"wp:attachment":[{"href":"https:\/\/rfid-laundry-tag.com\/pl\/wp-json\/wp\/v2\/media?parent=324"}],"wp:term":[{"taxonomy":"product_brand","embeddable":true,"href":"https:\/\/rfid-laundry-tag.com\/pl\/wp-json\/wp\/v2\/product_brand?post=324"},{"taxonomy":"product_cat","embeddable":true,"href":"https:\/\/rfid-laundry-tag.com\/pl\/wp-json\/wp\/v2\/product_cat?post=324"},{"taxonomy":"product_tag","embeddable":true,"href":"https:\/\/rfid-laundry-tag.com\/pl\/wp-json\/wp\/v2\/product_tag?post=324"}],"curies":[{"name":"wp","href":"https:\/\/api.w.org\/{rel}","templated":true}]}}