{"id":321,"date":"2024-06-28T06:45:35","date_gmt":"2024-06-28T06:45:35","guid":{"rendered":"https:\/\/rfid-laundry-tag.com\/?post_type=product&#038;p=321"},"modified":"2024-06-28T06:45:35","modified_gmt":"2024-06-28T06:45:35","slug":"i-code-slix-rfid-library-book-sticker-5050mm","status":"publish","type":"product","link":"https:\/\/rfid-laundry-tag.com\/pl\/i-code-slix-rfid-library-book-sticker-5050mm\/","title":{"rendered":"Naklejka biblioteczna RFID I CODE SLIX 50*50mm"},"content":{"rendered":"<table style=\"font-family: var(--global-body-font-family);\" width=\"772\">\n<tbody>\n<tr>\n<td width=\"153\"><strong>Nazwa produktu<\/strong><\/td>\n<td width=\"619\"><strong>\u00a0Naklejka na ksi\u0105\u017ck\u0119 biblioteczn\u0105 RFID I CODE SLIX\u00a0<\/strong><\/td>\n<\/tr>\n<tr>\n<td width=\"153\">Tworzywo<\/td>\n<td width=\"619\">PET+Al+Papier\/PVC\/PET<\/td>\n<\/tr>\n<tr>\n<td width=\"153\">Kolor<\/td>\n<td width=\"619\">cmyk, drukowanie w czterech kolorach<\/td>\n<\/tr>\n<tr>\n<td width=\"153\">Wymiar etykiety<\/td>\n<td width=\"619\">45*45mm, 50*50mm, itd.<\/td>\n<\/tr>\n<tr>\n<td width=\"153\">\u017beton<\/td>\n<td width=\"619\">\u00a0I CODE SLIX, ICODE\u00ae SLIX-S itp.<\/td>\n<\/tr>\n<tr>\n<td width=\"153\">Protok\u00f3\u0142<\/td>\n<td width=\"619\">ISO15693<\/td>\n<\/tr>\n<tr>\n<td width=\"153\">Cz\u0119stotliwo\u015b\u0107<\/td>\n<td width=\"619\">13,56MHz<\/td>\n<\/tr>\n<tr>\n<td width=\"153\">Odleg\u0142o\u015b\u0107 czytania<\/td>\n<td width=\"619\">HF: 1-30 cm w zale\u017cno\u015bci od czytelnika i \u015brodowiska<\/td>\n<\/tr>\n<tr>\n<td width=\"153\">Drukowanie<\/td>\n<td width=\"619\">CMYK, druk niestandardowy, pusty<\/td>\n<\/tr>\n<tr>\n<td width=\"153\">Pakiet<\/td>\n<td width=\"619\">2000 szt.\/rolka, 16000 szt.\/karton, niestandardowe<\/td>\n<\/tr>\n<tr>\n<td width=\"153\">Darmowa pr\u00f3bka<\/td>\n<td width=\"619\">Tak<\/td>\n<\/tr>\n<\/tbody>\n<\/table>\n<p>&nbsp;<\/p>\n<p>System, zaprojektowany przede wszystkim w celu zwi\u0119kszenia efektywno\u015bci procedur zarz\u0105dzania ksi\u0105\u017ckami i plikami, pomaga w sprawdzaniu stanu zapas\u00f3w, \u015bledzeniu lokalizacji, umo\u017cliwianiu samoobs\u0142ugowych system\u00f3w zwrot\u00f3w ksi\u0105\u017cek i zapobieganiu kradzie\u017cy, aby wymieni\u0107 kilka funkcjonalno\u015bci. Jego u\u017cycie znacznie optymalizuje dzia\u0142anie biblioteki, co czyni go m\u0105drym wyborem dla nowoczesnych bibliotek.<\/p>\n<div class=\"auto-hide-last-sibling-br paragraph_9dc5f paragraph-element\">Naklejka biblioteczna I CODE SLIX RFID Book Sticker to skuteczne rozwi\u0105zanie do inteligentnego zarz\u0105dzania zasobami bibliotecznymi. Oto jej funkcje i odpowiedzi na niekt\u00f3re cz\u0119sto zadawane pytania:<\/div>\n<p>&nbsp;<\/p>\n<div class=\"auto-hide-last-sibling-br paragraph_9dc5f paragraph-element\"><strong>Cechy naklejki bibliotecznej I CODE SLIX RFID:<\/strong><\/div>\n<ol class=\"auto-hide-last-sibling-br\">\n<li>Ten znacznik RFID zgodny z norm\u0105 ISO15693 zosta\u0142 zaprojektowany specjalnie dla system\u00f3w zarz\u0105dzania bibliotekami.<\/li>\n<li>Dzia\u0142a na cz\u0119stotliwo\u015bci 13,56 MHz w pa\u015bmie wysokich cz\u0119stotliwo\u015bci (HF).<\/li>\n<li>Naklejki te wyst\u0119puj\u0105 w r\u00f3\u017cnych rozmiarach, w tym 85*<em>50mm i 50*<\/em>50mm.<\/li>\n<li>S\u0105 wodoodporne i samoprzylepne.<\/li>\n<li>Oferuj\u0105 one odleg\u0142o\u015b\u0107 odczytu od 1 do 15 cm, a pami\u0119\u0107 u\u017cytkownika wynosi 896 bit\u00f3w.<\/li>\n<li>Idealnie nadaj\u0105 si\u0119 do zastosowa\u0144, w kt\u00f3rych przestrze\u0144 jest ograniczona, najcz\u0119\u015bciej w systemach zarz\u0105dzania dokumentacj\u0105.<\/li>\n<\/ol>\n<p>&nbsp;<\/p>\n<div class=\"auto-hide-last-sibling-br paragraph_9dc5f paragraph-element\"><strong>Najcz\u0119\u015bciej zadawane pytania (FAQ):<\/strong><\/div>\n<ul class=\"auto-hide-last-sibling-br\">\n<li>\n<div class=\"auto-hide-last-sibling-br paragraph_9dc5f paragraph-element\"><strong>Pytanie 1:<\/strong>\u00a0Jak mog\u0119 z\u0142o\u017cy\u0107 zam\u00f3wienie?<\/div>\n<ul class=\"auto-hide-last-sibling-br\">\n<li>A: Mo\u017cesz przekaza\u0107 swoje wymagania do dzia\u0142u obs\u0142ugi klienta, sfinalizowa\u0107 specyfikacj\u0119 produktu, dokona\u0107 p\u0142atno\u015bci, a nast\u0119pnie zorganizowa\u0107 dostaw\u0119 produktu.<\/li>\n<\/ul>\n<\/li>\n<li>\n<div class=\"auto-hide-last-sibling-br paragraph_9dc5f paragraph-element\"><strong>Pytanie 2:<\/strong>\u00a0Jaki jest przewidywany czas realizacji zam\u00f3wienia\/dostawy?<\/div>\n<ul class=\"auto-hide-last-sibling-br\">\n<li>A: Przewidywany termin produkcji i dostawy wynosi zazwyczaj 20 dni. Mo\u017ce si\u0119 to jednak zmieni\u0107 w zale\u017cno\u015bci od konkretnych konfiguracji zam\u00f3wienia.<\/li>\n<\/ul>\n<\/li>\n<li>\n<div class=\"auto-hide-last-sibling-br paragraph_9dc5f paragraph-element\"><strong>Pytanie 3:<\/strong>\u00a0Czy wszystkie przedmioty przechodz\u0105 testy przed wysy\u0142k\u0105?<\/div>\n<ul class=\"auto-hide-last-sibling-br\">\n<li>A: Rzeczywi\u015bcie, wszystkie przedmioty przechodz\u0105 kompleksowe testy przed wysy\u0142k\u0105, obejmuj\u0105ce r\u00f3wnie\u017c podstawowe kontrole sprz\u0119tu.<\/li>\n<\/ul>\n<\/li>\n<li>\n<div class=\"auto-hide-last-sibling-br paragraph_9dc5f paragraph-element\"><strong>Pytanie 4:<\/strong>\u00a0Czy jest mo\u017cliwe otrzymanie przesy\u0142ki pr\u00f3bnej?<\/div>\n<ul class=\"auto-hide-last-sibling-br\">\n<li>O: Tak, naszym klientom udost\u0119pniamy rzeczywiste produkty w formie pr\u00f3bek.<\/li>\n<\/ul>\n<\/li>\n<\/ul>","protected":false},"excerpt":{"rendered":"<p>Naklejka biblioteczna I CODE SLIX RFID o wymiarach 50*50 mm odgrywa kluczow\u0105 rol\u0119 w zarz\u0105dzaniu ksi\u0105\u017ckami i plikami bibliotecznymi. Wsp\u00f3\u0142pracuj\u0105c z anten\u0105 RFID i czytnikiem, przyczynia si\u0119 do inteligentnego zarz\u0105dzania zasobami bibliotecznymi.<\/p>","protected":false},"featured_media":323,"template":"","meta":{"_kad_post_transparent":"default","_kad_post_title":"","_kad_post_layout":"default","_kad_post_sidebar_id":"","_kad_post_content_style":"default","_kad_post_vertical_padding":"default","_kad_post_feature":"","_kad_post_feature_position":"","_kad_post_header":false,"_kad_post_footer":false,"_kad_post_classname":""},"product_brand":[],"product_cat":[54],"product_tag":[138,139],"class_list":{"0":"post-321","1":"product","2":"type-product","3":"status-publish","4":"has-post-thumbnail","6":"product_cat-hot-selling-rfid-tags","7":"product_tag-i-code-slix-rfid-library-book-sticker","8":"product_tag-i-code-slix-rfid-sticker","10":"first","11":"instock","12":"shipping-taxable","13":"product-type-simple","14":"entry","15":"content-bg","16":"loop-entry"},"_links":{"self":[{"href":"https:\/\/rfid-laundry-tag.com\/pl\/wp-json\/wp\/v2\/product\/321","targetHints":{"allow":["GET"]}}],"collection":[{"href":"https:\/\/rfid-laundry-tag.com\/pl\/wp-json\/wp\/v2\/product"}],"about":[{"href":"https:\/\/rfid-laundry-tag.com\/pl\/wp-json\/wp\/v2\/types\/product"}],"version-history":[{"count":0,"href":"https:\/\/rfid-laundry-tag.com\/pl\/wp-json\/wp\/v2\/product\/321\/revisions"}],"wp:featuredmedia":[{"embeddable":true,"href":"https:\/\/rfid-laundry-tag.com\/pl\/wp-json\/wp\/v2\/media\/323"}],"wp:attachment":[{"href":"https:\/\/rfid-laundry-tag.com\/pl\/wp-json\/wp\/v2\/media?parent=321"}],"wp:term":[{"taxonomy":"product_brand","embeddable":true,"href":"https:\/\/rfid-laundry-tag.com\/pl\/wp-json\/wp\/v2\/product_brand?post=321"},{"taxonomy":"product_cat","embeddable":true,"href":"https:\/\/rfid-laundry-tag.com\/pl\/wp-json\/wp\/v2\/product_cat?post=321"},{"taxonomy":"product_tag","embeddable":true,"href":"https:\/\/rfid-laundry-tag.com\/pl\/wp-json\/wp\/v2\/product_tag?post=321"}],"curies":[{"name":"wp","href":"https:\/\/api.w.org\/{rel}","templated":true}]}}