{"id":3191,"date":"2026-01-09T13:46:57","date_gmt":"2026-01-09T13:46:57","guid":{"rendered":"https:\/\/rfid-laundry-tag.com\/?post_type=product&#038;p=3191"},"modified":"2026-01-09T13:46:57","modified_gmt":"2026-01-09T13:46:57","slug":"uhf-wash-care-label-rfid-chips-in-garment","status":"publish","type":"product","link":"https:\/\/rfid-laundry-tag.com\/pl\/uhf-wash-care-label-rfid-chips-in-garment\/","title":{"rendered":"Etykieta piel\u0119gnacyjna UHF z chipami RFID w odzie\u017cy"},"content":{"rendered":"<div class=\"J_module\">\n<div class=\"ife-detail-decorate-table\">\n<table class=\"hight-light-first-column all magic-14\">\n<tbody>\n<tr>\n<td colspan=\"1\" rowspan=\"1\">\n<div class=\"magic-15\" data-spm-anchor-id=\"a2700.details.0.i95.236a58c1ycsfva\">Nazwa produkcji:<\/div>\n<\/td>\n<td colspan=\"1\" rowspan=\"1\">\n<div class=\"magic-16\"><strong>Etykieta piel\u0119gnacyjna UHF z chipami RFID w odzie\u017cy<\/strong><\/div>\n<\/td>\n<\/tr>\n<tr>\n<td colspan=\"1\" rowspan=\"1\">\n<div class=\"magic-15\"><span class=\"magic-17\">Tworzywo:<\/span><\/div>\n<\/td>\n<td colspan=\"1\" rowspan=\"1\">\n<div class=\"magic-16\">Poliester\/Kompozycja\/Satyna\/Bawe\u0142na\/W\u0142\u00f3knina\/PET itp.<\/div>\n<\/td>\n<\/tr>\n<tr>\n<td colspan=\"1\" rowspan=\"1\">\n<div class=\"magic-15\"><span class=\"magic-17\">Rozmiar:<\/span><\/div>\n<\/td>\n<td colspan=\"1\" rowspan=\"1\">\n<div class=\"magic-16\"><span class=\"magic-17\">80*38mm\/60*30mm\/61*26mm\/60*22MM\/itp. lub dostosowane<\/span><\/div>\n<\/td>\n<\/tr>\n<tr>\n<td colspan=\"1\" rowspan=\"1\">\n<div class=\"magic-15\"><span class=\"magic-17\">Typ:<\/span><\/div>\n<\/td>\n<td colspan=\"1\" rowspan=\"1\">\n<div class=\"magic-16\"><span class=\"magic-17\">Pasywny, RFID<\/span><\/div>\n<\/td>\n<\/tr>\n<tr>\n<td colspan=\"1\" rowspan=\"1\">\n<div class=\"magic-15\">Protok\u00f3\u0142 RF:<\/div>\n<\/td>\n<td colspan=\"1\" rowspan=\"1\">\n<div class=\"magic-16\">ISO 18000-6C; EPC Klasa 1 Gen 2<\/div>\n<\/td>\n<\/tr>\n<tr>\n<td colspan=\"1\" rowspan=\"1\">\n<div class=\"magic-15\"><span class=\"magic-17\">Cz\u0119stotliwo\u015b\u0107:<\/span><\/div>\n<\/td>\n<td colspan=\"1\" rowspan=\"1\">\n<div class=\"magic-16\"><span class=\"magic-17\">860~960MHz<\/span><\/div>\n<\/td>\n<\/tr>\n<tr>\n<td colspan=\"1\" rowspan=\"1\">\n<div class=\"magic-15\">\u017beton<\/div>\n<\/td>\n<td colspan=\"1\" rowspan=\"1\">\n<div class=\"magic-16\">U8, U9, Alien Higgs, Monza 4D, Monza 4QT, Monza R6, Monza R6-P, Impinj M730, Impinj M750 itp.<\/div>\n<\/td>\n<\/tr>\n<tr>\n<td colspan=\"1\" rowspan=\"1\">\n<div class=\"magic-15\"><span class=\"magic-17\">Odleg\u0142o\u015b\u0107 odczytu:<\/span><\/div>\n<\/td>\n<td colspan=\"1\" rowspan=\"1\">\n<div class=\"magic-16\"><span class=\"magic-17\">UHF: 1~10m (w zale\u017cno\u015bci od czytnika i anteny)<\/span><\/div>\n<\/td>\n<\/tr>\n<tr>\n<td colspan=\"1\" rowspan=\"1\">\n<div class=\"magic-15\"><span class=\"magic-17\">Sta\u0142y spos\u00f3b:<\/span><\/div>\n<\/td>\n<td colspan=\"1\" rowspan=\"1\">\n<div class=\"magic-16\"><span class=\"magic-17\">Szycie \/ prasowanie<\/span><\/div>\n<\/td>\n<\/tr>\n<tr>\n<td colspan=\"1\" rowspan=\"1\">\n<div class=\"magic-15\"><span class=\"magic-17\">Druk:<\/span><\/div>\n<\/td>\n<td colspan=\"1\" rowspan=\"1\">\n<div class=\"magic-16\"><span class=\"magic-17\">Drukowanie, kodowanie, numer seryjny, projekt itp.<\/span><\/div>\n<\/td>\n<\/tr>\n<tr>\n<td colspan=\"1\" rowspan=\"1\">\n<div class=\"magic-15\"><span class=\"magic-17\">\u017bycie IC:<\/span><\/div>\n<\/td>\n<td colspan=\"1\" rowspan=\"1\">\n<div class=\"magic-16\" data-spm-anchor-id=\"a2700.details.0.i94.236a58c1ycsfva\"><span class=\"magic-17\">100 000 cykli programowania<br \/>\n10 lat przechowywania danych<\/span><\/div>\n<\/td>\n<\/tr>\n<tr>\n<td colspan=\"1\" rowspan=\"1\">\n<div class=\"magic-15\"><span class=\"magic-17\">Dost\u0119pno\u015b\u0107 pr\u00f3bek:<\/span><\/div>\n<\/td>\n<td colspan=\"1\" rowspan=\"1\">\n<div class=\"magic-16\"><span class=\"magic-17\">Bezp\u0142atne pr\u00f3bki s\u0105 dost\u0119pne na \u017cyczenie<\/span><\/div>\n<\/td>\n<\/tr>\n<tr>\n<td colspan=\"1\" rowspan=\"1\">\n<div class=\"magic-15\"><span class=\"magic-17\">Zastosowania:\u00a0<\/span><\/div>\n<\/td>\n<td colspan=\"1\" rowspan=\"1\">\n<div class=\"magic-16\"><span class=\"magic-17\">\u00b7 Zarz\u0105dzanie zapasami<br \/>\n\u00b7 \u0141a\u0144cuch dostaw<br \/>\n\u00b7 Sprzeda\u017c detaliczna<\/span><\/div>\n<\/td>\n<\/tr>\n<tr>\n<td colspan=\"1\" rowspan=\"1\">\n<div class=\"magic-15\"><span class=\"magic-17\">U\u017cywa\u0107<\/span><\/div>\n<\/td>\n<td colspan=\"1\" rowspan=\"1\">\n<div class=\"magic-16\"><span class=\"magic-17\">Ubrania, odzie\u017c, torby, buty itp.<\/span><\/div>\n<\/td>\n<\/tr>\n<\/tbody>\n<\/table>\n<\/div>\n<\/div>\n<div class=\"J_module\">\n<div class=\"detail-decorate-json-renderer-container\">\n<div class=\"magic-1\">\n<div class=\"magic-5\">\n<div class=\"magic-6\">\n<div><\/div>\n<\/div>\n<div>\n<div class=\"auto-hide-last-sibling-br paragraph_1252f paragraph-element\">\n<div class=\"auto-hide-last-sibling-br paragraph_1252f paragraph-element\">\n<div class=\"auto-hide-last-sibling-br paragraph_1252f paragraph-element\">\n<p>&nbsp;<\/p>\n<div class=\"auto-hide-last-sibling-br paragraph_1252f paragraph-element\">\n<p><a href=\"https:\/\/rfid-laundry-tag.com\/pl\/\"><strong>Etykieta piel\u0119gnacyjna UHF Chipy RFID<\/strong>\u00a0<\/a>Oferuj\u0105 wygodniejsz\u0105 i przyjazn\u0105 dla sk\u00f3ry alternatyw\u0119 dla tradycyjnych metek odzie\u017cowych. Zaprojektowane z my\u015bl\u0105 o \u0142atwej integracji z odzie\u017c\u0105, metki te usprawniaj\u0105 zarz\u0105dzanie odzie\u017c\u0105.<\/p>\n<\/div>\n<\/div>\n<\/div>\n<div><\/div>\n<div class=\"auto-hide-last-sibling-br paragraph_1252f paragraph-element\">\n<div class=\"auto-hide-last-sibling-br paragraph_1252f paragraph-element\">\n<h2 class=\"AnswerParser_AnswerParserH2__SIHnF\">Zwi\u0119ksz widoczno\u015b\u0107 swojego \u0142a\u0144cucha dostaw<\/h2>\n<p><span class=\"AnswerParser_TextContainer__z_Iiv\" data-testid=\"youchat-text\">Dzi\u0119ki integracji naszych chip\u00f3w RFID UHF Wash Care Label z odzie\u017c\u0105 zyskujesz niespotykany dot\u0105d wgl\u0105d w sw\u00f3j \u0142a\u0144cuch dostaw. \u015aled\u017a swoj\u0105 odzie\u017c od produkcji do sprzeda\u017cy, a nawet przez wiele cykli prania w pralniach przemys\u0142owych.<\/span><span class=\"AnswerParser_TextContainer__z_Iiv\" data-testid=\"youchat-text\">Dzi\u0119ki tej zwi\u0119kszonej widoczno\u015bci mo\u017cesz:<\/span><\/p>\n<ul class=\"AnswerParser_AnswerParserUnorderedList__P_1FW\">\n<li class=\"AnswerParser_ListItem__XqLOV\" translate=\"yes\">Zmniejszenie kurczenia si\u0119 i strat<\/li>\n<li class=\"AnswerParser_ListItem__XqLOV\" translate=\"yes\">Poprawa efektywno\u015bci wymiany produkt\u00f3w<\/li>\n<li class=\"AnswerParser_ListItem__XqLOV\" translate=\"yes\">Optymalizacja poziom\u00f3w zapas\u00f3w<\/li>\n<li class=\"AnswerParser_ListItem__XqLOV\" translate=\"yes\">Zwi\u0119ksz zadowolenie klient\u00f3w dzi\u0119ki lepszej dost\u0119pno\u015bci produkt\u00f3w<\/li>\n<\/ul>\n<h2 class=\"AnswerParser_AnswerParserH2__SIHnF\">\u0141atwa instalacja i u\u017cytkowanie<\/h2>\n<p><span class=\"AnswerParser_TextContainer__z_Iiv\" data-testid=\"youchat-text\">Nasze etykiety piel\u0119gnacyjne RFID zaprojektowano tak, aby bezproblemowo integrowa\u0142y si\u0119 z odzie\u017c\u0105:<\/span><\/p>\n<ol class=\"AnswerParser_AnswerParserOrderedList__kl_2Y\">\n<li class=\"AnswerParser_ListItem__XqLOV\" translate=\"yes\"><strong>Opcja wszywania<\/strong>:Tradycyjna metoda mocowania zapewniaj\u0105ca trwa\u0142o\u015b\u0107.<\/li>\n<li class=\"AnswerParser_ListItem__XqLOV\" translate=\"yes\"><strong>Aplikacja do prasowania<\/strong>:Szybki i \u0142atwy monta\u017c z wykorzystaniem technologii transferu ciep\u0142a.<\/li>\n<\/ol>\n<p><span class=\"AnswerParser_TextContainer__z_Iiv\" data-testid=\"youchat-text\">Obie metody gwarantuj\u0105, \u017ce metka pozostanie trwale przymocowana przez ca\u0142y okres u\u017cytkowania odzie\u017cy.<\/span><\/p>\n<h3 class=\"auto-hide-last-sibling-br paragraph_1252f paragraph-element\"><strong>Oto kilka przyk\u0142ad\u00f3w, w jaki spos\u00f3b najlepsze marki odzie\u017cowe z powodzeniem wdro\u017cy\u0142y tagi RFID UHF:<\/strong><\/h3>\n<ol class=\"auto-hide-last-sibling-br\">\n<li>\n<div class=\"auto-hide-last-sibling-br paragraph_1252f paragraph-element\"><strong>Prada<\/strong>: Ta s\u0142ynna w\u0142oska marka luksusowa przyj\u0119\u0142a tagi RFID w 2001 r., umo\u017cliwiaj\u0105c szczeg\u00f3\u0142owe rejestrowanie informacji, takich jak styl, rozmiar, kolor i cena. Co ciekawe, gdy klienci nosz\u0105cy ubrania Prady przechodz\u0105 przez ich sklepy, odpowiadaj\u0105ce im stroje s\u0105 wy\u015bwietlane na modelkach w sklepie, na\u015bladuj\u0105c wybieg mody w Mediolanie. To innowacyjne zastosowanie technologii RFID zwi\u0119ksza zadowolenie klient\u00f3w Prady po zakupie.<\/div>\n<\/li>\n<li>\n<div class=\"auto-hide-last-sibling-br paragraph_1252f paragraph-element\"><strong>H&amp;M<\/strong>:Ta mi\u0119dzynarodowa marka zacz\u0119\u0142a stosowa\u0107 technologi\u0119 RFID w 2014 roku. W planowanych 1800 sklepach technologia RFID umo\u017cliwia automatyczne \u015bledzenie kategorii produkt\u00f3w, ilo\u015bci i zu\u017cycia.<\/div>\n<\/li>\n<li>\n<div class=\"auto-hide-last-sibling-br paragraph_1252f paragraph-element\"><strong>ZARA<\/strong>W pierwszej po\u0142owie 2016 roku sp\u00f3\u0142ka macierzysta ZARA, Inditex, poinformowa\u0142a, \u017ce zastosowanie technologii RFID usprawni\u0142o zarz\u0105dzanie zapasami i dostawami oko\u0142o 70% jej marek. Wdro\u017cenie to prze\u0142o\u017cy\u0142o si\u0119 na wzrost sprzeda\u017cy o 11,1% i wzrost zysku o 7,5%, co stanowi 1,26 mld euro.<\/div>\n<\/li>\n<li>\n<div class=\"auto-hide-last-sibling-br paragraph_1252f paragraph-element\"><strong>Uniqlo<\/strong>:W 2017 r. firma Uniqlo og\u0142osi\u0142a plan wdro\u017cenia tag\u00f3w RFID UHF w 3000 sklep\u00f3w na ca\u0142ym \u015bwiecie, staj\u0105c si\u0119 tym samym pierwszym japo\u0144skim sprzedawc\u0105 detalicznym, kt\u00f3ry zacz\u0105\u0142 stosowa\u0107 elektroniczne tagi na \u015bwiecie.<\/div>\n<\/li>\n<\/ol>\n<div class=\"auto-hide-last-sibling-br paragraph_1252f paragraph-element\">To tylko kilka przyk\u0142ad\u00f3w wykorzystania tag\u00f3w RFID przez czo\u0142owe marki odzie\u017cowe. Od 2019 roku praktycznie ka\u017cda marka \u015bwiatowej klasy zastosowa\u0142a tagi RFID w swoich ubraniach, co prze\u0142o\u017cy\u0142o si\u0119 na ponad 20 miliard\u00f3w sztuk odzie\u017cy z tagami \u2013 liczba ta stale ro\u015bnie. Inne znane marki, kt\u00f3re wdro\u017cy\u0142y t\u0119 technologi\u0119, to Nike i Walmart.<\/div>\n<\/div>\n<\/div>\n<\/div>\n<h2 class=\"AnswerParser_AnswerParserH2__SIHnF\">Skontaktuj si\u0119 z nami, aby uzyska\u0107 dostosowane rozwi\u0105zanie<\/h2>\n<p><span class=\"AnswerParser_TextContainer__z_Iiv\" data-testid=\"youchat-text\">Gotowy na rewolucj\u0119 w zarz\u0105dzaniu odzie\u017c\u0105 dzi\u0119ki naszym etykietom do prania UHF RFID? Jeste\u015bmy tu, aby pom\u00f3c Ci znale\u017a\u0107 idealne rozwi\u0105zanie dla Twoich potrzeb.<\/span><\/p>\n<ul class=\"AnswerParser_AnswerParserUnorderedList__P_1FW\">\n<li class=\"AnswerParser_ListItem__XqLOV\" translate=\"yes\"><strong>Bezp\u0142atne pr\u00f3bki<\/strong>: Zam\u00f3w bezp\u0142atne pr\u00f3bki do przetestowania w swoim \u015brodowisku.<\/li>\n<li class=\"AnswerParser_ListItem__XqLOV\" translate=\"yes\"><strong>Personalizacja<\/strong>: Daj nam zna\u0107, jakie s\u0105 Twoje konkretne wymagania, aby\u015bmy mogli przygotowa\u0107 dla Ciebie rozwi\u0105zanie dostosowane do Twoich potrzeb.<\/li>\n<li class=\"AnswerParser_ListItem__XqLOV\" translate=\"yes\"><strong>Konsultacja Ekspercka<\/strong>:Nasz zesp\u00f3\u0142 specjalist\u00f3w RFID jest gotowy odpowiedzie\u0107 na Twoje pytania.<\/li>\n<\/ul>\n<p>Podsumowuj\u0105c, satynowe etykiety piel\u0119gnacyjne UHF \u0142\u0105cz\u0105 w sobie komfort, wygod\u0119 i zaawansowan\u0105 technologi\u0119, dzi\u0119ki czemu s\u0105 doskona\u0142ym wyborem zar\u00f3wno dla producent\u00f3w, jak i konsument\u00f3w poszukuj\u0105cych lepszego rozwi\u0105zania w zakresie etykietowania.<\/p>\n<p>&nbsp;<\/p>\n<\/div>\n<\/div>\n<\/div>\n<\/div>\n<\/div>","protected":false},"excerpt":{"rendered":"<p><strong>Etykieta piel\u0119gnacyjna UHF z chipami RFID w odzie\u017cy<\/strong>\u00a0oferujemy wygodniejsz\u0105 i przyjazn\u0105 dla sk\u00f3ry alternatyw\u0119 dla tradycyjnych marek odzie\u017cowych, dzi\u0119ki ponad 15-letniemu do\u015bwiadczeniu!<\/p>","protected":false},"featured_media":3192,"template":"","meta":{"_kad_post_transparent":"default","_kad_post_title":"","_kad_post_layout":"default","_kad_post_sidebar_id":"","_kad_post_content_style":"default","_kad_post_vertical_padding":"default","_kad_post_feature":"","_kad_post_feature_position":"","_kad_post_header":false,"_kad_post_footer":false,"_kad_post_classname":""},"product_brand":[],"product_cat":[81],"product_tag":[389,390,388,391],"class_list":{"0":"post-3191","1":"product","2":"type-product","3":"status-publish","4":"has-post-thumbnail","6":"product_cat-rfid-wash-care-clothing-label","7":"product_tag-rfid-chips-in-garment","8":"product_tag-uhf-wash-care-labe","9":"product_tag-uhf-wash-care-label-rfid-chips-in-garment","10":"product_tag-wash-care-label-rfid","12":"first","13":"instock","14":"shipping-taxable","15":"product-type-simple","16":"entry","17":"content-bg","18":"loop-entry"},"_links":{"self":[{"href":"https:\/\/rfid-laundry-tag.com\/pl\/wp-json\/wp\/v2\/product\/3191","targetHints":{"allow":["GET"]}}],"collection":[{"href":"https:\/\/rfid-laundry-tag.com\/pl\/wp-json\/wp\/v2\/product"}],"about":[{"href":"https:\/\/rfid-laundry-tag.com\/pl\/wp-json\/wp\/v2\/types\/product"}],"version-history":[{"count":1,"href":"https:\/\/rfid-laundry-tag.com\/pl\/wp-json\/wp\/v2\/product\/3191\/revisions"}],"predecessor-version":[{"id":3194,"href":"https:\/\/rfid-laundry-tag.com\/pl\/wp-json\/wp\/v2\/product\/3191\/revisions\/3194"}],"wp:featuredmedia":[{"embeddable":true,"href":"https:\/\/rfid-laundry-tag.com\/pl\/wp-json\/wp\/v2\/media\/3192"}],"wp:attachment":[{"href":"https:\/\/rfid-laundry-tag.com\/pl\/wp-json\/wp\/v2\/media?parent=3191"}],"wp:term":[{"taxonomy":"product_brand","embeddable":true,"href":"https:\/\/rfid-laundry-tag.com\/pl\/wp-json\/wp\/v2\/product_brand?post=3191"},{"taxonomy":"product_cat","embeddable":true,"href":"https:\/\/rfid-laundry-tag.com\/pl\/wp-json\/wp\/v2\/product_cat?post=3191"},{"taxonomy":"product_tag","embeddable":true,"href":"https:\/\/rfid-laundry-tag.com\/pl\/wp-json\/wp\/v2\/product_tag?post=3191"}],"curies":[{"name":"wp","href":"https:\/\/api.w.org\/{rel}","templated":true}]}}