{"id":319,"date":"2024-06-28T06:17:02","date_gmt":"2024-06-28T06:17:02","guid":{"rendered":"https:\/\/rfid-laundry-tag.com\/?post_type=product&#038;p=319"},"modified":"2024-09-23T10:21:27","modified_gmt":"2024-09-23T10:21:27","slug":"iso15693-i-code-slix-rfid-inlay","status":"publish","type":"product","link":"https:\/\/rfid-laundry-tag.com\/pl\/iso15693-i-code-slix-rfid-inlay\/","title":{"rendered":"Wk\u0142adka ISO15693 ICODE SLIX RFID"},"content":{"rendered":"<table class=\"hight-light-first-column all magic-1\">\n<tbody>\n<tr>\n<td colspan=\"1\" rowspan=\"1\">\n<div class=\"magic-2\">\n<div class=\"magic-3\" data-spm-anchor-id=\"a2700.pc-decorate.0.i24.7f543333WPG8F0\"><span class=\"magic-4\" data-spm-anchor-id=\"a2700.pc-decorate.0.i23.7f543333WPG8F0\"><span class=\"magic-5\" style=\"color: #000000; font-family: Roboto;\"><b class=\"magic-4\" data-spm-anchor-id=\"a2700.pc-decorate.0.i114.7f543333WPG8F0\">Przedmiot<\/b><\/span><\/span><\/div>\n<\/div>\n<\/td>\n<td colspan=\"4\" rowspan=\"1\">\n<div class=\"magic-6\"><strong>Wk\u0142adka ISO15693 ICODE SLIX RFID<\/strong><\/div>\n<\/td>\n<\/tr>\n<tr>\n<td colspan=\"1\" rowspan=\"1\">\n<div class=\"magic-2\">\n<div class=\"magic-3\" data-spm-anchor-id=\"a2700.pc-decorate.0.i22.7f543333WPG8F0\"><span class=\"magic-4\" data-spm-anchor-id=\"a2700.pc-decorate.0.i10.7f543333WPG8F0\"><b class=\"magic-4\"><span class=\"magic-5\" style=\"color: #000000; font-family: Roboto;\">Tworzywo<\/span><\/b><\/span><\/div>\n<\/div>\n<\/td>\n<td colspan=\"4\" rowspan=\"1\">\n<div class=\"magic-9\"><span class=\"magic-5\" style=\"color: #000000;\">Papier \/ Folia PP \/PET \/Wk\u0142adka<\/span><\/div>\n<\/td>\n<\/tr>\n<tr>\n<td colspan=\"1\" rowspan=\"1\">\n<div class=\"magic-2\">\n<div class=\"magic-3\" data-spm-anchor-id=\"a2700.pc-decorate.0.i34.7f543333WPG8F0\"><b class=\"magic-13\" data-spm-anchor-id=\"a2700.pc-decorate.0.i111.7f543333WPG8F0\"><span class=\"magic-5\" style=\"color: #000000; font-family: Roboto;\">Cz\u0119stotliwo\u015b\u0107<\/span><\/b><\/div>\n<\/div>\n<\/td>\n<td colspan=\"4\" rowspan=\"1\">\n<div class=\"magic-6\"><span class=\"magic-5\" style=\"color: #000000; font-family: Roboto;\" data-spm-anchor-id=\"a2700.details.0.i25.244e512bmtbZH7\">13,56MHz<\/span><\/div>\n<\/td>\n<\/tr>\n<tr>\n<td colspan=\"1\" rowspan=\"1\">\n<div class=\"magic-2\">\n<div class=\"magic-3\" data-spm-anchor-id=\"a2700.pc-decorate.0.i33.7f543333WPG8F0\"><b class=\"magic-4\"><span class=\"magic-5\" style=\"color: #000000; font-family: Roboto;\">Rozmiar<\/span><\/b><\/div>\n<\/div>\n<\/td>\n<td colspan=\"4\" rowspan=\"1\">\n<div class=\"magic-9\"><span class=\"magic-5\" style=\"color: #000000;\">50*50\/45*45\/30*15\/40*25\/\u015arednica 25\/30 lub niestandardowy rozmiar<\/span><\/div>\n<\/td>\n<\/tr>\n<tr>\n<td colspan=\"1\" rowspan=\"1\">\n<div class=\"magic-2\">\n<div class=\"magic-3\"><b class=\"magic-14\">Aplikacje<\/b><\/div>\n<\/div>\n<\/td>\n<td colspan=\"4\" rowspan=\"1\">\n<div class=\"magic-6\" data-spm-anchor-id=\"a2700.details.0.i24.244e512bmtbZH7\"><span class=\"magic-5\" style=\"color: #000000; font-family: Roboto;\">Szeroko stosowane w zarz\u0105dzaniu aktywami, odzie\u017c\u0105, inwentaryzacj\u0105, bibliotek\u0105, jubilerstwem, logistyk\u0105 itp.<\/span><\/div>\n<\/td>\n<\/tr>\n<\/tbody>\n<\/table>\n<p>&nbsp;<\/p>\n<p>Uk\u0142ad scalony ICODE SLIX to dedykowany uk\u0142ad scalony do inteligentnych aplikacji etykietowych, takich jak biblioteki, uwierzytelnianie produkt\u00f3w w r\u00f3\u017cnych bran\u017cach, takich jak farmaceutyka, urz\u0105dzenia medyczne i alkohol, a tak\u017ce zarz\u0105dzanie produkcj\u0105 w r\u00f3\u017cnych obszarach bran\u017cy. Ten uk\u0142ad scalony jest trzeci\u0105 generacj\u0105 rodziny produkt\u00f3w inteligentnych uk\u0142ad\u00f3w scalonych etykiet opartych na normach ISO ISO\/IEC 15693 i ISO\/IEC 18000-3, przed\u0142u\u017caj\u0105c udan\u0105 histori\u0119 NXP<sup>\u00ae<\/sup>\u00a0w dziedzinie system\u00f3w identyfikacji otoczenia.<\/p>\n<h3>Bezkontaktowy przesy\u0142 energii i danych<\/h3>\n<p>Kiedykolwiek pod\u0142\u0105czony do bardzo prostego i \u0142atwego do wyprodukowania typu anteny (w wyniku cz\u0119stotliwo\u015bci no\u015bnej 13,56 MHz) wykonanej z kilku uzwoje\u0144 drukowanych, nawijanych, trawionych lub dziurkowanych, uk\u0142ad scalony ICODE SLIX mo\u017ce by\u0107 obs\u0142ugiwany bez linii wzroku do odleg\u0142o\u015bci 1,5 m (szeroko\u015b\u0107 bramki). Nie jest wymagana \u017cadna bateria. Kiedy inteligentna etykieta jest umieszczona w polu anteny interrogatora, szybki interfejs komunikacyjny RF umo\u017cliwia transmisj\u0119 danych do 53 kbit\/s.<\/p>\n<h3>Antykolizyjny<\/h3>\n<p>Inteligentna funkcja antykolizyjna umo\u017cliwia jednoczesne dzia\u0142anie kilku tag\u00f3w w terenie. Algorytm antykolizyjny wybiera ka\u017cdy tag indywidualnie i zapewnia, \u017ce wykonanie transakcji z wybranym tagiem jest wykonywane poprawnie, bez uszkodzenia danych wynikaj\u0105cego z obecno\u015bci innych tag\u00f3w w terenie.<\/p>\n<h3>Cechy uk\u0142adu ISO15693 ICODE SLIX RFID Inlay Chip<\/h3>\n<div id=\"featuresXsp\" class=\"features-list\">\n<div class=\"features-xsp\">\n<div class=\"collapse-mobile ste-list\">\n<h3>Interfejs RF ICODE SLIX (ISO\/IEC 15693)<\/h3>\n<ul class=\"boxes\">\n<li>Bezkontaktowa transmisja danych i zasilanie (nie wymaga baterii)<\/li>\n<li>Zasi\u0119g dzia\u0142ania: do 1,5 m (w zale\u017cno\u015bci od geometrii anteny)<\/li>\n<li>Cz\u0119stotliwo\u015b\u0107 pracy: 13,56 MHz (ISM, og\u00f3lno\u015bwiatowa licencja dost\u0119pna bezp\u0142atnie)<\/li>\n<li>Szybki transfer danych: do 53 kbit\/s<\/li>\n<li>Wysoka integralno\u015b\u0107 danych: 16-bitowy CRC, ramkowanie<\/li>\n<li>Prawdziwe zabezpieczenie antykolizyjne<\/li>\n<li>Chroniony has\u0142em elektroniczny monitoring artyku\u0142\u00f3w (EAS)<\/li>\n<li>Zabezpieczony has\u0142em identyfikator rodziny aplikacji (AFI)<\/li>\n<li>Identyfikator formatu przechowywania danych (DSFID)<\/li>\n<li>Dodatkowy szybki odczyt antykolizyjny<\/li>\n<li>Odleg\u0142o\u015b\u0107 zapisu r\u00f3wna si\u0119 odleg\u0142o\u015bci odczytu<\/li>\n<\/ul>\n<\/div>\n<div class=\"collapse-mobile ste-list\">\n<h3>EEPROM<\/h3>\n<ul class=\"boxes\">\n<li>1024 bity, zorganizowane w 32 bloki po 4 bajty ka\u017cdy<\/li>\n<li>50 lat przechowywania danych<\/li>\n<li>Napisz wytrzyma\u0142o\u015b\u0107 100000 cykli<\/li>\n<\/ul>\n<\/div>\n<div class=\"collapse-mobile ste-list\">\n<h3>Bezpiecze\u0144stwo<\/h3>\n<ul class=\"boxes\">\n<li>Unikalny identyfikator dla ka\u017cdego urz\u0105dzenia<\/li>\n<li>Mechanizm blokuj\u0105cy dla ka\u017cdego bloku pami\u0119ci u\u017cytkownika (ochrona przed zapisem)<\/li>\n<li>Mechanizm blokuj\u0105cy do DSFID, AFI, EAS<\/li>\n<li>Funkcjonalno\u015b\u0107 EAS i AFI chroniona has\u0142em (32-bitowym)<\/li>\n<\/ul>\n<\/div>\n<\/div>\n<\/div>\n<div class=\"auto-hide-last-sibling-br paragraph_9dc5f paragraph-element\"><strong>Wk\u0142adka ISO15693 ICODE SLIX RFID:<\/strong>\u00a0Wk\u0142adka RFID sk\u0142ada si\u0119 z anteny i mikroprocesora. Mikroprocesor przechowuje dane, a antena odpowiada za ich transmisj\u0119 do czytnika RFID.<\/div>\n<p>&nbsp;<\/p>\n<div class=\"auto-hide-last-sibling-br paragraph_9dc5f paragraph-element\"><strong>Wk\u0142ady mokre:<\/strong>\u00a0S\u0105 to wk\u0142adki RFID, kt\u00f3re s\u0105 umieszczane na wierzchu warstwy klej\u0105cej i przezroczystej warstwy PET (politereftalanu etylenu). Warstwa PET jest u\u017cywana do ochrony przed uszkodzeniami fizycznymi. Z klej\u0105c\u0105 stron\u0105 skierowan\u0105 od etykiety lub materia\u0142u, mo\u017cna je wygodnie u\u017cywa\u0107 do konstruowania etykiet RFID, st\u0105d ich szerokie zastosowanie w tworzeniu etykiet dla r\u00f3\u017cnych sektor\u00f3w.<\/div>\n<div><\/div>\n<div>\n<div class=\"auto-hide-last-sibling-br paragraph_9dc5f paragraph-element\">\u00a0Znaczniki ISO15693 ICODE SLIX NFC, wykonane z r\u00f3\u017cnych materia\u0142\u00f3w, takich jak papier, folia PP, PET lub inlay, i w r\u00f3\u017cnych rozmiarach, s\u0105 szeroko wykorzystywane. Cz\u0119sto mo\u017cna je znale\u017a\u0107 w takich bran\u017cach jak:<\/div>\n<p>&nbsp;<\/p>\n<ul class=\"auto-hide-last-sibling-br\">\n<li><strong>Zarz\u0105dzanie aktywami:<\/strong>\u00a0Tagi s\u0142u\u017c\u0105 do \u015bledzenia zasob\u00f3w fizycznych w r\u00f3\u017cnych zastosowaniach, na przyk\u0142ad do monitorowania sprz\u0119tu w plac\u00f3wkach s\u0142u\u017cby zdrowia lub w bran\u017cy IT.<\/li>\n<li><strong>Zarz\u0105dzanie odzie\u017c\u0105:<\/strong>\u00a0W handlu detalicznym odzie\u017c\u0105 znaczniki te u\u0142atwiaj\u0105 \u015bledzenie zapas\u00f3w, zabezpieczaj\u0105 przed kradzie\u017c\u0105 i poprawiaj\u0105 jako\u015b\u0107 obs\u0142ugi klienta w sklepie.<\/li>\n<li><strong>Zarz\u0105dzanie zapasami:<\/strong>\u00a0W magazynach i sklepach detalicznych znaczniki RFID s\u0142u\u017c\u0105 do efektywnego zarz\u0105dzania zapasami, ograniczania pracy r\u0119cznej i minimalizowania b\u0142\u0119d\u00f3w.<\/li>\n<li><strong>Zarz\u0105dzanie bibliotek\u0105:<\/strong>\u00a0S\u0142u\u017c\u0105 do automatyzacji proces\u00f3w wypo\u017cyczania i zwrotu, usprawniaj\u0105 zarz\u0105dzanie zapasami i zapewniaj\u0105 bezpiecze\u0144stwo przed kradzie\u017c\u0105.<\/li>\n<li><strong>Zarz\u0105dzanie bi\u017cuteri\u0105:<\/strong>\u00a0Lekkie i dok\u0142adne, te znaczniki umo\u017cliwiaj\u0105 bezpieczn\u0105 i skuteczn\u0105 kontrol\u0119 zapas\u00f3w w bran\u017cy jubilerskiej.<\/li>\n<li><strong>Logistyka:<\/strong> Tagi RFID s\u0142u\u017c\u0105 do \u015bledzenia towar\u00f3w w czasie transportu, zwi\u0119kszaj\u0105 dok\u0142adno\u015b\u0107 wysy\u0142ki i poprawiaj\u0105 przejrzysto\u015b\u0107 \u0142a\u0144cucha dostaw.<\/li>\n<\/ul>\n<div class=\"auto-hide-last-sibling-br paragraph_9dc5f paragraph-element\">Rozmiar i kszta\u0142t znacznika mo\u017cna dostosowa\u0107 do konkretnego zastosowania, co zwi\u0119ksza jego elastyczno\u015b\u0107 i przydatno\u015b\u0107 w r\u00f3\u017cnych sytuacjach u\u017cycia.<\/div>\n<\/div>\n<div><\/div>\n<div>\n<h2 class=\"AnswerParser_AnswerParserH2__SIHnF\">Zacznij korzysta\u0107 z NXP ICODE SLIX RFID ju\u017c dzi\u015b<\/h2>\n<p><span class=\"AnswerParser_TextContainer__z_Iiv\" data-testid=\"youchat-text\">Gotowy na rewolucj\u0119 w zarz\u0105dzaniu aktywami i procesach uwierzytelniania? Zr\u00f3b pierwszy krok w kierunku bardziej wydajnej przysz\u0142o\u015bci:<\/span><\/p>\n<ol class=\"AnswerParser_AnswerParserOrderedList__kl_2Y\">\n<li class=\"AnswerParser_ListItem__XqLOV\" translate=\"yes\"><strong>Popro\u015b o bezp\u0142atn\u0105 pr\u00f3bk\u0119<\/strong>:Przekonaj si\u0119 o jako\u015bci i wydajno\u015bci na w\u0142asnej sk\u00f3rze<\/li>\n<li class=\"AnswerParser_ListItem__XqLOV\" translate=\"yes\"><strong>Skonsultuj si\u0119 z naszymi ekspertami<\/strong>:Uzyskaj spersonalizowan\u0105 porad\u0119 dotycz\u0105c\u0105 wdro\u017cenia RFID w swojej firmie<\/li>\n<li class=\"AnswerParser_ListItem__XqLOV\" translate=\"yes\"><strong>Indywidualna wycena<\/strong>: Otrzymaj dostosowany plan cenowy oparty na Twoich konkretnych potrzebach i wymaganiach dotycz\u0105cych wolumenu<\/li>\n<\/ol>\n<p><span class=\"AnswerParser_TextContainer__z_Iiv\" data-testid=\"youchat-text\">Nie pozw\u00f3l, aby przestarza\u0142e metody \u015bledzenia powstrzymywa\u0142y Tw\u00f3j biznes. Skorzystaj z mocy technologii NXP ICODE SLIX RFID i b\u0105d\u017a o krok przed konkurencj\u0105. Wype\u0142nij nasz formularz zapytania ju\u017c dzi\u015b, aby rozpocz\u0105\u0107 podr\u00f3\u017c w kierunku inteligentniejszych, bardziej wydajnych operacji.<\/span><\/div>","protected":false},"excerpt":{"rendered":"<p>Zrewolucjonizuj zarz\u0105dzanie aktywami dzi\u0119ki technologii RFID NXP ICODE SLIX 13,56 MHz, zwi\u0119kszaj\u0105c efektywno\u015b\u0107 zarz\u0105dzania zapasami i uwierzytelnianie produkt\u00f3w w r\u00f3\u017cnych bran\u017cach.<\/p>","protected":false},"featured_media":320,"template":"","meta":{"_kad_post_transparent":"default","_kad_post_title":"","_kad_post_layout":"default","_kad_post_sidebar_id":"","_kad_post_content_style":"default","_kad_post_vertical_padding":"default","_kad_post_feature":"","_kad_post_feature_position":"","_kad_post_header":false,"_kad_post_footer":false,"_kad_post_classname":""},"product_brand":[],"product_cat":[54,189],"product_tag":[306,111,108],"class_list":{"0":"post-319","1":"product","2":"type-product","3":"status-publish","4":"has-post-thumbnail","6":"product_cat-hot-selling-rfid-tags","7":"product_cat-rfid-inlay","8":"product_tag-icode-slix-rfid-inlay","9":"product_tag-nfc-inlay","10":"product_tag-rfid-inlay","12":"first","13":"instock","14":"shipping-taxable","15":"product-type-simple","16":"entry","17":"content-bg","18":"loop-entry"},"_links":{"self":[{"href":"https:\/\/rfid-laundry-tag.com\/pl\/wp-json\/wp\/v2\/product\/319","targetHints":{"allow":["GET"]}}],"collection":[{"href":"https:\/\/rfid-laundry-tag.com\/pl\/wp-json\/wp\/v2\/product"}],"about":[{"href":"https:\/\/rfid-laundry-tag.com\/pl\/wp-json\/wp\/v2\/types\/product"}],"version-history":[{"count":3,"href":"https:\/\/rfid-laundry-tag.com\/pl\/wp-json\/wp\/v2\/product\/319\/revisions"}],"predecessor-version":[{"id":2656,"href":"https:\/\/rfid-laundry-tag.com\/pl\/wp-json\/wp\/v2\/product\/319\/revisions\/2656"}],"wp:featuredmedia":[{"embeddable":true,"href":"https:\/\/rfid-laundry-tag.com\/pl\/wp-json\/wp\/v2\/media\/320"}],"wp:attachment":[{"href":"https:\/\/rfid-laundry-tag.com\/pl\/wp-json\/wp\/v2\/media?parent=319"}],"wp:term":[{"taxonomy":"product_brand","embeddable":true,"href":"https:\/\/rfid-laundry-tag.com\/pl\/wp-json\/wp\/v2\/product_brand?post=319"},{"taxonomy":"product_cat","embeddable":true,"href":"https:\/\/rfid-laundry-tag.com\/pl\/wp-json\/wp\/v2\/product_cat?post=319"},{"taxonomy":"product_tag","embeddable":true,"href":"https:\/\/rfid-laundry-tag.com\/pl\/wp-json\/wp\/v2\/product_tag?post=319"}],"curies":[{"name":"wp","href":"https:\/\/api.w.org\/{rel}","templated":true}]}}