{"id":3186,"date":"2026-01-09T13:37:43","date_gmt":"2026-01-09T13:37:43","guid":{"rendered":"https:\/\/rfid-laundry-tag.com\/?post_type=product&#038;p=3186"},"modified":"2026-01-09T13:37:44","modified_gmt":"2026-01-09T13:37:44","slug":"fabric-woven-rfid-wash-care-tag","status":"publish","type":"product","link":"https:\/\/rfid-laundry-tag.com\/pl\/fabric-woven-rfid-wash-care-tag\/","title":{"rendered":"Tkana tkanina z etykiet\u0105 RFID do prania"},"content":{"rendered":"<div>\n<div>\n<table>\n<tbody>\n<tr>\n<td colspan=\"1\" rowspan=\"1\">\n<div data-spm-anchor-id=\"a2700.details.0.i95.236a58c1ycsfva\">Nazwa produkcji:<\/div>\n<\/td>\n<td colspan=\"1\" rowspan=\"1\">\n<div><strong>Tkana tkanina z etykiet\u0105 RFID do prania<\/strong><\/div>\n<\/td>\n<\/tr>\n<tr>\n<td colspan=\"1\" rowspan=\"1\">\n<div>Tworzywo:<\/div>\n<\/td>\n<td colspan=\"1\" rowspan=\"1\">\n<div>Poliester\/Tkanina\/Kompozycja\/Satyna\/Bawe\u0142na\/W\u0142\u00f3knina\/PET itp.<\/div>\n<\/td>\n<\/tr>\n<tr>\n<td colspan=\"1\" rowspan=\"1\">\n<div>Rozmiar:<\/div>\n<\/td>\n<td colspan=\"1\" rowspan=\"1\">\n<div>80*38mm\/60*30mm\/61*26mm\/60*22MM\/itp. lub dostosowane<\/div>\n<\/td>\n<\/tr>\n<tr>\n<td colspan=\"1\" rowspan=\"1\">\n<div>Typ:<\/div>\n<\/td>\n<td colspan=\"1\" rowspan=\"1\">\n<div>Pasywny, RFID<\/div>\n<\/td>\n<\/tr>\n<tr>\n<td colspan=\"1\" rowspan=\"1\">\n<div>Protok\u00f3\u0142 RF:<\/div>\n<\/td>\n<td colspan=\"1\" rowspan=\"1\">\n<div>ISO 18000-6C; EPC Klasa 1 Gen 2<\/div>\n<\/td>\n<\/tr>\n<tr>\n<td colspan=\"1\" rowspan=\"1\">\n<div>Cz\u0119stotliwo\u015b\u0107:<\/div>\n<\/td>\n<td colspan=\"1\" rowspan=\"1\">\n<div>860~960MHz<\/div>\n<\/td>\n<\/tr>\n<tr>\n<td colspan=\"1\" rowspan=\"1\">\n<div>\u017beton<\/div>\n<\/td>\n<td colspan=\"1\" rowspan=\"1\">\n<div>U8, U9, Alien Higgs, Monza 4D, Monza 4QT, Monza R6, Monza R6-P, Impinj M730, Impinj M750 itp.<\/div>\n<\/td>\n<\/tr>\n<tr>\n<td colspan=\"1\" rowspan=\"1\">\n<div>Odleg\u0142o\u015b\u0107 odczytu:<\/div>\n<\/td>\n<td colspan=\"1\" rowspan=\"1\">\n<div>UHF: 1~10m (w zale\u017cno\u015bci od czytnika i anteny)<\/div>\n<\/td>\n<\/tr>\n<tr>\n<td colspan=\"1\" rowspan=\"1\">\n<div>Sta\u0142y spos\u00f3b:<\/div>\n<\/td>\n<td colspan=\"1\" rowspan=\"1\">\n<div>Szycie \/ prasowanie<\/div>\n<\/td>\n<\/tr>\n<tr>\n<td colspan=\"1\" rowspan=\"1\">\n<div>Druk:<\/div>\n<\/td>\n<td colspan=\"1\" rowspan=\"1\">\n<div>Drukowanie, kodowanie, numer seryjny, projekt itp.<\/div>\n<\/td>\n<\/tr>\n<tr>\n<td colspan=\"1\" rowspan=\"1\">\n<div>\u017bycie IC:<\/div>\n<\/td>\n<td colspan=\"1\" rowspan=\"1\">\n<div data-spm-anchor-id=\"a2700.details.0.i94.236a58c1ycsfva\">100 000 cykli programowania<br \/>\n10 lat przechowywania danych<\/div>\n<\/td>\n<\/tr>\n<tr>\n<td colspan=\"1\" rowspan=\"1\">\n<div>Dost\u0119pno\u015b\u0107 pr\u00f3bek:<\/div>\n<\/td>\n<td colspan=\"1\" rowspan=\"1\">\n<div>Bezp\u0142atne pr\u00f3bki s\u0105 dost\u0119pne na \u017cyczenie<\/div>\n<\/td>\n<\/tr>\n<tr>\n<td colspan=\"1\" rowspan=\"1\">\n<div>Zastosowania:<\/div>\n<\/td>\n<td colspan=\"1\" rowspan=\"1\">\n<div>\u00b7 Zarz\u0105dzanie zapasami<br \/>\n\u00b7 \u0141a\u0144cuch dostaw<br \/>\n\u00b7 Sprzeda\u017c detaliczna<\/div>\n<\/td>\n<\/tr>\n<tr>\n<td colspan=\"1\" rowspan=\"1\">\n<div>U\u017cywa\u0107<\/div>\n<\/td>\n<td colspan=\"1\" rowspan=\"1\">\n<div>Ubrania, odzie\u017c, torby, buty itp.<\/div>\n<\/td>\n<\/tr>\n<\/tbody>\n<\/table>\n<\/div>\n<\/div>\n<div>\n<div>\n<div>\n<div>\n<div>\n<div><\/div>\n<\/div>\n<div>\n<div>\n<h2>Materia\u0142 z nylonu jest mi\u0119kki i odporny na zu\u017cycie<\/h2>\n<div><a href=\"https:\/\/rfid-laundry-tag.com\/pl\/\">Tkana tkanina z etykiet\u0105 RFID do prania<\/a>\u00a0Materia\u0142 z nylonu jest wytrzyma\u0142y, g\u0142adki i ma doskona\u0142e efekty nadruku. Mo\u017cna go pra\u0107 bez obaw.<\/div>\n<div>Obecnie jest szeroko stosowany w produkcji odzie\u017cy, obuwia, toreb, tekstyli\u00f3w domowych i po\u015bcieli hotelowej.<\/div>\n<\/div>\n<\/div>\n<\/div>\n<div><\/div>\n<div>Tkana etykieta RFID do prania z wbudowanym chipem UHF i mo\u017cliwo\u015bci\u0105 odczytu z du\u017cej odleg\u0142o\u015bci<br \/>\nWyposa\u017cony w uk\u0142ad UHF, mo\u017cna go nadpisa\u0107<br \/>\ndane mo\u017cna przechowywa\u0107 do 100 000 razy przez 10 lat, a urz\u0105dzenie zapewnia stabiln\u0105 i niezawodn\u0105 wydajno\u015b\u0107.<\/div>\n<\/div>\n<div><\/div>\n<div>Tkana etykieta RFID do prania z mo\u017cliwo\u015bci\u0105 dostosowania. Bezp\u0142atny uk\u0142ad projektu.<br \/>\nMo\u017cliwo\u015b\u0107 dostosowania za pomoc\u0105 kodowania, logo, kod\u00f3w kreskowych 1D\/2D na \u017cyczenie,<\/div>\n<div>i dost\u0119pne r\u00f3wnie\u017c w niestandardowych rozmiarach, modelach chip\u00f3w, kolorach itp.<\/div>\n<div>\n<div><\/div>\n<div>\n<div>\n<div>\n<div>\n<div>\n<h2>\u0141atwa instalacja i u\u017cytkowanie<\/h2>\n<p>Nasze tkane etykiety RFID do prania zosta\u0142y zaprojektowane tak, aby bezproblemowo zintegrowa\u0107 je z odzie\u017c\u0105:<\/p>\n<ol>\n<li translate=\"yes\">Opcja wszywania: Tradycyjna metoda mocowania zapewniaj\u0105ca trwa\u0142o\u015b\u0107.<\/li>\n<li translate=\"yes\">Monta\u017c metod\u0105 prasowania: Szybka i \u0142atwa instalacja z wykorzystaniem technologii termotransferu.<\/li>\n<\/ol>\n<p>Obie metody gwarantuj\u0105, \u017ce etykieta RFID pozostanie bezpiecznie przymocowana przez ca\u0142y cykl \u017cycia odzie\u017cy.<\/p>\n<h3>Oto kilka przyk\u0142ad\u00f3w, w jaki spos\u00f3b najlepsze marki odzie\u017cowe z powodzeniem wdro\u017cy\u0142y tkane etykiety RFID do piel\u0119gnacji ubra\u0144:<\/h3>\n<ol>\n<li>\n<div>Prada: Ta s\u0142ynna w\u0142oska marka luksusowa wprowadzi\u0142a w 2001 roku etykiety z technologi\u0105 RFID do prania, umo\u017cliwiaj\u0105c szczeg\u00f3\u0142owy zapis informacji, takich jak styl, rozmiar, kolor i cena. Co ciekawe, gdy klienci nosz\u0105cy ubrania Prady przechodz\u0105 przez ich sklepy, na modelkach prezentowane s\u0105 odpowiadaj\u0105ce im stroje, na\u015bladuj\u0105c wybieg mody w Mediolanie. To innowacyjne zastosowanie technologii RFID zwi\u0119ksza zadowolenie klient\u00f3w Prady po zakupie.<\/div>\n<\/li>\n<li>\n<div>H&amp;M: Ta mi\u0119dzynarodowa marka zacz\u0119\u0142a wykorzystywa\u0107 technologi\u0119 RFID w 2014 roku. W planowanych 1800 sklepach technologia RFID umo\u017cliwia automatyczne \u015bledzenie kategorii produkt\u00f3w, ilo\u015bci i zu\u017cycia.<\/div>\n<\/li>\n<li>\n<div>ZARA: W pierwszej po\u0142owie 2016 roku sp\u00f3\u0142ka macierzysta ZARY, Inditex, poinformowa\u0142a, \u017ce zastosowanie technologii RFID usprawni\u0142o zarz\u0105dzanie zapasami i dostawami oko\u0142o 70% jej marek. Wdro\u017cenie to prze\u0142o\u017cy\u0142o si\u0119 na wzrost sprzeda\u017cy o 11,1% i wzrost zysku o 7,5%, co stanowi 1,26 mld euro.<\/div>\n<\/li>\n<li>\n<div>Uniqlo: W 2017 roku firma Uniqlo og\u0142osi\u0142a plan wdro\u017cenia tag\u00f3w RFID UHF w 3000 sklep\u00f3w na ca\u0142ym \u015bwiecie, staj\u0105c si\u0119 tym samym pierwszym japo\u0144skim sprzedawc\u0105 detalicznym, kt\u00f3ry zacz\u0105\u0142 stosowa\u0107 elektroniczne tagi na \u015bwiecie.<\/div>\n<\/li>\n<\/ol>\n<div>To tylko kilka przyk\u0142ad\u00f3w wykorzystania tag\u00f3w RFID przez czo\u0142owe marki odzie\u017cowe. Od 2019 roku praktycznie ka\u017cda marka \u015bwiatowej klasy zastosowa\u0142a tagi RFID w swoich ubraniach, co prze\u0142o\u017cy\u0142o si\u0119 na ponad 20 miliard\u00f3w sztuk odzie\u017cy z tagami \u2013 liczba ta stale ro\u015bnie. Inne znane marki, kt\u00f3re wdro\u017cy\u0142y t\u0119 technologi\u0119, to Nike i Walmart.<\/div>\n<\/div>\n<\/div>\n<\/div>\n<\/div>\n<\/div>\n<\/div>\n<\/div>\n<\/div>","protected":false},"excerpt":{"rendered":"<div class=\"elementor-element elementor-element-4f79c63 e-flex e-con-boxed e-con e-parent e-lazyloaded\" data-id=\"4f79c63\" data-element_type=\"container\" data-settings=\"{&quot;_ha_eqh_enable&quot;:false}\">\n<div class=\"e-con-inner\">\n<div class=\"elementor-element elementor-element-be3873c elementor-widget elementor-widget-woocommerce-product-short-description\" data-id=\"be3873c\" data-element_type=\"widget\" data-widget_type=\"woocommerce-product-short-description.default\">\n<div class=\"elementor-widget-container\">\n<div class=\"woocommerce-product-details__short-description\">\n<p>Wytrzyma\u0142y <strong>nylonowa tkana etykieta RFID do prania<\/strong> z chipem UHF, mo\u017cliwo\u015b\u0107 zapisu 100 000 razy, trwa\u0142a, mo\u017cliwo\u015b\u0107 dostosowania projektu, idealna do tekstyli\u00f3w i odzie\u017cy.<\/p>\n<\/div>\n<\/div>\n<\/div>\n<\/div>\n<\/div>\n<div class=\"elementor-element elementor-element-3ad806e e-flex e-con-boxed e-con e-parent e-lazyloaded\" data-id=\"3ad806e\" data-element_type=\"container\" data-settings=\"{&quot;_ha_eqh_enable&quot;:false}\">\n<div class=\"e-con-inner\">\n<div class=\"elementor-element elementor-element-362020f elementor-widget elementor-widget-woocommerce-product-data-tabs\" data-id=\"362020f\" data-element_type=\"widget\" data-widget_type=\"woocommerce-product-data-tabs.default\">\n<div class=\"elementor-widget-container\">\n<div class=\"woocommerce-tabs wc-tabs-wrapper\"><\/div>\n<\/div>\n<\/div>\n<\/div>\n<\/div>","protected":false},"featured_media":3187,"template":"","meta":{"_kad_post_transparent":"default","_kad_post_title":"","_kad_post_layout":"default","_kad_post_sidebar_id":"","_kad_post_content_style":"default","_kad_post_vertical_padding":"default","_kad_post_feature":"","_kad_post_feature_position":"","_kad_post_header":false,"_kad_post_footer":false,"_kad_post_classname":""},"product_brand":[],"product_cat":[81],"product_tag":[386,285,387],"class_list":{"0":"post-3186","1":"product","2":"type-product","3":"status-publish","4":"has-post-thumbnail","6":"product_cat-rfid-wash-care-clothing-label","7":"product_tag-fabric-woven-rfid-wash-care-tag","8":"product_tag-rfid-tag","9":"product_tag-rfid-wash-care-tag","11":"first","12":"instock","13":"shipping-taxable","14":"product-type-simple","15":"entry","16":"content-bg","17":"loop-entry"},"_links":{"self":[{"href":"https:\/\/rfid-laundry-tag.com\/pl\/wp-json\/wp\/v2\/product\/3186","targetHints":{"allow":["GET"]}}],"collection":[{"href":"https:\/\/rfid-laundry-tag.com\/pl\/wp-json\/wp\/v2\/product"}],"about":[{"href":"https:\/\/rfid-laundry-tag.com\/pl\/wp-json\/wp\/v2\/types\/product"}],"version-history":[{"count":1,"href":"https:\/\/rfid-laundry-tag.com\/pl\/wp-json\/wp\/v2\/product\/3186\/revisions"}],"predecessor-version":[{"id":3190,"href":"https:\/\/rfid-laundry-tag.com\/pl\/wp-json\/wp\/v2\/product\/3186\/revisions\/3190"}],"wp:featuredmedia":[{"embeddable":true,"href":"https:\/\/rfid-laundry-tag.com\/pl\/wp-json\/wp\/v2\/media\/3187"}],"wp:attachment":[{"href":"https:\/\/rfid-laundry-tag.com\/pl\/wp-json\/wp\/v2\/media?parent=3186"}],"wp:term":[{"taxonomy":"product_brand","embeddable":true,"href":"https:\/\/rfid-laundry-tag.com\/pl\/wp-json\/wp\/v2\/product_brand?post=3186"},{"taxonomy":"product_cat","embeddable":true,"href":"https:\/\/rfid-laundry-tag.com\/pl\/wp-json\/wp\/v2\/product_cat?post=3186"},{"taxonomy":"product_tag","embeddable":true,"href":"https:\/\/rfid-laundry-tag.com\/pl\/wp-json\/wp\/v2\/product_tag?post=3186"}],"curies":[{"name":"wp","href":"https:\/\/api.w.org\/{rel}","templated":true}]}}