{"id":3180,"date":"2026-01-09T13:29:20","date_gmt":"2026-01-09T13:29:20","guid":{"rendered":"https:\/\/rfid-laundry-tag.com\/?post_type=product&#038;p=3180"},"modified":"2026-01-09T13:29:20","modified_gmt":"2026-01-09T13:29:20","slug":"rfid-garment-tag-for-apparel-and-fashion","status":"publish","type":"product","link":"https:\/\/rfid-laundry-tag.com\/pl\/rfid-garment-tag-for-apparel-and-fashion\/","title":{"rendered":"Etykieta odzie\u017cowa RFID do odzie\u017cy i mody"},"content":{"rendered":"<h2 class=\"ng-star-inserted\"><strong class=\"ng-star-inserted\"><span class=\"ng-star-inserted\">Etykieta odzie\u017cowa RFID do odzie\u017cy i mody<\/span><\/strong><\/h2>\n<h2 class=\"ng-star-inserted\"><strong class=\"ng-star-inserted\"><span class=\"ng-star-inserted\">Rozw\u00f3j technologii RFID w odzie\u017cy i modzie<\/span><\/strong><\/h2>\n<p class=\"ng-star-inserted\"><span class=\"ng-star-inserted\">Ten\u00a0<\/span><strong class=\"ng-star-inserted\"><span class=\"ng-star-inserted\">str\u00f3j<\/span><\/strong><span class=\"ng-star-inserted\">\u00a0a przemys\u0142 modowy szybko to przyjmuje\u00a0<\/span><strong class=\"ng-star-inserted\"><span class=\"ng-star-inserted\">RFID<\/span><\/strong><span class=\"ng-star-inserted\">\u00a0(<\/span><strong class=\"ng-star-inserted\"><span class=\"ng-star-inserted\">cz\u0119stotliwo\u015b\u0107 radiowa<\/span><\/strong><span class=\"ng-star-inserted\">\u00a0identyfikacja)\u00a0<\/span><strong class=\"ng-star-inserted\"><span class=\"ng-star-inserted\">technologia<\/span><\/strong><span class=\"ng-star-inserted\">\u00a0aby zoptymalizowa\u0107 dzia\u0142ania i poprawi\u0107 jako\u015b\u0107 obs\u0142ugi klienta.\u00a0<\/span><strong class=\"ng-star-inserted\"><span class=\"ng-star-inserted\">RFID<\/span><\/strong><span class=\"ng-star-inserted\">\u00a0<\/span><strong class=\"ng-star-inserted\"><span class=\"ng-star-inserted\">cz\u0119\u015b\u0107 garderoby<\/span><\/strong><span class=\"ng-star-inserted\">\u00a0<\/span><strong class=\"ng-star-inserted\"><span class=\"ng-star-inserted\">Tagi<\/span><\/strong><span class=\"ng-star-inserted\">\u00a0oferuj\u0105 skuteczny spos\u00f3b \u015bledzenia produkt\u00f3w na ka\u017cdym etapie ich cyklu \u017cycia \u2014 od produkcji do punktu sprzeda\u017cy i dalej.\u00a0<\/span><strong class=\"ng-star-inserted\"><span class=\"ng-star-inserted\">RFID<\/span><\/strong><span class=\"ng-star-inserted\">\u00a0umo\u017cliwia\u00a0<\/span><strong class=\"ng-star-inserted\"><span class=\"ng-star-inserted\">nowy<\/span><\/strong><span class=\"ng-star-inserted\">\u00a0era wydajno\u015bci, przejrzysto\u015bci i podejmowania decyzji w oparciu o dane.<\/span><\/p>\n<p class=\"ng-star-inserted\"><span class=\"ng-star-inserted\">W przeciwie\u0144stwie do tradycyjnych\u00a0<\/span><strong class=\"ng-star-inserted\"><span class=\"ng-star-inserted\">kod kreskowy<\/span><\/strong><span class=\"ng-star-inserted\">S,\u00a0<\/span><strong class=\"ng-star-inserted\"><span class=\"ng-star-inserted\">RFID<\/span><\/strong><span class=\"ng-star-inserted\">\u00a0<\/span><strong class=\"ng-star-inserted\"><span class=\"ng-star-inserted\">etykietka<\/span><\/strong><span class=\"ng-star-inserted\">Nie wymagaj\u0105 skanowania w linii wzroku. Pozwala to na szybsze i wydajniejsze przechwytywanie danych, nawet w trudnych warunkach, takich jak zat\u0142oczone magazyny czy ruchliwe sklepy detaliczne. Mo\u017cliwo\u015b\u0107 odczytu wielu\u00a0<\/span><strong class=\"ng-star-inserted\"><span class=\"ng-star-inserted\">Tagi<\/span><\/strong><span class=\"ng-star-inserted\">\u00a0jednocze\u015bnie jest kluczow\u0105 zalet\u0105\u00a0<\/span><strong class=\"ng-star-inserted\"><span class=\"ng-star-inserted\">RFID<\/span><\/strong><span class=\"ng-star-inserted\">, znacznie przyspieszaj\u0105c procesy takie jak inwentaryzacja i\u00a0<\/span><strong class=\"ng-star-inserted\"><span class=\"ng-star-inserted\">wymeldowa\u0107 si\u0119<\/span><\/strong><span class=\"ng-star-inserted\">. Mo\u017ce identyfikowa\u0107 szybko poruszaj\u0105ce si\u0119 obiekty za pomoc\u0105 wielu urz\u0105dze\u0144 elektronicznych\u00a0<\/span><strong class=\"ng-star-inserted\"><span class=\"ng-star-inserted\">Tagi<\/span><\/strong><span class=\"ng-star-inserted\">\u00a0w tym samym czasie\u00a0<\/span><strong class=\"ng-star-inserted\"><span class=\"ng-star-inserted\">czas<\/span><\/strong><span class=\"ng-star-inserted\">\u00a0przez\u00a0<\/span><strong class=\"ng-star-inserted\"><span class=\"ng-star-inserted\">RFID<\/span><\/strong><span class=\"ng-star-inserted\">\u00a0<\/span><strong class=\"ng-star-inserted\"><span class=\"ng-star-inserted\">technologia<\/span><\/strong><span class=\"ng-star-inserted\">.<\/span><\/p>\n<h2 class=\"ng-star-inserted\"><strong class=\"ng-star-inserted\"><span class=\"ng-star-inserted\">Etykiety RFID: rewolucja w handlu detalicznym<\/span><\/strong><\/h2>\n<p class=\"ng-star-inserted\"><strong class=\"ng-star-inserted\"><span class=\"ng-star-inserted\">Znaczniki RFID<\/span><\/strong><span class=\"ng-star-inserted\">\u00a0przekszta\u0142caj\u0105 krajobraz handlu detalicznego, zapewniaj\u0105c niezr\u00f3wnan\u0105 przejrzysto\u015b\u0107 stanu zapas\u00f3w i zwi\u0119kszaj\u0105c bezpiecze\u0144stwo.\u00a0<\/span><strong class=\"ng-star-inserted\"><span class=\"ng-star-inserted\">Tagi<\/span><\/strong><span class=\"ng-star-inserted\">, zazwyczaj do\u0142\u0105czane do ubra\u0144, czapek, toreb i but\u00f3w, zawieraj\u0105 mikroprocesor, kt\u00f3ry przechowuje informacje o produkcie i unikalny identyfikator. Poprzez osadzanie\u00a0<\/span><strong class=\"ng-star-inserted\"><span class=\"ng-star-inserted\">RFID<\/span><\/strong><span class=\"ng-star-inserted\">\u00a0<\/span><strong class=\"ng-star-inserted\"><span class=\"ng-star-inserted\">technologia<\/span><\/strong><span class=\"ng-star-inserted\">\u00a0W\u00a0<\/span><strong class=\"ng-star-inserted\"><span class=\"ng-star-inserted\">powiesi\u0107<\/span><\/strong><span class=\"ng-star-inserted\">\u00a0<\/span><strong class=\"ng-star-inserted\"><span class=\"ng-star-inserted\">etykietka<\/span><\/strong><span class=\"ng-star-inserted\">s, ten problem mo\u017cna skutecznie rozwi\u0105za\u0107.<\/span><\/p>\n<p class=\"ng-star-inserted\"><strong class=\"ng-star-inserted\"><span class=\"ng-star-inserted\">Znaczniki RFID<\/span><\/strong><span class=\"ng-star-inserted\">\u00a0oferuj\u0105 liczne korzy\u015bci, w tym:<\/span><\/p>\n<ul class=\"ng-star-inserted\">\n<li class=\"ng-star-inserted\">\n<p class=\"ng-star-inserted\"><strong class=\"ng-star-inserted\"><span class=\"ng-star-inserted\">Poprawiona dok\u0142adno\u015b\u0107 inwentaryzacji:<\/span><\/strong><span class=\"ng-star-inserted\">\u00a0<\/span><strong class=\"ng-star-inserted\"><span class=\"ng-star-inserted\">W czasie rzeczywistym<\/span><\/strong><span class=\"ng-star-inserted\">\u00a0\u015bledzenie poziomu zapas\u00f3w, ograniczanie brak\u00f3w i nadwy\u017cek magazynowych.<\/span><\/p>\n<\/li>\n<li class=\"ng-star-inserted\">\n<p class=\"ng-star-inserted\"><strong class=\"ng-star-inserted\"><span class=\"ng-star-inserted\">Zapobieganie stratom:<\/span><\/strong><span class=\"ng-star-inserted\">\u00a0<\/span><strong class=\"ng-star-inserted\"><span class=\"ng-star-inserted\">RFID<\/span><\/strong><span class=\"ng-star-inserted\">\u00a0<\/span><strong class=\"ng-star-inserted\"><span class=\"ng-star-inserted\">etykietka<\/span><\/strong><span class=\"ng-star-inserted\">Mog\u0105 by\u0107 u\u017cywane jako element elektronicznego systemu nadzoru nad artyku\u0142ami (EAS) w celu zapobiegania kradzie\u017cy. Mog\u0105 r\u00f3wnie\u017c pom\u00f3c w zapobieganiu fa\u0142szerstwom.\u00a0<\/span><strong class=\"ng-star-inserted\"><span class=\"ng-star-inserted\">cz\u0119\u015b\u0107 garderoby<\/span><\/strong><span class=\"ng-star-inserted\">S.<\/span><\/p>\n<\/li>\n<li class=\"ng-star-inserted\">\n<p class=\"ng-star-inserted\"><strong class=\"ng-star-inserted\"><span class=\"ng-star-inserted\">Uwierzytelnianie marki:<\/span><\/strong><span class=\"ng-star-inserted\">\u00a0<\/span><strong class=\"ng-star-inserted\"><span class=\"ng-star-inserted\">RFID<\/span><\/strong><span class=\"ng-star-inserted\">\u00a0pomaga weryfikowa\u0107 autentyczno\u015b\u0107 produkt\u00f3w, chroni\u0105c Twoj\u0105 mark\u0119 i Twoich klient\u00f3w.<\/span><\/p>\n<\/li>\n<li class=\"ng-star-inserted\">\n<p class=\"ng-star-inserted\"><strong class=\"ng-star-inserted\"><span class=\"ng-star-inserted\">Lepsze do\u015bwiadczenia klient\u00f3w:<\/span><\/strong><span class=\"ng-star-inserted\">\u00a0Szybciej\u00a0<\/span><strong class=\"ng-star-inserted\"><span class=\"ng-star-inserted\">wymeldowa\u0107 si\u0119<\/span><\/strong><span class=\"ng-star-inserted\">\u00a0procesy i spersonalizowane rekomendacje dzi\u0119ki inteligentnym p\u00f3\u0142kom i przymierzalniom.<\/span><\/p>\n<\/li>\n<\/ul>\n<p class=\"ng-star-inserted\">\n<h2 class=\"ng-star-inserted\"><strong class=\"ng-star-inserted\"><span class=\"ng-star-inserted\">Techniczny\u00a0<\/span><\/strong><\/h2>\n<div class=\"table-container ng-star-inserted\">\n<table>\n<tbody>\n<tr class=\"table-header ng-star-inserted\">\n<td class=\"ng-star-inserted\"><span class=\"ng-star-inserted\">Funkcja<\/span><\/td>\n<td class=\"ng-star-inserted\"><span class=\"ng-star-inserted\">Specyfikacja<\/span><\/td>\n<\/tr>\n<tr class=\"ng-star-inserted\">\n<td class=\"ng-star-inserted\"><strong class=\"ng-star-inserted\"><span class=\"ng-star-inserted\">Cz\u0119stotliwo\u015b\u0107<\/span><\/strong><\/td>\n<td class=\"ng-star-inserted\"><strong class=\"ng-star-inserted\"><span class=\"ng-star-inserted\">UHF-RFID<\/span><\/strong><span class=\"ng-star-inserted\">\u00a0(860-960 MHz),\u00a0<\/span><strong class=\"ng-star-inserted\"><span class=\"ng-star-inserted\">RAIN RFID<\/span><\/strong><\/td>\n<\/tr>\n<tr class=\"ng-star-inserted\">\n<td class=\"ng-star-inserted\"><strong class=\"ng-star-inserted\"><span class=\"ng-star-inserted\">Protok\u00f3\u0142<\/span><\/strong><\/td>\n<td class=\"ng-star-inserted\"><strong class=\"ng-star-inserted\"><span class=\"ng-star-inserted\">Norma ISO 18000-6C<\/span><\/strong><span class=\"ng-star-inserted\">\u00a0(<\/span><strong class=\"ng-star-inserted\"><span class=\"ng-star-inserted\">EPC Klasa 1 Gen2<\/span><\/strong><span class=\"ng-star-inserted\">)<\/span><\/td>\n<\/tr>\n<tr class=\"ng-star-inserted\">\n<td class=\"ng-star-inserted\"><strong class=\"ng-star-inserted\"><span class=\"ng-star-inserted\">Typ uk\u0142adu scalonego<\/span><\/strong><\/td>\n<td class=\"ng-star-inserted\"><span class=\"ng-star-inserted\">Impinj Monza, NXP UCODE, Alien Higgs<\/span><\/td>\n<\/tr>\n<tr class=\"ng-star-inserted\">\n<td class=\"ng-star-inserted\"><strong class=\"ng-star-inserted\"><span class=\"ng-star-inserted\">Pami\u0119\u0107<\/span><\/strong><\/td>\n<td class=\"ng-star-inserted\"><strong class=\"ng-star-inserted\"><span class=\"ng-star-inserted\">EPC<\/span><\/strong><span class=\"ng-star-inserted\">\u00a096-bitowy,\u00a0<\/span><strong class=\"ng-star-inserted\"><span class=\"ng-star-inserted\">przechowywanie danych<\/span><\/strong><span class=\"ng-star-inserted\">\u00a0Pami\u0119\u0107 u\u017cytkownika 512-bitowa (r\u00f3\u017cni si\u0119 w zale\u017cno\u015bci od uk\u0142adu)<\/span><\/td>\n<\/tr>\n<tr class=\"ng-star-inserted\">\n<td class=\"ng-star-inserted\"><strong class=\"ng-star-inserted\"><span class=\"ng-star-inserted\">Zakres odczytu<\/span><\/strong><\/td>\n<td class=\"ng-star-inserted\"><span class=\"ng-star-inserted\">Do 10 metr\u00f3w (zale\u017cy od czytnika i \u015brodowiska)<\/span><\/td>\n<\/tr>\n<tr class=\"ng-star-inserted\">\n<td class=\"ng-star-inserted\"><strong class=\"ng-star-inserted\"><span class=\"ng-star-inserted\">Przechowywanie danych<\/span><\/strong><\/td>\n<td class=\"ng-star-inserted\"><span class=\"ng-star-inserted\">10 lat<\/span><\/td>\n<\/tr>\n<tr class=\"ng-star-inserted\">\n<td class=\"ng-star-inserted\"><strong class=\"ng-star-inserted\"><span class=\"ng-star-inserted\">Napisz wytrzyma\u0142o\u015b\u0107<\/span><\/strong><\/td>\n<td class=\"ng-star-inserted\"><span class=\"ng-star-inserted\">100 000 cykli<\/span><\/td>\n<\/tr>\n<tr class=\"ng-star-inserted\">\n<td class=\"ng-star-inserted\"><strong class=\"ng-star-inserted\"><span class=\"ng-star-inserted\">Temperatura pracy<\/span><\/strong><\/td>\n<td class=\"ng-star-inserted\"><span class=\"ng-star-inserted\">-40\u00b0C do +85\u00b0C (r\u00f3\u017cni si\u0119 w zale\u017cno\u015bci od\u00a0<\/span><strong class=\"ng-star-inserted\"><span class=\"ng-star-inserted\">etykietka<\/span><\/strong><span class=\"ng-star-inserted\">\u00a0typ)<\/span><\/td>\n<\/tr>\n<tr class=\"ng-star-inserted\">\n<td class=\"ng-star-inserted\"><strong class=\"ng-star-inserted\"><span class=\"ng-star-inserted\">Tworzywo<\/span><\/strong><\/td>\n<td class=\"ng-star-inserted\"><span class=\"ng-star-inserted\">Papier, satyna, nylon itp.<\/span><\/td>\n<\/tr>\n<tr class=\"ng-star-inserted\">\n<td class=\"ng-star-inserted\"><strong class=\"ng-star-inserted\"><span class=\"ng-star-inserted\">Za\u0142\u0105cznik<\/span><\/strong><\/td>\n<td class=\"ng-star-inserted\"><strong class=\"ng-star-inserted\"><span class=\"ng-star-inserted\">Spoiwo<\/span><\/strong><span class=\"ng-star-inserted\">, Zgrzewanie na gor\u0105co, Wszywanie,\u00a0<\/span><strong class=\"ng-star-inserted\"><span class=\"ng-star-inserted\">Zawieszka<\/span><\/strong><\/td>\n<\/tr>\n<tr class=\"ng-star-inserted\">\n<td class=\"ng-star-inserted\"><strong class=\"ng-star-inserted\"><span class=\"ng-star-inserted\">Personalizacja<\/span><\/strong><\/td>\n<td class=\"ng-star-inserted\"><span class=\"ng-star-inserted\">Drukowanie, kodowanie,\u00a0<\/span><strong class=\"ng-star-inserted\"><span class=\"ng-star-inserted\">Kod kreskowy<\/span><\/strong><span class=\"ng-star-inserted\">, Logo<\/span><\/td>\n<\/tr>\n<tr class=\"ng-star-inserted\">\n<td class=\"ng-star-inserted\"><strong class=\"ng-star-inserted\"><span class=\"ng-star-inserted\">Wsp\u00f3\u0142czynnik kszta\u0142tu<\/span><\/strong><\/td>\n<td class=\"ng-star-inserted\"><strong class=\"ng-star-inserted\"><span class=\"ng-star-inserted\">Zawieszka<\/span><\/strong><span class=\"ng-star-inserted\">,\u00a0<\/span><strong class=\"ng-star-inserted\"><span class=\"ng-star-inserted\">Naklejka<\/span><\/strong><span class=\"ng-star-inserted\">,\u00a0<\/span><strong class=\"ng-star-inserted\"><span class=\"ng-star-inserted\">Etykieta tkana<\/span><\/strong><span class=\"ng-star-inserted\">,\u00a0<\/span><strong class=\"ng-star-inserted\"><span class=\"ng-star-inserted\">Intarsja<\/span><\/strong><\/td>\n<\/tr>\n<tr class=\"ng-star-inserted\">\n<td class=\"ng-star-inserted\"><strong class=\"ng-star-inserted\"><span class=\"ng-star-inserted\">\u015arodowiskowy<\/span><\/strong><\/td>\n<td class=\"ng-star-inserted\"><span class=\"ng-star-inserted\">Ekologiczna antena papierowa 100%\u00a0<\/span><strong class=\"ng-star-inserted\"><span class=\"ng-star-inserted\">opcja<\/span><\/strong><span class=\"ng-star-inserted\">\u00a0dost\u0119pny<\/span><\/td>\n<\/tr>\n<\/tbody>\n<\/table>\n<p>&nbsp;<\/p>\n<\/div>\n<p class=\"ng-star-inserted\"><strong class=\"ng-star-inserted\"><span class=\"ng-star-inserted\">Tag odzie\u017cowy RFID<\/span><\/strong><span class=\"ng-star-inserted\">\u00a0jest najbardziej wyr\u00f3\u017cniaj\u0105c\u0105 si\u0119 aplikacj\u0105, w kt\u00f3rej\u00a0<\/span><strong class=\"ng-star-inserted\"><span class=\"ng-star-inserted\">RFID<\/span><\/strong><span class=\"ng-star-inserted\">\u00a0<\/span><strong class=\"ng-star-inserted\"><span class=\"ng-star-inserted\">technologia<\/span><\/strong><span class=\"ng-star-inserted\">\u00a0wp\u0142ywa na przemys\u0142 odzie\u017cowy. Poprzez\u00a0<\/span><strong class=\"ng-star-inserted\"><span class=\"ng-star-inserted\">cz\u0119stotliwo\u015b\u0107 radiowa<\/span><\/strong><span class=\"ng-star-inserted\">\u00a0sygna\u0142y,\u00a0<\/span><strong class=\"ng-star-inserted\"><span class=\"ng-star-inserted\">RFID<\/span><\/strong><span class=\"ng-star-inserted\">\u00a0<\/span><strong class=\"ng-star-inserted\"><span class=\"ng-star-inserted\">cz\u0119\u015b\u0107 garderoby<\/span><\/strong><span class=\"ng-star-inserted\">\u00a0<\/span><strong class=\"ng-star-inserted\"><span class=\"ng-star-inserted\">etykietka<\/span><\/strong><span class=\"ng-star-inserted\">\u00a0Potrafi automatycznie identyfikowa\u0107 obiekty docelowe, pobiera\u0107 odpowiednie dane i identyfikowa\u0107 zadania bez r\u0119cznej interwencji. Mo\u017ce dzia\u0142a\u0107 w r\u00f3\u017cnych trudnych warunkach.\u00a0<\/span><strong class=\"ng-star-inserted\"><span class=\"ng-star-inserted\">tagi s\u0105 zaprojektowane<\/span><\/strong><span class=\"ng-star-inserted\">\u00a0aby sprosta\u0107 r\u00f3\u017cnym potrzebom.<\/span><\/p>\n<h2 class=\"ng-star-inserted\"><strong class=\"ng-star-inserted\"><span class=\"ng-star-inserted\">Dostosowywanie i integracja<\/span><\/strong><\/h2>\n<p class=\"ng-star-inserted\"><strong class=\"ng-star-inserted\"><span class=\"ng-star-inserted\">RFID<\/span><\/strong><span class=\"ng-star-inserted\">\u00a0<\/span><strong class=\"ng-star-inserted\"><span class=\"ng-star-inserted\">cz\u0119\u015b\u0107 garderoby<\/span><\/strong><span class=\"ng-star-inserted\">\u00a0<\/span><strong class=\"ng-star-inserted\"><span class=\"ng-star-inserted\">Tagi<\/span><\/strong><span class=\"ng-star-inserted\">\u00a0mo\u017cna dostosowa\u0107 do konkretnych potrzeb Twojej marki i dzia\u0142alno\u015bci.\u00a0<\/span><strong class=\"ng-star-inserted\"><span class=\"ng-star-inserted\">Zawieszka<\/span><\/strong><span class=\"ng-star-inserted\">Mo\u017cna je spersonalizowa\u0107, dodaj\u0105c logo, kolory marki i informacje o produkcie. Etykiety piel\u0119gnacyjne z\u00a0<\/span><strong class=\"ng-star-inserted\"><span class=\"ng-star-inserted\">RFID<\/span><\/strong><span class=\"ng-star-inserted\">\u00a0<\/span><strong class=\"ng-star-inserted\"><span class=\"ng-star-inserted\">intarsja<\/span><\/strong><span class=\"ng-star-inserted\">mo\u017cna zaprojektowa\u0107 tak, aby bezproblemowo integrowa\u0142y si\u0119 z istniej\u0105cymi systemami\u00a0<\/span><strong class=\"ng-star-inserted\"><span class=\"ng-star-inserted\">cz\u0119\u015b\u0107 garderoby<\/span><\/strong><span class=\"ng-star-inserted\">\u00a0procesy produkcyjne.<\/span><\/p>\n<h2 class=\"ng-star-inserted\"><strong class=\"ng-star-inserted\"><span class=\"ng-star-inserted\">Skontaktuj si\u0119 z nami, aby wdro\u017cy\u0107 swoj\u0105 strategi\u0119 RFID<\/span><\/strong><\/h2>\n<p class=\"ng-star-inserted\"><span class=\"ng-star-inserted\">Gotowy wykorzysta\u0107 moc\u00a0<\/span><strong class=\"ng-star-inserted\"><span class=\"ng-star-inserted\">RFID<\/span><\/strong><span class=\"ng-star-inserted\">\u00a0<\/span><strong class=\"ng-star-inserted\"><span class=\"ng-star-inserted\">technologia<\/span><\/strong><span class=\"ng-star-inserted\">\u00a0aby przekszta\u0142ci\u0107 swoje\u00a0<\/span><strong class=\"ng-star-inserted\"><span class=\"ng-star-inserted\">str\u00f3j<\/span><\/strong><span class=\"ng-star-inserted\">\u00a0biznes?\u00a0<\/span><strong class=\"ng-star-inserted\"><span class=\"ng-star-inserted\">Skontaktuj si\u0119 z nami<\/span><\/strong><span class=\"ng-star-inserted\">\u00a0dzi\u015b, aby om\u00f3wi\u0107 Twoje konkretne potrzeby i dowiedzie\u0107 si\u0119 wi\u0119cej o naszej kompleksowej ofercie\u00a0<\/span><strong class=\"ng-star-inserted\"><span class=\"ng-star-inserted\">RFID<\/span><\/strong><span class=\"ng-star-inserted\">\u00a0rozwi\u0105zania, w tym\u00a0<\/span><strong class=\"ng-star-inserted\"><span class=\"ng-star-inserted\">RFID<\/span><\/strong><span class=\"ng-star-inserted\">\u00a0<\/span><strong class=\"ng-star-inserted\"><span class=\"ng-star-inserted\">cz\u0119\u015b\u0107 garderoby<\/span><\/strong><span class=\"ng-star-inserted\">\u00a0<\/span><strong class=\"ng-star-inserted\"><span class=\"ng-star-inserted\">Tagi<\/span><\/strong><span class=\"ng-star-inserted\">,\u00a0<\/span><strong class=\"ng-star-inserted\"><span class=\"ng-star-inserted\">RFID<\/span><\/strong><span class=\"ng-star-inserted\">\u00a0czytelnik\u00f3w i oprogramowania.<\/span><\/p>","protected":false},"excerpt":{"rendered":"<p><span class=\"ng-star-inserted\">Oferujemy\u00a0<\/span><strong class=\"ng-star-inserted\"><span class=\"ng-star-inserted\">darmowe pr\u00f3bki<\/span><\/strong><span class=\"ng-star-inserted\"> z\u00a0 <\/span><strong class=\"ng-star-inserted\"><span class=\"ng-star-inserted\">Odzie\u017c RFID<\/span><\/strong><span class=\"ng-star-inserted\">\u00a0<\/span><strong class=\"ng-star-inserted\"><span class=\"ng-star-inserted\">Tagi<\/span><\/strong><span class=\"ng-star-inserted\">\u00a0dzi\u0119ki czemu mo\u017cesz oceni\u0107 ich wydajno\u015b\u0107 w swoim w\u0142asnym \u015brodowisku. Nasza fabryka produkcyjna jest wyposa\u017cona w\u00a0<\/span><strong class=\"ng-star-inserted\"><span class=\"ng-star-inserted\">najnowszy<\/span><\/strong><span class=\"ng-star-inserted\">\u00a0<\/span><strong class=\"ng-star-inserted\"><span class=\"ng-star-inserted\">technologia<\/span><\/strong><span class=\"ng-star-inserted\">\u00a0aby zapewni\u0107\u00a0<\/span><strong class=\"ng-star-inserted\"><span class=\"ng-star-inserted\">wysokiej jako\u015bci<\/span><\/strong><span class=\"ng-star-inserted\">\u00a0<\/span><strong class=\"ng-star-inserted\"><span class=\"ng-star-inserted\">etykietka<\/span><\/strong><span class=\"ng-star-inserted\">w konkurencyjnych cenach.<\/span><\/p>","protected":false},"featured_media":3181,"template":"","meta":{"_kad_post_transparent":"default","_kad_post_title":"","_kad_post_layout":"default","_kad_post_sidebar_id":"","_kad_post_content_style":"default","_kad_post_vertical_padding":"default","_kad_post_feature":"","_kad_post_feature_position":"","_kad_post_header":false,"_kad_post_footer":false,"_kad_post_classname":""},"product_brand":[],"product_cat":[53],"product_tag":[385,383,384],"class_list":{"0":"post-3180","1":"product","2":"type-product","3":"status-publish","4":"has-post-thumbnail","6":"product_cat-rfid-clothes-tag","7":"product_tag-rfid-garment-paper-tag","8":"product_tag-rfid-garment-tag","9":"product_tag-rfid-hang-tag","11":"first","12":"instock","13":"shipping-taxable","14":"product-type-simple","15":"entry","16":"content-bg","17":"loop-entry"},"_links":{"self":[{"href":"https:\/\/rfid-laundry-tag.com\/pl\/wp-json\/wp\/v2\/product\/3180","targetHints":{"allow":["GET"]}}],"collection":[{"href":"https:\/\/rfid-laundry-tag.com\/pl\/wp-json\/wp\/v2\/product"}],"about":[{"href":"https:\/\/rfid-laundry-tag.com\/pl\/wp-json\/wp\/v2\/types\/product"}],"version-history":[{"count":1,"href":"https:\/\/rfid-laundry-tag.com\/pl\/wp-json\/wp\/v2\/product\/3180\/revisions"}],"predecessor-version":[{"id":3185,"href":"https:\/\/rfid-laundry-tag.com\/pl\/wp-json\/wp\/v2\/product\/3180\/revisions\/3185"}],"wp:featuredmedia":[{"embeddable":true,"href":"https:\/\/rfid-laundry-tag.com\/pl\/wp-json\/wp\/v2\/media\/3181"}],"wp:attachment":[{"href":"https:\/\/rfid-laundry-tag.com\/pl\/wp-json\/wp\/v2\/media?parent=3180"}],"wp:term":[{"taxonomy":"product_brand","embeddable":true,"href":"https:\/\/rfid-laundry-tag.com\/pl\/wp-json\/wp\/v2\/product_brand?post=3180"},{"taxonomy":"product_cat","embeddable":true,"href":"https:\/\/rfid-laundry-tag.com\/pl\/wp-json\/wp\/v2\/product_cat?post=3180"},{"taxonomy":"product_tag","embeddable":true,"href":"https:\/\/rfid-laundry-tag.com\/pl\/wp-json\/wp\/v2\/product_tag?post=3180"}],"curies":[{"name":"wp","href":"https:\/\/api.w.org\/{rel}","templated":true}]}}