{"id":3174,"date":"2026-01-09T13:11:22","date_gmt":"2026-01-09T13:11:22","guid":{"rendered":"https:\/\/rfid-laundry-tag.com\/?post_type=product&#038;p=3174"},"modified":"2026-01-09T13:11:23","modified_gmt":"2026-01-09T13:11:23","slug":"rfid-mifare-desfire-ev3-2k-4k-8k-inlay","status":"publish","type":"product","link":"https:\/\/rfid-laundry-tag.com\/pl\/rfid-mifare-desfire-ev3-2k-4k-8k-inlay\/","title":{"rendered":"Wk\u0142adka RFID Mifare Desfire EV3 2K 4K 8K"},"content":{"rendered":"<h2>Wk\u0142adka RFID Mifare Desfire EV3 2K 4K 8K<\/h2>\n<p>Ten\u00a0<strong>MIFARE\u00ae DESFire\u00ae EV3<\/strong>\u00a0Seria NXP Semiconductors to nowatorskie rozwi\u0105zanie w bezpiecznej, bezkontaktowej technologii RFID, idealne do r\u00f3\u017cnych zastosowa\u0144 wymagaj\u0105cych wysokiego poziomu bezpiecze\u0144stwa i elastyczno\u015bci. Oto zwi\u0119z\u0142y przegl\u0105d jej funkcji, opcji pami\u0119ci, ulepsze\u0144 bezpiecze\u0144stwa, zastosowa\u0144 i mo\u017cliwo\u015bci personalizacji:<\/p>\n<h3>Opcje pami\u0119ci<\/h3>\n<p>Karta pami\u0119ci MIFARE\u00ae DESFire\u00ae EV3 jest dost\u0119pna w trzech konfiguracjach:<\/p>\n<ul>\n<li><strong>2 tys.<\/strong>:Najlepszy do prostych zastosowa\u0144, takich jak kontrola dost\u0119pu lub bilety jednorazowe.<\/li>\n<li><strong>4K<\/strong>:Nadaje si\u0119 do zastosowa\u0144 \u015bredniej klasy, takich jak programy lojalno\u015bciowe i ma\u0142e systemy transportu publicznego.<\/li>\n<li><strong>8 tys.<\/strong>:Zaprojektowane dla z\u0142o\u017conych \u015brodowisk o wielu zastosowaniach, takich jak inteligentne miasta i du\u017ce przedsi\u0119biorstwa.<\/li>\n<\/ul>\n<p>Ka\u017cda konfiguracja obs\u0142uguje wiele aplikacji, z mo\u017cliwo\u015bci\u0105 przechowywania do\u00a0<strong>32 pliki na aplikacj\u0119<\/strong>, umo\u017cliwiaj\u0105c przedsi\u0119biorstwom dopasowanie rozwi\u0105za\u0144 do swoich potrzeb.<\/p>\n<h3>Ulepszone funkcje bezpiecze\u0144stwa<\/h3>\n<p>Bezpiecze\u0144stwo jest jednym z g\u0142\u00f3wnych za\u0142o\u017ce\u0144 EV3, dlatego te\u017c wyr\u00f3\u017cnia si\u0119:<\/p>\n<ul>\n<li><strong>Szyfrowanie AES<\/strong>: Chroni dane podczas transmisji.<\/li>\n<li><strong>Certyfikacja EAL5+<\/strong>:Zapewnia wysoki poziom bezpiecze\u0144stwa poufnych danych.<\/li>\n<li><strong>Bezpieczne, unikalne uwierzytelnianie NFC<\/strong>:Ka\u017cda karta ma unikalny identyfikator, kt\u00f3ry zapobiega duplikowaniu.<\/li>\n<li><strong>Wielowarstwowe zabezpieczenia<\/strong>:Obs\u0142uguje r\u00f3\u017cne protoko\u0142y szyfrowania, w tym AES i DES\/Triple-DES.<\/li>\n<\/ul>\n<p>Dzi\u0119ki tym funkcjom EV3 nadaje si\u0119 do zastosowa\u0144 wymagaj\u0105cych wysokiego poziomu bezpiecze\u0144stwa, takich jak kontrola dost\u0119pu, p\u0142atno\u015bci bezgot\u00f3wkowe i inteligentne zamki.<\/p>\n<h3>Aplikacje<\/h3>\n<p>Wszechstronno\u015b\u0107 <a href=\"https:\/\/rfid-laundry-tag.com\/pl\/rfid-inlay\/\">Wk\u0142adka RFID Mifare Desfire EV3 2K 4K 8K<\/a>\u00a0pozwala na jego wykorzystanie w r\u00f3\u017cnych sektorach:<\/p>\n<ul>\n<li><strong>Kontrola dost\u0119pu<\/strong>:Bezpieczne zarz\u0105dzanie dost\u0119pem do budynk\u00f3w i obszar\u00f3w o ograniczonym dost\u0119pie.<\/li>\n<li><strong>Transport publiczny<\/strong>:U\u0142atwia sprawny proces sprzeda\u017cy bilet\u00f3w i pobierania op\u0142at.<\/li>\n<li><strong>Programy lojalno\u015bciowe<\/strong>:Bezpiecznie przechowuje dane klient\u00f3w i nagrody.<\/li>\n<li><strong>Inteligentne miasta<\/strong>:Wspiera infrastruktur\u0119 dzi\u0119ki solidnej wydajno\u015bci i kompatybilno\u015bci z technologiami NFC i RFID.<\/li>\n<\/ul>\n<h3>Dostosowywanie i wsparcie<\/h3>\n<p>NXP oferuje szerokie mo\u017cliwo\u015bci dostosowywania, aby sprosta\u0107 konkretnym potrzebom biznesowym:<\/p>\n<ul>\n<li><strong>Druk niestandardowy<\/strong>:Personalizuj karty za pomoc\u0105 logo i brandingu.<\/li>\n<li><strong>Niestandardowa alokacja pami\u0119ci<\/strong>:Dostosuj konfiguracje pami\u0119ci do konkretnych zastosowa\u0144.<\/li>\n<li><strong>Konfigurowalne ustawienia zabezpiecze\u0144<\/strong>:Dostosuj metody szyfrowania i uwierzytelniania.<\/li>\n<\/ul>\n<p>Firmy mog\u0105 otrzyma\u0107 pr\u00f3bki z czasem realizacji wynosz\u0105cym zaledwie\u00a0<strong>1-2 dni<\/strong>, umo\u017cliwiaj\u0105c szybk\u0105 ocen\u0119 i wdro\u017cenie.<\/p>\n<h2><strong><b>Dane techniczne<\/b><\/strong><\/h2>\n<div class=\"collapse-mobile ste-list\">\n<h3>Interfejs RF: ISO\/IEC 14443 Typ A<\/h3>\n<ul class=\"boxes\">\n<li>Interfejs bezkontaktowy zgodny z norm\u0105 ISO\/IEC 14443-2\/3 A<\/li>\n<li>Niskie Hmin umo\u017cliwiaj\u0105ce zasi\u0119g dzia\u0142ania do 100 mm (w zale\u017cno\u015bci od mocy dostarczanej przez PCD i geometrii anteny)<\/li>\n<li>Szybki transfer danych: 106 kbit\/s, 212 kbit\/s, 424 kbit\/s, 848 kbit\/s<\/li>\n<li>7-bajtowy unikalny identyfikator (opcja dla losowego identyfikatora)<\/li>\n<li>U\u017cywa protoko\u0142u transmisji ISO\/IEC 14443-4<\/li>\n<li>Konfigurowalny FSCI obs\u0142uguj\u0105cy rozmiar ramki do 256 bajt\u00f3w<\/li>\n<\/ul>\n<\/div>\n<div class=\"collapse-mobile ste-list\">\n<h3>Pami\u0119\u0107 nieulotna<\/h3>\n<ul class=\"boxes\">\n<li>2 kB, 4 kB, 8 kB i 16 kB<\/li>\n<li>Okres przechowywania danych 25 lat<\/li>\n<li>Napisz wytrzyma\u0142o\u015b\u0107 typow\u0105 1 000 000 cykli<\/li>\n<li>Szybkie cykle programowania<\/li>\n<\/ul>\n<\/div>\n<div class=\"collapse-mobile ste-list\">\n<h3>Organizacja pami\u0119ci NV i obs\u0142uga wielu aplikacji<\/h3>\n<ul class=\"boxes\">\n<li>Elastyczny system plik\u00f3w: u\u017cytkownik mo\u017ce swobodnie definiowa\u0107 struktury aplikacji w PICC<\/li>\n<li>Tyle aplikacji, ile obs\u0142uguje rozmiar pami\u0119ci<\/li>\n<li>Do 32 plik\u00f3w w ka\u017cdej aplikacji (dost\u0119pnych jest 6 typ\u00f3w plik\u00f3w: plik danych standardowych, plik danych zapasowych, plik warto\u015bci, plik rekordu liniowego, plik rekordu cyklicznego i plik MAC transakcji)<\/li>\n<li>Rozmiar pliku jest okre\u015blany podczas tworzenia (nie dotyczy pliku transakcyjnego MAC)<\/li>\n<li>MlsmartApp (Delegowane zarz\u0105dzanie aplikacjami)<\/li>\n<li>Ponowne wykorzystanie pami\u0119ci w aplikacjach DAM (Formatowanie aplikacji)<\/li>\n<li>Fabrycznie za\u0142adowane klucze DAM NXP do obs\u0142ugi us\u0142ugi AppXplorer<\/li>\n<li>Dost\u0119p do plik\u00f3w z dw\u00f3ch dowolnych aplikacji podczas jednej transakcji<\/li>\n<\/ul>\n<\/div>\n<div class=\"collapse-mobile ste-list\">\n<h3>Bezpiecze\u0144stwo i prywatno\u015b\u0107<\/h3>\n<ul class=\"boxes\">\n<li>Certyfikacja Common Criteria: EAL5+ (sprz\u0119t i oprogramowanie)<\/li>\n<li>Unikalny 7-bajtowy numer seryjny dla ka\u017cdego urz\u0105dzenia<\/li>\n<li>Opcjonalny identyfikator \u201cRANDOM\u201d zapewniaj\u0105cy wi\u0119ksze bezpiecze\u0144stwo i prywatno\u015b\u0107<\/li>\n<li>Wzajemne uwierzytelnianie trzyprzebiegowe<\/li>\n<li>Wzajemne uwierzytelnianie zgodnie z norm\u0105 ISO\/IEC 7816-4<\/li>\n<li>Elastyczne zarz\u0105dzanie kluczami: 1 karta\u00a0<span class=\"Footnote\" data-id=\"Inclusive Language\">lider<\/span>\u00a0klucz i do 14 kluczy na aplikacj\u0119<\/li>\n<li>Mo\u017cliwo\u015b\u0107 wielokrotnego przypisania klawiszy dla ka\u017cdego prawa dost\u0119pu do pliku (do 8)<\/li>\n<li>Wiele zestaw\u00f3w kluczy na aplikacj\u0119 z szybkim mechanizmem zwijania kluczy (do 16 zestaw\u00f3w)<\/li>\n<li>Sprz\u0119towy DES wykorzystuj\u0105cy klucze 56\/112\/168-bitowe z wersj\u0105 klucza<\/li>\n<li>Sprz\u0119towy algorytm AES wykorzystuj\u0105cy 128-bitowe klucze z wersj\u0105 klucza<\/li>\n<li>Autentyczno\u015b\u0107 danych za pomoc\u0105 8-bajtowego CMAC<\/li>\n<li>Tryb zgodno\u015bci MF3ICD40: 4-bajtowy MAC, CRC 16<\/li>\n<li>Szyfrowanie danych na kanale RF<\/li>\n<li>Uwierzytelnianie na poziomie aplikacji<\/li>\n<li>Czujniki wyj\u0105tk\u00f3w sprz\u0119towych<\/li>\n<li>Samozabezpieczaj\u0105cy si\u0119 system plik\u00f3w<\/li>\n<li>Transakcja MAC podpisana kluczem tajnym dla ka\u017cdej aplikacji<\/li>\n<li>Architektura kart wirtualnych umo\u017cliwiaj\u0105ca ulepszony wyb\u00f3r kart\/aplikacji na urz\u0105dzeniach z wieloma kartami wirtualnymi i ochron\u0105 prywatno\u015bci<\/li>\n<li>Kontrola blisko\u015bci w celu ochrony przed atakami przeka\u017anikowymi<\/li>\n<li>Sprawd\u017a oryginalno\u015b\u0107, aby uzyska\u0107 dow\u00f3d oryginalno\u015bci produktu NXP<\/li>\n<\/ul>\n<\/div>","protected":false},"excerpt":{"rendered":"<p><strong>Wk\u0142adka RFID Mifare Desfire EV3 2K 4K 8K<\/strong> to zaawansowane rozwi\u0105zanie RFID zapewniaj\u0105ce wysoki poziom bezpiecze\u0144stwa, szybki transfer danych, elastyczne opcje pami\u0119ci i bezproblemow\u0105 integracj\u0119 w wielu zastosowaniach.<\/p>","protected":false},"featured_media":3175,"template":"","meta":{"_kad_post_transparent":"default","_kad_post_title":"","_kad_post_layout":"default","_kad_post_sidebar_id":"","_kad_post_content_style":"default","_kad_post_vertical_padding":"default","_kad_post_feature":"","_kad_post_feature_position":"","_kad_post_header":false,"_kad_post_footer":false,"_kad_post_classname":""},"product_brand":[],"product_cat":[189],"product_tag":[111,108,382],"class_list":{"0":"post-3174","1":"product","2":"type-product","3":"status-publish","4":"has-post-thumbnail","6":"product_cat-rfid-inlay","7":"product_tag-nfc-inlay","8":"product_tag-rfid-inlay","9":"product_tag-rfid-mifare-desfire-ev3-2k-4k-8k-inlay","11":"first","12":"instock","13":"shipping-taxable","14":"product-type-simple","15":"entry","16":"content-bg","17":"loop-entry"},"_links":{"self":[{"href":"https:\/\/rfid-laundry-tag.com\/pl\/wp-json\/wp\/v2\/product\/3174","targetHints":{"allow":["GET"]}}],"collection":[{"href":"https:\/\/rfid-laundry-tag.com\/pl\/wp-json\/wp\/v2\/product"}],"about":[{"href":"https:\/\/rfid-laundry-tag.com\/pl\/wp-json\/wp\/v2\/types\/product"}],"version-history":[{"count":1,"href":"https:\/\/rfid-laundry-tag.com\/pl\/wp-json\/wp\/v2\/product\/3174\/revisions"}],"predecessor-version":[{"id":3179,"href":"https:\/\/rfid-laundry-tag.com\/pl\/wp-json\/wp\/v2\/product\/3174\/revisions\/3179"}],"wp:featuredmedia":[{"embeddable":true,"href":"https:\/\/rfid-laundry-tag.com\/pl\/wp-json\/wp\/v2\/media\/3175"}],"wp:attachment":[{"href":"https:\/\/rfid-laundry-tag.com\/pl\/wp-json\/wp\/v2\/media?parent=3174"}],"wp:term":[{"taxonomy":"product_brand","embeddable":true,"href":"https:\/\/rfid-laundry-tag.com\/pl\/wp-json\/wp\/v2\/product_brand?post=3174"},{"taxonomy":"product_cat","embeddable":true,"href":"https:\/\/rfid-laundry-tag.com\/pl\/wp-json\/wp\/v2\/product_cat?post=3174"},{"taxonomy":"product_tag","embeddable":true,"href":"https:\/\/rfid-laundry-tag.com\/pl\/wp-json\/wp\/v2\/product_tag?post=3174"}],"curies":[{"name":"wp","href":"https:\/\/api.w.org\/{rel}","templated":true}]}}