{"id":317,"date":"2024-06-28T04:00:12","date_gmt":"2024-06-28T04:00:12","guid":{"rendered":"https:\/\/rfid-laundry-tag.com\/?post_type=product&#038;p=317"},"modified":"2024-06-28T04:00:12","modified_gmt":"2024-06-28T04:00:12","slug":"iso15693-i-code-slix-nfc-tag","status":"publish","type":"product","link":"https:\/\/rfid-laundry-tag.com\/pl\/iso15693-i-code-slix-nfc-tag\/","title":{"rendered":"ISO15693 I CODE SLIX NFC Tag"},"content":{"rendered":"<table class=\"hight-light-first-column all magic-1\">\n<tbody>\n<tr>\n<td colspan=\"1\" rowspan=\"1\">\n<div class=\"magic-2\">\n<div class=\"magic-3\" data-spm-anchor-id=\"a2700.pc-decorate.0.i24.7f543333WPG8F0\"><span class=\"magic-4\" data-spm-anchor-id=\"a2700.pc-decorate.0.i23.7f543333WPG8F0\"><span class=\"magic-5\" style=\"color: #000000; font-family: Roboto;\"><b class=\"magic-4\" data-spm-anchor-id=\"a2700.pc-decorate.0.i114.7f543333WPG8F0\">Przedmiot<\/b><\/span><\/span><\/div>\n<\/div>\n<\/td>\n<td colspan=\"4\" rowspan=\"1\">\n<div class=\"magic-6\">\u00a0ISO15693 I CODE SLIX NFC Tag<\/div>\n<\/td>\n<\/tr>\n<tr>\n<td colspan=\"1\" rowspan=\"1\">\n<div class=\"magic-2\">\n<div class=\"magic-3\" data-spm-anchor-id=\"a2700.pc-decorate.0.i22.7f543333WPG8F0\"><span class=\"magic-4\" data-spm-anchor-id=\"a2700.pc-decorate.0.i10.7f543333WPG8F0\"><b class=\"magic-4\"><span class=\"magic-5\" style=\"color: #000000; font-family: Roboto;\">Tworzywo<\/span><\/b><\/span><\/div>\n<\/div>\n<\/td>\n<td colspan=\"4\" rowspan=\"1\">\n<div class=\"magic-9\"><span class=\"magic-5\" style=\"color: #000000;\">Papier \/ Folia PP \/PET \/Wk\u0142adka<\/span><\/div>\n<\/td>\n<\/tr>\n<tr>\n<td colspan=\"1\" rowspan=\"1\">\n<div class=\"magic-2\">\n<div class=\"magic-3\" data-spm-anchor-id=\"a2700.pc-decorate.0.i34.7f543333WPG8F0\"><b class=\"magic-13\" data-spm-anchor-id=\"a2700.pc-decorate.0.i111.7f543333WPG8F0\"><span class=\"magic-5\" style=\"color: #000000; font-family: Roboto;\">Cz\u0119stotliwo\u015b\u0107<\/span><\/b><\/div>\n<\/div>\n<\/td>\n<td colspan=\"4\" rowspan=\"1\">\n<div class=\"magic-6\"><span class=\"magic-5\" style=\"color: #000000; font-family: Roboto;\" data-spm-anchor-id=\"a2700.details.0.i25.244e512bmtbZH7\">13,56MHz<\/span><\/div>\n<\/td>\n<\/tr>\n<tr>\n<td colspan=\"1\" rowspan=\"1\">\n<div class=\"magic-2\">\n<div class=\"magic-3\" data-spm-anchor-id=\"a2700.pc-decorate.0.i33.7f543333WPG8F0\"><b class=\"magic-4\"><span class=\"magic-5\" style=\"color: #000000; font-family: Roboto;\">Rozmiar<\/span><\/b><\/div>\n<\/div>\n<\/td>\n<td colspan=\"4\" rowspan=\"1\">\n<div class=\"magic-9\"><span class=\"magic-5\" style=\"color: #000000;\">50*50\/45*45\/30*15\/40*25\/\u015arednica 25\/30 lub niestandardowy rozmiar<\/span><\/div>\n<\/td>\n<\/tr>\n<tr>\n<td colspan=\"1\" rowspan=\"1\">\n<div class=\"magic-2\">\n<div class=\"magic-3\"><b class=\"magic-14\">Aplikacje<\/b><\/div>\n<\/div>\n<\/td>\n<td colspan=\"4\" rowspan=\"1\">\n<div class=\"magic-6\" data-spm-anchor-id=\"a2700.details.0.i24.244e512bmtbZH7\"><span class=\"magic-5\" style=\"color: #000000; font-family: Roboto;\">Szeroko stosowane w zarz\u0105dzaniu aktywami, odzie\u017c\u0105, inwentaryzacj\u0105, bibliotek\u0105, jubilerstwem, logistyk\u0105 itp.<\/span><\/div>\n<\/td>\n<\/tr>\n<\/tbody>\n<\/table>\n<p>&nbsp;<\/p>\n<div class=\"auto-hide-last-sibling-br paragraph_9dc5f paragraph-element\"><strong>Wk\u0142adki RFID:<\/strong>\u00a0Wk\u0142adka RFID sk\u0142ada si\u0119 z anteny i mikroprocesora. Mikroprocesor przechowuje dane, a antena odpowiada za ich transmisj\u0119 do czytnika RFID.<\/div>\n<p>&nbsp;<\/p>\n<div class=\"auto-hide-last-sibling-br paragraph_9dc5f paragraph-element\"><strong>Wk\u0142ady mokre:<\/strong>\u00a0S\u0105 to wk\u0142adki RFID, kt\u00f3re s\u0105 umieszczane na wierzchu warstwy klej\u0105cej i przezroczystej warstwy PET (politereftalanu etylenu). Warstwa PET jest u\u017cywana do ochrony przed uszkodzeniami fizycznymi. Z klej\u0105c\u0105 stron\u0105 skierowan\u0105 od etykiety lub materia\u0142u, mo\u017cna je wygodnie u\u017cywa\u0107 do konstruowania etykiet RFID, st\u0105d ich szerokie zastosowanie w tworzeniu etykiet dla r\u00f3\u017cnych sektor\u00f3w.<\/div>\n<div><\/div>\n<div>\n<div class=\"auto-hide-last-sibling-br paragraph_9dc5f paragraph-element\">\u00a0ISO15693 I CODE SLIX NFC Tag, wykonany z r\u00f3\u017cnych materia\u0142\u00f3w, takich jak papier, folia PP, PET lub inlay, i w r\u00f3\u017cnych rozmiarach, jest szeroko wykorzystywany. Cz\u0119sto mo\u017cna je znale\u017a\u0107 w takich bran\u017cach jak:<\/div>\n<p><br class=\"container_21264 wrapper_661ac undefined\" \/><\/p>\n<ul class=\"auto-hide-last-sibling-br\">\n<li><strong>Zarz\u0105dzanie aktywami:<\/strong>\u00a0Tagi s\u0142u\u017c\u0105 do \u015bledzenia zasob\u00f3w fizycznych w r\u00f3\u017cnych zastosowaniach, na przyk\u0142ad do monitorowania sprz\u0119tu w plac\u00f3wkach s\u0142u\u017cby zdrowia lub w bran\u017cy IT.<\/li>\n<li><strong>Zarz\u0105dzanie odzie\u017c\u0105:<\/strong>\u00a0W handlu detalicznym odzie\u017c\u0105 znaczniki te u\u0142atwiaj\u0105 \u015bledzenie zapas\u00f3w, zabezpieczaj\u0105 przed kradzie\u017c\u0105 i poprawiaj\u0105 jako\u015b\u0107 obs\u0142ugi klienta w sklepie.<\/li>\n<li><strong>Zarz\u0105dzanie zapasami:<\/strong>\u00a0W magazynach i sklepach detalicznych znaczniki RFID s\u0142u\u017c\u0105 do efektywnego zarz\u0105dzania zapasami, ograniczania pracy r\u0119cznej i minimalizowania b\u0142\u0119d\u00f3w.<\/li>\n<li><strong>Zarz\u0105dzanie bibliotek\u0105:<\/strong>\u00a0S\u0142u\u017c\u0105 do automatyzacji proces\u00f3w wypo\u017cyczania i zwrotu, usprawniaj\u0105 zarz\u0105dzanie zapasami i zapewniaj\u0105 bezpiecze\u0144stwo przed kradzie\u017c\u0105.<\/li>\n<li><strong>Zarz\u0105dzanie bi\u017cuteri\u0105:<\/strong>\u00a0Lekkie i dok\u0142adne, te znaczniki umo\u017cliwiaj\u0105 bezpieczn\u0105 i skuteczn\u0105 kontrol\u0119 zapas\u00f3w w bran\u017cy jubilerskiej.<\/li>\n<li><strong>Logistyka:<\/strong> Tagi RFID s\u0142u\u017c\u0105 do \u015bledzenia towar\u00f3w w czasie transportu, zwi\u0119kszaj\u0105 dok\u0142adno\u015b\u0107 wysy\u0142ki i poprawiaj\u0105 przejrzysto\u015b\u0107 \u0142a\u0144cucha dostaw.<\/li>\n<\/ul>\n<div class=\"auto-hide-last-sibling-br paragraph_9dc5f paragraph-element\">Rozmiar i kszta\u0142t znacznika mo\u017cna dostosowa\u0107 do konkretnego zastosowania, co zwi\u0119ksza jego elastyczno\u015b\u0107 i przydatno\u015b\u0107 w r\u00f3\u017cnych sytuacjach u\u017cycia.<\/div>\n<\/div>","protected":false},"excerpt":{"rendered":"<p><strong>ISO15693 I CODE SLIX NFC Tag:<\/strong>\u00a0Tagi te to tagi RFID o wysokiej cz\u0119stotliwo\u015bci (13,56 MHz), kt\u00f3re s\u0105 zgodne z norm\u0105 ISO15693. Chip I CODE SLIX jest znany ze swojego niezwyk\u0142ego zakresu odczytu\/zapisu, idealnego do zastosowa\u0144 w zarz\u0105dzaniu aktywami.<\/p>","protected":false},"featured_media":318,"template":"","meta":{"_kad_post_transparent":"default","_kad_post_title":"","_kad_post_layout":"default","_kad_post_sidebar_id":"","_kad_post_content_style":"default","_kad_post_vertical_padding":"default","_kad_post_feature":"","_kad_post_feature_position":"","_kad_post_header":false,"_kad_post_footer":false,"_kad_post_classname":""},"product_brand":[],"product_cat":[54],"product_tag":[133,132],"class_list":{"0":"post-317","1":"product","2":"type-product","3":"status-publish","4":"has-post-thumbnail","6":"product_cat-hot-selling-rfid-tags","7":"product_tag-i-code-slix-nfc-tag","8":"product_tag-iso15693-i-code-slix-nfc-tag","10":"first","11":"instock","12":"shipping-taxable","13":"product-type-simple","14":"entry","15":"content-bg","16":"loop-entry"},"_links":{"self":[{"href":"https:\/\/rfid-laundry-tag.com\/pl\/wp-json\/wp\/v2\/product\/317","targetHints":{"allow":["GET"]}}],"collection":[{"href":"https:\/\/rfid-laundry-tag.com\/pl\/wp-json\/wp\/v2\/product"}],"about":[{"href":"https:\/\/rfid-laundry-tag.com\/pl\/wp-json\/wp\/v2\/types\/product"}],"version-history":[{"count":0,"href":"https:\/\/rfid-laundry-tag.com\/pl\/wp-json\/wp\/v2\/product\/317\/revisions"}],"wp:featuredmedia":[{"embeddable":true,"href":"https:\/\/rfid-laundry-tag.com\/pl\/wp-json\/wp\/v2\/media\/318"}],"wp:attachment":[{"href":"https:\/\/rfid-laundry-tag.com\/pl\/wp-json\/wp\/v2\/media?parent=317"}],"wp:term":[{"taxonomy":"product_brand","embeddable":true,"href":"https:\/\/rfid-laundry-tag.com\/pl\/wp-json\/wp\/v2\/product_brand?post=317"},{"taxonomy":"product_cat","embeddable":true,"href":"https:\/\/rfid-laundry-tag.com\/pl\/wp-json\/wp\/v2\/product_cat?post=317"},{"taxonomy":"product_tag","embeddable":true,"href":"https:\/\/rfid-laundry-tag.com\/pl\/wp-json\/wp\/v2\/product_tag?post=317"}],"curies":[{"name":"wp","href":"https:\/\/api.w.org\/{rel}","templated":true}]}}