{"id":315,"date":"2024-06-28T01:50:42","date_gmt":"2024-06-28T01:50:42","guid":{"rendered":"https:\/\/rfid-laundry-tag.com\/?post_type=product&#038;p=315"},"modified":"2024-08-19T15:48:20","modified_gmt":"2024-08-19T15:48:20","slug":"tamper-proof-nfc-sticker-ntag424-dna-tt","status":"publish","type":"product","link":"https:\/\/rfid-laundry-tag.com\/pl\/tamper-proof-nfc-sticker-ntag424-dna-tt\/","title":{"rendered":"Naklejka NFC zabezpieczona przed manipulacj\u0105 NTAG424 DNA TT"},"content":{"rendered":"<h2>Naklejka NFC zabezpieczona przed manipulacj\u0105 NTAG424 DNA TT<\/h2>\n<table class=\"all magic-15\">\n<tbody>\n<tr>\n<td colspan=\"1\" rowspan=\"1\">\n<div class=\"magic-16\" data-spm-anchor-id=\"a2700.details.0.i75.2d9c3353FQLlpS\">Tworzywo<\/div>\n<\/td>\n<td colspan=\"4\" rowspan=\"1\">\n<div class=\"magic-17\">Papier kruchy + Antena krucha<\/div>\n<\/td>\n<\/tr>\n<tr>\n<td colspan=\"1\" rowspan=\"1\">\n<div class=\"magic-16\">Rozmiar<\/div>\n<\/td>\n<td colspan=\"4\" rowspan=\"1\">\n<div class=\"magic-17\">24*60mm, 20*70mm, 27*77mm, 35*66mm, 35mm*80mm itd.<\/div>\n<\/td>\n<\/tr>\n<tr>\n<td colspan=\"1\" rowspan=\"1\">\n<div class=\"magic-16\">Druk<\/div>\n<\/td>\n<td colspan=\"4\" rowspan=\"1\">\n<div class=\"magic-17\">Drukowanie w pe\u0142nym kolorze<\/div>\n<\/td>\n<\/tr>\n<tr>\n<td colspan=\"1\" rowspan=\"1\">\n<div class=\"magic-16\">Cz\u0119stotliwo\u015b\u0107<\/div>\n<\/td>\n<td colspan=\"4\" rowspan=\"1\">\n<div class=\"magic-17\" data-spm-anchor-id=\"a2700.details.0.i74.2d9c3353FQLlpS\">13,56MHz<\/div>\n<\/td>\n<\/tr>\n<tr>\n<td colspan=\"1\" rowspan=\"1\">\n<div class=\"magic-16\">Protok\u00f3\u0142<\/div>\n<\/td>\n<td colspan=\"4\" rowspan=\"1\">\n<div class=\"magic-17\">ISO14443A<\/div>\n<\/td>\n<\/tr>\n<tr>\n<td colspan=\"1\" rowspan=\"2\">\n<div class=\"magic-16\">\u017beton<\/div>\n<\/td>\n<td colspan=\"4\" rowspan=\"1\">\n<div class=\"magic-17\">\n<p>NTAG213 TT<\/p>\n<p>* 184 bajty zorganizowane na 46 stronach po 4 bajty na stron\u0119<br \/>\n* 144 bajty dost\u0119pne bezp\u0142atnie dla u\u017cytkownika w obszarze odczytu\/zapisu (36 stron)<\/p>\n<\/div>\n<\/td>\n<\/tr>\n<tr>\n<td colspan=\"4\" rowspan=\"1\">\n<div class=\"magic-17\">\n<p>NTAG424 DNA TT Tamper (416 bajt\u00f3w)<\/p>\n<p>Pami\u0119\u0107 416 bajt\u00f3w zorganizowana w systemie plik\u00f3w ISO\/IEC 7816-4:<br \/>\n* Kontener o pojemno\u015bci 32 bajt\u00f3w<br \/>\n* Plik NDEF o rozmiarze 256 bajt\u00f3w<br \/>\n* 128 bajt\u00f3w pliku danych chronionych<\/p>\n<\/div>\n<\/td>\n<\/tr>\n<tr>\n<td colspan=\"1\" rowspan=\"1\">\n<div class=\"magic-16\">Odczyt odleg\u0142o\u015bci<\/div>\n<\/td>\n<td colspan=\"4\" rowspan=\"1\">\n<div class=\"magic-17\" data-spm-anchor-id=\"a2700.details.0.i76.2d9c3353FQLlpS\">1-10CM (w zale\u017cno\u015bci od wydajno\u015bci czytnika i \u015brodowiska pracy)<\/div>\n<\/td>\n<\/tr>\n<tr>\n<td colspan=\"1\" rowspan=\"1\">\n<div class=\"magic-16\">Funkcja<\/div>\n<\/td>\n<td colspan=\"4\" rowspan=\"1\">\n<div class=\"magic-17\">Zabezpieczenie przed fa\u0142szerstwem, zabezpieczenie przed manipulacj\u0105, jednorazowego u\u017cytku<\/div>\n<\/td>\n<\/tr>\n<tr>\n<td colspan=\"1\" rowspan=\"1\">\n<div class=\"magic-16\">Wsparcie dostosowane do potrzeb<\/div>\n<\/td>\n<td colspan=\"4\" rowspan=\"1\">\n<div class=\"magic-17\">Materia\u0142, rozmiar, uk\u0142ad scalony, nadruk, kodowanie, numer seryjny, kszta\u0142t, opakowanie itp.<\/div>\n<\/td>\n<\/tr>\n<tr>\n<td colspan=\"1\" rowspan=\"1\">\n<div class=\"magic-16\">Certyfikat<\/div>\n<\/td>\n<td colspan=\"4\" rowspan=\"1\">\n<div class=\"magic-17\">CE RoHS ISO<\/div>\n<\/td>\n<\/tr>\n<\/tbody>\n<\/table>\n<h3>Jak dzia\u0142a TAG (NTAG213 TagTamper \/ 424 DNA TagTamper)<\/h3>\n<p><strong>Zasada og\u00f3lna:<\/strong><\/p>\n<p>System TAG wykorzystuje\u00a0<strong>Technologia RFID<\/strong>\u00a0ze specjalistycznym\u00a0<strong>Skasowanie etykiety<\/strong>\u00a0funkcjonalno\u015b\u0107 wykrywania nieautoryzowanego otwierania opakowa\u0144. Sk\u0142ada si\u0119 z dw\u00f3ch g\u0142\u00f3wnych komponent\u00f3w:<\/p>\n<ol>\n<li><strong>Znacznik RFID:<\/strong>\n<ul>\n<li><strong>G\u0142\u00f3wna p\u0119tla antenowa:<\/strong>\u00a0Przesy\u0142a fale radiowe pomi\u0119dzy czytnikiem RFID a uk\u0142adem scalonym.<\/li>\n<li><strong>P\u0119tla\/przew\u00f3d detekcyjny:<\/strong>\u00a0Oddzielny przew\u00f3d zaprojektowany tak, aby p\u0119k\u0142 w przypadku manipulacji. To p\u0119kni\u0119cie jest trwale rejestrowane przez uk\u0142ad scalony IC.<\/li>\n<\/ul>\n<\/li>\n<li><strong>Czytnik RFID:<\/strong>\n<ul>\n<li><strong>Odczytuje dane z tagu RFID<\/strong>, w tym stan przewodu detekcyjnego.<\/li>\n<li><strong>Przesy\u0142a dane do serwera<\/strong>gdzie mo\u017cna je analizowa\u0107 i wykorzystywa\u0107 w r\u00f3\u017cnych zastosowaniach.<\/li>\n<\/ul>\n<\/li>\n<\/ol>\n<p><strong>Funkcjonalno\u015b\u0107 ochrony tag\u00f3w:<\/strong><\/p>\n<ul>\n<li>Przew\u00f3d detekcyjny jest pod\u0142\u0105czony do uk\u0142adu scalonego IC.<\/li>\n<li>Gdy przew\u00f3d jest zerwany, chip\u00a0<strong>przechowuje trwa\u0142y zapis zdarzenia manipulacji<\/strong>.<\/li>\n<li>Informacje te mog\u0105 by\u0107\u00a0<strong>odzwierciedlone w kodzie ASCII w pami\u0119ci u\u017cytkownika<\/strong>\u00a0I\u00a0<strong>zg\u0142oszone do chmury<\/strong>\u00a0do dalszej analizy.<\/li>\n<\/ul>\n<p><strong>424 DNA TagTamper z kryptografi\u0105 AES-128:<\/strong><\/p>\n<ul>\n<li><strong>Unikalna wiadomo\u015b\u0107 uwierzytelniaj\u0105ca NFC (SUN):<\/strong>\u00a0Za ka\u017cdym razem, gdy urz\u0105dzenie 424 DNA TagTamper zostanie zetkni\u0119te z telefonem kom\u00f3rkowym lub czytnikiem NFC, wygenerowany zostanie unikalny symbol SUN.<\/li>\n<li><strong>Bezpieczne uwierzytelnianie:<\/strong>\n<ul>\n<li>Sygna\u0142 SUN jest wysy\u0142any do serwera hosta wraz z unikalnym adresem URL.<\/li>\n<li>Host przeprowadza uwierzytelnianie, korzystaj\u0105c z szyfrowania AES-128.<\/li>\n<li><strong>Weryfikacja<\/strong>\u00a0jest zwracany do czytnika\/urz\u0105dzenia mobilnego.<\/li>\n<\/ul>\n<\/li>\n<\/ul>\n<p><strong>Zastosowania:<\/strong><\/p>\n<ul>\n<li><strong>Zaawansowana ochrona przed podr\u00f3bkami (weryfikacja produktu):<\/strong>\n<ul>\n<li>Weryfikuje autentyczno\u015b\u0107 towar\u00f3w fizycznych.<\/li>\n<li>Identyfikuje sprzeda\u017c poza autoryzowanymi rynkami.<\/li>\n<\/ul>\n<\/li>\n<li><strong>Wykrywanie i zabezpieczanie przed ingerencj\u0105 (inteligentne opakowanie):<\/strong>\n<ul>\n<li>Wykrywa nieautoryzowane otwarcie produktu.<\/li>\n<li>Zapewnia integralno\u015b\u0107 produktu.<\/li>\n<\/ul>\n<\/li>\n<li><strong>Zabezpieczone ekskluzywne do\u015bwiadczenia u\u017cytkownika w oparciu o status produktu:<\/strong>\n<ul>\n<li>Umo\u017cliwia zaawansowan\u0105 interakcj\u0119 u\u017cytkownika (przed i po sprzeda\u017cy).<\/li>\n<li>Nagradza klient\u00f3w spersonalizowanymi tre\u015bciami, ofertami i przywilejami.<\/li>\n<\/ul>\n<\/li>\n<li><strong>Zabezpieczone aplikacje do przechowywania poufnych danych:<\/strong>\n<ul>\n<li>Chroni poufne dane produkt\u00f3w i u\u017cytkownik\u00f3w.<\/li>\n<li>Uruchamia dzia\u0142anie po zweryfikowaniu zdarzenia (np. p\u0142atno\u015bci).<\/li>\n<\/ul>\n<\/li>\n<li><strong>Bezpieczne uwierzytelnianie i konfiguracja urz\u0105dze\u0144 w p\u0119tli zamkni\u0119tej:<\/strong>\n<ul>\n<li>Weryfikuje materia\u0142y eksploatacyjne i cz\u0119\u015bci.<\/li>\n<li>W\u0142\u0105cza sprawdzanie integralno\u015bci.<\/li>\n<li>Automatycznie przesy\u0142a ustawienia urz\u0105dzenia.<\/li>\n<\/ul>\n<\/li>\n<\/ul>\n<p><strong>G\u0142\u00f3wne zalety:<\/strong><\/p>\n<ul>\n<li><strong>Wysoki poziom bezpiecze\u0144stwa:<\/strong>\u00a0Funkcja wykrywania manipulacji i kryptografia AES-128 gwarantuj\u0105 integralno\u015b\u0107 danych i zapobiegaj\u0105 nieautoryzowanemu dost\u0119powi.<\/li>\n<li><strong>Wszechstronne zastosowania:<\/strong>\u00a0System mo\u017cna wykorzysta\u0107 w r\u00f3\u017cnych celach \u2013 od uwierzytelniania produkt\u00f3w po bezpiecze\u0144stwo danych.<\/li>\n<li><strong>\u015aledzenie w czasie rzeczywistym:<\/strong>\u00a0Informacje s\u0105 przesy\u0142ane do chmury w czasie rzeczywistym, co pozwala na natychmiastowe podejmowanie dzia\u0142a\u0144 i \u015bledzenie zdarze\u0144.<\/li>\n<\/ul>","protected":false},"excerpt":{"rendered":"<p>NTAG 424 DNA to wysoce bezpieczna, mocna naklejka NFC Tamper proof NTAG424 DNA TT dostarczana przez NXP semiductors. Etykieta jest idealna do ochrony zasob\u00f3w i informacji, poniewa\u017c zawiera zaawansowane funkcje, takie jak kryptografia AES i uwierzytelnianie wiadomo\u015bci SUN, a tak\u017ce chroni przechowywanie poufnych danych.<\/p>","protected":false},"featured_media":316,"template":"","meta":{"_kad_post_transparent":"default","_kad_post_title":"","_kad_post_layout":"default","_kad_post_sidebar_id":"","_kad_post_content_style":"default","_kad_post_vertical_padding":"default","_kad_post_feature":"","_kad_post_feature_position":"","_kad_post_header":false,"_kad_post_footer":false,"_kad_post_classname":""},"product_brand":[],"product_cat":[54],"product_tag":[135,134],"class_list":{"0":"post-315","1":"product","2":"type-product","3":"status-publish","4":"has-post-thumbnail","6":"product_cat-hot-selling-rfid-tags","7":"product_tag-tamper-proof-nfc-sticker","8":"product_tag-tamper-proof-nfc-sticker-ntag424-dna-tt","10":"first","11":"instock","12":"shipping-taxable","13":"product-type-simple","14":"entry","15":"content-bg","16":"loop-entry"},"_links":{"self":[{"href":"https:\/\/rfid-laundry-tag.com\/pl\/wp-json\/wp\/v2\/product\/315","targetHints":{"allow":["GET"]}}],"collection":[{"href":"https:\/\/rfid-laundry-tag.com\/pl\/wp-json\/wp\/v2\/product"}],"about":[{"href":"https:\/\/rfid-laundry-tag.com\/pl\/wp-json\/wp\/v2\/types\/product"}],"version-history":[{"count":1,"href":"https:\/\/rfid-laundry-tag.com\/pl\/wp-json\/wp\/v2\/product\/315\/revisions"}],"predecessor-version":[{"id":1566,"href":"https:\/\/rfid-laundry-tag.com\/pl\/wp-json\/wp\/v2\/product\/315\/revisions\/1566"}],"wp:featuredmedia":[{"embeddable":true,"href":"https:\/\/rfid-laundry-tag.com\/pl\/wp-json\/wp\/v2\/media\/316"}],"wp:attachment":[{"href":"https:\/\/rfid-laundry-tag.com\/pl\/wp-json\/wp\/v2\/media?parent=315"}],"wp:term":[{"taxonomy":"product_brand","embeddable":true,"href":"https:\/\/rfid-laundry-tag.com\/pl\/wp-json\/wp\/v2\/product_brand?post=315"},{"taxonomy":"product_cat","embeddable":true,"href":"https:\/\/rfid-laundry-tag.com\/pl\/wp-json\/wp\/v2\/product_cat?post=315"},{"taxonomy":"product_tag","embeddable":true,"href":"https:\/\/rfid-laundry-tag.com\/pl\/wp-json\/wp\/v2\/product_tag?post=315"}],"curies":[{"name":"wp","href":"https:\/\/api.w.org\/{rel}","templated":true}]}}