{"id":313,"date":"2024-06-28T01:43:55","date_gmt":"2024-06-28T01:43:55","guid":{"rendered":"https:\/\/rfid-laundry-tag.com\/?post_type=product&#038;p=313"},"modified":"2024-08-19T15:55:01","modified_gmt":"2024-08-19T15:55:01","slug":"tamper-proof-ntag424-dna-tt-nfc-label","status":"publish","type":"product","link":"https:\/\/rfid-laundry-tag.com\/pl\/tamper-proof-ntag424-dna-tt-nfc-label\/","title":{"rendered":"Etykieta NFC Ntag424 DNA TT zabezpieczona przed manipulacj\u0105"},"content":{"rendered":"<table class=\"hight-light-first-column all magic-8\">\n<tbody>\n<tr>\n<td colspan=\"1\" rowspan=\"1\">\n<div class=\"magic-11\"><span class=\"magic-7\" data-spm-anchor-id=\"a2700.details.0.i73.5472537dnd6ZwT\">Nazwa przedmiotu<\/span><\/div>\n<\/td>\n<td colspan=\"1\" rowspan=\"1\">\n<div class=\"magic-12\"><span class=\"magic-7\">Antysfa\u0142szowany tag NFC<\/span><\/div>\n<\/td>\n<\/tr>\n<tr>\n<td colspan=\"1\" rowspan=\"1\">\n<div class=\"magic-11\"><span class=\"magic-7\">S\u0142owo kluczowe<\/span><\/div>\n<\/td>\n<td colspan=\"1\" rowspan=\"1\">\n<div class=\"magic-12\"><span class=\"magic-7\">Etykieta NFC Ntag424 DNA TT zabezpieczona przed manipulacj\u0105<\/span><\/div>\n<\/td>\n<\/tr>\n<tr>\n<td colspan=\"1\" rowspan=\"1\">\n<div class=\"magic-11\"><span class=\"magic-7\">Tworzywo<\/span><\/div>\n<\/td>\n<td colspan=\"1\" rowspan=\"1\">\n<div class=\"magic-12\"><span class=\"magic-7\">AL+PET+Papier<\/span><\/div>\n<\/td>\n<\/tr>\n<tr>\n<td colspan=\"1\" rowspan=\"1\">\n<div class=\"magic-11\"><span class=\"magic-7\">Rozmiar<\/span><\/div>\n<\/td>\n<td colspan=\"1\" rowspan=\"1\">\n<div class=\"magic-12\"><span class=\"magic-7\">24*49*0,2 mm<\/span><\/div>\n<\/td>\n<\/tr>\n<tr>\n<td colspan=\"1\" rowspan=\"1\">\n<div class=\"magic-11\"><span class=\"magic-7\">\u017beton<\/span><\/div>\n<\/td>\n<td colspan=\"1\" rowspan=\"1\">\n<div class=\"magic-12\"><span class=\"magic-7\">NTag 424 DNA TT<\/span><\/div>\n<\/td>\n<\/tr>\n<tr>\n<td colspan=\"1\" rowspan=\"1\">\n<div class=\"magic-11\"><span class=\"magic-7\">Pami\u0119\u0107<\/span><\/div>\n<\/td>\n<td colspan=\"1\" rowspan=\"1\">\n<div class=\"magic-12\" data-spm-anchor-id=\"a2700.details.0.i72.5472537dnd6ZwT\"><span class=\"magic-7\">416 bajt\u00f3w<\/span><\/div>\n<\/td>\n<\/tr>\n<tr>\n<td colspan=\"1\" rowspan=\"1\">\n<div class=\"magic-11\"><span class=\"magic-7\">Cz\u0119stotliwo\u015b\u0107<\/span><\/div>\n<\/td>\n<td colspan=\"1\" rowspan=\"1\">\n<div class=\"magic-12\"><span class=\"magic-7\">13,56MHz<\/span><\/div>\n<\/td>\n<\/tr>\n<tr>\n<td colspan=\"1\" rowspan=\"1\">\n<div class=\"magic-11\"><span class=\"magic-7\">Protok\u00f3\u0142<\/span><\/div>\n<\/td>\n<td colspan=\"1\" rowspan=\"1\">\n<div class=\"magic-12\"><span class=\"magic-7\">Norma ISO 14443A<\/span><\/div>\n<\/td>\n<\/tr>\n<tr>\n<td colspan=\"1\" rowspan=\"1\">\n<div class=\"magic-11\"><span class=\"magic-7\">Aplikacja<\/span><\/div>\n<\/td>\n<td colspan=\"1\" rowspan=\"1\">\n<div class=\"magic-12\"><span class=\"magic-7\">Bezpiecze\u0144stwo alkoholowe, kosmetyki wysokiej jako\u015bci, bi\u017cuteria, zarz\u0105dzanie aktywami itp.<\/span><\/div>\n<\/td>\n<\/tr>\n<tr>\n<td colspan=\"1\" rowspan=\"1\">\n<div class=\"magic-11\"><span class=\"magic-7\">Funkcja<\/span><\/div>\n<\/td>\n<td colspan=\"1\" rowspan=\"1\">\n<div class=\"magic-12\"><span class=\"magic-7\">ANTYFA\u0141SZERSTWO<\/span><\/div>\n<\/td>\n<\/tr>\n<\/tbody>\n<\/table>\n<p>&nbsp;<\/p>\n<p>NTAG 424 DNA to wysoce bezpieczny, mocny tag NFC dostarczany przez NXP Semiductors. Tag jest idealny do ochrony zasob\u00f3w i informacji, poniewa\u017c zawiera zaawansowane funkcje, takie jak kryptografia AES i uwierzytelnianie wiadomo\u015bci SUN, a tak\u017ce chroni przechowywanie poufnych danych.<\/p>\n<div class=\"auto-hide-last-sibling-br paragraph_9dc5f paragraph-element\">NTAG 424 DNA TT (NT4H2421Tx) to niesamowity post\u0119p w dziedzinie zastosowa\u0144 NFC i IoT. Jego postawa w kierunku zwi\u0119kszonego bezpiecze\u0144stwa i ochrony integralno\u015bci produktu jest dowodem jego najnowocze\u015bniejszej konstrukcji.<\/div>\n<p>&nbsp;<\/p>\n<div class=\"auto-hide-last-sibling-br paragraph_9dc5f paragraph-element\"><strong>Cechy NTAG 424 DNA TT (NT4H2421Tx):<\/strong><\/div>\n<div><\/div>\n<ol class=\"auto-hide-last-sibling-br\">\n<li>\n<div class=\"auto-hide-last-sibling-br paragraph_9dc5f paragraph-element\"><strong>Wysoki poziom bezpiecze\u0144stwa:<\/strong>\u00a0Dzi\u0119ki zastosowaniu najnowocze\u015bniejszych \u015brodk\u00f3w bezpiecze\u0144stwa ten uk\u0142ad zapewnia zaawansowan\u0105 ochron\u0119 przed nieautoryzowanym dost\u0119pem i manipulacj\u0105.<\/div>\n<\/li>\n<li>\n<div class=\"auto-hide-last-sibling-br paragraph_9dc5f paragraph-element\"><strong>Wykrywanie statusu:<\/strong>\u00a0Chip wykorzystuje inteligentne algorytmy wykrywania stanu, aby szybko identyfikowa\u0107 wszelkie anomalie. Ta funkcja jest szczeg\u00f3lnie przydatna w wykrywaniu pr\u00f3b manipulacji produktami.<\/div>\n<\/li>\n<li>\n<div class=\"auto-hide-last-sibling-br paragraph_9dc5f paragraph-element\"><strong>Ochrona prywatno\u015bci:<\/strong>\u00a0W czasach, w kt\u00f3rych prywatno\u015b\u0107 jest tak ceniona, NTAG 424 DNA TT (NT4H2421Tx) zapewnia r\u00f3wnie\u017c niezawodne mechanizmy ochrony prywatno\u015bci przed potencjalnymi naruszeniami danych.<\/div>\n<\/li>\n<li>\n<div class=\"auto-hide-last-sibling-br paragraph_9dc5f paragraph-element\"><strong>Konstrukcja zabezpieczona przed manipulacj\u0105:<\/strong>\u00a0Produkt zosta\u0142 zaprojektowany z my\u015bl\u0105 o zapewnieniu bezpiecze\u0144stwa poprzez zastosowanie delikatnych materia\u0142\u00f3w do produkcji anteny, poci\u0119tego papieru oraz \u015brodk\u00f3w zapobiegaj\u0105cych odklejaniu si\u0119 etykiety, co ma zapewni\u0107, \u017ce nie b\u0119dzie mo\u017cna jej przenie\u015b\u0107 na inn\u0105 osob\u0119.<\/div>\n<\/li>\n<li>\n<div class=\"auto-hide-last-sibling-br paragraph_9dc5f paragraph-element\"><strong>Skuteczne wykrywanie:<\/strong>\u00a0Kompletne i bezkompromisowe etykiety mo\u017cna szybko zidentyfikowa\u0107 za pomoc\u0105 czytnika kart z obs\u0142ug\u0105 NFC lub telefonu kom\u00f3rkowego. W przypadku manipulacji etykieta zmienia sw\u00f3j status wykrywania lub staje si\u0119 nieczytelna, co wskazuje na problem z integralno\u015bci\u0105 produktu.<\/div>\n<\/li>\n<\/ol>\n<div class=\"auto-hide-last-sibling-br paragraph_9dc5f paragraph-element\"><strong>Cz\u0119sto zadawane pytania dotycz\u0105ce NTAG 424 DNA TT (NT4H2421Tx):<\/strong><\/div>\n<div><\/div>\n<div class=\"auto-hide-last-sibling-br paragraph_9dc5f paragraph-element\">Q:\u00a0<strong>Jakie zastosowania odnios\u0105 najwi\u0119ksze korzy\u015bci z zastosowania NTAG 424 DNA TT (NT4H2421Tx)?<\/strong><br class=\"container_21264 wrapper_661ac undefined\" \/>A: NTAG 424 DNA TT (NT4H2421Tx) jest stosowany g\u0142\u00f3wnie w bran\u017cach wymagaj\u0105cych wysokiego poziomu bezpiecze\u0144stwa, np. w przemy\u015ble d\u00f3br luksusowych, farmaceutycznym, w produkcji wa\u017cnych dokument\u00f3w i innych towar\u00f3w wymagaj\u0105cych \u015bcis\u0142ych \u015brodk\u00f3w zabezpieczaj\u0105cych przed fa\u0142szerstwami.<\/div>\n<div><\/div>\n<div class=\"auto-hide-last-sibling-br paragraph_9dc5f paragraph-element\">Q:\u00a0<strong>Jak niezawodna jest funkcja wykrywania sabota\u017cu?<\/strong><br class=\"container_21264 wrapper_661ac undefined\" \/>A: Tag wykorzystuje starannie zaprojektowane delikatne materia\u0142y, kt\u00f3re czyni\u0105 go wysoce wra\u017cliwym na wszelkie pr\u00f3by manipulacji. Po manipulacji zmienia sw\u00f3j status wykrywania lub staje si\u0119 nieczytelny, skutecznie sygnalizuj\u0105c wszelkie nieautoryzowane pr\u00f3by manipulacji.<\/div>\n<div class=\"auto-hide-last-sibling-br paragraph_9dc5f paragraph-element\">Zaawansowane funkcje NTAG 424 DNA TT (NT4H2421Tx) s\u0142u\u017c\u0105 wzmocnieniu bezpiecze\u0144stwa, ochrony i autentyczno\u015bci ka\u017cdego produktu, z kt\u00f3rym s\u0105 powi\u0105zane.<\/div>","protected":false},"excerpt":{"rendered":"<p>NTAG 424 DNA TT wyznacza nowy standard w bezpiecznych zastosowaniach NFC i IoT, wprowadzaj\u0105c now\u0105 generacj\u0119 chip\u00f3w NTAG DNA z najnowocze\u015bniejszymi funkcjami zapewniaj\u0105cymi bezpiecze\u0144stwo, wykrywanie statusu i ochron\u0119 prywatno\u015bci.<\/p>","protected":false},"featured_media":314,"template":"","meta":{"_kad_post_transparent":"default","_kad_post_title":"","_kad_post_layout":"default","_kad_post_sidebar_id":"","_kad_post_content_style":"default","_kad_post_vertical_padding":"default","_kad_post_feature":"","_kad_post_feature_position":"","_kad_post_header":false,"_kad_post_footer":false,"_kad_post_classname":""},"product_brand":[],"product_cat":[54],"product_tag":[130,131],"class_list":{"0":"post-313","1":"product","2":"type-product","3":"status-publish","4":"has-post-thumbnail","6":"product_cat-hot-selling-rfid-tags","7":"product_tag-tamper-proof-ntag424-dna-tt-nfc-sticker","8":"product_tag-tamper-proof-ntag424-tt-nfc-sticker","10":"first","11":"instock","12":"shipping-taxable","13":"product-type-simple","14":"entry","15":"content-bg","16":"loop-entry"},"_links":{"self":[{"href":"https:\/\/rfid-laundry-tag.com\/pl\/wp-json\/wp\/v2\/product\/313","targetHints":{"allow":["GET"]}}],"collection":[{"href":"https:\/\/rfid-laundry-tag.com\/pl\/wp-json\/wp\/v2\/product"}],"about":[{"href":"https:\/\/rfid-laundry-tag.com\/pl\/wp-json\/wp\/v2\/types\/product"}],"version-history":[{"count":3,"href":"https:\/\/rfid-laundry-tag.com\/pl\/wp-json\/wp\/v2\/product\/313\/revisions"}],"predecessor-version":[{"id":1569,"href":"https:\/\/rfid-laundry-tag.com\/pl\/wp-json\/wp\/v2\/product\/313\/revisions\/1569"}],"wp:featuredmedia":[{"embeddable":true,"href":"https:\/\/rfid-laundry-tag.com\/pl\/wp-json\/wp\/v2\/media\/314"}],"wp:attachment":[{"href":"https:\/\/rfid-laundry-tag.com\/pl\/wp-json\/wp\/v2\/media?parent=313"}],"wp:term":[{"taxonomy":"product_brand","embeddable":true,"href":"https:\/\/rfid-laundry-tag.com\/pl\/wp-json\/wp\/v2\/product_brand?post=313"},{"taxonomy":"product_cat","embeddable":true,"href":"https:\/\/rfid-laundry-tag.com\/pl\/wp-json\/wp\/v2\/product_cat?post=313"},{"taxonomy":"product_tag","embeddable":true,"href":"https:\/\/rfid-laundry-tag.com\/pl\/wp-json\/wp\/v2\/product_tag?post=313"}],"curies":[{"name":"wp","href":"https:\/\/api.w.org\/{rel}","templated":true}]}}