{"id":312,"date":"2024-06-26T17:16:17","date_gmt":"2024-06-26T17:16:17","guid":{"rendered":"https:\/\/rfid-laundry-tag.com\/?post_type=product&#038;p=312"},"modified":"2024-06-26T17:19:23","modified_gmt":"2024-06-26T17:19:23","slug":"ntag213-nfc-inlay-dia25mm","status":"publish","type":"product","link":"https:\/\/rfid-laundry-tag.com\/pl\/ntag213-nfc-inlay-dia25mm\/","title":{"rendered":"Wk\u0142adka NFC Ntag213 o \u015brednicy 25 mm"},"content":{"rendered":"<div class=\"text-title\"><strong><span class=\"magic-26\" style=\"font-family: Arial;\" data-spm-anchor-id=\"a2700.details.0.i47.6f4d7d7dnursE7\">Wk\u0142ad suchy NFC<\/span><\/strong><\/div>\n<div class=\"text-content\">\n<p><span class=\"magic-6\" style=\"font-family: Arial;\">M\u00f3wi\u0105c pro\u015bciej, RFID dry inlay to po\u0142\u0105czenie chipu RFID i anteny. Mo\u017ce by\u0107 u\u017cywany do produkcji naklejek NFC, etykiet RFID, bilet\u00f3w RFID i r\u00f3\u017cnych tag\u00f3w RFID. <\/span><\/p>\n<div data-spm-anchor-id=\"a2700.details.0.i46.6f4d7d7dnursE7\">\n<p><span class=\"magic-6\" style=\"font-family: Arial;\"> Antena z suchej wk\u0142adki jest aluminiow\u0105 wytrawion\u0105, kt\u00f3ra jest cie\u0144sza w por\u00f3wnaniu do cewki miedzianej. Kszta\u0142t anteny mo\u017ce by\u0107 dostosowany i przeprojektowany na \u017c\u0105danie.<\/span><\/p>\n<div><\/div>\n<\/div>\n<\/div>\n<div>\n<div class=\"text-title\"><strong><span class=\"magic-26\" style=\"font-family: Arial;\">Wk\u0142adka mokra NFC<\/span><\/strong><\/div>\n<div class=\"text-content\">\n<p><span class=\"magic-6\" style=\"font-family: Arial;\" data-spm-anchor-id=\"a2700.details.0.i49.6f4d7d7dnursE7\">Sucha wk\u0142adka RFID dodana klejem nazywana jest mokr\u0105 wk\u0142adk\u0105. Mo\u017ce by\u0107 u\u017cywana bezpo\u015brednio jako etykieta RFID lub naklejka NFC, je\u015bli nie potrzebujesz \u017cadnego nadruku na powierzchni. Przyklejenie do obiekt\u00f3w mo\u017ce zaoszcz\u0119dzi\u0107 koszty i osi\u0105gn\u0105\u0107 ten sam cel. Jest r\u00f3wnie\u017c szeroko stosowana w produkcji tag\u00f3w RFID. Antena mokrej wk\u0142adki to trawienie aluminium, kt\u00f3re jest cie\u0144sze w por\u00f3wnaniu do cewki miedzianej. Kszta\u0142t anteny mo\u017cna dostosowa\u0107 i przeprojektowa\u0107 na \u017c\u0105danie.<\/span><\/p>\n<div>\n<h2>Wk\u0142adka NFC Ntag213 o \u015brednicy 25 mm<\/h2>\n<p>Niniejsza specyfikacja opisuje wk\u0142adk\u0119 Ntag213 NFC o \u015brednicy 25 mm. Jest to wk\u0142adka sucha, co oznacza, \u017ce nie ma klej\u0105cego podk\u0142adu i wymaga dodatkowych krok\u00f3w w celu przymocowania do obiektu.<\/p>\n<p><strong>G\u0142\u00f3wne cechy:<\/strong><\/p>\n<ul>\n<li><strong>\u017beton:<\/strong>\u00a0Ntag213<\/li>\n<li><strong>\u015arednica:<\/strong>\u00a025mm<\/li>\n<li><strong>Typ:<\/strong>\u00a0Wk\u0142ad suchy<\/li>\n<li><strong>Protok\u00f3\u0142:<\/strong>\u00a0ISO\/IEC 14443 Typ A<\/li>\n<li><strong>Cz\u0119stotliwo\u015b\u0107:<\/strong>\u00a013,56MHz<\/li>\n<li><strong>Pami\u0119\u0107:<\/strong>\u00a0144 bajt\u00f3w<\/li>\n<\/ul>\n<p><strong>Zalety:<\/strong><\/p>\n<ul>\n<li><strong>Op\u0142acalno\u015b\u0107:<\/strong>\u00a0Ntag213 to powszechnie stosowany i niedrogi uk\u0142ad NFC.<\/li>\n<li><strong>Wszechstronny:<\/strong>\u00a0Nadaje si\u0119 do szerokiej gamy zastosowa\u0144 ze wzgl\u0119du na rozmiar pami\u0119ci i funkcjonalno\u015b\u0107.<\/li>\n<li><strong>Wytrzyma\u0142y:<\/strong>\u00a0Wk\u0142ady suche s\u0105 trwalsze od wk\u0142ad\u00f3w mokrych.<\/li>\n<li><strong>Mo\u017cliwo\u015b\u0107 dostosowania:<\/strong>\u00a0Anten\u0119 mo\u017cna dostosowa\u0107 do konkretnych zastosowa\u0144.<\/li>\n<\/ul>\n<p><strong>Zastosowania:<\/strong><\/p>\n<ul>\n<li><strong>Kontrola dost\u0119pu:<\/strong>\u00a0Karty kluczowe, identyfikatory RFID i inne bezpieczne systemy dost\u0119pu.<\/li>\n<li><strong>\u015aledzenie aktyw\u00f3w:<\/strong>\u00a0\u015aledzenie zapas\u00f3w, sprz\u0119tu i innych cennych aktyw\u00f3w.<\/li>\n<li><strong>Marketing i reklama:<\/strong>\u00a0Interaktywne plakaty, materia\u0142y promocyjne i programy lojalno\u015bciowe.<\/li>\n<li><strong>Systemy p\u0142atno\u015bci:<\/strong>\u00a0Karty p\u0142atnicze zbli\u017ceniowe i portfele mobilne.<\/li>\n<li><strong>Przechowywanie danych:<\/strong>\u00a0Przechowywanie niewielkich ilo\u015bci danych, takich jak informacje o produktach lub numery seryjne.<\/li>\n<\/ul>\n<\/div>\n<div data-spm-anchor-id=\"a2700.details.0.i48.6f4d7d7dnursE7\"><\/div>\n<\/div>\n<\/div>","protected":false},"excerpt":{"rendered":"<p><strong>Wk\u0142adki RFID NFC<\/strong> wyst\u0119puj\u0105 w dw\u00f3ch typach, mokrym i suchym. Mokra wk\u0142adka RFID NFC ma klej\u0105c\u0105 warstw\u0119 podk\u0142adow\u0105, podczas gdy sucha nie. Zapewniaj\u0105 one opcj\u0119 tagu dzia\u0142aj\u0105c\u0105 na cz\u0119stotliwo\u015bci 13,56 MHz, specjalnie zaprojektowan\u0105 dla producent\u00f3w oryginalnego sprz\u0119tu (OEM). Do tych wk\u0142adek dost\u0119pne s\u0105 zar\u00f3wno uk\u0142ady pami\u0119ci ISO 15693, jak i 14443 NFC.<\/p>","protected":false},"featured_media":287,"template":"","meta":{"_kad_post_transparent":"default","_kad_post_title":"","_kad_post_layout":"default","_kad_post_sidebar_id":"","_kad_post_content_style":"default","_kad_post_vertical_padding":"default","_kad_post_feature":"","_kad_post_feature_position":"","_kad_post_header":false,"_kad_post_footer":false,"_kad_post_classname":""},"product_brand":[],"product_cat":[54],"product_tag":[111,129],"class_list":{"0":"post-312","1":"product","2":"type-product","3":"status-publish","4":"has-post-thumbnail","6":"product_cat-hot-selling-rfid-tags","7":"product_tag-nfc-inlay","8":"product_tag-ntag213-nfc-inlay-dia25mm","10":"first","11":"instock","12":"shipping-taxable","13":"product-type-simple","14":"entry","15":"content-bg","16":"loop-entry"},"_links":{"self":[{"href":"https:\/\/rfid-laundry-tag.com\/pl\/wp-json\/wp\/v2\/product\/312","targetHints":{"allow":["GET"]}}],"collection":[{"href":"https:\/\/rfid-laundry-tag.com\/pl\/wp-json\/wp\/v2\/product"}],"about":[{"href":"https:\/\/rfid-laundry-tag.com\/pl\/wp-json\/wp\/v2\/types\/product"}],"version-history":[{"count":0,"href":"https:\/\/rfid-laundry-tag.com\/pl\/wp-json\/wp\/v2\/product\/312\/revisions"}],"wp:featuredmedia":[{"embeddable":true,"href":"https:\/\/rfid-laundry-tag.com\/pl\/wp-json\/wp\/v2\/media\/287"}],"wp:attachment":[{"href":"https:\/\/rfid-laundry-tag.com\/pl\/wp-json\/wp\/v2\/media?parent=312"}],"wp:term":[{"taxonomy":"product_brand","embeddable":true,"href":"https:\/\/rfid-laundry-tag.com\/pl\/wp-json\/wp\/v2\/product_brand?post=312"},{"taxonomy":"product_cat","embeddable":true,"href":"https:\/\/rfid-laundry-tag.com\/pl\/wp-json\/wp\/v2\/product_cat?post=312"},{"taxonomy":"product_tag","embeddable":true,"href":"https:\/\/rfid-laundry-tag.com\/pl\/wp-json\/wp\/v2\/product_tag?post=312"}],"curies":[{"name":"wp","href":"https:\/\/api.w.org\/{rel}","templated":true}]}}