{"id":3117,"date":"2025-12-18T12:06:28","date_gmt":"2025-12-18T12:06:28","guid":{"rendered":"https:\/\/rfid-laundry-tag.com\/?post_type=product&#038;p=3117"},"modified":"2026-01-04T12:40:55","modified_gmt":"2026-01-04T12:40:55","slug":"textile-iron-durable-heat-sealed-rfid-laundry-tag","status":"publish","type":"product","link":"https:\/\/rfid-laundry-tag.com\/pl\/textile-iron-durable-heat-sealed-rfid-laundry-tag\/","title":{"rendered":"Trwa\u0142a, zgrzewana termicznie etykieta RFID do prania tekstyli\u00f3w"},"content":{"rendered":"<div>\n<div>\n<h2>Trwa\u0142a, zgrzewana termicznie etykieta RFID do prania tekstyli\u00f3w<\/h2>\n<p>&nbsp;<\/p>\n<p><strong><a href=\"https:\/\/rfid-laundry-tag.com\/pl\/textile-rfid-laundry-tag\/\">Tag RFID do prania zgrzewany termicznie<\/a>\u00a0\u2013 Trwa\u0142e, odporne na wysokie temperatury rozwi\u0105zanie do \u015bledzenia tekstyli\u00f3w<\/strong><\/p>\n<p>Nasza etykieta pralnicza RFID z nadrukiem termotransferowym oferuje solidne i niezawodne rozwi\u0105zanie do identyfikacji i \u015bledzenia tekstyli\u00f3w w sektorze opieki zdrowotnej, pralni przemys\u0142owych i zarz\u0105dzania uniformami w Europie, USA i Kanadzie. Znana r\u00f3wnie\u017c jako etykieta termotransferowa.\u00a0<a href=\"https:\/\/rfid-laundry-tag.com\/pl\/textile-rfid-laundry-tag\/\">Tag pralniczy RFID<\/a>, lub zgrzewana termicznie etykieta pralnicza RFID zapewnia wyj\u0105tkow\u0105 wydajno\u015b\u0107 w trudnych warunkach prania.<\/p>\n<h2>Zalety:<\/h2>\n<p align=\"left\" data-spm-anchor-id=\"a2700.details-description.0.i1.404eTMiRTMiR6E\">1). Wodoodporno\u015b\u0107 i odporno\u015b\u0107 na ciep\u0142o<br \/>\n2).200 cykli prania lub 300 razy<br \/>\n3).8~12 metr\u00f3w odleg\u0142o\u015bci odczytu<br \/>\n4). Czas realizacji zam\u00f3wienia wynosi 3 dni<\/p>\n<\/div>\n<h3>G\u0142\u00f3wne cechy<\/h3>\n<ul>\n<li>Wodoodporne i odporne na dzia\u0142anie chemikali\u00f3w: Zaprojektowane tak, aby wytrzyma\u0107 dzia\u0142anie detergent\u00f3w, zmi\u0119kczaczy, wybielaczy (tlen\/chlor) i \u015brodk\u00f3w alkalicznych.<\/li>\n<li>Etykieta RFID aktywowana ciep\u0142em: bezproblemowo integruje si\u0119 z maszynami zgrzewaj\u0105cymi, umo\u017cliwiaj\u0105c szybkie i trwa\u0142e mocowanie.<\/li>\n<li>Etykieta do prania RFID do przyprasowania: \u0142atwa do naklejenia za pomoc\u0105 standardowej techniki prasowania na gor\u0105co lub szycia, idealna do wtapiania w kraw\u0119dzie materia\u0142u lub metki z instrukcjami piel\u0119gnacji.<\/li>\n<li>Etykieta RFID do noszenia, prasowana na gor\u0105co: gwarantuje trwa\u0142\u0105 przyczepno\u015b\u0107, redukuj\u0105c ryzyko zgubienia etykiety w trakcie cyklu \u017cycia.<\/li>\n<li>Wysokotemperaturowa etykieta pralnicza RFID: wykonana tak, aby wytrzyma\u0107 intensywne ciep\u0142o i obci\u0105\u017cenia mechaniczne wyst\u0119puj\u0105ce w przemys\u0142owych procesach prania.<\/li>\n<\/ul>\n<div>\n<table width=\"637\">\n<tbody>\n<tr>\n<td width=\"328\">Nazwa przedmiotu:<\/td>\n<td width=\"309\">Trwa\u0142a, zgrzewana termicznie etykieta RFID do prania tekstyli\u00f3w<\/td>\n<\/tr>\n<tr>\n<td width=\"328\">Norma RFID:<\/td>\n<td width=\"309\">ISO\/IEC 18000-6 Typ C (EPC Gen2)<\/td>\n<\/tr>\n<tr>\n<td width=\"328\">Rozmiar i waga:<\/td>\n<td width=\"309\">\u00a035 mm x 15 mm; 58 mm x 15 mm; 70 mm x 10 mm 70 x 15 mm 75 x 12 mm 75 x 15 mm lub niestandardowe<\/td>\n<\/tr>\n<tr>\n<td width=\"328\">Typ uk\u0142adu scalonego:<\/td>\n<td width=\"309\">Monza 4QT,NXP U CODE 9,Alien H9 itp.<\/td>\n<\/tr>\n<tr>\n<td width=\"328\">Pami\u0119\u0107 EPC:<\/td>\n<td width=\"309\">128 bit\u00f3w<\/td>\n<\/tr>\n<tr>\n<td width=\"328\">Pami\u0119\u0107 u\u017cytkownika:<\/td>\n<td width=\"309\">512 bit\u00f3w<\/td>\n<\/tr>\n<tr>\n<td width=\"328\">Zakres odczytu (2W ERP FCC):<\/td>\n<td width=\"309\">8M~10M<\/td>\n<\/tr>\n<tr>\n<td width=\"328\">Zakres odczytu (2W ERP ETSI):<\/td>\n<td width=\"309\">8M~10M<\/td>\n<\/tr>\n<tr>\n<td width=\"328\">Tagowanie:<\/td>\n<td width=\"309\">Klej do t\u0142oczenia na gor\u0105co, zgrzewanie, otwory itp.<\/td>\n<\/tr>\n<tr>\n<td width=\"328\">Szacowany czas \u017cycia:<\/td>\n<td width=\"309\">200 cykli prania lub 300 razy<\/td>\n<\/tr>\n<tr>\n<td width=\"328\">Metoda prania:<\/td>\n<td width=\"309\">Pralnia, czyszczenie chemiczne<\/td>\n<\/tr>\n<tr>\n<td width=\"328\">Ci\u015bnienie ekstrakcji wody:<\/td>\n<td width=\"309\">60 bar<\/td>\n<\/tr>\n<tr>\n<td width=\"328\">Wodoodporno\u015b\u0107:<\/td>\n<td width=\"309\">Wodoodporny<\/td>\n<\/tr>\n<tr>\n<td width=\"328\">Odporno\u015b\u0107 chemiczna:<\/td>\n<td width=\"309\">Detergent, zmi\u0119kczacz, wybielacz (tlen\/chlor), alkalia<\/td>\n<\/tr>\n<tr>\n<td width=\"328\">Wst\u0119pne suszenie w suszarce b\u0119bnowej:<\/td>\n<td width=\"309\">125 \u00baC przez 15-20 minut<\/td>\n<\/tr>\n<tr>\n<td width=\"328\">Temperatura sterylizacji:<\/td>\n<td width=\"309\">135\u00b0C przez 15-20 minut<\/td>\n<\/tr>\n<tr>\n<td width=\"328\">Temperatura prania:<\/td>\n<td width=\"309\">90\u00b0C, do 15 min.<\/td>\n<\/tr>\n<tr>\n<td width=\"328\">Wilgotno\u015b\u0107\/Temperatura - praca:<\/td>\n<td width=\"309\">-20 do 110\u00b0C, 8 do 95%RH<\/td>\n<\/tr>\n<tr>\n<td width=\"328\">Wilgotno\u015b\u0107\/Temperatura-Przechowywanie:<\/td>\n<td width=\"309\">-40 do 110\u00b0C, 8 do 95%RH<\/td>\n<\/tr>\n<\/tbody>\n<\/table>\n<\/div>\n<\/div>\n<figure id=\"attachment_3280\" class=\"wp-caption alignnone\" aria-describedby=\"caption-attachment-3280\"><figcaption id=\"caption-attachment-3280\" class=\"wp-caption-text\">\n<figure id=\"attachment_3085\" aria-describedby=\"caption-attachment-3085\" style=\"width: 750px\" class=\"wp-caption alignnone\"><a href=\"https:\/\/rfid-laundry-tag.com\/pl\/textile-rfid-laundry-tag\/\"><img fetchpriority=\"high\" decoding=\"async\" class=\"size-full wp-image-3085\" src=\"https:\/\/rfid-laundry-tag.com\/wp-content\/uploads\/2025\/12\/UHF-RFID-washable-laundry-tag-11.jpg\" alt=\"Washable RFID Tags for Laundry Uniform\" width=\"750\" height=\"750\" srcset=\"https:\/\/rfid-laundry-tag.com\/wp-content\/uploads\/2025\/12\/UHF-RFID-washable-laundry-tag-11.jpg 750w, https:\/\/rfid-laundry-tag.com\/wp-content\/uploads\/2025\/12\/UHF-RFID-washable-laundry-tag-11-300x300.jpg 300w, https:\/\/rfid-laundry-tag.com\/wp-content\/uploads\/2025\/12\/UHF-RFID-washable-laundry-tag-11-150x150.jpg 150w, https:\/\/rfid-laundry-tag.com\/wp-content\/uploads\/2025\/12\/UHF-RFID-washable-laundry-tag-11-12x12.jpg 12w, https:\/\/rfid-laundry-tag.com\/wp-content\/uploads\/2025\/12\/UHF-RFID-washable-laundry-tag-11-600x600.jpg 600w, https:\/\/rfid-laundry-tag.com\/wp-content\/uploads\/2025\/12\/UHF-RFID-washable-laundry-tag-11-100x100.jpg 100w\" sizes=\"(max-width: 750px) 100vw, 750px\" \/><\/a><figcaption id=\"caption-attachment-3085\" class=\"wp-caption-text\">Zmywalne etykiety RFID do prania mundurk\u00f3w<\/figcaption><\/figure>\n<\/figcaption><\/figure>\n<p>Wykonana z tkanego poliestru i wysokiej jako\u015bci klej\u00f3w aktywowanych termicznie, ta etykieta do prania RFID z klejem termicznym bezpiecznie przylega do bawe\u0142ny, poliestru i tkanin mieszanych. Etykieta wytrzymuje intensywne cykle prania, w tym sterylizacj\u0119 w wysokiej temperaturze, dzi\u0119ki czemu idealnie nadaje si\u0119 do stosowania w systemach zarz\u0105dzania praniem RFID, powszechnie stosowanych w szpitalach i pralniach przemys\u0142owych.<\/p>\n<div class=\"entry-content-asset videofit\"><iframe title=\"Dlaczego warto stosowa\u0107 technologi\u0119 RFID w pralniach tekstylnych?\" src=\"https:\/\/www.youtube.com\/embed\/X_P3EuhS_hE?feature=oembed\" width=\"720\" height=\"405\" frameborder=\"0\" allowfullscreen=\"allowfullscreen\" data-mce-fragment=\"1\"><\/iframe><\/div>\n<div>\n<h3><strong><b>Zastosowania na rynkach globalnych<\/b><\/strong><\/h3>\n<p>Nasz\u00a0<strong>Etykieta po\u015bcielowa RFID dla s\u0142u\u017cby zdrowia<\/strong>\u00a0Umo\u017cliwia precyzyjne \u015bledzenie po\u015bcieli, r\u0119cznik\u00f3w i uniform\u00f3w, wspieraj\u0105c kontrol\u0119 zaka\u017ce\u0144 i dok\u0142adno\u015b\u0107 inwentaryzacji w szpitalach w Ameryce P\u00f3\u0142nocnej i Europie. Tagi RFID do tekstyli\u00f3w dla szpitali usprawniaj\u0105 zarz\u0105dzanie cyklem \u017cycia po\u015bcieli, zmniejszaj\u0105 straty i zwi\u0119kszaj\u0105 wydajno\u015b\u0107 operacyjn\u0105 w \u015brodowiskach, w kt\u00f3rych obowi\u0105zuje zgodno\u015b\u0107 z przepisami.<\/p>\n<p>W zak\u0142adach pralniczych o charakterze przemys\u0142owym\u00a0<strong>Zmywalna etykieta RFID do pralni przemys\u0142owych<\/strong>\u00a0jest kluczowy dla zarz\u0105dzania przetwarzaniem bielizny na du\u017c\u0105 skal\u0119, oferuj\u0105c bezproblemow\u0105 integracj\u0119\u00a0<strong>Systemy zarz\u0105dzania pralni\u0105 RFID<\/strong>\u00a0Zaprojektowane do wymagaj\u0105cych warunk\u00f3w prania.\u00a0<strong>jednolity uk\u0142ad \u015bledz\u0105cy RFID<\/strong>\u00a0umieszczone w trwa\u0142ych znacznikach RFID na mundurach pomagaj\u0105 mi\u0119dzynarodowym korporacjom i plac\u00f3wkom opieki zdrowotnej zachowa\u0107 odpowiedzialno\u015b\u0107 i zoptymalizowa\u0107 obieg mundur\u00f3w.<\/p>\n<h3><strong><b>Instalacja i u\u017cytkowanie<\/b><\/strong><\/h3>\n<ul>\n<li><strong>Oznaczanie \u015bcieg\u00f3w:<\/strong>Zszywaj brzegi ubra\u0144 z dala od linii sk\u0142adania, aby zapobiec uszkodzeniom<\/li>\n<li><strong>Zgrzewanie:<\/strong>Nak\u0142ada\u0107 w temperaturze 200\u00b0C (392\u00b0F) przez 12\u201314 sekund, u\u017cywaj\u0105c standardowych maszyn do zgrzewania termicznego<\/li>\n<li><strong>W saszetce:<\/strong>Wszyj standardowe metki piel\u0119gnacyjne, aby zachowa\u0107 estetyk\u0119 odzie\u017cy<\/li>\n<\/ul>\n<figure id=\"attachment_3407\" class=\"wp-caption alignnone\" aria-describedby=\"caption-attachment-3407\"><figcaption id=\"caption-attachment-3407\" class=\"wp-caption-text\">\n<figure id=\"attachment_2970\" aria-describedby=\"caption-attachment-2970\" style=\"width: 1000px\" class=\"wp-caption alignnone\"><a href=\"https:\/\/rfid-laundry-tag.com\/pl\/textile-rfid-laundry-tag\/\"><img decoding=\"async\" class=\"size-full wp-image-2970\" src=\"https:\/\/rfid-laundry-tag.com\/wp-content\/uploads\/2025\/11\/UHF-RFID-washable-laundry-tag-08.jpg\" alt=\"Textile UHF RFID Tags Labels\" width=\"1000\" height=\"1000\" srcset=\"https:\/\/rfid-laundry-tag.com\/wp-content\/uploads\/2025\/11\/UHF-RFID-washable-laundry-tag-08.jpg 1000w, https:\/\/rfid-laundry-tag.com\/wp-content\/uploads\/2025\/11\/UHF-RFID-washable-laundry-tag-08-300x300.jpg 300w, https:\/\/rfid-laundry-tag.com\/wp-content\/uploads\/2025\/11\/UHF-RFID-washable-laundry-tag-08-150x150.jpg 150w, https:\/\/rfid-laundry-tag.com\/wp-content\/uploads\/2025\/11\/UHF-RFID-washable-laundry-tag-08-768x768.jpg 768w, https:\/\/rfid-laundry-tag.com\/wp-content\/uploads\/2025\/11\/UHF-RFID-washable-laundry-tag-08-12x12.jpg 12w, https:\/\/rfid-laundry-tag.com\/wp-content\/uploads\/2025\/11\/UHF-RFID-washable-laundry-tag-08-600x600.jpg 600w, https:\/\/rfid-laundry-tag.com\/wp-content\/uploads\/2025\/11\/UHF-RFID-washable-laundry-tag-08-100x100.jpg 100w\" sizes=\"(max-width: 1000px) 100vw, 1000px\" \/><\/a><figcaption id=\"caption-attachment-2970\" class=\"wp-caption-text\">Etykiety tekstylne UHF RFID<\/figcaption><\/figure>\n<\/figcaption><\/figure>\n<p>Zintegrowane z zaawansowan\u0105 technologi\u0105 zgrzewania termicznego, te etykiety zapewniaj\u0105 sta\u0142y nacisk na plaster i automatyczne sprz\u0119\u017cenie zwrotne, co gwarantuje bezb\u0142\u0119dne nak\u0142adanie.<\/p>\n<p>&nbsp;<\/p>\n<\/div>","protected":false},"excerpt":{"rendered":"<p>Jeste\u015bmy w TOP 5 producent\u00f3w etykiet pralniczych UHF RFID<strong>.Tekstylna, trwa\u0142a, zgrzewana termicznie metka do prania RFID <\/strong>zapewnia trwa\u0142e \u015bledzenie tekstyli\u00f3w w plac\u00f3wkach s\u0142u\u017cby zdrowia, pralniach i na potrzeby mundur\u00f3w w Europie, USA i Kanadzie \u2014 odporne na intensywne cykle prania.<\/p>","protected":false},"featured_media":3118,"template":"","meta":{"_kad_post_transparent":"default","_kad_post_title":"","_kad_post_layout":"default","_kad_post_sidebar_id":"","_kad_post_content_style":"default","_kad_post_vertical_padding":"default","_kad_post_feature":"","_kad_post_feature_position":"","_kad_post_header":false,"_kad_post_footer":false,"_kad_post_classname":""},"product_brand":[],"product_cat":[16],"product_tag":[24,375,342,339,65,368,30,374,373],"class_list":{"0":"post-3117","1":"product","2":"type-product","3":"status-publish","4":"has-post-thumbnail","6":"product_cat-uhf-rfid-laundry-tags","7":"product_tag-laundry-rfid-tags","8":"product_tag-rfid-laundry-tag-7015mm","9":"product_tag-rfid-laundry-tags","10":"product_tag-rfid-washable-tags","11":"product_tag-textile-rfid-laundry-tags","12":"product_tag-textile-uhf-rfid-tags-labels","13":"product_tag-uhf-rfid-laundry-tag","14":"product_tag-washable-uhf-rfid-labels","15":"product_tag-washable-uhf-rfid-laundry-textile-labels","17":"first","18":"instock","19":"featured","20":"shipping-taxable","21":"product-type-simple","22":"entry","23":"content-bg","24":"loop-entry"},"_links":{"self":[{"href":"https:\/\/rfid-laundry-tag.com\/pl\/wp-json\/wp\/v2\/product\/3117","targetHints":{"allow":["GET"]}}],"collection":[{"href":"https:\/\/rfid-laundry-tag.com\/pl\/wp-json\/wp\/v2\/product"}],"about":[{"href":"https:\/\/rfid-laundry-tag.com\/pl\/wp-json\/wp\/v2\/types\/product"}],"version-history":[{"count":3,"href":"https:\/\/rfid-laundry-tag.com\/pl\/wp-json\/wp\/v2\/product\/3117\/revisions"}],"predecessor-version":[{"id":3168,"href":"https:\/\/rfid-laundry-tag.com\/pl\/wp-json\/wp\/v2\/product\/3117\/revisions\/3168"}],"wp:featuredmedia":[{"embeddable":true,"href":"https:\/\/rfid-laundry-tag.com\/pl\/wp-json\/wp\/v2\/media\/3118"}],"wp:attachment":[{"href":"https:\/\/rfid-laundry-tag.com\/pl\/wp-json\/wp\/v2\/media?parent=3117"}],"wp:term":[{"taxonomy":"product_brand","embeddable":true,"href":"https:\/\/rfid-laundry-tag.com\/pl\/wp-json\/wp\/v2\/product_brand?post=3117"},{"taxonomy":"product_cat","embeddable":true,"href":"https:\/\/rfid-laundry-tag.com\/pl\/wp-json\/wp\/v2\/product_cat?post=3117"},{"taxonomy":"product_tag","embeddable":true,"href":"https:\/\/rfid-laundry-tag.com\/pl\/wp-json\/wp\/v2\/product_tag?post=3117"}],"curies":[{"name":"wp","href":"https:\/\/api.w.org\/{rel}","templated":true}]}}