{"id":310,"date":"2024-06-26T17:12:34","date_gmt":"2024-06-26T17:12:34","guid":{"rendered":"https:\/\/rfid-laundry-tag.com\/?post_type=product&#038;p=310"},"modified":"2024-06-26T17:15:58","modified_gmt":"2024-06-26T17:15:58","slug":"anti-metal-uhf-rfid-tag","status":"publish","type":"product","link":"https:\/\/rfid-laundry-tag.com\/pl\/anti-metal-uhf-rfid-tag\/","title":{"rendered":"Etykieta antymetalowa UHF RFID"},"content":{"rendered":"<h2>Etykieta antymetalowa UHF RFID<\/h2>\n<h2>Dost\u0119pne dostosowania:<\/h2>\n<p><strong>Druk:<\/strong><\/p>\n<ul>\n<li><strong>Opcje kolor\u00f3w:<\/strong>\n<ul>\n<li>Druk monochromatyczny<\/li>\n<li>Druk offsetowy 4-kolorowy<\/li>\n<\/ul>\n<\/li>\n<li><strong>Wej\u015bcie:<\/strong>\n<ul>\n<li>Uk\u0142ad graficzny dostarczony przez klienta w formacie wektorowym<\/li>\n<\/ul>\n<\/li>\n<li><strong>Tre\u015b\u0107:<\/strong>\n<ul>\n<li>Drukowanie kodu EPC<\/li>\n<li>Drukowanie progresywnego kodu seryjnego:\n<ul>\n<li>Z bazy danych<\/li>\n<li>Z pliku .xls<\/li>\n<\/ul>\n<\/li>\n<li>Drukowanie kod\u00f3w kreskowych<\/li>\n<li>Drukowanie kodu QR<\/li>\n<\/ul>\n<\/li>\n<li><strong>Dalsze opcje personalizacji dost\u0119pne na \u017c\u0105danie.<\/strong><\/li>\n<\/ul>\n<p><strong>Kodowanie pami\u0119ci uk\u0142adu scalonego:<\/strong><\/p>\n<ul>\n<li><strong>Kodowanie transpondera RFID UHF:<\/strong>\n<ul>\n<li>Kodowanie kodu EPC<\/li>\n<li>Zapis pami\u0119ci znacznika UHF:\n<ul>\n<li>Z bazy danych dostarczonej przez klienta<\/li>\n<\/ul>\n<\/li>\n<\/ul>\n<\/li>\n<li><strong>Blokowanie pami\u0119ci:<\/strong>\n<ul>\n<li>Blokada tymczasowa lub sta\u0142a za pomoc\u0105 has\u0142a<\/li>\n<\/ul>\n<\/li>\n<li><strong>Stowarzyszenie danych:<\/strong>\n<ul>\n<li>Powi\u0105zanie kodu EPC i kodu TID w bazie danych<\/li>\n<li>Kod TID i skojarzenie kodu progresywnego\/kreskowego<\/li>\n<\/ul>\n<\/li>\n<\/ul>\n<table class=\"has-title all magic-4\">\n<tbody>\n<tr>\n<td colspan=\"1\" rowspan=\"1\">\n<div class=\"magic-5\" data-spm-anchor-id=\"a2700.details.0.i72.6b4c1284vyugjJ\">Tworzywo<\/div>\n<\/td>\n<td colspan=\"1\" rowspan=\"1\">\n<div class=\"magic-6\">ABS<\/div>\n<\/td>\n<\/tr>\n<tr>\n<td colspan=\"1\" rowspan=\"1\">\n<div class=\"magic-5\">Rozmiar<\/div>\n<\/td>\n<td colspan=\"1\" rowspan=\"1\">\n<div class=\"magic-6\">78x31x10mm lub dostosowane<\/div>\n<\/td>\n<\/tr>\n<tr>\n<td colspan=\"1\" rowspan=\"1\">\n<div class=\"magic-5\">Cz\u0119stotliwo\u015b\u0107<\/div>\n<\/td>\n<td colspan=\"1\" rowspan=\"1\">\n<div class=\"magic-6\">860-960MHz<\/div>\n<\/td>\n<\/tr>\n<tr>\n<td colspan=\"1\" rowspan=\"1\">\n<div class=\"magic-5\">Typ uk\u0142adu scalonego (chip)<\/div>\n<\/td>\n<td colspan=\"1\" rowspan=\"1\">\n<div class=\"magic-6\">Impinj Monza R6P<\/div>\n<\/td>\n<\/tr>\n<tr>\n<td colspan=\"1\" rowspan=\"1\">\n<div class=\"magic-5\">Protok\u00f3\u0142<\/div>\n<\/td>\n<td colspan=\"1\" rowspan=\"1\">\n<div class=\"magic-6\">EPC Global Klasa 1 Gen2 i ISO18000-6C<\/div>\n<\/td>\n<\/tr>\n<tr>\n<td colspan=\"1\" rowspan=\"1\">\n<div class=\"magic-7\">Pami\u0119\u0107<\/div>\n<\/td>\n<td colspan=\"1\" rowspan=\"1\">\n<div class=\"magic-6\">EPC 128 bit\u00f3w, U\u017cytkownik 32 bity<\/div>\n<\/td>\n<\/tr>\n<tr>\n<td colspan=\"1\" rowspan=\"1\">\n<div class=\"magic-5\">Wsp\u00f3\u0142czynnik kszta\u0142tu tagu<\/div>\n<\/td>\n<td colspan=\"1\" rowspan=\"1\">\n<div class=\"magic-6\">Twarda etykieta<\/div>\n<\/td>\n<\/tr>\n<tr>\n<td colspan=\"1\" rowspan=\"1\">\n<div class=\"magic-5\">Metoda mocowania<\/div>\n<\/td>\n<td colspan=\"1\" rowspan=\"1\">\n<div class=\"magic-6\" data-spm-anchor-id=\"a2700.details.0.i73.6b4c1284vyugjJ\">Mocowanie \u015brubowe, klej do folii<\/div>\n<\/td>\n<\/tr>\n<tr>\n<td colspan=\"1\" rowspan=\"1\">\n<div class=\"magic-5\">Temperatura pracy<\/div>\n<\/td>\n<td colspan=\"1\" rowspan=\"1\">\n<div class=\"magic-6\">-35 \u00b0C \/ +90 \u00b0C<\/div>\n<\/td>\n<\/tr>\n<tr>\n<td colspan=\"1\" rowspan=\"1\">\n<div class=\"magic-5\">Odczyt odleg\u0142o\u015bci<\/div>\n<\/td>\n<td colspan=\"1\" rowspan=\"1\">\n<div class=\"magic-6\" data-spm-anchor-id=\"a2700.details.0.i67.6b4c1284vyugjJ\">Do 10m<\/div>\n<\/td>\n<\/tr>\n<tr>\n<td colspan=\"1\" rowspan=\"1\">\n<div class=\"magic-8\">Materia\u0142y powierzchniowe nadaj\u0105ce si\u0119 do stosowania<\/div>\n<\/td>\n<td colspan=\"1\" rowspan=\"1\">\n<div class=\"magic-6\">Pod\u0142o\u017ca metalowe i niemetalowe<\/div>\n<\/td>\n<\/tr>\n<tr>\n<td colspan=\"1\" rowspan=\"1\">\n<div class=\"magic-7\">Stopie\u0144 ochrony IP<\/div>\n<\/td>\n<td colspan=\"1\" rowspan=\"1\">\n<div class=\"magic-6\">IP68<\/div>\n<\/td>\n<\/tr>\n<tr>\n<td colspan=\"1\" rowspan=\"1\">\n<div class=\"magic-7\">Aplikacja<\/div>\n<\/td>\n<td colspan=\"1\" rowspan=\"1\">\n<div class=\"magic-6\">Do aktyw\u00f3w, przemys\u0142u ci\u0119\u017ckiego i zastosowa\u0144 zewn\u0119trznych<\/div>\n<\/td>\n<\/tr>\n<\/tbody>\n<\/table>\n<p>&nbsp;<\/p>\n<p><strong>Wniosek:<\/strong><\/p>\n<p>Tag ABS RFID to uniwersalne i konfigurowalne rozwi\u0105zanie do r\u00f3\u017cnych zastosowa\u0144, \u0142\u0105cz\u0105ce w sobie solidno\u015b\u0107 wykonania i elastyczno\u015b\u0107 pozwalaj\u0105c\u0105 spe\u0142ni\u0107 konkretne potrzeby.<\/p>","protected":false},"excerpt":{"rendered":"<p>Tag UHF RFID Anti-metal to pot\u0119\u017cny, pasywny tag UHF RFID o du\u017cym zasi\u0119gu zaprojektowany do pracy w wymagaj\u0105cych \u015brodowiskach. Mo\u017cna go niezawodnie odczytywa\u0107 na powierzchniach metalowych, poza nimi, a nawet w ich pobli\u017cu, zapewniaj\u0105c wyj\u0105tkow\u0105 elastyczno\u015b\u0107 \u015bledzenia zasob\u00f3w. Kompaktowy rozmiar i solidna, wodoodporna konstrukcja zapewniaj\u0105 d\u0142ugotrwa\u0142\u0105 wydajno\u015b\u0107 w zastosowaniach zewn\u0119trznych i przemys\u0142owych.<\/p>","protected":false},"featured_media":311,"template":"","meta":{"_kad_post_transparent":"default","_kad_post_title":"","_kad_post_layout":"default","_kad_post_sidebar_id":"","_kad_post_content_style":"default","_kad_post_vertical_padding":"default","_kad_post_feature":"","_kad_post_feature_position":"","_kad_post_header":false,"_kad_post_footer":false,"_kad_post_classname":""},"product_brand":[],"product_cat":[54],"product_tag":[128,119],"class_list":{"0":"post-310","1":"product","2":"type-product","3":"status-publish","4":"has-post-thumbnail","6":"product_cat-hot-selling-rfid-tags","7":"product_tag-anti-metal-uhf-rfid-tag","8":"product_tag-on-metal-abs-uhf-rfid-tag","10":"first","11":"instock","12":"shipping-taxable","13":"product-type-simple","14":"entry","15":"content-bg","16":"loop-entry"},"_links":{"self":[{"href":"https:\/\/rfid-laundry-tag.com\/pl\/wp-json\/wp\/v2\/product\/310","targetHints":{"allow":["GET"]}}],"collection":[{"href":"https:\/\/rfid-laundry-tag.com\/pl\/wp-json\/wp\/v2\/product"}],"about":[{"href":"https:\/\/rfid-laundry-tag.com\/pl\/wp-json\/wp\/v2\/types\/product"}],"version-history":[{"count":0,"href":"https:\/\/rfid-laundry-tag.com\/pl\/wp-json\/wp\/v2\/product\/310\/revisions"}],"wp:featuredmedia":[{"embeddable":true,"href":"https:\/\/rfid-laundry-tag.com\/pl\/wp-json\/wp\/v2\/media\/311"}],"wp:attachment":[{"href":"https:\/\/rfid-laundry-tag.com\/pl\/wp-json\/wp\/v2\/media?parent=310"}],"wp:term":[{"taxonomy":"product_brand","embeddable":true,"href":"https:\/\/rfid-laundry-tag.com\/pl\/wp-json\/wp\/v2\/product_brand?post=310"},{"taxonomy":"product_cat","embeddable":true,"href":"https:\/\/rfid-laundry-tag.com\/pl\/wp-json\/wp\/v2\/product_cat?post=310"},{"taxonomy":"product_tag","embeddable":true,"href":"https:\/\/rfid-laundry-tag.com\/pl\/wp-json\/wp\/v2\/product_tag?post=310"}],"curies":[{"name":"wp","href":"https:\/\/api.w.org\/{rel}","templated":true}]}}