{"id":3084,"date":"2025-12-18T10:22:25","date_gmt":"2025-12-18T10:22:25","guid":{"rendered":"https:\/\/rfid-laundry-tag.com\/?post_type=product&#038;p=3084"},"modified":"2025-12-18T10:22:26","modified_gmt":"2025-12-18T10:22:26","slug":"washable-rfid-tags-for-laundry-uniform","status":"publish","type":"product","link":"https:\/\/rfid-laundry-tag.com\/pl\/washable-rfid-tags-for-laundry-uniform\/","title":{"rendered":"Zmywalne etykiety RFID do prania mundurk\u00f3w"},"content":{"rendered":"<h2>Zmywalne etykiety RFID do prania mundurk\u00f3w<\/h2>\n<div class=\"auto-hide-last-sibling-br paragraph_1252f paragraph-element\">\n<div class=\"auto-hide-last-sibling-br paragraph_1252f paragraph-element\">Odzie\u017c <a href=\"https:\/\/rfid-laundry-tag.com\/pl\/uhf-rfid-laundry-tags\/\">Zmywalny znacznik RFID<\/a> To wszechstronna alternatywa dla tradycyjnych metek RFID do prania, zaprojektowana specjalnie z my\u015bl\u0105 o ponad 50 cyklach prania w domu, z minimaln\u0105 redukcj\u0105 (10% do 15%) wydajno\u015bci RFID. Ta wodoodporna metka RFID, stanowi\u0105ca idealne i ekonomiczne rozwi\u0105zanie, doskonale sprawdza si\u0119 w wypo\u017cyczalniach i sprzeda\u017cy detalicznej odzie\u017cy, obuwia i po\u015bcieli.<\/div>\n<div><\/div>\n<div class=\"auto-hide-last-sibling-br paragraph_1252f paragraph-element\">Dzi\u0119ki unikalnej strukturze i mechanizmowi ochronnemu dla chipa RFID, ten tag mo\u017ce przetrwa\u0107 ponad 50 cykli prania w domu. Mo\u017cna go dyskretnie wsun\u0105\u0107 w szew lub wsun\u0105\u0107 w metk\u0119 piel\u0119gnacyjn\u0105, dzi\u0119ki czemu jest praktycznie niezauwa\u017calny.<\/div>\n<p>&nbsp;<\/p>\n<div class=\"auto-hide-last-sibling-br paragraph_1252f paragraph-element\">To, co wyr\u00f3\u017cnia ten tag UHF RFID od innych zmywalnych tag\u00f3w lnianych, to jego smuk\u0142a, przezroczysta konstrukcja o grubo\u015bci 0,55 mm, dzi\u0119ki czemu jest najcie\u0144szy na rynku. Podsumowuj\u0105c, jest to innowacyjne rozwi\u0105zanie UHF RFID dla odzie\u017cy, kt\u00f3re oferuje op\u0142acalno\u015b\u0107, trwa\u0142o\u015b\u0107 i dyskrecj\u0119.<\/div>\n<div><\/div>\n<div data-spm-anchor-id=\"a2700.details.0.i57.23b419c7xXORP0\"><span data-spm-anchor-id=\"a2700.details.0.i75.23b419c7xXORP0\"><b>Funkcja:<\/b><br \/>\n1) Technologia UHF umo\u017cliwiaj\u0105ca odczyt setek tag\u00f3w jednocze\u015bnie.<br \/>\n2) Odleg\u0142o\u015b\u0107 czytania wi\u0119ksza ni\u017c 8 st\u00f3p.<br \/>\n3) Nowa konstrukcja mechaniczna zapewniaj\u0105ca lepsz\u0105 wydajno\u015b\u0107 prania p\u0142askiej po\u015bcieli.<br \/>\n4) Nadaje si\u0119 do ekstraktor\u00f3w wysokoci\u015bnieniowych do 60 bar\u00f3w.<br \/>\n5) Nadaje si\u0119 do sterylizacji w autoklawie.<br \/>\n6) Ma\u0142y, mi\u0119kki i elastyczny materia\u0142 idealny na tekstylia, po\u015bciel, ubrania i akcesoria.<\/span><\/div>\n<div data-spm-anchor-id=\"a2700.details.0.i57.23b419c7xXORP0\">7) \u017belazko samoprzylepne, wszywane, z otworem itp.<\/div>\n<\/div>\n<div data-spm-anchor-id=\"a2700.details.0.i57.23b419c7xXORP0\">\n<figure id=\"attachment_3030\" aria-describedby=\"caption-attachment-3030\" style=\"width: 790px\" class=\"wp-caption alignnone\"><a href=\"https:\/\/rfid-laundry-tag.com\/pl\/uhf-rfid-laundry-tags\/\"><img fetchpriority=\"high\" decoding=\"async\" class=\"size-full wp-image-3030\" src=\"https:\/\/rfid-laundry-tag.com\/wp-content\/uploads\/2025\/12\/RFID-Laundry-Tag-Installation-Guide.png\" alt=\"RFID Laundry Tag Installation Guide\" width=\"790\" height=\"777\" srcset=\"https:\/\/rfid-laundry-tag.com\/wp-content\/uploads\/2025\/12\/RFID-Laundry-Tag-Installation-Guide.png 790w, https:\/\/rfid-laundry-tag.com\/wp-content\/uploads\/2025\/12\/RFID-Laundry-Tag-Installation-Guide-300x295.png 300w, https:\/\/rfid-laundry-tag.com\/wp-content\/uploads\/2025\/12\/RFID-Laundry-Tag-Installation-Guide-768x755.png 768w, https:\/\/rfid-laundry-tag.com\/wp-content\/uploads\/2025\/12\/RFID-Laundry-Tag-Installation-Guide-12x12.png 12w, https:\/\/rfid-laundry-tag.com\/wp-content\/uploads\/2025\/12\/RFID-Laundry-Tag-Installation-Guide-600x590.png 600w\" sizes=\"(max-width: 790px) 100vw, 790px\" \/><\/a><figcaption id=\"caption-attachment-3030\" class=\"wp-caption-text\">Instrukcja instalacji etykiety RFID do pralni<\/figcaption><\/figure>\n<\/div>\n<div data-spm-anchor-id=\"a2700.details.0.i57.23b419c7xXORP0\">\n<div class=\"text-content\" data-spm-anchor-id=\"a2700.details.0.i54.23b419c7xXORP0\">\n<h2>Fizyczny:<\/h2>\n<div>Materia\u0142: poliester 100%<br \/>\nRozmiar: 70 mm\u00d715 mm x1,5 mm<br \/>\nUk\u0142ad: UHF<br \/>\nMetoda instalacji etykiety: zszywanie, prasowanie<br \/>\nProtok\u00f3\u0142:ISO18ooo-6C EPC C1G2<br \/>\nPrasowanie: 15 sekund, w temperaturze 210\u2103<br \/>\nEkspozycja: 2,5 bara<br \/>\nSuszenie: 15 minut w temp. 180\u00b0C<br \/>\nPranie: 15 minut w temperaturze 90\u2103<br \/>\nCykle prania: 200+ cykli lub 3 lata<br \/>\nWarunki przechowywania: -20-80\u2103, wilgotno\u015b\u0107 wzgl\u0119dna 5-95%<\/div>\n<\/div>\n<\/div>\n<div>\n<figure id=\"attachment_2943\" aria-describedby=\"caption-attachment-2943\" style=\"width: 800px\" class=\"wp-caption alignnone\"><a href=\"https:\/\/rfid-laundry-tag.com\/pl\/uhf-rfid-laundry-tags\/\"><img decoding=\"async\" class=\"size-full wp-image-2943\" src=\"https:\/\/rfid-laundry-tag.com\/wp-content\/uploads\/2025\/10\/1-1.jpg\" alt=\"Textile UHF RFID Tags Labels\" width=\"800\" height=\"800\" srcset=\"https:\/\/rfid-laundry-tag.com\/wp-content\/uploads\/2025\/10\/1-1.jpg 800w, https:\/\/rfid-laundry-tag.com\/wp-content\/uploads\/2025\/10\/1-1-300x300.jpg 300w, https:\/\/rfid-laundry-tag.com\/wp-content\/uploads\/2025\/10\/1-1-150x150.jpg 150w, https:\/\/rfid-laundry-tag.com\/wp-content\/uploads\/2025\/10\/1-1-768x768.jpg 768w, https:\/\/rfid-laundry-tag.com\/wp-content\/uploads\/2025\/10\/1-1-12x12.jpg 12w, https:\/\/rfid-laundry-tag.com\/wp-content\/uploads\/2025\/10\/1-1-600x600.jpg 600w, https:\/\/rfid-laundry-tag.com\/wp-content\/uploads\/2025\/10\/1-1-100x100.jpg 100w\" sizes=\"(max-width: 800px) 100vw, 800px\" \/><\/a><figcaption id=\"caption-attachment-2943\" class=\"wp-caption-text\">Etykiety tekstylne UHF RFID<\/figcaption><\/figure>\n<\/div>\n<div>\n<h2>Zalety zmywalnych tag\u00f3w RFID do prania mundur\u00f3w<\/h2>\n<p>Wyb\u00f3r zmywalnych etykiet pralniczych RFID oznacza inwestycj\u0119 w rozwi\u0105zanie, kt\u00f3re upraszcza zarz\u0105dzanie praniem. Te specjalistyczne etykiety zosta\u0142y zaprojektowane tak, aby wytrzyma\u0107 przemys\u0142owe procesy prania bez uszczerbku dla wydajno\u015bci. Ich kluczowe zalety to:<\/p>\n<ol>\n<li><strong>Ulepszone \u015bledzenie<\/strong>Technologia RFID umo\u017cliwia \u015bledzenie ka\u017cdej sztuki prania w czasie rzeczywistym, co pozwala na dok\u0142adne zarz\u0105dzanie zapasami i redukcj\u0119 strat.<\/li>\n<li><strong>Trwa\u0142o\u015b\u0107<\/strong>:Zaprojektowane tak, aby wytrzymywa\u0107 wysokie temperatury i trudne warunki prania, te trwa\u0142e etykiety RFID gwarantuj\u0105 d\u0142ugowieczno\u015b\u0107, co czyni je op\u0142acalnym wyborem.<\/li>\n<li><strong>Poprawiona wydajno\u015b\u0107<\/strong>:Automatyzacja proces\u00f3w pralniczych zmniejsza liczb\u0119 b\u0142\u0119d\u00f3w manualnych i przyspiesza proces przyjmowania i wypisywania ubra\u0144, co przek\u0142ada si\u0119 na zwi\u0119kszenie og\u00f3lnej wydajno\u015bci pralni.<\/li>\n<\/ol>\n<p>Dzi\u0119ki kompleksowemu zrozumieniu korzy\u015bci i mo\u017cliwo\u015bci zmywalnych etykiet RFID mo\u017cesz podj\u0105\u0107 \u015bwiadom\u0105 decyzj\u0119 dotycz\u0105c\u0105 potrzeb w zakresie zarz\u0105dzania pralni\u0105.<\/p>\n<h3>Czym s\u0105 zmywalne tagi RFID?<\/h3>\n<p>Zmywalne znaczniki RFID to specjalistyczny rodzaj\u00a0<strong>Znacznik RFID<\/strong>\u00a0zaprojektowane specjalnie do zastosowa\u0144 pralniczych. Te etykiety wykorzystuj\u0105\u00a0<strong>technologia RFID o wysokiej wydajno\u015bci<\/strong>\u00a0Aby umo\u017cliwi\u0107 dok\u0142adne \u015bledzenie i zarz\u0105dzanie tekstyliami przez ca\u0142y cykl ich \u017cycia. Wykonane z trwa\u0142ych materia\u0142\u00f3w, zmywalne etykiety RFID s\u0105 odporne na trudy prania przemys\u0142owego, w tym na dzia\u0142anie wysokich temperatur i wielokrotnych cykli prania.<\/p>\n<h3>Korzy\u015bci ze stosowania tag\u00f3w RFID w zarz\u0105dzaniu pralni\u0105<\/h3>\n<p>Integrowanie\u00a0<strong>Technologia RFID<\/strong>\u00a0Wdro\u017cenie tag\u00f3w do proces\u00f3w prania oferuje znacz\u0105ce korzy\u015bci. Tagi te nie tylko zwi\u0119kszaj\u0105 dok\u0142adno\u015b\u0107 \u015bledzenia prania, ale tak\u017ce pozwalaj\u0105 zak\u0142adom zautomatyzowa\u0107 kontrol\u0119 zapas\u00f3w, redukuj\u0105c koszty pracy i minimalizuj\u0105c b\u0142\u0119dy ludzkie. Co wi\u0119cej,\u00a0<strong>RFID do pralni<\/strong>\u00a0Systemy umo\u017cliwiaj\u0105 bezproblemow\u0105 integracj\u0119 z istniej\u0105cym oprogramowaniem do zarz\u0105dzania, zapewniaj\u0105c analizy, kt\u00f3re pomagaj\u0105 zwi\u0119kszy\u0107 wydajno\u015b\u0107 operacyjn\u0105.<\/p>\n<h3>Jak u\u017cywa\u0107 zmywalnych tag\u00f3w RFID<\/h3>\n<p>U\u017cywanie zmywalnych tag\u00f3w RFID jest proste. Ka\u017cdy tag mo\u017cna przyszy\u0107.\u00a0<strong>odzie\u017c<\/strong>\u00a0lub po\u015bcieli, zapewniaj\u0105c wyra\u017ane identyfikatory, kt\u00f3re mo\u017cna \u0142atwo zeskanowa\u0107\u00a0<strong>Czytniki RFID<\/strong>. Aby zapewni\u0107 optymaln\u0105 wydajno\u015b\u0107, kluczowe jest upewnienie si\u0119, \u017ce tagi s\u0105 prawid\u0142owo umieszczone na przedmiotach i s\u0105 kompatybilne z\u00a0<strong>System pralniczy RFID<\/strong>\u00a0w u\u017cyciu. Regularne audyty przedmiot\u00f3w oznaczonych tagami RFID pomagaj\u0105 w prowadzeniu dok\u0142adnej ewidencji zapas\u00f3w.<\/p>\n<h3>Opinie klient\u00f3w<\/h3>\n<p>Opinie klient\u00f3w podkre\u015blaj\u0105 transformacyjny wp\u0142yw naszych zmywalnych tag\u00f3w RFID. Wielu u\u017cytkownik\u00f3w zg\u0142asza znaczn\u0105 popraw\u0119 w zarz\u0105dzaniu zapasami i zmniejszenie liczby zgubionych produkt\u00f3w. Przyk\u0142adowa wypowied\u017a zadowolonego klienta brzmi: \u201cWdra\u017canie\u00a0<strong>Tagi RFID<\/strong>\u00a0w naszych procesach pralniczych znacz\u0105co usprawni\u0142o nasze procesy, zwi\u0119kszaj\u0105c nasz\u0105 og\u00f3ln\u0105 produktywno\u015b\u0107\u201d.\u201d<\/p>\n<\/div>\n<h3 class=\"wp-block-heading\">Instalacja<\/h3>\n<p><strong>Oznaczanie \u015bcieg\u00f3w<\/strong>: Do przyszycia do brzegu materia\u0142u tekstylnego. Przyszyj metk\u0119 do prania od linii sk\u0142adania.<br \/>\n<strong>Zgrzewanie<\/strong>: Nale\u017cy zgrzewa\u0107 bezpo\u015brednio na materiale tekstylnym w temperaturze +200\u00b0C (392\u00b0F) przez 12~14 sekund.<br \/>\n<strong>W woreczku<\/strong>: Do przyszycia jak standardowa metka piel\u0119gnacyjna. Przyszyj metk\u0119 do prania od linii sk\u0142adania.<\/p>\n<figure id=\"attachment_3036\" aria-describedby=\"caption-attachment-3036\" style=\"width: 1024px\" class=\"wp-caption alignnone\"><a href=\"https:\/\/rfid-laundry-tag.com\/pl\/uhf-rfid-laundry-tags\/\"><img decoding=\"async\" class=\"size-large wp-image-3036\" src=\"https:\/\/rfid-laundry-tag.com\/wp-content\/uploads\/2025\/12\/RFID-Laundry-Tag-Installation-Guide-03--1024x590.png\" alt=\"How to Sew RFID Laundry Tags into Linens and Garments\" width=\"1024\" height=\"590\" srcset=\"https:\/\/rfid-laundry-tag.com\/wp-content\/uploads\/2025\/12\/RFID-Laundry-Tag-Installation-Guide-03--1024x590.png 1024w, https:\/\/rfid-laundry-tag.com\/wp-content\/uploads\/2025\/12\/RFID-Laundry-Tag-Installation-Guide-03--300x173.png 300w, https:\/\/rfid-laundry-tag.com\/wp-content\/uploads\/2025\/12\/RFID-Laundry-Tag-Installation-Guide-03--768x442.png 768w, https:\/\/rfid-laundry-tag.com\/wp-content\/uploads\/2025\/12\/RFID-Laundry-Tag-Installation-Guide-03--18x10.png 18w, https:\/\/rfid-laundry-tag.com\/wp-content\/uploads\/2025\/12\/RFID-Laundry-Tag-Installation-Guide-03--600x345.png 600w, https:\/\/rfid-laundry-tag.com\/wp-content\/uploads\/2025\/12\/RFID-Laundry-Tag-Installation-Guide-03-.png 1148w\" sizes=\"(max-width: 1024px) 100vw, 1024px\" \/><\/a><figcaption id=\"caption-attachment-3036\" class=\"wp-caption-text\">Jak wszy\u0107 metki pralnicze RFID w po\u015bciel i odzie\u017c<\/figcaption><\/figure>\n<div class=\"auto-hide-last-sibling-br paragraph_1252f paragraph-element\"><strong>Zmywalne znaczniki RFID<\/strong>\u00a0s\u0105 integraln\u0105 cz\u0119\u015bci\u0105 wielu bran\u017c, zapewniaj\u0105c efektywne \u015bledzenie aktyw\u00f3w, zarz\u0105dzanie zapasami i zwi\u0119kszaj\u0105c og\u00f3ln\u0105 wydajno\u015b\u0107 operacyjn\u0105. Oto niekt\u00f3re z jego zastosowa\u0144 w r\u00f3\u017cnych sektorach:<\/div>\n<ol class=\"auto-hide-last-sibling-br\">\n<li>\n<div class=\"auto-hide-last-sibling-br paragraph_1252f paragraph-element\"><strong>Opieka zdrowotna<\/strong>:Szpitale i inne plac\u00f3wki medyczne u\u017cywaj\u0105 tag\u00f3w RFID do zarz\u0105dzania ogromnymi zapasami po\u015bcieli, r\u0119cznik\u00f3w, uniform\u00f3w i bielizny chirurgicznej. Pomaga to zmniejszy\u0107 straty, zarz\u0105dza\u0107 cyklami prania i zapewni\u0107, \u017ce czysta, \u015bwie\u017ca po\u015bciel jest zawsze dost\u0119pna w razie potrzeby.<\/div>\n<\/li>\n<li>\n<div class=\"auto-hide-last-sibling-br paragraph_1252f paragraph-element\"><strong>Hotele<\/strong>:Zarz\u0105dzanie po\u015bciel\u0105 to ogromne zadanie w bran\u017cy hotelarskiej, gdzie w obiegu znajduj\u0105 si\u0119 tysi\u0105ce przedmiot\u00f3w, od po\u015bcieli po r\u0119czniki, zas\u0142ony i szlafroki. Tagi RFID na po\u015bciel upraszczaj\u0105 \u015bledzenie, zapewniaj\u0105c terminowe czyszczenie i wymian\u0119 oraz pomagaj\u0105 w wykrywaniu i zapobieganiu kradzie\u017cy.<\/div>\n<\/li>\n<li>\n<div class=\"auto-hide-last-sibling-br paragraph_1252f paragraph-element\"><strong>Restauracje<\/strong>W bran\u017cy gastronomicznej znaczniki RFID mog\u0105 monitorowa\u0107 zu\u017cycie i czyszczenie uniform\u00f3w, obrus\u00f3w, serwetek i fartuch\u00f3w kucharskich. Mo\u017ce to poprawi\u0107 standardy czysto\u015bci i pom\u00f3c w utrzymaniu schludnego, profesjonalnego wygl\u0105du.<\/div>\n<\/li>\n<li>\n<div class=\"auto-hide-last-sibling-br paragraph_1252f paragraph-element\"><strong>Bran\u017ce odzie\u017cowe<\/strong>: Tagi RFID odgrywaj\u0105 ogromn\u0105 rol\u0119 w \u015bledzeniu przedmiot\u00f3w w ca\u0142ym \u0142a\u0144cuchu dostaw, od produkcji do sprzeda\u017cy detalicznej. Mog\u0105 dostarcza\u0107 cennych informacji, takich jak pochodzenie, historia podr\u00f3\u017cy, a nawet szczeg\u00f3\u0142y dotycz\u0105ce materia\u0142u i instrukcji piel\u0119gnacji.<\/div>\n<\/li>\n<li>\n<div class=\"auto-hide-last-sibling-br paragraph_1252f paragraph-element\"><strong>Odzie\u017c robocza\/odzie\u017c ognioodporna<\/strong>:Firmy mog\u0105 u\u017cywa\u0107 tag\u00f3w RFID do \u015bledzenia i zarz\u0105dzania specjalistycznymi elementami odzie\u017cy. Mo\u017ce to obejmowa\u0107 zapewnienie regularnej kontroli odzie\u017cy ognioodpornej lub innej odzie\u017cy ochronnej, jej w\u0142a\u015bciwego czyszczenia i wymiany w razie potrzeby.<\/div>\n<\/li>\n<li>\n<div class=\"auto-hide-last-sibling-br paragraph_1252f paragraph-element\"><strong>Obuwie i maski<\/strong>:Etykiety RFID s\u0105 szczeg\u00f3lnie wa\u017cne w takich bran\u017cach jak s\u0142u\u017cba zdrowia i budownictwo, gdzie bezpiecze\u0144stwo ma kluczowe znaczenie. Dzi\u0119ki nim mo\u017cna \u0142atwiej \u015bledzi\u0107 u\u017cytkowanie, czyszczenie i konserwacj\u0119 takich przedmiot\u00f3w, jak maski i obuwie robocze.<\/div>\n<\/li>\n<li>\n<div class=\"auto-hide-last-sibling-br paragraph_1252f paragraph-element\"><strong>Maty i mopy<\/strong>:Firmy \u015bwiadcz\u0105ce us\u0142ugi sprz\u0105tania lub zarz\u0105dzaj\u0105ce du\u017cymi obiektami mog\u0105 dzi\u0119ki znacznikom RFID umieszczanym na matach i mopach \u015bledzi\u0107 spos\u00f3b ich u\u017cytkowania i konserwacji, zapewniaj\u0105c w ten spos\u00f3b czysto\u015b\u0107 i skuteczno\u015b\u0107 narz\u0119dzi w ka\u017cdej chwili.<\/div>\n<\/li>\n<\/ol>\n<h3>Najcz\u0119\u015bciej zadawane pytania dotycz\u0105ce zmywalnych tag\u00f3w RFID<\/h3>\n<p><strong>P: Czy tagi RFID s\u0105 wodoodporne?<\/strong><br \/>\nA: Tak, nasze etykiety pralnicze RFID s\u0105 wodoodporne, co gwarantuje ich trwa\u0142o\u015b\u0107 w wilgotnym \u015brodowisku.<\/p>\n<p><strong>P: Ile cykli prania wytrzymuj\u0105 te metki?<\/strong><br \/>\nA: Nasze zmywalne znaczniki RFID zazwyczaj wytrzymuj\u0105 do\u00a0<strong>200 cykli prania<\/strong>\u00a0przy jednoczesnym zachowaniu funkcjonalno\u015bci \u015bledzenia.<\/p>\n<p><strong>P: Czy mog\u0119 dostosowa\u0107 tagi do moich konkretnych potrzeb?<\/strong><br \/>\nA: Oczywi\u015bcie! Oferujemy\u00a0<strong>niestandardowe rozwi\u0105zania RFID<\/strong>\u00a0dostosowane do Twoich konkretnych potrzeb w zakresie zarz\u0105dzania pralni\u0105.<\/p>","protected":false},"excerpt":{"rendered":"<p><strong>Zmywalne znaczniki RFID<\/strong>, cz\u0119sto nazywane etykietami lnianymi RFID, s\u0105 wykonane z delikatnej, ale wytrzyma\u0142ej gumowej pow\u0142oki. S\u0105 to etykiety odzie\u017cowe zaprojektowane tak, aby by\u0142y elastyczne i wytrzyma\u0142e, wytrzymuj\u0105c do 200 cykli prania i ci\u015bnienie do 60 bar\u00f3w. Nasze etykiety pralnicze RFID UHF wyr\u00f3\u017cniaj\u0105 si\u0119 odczytem masowym, skutecznie wykrywaj\u0105c z odleg\u0142o\u015bci kilku metr\u00f3w. Dost\u0119pne s\u0105 w r\u00f3\u017cnych wymiarach, od 1,5 do 3 cali d\u0142ugo\u015bci i od p\u00f3\u0142 cala do 1 cala szeroko\u015bci. Te zmywalne etykiety RFID znajduj\u0105 szerokie zastosowanie w medycynie, cz\u0119sto przyczepiane do uniform\u00f3w noszonych przez lekarzy i piel\u0119gniarki, a tak\u017ce do innych profesjonalnych uniform\u00f3w, kostium\u00f3w i przedmiot\u00f3w do wynaj\u0119cia, takich jak maty.<\/p>","protected":false},"featured_media":3085,"template":"","meta":{"_kad_post_transparent":"default","_kad_post_title":"","_kad_post_layout":"default","_kad_post_sidebar_id":"","_kad_post_content_style":"default","_kad_post_vertical_padding":"default","_kad_post_feature":"","_kad_post_feature_position":"","_kad_post_header":false,"_kad_post_footer":false,"_kad_post_classname":""},"product_brand":[],"product_cat":[16],"product_tag":[24,375,342,339,65,368,30,374,373],"class_list":{"0":"post-3084","1":"product","2":"type-product","3":"status-publish","4":"has-post-thumbnail","6":"product_cat-uhf-rfid-laundry-tags","7":"product_tag-laundry-rfid-tags","8":"product_tag-rfid-laundry-tag-7015mm","9":"product_tag-rfid-laundry-tags","10":"product_tag-rfid-washable-tags","11":"product_tag-textile-rfid-laundry-tags","12":"product_tag-textile-uhf-rfid-tags-labels","13":"product_tag-uhf-rfid-laundry-tag","14":"product_tag-washable-uhf-rfid-labels","15":"product_tag-washable-uhf-rfid-laundry-textile-labels","17":"first","18":"instock","19":"featured","20":"shipping-taxable","21":"product-type-simple","22":"entry","23":"content-bg","24":"loop-entry"},"_links":{"self":[{"href":"https:\/\/rfid-laundry-tag.com\/pl\/wp-json\/wp\/v2\/product\/3084","targetHints":{"allow":["GET"]}}],"collection":[{"href":"https:\/\/rfid-laundry-tag.com\/pl\/wp-json\/wp\/v2\/product"}],"about":[{"href":"https:\/\/rfid-laundry-tag.com\/pl\/wp-json\/wp\/v2\/types\/product"}],"version-history":[{"count":1,"href":"https:\/\/rfid-laundry-tag.com\/pl\/wp-json\/wp\/v2\/product\/3084\/revisions"}],"predecessor-version":[{"id":3087,"href":"https:\/\/rfid-laundry-tag.com\/pl\/wp-json\/wp\/v2\/product\/3084\/revisions\/3087"}],"wp:featuredmedia":[{"embeddable":true,"href":"https:\/\/rfid-laundry-tag.com\/pl\/wp-json\/wp\/v2\/media\/3085"}],"wp:attachment":[{"href":"https:\/\/rfid-laundry-tag.com\/pl\/wp-json\/wp\/v2\/media?parent=3084"}],"wp:term":[{"taxonomy":"product_brand","embeddable":true,"href":"https:\/\/rfid-laundry-tag.com\/pl\/wp-json\/wp\/v2\/product_brand?post=3084"},{"taxonomy":"product_cat","embeddable":true,"href":"https:\/\/rfid-laundry-tag.com\/pl\/wp-json\/wp\/v2\/product_cat?post=3084"},{"taxonomy":"product_tag","embeddable":true,"href":"https:\/\/rfid-laundry-tag.com\/pl\/wp-json\/wp\/v2\/product_tag?post=3084"}],"curies":[{"name":"wp","href":"https:\/\/api.w.org\/{rel}","templated":true}]}}