{"id":3076,"date":"2025-12-18T09:52:47","date_gmt":"2025-12-18T09:52:47","guid":{"rendered":"https:\/\/rfid-laundry-tag.com\/?post_type=product&#038;p=3076"},"modified":"2026-01-04T13:40:48","modified_gmt":"2026-01-04T13:40:48","slug":"fabric-washable-uhf-rfid-laundry-tags","status":"publish","type":"product","link":"https:\/\/rfid-laundry-tag.com\/pl\/fabric-washable-uhf-rfid-laundry-tags\/","title":{"rendered":"Zmywalne etykiety do prania UHF RFID"},"content":{"rendered":"<div class=\"auto-hide-last-sibling-br paragraph_1252f paragraph-element\">\n<h2 class=\"auto-hide-last-sibling-br paragraph_1252f paragraph-element\">Zmywalne etykiety do prania UHF RFID<\/h2>\n<p><a href=\"https:\/\/rfid-laundry-tag.com\/pl\/textile-rfid-laundry-tag\/\">Tekstylne metki pralnicze UHF\u00a0<\/a>zosta\u0142y zaprojektowane tak, aby spe\u0142nia\u0107 potrzeby bran\u017cy pralniczej w zakresie monitorowania, szczeg\u00f3lnie w hotelarstwie i szpitalach. Zaprojektowano je z my\u015bl\u0105 o trwa\u0142o\u015bci i nadaj\u0105 si\u0119 do r\u00f3\u017cnych proces\u00f3w, w tym prania, suszenia, czyszczenia chemicznego i prasowania.<\/p>\n<p>Znaczniki te charakteryzuj\u0105 si\u0119 wysok\u0105 czu\u0142o\u015bci\u0105, co pozwala na r\u00f3wnoczesny odczyt wielu znacznik\u00f3w i efektywne dzia\u0142anie nawet w przypadku r\u00f3\u017cnych zak\u0142\u00f3ce\u0144 sygna\u0142u.<\/p>\n<div data-spm-anchor-id=\"a2700.details.0.i57.23b419c7xXORP0\"><span data-spm-anchor-id=\"a2700.details.0.i75.23b419c7xXORP0\"><b>Cechy zmywalnych etykiet pralniczych UHF RFID:<\/b><br \/>\n1) Technologia UHF umo\u017cliwiaj\u0105ca odczyt setek tag\u00f3w jednocze\u015bnie.<br \/>\n2) Odleg\u0142o\u015b\u0107 odczytu wi\u0119ksza ni\u017c 8 m~12 m.<br \/>\n3) Mo\u017cna pra\u0107 200\u2013300 razy<\/span><\/div>\n<div data-spm-anchor-id=\"a2700.details.0.i57.23b419c7xXORP0\">\n<div class=\"entry-content-asset videofit\"><iframe title=\"Etykiety pralnicze UHF RFID z klejem grzewczym, testowane na odleg\u0142o\u015b\u0107 odczytu 12 m\" src=\"https:\/\/www.youtube.com\/embed\/cOnG5fgEIs4?feature=oembed\" width=\"720\" height=\"405\" frameborder=\"0\" allowfullscreen=\"allowfullscreen\" data-mce-fragment=\"1\"><\/iframe><\/div>\n<\/div>\n<\/div>\n<div data-spm-anchor-id=\"a2700.details.0.i57.23b419c7xXORP0\"><\/div>\n<div data-spm-anchor-id=\"a2700.details.0.i57.23b419c7xXORP0\">\n<div class=\"text-content\" data-spm-anchor-id=\"a2700.details.0.i54.23b419c7xXORP0\">\n<table>\n<tbody>\n<tr>\n<td width=\"139\">Nazwa produktu<\/td>\n<td width=\"600\">Zmywalne etykiety do prania UHF RFID<\/td>\n<\/tr>\n<tr>\n<td width=\"139\">Tworzywo<\/td>\n<td width=\"600\">Tkanina\/tkanina itp.<\/td>\n<\/tr>\n<tr>\n<td width=\"139\">Model uk\u0142adu scalonego<\/td>\n<td width=\"600\">Kod UCODE\u00ae 9<\/td>\n<\/tr>\n<tr>\n<td width=\"139\">Pami\u0119\u0107<\/td>\n<td width=\"600\">EPC: 96 bit\u00f3w<\/td>\n<\/tr>\n<tr>\n<td width=\"139\">Protok\u00f3\u0142<\/td>\n<td width=\"600\">EPC C1 G2<\/td>\n<\/tr>\n<tr>\n<td width=\"139\">Rozmiar<\/td>\n<td width=\"600\">70*15mm, 86*16mm; 50*20mm; 72*16mm; 35*15mm itd.<\/td>\n<\/tr>\n<tr>\n<td width=\"139\">Kolor<\/td>\n<td width=\"600\">Bia\u0142y<\/td>\n<\/tr>\n<tr>\n<td width=\"139\">Czas pracy<\/td>\n<td width=\"600\">\u015arednio 200 razy, niekt\u00f3re nawet ponad 300 razy.<\/td>\n<\/tr>\n<tr>\n<td width=\"139\">Temperatura pracy<\/td>\n<td width=\"600\">-25\u2103 do +150\u2103<\/td>\n<\/tr>\n<tr>\n<td width=\"139\">Odczyt odleg\u0142o\u015bci<\/td>\n<td width=\"600\">3-10M<\/td>\n<\/tr>\n<tr>\n<td width=\"139\">Aplikacja<\/td>\n<td width=\"600\">Rozwi\u0105zania pralnicze, pralnie, pralnie przemys\u0142owe, zarz\u0105dzanie odzie\u017c\u0105 hotelow\u0105, zarz\u0105dzanie supermarketem\/sklepem z odzie\u017c\u0105 itp.<\/td>\n<\/tr>\n<\/tbody>\n<\/table>\n<\/div>\n<\/div>\n<div><\/div>\n<h3 class=\"wp-block-heading\">Jak zainstalowa\u0107 zmywalne etykiety UHF RFID do prania tkanin<\/h3>\n<p><strong>Oznaczanie \u015bcieg\u00f3w<\/strong>: Do przyszycia do brzegu materia\u0142u tekstylnego. Przyszyj metk\u0119 do prania od linii sk\u0142adania.<br \/>\n<strong>Zgrzewanie<\/strong>: Nale\u017cy zgrzewa\u0107 bezpo\u015brednio na materiale tekstylnym w temperaturze +200\u00b0C (392\u00b0F) przez 12~14 sekund.<br \/>\n<strong>W woreczku<\/strong>: Do przyszycia jak standardowa metka piel\u0119gnacyjna. Przyszyj metk\u0119 do prania od linii sk\u0142adania.<\/p>\n<p><b>Tagi pralnicze RFID mog\u0105 by\u0107 szeroko stosowane w nast\u0119puj\u0105cych dziedzinach:<br \/>\n<\/b>1) Zarz\u0105dzanie \u015bledzeniem<br \/>\n2) Fabryka\/magazyn\/hotel\/szpital\/park rozrywki<br \/>\n3) Mundurki szpitalne\/Po\u015bciel\/Palety\/Torby p\u0142\u00f3cienne<br \/>\n4) Pralnie chemiczne<br \/>\n5) Zastosowanie w prze\u015bcierad\u0142ach hotelowych\/ Do\u0142\u0105czonych do tekstyli\u00f3w\/ Odzie\u017cy roboczej<br \/>\n6) Pracze<\/p>\n<h2>Czym s\u0105 chipy RFID Linen Chips?<\/h2>\n<p><a href=\"https:\/\/rfid-laundry-tag.com\/pl\/textile-rfid-laundry-tag\/\">Chipy RFID do po\u015bcieli<\/a> to kompaktowe, trwa\u0142e znaczniki z wbudowanym mikroprocesorem RFID i anten\u0105, zaprojektowane specjalnie do \u015bledzenia tekstyli\u00f3w, takich jak prze\u015bcierad\u0142a, r\u0119czniki i uniformy, w \u015brodowiskach przemys\u0142owych. Chipy te mo\u017cna zgrzewa\u0107 lub wszywa\u0107 w tkaniny, co umo\u017cliwia automatyczn\u0105 identyfikacj\u0119 i \u015bledzenie przez ca\u0142y cykl ich \u017cycia. W przeciwie\u0144stwie do tradycyjnych kod\u00f3w kreskowych, chipy RFID nie wymagaj\u0105 bezpo\u015bredniego kontaktu wzrokowego do skanowania, co umo\u017cliwia efektywne \u015bledzenie nawet wtedy, gdy przedmioty s\u0105 u\u0142o\u017cone w stosy lub zapakowane w worki.<\/p>\n<h2>Korzy\u015bci z zastosowania technologii RFID w pralniach tekstylnych:<\/h2>\n<p>Wraz z rozwojem sektora pralni przemys\u0142owych i wypo\u017cyczalni odzie\u017cy, ro\u015bnie zapotrzebowanie na automatyzacj\u0119 i precyzyjne zarz\u0105dzanie zapasami. Obecnie mniej ni\u017c 11 TP3T w globalnym przemy\u015ble pralniczym wykorzystuje technologi\u0119 RFID, ale te, kt\u00f3re j\u0105 wdro\u017cy\u0142y, odnotowuj\u0105 znacz\u0105ce korzy\u015bci. Technologia RFID jest postrzegana jako niezb\u0119dna dla modernizacji technologicznej w sektorze pralniczym, a w ci\u0105gu najbli\u017cszych kilku lat oczekuje si\u0119 jej zwi\u0119kszonego wdro\u017cenia. Malej\u0105ce koszty i rosn\u0105ca jako\u015b\u0107 urz\u0105dze\u0144 RFID i metek tekstylnych zapewniaj\u0105 przewag\u0119 konkurencyjn\u0105, kt\u00f3ra sprzyja innowacjom.<\/p>\n<ol>\n<li><strong>Klasyfikacja odzie\u017cy o uproszczonym kroju:<\/strong>\u00a0Tagi RFID przyczepiane do ubra\u0144 umo\u017cliwiaj\u0105 automatyczne sortowanie podczas prania i przetwarzania, redukuj\u0105c potrzeb\u0119 r\u0119cznej pracy i zwi\u0119kszaj\u0105c wydajno\u015b\u0107.<\/li>\n<li><strong>Dok\u0142adne rejestry cykli prania:<\/strong>\u00a0\u015aledzenie cykli prania pomaga przewidzie\u0107 \u017cywotno\u015b\u0107 odzie\u017cy. System powiadamia u\u017cytkownik\u00f3w, gdy zbli\u017ca si\u0119 koniec okresu u\u017cytkowania odzie\u017cy, u\u0142atwiaj\u0105c terminowe zamawianie i zarz\u0105dzanie zapasami.<\/li>\n<li><strong>Szybka widoczno\u015b\u0107 stanu magazynowego:<\/strong>\u00a0Tagi RFID umo\u017cliwiaj\u0105 szybk\u0105 kontrol\u0119 stanu magazynowego, pomagaj\u0105c zapobiega\u0107 zgubieniom lub kradzie\u017com i zapewniaj\u0105c wydajno\u015b\u0107 operacyjn\u0105.<\/li>\n<li><strong>Minimalizacja strat i kradzie\u017cy:<\/strong>\u00a0Ka\u017cdy znacznik RFID ma unikalny identyfikator, co pozwala na precyzyjne \u015bledzenie zgubionych lub skradzionych przedmiot\u00f3w, a tym samym pomaga odzyska\u0107 koszty.<\/li>\n<\/ol>\n<h2>Jak dzia\u0142aj\u0105 chipy RFID do prania bielizny w pralniach przemys\u0142owych:<\/h2>\n<ul>\n<li><strong>Tagowanie i rejestracja:<\/strong>\u00a0Ka\u017cdy przedmiot posiada wbudowany chip RFID po\u0142\u0105czony z baz\u0105 danych zawieraj\u0105c\u0105 jego szczeg\u00f3\u0142y.<\/li>\n<li><strong>Automatyczne \u015bledzenie:<\/strong>\u00a0Czytniki RFID umieszczone w kluczowych punktach procesu prania rejestruj\u0105 dane w czasie rzeczywistym, gdy ubrania przemieszczaj\u0105 si\u0119 od miejsca zbi\u00f3rki, przez pranie, a\u017c po dystrybucj\u0119.<\/li>\n<li><strong>Sortowanie i przetwarzanie:<\/strong>\u00a0System automatyzuje sortowanie wed\u0142ug typu lub klienta, co pozwala na redukcj\u0119 koszt\u00f3w pracy.<\/li>\n<li><strong>Zarz\u0105dzanie zapasami:<\/strong>\u00a0Ci\u0105g\u0142e aktualizacje danych dostarczaj\u0105 informacji o poziomie zapas\u00f3w i wzorcach ich wykorzystania, gwarantuj\u0105c dost\u0119pno\u015b\u0107 i zapobiegaj\u0105c gromadzeniu si\u0119 nadmiernych zapas\u00f3w.<\/li>\n<\/ul>\n<p>Og\u00f3lnie, <a href=\"https:\/\/rfid-laundry-tag.com\/pl\/rfid-chips-for-uniform-and-linen\/\">Chipy RFID do po\u015bcieli<\/a> optymalizacja operacji pralni przemys\u0142owej poprzez udoskonalone \u015bledzenie, wydajno\u015b\u0107 i zapobieganie stratom.<\/p>","protected":false},"excerpt":{"rendered":"<div class=\"elementor-element elementor-element-4f79c63 e-flex e-con-boxed e-con e-parent e-lazyloaded\" data-id=\"4f79c63\" data-element_type=\"container\" data-settings=\"{&quot;_ha_eqh_enable&quot;:false}\">\n<div class=\"e-con-inner\">\n<div class=\"elementor-element elementor-element-be3873c elementor-widget elementor-widget-woocommerce-product-short-description\" data-id=\"be3873c\" data-element_type=\"widget\" data-widget_type=\"woocommerce-product-short-description.default\">\n<div class=\"elementor-widget-container\">\n<div class=\"woocommerce-product-details__short-description\"><\/div>\n<\/div>\n<\/div>\n<\/div>\n<\/div>\n<div class=\"elementor-element elementor-element-3ad806e e-flex e-con-boxed e-con e-parent e-lazyloaded\" data-id=\"3ad806e\" data-element_type=\"container\" data-settings=\"{&quot;_ha_eqh_enable&quot;:false}\">\n<div class=\"e-con-inner\">\n<div class=\"elementor-element elementor-element-362020f elementor-widget elementor-widget-woocommerce-product-data-tabs\" data-id=\"362020f\" data-element_type=\"widget\" data-widget_type=\"woocommerce-product-data-tabs.default\">\n<div class=\"elementor-widget-container\">\n<div class=\"woocommerce-tabs wc-tabs-wrapper\"><strong>Zmywalne etykiety do prania UHF RFID<\/strong> dla hoteli i szpitali, nadaje si\u0119 do prania 200-300 razy, odczytuje setki tag\u00f3w jednocze\u015bnie z odleg\u0142o\u015bci 8-12 m, idealny do efektywnego \u015bledzenia.<\/div>\n<\/div>\n<\/div>\n<\/div>\n<\/div>","protected":false},"featured_media":3077,"template":"","meta":{"_kad_post_transparent":"default","_kad_post_title":"","_kad_post_layout":"default","_kad_post_sidebar_id":"","_kad_post_content_style":"default","_kad_post_vertical_padding":"default","_kad_post_feature":"","_kad_post_feature_position":"","_kad_post_header":false,"_kad_post_footer":false,"_kad_post_classname":""},"product_brand":[],"product_cat":[19],"product_tag":[381,378,24,342,339,380,65,368,30,379,374,373],"class_list":{"0":"post-3076","1":"product","2":"type-product","3":"status-publish","4":"has-post-thumbnail","6":"product_cat-textile-rfid-laundry-tag","7":"product_tag-industrial-iot","8":"product_tag-laundry-management","9":"product_tag-laundry-rfid-tags","10":"product_tag-rfid-laundry-tags","11":"product_tag-rfid-washable-tags","12":"product_tag-smart-textile","13":"product_tag-textile-rfid-laundry-tags","14":"product_tag-textile-uhf-rfid-tags-labels","15":"product_tag-uhf-rfid-laundry-tag","16":"product_tag-uniform-management","17":"product_tag-washable-uhf-rfid-labels","18":"product_tag-washable-uhf-rfid-laundry-textile-labels","20":"first","21":"instock","22":"featured","23":"shipping-taxable","24":"product-type-simple","25":"entry","26":"content-bg","27":"loop-entry"},"_links":{"self":[{"href":"https:\/\/rfid-laundry-tag.com\/pl\/wp-json\/wp\/v2\/product\/3076","targetHints":{"allow":["GET"]}}],"collection":[{"href":"https:\/\/rfid-laundry-tag.com\/pl\/wp-json\/wp\/v2\/product"}],"about":[{"href":"https:\/\/rfid-laundry-tag.com\/pl\/wp-json\/wp\/v2\/types\/product"}],"version-history":[{"count":3,"href":"https:\/\/rfid-laundry-tag.com\/pl\/wp-json\/wp\/v2\/product\/3076\/revisions"}],"predecessor-version":[{"id":3172,"href":"https:\/\/rfid-laundry-tag.com\/pl\/wp-json\/wp\/v2\/product\/3076\/revisions\/3172"}],"wp:featuredmedia":[{"embeddable":true,"href":"https:\/\/rfid-laundry-tag.com\/pl\/wp-json\/wp\/v2\/media\/3077"}],"wp:attachment":[{"href":"https:\/\/rfid-laundry-tag.com\/pl\/wp-json\/wp\/v2\/media?parent=3076"}],"wp:term":[{"taxonomy":"product_brand","embeddable":true,"href":"https:\/\/rfid-laundry-tag.com\/pl\/wp-json\/wp\/v2\/product_brand?post=3076"},{"taxonomy":"product_cat","embeddable":true,"href":"https:\/\/rfid-laundry-tag.com\/pl\/wp-json\/wp\/v2\/product_cat?post=3076"},{"taxonomy":"product_tag","embeddable":true,"href":"https:\/\/rfid-laundry-tag.com\/pl\/wp-json\/wp\/v2\/product_tag?post=3076"}],"curies":[{"name":"wp","href":"https:\/\/api.w.org\/{rel}","templated":true}]}}