{"id":3074,"date":"2025-12-18T09:36:02","date_gmt":"2025-12-18T09:36:02","guid":{"rendered":"https:\/\/rfid-laundry-tag.com\/?post_type=product&#038;p=3074"},"modified":"2025-12-18T09:36:03","modified_gmt":"2025-12-18T09:36:03","slug":"washable-uhf-rfid-laundry-textile-labels","status":"publish","type":"product","link":"https:\/\/rfid-laundry-tag.com\/pl\/washable-uhf-rfid-laundry-textile-labels\/","title":{"rendered":"Zmywalne etykiety tekstylne UHF RFID do prania"},"content":{"rendered":"<div class=\"auto-hide-last-sibling-br paragraph_1252f paragraph-element\">\n<h2 class=\"auto-hide-last-sibling-br paragraph_1252f paragraph-element\">Zmywalne etykiety tekstylne UHF RFID do prania<\/h2>\n<div><\/div>\n<div data-spm-anchor-id=\"a2700.details.0.i57.23b419c7xXORP0\"><span data-spm-anchor-id=\"a2700.details.0.i75.23b419c7xXORP0\"><b>Funkcja:<\/b><br \/>\n1) Technologia UHF umo\u017cliwiaj\u0105ca odczyt setek tag\u00f3w jednocze\u015bnie.<br \/>\n2) Odleg\u0142o\u015b\u0107 odczytu wi\u0119ksza ni\u017c 8 m~12 m.<br \/>\n3) Nowa konstrukcja mechaniczna zapewniaj\u0105ca lepsz\u0105 wydajno\u015b\u0107 prania p\u0142askiej po\u015bcieli.<br \/>\n4) Nadaje si\u0119 do ekstraktor\u00f3w wysokoci\u015bnieniowych do 60 bar\u00f3w.<br \/>\n5) Nadaje si\u0119 do sterylizacji w autoklawie.<br \/>\n6) Ma\u0142y, mi\u0119kki i elastyczny materia\u0142 idealny na tekstylia, po\u015bciel, ubrania i akcesoria.<\/span><\/div>\n<div data-spm-anchor-id=\"a2700.details.0.i57.23b419c7xXORP0\">\n<div class=\"entry-content-asset videofit\"><iframe title=\"Etykiety pralnicze UHF RFID z klejem grzewczym, testowane na odleg\u0142o\u015b\u0107 odczytu 12 m\" src=\"https:\/\/www.youtube.com\/embed\/cOnG5fgEIs4?feature=oembed\" width=\"720\" height=\"405\" frameborder=\"0\" allowfullscreen=\"allowfullscreen\" data-mce-fragment=\"1\"><\/iframe><\/div>\n<\/div>\n<\/div>\n<div data-spm-anchor-id=\"a2700.details.0.i57.23b419c7xXORP0\"><\/div>\n<div data-spm-anchor-id=\"a2700.details.0.i57.23b419c7xXORP0\">\n<div class=\"text-content\" data-spm-anchor-id=\"a2700.details.0.i54.23b419c7xXORP0\">\n<table>\n<tbody>\n<tr>\n<td width=\"139\">Nazwa produktu<\/td>\n<td width=\"600\">Zmywalne etykiety tekstylne UHF RFID do prania<\/td>\n<\/tr>\n<tr>\n<td width=\"139\">Tworzywo<\/td>\n<td width=\"600\">Tkanina\/tkanina itp.<\/td>\n<\/tr>\n<tr>\n<td width=\"139\">Model uk\u0142adu scalonego<\/td>\n<td width=\"600\">Kod UCODE\u00ae 9<\/td>\n<\/tr>\n<tr>\n<td width=\"139\">Pami\u0119\u0107<\/td>\n<td width=\"600\">EPC: 96 bit\u00f3w<\/td>\n<\/tr>\n<tr>\n<td width=\"139\">Protok\u00f3\u0142<\/td>\n<td width=\"600\">EPC C1 G2<\/td>\n<\/tr>\n<tr>\n<td width=\"139\">Rozmiar<\/td>\n<td width=\"600\">70*15mm, 86*16mm; 50*20mm; 72*16mm; 35*15mm itd.<\/td>\n<\/tr>\n<tr>\n<td width=\"139\">Kolor<\/td>\n<td width=\"600\">Bia\u0142y<\/td>\n<\/tr>\n<tr>\n<td width=\"139\">Czas pracy<\/td>\n<td width=\"600\">\u015arednio 200 razy, niekt\u00f3re nawet ponad 300 razy.<\/td>\n<\/tr>\n<tr>\n<td width=\"139\">Temperatura pracy<\/td>\n<td width=\"600\">-25\u2103 do +150\u2103<\/td>\n<\/tr>\n<tr>\n<td width=\"139\">Odczyt odleg\u0142o\u015bci<\/td>\n<td width=\"600\">3-10M<\/td>\n<\/tr>\n<tr>\n<td width=\"139\">Aplikacja<\/td>\n<td width=\"600\">Rozwi\u0105zania pralnicze, pralnie, pralnie przemys\u0142owe, zarz\u0105dzanie odzie\u017c\u0105 hotelow\u0105, zarz\u0105dzanie supermarketem\/sklepem z odzie\u017c\u0105 itp.<\/td>\n<\/tr>\n<\/tbody>\n<\/table>\n<\/div>\n<\/div>\n<div><\/div>\n<div>\n<p>&nbsp;<\/p>\n<h3>Czym s\u0105 zmywalne etykiety UHF RFID do tekstyli\u00f3w pralniczych?<\/h3>\n<p>Zmywalne znaczniki RFID to specjalistyczny rodzaj\u00a0<strong>Znacznik RFID<\/strong>\u00a0zaprojektowane specjalnie do zastosowa\u0144 pralniczych. Te etykiety wykorzystuj\u0105\u00a0<strong>technologia RFID o wysokiej wydajno\u015bci<\/strong>\u00a0Aby umo\u017cliwi\u0107 dok\u0142adne \u015bledzenie i zarz\u0105dzanie tekstyliami przez ca\u0142y cykl ich \u017cycia. Wykonane z trwa\u0142ych materia\u0142\u00f3w, zmywalne etykiety RFID s\u0105 odporne na trudy prania przemys\u0142owego, w tym na dzia\u0142anie wysokich temperatur i wielokrotnych cykli prania.<\/p>\n<\/div>\n<h3 class=\"wp-block-heading\">Jak zainstalowa\u0107<\/h3>\n<p><strong>Oznaczanie \u015bcieg\u00f3w<\/strong>: Do przyszycia do brzegu materia\u0142u tekstylnego. Przyszyj metk\u0119 do prania od linii sk\u0142adania.<br \/>\n<strong>Zgrzewanie<\/strong>: Nale\u017cy zgrzewa\u0107 bezpo\u015brednio na materiale tekstylnym w temperaturze +200\u00b0C (392\u00b0F) przez 12~14 sekund.<br \/>\n<strong>W woreczku<\/strong>: Do przyszycia jak standardowa metka piel\u0119gnacyjna. Przyszyj metk\u0119 do prania od linii sk\u0142adania.<\/p>\n<h2>Najcz\u0119\u015bciej zadawane pytania (FAQ) \u2013 Zmywalne etykiety tekstylne UHF RFID do prania<\/h2>\n<p>1. W jaki spos\u00f3b zmywalne etykiety tekstylne UHF RFID usprawniaj\u0105 zarz\u0105dzanie zapasami?<br \/>\nZmywalne etykiety tekstylne z technologi\u0105 UHF RFID do prania umo\u017cliwiaj\u0105 precyzyjne \u015bledzenie odzie\u017cy, automatyzuj\u0105c proces zarz\u0105dzania zapasami. Dzi\u0119ki chipom UCODE\u00ae 9 firmy mog\u0105 natychmiast monitorowa\u0107 lokalizacj\u0119 i status ka\u017cdej odzie\u017cy, co poprawia wydajno\u015b\u0107 operacyjn\u0105 i redukuje liczb\u0119 b\u0142\u0119d\u00f3w r\u0119cznych.<\/p>\n<p>2. Jak trwa\u0142e s\u0105 zmywalne etykiety tekstylne UHF RFID do prania?<br \/>\nNasze zmywalne znaczniki RFID zaprojektowano tak, aby wytrzymywa\u0142y do 200 cykli prania, a w niekt\u00f3rych przypadkach nawet ponad 300. Taka trwa\u0142o\u015b\u0107 gwarantuje, \u017ce znaczniki zachowaj\u0105 funkcjonalno\u015b\u0107 przez ca\u0142y okres u\u017cytkowania odzie\u017cy, co zmniejsza koszty wymiany.<\/p>\n<p>3. Jakie s\u0105 zalety technologii RFID dalekiego zasi\u0119gu UHF?<br \/>\nDzi\u0119ki tagom RFID dalekiego zasi\u0119gu UHF odzie\u017c mo\u017cna \u015bledzi\u0107 na wi\u0119ksz\u0105 odleg\u0142o\u015b\u0107, co przyspiesza proces przetwarzania w miejscach o du\u017cym nat\u0119\u017ceniu ruchu, takich jak pralnie przemys\u0142owe. Technologia ta usprawnia automatyzacj\u0119, podnosz\u0105c poziom us\u0142ug i wydajno\u015b\u0107 operacyjn\u0105.<\/p>\n<p>4. W jaki spos\u00f3b tagowanie RFID rozwi\u0105zuje typowe problemy bran\u017cy pralniczej?<br \/>\nTagi RFID redukuj\u0105 b\u0142\u0119dy r\u0119cznego \u015bledzenia, zapewniaj\u0105 precyzyjne zarz\u0105dzanie zasobami i zwi\u0119kszaj\u0105 trwa\u0142o\u015b\u0107 odzie\u017cy. Automatyzuj\u0105c \u015bledzenie, firmy mog\u0105 oszcz\u0119dza\u0107 czas, redukowa\u0107 straty i zwi\u0119ksza\u0107 rentowno\u015b\u0107.<\/p>\n<p>5. Dlaczego warto wybra\u0107 swoje tagi RFID zamiast innych?<br \/>\nJako jeden z 5 najwi\u0119kszych producent\u00f3w tag\u00f3w RFID z ponad 15-letnim do\u015bwiadczeniem oferujemy wysokiej jako\u015bci, trwa\u0142e rozwi\u0105zania dostosowane do zarz\u0105dzania odzie\u017c\u0105 na du\u017c\u0105 skal\u0119, gwarantuj\u0105c op\u0142acalne i wydajne dzia\u0142anie.<\/p>","protected":false},"excerpt":{"rendered":"<div class=\"elementor-element elementor-element-4f79c63 e-flex e-con-boxed e-con e-parent e-lazyloaded\" data-id=\"4f79c63\" data-element_type=\"container\" data-settings=\"{&quot;_ha_eqh_enable&quot;:false}\">\n<div class=\"e-con-inner\">\n<div class=\"elementor-element elementor-element-be3873c elementor-widget elementor-widget-woocommerce-product-short-description\" data-id=\"be3873c\" data-element_type=\"widget\" data-widget_type=\"woocommerce-product-short-description.default\">\n<div class=\"elementor-widget-container\">\n<div class=\"woocommerce-product-details__short-description\">\n<p><strong>Zmywalne etykiety tekstylne UHF RFID do prania<\/strong>, cz\u0119sto nazywane etykietami do prania RFID, s\u0105 wykonane z mi\u0119kkiej, ale wytrzyma\u0142ej gumowej pow\u0142oki. S\u0105 to elastyczne i wytrzyma\u0142e etykiety odzie\u017cowe, wytrzymuj\u0105ce do 200 cykli prania i ci\u015bnienie do 60 bar\u00f3w.<\/p>\n<\/div>\n<\/div>\n<\/div>\n<\/div>\n<\/div>\n<div class=\"elementor-element elementor-element-3ad806e e-flex e-con-boxed e-con e-parent e-lazyloaded\" data-id=\"3ad806e\" data-element_type=\"container\" data-settings=\"{&quot;_ha_eqh_enable&quot;:false}\">\n<div class=\"e-con-inner\">\n<div class=\"elementor-element elementor-element-362020f elementor-widget elementor-widget-woocommerce-product-data-tabs\" data-id=\"362020f\" data-element_type=\"widget\" data-widget_type=\"woocommerce-product-data-tabs.default\">\n<div class=\"elementor-widget-container\">\n<div class=\"woocommerce-tabs wc-tabs-wrapper\"><\/div>\n<\/div>\n<\/div>\n<\/div>\n<\/div>","protected":false},"featured_media":2870,"template":"","meta":{"_kad_post_transparent":"default","_kad_post_title":"","_kad_post_layout":"default","_kad_post_sidebar_id":"","_kad_post_content_style":"default","_kad_post_vertical_padding":"default","_kad_post_feature":"","_kad_post_feature_position":"","_kad_post_header":false,"_kad_post_footer":false,"_kad_post_classname":""},"product_brand":[],"product_cat":[19],"product_tag":[24,342,339,65,368,30,374,373],"class_list":{"0":"post-3074","1":"product","2":"type-product","3":"status-publish","4":"has-post-thumbnail","6":"product_cat-textile-rfid-laundry-tag","7":"product_tag-laundry-rfid-tags","8":"product_tag-rfid-laundry-tags","9":"product_tag-rfid-washable-tags","10":"product_tag-textile-rfid-laundry-tags","11":"product_tag-textile-uhf-rfid-tags-labels","12":"product_tag-uhf-rfid-laundry-tag","13":"product_tag-washable-uhf-rfid-labels","14":"product_tag-washable-uhf-rfid-laundry-textile-labels","16":"first","17":"instock","18":"featured","19":"shipping-taxable","20":"product-type-simple","21":"entry","22":"content-bg","23":"loop-entry"},"_links":{"self":[{"href":"https:\/\/rfid-laundry-tag.com\/pl\/wp-json\/wp\/v2\/product\/3074","targetHints":{"allow":["GET"]}}],"collection":[{"href":"https:\/\/rfid-laundry-tag.com\/pl\/wp-json\/wp\/v2\/product"}],"about":[{"href":"https:\/\/rfid-laundry-tag.com\/pl\/wp-json\/wp\/v2\/types\/product"}],"version-history":[{"count":1,"href":"https:\/\/rfid-laundry-tag.com\/pl\/wp-json\/wp\/v2\/product\/3074\/revisions"}],"predecessor-version":[{"id":3075,"href":"https:\/\/rfid-laundry-tag.com\/pl\/wp-json\/wp\/v2\/product\/3074\/revisions\/3075"}],"wp:featuredmedia":[{"embeddable":true,"href":"https:\/\/rfid-laundry-tag.com\/pl\/wp-json\/wp\/v2\/media\/2870"}],"wp:attachment":[{"href":"https:\/\/rfid-laundry-tag.com\/pl\/wp-json\/wp\/v2\/media?parent=3074"}],"wp:term":[{"taxonomy":"product_brand","embeddable":true,"href":"https:\/\/rfid-laundry-tag.com\/pl\/wp-json\/wp\/v2\/product_brand?post=3074"},{"taxonomy":"product_cat","embeddable":true,"href":"https:\/\/rfid-laundry-tag.com\/pl\/wp-json\/wp\/v2\/product_cat?post=3074"},{"taxonomy":"product_tag","embeddable":true,"href":"https:\/\/rfid-laundry-tag.com\/pl\/wp-json\/wp\/v2\/product_tag?post=3074"}],"curies":[{"name":"wp","href":"https:\/\/api.w.org\/{rel}","templated":true}]}}