{"id":306,"date":"2024-06-26T17:00:48","date_gmt":"2024-06-26T17:00:48","guid":{"rendered":"https:\/\/rfid-laundry-tag.com\/?post_type=product&#038;p=306"},"modified":"2024-06-26T17:08:25","modified_gmt":"2024-06-26T17:08:25","slug":"mifare-1k-rfid-patrol-disc-tag","status":"publish","type":"product","link":"https:\/\/rfid-laundry-tag.com\/pl\/mifare-1k-rfid-patrol-disc-tag\/","title":{"rendered":"Znacznik patrolowy RFID Mifare 1k"},"content":{"rendered":"<h2>Znacznik patrolowy RFID Mifare 1k<\/h2>\n<h2>Wytrzyma\u0142y znacznik 13,56 MHz do \u015bledzenia zasob\u00f3w<\/h2>\n<p>Ta czarna, wykonana z tworzywa ABS zawieszka w formie dysku to niezawodny wyb\u00f3r do \u015bledzenia zasob\u00f3w, oferuj\u0105cy solidn\u0105 konstrukcj\u0119 dostosowan\u0105 do wymagaj\u0105cych warunk\u00f3w.<\/p>\n<p><strong>Personalizacja:<\/strong><\/p>\n<ul>\n<li>Oferujemy niestandardowy sitodruk z podanymi przez Ciebie szczeg\u00f3\u0142ami. Skontaktuj si\u0119 z nami, aby uzyska\u0107 informacje o cenach i dost\u0119pno\u015bci.<\/li>\n<\/ul>\n<p><strong>Cechy:<\/strong><\/p>\n<ul>\n<li><strong>\u015arednica:<\/strong>\u00a030mm<\/li>\n<li><strong>Grubo\u015b\u0107:<\/strong>\u00a02,3 mm (+\/- 0,1 mm)<\/li>\n<li><strong>Otw\u00f3r:<\/strong>\u00a03,3 mm (+\/- 0,1 mm)<\/li>\n<li><strong>Tworzywo:<\/strong>\u00a0ABS, spawane ultrad\u017awi\u0119kowo<\/li>\n<li><strong>Waga:<\/strong>\u00a02,0 g<\/li>\n<li><strong>Temperatura pracy:<\/strong>\u00a0-25\u00b0C do +70\u00b0C<\/li>\n<li><strong>Wra\u017cliwo\u015b\u0107:<\/strong>\u00a027 mikroT. RMS w RT dla trybu odczytu przy 125 kHz<\/li>\n<\/ul>\n<p><strong>Mifare 1k S50 Classic \/ ISO14443A Charakterystyka:<\/strong><\/p>\n<ul>\n<li><strong>Cz\u0119stotliwo\u015b\u0107 pracy:<\/strong>\u00a013,56MHz<\/li>\n<li><strong>Pami\u0119\u0107:<\/strong>\u00a0Odczyt\/zapis pami\u0119ci EEPROM 1 KB, zorganizowanej jako 16 sektor\u00f3w po 4 bloki (po 16 bajt\u00f3w ka\u017cdy)<\/li>\n<li><strong>Typowy czas transakcji:<\/strong>\u00a0&lt;100ms<\/li>\n<li><strong>Sta\u0142y numer seryjny:<\/strong>\u00a0Unikalny, 4-bajtowy<\/li>\n<li><strong>Napisz wytrzyma\u0142o\u015b\u0107:<\/strong>\u00a0Minimum 100 000 cykli<\/li>\n<\/ul>","protected":false},"excerpt":{"rendered":"<p>Ten wytrzyma\u0142y czarny znacznik ABS jest cz\u0119\u015bci\u0105 serii pasywnych, bezkontaktowych transponder\u00f3w stworzonych do niezawodnego \u015bledzenia zasob\u00f3w. Znaczniki wykorzystuj\u0105 transponder o wysokiej cz\u0119stotliwo\u015bci, kt\u00f3ry jest zgodny ze standardem Mifare 1k S50 Classic \/ ISO14443A i zawiera unikalny 4-bajtowy numer identyfikacyjny.<\/p>","protected":false},"featured_media":307,"template":"","meta":{"_kad_post_transparent":"default","_kad_post_title":"","_kad_post_layout":"default","_kad_post_sidebar_id":"","_kad_post_content_style":"default","_kad_post_vertical_padding":"default","_kad_post_feature":"","_kad_post_feature_position":"","_kad_post_header":false,"_kad_post_footer":false,"_kad_post_classname":""},"product_brand":[],"product_cat":[54],"product_tag":[125,126],"class_list":{"0":"post-306","1":"product","2":"type-product","3":"status-publish","4":"has-post-thumbnail","6":"product_cat-hot-selling-rfid-tags","7":"product_tag-mifare-1k-rfid-patrol-disc-tag","8":"product_tag-rfid-patrol-disc-tag","10":"first","11":"instock","12":"shipping-taxable","13":"product-type-simple","14":"entry","15":"content-bg","16":"loop-entry"},"_links":{"self":[{"href":"https:\/\/rfid-laundry-tag.com\/pl\/wp-json\/wp\/v2\/product\/306","targetHints":{"allow":["GET"]}}],"collection":[{"href":"https:\/\/rfid-laundry-tag.com\/pl\/wp-json\/wp\/v2\/product"}],"about":[{"href":"https:\/\/rfid-laundry-tag.com\/pl\/wp-json\/wp\/v2\/types\/product"}],"version-history":[{"count":0,"href":"https:\/\/rfid-laundry-tag.com\/pl\/wp-json\/wp\/v2\/product\/306\/revisions"}],"wp:featuredmedia":[{"embeddable":true,"href":"https:\/\/rfid-laundry-tag.com\/pl\/wp-json\/wp\/v2\/media\/307"}],"wp:attachment":[{"href":"https:\/\/rfid-laundry-tag.com\/pl\/wp-json\/wp\/v2\/media?parent=306"}],"wp:term":[{"taxonomy":"product_brand","embeddable":true,"href":"https:\/\/rfid-laundry-tag.com\/pl\/wp-json\/wp\/v2\/product_brand?post=306"},{"taxonomy":"product_cat","embeddable":true,"href":"https:\/\/rfid-laundry-tag.com\/pl\/wp-json\/wp\/v2\/product_cat?post=306"},{"taxonomy":"product_tag","embeddable":true,"href":"https:\/\/rfid-laundry-tag.com\/pl\/wp-json\/wp\/v2\/product_tag?post=306"}],"curies":[{"name":"wp","href":"https:\/\/api.w.org\/{rel}","templated":true}]}}