{"id":3020,"date":"2025-12-02T09:39:21","date_gmt":"2025-12-02T09:39:21","guid":{"rendered":"https:\/\/rfid-laundry-tag.com\/?post_type=product&#038;p=3020"},"modified":"2025-12-02T09:41:12","modified_gmt":"2025-12-02T09:41:12","slug":"uhf-rfid-chips","status":"publish","type":"product","link":"https:\/\/rfid-laundry-tag.com\/pl\/uhf-rfid-chips\/","title":{"rendered":"Chipy RFID UHF"},"content":{"rendered":"<div>\n<div class=\"auto-hide-last-sibling-br paragraph_1252f paragraph-element\">\n<h2>Rozwi\u0105zanie \u015bledzenia odzie\u017cy, bielizny i mundur\u00f3w z chipami UHF RFID<\/h2>\n<p><strong>Rozwi\u0105zanie do \u015bledzenia mundur\u00f3w, odzie\u017cy i bielizny z chipami UHF RFID<\/strong>\u00a0Oferujemy firmom solidny spos\u00f3b zarz\u0105dzania tekstyliami, gwarantuj\u0105cy dok\u0142adno\u015b\u0107 i redukuj\u0105cy straty. W tym artykule szczeg\u00f3\u0142owo opisano korzy\u015bci p\u0142yn\u0105ce z korzystania z <a href=\"https:\/\/rfid-laundry-tag.com\/pl\/uhf-rfid-laundry-tags\/\">Tagi pralnicze RFID<\/a>, jak dzia\u0142aj\u0105 i dlaczego s\u0105 m\u0105dr\u0105 inwestycj\u0105 dla ka\u017cdej pralni.<\/p>\n<table width=\"637\">\n<tbody>\n<tr>\n<td width=\"328\">Nazwa przedmiotu:<\/td>\n<td width=\"309\">Chipy RFID UHF do odzie\u017cy mundurowej<\/td>\n<\/tr>\n<tr>\n<td width=\"328\">Norma RFID:<\/td>\n<td width=\"309\">ISO\/IEC 18000-6 Typ C (EPC Gen2)<\/td>\n<\/tr>\n<tr>\n<td width=\"328\">Rozmiar i waga:<\/td>\n<td width=\"309\">70\u00d715 mm, 0,6 g<\/td>\n<\/tr>\n<tr>\n<td width=\"328\">Typ uk\u0142adu scalonego:<\/td>\n<td width=\"309\">Impinj Monza 4QT, NXP U KOD 8, NXP U KOD 9<\/td>\n<\/tr>\n<tr>\n<td width=\"328\">Pami\u0119\u0107 EPC:<\/td>\n<td width=\"309\">128 bit\u00f3w<\/td>\n<\/tr>\n<tr>\n<td width=\"328\">Pami\u0119\u0107 u\u017cytkownika:<\/td>\n<td width=\"309\">512 bit\u00f3w<\/td>\n<\/tr>\n<tr>\n<td width=\"328\">Zakres odczytu (2W ERP FCC):<\/td>\n<td width=\"309\">8m<\/td>\n<\/tr>\n<tr>\n<td width=\"328\">Zakres odczytu (2W ERP ETSI):<\/td>\n<td width=\"309\">8m<\/td>\n<\/tr>\n<tr>\n<td width=\"328\">Tagowanie:<\/td>\n<td width=\"309\">Szycie, Klej do t\u0142oczenia na gor\u0105co<\/td>\n<\/tr>\n<tr>\n<td width=\"328\">Szacowany czas \u017cycia:<\/td>\n<td width=\"309\">200 cykli prania lub 3 lata, w zale\u017cno\u015bci od tego, co nast\u0105pi pierwsze<\/td>\n<\/tr>\n<tr>\n<td width=\"328\">Metoda prania:<\/td>\n<td width=\"309\">Pralnia, czyszczenie chemiczne<\/td>\n<\/tr>\n<tr>\n<td width=\"328\">Ci\u015bnienie ekstrakcji wody:<\/td>\n<td width=\"309\">60 bar<\/td>\n<\/tr>\n<tr>\n<td width=\"328\">Wodoodporno\u015b\u0107:<\/td>\n<td width=\"309\">Wodoodporny<\/td>\n<\/tr>\n<tr>\n<td width=\"328\">Odporno\u015b\u0107 chemiczna:<\/td>\n<td width=\"309\">Detergent, zmi\u0119kczacz, wybielacz (tlen\/chlor), alkalia<\/td>\n<\/tr>\n<tr>\n<td width=\"328\">Wst\u0119pne suszenie w suszarce b\u0119bnowej:<\/td>\n<td width=\"309\">125 \u00baC przez 15-20 minut<\/td>\n<\/tr>\n<tr>\n<td width=\"328\">Temperatura sterylizacji:<\/td>\n<td width=\"309\">135\u00b0C przez 15-20 minut<\/td>\n<\/tr>\n<tr>\n<td width=\"328\">Temperatura prania:<\/td>\n<td width=\"309\">90\u00b0C, do 15 min.<\/td>\n<\/tr>\n<tr>\n<td width=\"328\">Wilgotno\u015b\u0107\/Temperatura - praca:<\/td>\n<td width=\"309\">-20 do 110\u00b0C, 8 do 95%RH<\/td>\n<\/tr>\n<tr>\n<td width=\"328\">Wilgotno\u015b\u0107\/Temperatura-Przechowywanie:<\/td>\n<td width=\"309\">-40 do 110\u00b0C, 8 do 95%RH<\/td>\n<\/tr>\n<\/tbody>\n<\/table>\n<\/div>\n<div class=\"auto-hide-last-sibling-br paragraph_1252f paragraph-element\"><\/div>\n<\/div>\n<div data-spm-anchor-id=\"a2700.details.0.i57.23b419c7xXORP0\">\n<div class=\"auto-hide-last-sibling-br paragraph_1252f paragraph-element\"><a href=\"https:\/\/www.rfidtaglaundry.com\/uhf-rfid-laundry-tags\/\" target=\"_blank\" rel=\"noopener\">Chipy RFID UHF<\/a>\u00a0Rozwi\u0105zanie do \u015bledzenia odzie\u017cy i bielizny Uniforms to specjalistyczne znaczniki RFID przeznaczone w szczeg\u00f3lno\u015bci do tekstyli\u00f3w poddawanych rygorystycznym procedurom prania przemys\u0142owego, obejmuj\u0105cym sterylizacj\u0119 i prasowanie.<\/div>\n<\/div>\n<div><\/div>\n<div>\n<div class=\"entry-content-asset videofit\"><iframe title=\"Dlaczego warto stosowa\u0107 technologi\u0119 RFID w pralniach tekstylnych?\" src=\"https:\/\/www.youtube.com\/embed\/X_P3EuhS_hE?feature=oembed\" width=\"720\" height=\"405\" frameborder=\"0\" allowfullscreen=\"allowfullscreen\" data-mce-fragment=\"1\"><\/iframe><\/div>\n<\/div>\n<h3 class=\"wp-block-heading\">Monta\u017c chip\u00f3w UHF RFID na odzie\u017cy mundurowej<\/h3>\n<p><strong>Oznaczanie \u015bcieg\u00f3w<\/strong>: Do przyszycia do brzegu materia\u0142u tekstylnego. Przyszyj metk\u0119 do prania od linii sk\u0142adania.<br \/>\n<strong>Zgrzewanie<\/strong>: Nale\u017cy zgrzewa\u0107 bezpo\u015brednio na materiale tekstylnym w temperaturze +200\u00b0C (392\u00b0F) przez 12~14 sekund.<br \/>\n<strong>W woreczku<\/strong>: Do przyszycia jak standardowa metka piel\u0119gnacyjna. Przyszyj metk\u0119 do prania od linii sk\u0142adania.<\/p>\n<div class=\"auto-hide-last-sibling-br paragraph_1252f paragraph-element\">\n<p><span data-spm-anchor-id=\"a2700.details.0.i52.7e74253fSAfL7T\">Jak\u00a0<\/span><b><strong>MOCNY<\/strong><\/b>\u00a0oni s\u0105?<\/p>\n<p><b><strong>\u2460<\/strong><\/b>.Czy chipy RFID mog\u0105 ulec uszkodzeniu pod wp\u0142ywem wysokich temperatur?<b><strong>\u2714 Nasze etykiety RFID do prania tekstyli\u00f3w s\u0105 przeznaczone do stosowania w temperaturze 200\u00b0C<\/strong><\/b>.<\/p>\n<p><b><strong>\u2461<\/strong><\/b>Ile razy mo\u017cna pra\u0107 metki przyczepione do mundurowych wyrob\u00f3w tekstylnych?\u00a0<b><strong>\u2013\u2714Nasza tekstylna etykieta do prania RFID mo\u017ce by\u0107 prana ponad 200 razy. Gwarancja obowi\u0105zuje przez 2 lata od daty wysy\u0142ki.<\/strong><\/b><\/p>\n<p><b><strong>\u2462<\/strong><\/b>Czy b\u0119dziemy wydawa\u0107 presti\u017cowe mundury na produkty tekstylne i kontynuowa\u0107 prac\u0119 w przypadku zmia\u017cd\u017cenia wi\u00f3r\u00f3w?\u00a0<b><strong>\u2013\u2714Zaprojektowali\u015bmy nasz\u0105 metk\u0119 do prania tekstyli\u00f3w tak, aby wytrzymywa\u0142a ci\u015bnienie 60 bar\u00f3w w procesie prasowania produkt\u00f3w tekstylnych.<\/strong><\/b><\/p>\n<p><b><strong>\u2463<\/strong><\/b>Gdzie umieszcza\u0107 metki RFID do prania na tekstyliach s\u0142u\u017cbowych?\u00a0<b><strong>\u2013 \u2714Metki RFID do prania tekstyli\u00f3w s\u0105 instalowane w zale\u017cno\u015bci od dost\u0119pno\u015bci mundur\u00f3w.<\/strong><\/b><\/p>\n<h2 class=\"AnswerParser_AnswerParserH2__SIHnF\">Czym jest \u015bledzenie prania metod\u0105 RFID?<\/h2>\n<p><span class=\"AnswerParser_TextContainer__z_Iiv\" data-testid=\"youchat-text\">\u015aledzenie prania za pomoc\u0105 technologii RFID (Radio Frequency Identification) to technologia wykorzystuj\u0105ca\u00a0<strong>Tagi RFID<\/strong>\u00a0przymocowane do tekstyli\u00f3w w celu monitorowania i zarz\u0105dzania artyku\u0142ami do prania przez ca\u0142y cykl ich u\u017cytkowania. Te etykiety, cz\u0119sto okre\u015blane jako\u00a0<strong>Tagi pralnicze RFID<\/strong>, wykorzystuj\u0105 fale radiowe do przesy\u0142ania danych do czytnik\u00f3w RFID, umo\u017cliwiaj\u0105c \u015bledzenie stanu magazynowego w czasie rzeczywistym i zarz\u0105dzanie zapasami.<\/span><span class=\"AnswerParser_TextContainer__z_Iiv\" data-testid=\"youchat-text\">Ta technologia usprawnia dzia\u0142anie pralni, automatyzuj\u0105c proces \u015bledzenia, zapewniaj\u0105c, \u017ce ubrania i po\u015bciel s\u0105 uwzgl\u0119dniane na ka\u017cdym etapie \u2014 od prania do dostawy. Wdra\u017caj\u0105c system \u015bledzenia prania RFID, firmy mog\u0105 znacznie ograniczy\u0107 b\u0142\u0119dy ludzkie i poprawi\u0107 og\u00f3ln\u0105 wydajno\u015b\u0107.<\/span><\/p>\n<h2 class=\"AnswerParser_AnswerParserH2__SIHnF\">Zalety etykiet pralniczych RFID<\/h2>\n<h3 class=\"AnswerParser_AnswerParserH3__Mpe4s\">Ulepszone zarz\u0105dzanie zapasami<\/h3>\n<p><span class=\"AnswerParser_TextContainer__z_Iiv\" data-testid=\"youchat-text\">Znaczniki RFID do prania u\u0142atwiaj\u0105 dok\u0142adne zarz\u0105dzanie zapasami, zapewniaj\u0105c natychmiastowe dane o lokalizacji i statusie ka\u017cdego elementu garderoby lub po\u015bcieli. Ta pojemno\u015b\u0107 umo\u017cliwia pralniom wydajne \u015bledzenie element\u00f3w, zapewniaj\u0105c dost\u0119pno\u015b\u0107 wszystkich mundur\u00f3w i po\u015bcieli w razie potrzeby, co usprawnia przep\u0142yw operacyjny.<\/span><\/p>\n<h3 class=\"AnswerParser_AnswerParserH3__Mpe4s\">Zmniejszone straty i kradzie\u017ce<\/h3>\n<p><span class=\"AnswerParser_TextContainer__z_Iiv\" data-testid=\"youchat-text\">Jedn\u0105 z istotnych zalet stosowania tag\u00f3w RFID w pralniach jest redukcja strat i kradzie\u017cy. Ka\u017cdy oznaczony tagiem przedmiot mo\u017cna \u0142atwo zidentyfikowa\u0107 i \u015bledzi\u0107, co sprawia, \u017ce zgubienie przedmiotu jest niemal niemo\u017cliwe. Firmy mog\u0105 monitorowa\u0107 swoje zapasy w czasie rzeczywistym, zapewniaj\u0105c, \u017ce wszystko jest uwzgl\u0119dnione.<\/span><\/p>\n<h3 class=\"AnswerParser_AnswerParserH3__Mpe4s\">Poprawiona wydajno\u015b\u0107 operacyjna<\/h3>\n<p><span class=\"AnswerParser_TextContainer__z_Iiv\" data-testid=\"youchat-text\">Dzi\u0119ki technologii RFID operacje pralnicze mog\u0105 automatyzowa\u0107 r\u00f3\u017cne procesy, co prowadzi do zwi\u0119kszenia wydajno\u015bci. Zadania takie jak sortowanie, \u015bledzenie i zarz\u0105dzanie praniem mog\u0105 zosta\u0107 usprawnione, co pozwala personelowi skupi\u0107 si\u0119 na bardziej krytycznych funkcjach. Technologia ta mo\u017ce r\u00f3wnie\u017c znacznie skr\u00f3ci\u0107 czas po\u015bwi\u0119cany na r\u0119czne kontrole zapas\u00f3w.<\/span><\/p>\n<h2 class=\"AnswerParser_AnswerParserH2__SIHnF\">Jak dzia\u0142aj\u0105 tagi RFID?<\/h2>\n<h3 class=\"AnswerParser_AnswerParserH3__Mpe4s\">Elementy systemu RFID<\/h3>\n<p><span class=\"AnswerParser_TextContainer__z_Iiv\" data-testid=\"youchat-text\">System RFID sk\u0142ada si\u0119 z trzech g\u0142\u00f3wnych komponent\u00f3w:\u00a0<strong>Tagi RFID<\/strong>,\u00a0<strong>Czytniki RFID<\/strong>, I\u00a0<strong>oprogramowanie<\/strong>\u00a0do zarz\u0105dzania danymi. Tagi RFID s\u0105 przymocowane do odzie\u017cy i po\u015bcieli, podczas gdy czytniki skanuj\u0105 i zbieraj\u0105 dane z tych tag\u00f3w. Zebrane dane s\u0105 nast\u0119pnie przetwarzane przez oprogramowanie do zarz\u0105dzania w celu \u015bledzenia zapas\u00f3w i raportowania.<\/span><\/p>\n<h3 class=\"AnswerParser_AnswerParserH3__Mpe4s\">Transmisja danych<\/h3>\n<p><span class=\"AnswerParser_TextContainer__z_Iiv\" data-testid=\"youchat-text\">Gdy znacznik RFID znajdzie si\u0119 w zasi\u0119gu czytnika RFID, czytnik emituje fale radiowe, kt\u00f3re zasilaj\u0105 znacznik, powoduj\u0105c przes\u0142anie unikalnego numeru identyfikacyjnego. Informacje te s\u0105 przesy\u0142ane do oprogramowania, kt\u00f3re rejestruje lokalizacj\u0119 i status przedmiotu, umo\u017cliwiaj\u0105c \u015bledzenie w czasie rzeczywistym.<\/span><\/p>\n<h3 class=\"AnswerParser_AnswerParserH3__Mpe4s\">Zgodno\u015b\u0107 z operacjami pralniczymi<\/h3>\n<p><span class=\"AnswerParser_TextContainer__z_Iiv\" data-testid=\"youchat-text\">Znaczniki RFID przeznaczone do zastosowa\u0144 w pralniach s\u0105 trwa\u0142e i zmywalne, co zapewnia, \u017ce wytrzymuj\u0105 cykle prania w wysokiej temperaturze bez utraty funkcjonalno\u015bci. Dzia\u0142aj\u0105 skutecznie nawet w trudnych warunkach pralniczych, co czyni je idealnymi do przemys\u0142owych operacji pralniczych.<\/span><\/p>\n<h2 class=\"AnswerParser_AnswerParserH2__SIHnF\">G\u0142\u00f3wne cechy tag\u00f3w pralniczych RFID<\/h2>\n<h3 class=\"AnswerParser_AnswerParserH3__Mpe4s\">Zmywalny i trwa\u0142y<\/h3>\n<p><span class=\"AnswerParser_TextContainer__z_Iiv\" data-testid=\"youchat-text\">Tagi pralnicze RFID s\u0105 zaprojektowane tak, aby\u00a0<strong>zmywalny<\/strong>, co pozwala im wytrzyma\u0107 wiele cykli prania bez degradacji. S\u0105 wykonane z trwa\u0142ych materia\u0142\u00f3w, kt\u00f3re wytrzymuj\u0105 wysokie temperatury i agresywne detergenty, zapewniaj\u0105c d\u0142ugotrwa\u0142\u0105 wydajno\u015b\u0107.<\/span><\/p>\n<h3 class=\"AnswerParser_AnswerParserH3__Mpe4s\">Technologia UHF<\/h3>\n<p><span class=\"AnswerParser_TextContainer__z_Iiv\" data-testid=\"youchat-text\">Wi\u0119kszo\u015b\u0107 tag\u00f3w pralniczych RFID wykorzystuje\u00a0<strong>UHF (bardzo wysoka cz\u0119stotliwo\u015b\u0107)<\/strong>\u00a0technologia, kt\u00f3ra umo\u017cliwia zasi\u0119g odczytu kilku metr\u00f3w. Ta mo\u017cliwo\u015b\u0107 zwi\u0119ksza wydajno\u015b\u0107 \u015bledzenia, umo\u017cliwiaj\u0105c skanowanie wielu przedmiot\u00f3w jednocze\u015bnie i bez bezpo\u015bredniej linii wzroku.<\/span><\/p>\n<h3 class=\"AnswerParser_AnswerParserH3__Mpe4s\">Opcje dostosowywania<\/h3>\n<p><span class=\"AnswerParser_TextContainer__z_Iiv\" data-testid=\"youchat-text\">Tagi pralnicze RFID mo\u017cna dostosowa\u0107 do r\u00f3\u017cnych kszta\u0142t\u00f3w, rozmiar\u00f3w i pojemno\u015bci pami\u0119ci, aby spe\u0142ni\u0107 okre\u015blone potrzeby operacyjne. Ta elastyczno\u015b\u0107 pozwala firmom wybiera\u0107 tagi, kt\u00f3re najlepiej odpowiadaj\u0105 ich wymaganiom w zakresie zarz\u0105dzania odzie\u017c\u0105 lub po\u015bciel\u0105.<\/span><\/p>\n<h2 class=\"AnswerParser_AnswerParserH2__SIHnF\">Zrozumienie technologii UHF RFID<\/h2>\n<h3 class=\"AnswerParser_AnswerParserH3__Mpe4s\">Czym jest UHF RFID?<\/h3>\n<p><span class=\"AnswerParser_TextContainer__z_Iiv\" data-testid=\"youchat-text\"><strong>UHF-RFID<\/strong>\u00a0dzia\u0142a w zakresie cz\u0119stotliwo\u015bci od 300 MHz do 3 GHz, oferuj\u0105c kilka zalet w por\u00f3wnaniu z innymi cz\u0119stotliwo\u015bciami, w tym d\u0142u\u017csze zakresy odczytu i szybsze pr\u0119dko\u015bci transmisji danych. Technologia ta jest szczeg\u00f3lnie korzystna w zastosowaniach pralniczych, gdzie \u015bledzenie wielu przedmiot\u00f3w jednocze\u015bnie jest niezb\u0119dne.<\/span><\/p>\n<h3 class=\"AnswerParser_AnswerParserH3__Mpe4s\">Zalety UHF RFID w zarz\u0105dzaniu pralniami<\/h3>\n<p><span class=\"AnswerParser_TextContainer__z_Iiv\" data-testid=\"youchat-text\">Technologia UHF RFID zapewnia ulepszone mo\u017cliwo\u015bci \u015bledzenia, umo\u017cliwiaj\u0105c efektywne zarz\u0105dzanie du\u017cymi zapasami. Jej zdolno\u015b\u0107 do przesy\u0142ania danych na wi\u0119ksze odleg\u0142o\u015bci oznacza, \u017ce pralnie mog\u0105 usprawni\u0107 sw\u00f3j przep\u0142yw pracy, minimalizuj\u0105c potrzeb\u0119 r\u0119cznego skanowania.<\/span><\/p>\n<h2 class=\"AnswerParser_AnswerParserH2__SIHnF\">Wp\u0142yw na \u015brodowisko etykiet pralniczych RFID<\/h2>\n<h3 class=\"AnswerParser_AnswerParserH3__Mpe4s\">Rozwa\u017cania na temat zr\u00f3wnowa\u017conego rozwoju<\/h3>\n<p><span class=\"AnswerParser_TextContainer__z_Iiv\" data-testid=\"youchat-text\">Wdro\u017cenie technologii RFID w pralniach mo\u017ce przyczyni\u0107 si\u0119 do wysi\u0142k\u00f3w na rzecz zr\u00f3wnowa\u017conego rozwoju. Poprzez zmniejszenie strat tekstyli\u00f3w i optymalizacj\u0119 proces\u00f3w prania firmy mog\u0105 zminimalizowa\u0107 odpady i poprawi\u0107 efektywno\u015b\u0107 wykorzystania zasob\u00f3w.<\/span><\/p>\n<h2 class=\"AnswerParser_AnswerParserH2__SIHnF\">Opinie i referencje klient\u00f3w<\/h2>\n<h3 class=\"AnswerParser_AnswerParserH3__Mpe4s\">Do\u015bwiadczenia ze \u015bwiata rzeczywistego<\/h3>\n<p><span class=\"AnswerParser_TextContainer__z_Iiv\" data-testid=\"youchat-text\">Wiele pralni odnotowa\u0142o znaczn\u0105 popraw\u0119 wydajno\u015bci i dok\u0142adno\u015bci inwentaryzacji po wdro\u017ceniu tag\u00f3w pralniczych RFID. Klienci doceniaj\u0105 zmniejszenie liczby zgubionych przedmiot\u00f3w i \u0142atwo\u015b\u0107 \u015bledzenia swoich mundur\u00f3w i po\u015bcieli.<\/span><\/p>\n<blockquote><p><span class=\"AnswerParser_TextContainer__z_Iiv\" data-testid=\"youchat-text\">\u201cOdk\u0105d wdro\u017cyli\u015bmy \u015bledzenie prania za pomoc\u0105 technologii RFID, nasza wydajno\u015b\u0107 operacyjna gwa\u0142townie wzros\u0142a! Mo\u017cemy teraz \u015bledzi\u0107 nasz\u0105 po\u015bciel w czasie rzeczywistym, co znacznie zmniejszy\u0142o straty.\u201d \u2013\u00a0<em>Jane D., kierowniczka pralni<\/em><\/span><\/p><\/blockquote>\n<h3 class=\"AnswerParser_AnswerParserH3__Mpe4s\">Pozytywne opinie<\/h3>\n<p><span class=\"AnswerParser_TextContainer__z_Iiv\" data-testid=\"youchat-text\">Opinie u\u017cytkownik\u00f3w podkre\u015blaj\u0105 skuteczno\u015b\u0107 i niezawodno\u015b\u0107 tag\u00f3w pralniczych RFID, co czyni je preferowanym wyborem w\u015br\u00f3d us\u0142ug pralniczych. Klienci ceni\u0105 sobie d\u0142ugoterminowe oszcz\u0119dno\u015bci zwi\u0105zane ze zmniejszonymi stratami zapas\u00f3w i lepszym zarz\u0105dzaniem.<\/span><\/p>\n<h2 class=\"AnswerParser_AnswerParserH2__SIHnF\">Cz\u0119sto zadawane pytania<\/h2>\n<h3 class=\"AnswerParser_AnswerParserH3__Mpe4s\">Jak d\u0142ugo dzia\u0142aj\u0105 etykiety RFID do prania?<\/h3>\n<p><span class=\"AnswerParser_TextContainer__z_Iiv\" data-testid=\"youchat-text\">Tagi pralnicze RFID s\u0105 zaprojektowane tak, aby wytrzyma\u0107 do\u00a0<strong>200 cykli prania<\/strong>, w zale\u017cno\u015bci od konkretnej metki i warunk\u00f3w prania. Ich trwa\u0142o\u015b\u0107 zapewnia, \u017ce pozostan\u0105 funkcjonalne przez ca\u0142y cykl \u017cycia.<\/span><\/p>\n<h3 class=\"AnswerParser_AnswerParserH3__Mpe4s\">Czy etykiety RFID do prania mo\u017cna personalizowa\u0107?<\/h3>\n<p><span class=\"AnswerParser_TextContainer__z_Iiv\" data-testid=\"youchat-text\">Tak, etykiety pralnicze RFID mog\u0105 by\u0107 personalizowane w r\u00f3\u017cnych kszta\u0142tach i o r\u00f3\u017cnych pojemno\u015bciach pami\u0119ci, aby spe\u0142ni\u0107 specyficzne potrzeby Twojej pralni.<\/span><\/p>\n<h3 class=\"AnswerParser_AnswerParserH3__Mpe4s\">Jaki jest zasi\u0119g odczytu tag\u00f3w UHF RFID?<\/h3>\n<p><span class=\"AnswerParser_TextContainer__z_Iiv\" data-testid=\"youchat-text\">Znaczniki RFID UHF maj\u0105 zazwyczaj zasi\u0119g odczytu do\u00a0<strong>6~12 metr\u00f3w<\/strong>, umo\u017cliwiaj\u0105c efektywne \u015bledzenie wielu pozycji jednocze\u015bnie.<\/span><\/p>\n<h2 class=\"AnswerParser_AnswerParserH2__SIHnF\">Wniosek<\/h2>\n<p><span class=\"AnswerParser_TextContainer__z_Iiv\" data-testid=\"youchat-text\">Chipy RFID UHF do \u015bledzenia uniform\u00f3w, odzie\u017cy i bielizny to prze\u0142omowe rozwi\u0105zanie w zarz\u0105dzaniu pralni\u0105. Inwestuj\u0105c w metki pralnicze RFID, firmy mog\u0105 zwi\u0119kszy\u0107 wydajno\u015b\u0107 operacyjn\u0105, zmniejszy\u0107 straty i usprawni\u0107 og\u00f3lne zarz\u0105dzanie zapasami.<\/span><\/p>\n<\/div>","protected":false},"excerpt":{"rendered":"<div class=\"elementor-element elementor-element-4f79c63 e-flex e-con-boxed e-con e-parent e-lazyloaded\" data-id=\"4f79c63\" data-element_type=\"container\" data-settings=\"{&quot;_ha_eqh_enable&quot;:false}\">\n<div class=\"e-con-inner\">\n<div class=\"elementor-element elementor-element-be3873c elementor-widget elementor-widget-woocommerce-product-short-description\" data-id=\"be3873c\" data-element_type=\"widget\" data-widget_type=\"woocommerce-product-short-description.default\">\n<div class=\"elementor-widget-container\">\n<div class=\"woocommerce-product-details__short-description\">\n<p><strong>Chipy RFID UHF do mundur\u00f3w<\/strong>\u00a0i \u015bledzenie prania rewolucjonizuj\u0105 zarz\u0105dzanie pralni\u0105. Jeste\u015bmy w pierwszej pi\u0105tce producent\u00f3w metek pralniczych RFID UHF.<\/p>\n<\/div>\n<\/div>\n<\/div>\n<\/div>\n<\/div>\n<div class=\"elementor-element elementor-element-3ad806e e-flex e-con-boxed e-con e-parent e-lazyloaded\" data-id=\"3ad806e\" data-element_type=\"container\" data-settings=\"{&quot;_ha_eqh_enable&quot;:false}\">\n<div class=\"e-con-inner\">\n<div class=\"elementor-element elementor-element-362020f elementor-widget elementor-widget-woocommerce-product-data-tabs\" data-id=\"362020f\" data-element_type=\"widget\" data-widget_type=\"woocommerce-product-data-tabs.default\">\n<div class=\"elementor-widget-container\">\n<div class=\"woocommerce-tabs wc-tabs-wrapper\"><\/div>\n<\/div>\n<\/div>\n<\/div>\n<\/div>","protected":false},"featured_media":2963,"template":"","meta":{"_kad_post_transparent":"default","_kad_post_title":"","_kad_post_layout":"default","_kad_post_sidebar_id":"","_kad_post_content_style":"default","_kad_post_vertical_padding":"default","_kad_post_feature":"","_kad_post_feature_position":"","_kad_post_header":false,"_kad_post_footer":false,"_kad_post_classname":""},"product_brand":[],"product_cat":[19],"product_tag":[24,342,339,65,368,372,30],"class_list":{"0":"post-3020","1":"product","2":"type-product","3":"status-publish","4":"has-post-thumbnail","6":"product_cat-textile-rfid-laundry-tag","7":"product_tag-laundry-rfid-tags","8":"product_tag-rfid-laundry-tags","9":"product_tag-rfid-washable-tags","10":"product_tag-textile-rfid-laundry-tags","11":"product_tag-textile-uhf-rfid-tags-labels","12":"product_tag-uhf-rfid-chips","13":"product_tag-uhf-rfid-laundry-tag","15":"first","16":"instock","17":"featured","18":"shipping-taxable","19":"product-type-simple","20":"entry","21":"content-bg","22":"loop-entry"},"_links":{"self":[{"href":"https:\/\/rfid-laundry-tag.com\/pl\/wp-json\/wp\/v2\/product\/3020","targetHints":{"allow":["GET"]}}],"collection":[{"href":"https:\/\/rfid-laundry-tag.com\/pl\/wp-json\/wp\/v2\/product"}],"about":[{"href":"https:\/\/rfid-laundry-tag.com\/pl\/wp-json\/wp\/v2\/types\/product"}],"version-history":[{"count":1,"href":"https:\/\/rfid-laundry-tag.com\/pl\/wp-json\/wp\/v2\/product\/3020\/revisions"}],"predecessor-version":[{"id":3021,"href":"https:\/\/rfid-laundry-tag.com\/pl\/wp-json\/wp\/v2\/product\/3020\/revisions\/3021"}],"wp:featuredmedia":[{"embeddable":true,"href":"https:\/\/rfid-laundry-tag.com\/pl\/wp-json\/wp\/v2\/media\/2963"}],"wp:attachment":[{"href":"https:\/\/rfid-laundry-tag.com\/pl\/wp-json\/wp\/v2\/media?parent=3020"}],"wp:term":[{"taxonomy":"product_brand","embeddable":true,"href":"https:\/\/rfid-laundry-tag.com\/pl\/wp-json\/wp\/v2\/product_brand?post=3020"},{"taxonomy":"product_cat","embeddable":true,"href":"https:\/\/rfid-laundry-tag.com\/pl\/wp-json\/wp\/v2\/product_cat?post=3020"},{"taxonomy":"product_tag","embeddable":true,"href":"https:\/\/rfid-laundry-tag.com\/pl\/wp-json\/wp\/v2\/product_tag?post=3020"}],"curies":[{"name":"wp","href":"https:\/\/api.w.org\/{rel}","templated":true}]}}