{"id":299,"date":"2024-06-26T15:49:09","date_gmt":"2024-06-26T15:49:09","guid":{"rendered":"https:\/\/rfid-laundry-tag.com\/?post_type=product&#038;p=299"},"modified":"2024-06-26T15:49:09","modified_gmt":"2024-06-26T15:49:09","slug":"uhf-industrial-on-metal-rfid-tags","status":"publish","type":"product","link":"https:\/\/rfid-laundry-tag.com\/pl\/uhf-industrial-on-metal-rfid-tags\/","title":{"rendered":"Tagi RFID UHF Industrial On Metal"},"content":{"rendered":"<table class=\"has-title all magic-4\">\n<tbody>\n<tr>\n<td colspan=\"1\" rowspan=\"1\">\n<div class=\"magic-5\" data-spm-anchor-id=\"a2700.details.0.i63.6b4c1284UGSrnr\">Tworzywo<\/div>\n<\/td>\n<td colspan=\"1\" rowspan=\"1\">\n<div class=\"magic-6\">ABS<\/div>\n<\/td>\n<\/tr>\n<tr>\n<td colspan=\"1\" rowspan=\"1\">\n<div class=\"magic-5\">Rozmiar<\/div>\n<\/td>\n<td colspan=\"1\" rowspan=\"1\">\n<div class=\"magic-6\">78x31x10mm lub dostosowane<\/div>\n<\/td>\n<\/tr>\n<tr>\n<td colspan=\"1\" rowspan=\"1\">\n<div class=\"magic-5\">Cz\u0119stotliwo\u015b\u0107<\/div>\n<\/td>\n<td colspan=\"1\" rowspan=\"1\">\n<div class=\"magic-6\">860-960MHz<\/div>\n<\/td>\n<\/tr>\n<tr>\n<td colspan=\"1\" rowspan=\"1\">\n<div class=\"magic-5\">Typ uk\u0142adu scalonego (chip)<\/div>\n<\/td>\n<td colspan=\"1\" rowspan=\"1\">\n<div class=\"magic-6\">Impinj Monza R6P<\/div>\n<\/td>\n<\/tr>\n<tr>\n<td colspan=\"1\" rowspan=\"1\">\n<div class=\"magic-5\">Protok\u00f3\u0142<\/div>\n<\/td>\n<td colspan=\"1\" rowspan=\"1\">\n<div class=\"magic-6\" data-spm-anchor-id=\"a2700.details.0.i64.6b4c1284UGSrnr\">EPC Global Klasa 1 Gen2 i ISO18000-6C<\/div>\n<\/td>\n<\/tr>\n<tr>\n<td colspan=\"1\" rowspan=\"1\">\n<div class=\"magic-7\">Pami\u0119\u0107<\/div>\n<\/td>\n<td colspan=\"1\" rowspan=\"1\">\n<div class=\"magic-6\">EPC 128 bit\u00f3w, U\u017cytkownik 32 bity<\/div>\n<\/td>\n<\/tr>\n<tr>\n<td colspan=\"1\" rowspan=\"1\">\n<div class=\"magic-5\">Wsp\u00f3\u0142czynnik kszta\u0142tu tagu<\/div>\n<\/td>\n<td colspan=\"1\" rowspan=\"1\">\n<div class=\"magic-6\">Twarda etykieta<\/div>\n<\/td>\n<\/tr>\n<tr>\n<td colspan=\"1\" rowspan=\"1\">\n<div class=\"magic-5\">Metoda mocowania<\/div>\n<\/td>\n<td colspan=\"1\" rowspan=\"1\">\n<div class=\"magic-6\">Mocowanie \u015brubowe, klej do folii<\/div>\n<\/td>\n<\/tr>\n<tr>\n<td colspan=\"1\" rowspan=\"1\">\n<div class=\"magic-5\">Temperatura pracy<\/div>\n<\/td>\n<td colspan=\"1\" rowspan=\"1\">\n<div class=\"magic-6\">-35 \u00b0C \/ +90 \u00b0C<\/div>\n<\/td>\n<\/tr>\n<tr>\n<td colspan=\"1\" rowspan=\"1\">\n<div class=\"magic-5\">Odczyt odleg\u0142o\u015bci<\/div>\n<\/td>\n<td colspan=\"1\" rowspan=\"1\">\n<div class=\"magic-6\">Do 10m<\/div>\n<\/td>\n<\/tr>\n<tr>\n<td colspan=\"1\" rowspan=\"1\">\n<div class=\"magic-8\">Materia\u0142y powierzchniowe nadaj\u0105ce si\u0119 do stosowania<\/div>\n<\/td>\n<td colspan=\"1\" rowspan=\"1\">\n<div class=\"magic-6\">Pod\u0142o\u017ca metalowe i niemetalowe<\/div>\n<\/td>\n<\/tr>\n<tr>\n<td colspan=\"1\" rowspan=\"1\">\n<div class=\"magic-7\">Stopie\u0144 ochrony IP<\/div>\n<\/td>\n<td colspan=\"1\" rowspan=\"1\">\n<div class=\"magic-6\">IP68<\/div>\n<\/td>\n<\/tr>\n<tr>\n<td colspan=\"1\" rowspan=\"1\">\n<div class=\"magic-7\">Aplikacja<\/div>\n<\/td>\n<td colspan=\"1\" rowspan=\"1\">\n<div class=\"magic-6\" data-spm-anchor-id=\"a2700.details.0.i62.6b4c1284UGSrnr\">Do aktyw\u00f3w, przemys\u0142u ci\u0119\u017ckiego i zastosowa\u0144 zewn\u0119trznych<\/div>\n<\/td>\n<\/tr>\n<\/tbody>\n<\/table>\n<p>&nbsp;<\/p>\n<h2>Tagi UHF RFID dla \u015brodowisk przemys\u0142owych<\/h2>\n<p><strong>Cechy:<\/strong><\/p>\n<ul>\n<li><strong>Zgodno\u015b\u0107 ze standardami bran\u017cowymi:<\/strong>\u00a0Zgodny z norm\u0105 ISO18000-6C (EPC C1G2), co gwarantuje bezproblemow\u0105 integracj\u0119 z istniej\u0105cymi systemami UHF RFID.<\/li>\n<li><strong>Uniwersalna kompatybilno\u015b\u0107 powierzchni:<\/strong>\u00a0Mo\u017cna je przymocowa\u0107 do r\u00f3\u017cnych powierzchni, takich jak metal, plastik, a nawet ciecze, dzi\u0119ki czemu idealnie nadaj\u0105 si\u0119 do wielu zastosowa\u0144.<\/li>\n<li><strong>Wy\u017csza trwa\u0142o\u015b\u0107:<\/strong>\u00a0Klasa ochrony IP68 gwarantuje wyj\u0105tkow\u0105 odporno\u015b\u0107 na wnikanie py\u0142u i wody, gwarantuj\u0105c niezawodn\u0105 prac\u0119 w trudnych warunkach.<\/li>\n<li><strong>Bezkompromisowa wydajno\u015b\u0107:<\/strong>\u00a0Zaprojektowany tak, aby by\u0142 wodoodporny i odporny na uderzenia, co gwarantuje dok\u0142adne i sp\u00f3jne odczyty nawet w trudnych warunkach.<\/li>\n<\/ul>\n<p><strong>Zastosowania:<\/strong><\/p>\n<ul>\n<li><strong>Zarz\u0105dzanie aktywami:<\/strong>\u00a0\u015aled\u017a lokalizacj\u0119 i status cennego sprz\u0119tu i aktyw\u00f3w.<\/li>\n<li><strong>Optymalizacja \u0142a\u0144cucha dostaw:<\/strong>\u00a0Usprawnij procesy logistyczne i motoryzacyjne, skutecznie \u015bledz\u0105c zapasy, pojazdy i cz\u0119\u015bci.<\/li>\n<li><strong>Wydajno\u015b\u0107 produkcji:<\/strong>\u00a0Optymalizacja proces\u00f3w produkcyjnych i monitorowanie produktywno\u015bci pracownik\u00f3w w celu zwi\u0119kszenia efektywno\u015bci.<\/li>\n<li><strong>Zarz\u0105dzanie zasobami i bezpiecze\u0144stwo:<\/strong>\u00a0Umo\u017cliwia niezawodne \u015bledzenie sprz\u0119tu i zasob\u00f3w w wymagaj\u0105cych \u015brodowiskach, takich jak przemys\u0142 naftowo-gazowy i g\u00f3rniczy, zwi\u0119kszaj\u0105c jednocze\u015bnie bezpiecze\u0144stwo pracownik\u00f3w.<\/li>\n<\/ul>\n<p><strong>Korzy\u015bci:<\/strong><\/p>\n<ul>\n<li><strong>Dok\u0142adne dane w czasie rzeczywistym:<\/strong>\u00a0Uzyskaj natychmiastowy wgl\u0105d w operacje, u\u0142atwiaj\u0105c podejmowanie lepszych decyzji.<\/li>\n<li><strong>Ulepszona kontrola zapas\u00f3w:<\/strong>\u00a0Minimalizuj straty i marnotrawstwo, utrzymuj\u0105c kompleksow\u0105 przejrzysto\u015b\u0107 aktyw\u00f3w.<\/li>\n<li><strong>Usprawnione dzia\u0142anie:<\/strong>\u00a0Optymalizacja przep\u0142yw\u00f3w pracy i minimalizacja przestoj\u00f3w w celu zwi\u0119kszenia efektywno\u015bci.<\/li>\n<li><strong>Zwi\u0119kszone bezpiecze\u0144stwo:<\/strong>\u00a0Identyfikuj potencjalne zagro\u017cenia i zapewniaj bezpiecze\u0144stwo pracownikom pracuj\u0105cym w trudnych warunkach.<\/li>\n<\/ul>","protected":false},"excerpt":{"rendered":"<p>Tag ABS RFID to pasywny tag UHF RFID dalekiego zasi\u0119gu, kt\u00f3ry mo\u017ce odczytywa\u0107 na, poza i blisko powierzchni metalowych. Zaprojektowany w ma\u0142ym formacie, ma trwa\u0142\u0105 wodoszczeln\u0105 obudow\u0119 do d\u0142ugotrwa\u0142ego u\u017cytkowania w \u015brodowiskach zewn\u0119trznych i przemys\u0142owych.<\/p>","protected":false},"featured_media":300,"template":"","meta":{"_kad_post_transparent":"default","_kad_post_title":"","_kad_post_layout":"default","_kad_post_sidebar_id":"","_kad_post_content_style":"default","_kad_post_vertical_padding":"default","_kad_post_feature":"","_kad_post_feature_position":"","_kad_post_header":false,"_kad_post_footer":false,"_kad_post_classname":""},"product_brand":[],"product_cat":[54],"product_tag":[122,121],"class_list":{"0":"post-299","1":"product","2":"type-product","3":"status-publish","4":"has-post-thumbnail","6":"product_cat-hot-selling-rfid-tags","7":"product_tag-on-metal-rfid-tags","8":"product_tag-uhf-industrial-on-metal-rfid-tags","10":"first","11":"instock","12":"shipping-taxable","13":"product-type-simple","14":"entry","15":"content-bg","16":"loop-entry"},"_links":{"self":[{"href":"https:\/\/rfid-laundry-tag.com\/pl\/wp-json\/wp\/v2\/product\/299","targetHints":{"allow":["GET"]}}],"collection":[{"href":"https:\/\/rfid-laundry-tag.com\/pl\/wp-json\/wp\/v2\/product"}],"about":[{"href":"https:\/\/rfid-laundry-tag.com\/pl\/wp-json\/wp\/v2\/types\/product"}],"version-history":[{"count":0,"href":"https:\/\/rfid-laundry-tag.com\/pl\/wp-json\/wp\/v2\/product\/299\/revisions"}],"wp:featuredmedia":[{"embeddable":true,"href":"https:\/\/rfid-laundry-tag.com\/pl\/wp-json\/wp\/v2\/media\/300"}],"wp:attachment":[{"href":"https:\/\/rfid-laundry-tag.com\/pl\/wp-json\/wp\/v2\/media?parent=299"}],"wp:term":[{"taxonomy":"product_brand","embeddable":true,"href":"https:\/\/rfid-laundry-tag.com\/pl\/wp-json\/wp\/v2\/product_brand?post=299"},{"taxonomy":"product_cat","embeddable":true,"href":"https:\/\/rfid-laundry-tag.com\/pl\/wp-json\/wp\/v2\/product_cat?post=299"},{"taxonomy":"product_tag","embeddable":true,"href":"https:\/\/rfid-laundry-tag.com\/pl\/wp-json\/wp\/v2\/product_tag?post=299"}],"curies":[{"name":"wp","href":"https:\/\/api.w.org\/{rel}","templated":true}]}}