{"id":2967,"date":"2025-11-22T14:07:12","date_gmt":"2025-11-22T14:07:12","guid":{"rendered":"https:\/\/rfid-laundry-tag.com\/?post_type=product&#038;p=2967"},"modified":"2025-11-22T14:07:13","modified_gmt":"2025-11-22T14:07:13","slug":"textile-uhf-rfid-tags-labels","status":"publish","type":"product","link":"https:\/\/rfid-laundry-tag.com\/pl\/textile-uhf-rfid-tags-labels\/","title":{"rendered":"Etykiety tekstylne UHF RFID"},"content":{"rendered":"<div class=\"auto-hide-last-sibling-br paragraph_1252f paragraph-element\">\n<h2 class=\"auto-hide-last-sibling-br paragraph_1252f paragraph-element\">Etykiety tekstylne UHF RFID<\/h2>\n<div><\/div>\n<div data-spm-anchor-id=\"a2700.details.0.i57.23b419c7xXORP0\"><span data-spm-anchor-id=\"a2700.details.0.i75.23b419c7xXORP0\"><b>Funkcja:<\/b><br \/>\n1) Technologia UHF umo\u017cliwiaj\u0105ca odczyt setek tag\u00f3w jednocze\u015bnie.<br \/>\n2) Odleg\u0142o\u015b\u0107 odczytu wi\u0119ksza ni\u017c 8 m~12 m.<br \/>\n3) Nowa konstrukcja mechaniczna zapewniaj\u0105ca lepsz\u0105 wydajno\u015b\u0107 prania p\u0142askiej po\u015bcieli.<\/span><\/div>\n<div data-spm-anchor-id=\"a2700.details.0.i57.23b419c7xXORP0\">\n<div class=\"entry-content-asset videofit\"><iframe title=\"Etykiety pralnicze UHF RFID z klejem grzewczym, testowane na odleg\u0142o\u015b\u0107 odczytu 12 m\" src=\"https:\/\/www.youtube.com\/embed\/cOnG5fgEIs4?feature=oembed\" width=\"720\" height=\"405\" frameborder=\"0\" allowfullscreen=\"allowfullscreen\" data-mce-fragment=\"1\"><\/iframe><\/div>\n<\/div>\n<\/div>\n<div data-spm-anchor-id=\"a2700.details.0.i57.23b419c7xXORP0\"><\/div>\n<div data-spm-anchor-id=\"a2700.details.0.i57.23b419c7xXORP0\">\n<div class=\"text-content\" data-spm-anchor-id=\"a2700.details.0.i54.23b419c7xXORP0\">\n<table>\n<tbody>\n<tr>\n<td width=\"139\">Nazwa produktu<\/td>\n<td width=\"600\">Etykiety tekstylne UHF RFID<\/td>\n<\/tr>\n<tr>\n<td width=\"139\">Tworzywo<\/td>\n<td width=\"600\">Tkanina\/tkanina itp.<\/td>\n<\/tr>\n<tr>\n<td width=\"139\">Model uk\u0142adu scalonego<\/td>\n<td width=\"600\">NXP UCODE\u00ae 9<\/td>\n<\/tr>\n<tr>\n<td width=\"139\">Pami\u0119\u0107<\/td>\n<td width=\"600\">EPC: 96 bit\u00f3w<\/td>\n<\/tr>\n<tr>\n<td width=\"139\">Protok\u00f3\u0142<\/td>\n<td width=\"600\">EPC C1 G2<\/td>\n<\/tr>\n<tr>\n<td width=\"139\">Rozmiar<\/td>\n<td width=\"600\">70*15mm, 86*16mm; 50*20mm; 72*16mm; 35*15mm itd.<\/td>\n<\/tr>\n<tr>\n<td width=\"139\">Kolor<\/td>\n<td width=\"600\">Bia\u0142y<\/td>\n<\/tr>\n<tr>\n<td width=\"139\">Czas pracy<\/td>\n<td width=\"600\">\u015arednio 200 razy, niekt\u00f3re nawet ponad 300 razy.<\/td>\n<\/tr>\n<tr>\n<td width=\"139\">Temperatura pracy<\/td>\n<td width=\"600\">-25\u2103 do +150\u2103<\/td>\n<\/tr>\n<tr>\n<td width=\"139\">Odczyt odleg\u0142o\u015bci<\/td>\n<td width=\"600\">3-10M<\/td>\n<\/tr>\n<tr>\n<td width=\"139\">Aplikacja<\/td>\n<td width=\"600\">Rozwi\u0105zania pralnicze, pralnie, pralnie przemys\u0142owe, zarz\u0105dzanie odzie\u017c\u0105 hotelow\u0105, zarz\u0105dzanie supermarketem\/sklepem z odzie\u017c\u0105 itp.<\/td>\n<\/tr>\n<\/tbody>\n<\/table>\n<\/div>\n<\/div>\n<div><\/div>\n<h3 class=\"wp-block-heading\">Jak zainstalowa\u0107 etykiety tekstylne UHF RFID<\/h3>\n<p><strong>Oznaczanie \u015bcieg\u00f3w<\/strong>: Do przyszycia do brzegu materia\u0142u tekstylnego. Przyszyj metk\u0119 do prania od linii sk\u0142adania.<br \/>\n<strong>Zgrzewanie<\/strong>: Nale\u017cy zgrzewa\u0107 bezpo\u015brednio na materiale tekstylnym w temperaturze +200\u00b0C (392\u00b0F) przez 12~14 sekund.<br \/>\n<strong>W woreczku<\/strong>: Do przyszycia jak standardowa metka piel\u0119gnacyjna. Przyszyj metk\u0119 do prania od linii sk\u0142adania.<\/p>\n<p><a href=\"https:\/\/rfid-laundry-tag.com\/pl\/uhf-rfid-laundry-tags\/\"><img fetchpriority=\"high\" decoding=\"async\" class=\"size-full wp-image-3585\" title=\"Etykiety tekstylne UHF RFID 6\" src=\"https:\/\/www.rfidtaglaundry.com\/wp-content\/uploads\/2025\/06\/UHF-RFID-washable-laundry-tag-08.jpg\" sizes=\"(max-width: 1000px) 100vw, 1000px\" srcset=\"https:\/\/www.rfidtaglaundry.com\/wp-content\/uploads\/2025\/06\/UHF-RFID-washable-laundry-tag-08.jpg 1000w, https:\/\/www.rfidtaglaundry.com\/wp-content\/uploads\/2025\/06\/UHF-RFID-washable-laundry-tag-08-300x300.jpg 300w, https:\/\/www.rfidtaglaundry.com\/wp-content\/uploads\/2025\/06\/UHF-RFID-washable-laundry-tag-08-150x150.jpg 150w, https:\/\/www.rfidtaglaundry.com\/wp-content\/uploads\/2025\/06\/UHF-RFID-washable-laundry-tag-08-768x768.jpg 768w, https:\/\/www.rfidtaglaundry.com\/wp-content\/uploads\/2025\/06\/UHF-RFID-washable-laundry-tag-08-12x12.jpg 12w, https:\/\/www.rfidtaglaundry.com\/wp-content\/uploads\/2025\/06\/UHF-RFID-washable-laundry-tag-08-600x600.jpg 600w, https:\/\/www.rfidtaglaundry.com\/wp-content\/uploads\/2025\/06\/UHF-RFID-washable-laundry-tag-08-100x100.jpg 100w\" alt=\"Textile UHF RFID Tags Labels\" width=\"1000\" height=\"1000\" \/><\/a><\/p>\n<h2><strong>Zastosowanie etykiet tekstylnych UHF RFID:<\/strong><\/h2>\n<p>* Pranie przemys\u0142owe;<br \/>\n* Zarz\u0105dzanie mundurkami pracowniczymi i szkolnymi;<br \/>\n* Zarz\u0105dzanie odzie\u017c\u0105 medyczn\u0105;<br \/>\n* Zarz\u0105dzanie patrolami personalnymi;<br \/>\n* Zarz\u0105dzanie produkcj\u0105 w fabrykach odzie\u017cowych.<\/p>\n<figure id=\"attachment_2708\" class=\"wp-caption alignnone\" aria-describedby=\"caption-attachment-2708\"><a href=\"https:\/\/rfid-laundry-tag.com\/pl\/uhf-rfid-laundry-tags\/\"><img decoding=\"async\" class=\"wp-image-2708\" title=\"Etykiety UHF RFID tekstylne 7\" src=\"https:\/\/www.rfidtaglaundry.com\/wp-content\/uploads\/2024\/09\/RFID-Laundry-Tags-05-1024x768.jpg\" sizes=\"(max-width: 850px) 100vw, 850px\" srcset=\"https:\/\/www.rfidtaglaundry.com\/wp-content\/uploads\/2024\/09\/RFID-Laundry-Tags-05-1024x768.jpg 1024w, https:\/\/www.rfidtaglaundry.com\/wp-content\/uploads\/2024\/09\/RFID-Laundry-Tags-05-300x225.jpg 300w, https:\/\/www.rfidtaglaundry.com\/wp-content\/uploads\/2024\/09\/RFID-Laundry-Tags-05-768x576.jpg 768w, https:\/\/www.rfidtaglaundry.com\/wp-content\/uploads\/2024\/09\/RFID-Laundry-Tags-05-16x12.jpg 16w, https:\/\/www.rfidtaglaundry.com\/wp-content\/uploads\/2024\/09\/RFID-Laundry-Tags-05-600x450.jpg 600w, https:\/\/www.rfidtaglaundry.com\/wp-content\/uploads\/2024\/09\/RFID-Laundry-Tags-05.jpg 1200w\" alt=\"Textile UHF RFID Tags Labels\" width=\"850\" height=\"637\" \/><\/a><figcaption id=\"caption-attachment-2708\" class=\"wp-caption-text\">Etykiety tekstylne UHF RFID<\/figcaption><\/figure>\n<h2><strong>Jak S\u0104 MOCNE?<\/strong><\/h2>\n<p><b><strong>\u2460<\/strong><\/b>.Czy chipy RFID mog\u0105 ulec uszkodzeniu pod wp\u0142ywem wysokich temperatur?<b><strong>\u2714 Nasz\u00a0<a href=\"https:\/\/rfid-laundry-tag.com\/pl\/uhf-rfid-laundry-tags\/\">Etykieta do prania tekstyli\u00f3w RFID<\/a>\u00a0s\u0105 przeznaczone do stosowania w temperaturze 200 \u00b0C<\/strong><\/b>.<\/p>\n<p><b><strong>\u2461<\/strong><\/b>Ile razy mo\u017cna pra\u0107 metki przyczepione do mundurowych wyrob\u00f3w tekstylnych?\u00a0<b><strong data-spm-anchor-id=\"a2700.details-description.0.i1.2b66Qs8bQs8bav\">\u2013\u2714Nasza metka do prania z RFID mo\u017ce by\u0107 prana ponad 200 lub 300 razy. Gwarantujemy, \u017ce od daty wysy\u0142ki obowi\u0105zuje 2 lata.<\/strong><\/b><\/p>\n<p><b><strong>\u2462<\/strong><\/b>Czy b\u0119dziemy wydawa\u0107 presti\u017cowe mundury na produkty tekstylne i kontynuowa\u0107 prac\u0119 w przypadku zmia\u017cd\u017cenia wi\u00f3r\u00f3w?\u00a0<b><strong>\u2013\u2714Zaprojektowali\u015bmy nasz\u0105 metk\u0119 do prania tekstyli\u00f3w tak, aby wytrzymywa\u0142a ci\u015bnienie 60 bar\u00f3w w procesie prasowania produkt\u00f3w tekstylnych.<\/strong><\/b><\/p>\n<p data-spm-anchor-id=\"a2700.details-description.0.i0.2b66Qs8bQs8bav\"><b><strong>\u2463<\/strong><\/b>Gdzie umieszczasz?<a href=\"https:\/\/rfid-laundry-tag.com\/pl\/textile-rfid-laundry-tag\/\"> Etykiety do prania tekstyli\u00f3w RFID<\/a> na tekstylia mundurowe?\u00a0<b><strong>\u2013 \u2714Metki RFID do prania tekstyli\u00f3w s\u0105 instalowane w zale\u017cno\u015bci od dost\u0119pno\u015bci mundur\u00f3w.<\/strong><\/b><\/p>\n<p>&nbsp;<\/p>","protected":false},"excerpt":{"rendered":"<div class=\"elementor-element elementor-element-4f79c63 e-flex e-con-boxed e-con e-parent e-lazyloaded\" data-id=\"4f79c63\" data-element_type=\"container\" data-settings=\"{&quot;_ha_eqh_enable&quot;:false}\">\n<div class=\"e-con-inner\">\n<div class=\"elementor-element elementor-element-be3873c elementor-widget elementor-widget-woocommerce-product-short-description\" data-id=\"be3873c\" data-element_type=\"widget\" data-widget_type=\"woocommerce-product-short-description.default\">\n<div class=\"elementor-widget-container\">\n<div class=\"woocommerce-product-details__short-description\">\n<p><strong>Etykiety tekstylne UHF RFID<\/strong>\u00a0mo\u017ce by\u0107 r\u00f3wnie\u017c nazywany znacznikiem pralniczym UHF RFID: trwa\u0142y, mi\u0119kki, elastyczny, wytrzyma\u0142 ponad 200 pra\u0144 przemys\u0142owych, przetestowany pod k\u0105tem pami\u0119ci 100%.<\/p>\n<\/div>\n<\/div>\n<\/div>\n<\/div>\n<\/div>\n<div class=\"elementor-element elementor-element-3ad806e e-flex e-con-boxed e-con e-parent e-lazyloaded\" data-id=\"3ad806e\" data-element_type=\"container\" data-settings=\"{&quot;_ha_eqh_enable&quot;:false}\">\n<div class=\"e-con-inner\">\n<div class=\"elementor-element elementor-element-362020f elementor-widget elementor-widget-woocommerce-product-data-tabs\" data-id=\"362020f\" data-element_type=\"widget\" data-widget_type=\"woocommerce-product-data-tabs.default\">\n<div class=\"elementor-widget-container\">\n<div class=\"woocommerce-tabs wc-tabs-wrapper\"><\/div>\n<\/div>\n<\/div>\n<\/div>\n<\/div>","protected":false},"featured_media":2968,"template":"","meta":{"_kad_post_transparent":"default","_kad_post_title":"","_kad_post_layout":"default","_kad_post_sidebar_id":"","_kad_post_content_style":"default","_kad_post_vertical_padding":"default","_kad_post_feature":"","_kad_post_feature_position":"","_kad_post_header":false,"_kad_post_footer":false,"_kad_post_classname":""},"product_brand":[],"product_cat":[19],"product_tag":[24,342,339,65,368,30],"class_list":{"0":"post-2967","1":"product","2":"type-product","3":"status-publish","4":"has-post-thumbnail","6":"product_cat-textile-rfid-laundry-tag","7":"product_tag-laundry-rfid-tags","8":"product_tag-rfid-laundry-tags","9":"product_tag-rfid-washable-tags","10":"product_tag-textile-rfid-laundry-tags","11":"product_tag-textile-uhf-rfid-tags-labels","12":"product_tag-uhf-rfid-laundry-tag","14":"first","15":"instock","16":"featured","17":"shipping-taxable","18":"product-type-simple","19":"entry","20":"content-bg","21":"loop-entry"},"_links":{"self":[{"href":"https:\/\/rfid-laundry-tag.com\/pl\/wp-json\/wp\/v2\/product\/2967","targetHints":{"allow":["GET"]}}],"collection":[{"href":"https:\/\/rfid-laundry-tag.com\/pl\/wp-json\/wp\/v2\/product"}],"about":[{"href":"https:\/\/rfid-laundry-tag.com\/pl\/wp-json\/wp\/v2\/types\/product"}],"version-history":[{"count":1,"href":"https:\/\/rfid-laundry-tag.com\/pl\/wp-json\/wp\/v2\/product\/2967\/revisions"}],"predecessor-version":[{"id":2973,"href":"https:\/\/rfid-laundry-tag.com\/pl\/wp-json\/wp\/v2\/product\/2967\/revisions\/2973"}],"wp:featuredmedia":[{"embeddable":true,"href":"https:\/\/rfid-laundry-tag.com\/pl\/wp-json\/wp\/v2\/media\/2968"}],"wp:attachment":[{"href":"https:\/\/rfid-laundry-tag.com\/pl\/wp-json\/wp\/v2\/media?parent=2967"}],"wp:term":[{"taxonomy":"product_brand","embeddable":true,"href":"https:\/\/rfid-laundry-tag.com\/pl\/wp-json\/wp\/v2\/product_brand?post=2967"},{"taxonomy":"product_cat","embeddable":true,"href":"https:\/\/rfid-laundry-tag.com\/pl\/wp-json\/wp\/v2\/product_cat?post=2967"},{"taxonomy":"product_tag","embeddable":true,"href":"https:\/\/rfid-laundry-tag.com\/pl\/wp-json\/wp\/v2\/product_tag?post=2967"}],"curies":[{"name":"wp","href":"https:\/\/api.w.org\/{rel}","templated":true}]}}