{"id":2961,"date":"2025-11-22T13:55:10","date_gmt":"2025-11-22T13:55:10","guid":{"rendered":"https:\/\/rfid-laundry-tag.com\/?post_type=product&#038;p=2961"},"modified":"2025-11-22T13:55:11","modified_gmt":"2025-11-22T13:55:11","slug":"laundry-rfid-tags-top-5-manufacturer","status":"publish","type":"product","link":"https:\/\/rfid-laundry-tag.com\/pl\/laundry-rfid-tags-top-5-manufacturer\/","title":{"rendered":"Tagi RFID do pralni TOP 5 Producent\u00f3w"},"content":{"rendered":"<p><a href=\"https:\/\/rfid-laundry-tag.com\/pl\/uhf-rfid-laundry-tags\/\"><strong>Tagi RFID do pralni<\/strong><\/a>\u00a0stanowi\u0105 nowatorskie rozwi\u0105zanie do \u015bledzenia i zarz\u0105dzania zasobami tekstylnymi w ca\u0142ym cyklu ich \u017cycia. Te trwa\u0142e i elastyczne transpondery RFID s\u0105 wykonane z tkanin odpornych na ciep\u0142o, nacisk i rozci\u0105ganie, dzi\u0119ki czemu idealnie nadaj\u0105 si\u0119 do monitorowania odzie\u017cy roboczej, uniform\u00f3w i po\u015bcieli p\u0142askiej. Wyposa\u017cone w unikalny identyfikator, transpondery RFID do bielizny u\u0142atwiaj\u0105 bezdotykowe zarz\u0105dzanie praniem i zwi\u0119kszaj\u0105 cyfrow\u0105 transparentno\u015b\u0107. Po zintegrowaniu z systemami zarz\u0105dzania IT, technologia RFID umo\u017cliwia p\u0142ynne \u015bledzenie tekstyli\u00f3w od momentu zebrania zanieczyszcze\u0144, przez pranie, a\u017c po dystrybucj\u0119.<\/p>\n<table class=\"has-title is-zebra hight-light-first-column all magic-19\">\n<tbody>\n<tr>\n<td colspan=\"1\" rowspan=\"1\">\n<div class=\"magic-20\"><strong><span class=\"magic-21\">Przedmiot<\/span><\/strong><\/div>\n<\/td>\n<td colspan=\"1\" rowspan=\"1\">\n<div class=\"magic-22\">\u00a0Tagi RFID do pralni<\/div>\n<\/td>\n<\/tr>\n<tr>\n<td colspan=\"1\" rowspan=\"1\">\n<div class=\"magic-20\"><span class=\"magic-21\">Rozmiar<\/span><\/div>\n<\/td>\n<td colspan=\"1\" rowspan=\"1\">\n<div class=\"magic-22\"><span class=\"magic-21\">55 x 12 mm, 70 x 15 mm, 87 x 17 mm<\/span><\/div>\n<\/td>\n<\/tr>\n<tr>\n<td colspan=\"1\" rowspan=\"1\">\n<div class=\"magic-20\"><span class=\"magic-21\">Cz\u0119stotliwo\u015b\u0107 pracy<\/span><\/div>\n<\/td>\n<td colspan=\"1\" rowspan=\"1\">\n<div class=\"magic-22\"><span class=\"magic-21\" data-spm-anchor-id=\"a2700.details.0.i69.56bf53e8OmNXev\">865-928 MHz<\/span><\/div>\n<\/td>\n<\/tr>\n<tr>\n<td colspan=\"1\" rowspan=\"1\">\n<div class=\"magic-20\"><span class=\"magic-21\">Materia\u0142 etykiety<\/span><\/div>\n<\/td>\n<td colspan=\"1\" rowspan=\"1\">\n<div class=\"magic-22\"><span class=\"magic-21\">Poliester\u00a0<\/span><\/div>\n<\/td>\n<\/tr>\n<tr>\n<td colspan=\"1\" rowspan=\"1\">\n<div class=\"magic-20\"><span class=\"magic-21\">Frytki<\/span><\/div>\n<\/td>\n<td colspan=\"1\" rowspan=\"1\">\n<div class=\"magic-22\"><span class=\"magic-21\">U8, U9, itd.<\/span><\/div>\n<\/td>\n<\/tr>\n<tr>\n<td colspan=\"1\" rowspan=\"1\">\n<div class=\"magic-20\"><span class=\"magic-21\">Gwarancja na tagi<\/span><\/div>\n<\/td>\n<td colspan=\"1\" rowspan=\"1\">\n<div class=\"magic-22\"><span class=\"magic-21\">Pierwszy z 200 lub 300 cykli prania lub 3 lata od daty wysy\u0142ki<\/span><\/div>\n<\/td>\n<\/tr>\n<tr>\n<td colspan=\"1\" rowspan=\"1\">\n<div class=\"magic-20\"><span class=\"magic-21\">Odczyt odleg\u0142o\u015bci<\/span><\/div>\n<\/td>\n<td colspan=\"1\" rowspan=\"1\">\n<div class=\"magic-22\"><span class=\"magic-21\">Do 8 metr\u00f3w (do 9 st\u00f3p), nale\u017cy przetestowa\u0107 za pomoc\u0105 czytnika<\/span><\/div>\n<\/td>\n<\/tr>\n<tr>\n<td colspan=\"1\" rowspan=\"1\">\n<div class=\"magic-20\"><span class=\"magic-21\">Temperatura przechowywania<\/span><\/div>\n<\/td>\n<td colspan=\"1\" rowspan=\"1\">\n<div class=\"magic-22\"><span class=\"magic-21\">-40\u2103 do +120\u2103(-40\u2109 do +248\u2109)<\/span><\/div>\n<\/td>\n<\/tr>\n<tr>\n<td colspan=\"1\" rowspan=\"1\">\n<div class=\"magic-20\"><span class=\"magic-21\">\u017celazo<\/span><\/div>\n<\/td>\n<td colspan=\"1\" rowspan=\"1\">\n<div class=\"magic-22\"><span class=\"magic-21\">+195\u2103(+383 F) 30 sekund &lt;18 bar\u00f3w<\/span><\/div>\n<\/td>\n<\/tr>\n<tr>\n<td colspan=\"1\" rowspan=\"1\">\n<div class=\"magic-20\"><span class=\"magic-21\">Ekstraktor wody<\/span><\/div>\n<\/td>\n<td colspan=\"1\" rowspan=\"1\">\n<div class=\"magic-22\"><span class=\"magic-21\">60 takt\u00f3w, 80 sekund<\/span><\/div>\n<\/td>\n<\/tr>\n<tr>\n<td colspan=\"1\" rowspan=\"1\">\n<div class=\"magic-20\"><span class=\"magic-21\">Autoklaw<\/span><\/div>\n<\/td>\n<td colspan=\"1\" rowspan=\"1\">\n<div class=\"magic-22\"><span class=\"magic-21\">Usuwanie powietrza: +100\u00b0C (+212\u00b0F), 5 minut, 0,1 bara,<\/span><\/div>\n<\/td>\n<\/tr>\n<tr>\n<td colspan=\"1\" rowspan=\"1\">\n<div class=\"magic-20\"><span class=\"magic-21\">Wysuszenie<\/span><\/div>\n<\/td>\n<td colspan=\"1\" rowspan=\"1\">\n<div class=\"magic-22\"><span class=\"magic-21\">+45\u2103(+113\u2109), 15 minut, 0,2 bara<\/span><\/div>\n<\/td>\n<\/tr>\n<tr>\n<td colspan=\"1\" rowspan=\"1\">\n<div class=\"magic-20\"><span class=\"magic-21\">Odporno\u015b\u0107 chemiczna<\/span><\/div>\n<\/td>\n<td colspan=\"1\" rowspan=\"1\">\n<div class=\"magic-22\" data-spm-anchor-id=\"a2700.details.0.i68.56bf53e8OmNXev\"><span class=\"magic-21\">Wszystkie \u015brodki chemiczne powszechnie stosowane w procesie prania<\/span><\/div>\n<\/td>\n<\/tr>\n<\/tbody>\n<\/table>\n<div>\n<figure id=\"attachment_2928\" class=\"wp-caption alignnone\" aria-describedby=\"caption-attachment-2928\"><a href=\"https:\/\/rfid-laundry-tag.com\/pl\/uhf-rfid-laundry-tags\/\"><img fetchpriority=\"high\" decoding=\"async\" class=\"size-full wp-image-2928\" title=\"Tagi RFID do pralni TOP 5 Producent 4\" src=\"https:\/\/www.rfidtaglaundry.com\/wp-content\/uploads\/2024\/11\/6_H39416607c5cf4905b542e69b55e844a5b.jpg\" sizes=\"(max-width: 800px) 100vw, 800px\" srcset=\"https:\/\/www.rfidtaglaundry.com\/wp-content\/uploads\/2024\/11\/6_H39416607c5cf4905b542e69b55e844a5b.jpg 800w, https:\/\/www.rfidtaglaundry.com\/wp-content\/uploads\/2024\/11\/6_H39416607c5cf4905b542e69b55e844a5b-300x300.jpg 300w, https:\/\/www.rfidtaglaundry.com\/wp-content\/uploads\/2024\/11\/6_H39416607c5cf4905b542e69b55e844a5b-150x150.jpg 150w, https:\/\/www.rfidtaglaundry.com\/wp-content\/uploads\/2024\/11\/6_H39416607c5cf4905b542e69b55e844a5b-768x768.jpg 768w, https:\/\/www.rfidtaglaundry.com\/wp-content\/uploads\/2024\/11\/6_H39416607c5cf4905b542e69b55e844a5b-12x12.jpg 12w, https:\/\/www.rfidtaglaundry.com\/wp-content\/uploads\/2024\/11\/6_H39416607c5cf4905b542e69b55e844a5b-600x600.jpg 600w, https:\/\/www.rfidtaglaundry.com\/wp-content\/uploads\/2024\/11\/6_H39416607c5cf4905b542e69b55e844a5b-100x100.jpg 100w\" alt=\"Laundry RFID Tags\" width=\"800\" height=\"800\" \/><\/a><figcaption id=\"caption-attachment-2928\" class=\"wp-caption-text\">Tagi RFID do pralni<\/figcaption><\/figure>\n<\/div>\n<div>\n<h3>Cz\u0119sto zadawane pytania (FAQ) dotycz\u0105ce tag\u00f3w RFID do pralni<\/h3>\n<p><strong>P1: Jakie problemy rozwi\u0105zuj\u0105 etykiety RFID w pralniach w trakcie prania?<\/strong><br \/>\n<strong>A1:<\/strong>\u00a0Jednym z g\u0142\u00f3wnych problem\u00f3w jest to, \u017ce metki \u0142atwo ulegaj\u0105 uszkodzeniu, co prowadzi do utraty danych. Nasze rozwi\u0105zanie wykorzystuje poliester klasy przemys\u0142owej i technologi\u0119 utwardzania w wysokiej temperaturze, dzi\u0119ki czemu metki wytrzymuj\u0105 prasowanie w temperaturze 195\u00b0C i ci\u015bnieniu wody 60 bar\u00f3w, co doskonale sprawdza si\u0119 w procesach sterylizacji po\u015bcieli hotelowej. Nasza unikalna pow\u0142oka odporna na dzia\u0142anie chemikali\u00f3w chroni przed wybielaczami i silnie alkalicznymi detergentami, gwarantuj\u0105c brak uszkodze\u0144 chipa U8 nawet po 300 praniach, co jest efektem 15 lat do\u015bwiadczenia.<\/p>\n<p><strong>P2: W jaki spos\u00f3b tagi zwi\u0119kszaj\u0105 efektywno\u015b\u0107 sortowania?<\/strong><br \/>\n<strong>A2:<\/strong>\u00a0Tradycyjne tagi cz\u0119sto charakteryzuj\u0105 si\u0119 kr\u00f3tkim zasi\u0119giem odczytu, co mo\u017ce utrudnia\u0107 efektywne sortowanie. Nasza technologia RFID oferuje imponuj\u0105cy zasi\u0119g odczytu 9 metr\u00f3w, w por\u00f3wnaniu ze \u015bredni\u0105 bran\u017cow\u0105 wynosz\u0105c\u0105 5 metr\u00f3w. W po\u0142\u0105czeniu z antenami kierunkowymi, usprawnia to skanowanie partii na ta\u015bmach przeno\u015bnikowych w pralni, zwi\u0119kszaj\u0105c wydajno\u015b\u0107 sortowania o 60%. Nasze tagi obs\u0142uguj\u0105 r\u00f3wnie\u017c pe\u0142en zakres cz\u0119stotliwo\u015bci 865-928 MHz i s\u0105 kompatybilne z wiod\u0105cymi na \u015bwiecie urz\u0105dzeniami RFID.<\/p>\n<p><strong>P3: W jaki spos\u00f3b Wasze tagi obni\u017caj\u0105 koszty operacyjne?<\/strong><br \/>\n<strong>A3:<\/strong>\u00a0Cz\u0119ste wymiany metek zwi\u0119kszaj\u0105 koszty operacyjne. Oferujemy pioniersk\u0105 podw\u00f3jn\u0105 gwarancj\u0119 \u201c3 lata lub 300 pra\u0144\u201d, co pozwala obni\u017cy\u0107 koszty cyklu \u017cycia o 42% w por\u00f3wnaniu ze standardowymi metkami. Nasza modu\u0142owa konstrukcja chip\u00f3w umo\u017cliwia bezproblemow\u0105 modernizacj\u0119 z wersji U8 do U9, eliminuj\u0105c konieczno\u015b\u0107 ca\u0142kowitej wymiany metek z powodu zmian w sprz\u0119cie. Nasze metki przesz\u0142y certyfikacj\u0119 2000 przemys\u0142owych test\u00f3w prania, co czyni je idealnymi do cz\u0119stej rotacji w wypo\u017cyczalniach bielizny.<\/p>\n<p><strong>Zaleta fabryki:<\/strong>\u00a0Jako jeden z 5 czo\u0142owych \u015bwiatowych producent\u00f3w etykiet RFID do pralni, z 15-letnim do\u015bwiadczeniem w technologii RF, oferujemy kompleksowe rozwi\u0105zania, od pakowania chip\u00f3w po testowanie scenariuszy. Dostarczyli\u015bmy ponad 200 milion\u00f3w specjalistycznych etykiet do pralni dla klient\u00f3w takich jak Hilton i Mayo Clinic, wspieranych przez profesjonalny zesp\u00f3\u0142, kt\u00f3ry zajmuje si\u0119 indywidualnym rozwojem.<\/p>\n<\/div>\n<div class=\"auto-hide-last-sibling-br paragraph_1252f paragraph-element\">\n<p>&nbsp;<\/p>\n<h2>Zmienne dane dla tag\u00f3w RFID do pralni<\/h2>\n<p>Ka\u017cdy<a href=\"https:\/\/rfid-laundry-tag.com\/pl\/uhf-rfid-laundry-tags\/\">\u00a0tag RFID do prania<\/a>\u00a0jest wyposa\u017cony w zmienne dane, w tym:<\/p>\n<ul>\n<li><strong>Informacje drukowane laserowo<\/strong>: Obejmuje to kody EPC, kody kreskowe 1D i 2D, kody QR i logo.<\/li>\n<li><strong>Programowanie danych chipa RFID<\/strong>:Tagi mo\u017cna zaprogramowa\u0107 przy u\u017cyciu kodowania EPC i zablokowa\u0107 has\u0142em dost\u0119pu.<\/li>\n<li><strong>Kompleksowe testowanie<\/strong>:Wszystkie dane, \u0142\u0105cznie z kodowaniem EPC i TID, s\u0105 testowane metod\u0105 100% w celu zapewnienia dok\u0142adnego dopasowania dla ka\u017cdego konkretnego tagu.<\/li>\n<\/ul>\n<h2>Metody instalacji<\/h2>\n<ul>\n<li><strong>Oznaczanie \u015bcieg\u00f3w<\/strong>:Idealny do wszywania w brzegi materia\u0142\u00f3w tekstylnych, gwarantuje, \u017ce metki b\u0119d\u0105 umieszczone z dala od linii zagi\u0119\u0107, co zapewnia optymaln\u0105 trwa\u0142o\u015b\u0107.<\/li>\n<li><strong>Zgrzewanie<\/strong>: Tagi mo\u017cna zgrzewa\u0107 bezpo\u015brednio na tekstyliach w temperaturze +200\u00b0C (392\u00b0F) przez 12 do 14 sekund.<\/li>\n<li><strong>W woreczku<\/strong>:Podobnie jak standardowe metki piel\u0119gnacyjne, te metki mo\u017cna wszy\u0107 w woreczek, dzi\u0119ki czemu b\u0119d\u0105 bezpieczne i \u0142atwo dost\u0119pne.<\/li>\n<\/ul>\n<h2>Zastosowania tag\u00f3w RFID w pralniach<\/h2>\n<p>Tagi RFID do pralni s\u0105 uniwersalne i mog\u0105 by\u0107 wykorzystywane w r\u00f3\u017cnych bran\u017cach do \u015bledzenia zasob\u00f3w tekstylnych, w tym:<\/p>\n<ul>\n<li><strong>Opieka zdrowotna<\/strong>:Monitorowanie po\u015bcieli, mundur\u00f3w, masek i mop\u00f3w.<\/li>\n<li><strong>Go\u015bcinno\u015b\u0107<\/strong>:Zarz\u0105dzanie po\u015bciel\u0105 i uniformami dla hoteli i restauracji.<\/li>\n<li><strong>Odzie\u017c modowa<\/strong>:Usprawnienie zarz\u0105dzania zapasami i \u015bledzenia zapas\u00f3w odzie\u017cy i akcesori\u00f3w.<\/li>\n<\/ul>\n<p>Wraz z rozwojem bran\u017cy modowej i odzie\u017cowej ro\u015bnie zapotrzebowanie na zaawansowane rozwi\u0105zania technologiczne. Technologia RFID sta\u0142a si\u0119 kluczowym narz\u0119dziem poprawy efektywno\u015bci operacyjnej, poprawy jako\u015bci obs\u0142ugi klienta i wspierania inicjatyw na rzecz zr\u00f3wnowa\u017conego rozwoju. Wdro\u017cenie\u00a0<strong>znaczniki RFID do prania<\/strong>\u00a0w zarz\u0105dzaniu odzie\u017c\u0105 i tekstyliami zmieni\u0142o spos\u00f3b, w jaki organizacje nadzoruj\u0105 swoje operacje pralnicze, umo\u017cliwiaj\u0105c \u015bledzenie w czasie rzeczywistym, lepsze zarz\u0105dzanie zapasami, zwi\u0119kszon\u0105 przejrzysto\u015b\u0107 \u0142a\u0144cucha dostaw i wi\u0119ksz\u0105 zr\u00f3wnowa\u017cono\u015b\u0107.<\/p>\n<p>Dzi\u0119ki wdro\u017ceniu tych innowacyjnych rozwi\u0105za\u0144 przedsi\u0119biorstwa mog\u0105 usprawni\u0107 swoje procesy i sprosta\u0107 rosn\u0105cym wymaganiom dynamicznego rynku.<\/p>\n<\/div>","protected":false},"excerpt":{"rendered":"<p>Jako czo\u0142owy \u015bwiatowy producent tag\u00f3w RFID specjalizujemy si\u0119 w <strong>Tagi RFID do pralni<\/strong>, oferuj\u0105c rozwi\u0105zania dostosowane do indywidualnych potrzeb, poparte 15-letnim do\u015bwiadczeniem i ponad 200 milionami dostarczonych tag\u00f3w.<\/p>","protected":false},"featured_media":2964,"template":"","meta":{"_kad_post_transparent":"default","_kad_post_title":"","_kad_post_layout":"default","_kad_post_sidebar_id":"","_kad_post_content_style":"default","_kad_post_vertical_padding":"default","_kad_post_feature":"","_kad_post_feature_position":"","_kad_post_header":false,"_kad_post_footer":false,"_kad_post_classname":""},"product_brand":[],"product_cat":[16,19],"product_tag":[24,367,342,339,65,30],"class_list":{"0":"post-2961","1":"product","2":"type-product","3":"status-publish","4":"has-post-thumbnail","6":"product_cat-uhf-rfid-laundry-tags","7":"product_cat-textile-rfid-laundry-tag","8":"product_tag-laundry-rfid-tags","9":"product_tag-laundry-rfid-tags-top-5-manufacturer","10":"product_tag-rfid-laundry-tags","11":"product_tag-rfid-washable-tags","12":"product_tag-textile-rfid-laundry-tags","13":"product_tag-uhf-rfid-laundry-tag","15":"first","16":"instock","17":"featured","18":"shipping-taxable","19":"product-type-simple","20":"entry","21":"content-bg","22":"loop-entry"},"_links":{"self":[{"href":"https:\/\/rfid-laundry-tag.com\/pl\/wp-json\/wp\/v2\/product\/2961","targetHints":{"allow":["GET"]}}],"collection":[{"href":"https:\/\/rfid-laundry-tag.com\/pl\/wp-json\/wp\/v2\/product"}],"about":[{"href":"https:\/\/rfid-laundry-tag.com\/pl\/wp-json\/wp\/v2\/types\/product"}],"version-history":[{"count":1,"href":"https:\/\/rfid-laundry-tag.com\/pl\/wp-json\/wp\/v2\/product\/2961\/revisions"}],"predecessor-version":[{"id":2966,"href":"https:\/\/rfid-laundry-tag.com\/pl\/wp-json\/wp\/v2\/product\/2961\/revisions\/2966"}],"wp:featuredmedia":[{"embeddable":true,"href":"https:\/\/rfid-laundry-tag.com\/pl\/wp-json\/wp\/v2\/media\/2964"}],"wp:attachment":[{"href":"https:\/\/rfid-laundry-tag.com\/pl\/wp-json\/wp\/v2\/media?parent=2961"}],"wp:term":[{"taxonomy":"product_brand","embeddable":true,"href":"https:\/\/rfid-laundry-tag.com\/pl\/wp-json\/wp\/v2\/product_brand?post=2961"},{"taxonomy":"product_cat","embeddable":true,"href":"https:\/\/rfid-laundry-tag.com\/pl\/wp-json\/wp\/v2\/product_cat?post=2961"},{"taxonomy":"product_tag","embeddable":true,"href":"https:\/\/rfid-laundry-tag.com\/pl\/wp-json\/wp\/v2\/product_tag?post=2961"}],"curies":[{"name":"wp","href":"https:\/\/api.w.org\/{rel}","templated":true}]}}