{"id":296,"date":"2024-06-26T15:26:44","date_gmt":"2024-06-26T15:26:44","guid":{"rendered":"https:\/\/rfid-laundry-tag.com\/?post_type=product&#038;p=296"},"modified":"2024-08-14T16:29:49","modified_gmt":"2024-08-14T16:29:49","slug":"on-metal-abs-uhf-rfid-tag","status":"publish","type":"product","link":"https:\/\/rfid-laundry-tag.com\/pl\/on-metal-abs-uhf-rfid-tag\/","title":{"rendered":"Na metalowym ABS UHF RFID Tag"},"content":{"rendered":"<p><b class=\"magic-15\"><span class=\"magic-16\" data-spm-anchor-id=\"a2700.details.0.i71.6b4c1284vyugjJ\">Dost\u0119pne dostosowania s\u0105 nast\u0119puj\u0105ce:<\/span><\/b> * Drukowanie: druk monochromatyczny lub 4-kolorowy offset, zaczynaj\u0105c od uk\u0142adu graficznego dostarczonego przez klienta w formacie wektorowym. Drukowanie kodu EPC, progresywnego kodu seryjnego z bazy danych lub nie, lub pliku .xls; drukowanie kod\u00f3w kreskowych, QRCode. Dalsze opcje dostosowywania s\u0105 dost\u0119pne na \u017c\u0105danie. * Kodowanie pami\u0119ci chipowej: Kodowanie kodu EPC transponder\u00f3w RFID UHF, zapis pami\u0119ci tagu UHF, r\u00f3wnie\u017c z bazy danych dostarczonej przez klienta. Zawarto\u015b\u0107 mo\u017ce by\u0107 tymczasowo lub trwale zablokowana za pomoc\u0105 has\u0142a. Powi\u0105zanie kodu EPC i kodu TID w bazie danych. Powi\u0105zanie kodu TID i progresywnego\/kodu kreskowego.<\/p>\n<p><img fetchpriority=\"high\" decoding=\"async\" class=\"alignnone wp-image-297\" src=\"https:\/\/rfid-laundry-tag.com\/wp-content\/uploads\/2024\/06\/on-metal-UHF-tag-235x300.png\" alt=\"\" width=\"486\" height=\"621\" srcset=\"https:\/\/rfid-laundry-tag.com\/wp-content\/uploads\/2024\/06\/on-metal-UHF-tag-235x300.png 235w, https:\/\/rfid-laundry-tag.com\/wp-content\/uploads\/2024\/06\/on-metal-UHF-tag-9x12.png 9w\" sizes=\"(max-width: 486px) 100vw, 486px\" \/><\/p>\n<table class=\"has-title all magic-4\">\n<tbody>\n<tr>\n<td colspan=\"1\" rowspan=\"1\">\n<div class=\"magic-5\" data-spm-anchor-id=\"a2700.details.0.i72.6b4c1284vyugjJ\">Tworzywo<\/div>\n<\/td>\n<td colspan=\"1\" rowspan=\"1\">\n<div class=\"magic-6\">ABS<\/div>\n<\/td>\n<\/tr>\n<tr>\n<td colspan=\"1\" rowspan=\"1\">\n<div class=\"magic-5\">Rozmiar<\/div>\n<\/td>\n<td colspan=\"1\" rowspan=\"1\">\n<div class=\"magic-6\">78x31x10mm lub dostosowane<\/div>\n<\/td>\n<\/tr>\n<tr>\n<td colspan=\"1\" rowspan=\"1\">\n<div class=\"magic-5\">Cz\u0119stotliwo\u015b\u0107<\/div>\n<\/td>\n<td colspan=\"1\" rowspan=\"1\">\n<div class=\"magic-6\">860-960MHz<\/div>\n<\/td>\n<\/tr>\n<tr>\n<td colspan=\"1\" rowspan=\"1\">\n<div class=\"magic-5\">Typ uk\u0142adu scalonego (chip)<\/div>\n<\/td>\n<td colspan=\"1\" rowspan=\"1\">\n<div class=\"magic-6\">Impinj Monza R6P<\/div>\n<\/td>\n<\/tr>\n<tr>\n<td colspan=\"1\" rowspan=\"1\">\n<div class=\"magic-5\">Protok\u00f3\u0142<\/div>\n<\/td>\n<td colspan=\"1\" rowspan=\"1\">\n<div class=\"magic-6\">EPC Global Klasa 1 Gen2 i ISO18000-6C<\/div>\n<\/td>\n<\/tr>\n<tr>\n<td colspan=\"1\" rowspan=\"1\">\n<div class=\"magic-7\">Pami\u0119\u0107<\/div>\n<\/td>\n<td colspan=\"1\" rowspan=\"1\">\n<div class=\"magic-6\">EPC 128 bit\u00f3w, U\u017cytkownik 32 bity<\/div>\n<\/td>\n<\/tr>\n<tr>\n<td colspan=\"1\" rowspan=\"1\">\n<div class=\"magic-5\">Wsp\u00f3\u0142czynnik kszta\u0142tu tagu<\/div>\n<\/td>\n<td colspan=\"1\" rowspan=\"1\">\n<div class=\"magic-6\">Twarda etykieta<\/div>\n<\/td>\n<\/tr>\n<tr>\n<td colspan=\"1\" rowspan=\"1\">\n<div class=\"magic-5\">Metoda mocowania<\/div>\n<\/td>\n<td colspan=\"1\" rowspan=\"1\">\n<div class=\"magic-6\" data-spm-anchor-id=\"a2700.details.0.i73.6b4c1284vyugjJ\">Mocowanie \u015brubowe, klej do folii<\/div>\n<\/td>\n<\/tr>\n<tr>\n<td colspan=\"1\" rowspan=\"1\">\n<div class=\"magic-5\">Temperatura pracy<\/div>\n<\/td>\n<td colspan=\"1\" rowspan=\"1\">\n<div class=\"magic-6\">-35 \u00b0C \/ +90 \u00b0C<\/div>\n<\/td>\n<\/tr>\n<tr>\n<td colspan=\"1\" rowspan=\"1\">\n<div class=\"magic-5\">Odczyt odleg\u0142o\u015bci<\/div>\n<\/td>\n<td colspan=\"1\" rowspan=\"1\">\n<div class=\"magic-6\" data-spm-anchor-id=\"a2700.details.0.i67.6b4c1284vyugjJ\">Do 10m<\/div>\n<\/td>\n<\/tr>\n<tr>\n<td colspan=\"1\" rowspan=\"1\">\n<div class=\"magic-8\">Materia\u0142y powierzchniowe nadaj\u0105ce si\u0119 do stosowania<\/div>\n<\/td>\n<td colspan=\"1\" rowspan=\"1\">\n<div class=\"magic-6\">Pod\u0142o\u017ca metalowe i niemetalowe<\/div>\n<\/td>\n<\/tr>\n<tr>\n<td colspan=\"1\" rowspan=\"1\">\n<div class=\"magic-7\">Stopie\u0144 ochrony IP<\/div>\n<\/td>\n<td colspan=\"1\" rowspan=\"1\">\n<div class=\"magic-6\">IP68<\/div>\n<\/td>\n<\/tr>\n<tr>\n<td colspan=\"1\" rowspan=\"1\">\n<div class=\"magic-7\">Aplikacja<\/div>\n<\/td>\n<td colspan=\"1\" rowspan=\"1\">\n<div class=\"magic-6\">Do aktyw\u00f3w, przemys\u0142u ci\u0119\u017ckiego i zastosowa\u0144 zewn\u0119trznych<\/div>\n<\/td>\n<\/tr>\n<\/tbody>\n<\/table>\n<p>&nbsp;<\/p>\n<ul>\n<li><strong>Kodowanie pami\u0119ci uk\u0142adu scalonego:<\/strong>\n<ul>\n<li><strong>Kodowanie kodu EPC:<\/strong>\u00a0Obs\u0142uguje kodowanie kod\u00f3w EPC dla transponder\u00f3w UHF.<\/li>\n<li><strong>Zapis pami\u0119ci znacznika UHF:<\/strong>\u00a0Umo\u017cliwia zapis danych do pami\u0119ci znacznika UHF, w tym danych z bazy danych dostarczonej przez klienta.<\/li>\n<li><strong>Dane chronione has\u0142em:<\/strong>\u00a0Dane mo\u017cna zablokowa\u0107 tymczasowo lub na sta\u0142e za pomoc\u0105 has\u0142a.<\/li>\n<li><strong>Powi\u0105zanie bazy danych:<\/strong>\u00a0Obs\u0142uguje powi\u0105zania kod\u00f3w EPC i TID w bazach danych, a tak\u017ce powi\u0105zania kod\u00f3w TID i kod\u00f3w progresywnych\/kreskowych.<\/li>\n<\/ul>\n<\/li>\n<\/ul>\n<p><strong>Wzory:<\/strong><\/p>\n<ul>\n<li><strong>Kod EPC:<\/strong>\u00a0<span class=\"math math-inline\"><span class=\"katex\"><span class=\"katex-mathml\">\ud835\udc38\ud835\udc43\ud835\udc36={\ud835\udc3c\ud835\udc37,\ud835\udc34\ud835\udc5d\ud835\udc5d\ud835\udc59\ud835\udc56\ud835\udc50\ud835\udc61\ud835\udc56\ud835\udc5c\ud835\udc5b\ud835\udc37\ud835\udc4e\ud835\udc61\ud835\udc4e}<\/span><span class=\"katex-html\" aria-hidden=\"true\"><span class=\"base\"><span class=\"mord mathnormal\">EPC<\/span><span class=\"mrel\">=<\/span><\/span><span class=\"base\"><span class=\"mopen\">{<\/span><span class=\"mord mathnormal\">Ty<\/span><span class=\"mord mathnormal\">I<\/span><span class=\"mord mathnormal\">D<\/span><span class=\"mpunct\">,<\/span><span class=\"mord mathnormal\">A<\/span><span class=\"mord mathnormal\">ludzie<\/span><span class=\"mord mathnormal\">I<\/span><span class=\"mord mathnormal\">C<\/span><span class=\"mord mathnormal\">A<\/span><span class=\"mord mathnormal\">T<\/span><span class=\"mord mathnormal\">I<\/span><span class=\"mord mathnormal\">o<\/span><span class=\"mord mathnormal\">N<\/span><span class=\"mord mathnormal\">D<\/span><span class=\"mord mathnormal\">A<\/span><span class=\"mord mathnormal\">T<\/span><span class=\"mord mathnormal\">A<\/span><span class=\"mclose\">}<\/span><\/span><\/span><\/span><\/span><\/li>\n<li><strong>Kod TID:<\/strong>\u00a0<span class=\"math math-inline\"><span class=\"katex\"><span class=\"katex-mathml\">\ud835\udc47\ud835\udc3c\ud835\udc37={\ud835\udc47\ud835\udc4e\ud835\udc54\ud835\udc3c\ud835\udc37,\ud835\udc40\ud835\udc4e\ud835\udc5b\ud835\udc62\ud835\udc53\ud835\udc4e\ud835\udc50\ud835\udc61\ud835\udc62\ud835\udc5f\ud835\udc52\ud835\udc5f\ud835\udc37\ud835\udc4e\ud835\udc61\ud835\udc4e}<\/span><span class=\"katex-html\" aria-hidden=\"true\"><span class=\"base\"><span class=\"mord mathnormal\">T<\/span><span class=\"mord mathnormal\">I<\/span><span class=\"mord mathnormal\">D<\/span><span class=\"mrel\">=<\/span><\/span><span class=\"base\"><span class=\"mopen\">{<\/span><span class=\"mord mathnormal\">T<\/span><span class=\"mord mathnormal\">A<\/span><span class=\"mord mathnormal\">G<\/span><span class=\"mord mathnormal\">I<\/span><span class=\"mord mathnormal\">D<\/span><span class=\"mpunct\">,<\/span><span class=\"mord mathnormal\">M<\/span><span class=\"mord mathnormal\">jaki\u015b<\/span><span class=\"mord mathnormal\">ty<\/span><span class=\"mord mathnormal\">F<\/span><span class=\"mord mathnormal\">A<\/span><span class=\"mord mathnormal\">C<\/span><span class=\"mord mathnormal\">T<\/span><span class=\"mord mathnormal\">ty<\/span><span class=\"mord mathnormal\">srD<\/span><span class=\"mord mathnormal\">A<\/span><span class=\"mord mathnormal\">T<\/span><span class=\"mord mathnormal\">A<\/span><span class=\"mclose\">}<\/span><\/span><\/span><\/span><\/span><\/li>\n<\/ul>\n<p><strong>Gdzie:<\/strong><\/p>\n<ul>\n<li><strong>Identyfikator u\u017cytkownika:<\/strong>\u00a0Unikalny identyfikator<\/li>\n<li><strong>Dane aplikacji:<\/strong>\u00a0Dane specyficzne dla aplikacji<\/li>\n<li><strong>TagID:<\/strong>\u00a0Unikalny identyfikator tagu<\/li>\n<li><strong>Dane producenta:<\/strong>\u00a0Dane dostarczone przez producenta<\/li>\n<\/ul>\n<p><strong>Wniosek:<\/strong><\/p>\n<p>Tag ABS RFID to uniwersalne i konfigurowalne rozwi\u0105zanie do r\u00f3\u017cnych zastosowa\u0144, \u0142\u0105cz\u0105ce w sobie solidno\u015b\u0107 wykonania i elastyczno\u015b\u0107 pozwalaj\u0105c\u0105 spe\u0142ni\u0107 konkretne potrzeby.<\/p>","protected":false},"excerpt":{"rendered":"<p>Znacznik On Metal ABS UHF RFID to wydajny pasywny znacznik UHF RFID o du\u017cym zasi\u0119gu, zaprojektowany do pracy w wymagaj\u0105cych warunkach.<\/p>","protected":false},"featured_media":298,"template":"","meta":{"_kad_post_transparent":"default","_kad_post_title":"","_kad_post_layout":"default","_kad_post_sidebar_id":"","_kad_post_content_style":"default","_kad_post_vertical_padding":"default","_kad_post_feature":"","_kad_post_feature_position":"","_kad_post_header":false,"_kad_post_footer":false,"_kad_post_classname":""},"product_brand":[],"product_cat":[54],"product_tag":[120,119],"class_list":{"0":"post-296","1":"product","2":"type-product","3":"status-publish","4":"has-post-thumbnail","6":"product_cat-hot-selling-rfid-tags","7":"product_tag-on-metal-abs-rfid-tag","8":"product_tag-on-metal-abs-uhf-rfid-tag","10":"first","11":"instock","12":"shipping-taxable","13":"product-type-simple","14":"entry","15":"content-bg","16":"loop-entry"},"_links":{"self":[{"href":"https:\/\/rfid-laundry-tag.com\/pl\/wp-json\/wp\/v2\/product\/296","targetHints":{"allow":["GET"]}}],"collection":[{"href":"https:\/\/rfid-laundry-tag.com\/pl\/wp-json\/wp\/v2\/product"}],"about":[{"href":"https:\/\/rfid-laundry-tag.com\/pl\/wp-json\/wp\/v2\/types\/product"}],"version-history":[{"count":1,"href":"https:\/\/rfid-laundry-tag.com\/pl\/wp-json\/wp\/v2\/product\/296\/revisions"}],"predecessor-version":[{"id":1322,"href":"https:\/\/rfid-laundry-tag.com\/pl\/wp-json\/wp\/v2\/product\/296\/revisions\/1322"}],"wp:featuredmedia":[{"embeddable":true,"href":"https:\/\/rfid-laundry-tag.com\/pl\/wp-json\/wp\/v2\/media\/298"}],"wp:attachment":[{"href":"https:\/\/rfid-laundry-tag.com\/pl\/wp-json\/wp\/v2\/media?parent=296"}],"wp:term":[{"taxonomy":"product_brand","embeddable":true,"href":"https:\/\/rfid-laundry-tag.com\/pl\/wp-json\/wp\/v2\/product_brand?post=296"},{"taxonomy":"product_cat","embeddable":true,"href":"https:\/\/rfid-laundry-tag.com\/pl\/wp-json\/wp\/v2\/product_cat?post=296"},{"taxonomy":"product_tag","embeddable":true,"href":"https:\/\/rfid-laundry-tag.com\/pl\/wp-json\/wp\/v2\/product_tag?post=296"}],"curies":[{"name":"wp","href":"https:\/\/api.w.org\/{rel}","templated":true}]}}