{"id":2942,"date":"2025-10-27T13:54:59","date_gmt":"2025-10-27T13:54:59","guid":{"rendered":"https:\/\/rfid-laundry-tag.com\/?post_type=product&#038;p=2942"},"modified":"2025-10-27T14:13:32","modified_gmt":"2025-10-27T14:13:32","slug":"iron-heating-sealed-rfid-laundry-tag","status":"publish","type":"product","link":"https:\/\/rfid-laundry-tag.com\/pl\/iron-heating-sealed-rfid-laundry-tag\/","title":{"rendered":"\u017belazko z uszczelnionym znacznikiem RFID do prania"},"content":{"rendered":"<div>\n<div class=\"auto-hide-last-sibling-br paragraph_1252f paragraph-element\">\n<h2 data-start=\"0\" data-end=\"75\"><strong data-start=\"0\" data-end=\"75\">Zapiecz\u0119towana etykieta RFID do prania z podgrzewaniem \u017celazkiem \u2013 trwa\u0142a, wydajna i niezawodna<\/strong><\/h2>\n<p data-start=\"77\" data-end=\"443\">Ten <strong data-start=\"81\" data-end=\"121\">\u017belazko z uszczelnionym znacznikiem RFID do prania<\/strong> to wydajne rozwi\u0105zanie do identyfikacji i \u015bledzenia tekstyli\u00f3w, zaprojektowane specjalnie dla pralni przemys\u0142owych, s\u0142u\u017cby zdrowia i sektora zarz\u0105dzania uniformami. Dzi\u0119ki wyj\u0105tkowej wytrzyma\u0142o\u015bci doskonale sprawdza si\u0119 w trudnych warunkach prania, zapewniaj\u0105c d\u0142ugoterminowe i bezproblemowe \u015bledzenie prania w Europie, USA i Kanadzie.<\/p>\n<h3 data-start=\"445\" data-end=\"462\">G\u0142\u00f3wne korzy\u015bci:<\/h3>\n<ul data-start=\"463\" data-end=\"937\">\n<li data-start=\"463\" data-end=\"616\">\n<p data-start=\"465\" data-end=\"616\"><strong data-start=\"465\" data-end=\"496\">Wodoodporny i odporny na ciep\u0142o<\/strong>: Wytrzymuje dzia\u0142anie detergent\u00f3w, wybielaczy i wysokich temperatur, zapewniaj\u0105c trwa\u0142o\u015b\u0107 w przemys\u0142owych procesach prania.<\/p>\n<\/li>\n<li data-start=\"617\" data-end=\"731\">\n<p data-start=\"619\" data-end=\"731\"><strong data-start=\"619\" data-end=\"647\">D\u0142ugotrwa\u0142a wydajno\u015b\u0107<\/strong>:Wytrzymuje do <strong data-start=\"663\" data-end=\"685\">200 cykli prania<\/strong> Lub <strong data-start=\"689\" data-end=\"703\">300 pra\u0144<\/strong>, gwarantuj\u0105c d\u0142u\u017csze u\u017cytkowanie.<\/p>\n<\/li>\n<li data-start=\"732\" data-end=\"829\">\n<p data-start=\"734\" data-end=\"829\"><strong data-start=\"734\" data-end=\"757\">Doskona\u0142y zasi\u0119g odczytu<\/strong>:Zapewnia odleg\u0142o\u015b\u0107 odczytu <strong data-start=\"785\" data-end=\"800\">8-12 metr\u00f3w<\/strong> do szybkiego i dok\u0142adnego skanowania.<\/p>\n<\/li>\n<li data-start=\"830\" data-end=\"937\">\n<p data-start=\"832\" data-end=\"937\"><strong data-start=\"832\" data-end=\"852\">Szybka realizacja<\/strong>:Szybki czas realizacji zam\u00f3wienia zaledwie <strong data-start=\"877\" data-end=\"887\">3 dni<\/strong>, gwarantuj\u0105c Ci otrzymanie tego, czego potrzebujesz, wtedy, kiedy tego potrzebujesz.<\/p>\n<\/li>\n<\/ul>\n<h3 data-start=\"939\" data-end=\"956\">G\u0142\u00f3wne cechy:<\/h3>\n<ul data-start=\"957\" data-end=\"1499\">\n<li data-start=\"957\" data-end=\"1123\">\n<p data-start=\"959\" data-end=\"1123\"><strong data-start=\"959\" data-end=\"990\">Odporno\u015b\u0107 na chemikalia i wod\u0119<\/strong>:Ten znacznik RFID zosta\u0142 wykonany tak, aby by\u0142 odporny na detergenty, \u015brodki zmi\u0119kczaj\u0105ce, wybielacze i \u015brodki alkaliczne, dzi\u0119ki czemu zachowuje sprawno\u015b\u0107 nawet w trudnych warunkach.<\/p>\n<\/li>\n<li data-start=\"1124\" data-end=\"1248\">\n<p data-start=\"1126\" data-end=\"1248\"><strong data-start=\"1126\" data-end=\"1152\">Technologia zgrzewania termicznego<\/strong>:\u0141atwa integracja z maszynami do zgrzewania, zapewniaj\u0105ca mocne i trwa\u0142e przyleganie do tkanin.<\/p>\n<\/li>\n<li data-start=\"1249\" data-end=\"1388\">\n<p data-start=\"1251\" data-end=\"1388\"><strong data-start=\"1251\" data-end=\"1272\">Do prasowania i szycia<\/strong>:Elastyczne zastosowanie za pomoc\u0105 prasowania na gor\u0105co lub metod szycia, idealne do wtapiania metek w kraw\u0119dzie materia\u0142\u00f3w tekstylnych lub metki piel\u0119gnacyjne.<\/p>\n<\/li>\n<li data-start=\"1389\" data-end=\"1499\">\n<p data-start=\"1391\" data-end=\"1499\"><strong data-start=\"1391\" data-end=\"1421\">Odporny na wysokie temperatury<\/strong>:Zaprojektowane tak, aby wytrzyma\u0107 intensywne przemys\u0142owe dzia\u0142anie ciep\u0142a i napr\u0119\u017cenia mechaniczne.<\/p>\n<\/li>\n<\/ul>\n<h3 data-start=\"1501\" data-end=\"1530\">Dane techniczne:<\/h3>\n<ul data-start=\"1531\" data-end=\"2169\">\n<li data-start=\"1531\" data-end=\"1653\">\n<p data-start=\"1533\" data-end=\"1653\"><strong data-start=\"1533\" data-end=\"1549\">Opcje rozmiaru<\/strong>: 35 mm x 15 mm, 58 mm x 15 mm, 70 mm x 10 mm, 70 mm x 15 mm, 75 mm x 12 mm, 75 mm x 15 mm (dost\u0119pne s\u0105 r\u00f3wnie\u017c rozmiary niestandardowe).<\/p>\n<\/li>\n<li data-start=\"1654\" data-end=\"1710\">\n<p data-start=\"1656\" data-end=\"1710\"><strong data-start=\"1656\" data-end=\"1674\">Standardy RFID<\/strong>:ISO\/IEC 18000-6 Typ C (EPC Gen2).<\/p>\n<\/li>\n<li data-start=\"1711\" data-end=\"1770\">\n<p data-start=\"1713\" data-end=\"1770\"><strong data-start=\"1713\" data-end=\"1729\">Opcje chip\u00f3w<\/strong>:NXP U CODE 9, Alien H9, itp.<\/p>\n<\/li>\n<li data-start=\"1771\" data-end=\"1813\">\n<p data-start=\"1773\" data-end=\"1813\"><strong data-start=\"1773\" data-end=\"1783\">Pami\u0119\u0107<\/strong>:EPC 128 bit\u00f3w, U\u017cytkownik 512 bit\u00f3w.<\/p>\n<\/li>\n<li data-start=\"1814\" data-end=\"1852\">\n<p data-start=\"1816\" data-end=\"1852\"><strong data-start=\"1816\" data-end=\"1830\">Zakres odczytu<\/strong>: 8M \u2013 10M (FCC\/ETSI).<\/p>\n<\/li>\n<li data-start=\"1853\" data-end=\"1927\">\n<p data-start=\"1855\" data-end=\"1927\"><strong data-start=\"1855\" data-end=\"1874\">Metody tagowania<\/strong>: Zgrzewanie na gor\u0105co, klejenie na gor\u0105co lub dziurkowanie.<\/p>\n<\/li>\n<li data-start=\"1928\" data-end=\"2042\">\n<p data-start=\"1930\" data-end=\"2042\"><strong data-start=\"1930\" data-end=\"1956\">Temperatura i wilgotno\u015b\u0107<\/strong>:Dzia\u0142a pomi\u0119dzy <strong data-start=\"1975\" data-end=\"1993\">-20\u00b0C do 110\u00b0C<\/strong>; zakres pami\u0119ci masowej <strong data-start=\"2009\" data-end=\"2027\">-40\u00b0C do 110\u00b0C<\/strong> z 8-95% RH.<\/p>\n<\/li>\n<li data-start=\"2043\" data-end=\"2169\">\n<p data-start=\"2045\" data-end=\"2169\"><strong data-start=\"2045\" data-end=\"2072\">Mycie i sterylizacja<\/strong>:Wytrzymuje temperatury prania do <strong data-start=\"2111\" data-end=\"2119\">90\u00b0C<\/strong> i sterylizacji w <strong data-start=\"2141\" data-end=\"2168\">135\u00b0C przez 15-20 minut<\/strong>.<\/p>\n<\/li>\n<\/ul>\n<\/div>\n<\/div>\n<h2 data-start=\"2812\" data-end=\"3015\"><strong>Arkusz danych<\/strong><\/h2>\n<div>\n<div class=\"auto-hide-last-sibling-br paragraph_1252f paragraph-element\">\n<div>\n<table width=\"637\">\n<tbody>\n<tr>\n<td width=\"328\">Nazwa przedmiotu:<\/td>\n<td width=\"309\">\u017belazko z uszczelnionym znacznikiem RFID do prania<\/td>\n<\/tr>\n<tr>\n<td width=\"328\">Norma RFID:<\/td>\n<td width=\"309\">ISO\/IEC 18000-6 Typ C (EPC Gen2)<\/td>\n<\/tr>\n<tr>\n<td width=\"328\">Rozmiar i waga:<\/td>\n<td width=\"309\">\u00a035 mm x 15 mm; 58 mm x 15 mm; 70 mm x 10 mm 70 x 15 mm 75 x 12 mm 75 x 15 mm lub niestandardowe<\/td>\n<\/tr>\n<tr>\n<td width=\"328\">Typ uk\u0142adu scalonego:<\/td>\n<td width=\"309\">Monza 4QT,NXP U CODE 9,Alien H9 itp.<\/td>\n<\/tr>\n<tr>\n<td width=\"328\">Pami\u0119\u0107 EPC:<\/td>\n<td width=\"309\">128 bit\u00f3w<\/td>\n<\/tr>\n<tr>\n<td width=\"328\">Pami\u0119\u0107 u\u017cytkownika:<\/td>\n<td width=\"309\">512 bit\u00f3w<\/td>\n<\/tr>\n<tr>\n<td width=\"328\">Zakres odczytu (2W ERP FCC):<\/td>\n<td width=\"309\">8M~10M<\/td>\n<\/tr>\n<tr>\n<td width=\"328\">Zakres odczytu (2W ERP ETSI):<\/td>\n<td width=\"309\">8M~10M<\/td>\n<\/tr>\n<tr>\n<td width=\"328\">Tagowanie:<\/td>\n<td width=\"309\">Klej do t\u0142oczenia na gor\u0105co, zgrzewanie, otwory itp.<\/td>\n<\/tr>\n<tr>\n<td width=\"328\">Szacowany czas \u017cycia:<\/td>\n<td width=\"309\">200 cykli prania lub 300 razy<\/td>\n<\/tr>\n<tr>\n<td width=\"328\">Metoda prania:<\/td>\n<td width=\"309\">Pralnia, czyszczenie chemiczne<\/td>\n<\/tr>\n<tr>\n<td width=\"328\">Ci\u015bnienie ekstrakcji wody:<\/td>\n<td width=\"309\">60 bar<\/td>\n<\/tr>\n<tr>\n<td width=\"328\">Wodoodporno\u015b\u0107:<\/td>\n<td width=\"309\">Wodoodporny<\/td>\n<\/tr>\n<tr>\n<td width=\"328\">Odporno\u015b\u0107 chemiczna:<\/td>\n<td width=\"309\">Detergent, zmi\u0119kczacz, wybielacz (tlen\/chlor), alkalia<\/td>\n<\/tr>\n<tr>\n<td width=\"328\">Wst\u0119pne suszenie w suszarce b\u0119bnowej:<\/td>\n<td width=\"309\">125 \u00baC przez 15-20 minut<\/td>\n<\/tr>\n<tr>\n<td width=\"328\">Temperatura sterylizacji:<\/td>\n<td width=\"309\">135\u00b0C przez 15-20 minut<\/td>\n<\/tr>\n<tr>\n<td width=\"328\">Temperatura prania:<\/td>\n<td width=\"309\">90\u00b0C, do 15 min.<\/td>\n<\/tr>\n<tr>\n<td width=\"328\">Wilgotno\u015b\u0107\/Temperatura - praca:<\/td>\n<td width=\"309\">-20 do 110\u00b0C, 8 do 95%RH<\/td>\n<\/tr>\n<tr>\n<td width=\"328\">Wilgotno\u015b\u0107\/Temperatura-Przechowywanie:<\/td>\n<td width=\"309\">-40 do 110\u00b0C, 8 do 95%RH<\/td>\n<\/tr>\n<\/tbody>\n<\/table>\n<\/div>\n<\/div>\n<\/div>\n<div><\/div>\n<div class=\"auto-hide-last-sibling-br paragraph_1252f paragraph-element\"><span class=\"AnswerParser_TextContainer__z_Iiv\" data-testid=\"youchat-text\"><strong>Tagi pralnicze RFID UHF<\/strong> s\u0105 najlepszym rozwi\u0105zaniem do efektywnego zarz\u0105dzania odzie\u017c\u0105 robocz\u0105, r\u0119cznikami hotelowymi i po\u015bciel\u0105 szpitaln\u0105. Te trwa\u0142e metki s\u0105 zaprojektowane tak, aby wytrzyma\u0107 wysokie temperatury i agresywne \u015brodki chemiczne, kt\u00f3re s\u0105 zwykle stosowane w procesach prania przemys\u0142owego. Ich solidna konstrukcja zapewnia, \u017ce pozostaj\u0105 funkcjonalne nawet po wielu cyklach prania, co czyni je nieocenionym atutem w ka\u017cdej pralni.<\/span><span class=\"AnswerParser_TextContainer__z_Iiv\" data-testid=\"youchat-text\">Integruj\u0105c technologi\u0119 RFID z systemem zarz\u0105dzania praniem, mo\u017cesz znacznie obni\u017cy\u0107 koszty obs\u0142ugi. Bramki RFID i liczniki usprawniaj\u0105 proces \u015bledzenia, umo\u017cliwiaj\u0105c szybk\u0105 lokalizacj\u0119 i identyfikacj\u0119 artyku\u0142\u00f3w do prania. To nie tylko oszcz\u0119dza czas, ale tak\u017ce zwi\u0119ksza dok\u0142adno\u015b\u0107 inwentaryzacji, umo\u017cliwiaj\u0105c \u0142atwe \u015bledzenie cykli prania. Dzi\u0119ki etykietom RFID UHF do prania zwi\u0119kszysz wydajno\u015b\u0107 operacyjn\u0105 i upewnisz si\u0119, \u017ce Twoje artyku\u0142y do prania s\u0105 zawsze uwzgl\u0119dniane.<\/span><\/div>\n<div><\/div>\n<div>\n<h3 data-start=\"2171\" data-end=\"2219\">Zoptymalizowane pod k\u0105tem przemys\u0142owych proces\u00f3w pralniczych:<\/h3>\n<p data-start=\"2220\" data-end=\"2515\">Etykiety pralnicze RFID UHF umo\u017cliwiaj\u0105 efektywne zarz\u0105dzanie zasobami odzie\u017cy roboczej, po\u015bcieli hotelowej, tekstyli\u00f3w szpitalnych i innych. Dzi\u0119ki odporno\u015bci na wysokie temperatury i agresywne \u015brodki chemiczne, zachowuj\u0105 funkcjonalno\u015b\u0107 nawet po wielu cyklach prania, zapewniaj\u0105c p\u0142ynne dzia\u0142anie pralni.<\/p>\n<p data-start=\"2517\" data-end=\"2583\">Integruj\u0105c technologi\u0119 RFID z systemem zarz\u0105dzania pralni\u0105, zyskujesz:<\/p>\n<ul data-start=\"2584\" data-end=\"2810\">\n<li data-start=\"2584\" data-end=\"2675\">\n<p data-start=\"2586\" data-end=\"2675\"><strong data-start=\"2586\" data-end=\"2609\">Zwi\u0119kszona wydajno\u015b\u0107<\/strong>:Szybsze i dok\u0142adniejsze \u015bledzenie zapas\u00f3w pozwala ograniczy\u0107 koszty obs\u0142ugi.<\/p>\n<\/li>\n<li data-start=\"2676\" data-end=\"2810\">\n<p data-start=\"2678\" data-end=\"2810\"><strong data-start=\"2678\" data-end=\"2699\">Poprawiona dok\u0142adno\u015b\u0107<\/strong>Technologia RFID umo\u017cliwia precyzyjne \u015bledzenie lokalizacji, zmniejszaj\u0105c liczb\u0119 b\u0142\u0119d\u00f3w i zapewniaj\u0105c, \u017ce przedmioty zostan\u0105 zliczone.<\/p>\n<\/li>\n<\/ul>\n<p data-start=\"2812\" data-end=\"3015\"><strong data-start=\"2812\" data-end=\"2853\">\u017belazko z uszczelnionymi etykietami RFID do prania<\/strong> Przyspiesz, zwi\u0119ksz niezawodno\u015b\u0107 i op\u0142acalno\u015b\u0107 prania, usprawnij sw\u00f3j obieg pracy i zapewnij mo\u017cliwo\u015b\u0107 \u015bledzenia ubra\u0144 po ka\u017cdym praniu.<\/p>\n<\/div>\n<div data-spm-anchor-id=\"a2700.details.0.i57.23b419c7xXORP0\"><\/div>\n<div class=\"auto-hide-last-sibling-br paragraph_1252f paragraph-element\"><\/div>\n<div class=\"auto-hide-last-sibling-br paragraph_1252f paragraph-element\"><\/div>","protected":false},"excerpt":{"rendered":"<p>Jeste\u015bmy jednym z 5 najlepszych producent\u00f3w etykiet pralniczych RFID zgrzewanych \u017celazkiem<strong>.Etykieta pralnicza RFID<\/strong>\u00a0zapewnia trwa\u0142e \u015bledzenie tekstyli\u00f3w w plac\u00f3wkach s\u0142u\u017cby zdrowia, pralniach i na potrzeby mundur\u00f3w w Europie, USA i Kanadzie \u2014 odporne na intensywne cykle prania.<\/p>","protected":false},"featured_media":2943,"template":"","meta":{"_kad_post_transparent":"default","_kad_post_title":"","_kad_post_layout":"default","_kad_post_sidebar_id":"","_kad_post_content_style":"default","_kad_post_vertical_padding":"default","_kad_post_feature":"","_kad_post_feature_position":"","_kad_post_header":false,"_kad_post_footer":false,"_kad_post_classname":""},"product_brand":[],"product_cat":[16],"product_tag":[364,363,338,342,339,65,30],"class_list":{"0":"post-2942","1":"product","2":"type-product","3":"status-publish","4":"has-post-thumbnail","6":"product_cat-uhf-rfid-laundry-tags","7":"product_tag-heating-sealed-rfid-laundry-tag","8":"product_tag-iron-heating-sealed-rfid-laundry-tag","9":"product_tag-rfid-chips-for-uniforms","10":"product_tag-rfid-laundry-tags","11":"product_tag-rfid-washable-tags","12":"product_tag-textile-rfid-laundry-tags","13":"product_tag-uhf-rfid-laundry-tag","15":"first","16":"instock","17":"featured","18":"shipping-taxable","19":"product-type-simple","20":"entry","21":"content-bg","22":"loop-entry"},"_links":{"self":[{"href":"https:\/\/rfid-laundry-tag.com\/pl\/wp-json\/wp\/v2\/product\/2942","targetHints":{"allow":["GET"]}}],"collection":[{"href":"https:\/\/rfid-laundry-tag.com\/pl\/wp-json\/wp\/v2\/product"}],"about":[{"href":"https:\/\/rfid-laundry-tag.com\/pl\/wp-json\/wp\/v2\/types\/product"}],"version-history":[{"count":2,"href":"https:\/\/rfid-laundry-tag.com\/pl\/wp-json\/wp\/v2\/product\/2942\/revisions"}],"predecessor-version":[{"id":2948,"href":"https:\/\/rfid-laundry-tag.com\/pl\/wp-json\/wp\/v2\/product\/2942\/revisions\/2948"}],"wp:featuredmedia":[{"embeddable":true,"href":"https:\/\/rfid-laundry-tag.com\/pl\/wp-json\/wp\/v2\/media\/2943"}],"wp:attachment":[{"href":"https:\/\/rfid-laundry-tag.com\/pl\/wp-json\/wp\/v2\/media?parent=2942"}],"wp:term":[{"taxonomy":"product_brand","embeddable":true,"href":"https:\/\/rfid-laundry-tag.com\/pl\/wp-json\/wp\/v2\/product_brand?post=2942"},{"taxonomy":"product_cat","embeddable":true,"href":"https:\/\/rfid-laundry-tag.com\/pl\/wp-json\/wp\/v2\/product_cat?post=2942"},{"taxonomy":"product_tag","embeddable":true,"href":"https:\/\/rfid-laundry-tag.com\/pl\/wp-json\/wp\/v2\/product_tag?post=2942"}],"curies":[{"name":"wp","href":"https:\/\/api.w.org\/{rel}","templated":true}]}}