{"id":2864,"date":"2024-11-05T13:39:10","date_gmt":"2024-11-05T13:39:10","guid":{"rendered":"https:\/\/rfid-laundry-tag.com\/?post_type=product&#038;p=2864"},"modified":"2024-11-05T13:58:17","modified_gmt":"2024-11-05T13:58:17","slug":"nfc-keychain-ntag213-ntag215-ntag216","status":"publish","type":"product","link":"https:\/\/rfid-laundry-tag.com\/pl\/nfc-keychain-ntag213-ntag215-ntag216\/","title":{"rendered":"Brelok NFC Ntag213 Ntag215 Ntag216"},"content":{"rendered":"<h2>Brelok NFC Ntag213 Ntag215 Ntag216<\/h2>\n<table class=\"all magic-12\">\n<tbody>\n<tr>\n<td colspan=\"1\" rowspan=\"1\">\n<div class=\"magic-13\">\u017beton<\/div>\n<\/td>\n<td colspan=\"1\" rowspan=\"1\">\n<div class=\"magic-14\">NTAG\u00ae 213, Ntag215, Ntag216<\/div>\n<\/td>\n<\/tr>\n<tr>\n<td colspan=\"1\" rowspan=\"1\">\n<div class=\"magic-13\">Protok\u00f3\u0142<\/div>\n<\/td>\n<td colspan=\"1\" rowspan=\"1\">\n<div class=\"magic-14\">Norma ISO 14443A<\/div>\n<\/td>\n<\/tr>\n<tr>\n<td colspan=\"1\" rowspan=\"1\">\n<div class=\"magic-13\">Rozmiar<\/div>\n<\/td>\n<td colspan=\"1\" rowspan=\"1\">\n<div class=\"magic-14\">41*32mm lub dostosowane<\/div>\n<\/td>\n<\/tr>\n<tr>\n<td colspan=\"1\" rowspan=\"1\">\n<div class=\"magic-13\">Pami\u0119\u0107<\/div>\n<\/td>\n<td colspan=\"1\" rowspan=\"1\">\n<div class=\"magic-14\" data-spm-anchor-id=\"a2700.details.0.i42.450c1986usT9sY\">144 bajt\u00f3w, 504 bajt\u00f3w, 888 bajt\u00f3w<\/div>\n<\/td>\n<\/tr>\n<tr>\n<td colspan=\"1\" rowspan=\"1\">\n<div class=\"magic-13\">Cz\u0119stotliwo\u015b\u0107<\/div>\n<\/td>\n<td colspan=\"1\" rowspan=\"1\">\n<div class=\"magic-14\">13,56MHz<\/div>\n<\/td>\n<\/tr>\n<tr>\n<td colspan=\"1\" rowspan=\"1\">\n<div class=\"magic-13\">Tworzywo<\/div>\n<\/td>\n<td colspan=\"1\" rowspan=\"1\">\n<div class=\"magic-14\">ABS, plastik lub niestandardowy<\/div>\n<\/td>\n<\/tr>\n<tr>\n<td colspan=\"1\" rowspan=\"1\">\n<div class=\"magic-13\">Napisz wytrzyma\u0142o\u015b\u0107<\/div>\n<\/td>\n<td colspan=\"1\" rowspan=\"1\">\n<div class=\"magic-14\">\u2265100000 cykli<\/div>\n<\/td>\n<\/tr>\n<tr>\n<td colspan=\"1\" rowspan=\"1\">\n<div class=\"magic-13\">Zakres odczytu<\/div>\n<\/td>\n<td colspan=\"1\" rowspan=\"1\">\n<div class=\"magic-14\">1-6cm<\/div>\n<\/td>\n<\/tr>\n<tr>\n<td colspan=\"1\" rowspan=\"1\">\n<div class=\"magic-13\">Aplikacja<\/div>\n<\/td>\n<td colspan=\"1\" rowspan=\"1\">\n<div class=\"magic-14\">Kontrola dost\u0119pu, system zamykania drzwi itp.<\/div>\n<\/td>\n<\/tr>\n<tr>\n<td colspan=\"1\" rowspan=\"1\">\n<div class=\"magic-13\">Kolor<\/div>\n<\/td>\n<td colspan=\"1\" rowspan=\"1\">\n<div class=\"magic-14\">Czarny, \u017c\u00f3\u0142ty, czerwony, zielony, niebieski, r\u00f3\u017cowy lub niestandardowy.<\/div>\n<\/td>\n<\/tr>\n<tr>\n<td colspan=\"1\" rowspan=\"1\">\n<div class=\"magic-13\">Rze\u017aba<\/div>\n<\/td>\n<td colspan=\"1\" rowspan=\"1\">\n<div class=\"magic-14\">Drukowanie jednokolorowe lub wielokolorowe, drukowanie kod\u00f3w kreskowych i kod\u00f3w QR, kodowanie danych itp.<\/div>\n<\/td>\n<\/tr>\n<tr>\n<td colspan=\"1\" rowspan=\"1\">\n<div class=\"magic-13\">Cykle zapisu<\/div>\n<\/td>\n<td colspan=\"1\" rowspan=\"1\">\n<div class=\"magic-14\">\u2265100000 cykli<\/div>\n<\/td>\n<\/tr>\n<tr>\n<td colspan=\"1\" rowspan=\"1\">\n<div class=\"magic-13\">Temperatura pracy<\/div>\n<\/td>\n<td colspan=\"1\" rowspan=\"1\">\n<div class=\"magic-14\">-20\u2103 do +55\u2103<\/div>\n<\/td>\n<\/tr>\n<tr>\n<td colspan=\"1\" rowspan=\"1\">\n<div class=\"magic-13\">Format dostawy<\/div>\n<\/td>\n<td colspan=\"1\" rowspan=\"1\">\n<div class=\"magic-14\" data-spm-anchor-id=\"a2700.details.0.i41.450c1986usT9sY\">100 szt.\/worek, 10 torebek\/karton<\/div>\n<\/td>\n<\/tr>\n<\/tbody>\n<\/table>\n<h3>Cechy uk\u0142ad\u00f3w Ntag213, Ntag215, Ntag216<\/h3>\n<div id=\"featuresXsp\" class=\"features-list toggle-opacity in\">\n<div class=\"features-xsp\">\n<div class=\"collapse-mobile ste-list-ul\">\n<ul class=\"boxes\">\n<li>Bezkontaktowa transmisja danych i zasilanie energi\u0105<\/li>\n<li>Cz\u0119stotliwo\u015b\u0107 pracy 13,56 MHz<\/li>\n<li>Transfer danych 106 kbit\/s<\/li>\n<li>Integralno\u015b\u0107 danych 16-bitowego CRC, parzysto\u015b\u0107, kodowanie bit\u00f3w, liczenie bit\u00f3w<\/li>\n<li>Zasi\u0119g dzia\u0142ania do 100 mm (w zale\u017cno\u015bci od r\u00f3\u017cnych parametr\u00f3w, np. nat\u0119\u017cenia pola i geometrii anteny)<\/li>\n<li>7-bajtowy numer seryjny (poziom kaskadowy 2 zgodnie z norm\u0105 ISO\/IEC 14443-3)<\/li>\n<li>Lustro UID ASCII do automatycznej serializacji komunikat\u00f3w NDEF<\/li>\n<li>Automatyczny licznik NFC uruchamiany poleceniem odczytu<\/li>\n<li>Licznik NFC ASCII mirror do automatycznego dodawania warto\u015bci licznika NFC do wiadomo\u015bci NDEF<\/li>\n<li>Podpis oryginalno\u015bci oparty na ECC<\/li>\n<li>Szybkie polecenie odczytu<\/li>\n<li>Prawdziwe zabezpieczenie antykolizyjne<\/li>\n<li>Pojemno\u015b\u0107 wej\u015bciowa 50 pF<\/li>\n<\/ul>\n<\/div>\n<div class=\"collapse-mobile ste-list-ul\">\n<ul class=\"boxes\">\n<li>180, 540 lub 924 bajt\u00f3w zorganizowanych na 45, 135 lub 231 stronach po 4 bajty na stron\u0119<\/li>\n<li>144, 504 lub 888 bajt\u00f3w swobodnie dost\u0119pnych dla u\u017cytkownika w obszarze odczytu\/zapisu (36, 126 lub 222 stron)<\/li>\n<li>4-bajtowy kontener mo\u017cliwo\u015bci inicjalizacji z bitami dost\u0119pu programowalnymi jednorazowo<\/li>\n<li>Programowalna w terenie funkcja blokowania tylko do odczytu na stron\u0119 dla pierwszych 16 stron<\/li>\n<li>Funkcja blokowania tylko do odczytu programowalna w terenie powy\u017cej pierwszych 16 stron na podw\u00f3jn\u0105 stron\u0119 dla NTAG 213 lub na 16 stron dla NTAG 215 i NTAG 216<\/li>\n<li>Konfigurowalna ochrona has\u0142em z opcjonalnym limitem nieudanych pr\u00f3b<\/li>\n<li>Wsparcie antyrozdarciowe dla pojemnika na \u0142adunek (CC) i bit\u00f3w blokuj\u0105cych<\/li>\n<li>Kontrola oryginalno\u015bci wspierana przez ECC<\/li>\n<li>Czas przechowywania danych 10 lat<\/li>\n<li>Napisz wytrzyma\u0142o\u015b\u0107 100 000 cykli<\/li>\n<\/ul>\n<\/div>\n<\/div>\n<\/div>\n<h2>Czym jest brelok NFC?<\/h2>\n<h3>Zrozumienie technologii NFC<\/h3>\n<p>NFC lub <strong>Komunikacja bliskiego zasi\u0119gu<\/strong>, jest form\u0105 komunikacji bezprzewodowej, kt\u00f3ra umo\u017cliwia urz\u0105dzeniom wymian\u0119 danych na kr\u00f3tkich dystansach. Po prostu stukaj\u0105c <strong>Z obs\u0142ug\u0105 NFC<\/strong> Po pod\u0142\u0105czeniu urz\u0105dzenia do kompatybilnego czytnika mo\u017cesz wykonywa\u0107 r\u00f3\u017cne zadania, takie jak dokonywanie p\u0142atno\u015bci, udost\u0119pnianie danych kontaktowych lub uzyskiwanie dost\u0119pu do bezpiecznych obszar\u00f3w.<\/p>\n<h3>Rola brelok\u00f3w NFC<\/h3>\n<p>Jaki\u015b <strong>Brelok NFC<\/strong> integruje t\u0119 pot\u0119\u017cn\u0105 technologi\u0119 w kompaktowym, przeno\u015bnym formacie. Te breloki s\u0105 wyposa\u017cone w <strong>Uk\u0142ad NFC<\/strong>, umo\u017cliwiaj\u0105c u\u017cytkownikom wykonywanie zada\u0144 takich jak udost\u0119pnianie cyfrowych wizyt\u00f3wek, sterowanie inteligentnymi urz\u0105dzeniami domowymi lub uzyskiwanie dost\u0119pu do bezpiecznych budynk\u00f3w za pomoc\u0105 jednego dotkni\u0119cia.<\/p>\n<h2>G\u0142\u00f3wne cechy brelok\u00f3w NFC<\/h2>\n<h3>Opcje dostosowywania<\/h3>\n<p><strong>Niestandardowe breloki NFC<\/strong> s\u0105 bardzo wszechstronne. Mo\u017cna je personalizowa\u0107 za pomoc\u0105 <strong>logo niestandardowe<\/strong>, unikalne projekty lub konkretne dane, aby sprosta\u0107 r\u00f3\u017cnym potrzebom. Niezale\u017cnie od tego, czy potrzebujesz markowego <strong>brelok z logo<\/strong> na imprezy promocyjne lub osobiste <strong>niestandardowy brelok<\/strong> do codziennego u\u017cytku, mo\u017cliwo\u015bci s\u0105 nieograniczone.<\/p>\n<h3>Trwa\u0142a konstrukcja i wykonanie<\/h3>\n<p>Wi\u0119kszo\u015b\u0107 brelok\u00f3w NFC jest wykonana z wytrzyma\u0142ych materia\u0142\u00f3w, takich jak <strong>PCV<\/strong> Lub <strong>epoksydowy<\/strong>, zapewniaj\u0105c trwa\u0142o\u015b\u0107 i d\u0142ugowieczno\u015b\u0107. S\u0105 zaprojektowane tak, aby wytrzyma\u0107 codzienne zu\u017cycie, co czyni je niezawodnym akcesorium dla ka\u017cdego.<\/p>\n<h3>Funkcje bezpiecze\u0144stwa<\/h3>\n<p>Breloki NFC cz\u0119sto wyposa\u017cone s\u0105 w zaawansowane funkcje bezpiecze\u0144stwa, takie jak: <strong>ochrona has\u0142em<\/strong>, <strong>funkcje antykolizyjne<\/strong>, I <strong>podpisy oryginalno\u015bci<\/strong>. Zapewniaj\u0105 one, \u017ce dane przechowywane na p\u0119ku kluczy s\u0105 bezpieczne i niedost\u0119pne dla os\u00f3b nieupowa\u017cnionych.<\/p>\n<h2>Korzy\u015bci z u\u017cywania breloka NFC<\/h2>\n<h3>Wygoda na wyci\u0105gni\u0119cie r\u0119ki<\/h3>\n<p>Wyobra\u017a sobie, \u017ce mo\u017cesz otworzy\u0107 drzwi swojego biura lub udost\u0119pni\u0107 swoje dane kontaktowe <strong>po prostu dotknij<\/strong> Twojego breloka. Breloki NFC oferuj\u0105 niezr\u00f3wnan\u0105 wygod\u0119, usprawniaj\u0105c codzienne zadania i redukuj\u0105c potrzeb\u0119 posiadania fizycznych kluczy lub wizyt\u00f3wek.<\/p>\n<h3>Wszechstronne zastosowania<\/h3>\n<p>Breloki NFC mo\u017cna wykorzystywa\u0107 w wielu sytuacjach:<\/p>\n<ul>\n<li><strong>Kontrola dost\u0119pu:<\/strong> Bezpieczny dost\u0119p do biur, si\u0142owni i wind.<\/li>\n<li><strong>Cyfrowe wizyt\u00f3wki:<\/strong> Udost\u0119pniaj swoje dane kontaktowe bez wysi\u0142ku.<\/li>\n<li><strong>Uwierzytelnianie produktu:<\/strong> Sprawd\u017a autentyczno\u015b\u0107 markowych produkt\u00f3w.<\/li>\n<li><strong>Inteligentne sterowanie domem:<\/strong> \u0141atwe zarz\u0105dzanie inteligentnymi urz\u0105dzeniami domowymi.<\/li>\n<\/ul>\n<h3>Rozwi\u0105zanie przyjazne dla \u015brodowiska<\/h3>\n<p>Dzi\u0119ki zmniejszeniu zapotrzebowania na fizyczne klucze i papierowe wizyt\u00f3wki breloki NFC przyczyniaj\u0105 si\u0119 do bardziej zr\u00f3wnowa\u017conego \u015brodowiska. Ich <strong>materia\u0142y nadaj\u0105ce si\u0119 do recyklingu<\/strong> a funkcjonalno\u015b\u0107 cyfrowa sprawia, \u017ce s\u0105 one wyborem przyjaznym dla \u015brodowiska.<\/p>\n<h2>Jak korzysta\u0107 z breloka NFC<\/h2>\n<h3>Konfigurowanie breloka NFC<\/h3>\n<p>Korzystanie z breloka NFC jest proste:<\/p>\n<ol>\n<li><strong>Zakoduj uk\u0142ad NFC:<\/strong> U\u017cyj aplikacji obs\u0142uguj\u0105cej NFC, aby zaprogramowa\u0107 chip, wpisuj\u0105c \u017c\u0105dane dane.<\/li>\n<li><strong>Przymocuj do kluczy:<\/strong> Przymocuj brelok do kluczy lub torby.<\/li>\n<li><strong>Dotknij i przejd\u017a:<\/strong> Po prostu zbli\u017c brelok NFC do kompatybilnego czytnika, aby wykona\u0107 \u017c\u0105dan\u0105 czynno\u015b\u0107.<\/li>\n<\/ol>\n<h3>Zgodno\u015b\u0107 z urz\u0105dzeniami<\/h3>\n<p>Breloki NFC to <strong>kompatybilny z NFC<\/strong>- obs\u0142uguj\u0105cych smartfony, tablety i r\u00f3\u017cne czytniki NFC. Ta zgodno\u015b\u0107 zapewnia szerok\u0105 u\u017cyteczno\u015b\u0107 na r\u00f3\u017cnych platformach i urz\u0105dzeniach, w tym <strong>Android<\/strong> i iOS.<\/p>\n<h2>Opinie i opinie klient\u00f3w<\/h2>\n<h3>Co m\u00f3wi\u0105 u\u017cytkownicy<\/h3>\n<p>Klienci chwalili breloki NFC za ich wszechstronno\u015b\u0107 i \u0142atwo\u015b\u0107 u\u017cytkowania. Wielu podkre\u015bla wygod\u0119 zast\u0105pienia wielu fizycznych kart i kluczy jednym, kompaktowym urz\u0105dzeniem. U\u017cytkownicy doceniaj\u0105 r\u00f3wnie\u017c mo\u017cliwo\u015b\u0107 <strong>dostosowa\u0107<\/strong> swoje breloczki, dodaj\u0105c osobisty akcent do tego zaawansowanego technologicznie akcesorium.<\/p>\n<h3>Typowe obawy<\/h3>\n<p>Niekt\u00f3rzy u\u017cytkownicy wyrazili obawy dotycz\u0105ce pocz\u0105tkowej krzywej uczenia si\u0119 i potrzeby urz\u0105dzenia z obs\u0142ug\u0105 NFC. Jednak po zapoznaniu si\u0119 z technologi\u0105 wi\u0119kszo\u015b\u0107 uwa\u017ca, \u017ce znacznie usprawnia ona ich codzienn\u0105 rutyn\u0119.<\/p>\n<h2>Cz\u0119sto zadawane pytania<\/h2>\n<p><strong>P: Jaka jest pojemno\u015b\u0107 pami\u0119ci breloka NFC?<\/strong><br \/>\nA: W zale\u017cno\u015bci od modelu, breloki NFC mog\u0105 przechowywa\u0107 r\u00f3\u017cn\u0105 ilo\u015b\u0107 danych, zazwyczaj od prostych adres\u00f3w URL po bardziej z\u0142o\u017cone informacje kontaktowe.<\/p>\n<p><strong>P: Czy mog\u0119 u\u017cywa\u0107 breloka NFC do p\u0142atno\u015bci zbli\u017ceniowych?<\/strong><br \/>\nO: Cho\u0107 niekt\u00f3re breloki NFC mo\u017cna zaprogramowa\u0107 do obs\u0142ugi funkcji p\u0142atniczych, w du\u017cej mierze zale\u017cy to od rodzaju chipa i kompatybilno\u015bci z systemami p\u0142atno\u015bci.<\/p>\n<p><strong>P: Czy breloki NFC s\u0105 wodoodporne?<\/strong><br \/>\nA: Wiele brelok\u00f3w NFC jest zaprojektowanych tak, aby by\u0142y wodoodporne lub odporne na dzia\u0142anie wody, dzi\u0119ki czemu wytrzymuj\u0105 codzienne u\u017cytkowanie.<\/p>\n<h2>Wniosek<\/h2>\n<p>Jaki\u015b <strong>Brelok NFC<\/strong> jest czym\u015b wi\u0119cej ni\u017c tylko stylowym dodatkiem; jest bram\u0105 do m\u0105drzejszego, bardziej po\u0142\u0105czonego \u017cycia. Dzi\u0119ki <strong>dostosowywalny<\/strong> funkcje, solidne zabezpieczenia i szeroki zakres zastosowa\u0144, to inwestycja, kt\u00f3ra poprawia zar\u00f3wno \u017cycie osobiste, jak i zawodowe. Niezale\u017cnie od tego, czy jeste\u015b entuzjast\u0105 technologii, czy profesjonalist\u0105 biznesowym, brelok NFC to niezb\u0119dne narz\u0119dzie w erze cyfrowej.<\/p>","protected":false},"excerpt":{"rendered":"<p><strong><em>Brelok NFC Ntag213 Ntag215 Ntag216<\/em><\/strong> oferuje idealne po\u0142\u0105czenie bezpiecze\u0144stwa, niezawodno\u015bci i wygody u\u017cytkownika. Jego <strong>technologia bezkontaktowa<\/strong>, <strong>kompaktowa konstrukcja<\/strong>, I <strong>wszechstronno\u015b\u0107 zastosowa\u0144<\/strong> czyni\u0105 go idealnym wyborem dla nowoczesnych system\u00f3w kontroli dost\u0119pu, p\u0142atno\u015bci i identyfikacji.<\/p>","protected":false},"featured_media":2865,"template":"","meta":{"_kad_post_transparent":"default","_kad_post_title":"","_kad_post_layout":"default","_kad_post_sidebar_id":"","_kad_post_content_style":"default","_kad_post_vertical_padding":"default","_kad_post_feature":"","_kad_post_feature_position":"","_kad_post_header":false,"_kad_post_footer":false,"_kad_post_classname":""},"product_brand":[],"product_cat":[54],"product_tag":[346,349,344,345,343],"class_list":{"0":"post-2864","1":"product","2":"type-product","3":"status-publish","4":"has-post-thumbnail","6":"product_cat-hot-selling-rfid-tags","7":"product_tag-nfc-key-tag","8":"product_tag-nfc-key-tags","9":"product_tag-nfc-keychain","10":"product_tag-rfid-fob","11":"product_tag-rfid-keyfobs","13":"first","14":"instock","15":"shipping-taxable","16":"product-type-simple","17":"entry","18":"content-bg","19":"loop-entry"},"_links":{"self":[{"href":"https:\/\/rfid-laundry-tag.com\/pl\/wp-json\/wp\/v2\/product\/2864","targetHints":{"allow":["GET"]}}],"collection":[{"href":"https:\/\/rfid-laundry-tag.com\/pl\/wp-json\/wp\/v2\/product"}],"about":[{"href":"https:\/\/rfid-laundry-tag.com\/pl\/wp-json\/wp\/v2\/types\/product"}],"version-history":[{"count":2,"href":"https:\/\/rfid-laundry-tag.com\/pl\/wp-json\/wp\/v2\/product\/2864\/revisions"}],"predecessor-version":[{"id":2867,"href":"https:\/\/rfid-laundry-tag.com\/pl\/wp-json\/wp\/v2\/product\/2864\/revisions\/2867"}],"wp:featuredmedia":[{"embeddable":true,"href":"https:\/\/rfid-laundry-tag.com\/pl\/wp-json\/wp\/v2\/media\/2865"}],"wp:attachment":[{"href":"https:\/\/rfid-laundry-tag.com\/pl\/wp-json\/wp\/v2\/media?parent=2864"}],"wp:term":[{"taxonomy":"product_brand","embeddable":true,"href":"https:\/\/rfid-laundry-tag.com\/pl\/wp-json\/wp\/v2\/product_brand?post=2864"},{"taxonomy":"product_cat","embeddable":true,"href":"https:\/\/rfid-laundry-tag.com\/pl\/wp-json\/wp\/v2\/product_cat?post=2864"},{"taxonomy":"product_tag","embeddable":true,"href":"https:\/\/rfid-laundry-tag.com\/pl\/wp-json\/wp\/v2\/product_tag?post=2864"}],"curies":[{"name":"wp","href":"https:\/\/api.w.org\/{rel}","templated":true}]}}