{"id":2860,"date":"2024-11-05T13:06:31","date_gmt":"2024-11-05T13:06:31","guid":{"rendered":"https:\/\/rfid-laundry-tag.com\/?post_type=product&#038;p=2860"},"modified":"2024-11-05T13:13:50","modified_gmt":"2024-11-05T13:13:50","slug":"rfid-keyfobs-abs-iso14443a","status":"publish","type":"product","link":"https:\/\/rfid-laundry-tag.com\/pl\/rfid-keyfobs-abs-iso14443a\/","title":{"rendered":"Breloczki RFID ABS ISO14443A"},"content":{"rendered":"<h2>Breloczki RFID ABS ISO14443A<\/h2>\n<table class=\"has-title all magic-13\">\n<tbody>\n<tr>\n<td colspan=\"1\" rowspan=\"2\">\n<div class=\"magic-14\">tworzywo<\/div>\n<\/td>\n<td colspan=\"1\" rowspan=\"1\">\n<div class=\"magic-15\">Materia\u0142 anteny:Folia aluminiowa<\/div>\n<\/td>\n<\/tr>\n<tr>\n<td colspan=\"1\" rowspan=\"1\">\n<div class=\"magic-15\" data-spm-anchor-id=\"a2700.details.0.i43.3c939b1b0qFtg1\">materia\u0142 powierzchni: ABS\/sk\u00f3ra\/drewno<\/div>\n<\/td>\n<\/tr>\n<tr>\n<td colspan=\"1\" rowspan=\"1\">\n<div class=\"magic-17\">rozmiar<\/div>\n<\/td>\n<td colspan=\"1\" rowspan=\"1\">\n<div class=\"magic-15\" data-spm-anchor-id=\"a2700.details.0.i41.3c939b1b0qFtg1\">40,38*31,5 mm, 35,5*28 mm, 51,5*32 mm lub niestandardowe<\/div>\n<\/td>\n<\/tr>\n<tr>\n<td colspan=\"1\" rowspan=\"1\">\n<div class=\"magic-17\">Rzemios\u0142o na zam\u00f3wienie<\/div>\n<\/td>\n<td colspan=\"1\" rowspan=\"1\">\n<div class=\"magic-15\">logo Sitodruk\/kod UID, kod serii lub dostosowany<\/div>\n<\/td>\n<\/tr>\n<tr>\n<td colspan=\"1\" rowspan=\"1\">\n<div class=\"magic-17\">Temperatura pracy<\/div>\n<\/td>\n<td colspan=\"1\" rowspan=\"1\">\n<div class=\"magic-15\">-20\u00b0C~+90 \u00b0C<\/div>\n<\/td>\n<\/tr>\n<tr>\n<td colspan=\"1\" rowspan=\"1\">\n<div class=\"magic-17\">kodowa\u0107<\/div>\n<\/td>\n<td colspan=\"1\" rowspan=\"1\">\n<div class=\"magic-15\">Dost\u0119pny chip z mo\u017cliwo\u015bci\u0105 zapisu<\/div>\n<\/td>\n<\/tr>\n<tr>\n<td colspan=\"1\" rowspan=\"1\">\n<div class=\"magic-17\">opcje kolor\u00f3w<\/div>\n<\/td>\n<td colspan=\"1\" rowspan=\"1\">\n<div class=\"magic-15\" data-spm-anchor-id=\"a2700.details.0.i42.3c939b1b0qFtg1\">Czerwony, niebieski, czarny, fioletowy, pomara\u0144czowy, \u017c\u00f3\u0142ty (mo\u017cna dostosowa\u0107)<\/div>\n<\/td>\n<\/tr>\n<tr>\n<td colspan=\"1\" rowspan=\"1\">\n<div class=\"magic-17\">odleg\u0142o\u015b\u0107 czytania<\/div>\n<\/td>\n<td colspan=\"1\" rowspan=\"1\">\n<div class=\"magic-15\">1~10cm (w zale\u017cno\u015bci od czytnika)<\/div>\n<\/td>\n<\/tr>\n<tr>\n<td colspan=\"1\" rowspan=\"1\">\n<div class=\"magic-17\">aplikacje<\/div>\n<\/td>\n<td colspan=\"1\" rowspan=\"1\">\n<div class=\"magic-15\" data-spm-anchor-id=\"a2700.details.0.i40.3c939b1b0qFtg1\">system cz\u0142onkostwa\/si\u0142ownia\/kontrola dost\u0119pu\/p\u0142atno\u015bci itp.<\/div>\n<\/td>\n<\/tr>\n<\/tbody>\n<\/table>\n<p><strong>Breloczki RFID<\/strong> s\u0105 na czele bezpiecznego, wygodnego zarz\u0105dzania dost\u0119pem. Te ma\u0142e, lekkie urz\u0105dzenia wykorzystuj\u0105 <strong>identyfikacja radiowa<\/strong> (RFID) technologia umo\u017cliwiaj\u0105ca szybkie i bezproblemowe wej\u015bcie do zabezpieczonych obszar\u00f3w. S\u0105 one powszechnie stosowane w r\u00f3\u017cnych bran\u017cach, w tym w hotelarstwie, budynkach biurowych i nieruchomo\u015bciach mieszkalnych, w celu zapewnienia bezpiecznych system\u00f3w kontroli dost\u0119pu.<\/p>\n<p>W tym opisie produktu przyjrzymy si\u0119 bli\u017cej jego funkcjom i zaletom <strong>Breloczki RFID<\/strong>, skupiaj\u0105c si\u0119 na <strong>ABS ISO14443A<\/strong> specyfikacja. Om\u00f3wimy, dlaczego te breloki s\u0105 preferowanym wyborem zar\u00f3wno dla firm, jak i os\u00f3b poszukuj\u0105cych wydajnych, bezpiecznych i \u0142atwych w u\u017cyciu rozwi\u0105za\u0144 dost\u0119pu.<\/p>\n<p><strong>Breloczki RFID<\/strong> s\u0105 na czele bezpiecznego, wygodnego zarz\u0105dzania dost\u0119pem. Te ma\u0142e, lekkie urz\u0105dzenia wykorzystuj\u0105 <strong>identyfikacja radiowa<\/strong> (RFID) technologia umo\u017cliwiaj\u0105ca szybkie i bezproblemowe wej\u015bcie do zabezpieczonych obszar\u00f3w. S\u0105 one powszechnie stosowane w r\u00f3\u017cnych bran\u017cach, w tym w hotelarstwie, budynkach biurowych i nieruchomo\u015bciach mieszkalnych, w celu zapewnienia bezpiecznych system\u00f3w kontroli dost\u0119pu.<\/p>\n<h2><strong>Czym jest brelok RFID?<\/strong><\/h2>\n<p>Jaki\u015b <strong>Brelok RFID<\/strong> jest kompaktowym, przeno\u015bnym urz\u0105dzeniem, kt\u00f3re komunikuje si\u0119 z <strong>Czytnik RFID<\/strong> aby udzieli\u0107 dost\u0119pu do bezpiecznego obszaru. Zazwyczaj zawiera ma\u0142y mikroprocesor i anten\u0119 osadzone w trwa\u0142ym <strong>Obudowa ABS<\/strong>. Ten <strong>Cz\u0119stotliwo\u015b\u0107 13,56 MHz<\/strong> Technologia RFID stosowana w brelokach ISO14443A gwarantuje niezawodne i szybkie wykrywanie, dzi\u0119ki czemu s\u0105 one niezwykle skutecznym rozwi\u0105zaniem w systemach kontroli dost\u0119pu.<\/p>\n<p>W przeciwie\u0144stwie do tradycyjnych kluczy lub kart, <strong>Brelok RFID<\/strong> nie wymaga fizycznego kontaktu z czytelnikiem, dzia\u0142a na <strong>bezkontaktowy<\/strong> zasady, dzi\u0119ki czemu jest bezpieczniejszy i wygodniejszy. U\u017cytkownicy mog\u0105 po prostu dotkn\u0105\u0107 swojego breloka w pobli\u017cu czytnika, aby uzyska\u0107 dost\u0119p, eliminuj\u0105c potrzeb\u0119 r\u0119cznego odblokowywania lub kod\u00f3w PIN.<\/p>\n<hr \/>\n<h2><strong>G\u0142\u00f3wne cechy brelok\u00f3w RFID<\/strong><\/h2>\n<h3><strong>1. Bezpieczna kontrola dost\u0119pu<\/strong><\/h3>\n<p>Jedn\u0105 z najwi\u0119kszych zalet korzystania z <strong>Breloczki RFID<\/strong> jest wzmocnione bezpiecze\u0144stwo. Urz\u0105dzenia te oferuj\u0105 wiele warstw ochrony, w tym protoko\u0142y szyfrowania, zapobiegaj\u0105c dost\u0119powi nieautoryzowanych u\u017cytkownik\u00f3w. <strong>13,56MHz<\/strong> cz\u0119stotliwo\u015b\u0107 u\u017cywana przez <strong>Breloczki ISO14443A<\/strong> zapewnia wysok\u0105 kompatybilno\u015b\u0107 z r\u00f3\u017cnymi <strong>systemy kontroli dost\u0119pu<\/strong>od zamk\u00f3w hotelowych po wej\u015bcia do drzwi biurowych.<\/p>\n<p>Dzi\u0119ki zastosowaniu technologii RFID, <strong>Breloczki RFID<\/strong> oferta <strong>wej\u015bcie bezkluczykowe<\/strong>, zmniejszaj\u0105c ryzyko wytrychowania lub nieautoryzowanego powielania. Po zintegrowaniu z <strong>kontrola dost\u0119pu<\/strong> W systemach te breloki pe\u0142ni\u0105 funkcj\u0119 bezpiecznego tokena umo\u017cliwiaj\u0105cego weryfikacj\u0119 i uwierzytelnianie u\u017cytkownik\u00f3w przy minimalnym wysi\u0142ku.<\/p>\n<h3><strong>2. Trwa\u0142a konstrukcja ABS<\/strong><\/h3>\n<p>Budowa <strong>Breloczki RFID<\/strong> jest r\u00f3wnie wa\u017cne jak ich funkcjonalno\u015b\u0107. Te breloki s\u0105 wykonane z <strong>Tworzywo ABS<\/strong>, kt\u00f3ry jest trwa\u0142ym, lekkim materia\u0142em, kt\u00f3ry mo\u017ce wytrzyma\u0107 r\u00f3\u017cne warunki \u015brodowiskowe. Niezale\u017cnie od tego, czy u\u017cywasz ich w biurze, czy nosisz je na breloczku, te breloki s\u0105 zbudowane tak, aby s\u0142u\u017cy\u0142y d\u0142ugo.<\/p>\n<p>Ten <strong>Obudowa ABS<\/strong> nie tylko chroni wewn\u0119trzne komponenty, ale tak\u017ce zapewnia, \u017ce brelok pozostaje sprawny nawet po d\u0142u\u017cszym u\u017cytkowaniu. Ich kompaktowy rozmiar i solidna konstrukcja sprawiaj\u0105, \u017ce s\u0105 odporne na zu\u017cycie, zapewniaj\u0105c d\u0142ugotrwa\u0142e rozwi\u0105zanie dla potrzeb kontroli dost\u0119pu.<\/p>\n<h3><strong>3. \u0141atwa integracja z systemami RFID<\/strong><\/h3>\n<p><strong>Breloczki RFID<\/strong> s\u0105 w pe\u0142ni kompatybilne z wi\u0119kszo\u015bci\u0105 <strong>Systemy RFID<\/strong>. Niezale\u017cnie od tego, czy przechodzisz z tradycyjnych kart-kluczy, czy instalujesz zupe\u0142nie nowy system kontroli dost\u0119pu, te breloki bezproblemowo integruj\u0105 si\u0119 z istniej\u0105c\u0105 infrastruktur\u0105. <strong>ISO14443A<\/strong> Standard ten jest powszechnie uznawany i wykorzystywany w r\u00f3\u017cnych ga\u0142\u0119ziach przemys\u0142u, zapewniaj\u0105c kompatybilno\u015b\u0107 z czytnikami i oprogramowaniem.<\/p>\n<p>Ponadto wiele <strong>Breloczki RFID<\/strong> Czy <strong>zapisywalny<\/strong>, umo\u017cliwiaj\u0105c firmom zmian\u0119 danych dost\u0119powych w razie potrzeby bez konieczno\u015bci zakupu nowych brelok\u00f3w. To <strong>elastyczno\u015b\u0107<\/strong> sprawia, \u017ce breloki RFID s\u0105 doskona\u0142\u0105, d\u0142ugoterminow\u0105 inwestycj\u0105 dla organizacji poszukuj\u0105cych skalowalnych rozwi\u0105za\u0144 w zakresie kontroli dost\u0119pu.<\/p>\n<hr \/>\n<h2><strong>Dlaczego warto wybra\u0107 breloki RFID ISO14443A?<\/strong><\/h2>\n<h3><strong>4. Wysoka cz\u0119stotliwo\u015b\u0107 dla szybszej reakcji<\/strong><\/h3>\n<p><strong>Breloczki RFID 13,56 MHz<\/strong>, jak <strong>ISO14443A<\/strong>, oferuj\u0105 zakres wysokiej cz\u0119stotliwo\u015bci, kt\u00f3ry umo\u017cliwia <strong>szybkie wykrywanie<\/strong> i komunikacja z czytnikiem RFID. Ten zakres wysokiej cz\u0119stotliwo\u015bci zapewnia, \u017ce dost\u0119p jest udzielany szybko i sprawnie, poprawiaj\u0105c do\u015bwiadczenie u\u017cytkownika.<\/p>\n<p>Gdy trzymasz brelok blisko czytnika, system szybko identyfikuje dane uwierzytelniaj\u0105ce zapisane w breloku, udzielaj\u0105c dost\u0119pu w u\u0142amku sekundy. Ten szybki czas reakcji jest szczeg\u00f3lnie wa\u017cny w miejscach o du\u017cym nat\u0119\u017ceniu ruchu, zapewniaj\u0105c, \u017ce nie utworz\u0105 si\u0119 kolejki, a ludzie b\u0119d\u0105 mogli wchodzi\u0107 i wychodzi\u0107 bez op\u00f3\u017anie\u0144.<\/p>\n<h3><strong>5. Wszechstronno\u015b\u0107 w wielu zastosowaniach<\/strong><\/h3>\n<p><strong>Breloczki RFID<\/strong> s\u0105 bardzo wszechstronne i mog\u0105 by\u0107 u\u017cywane w wielu zastosowaniach wykraczaj\u0105cych poza zamki do drzwi. Niekt\u00f3re typowe zastosowania <strong>Breloczki RFID<\/strong> w\u0142\u0105cza\u0107:<\/p>\n<ul>\n<li><strong>Dost\u0119p do pokoju hotelowego:<\/strong> Go\u015bcie mog\u0105 u\u017cy\u0107 swojego kluczyka do otwarcia drzwi swojego pokoju hotelowego.<\/li>\n<li><strong>Bezpiecze\u0144stwo w miejscu pracy:<\/strong> Pracownicy mog\u0105 u\u017cywa\u0107 breloka w celu uzyskania dost\u0119pu do biur, serwerowni lub obszar\u00f3w o ograniczonym dost\u0119pie.<\/li>\n<li><strong>P\u0142atno\u015b\u0107 i identyfikacja:<\/strong> Niekt\u00f3rzy <strong>Breloczki RFID<\/strong> mo\u017ce by\u0107 r\u00f3wnie\u017c wykorzystany do dokonywania p\u0142atno\u015bci lub identyfikacji w programach cz\u0142onkowskich.<\/li>\n<\/ul>\n<p>Dzi\u0119ki niewielkim rozmiarom i \u0142atwo\u015bci przenoszenia, breloki te stanowi\u0105 wygodne rozwi\u0105zanie dla wielu bran\u017c.<\/p>\n<h3><strong>6. Technologia bezkontaktowa dla wygody i higieny<\/strong><\/h3>\n<p>W dzisiejszym \u015bwiecie, <strong>technologia bezkontaktowa<\/strong> zyska\u0142 znaczn\u0105 uwag\u0119 ze wzgl\u0119du na korzy\u015bci higieniczne, jakie zapewnia. <strong>Breloczki RFID<\/strong> s\u0105 bezkontaktowe, co oznacza, \u017ce u\u017cytkownicy nie musz\u0105 fizycznie dotyka\u0107 zamka ani czytnika. Zmniejsza to ryzyko przenoszenia zarazk\u00f3w i bakterii, co czyni je idealnym wyborem dla \u015brodowisk takich jak szpitale, szko\u0142y i biura, w kt\u00f3rych higiena ma kluczowe znaczenie.<\/p>\n<p>Co wi\u0119cej, to <strong>wej\u015bcie bezkluczykowe<\/strong> system dodaje wygody. U\u017cytkownicy nie musz\u0105 szuka\u0107 kluczy ani pami\u0119ta\u0107 kod\u00f3w PIN \u2014 mog\u0105 po prostu nosi\u0107 przy sobie <strong>Brelok RFID<\/strong> na breloku lub w kieszeni, gotowe do u\u017cycia w ka\u017cdej chwili.<\/p>\n<p>Te <strong>Breloczki RFID<\/strong> dzia\u0142a\u0107 w <strong>Cz\u0119stotliwo\u015b\u0107 13,56 MHz<\/strong>, dzi\u0119ki czemu s\u0105 kompatybilne z wi\u0119kszo\u015bci\u0105 <strong>Czytniki RFID<\/strong> stosowane w nowoczesnych systemach kontroli dost\u0119pu. Breloki wykonane s\u0105 z wysokiej jako\u015bci <strong>Tworzywo ABS<\/strong>, zapewniaj\u0105c trwa\u0142\u0105 i lekk\u0105 konstrukcj\u0119, kt\u00f3ra jest zar\u00f3wno przeno\u015bna, jak i trwa\u0142a.<\/p>\n<hr \/>\n<h2><strong>Wp\u0142yw na \u015brodowisko i zr\u00f3wnowa\u017cony rozw\u00f3j<\/strong><\/h2>\n<p>W miar\u0119 jak organizacje zmierzaj\u0105 w kierunku <strong>dost\u0119p bezkontaktowy<\/strong> i rozwi\u0105za\u0144 bezpiecze\u0144stwa, wa\u017cne jest, aby wzi\u0105\u0107 pod uwag\u0119 wp\u0142yw tych produkt\u00f3w na \u015brodowisko. <strong>Tworzywo ABS<\/strong> u\u017cywany w <strong>Breloczki RFID<\/strong> jest szeroko poddawanym recyklingowi materia\u0142em. Dodatkowo, <strong>Systemy RFID<\/strong> same w sobie pomagaj\u0105 zmniejszy\u0107 potrzeb\u0119 u\u017cywania fizycznych kluczy i tradycyjnych zamk\u00f3w, co dodatkowo zmniejsza og\u00f3lny wp\u0142yw na \u015brodowisko.<\/p>\n<p>Co wi\u0119cej, wiele <strong>Breloczki RFID<\/strong> mo\u017ce by\u0107 <strong>przepisany<\/strong>, co oznacza, \u017ce nie ma potrzeby ich ci\u0105g\u0142ej wymiany. To zmniejsza ilo\u015b\u0107 odpad\u00f3w elektronicznych, co czyni je zr\u00f3wnowa\u017conym wyborem dla firm i os\u00f3b poszukuj\u0105cych ekologicznych rozwi\u0105za\u0144.<\/p>\n<hr \/>\n<h2><strong>Opinie i opinie klient\u00f3w<\/strong><\/h2>\n<p>Wielu klient\u00f3w docenia wygod\u0119 i bezpiecze\u0144stwo, jakie oferuje <strong>Breloczki RFID<\/strong> zapewni\u0107. Oto kr\u00f3tkie podsumowanie typowych opinii:<\/p>\n<ul>\n<li><strong>\u201eWygodny i szybki dost\u0119p!\u201d<\/strong> \u2013 Wielu u\u017cytkownik\u00f3w podkre\u015bla szybko\u015b\u0107 i wydajno\u015b\u0107 <strong>Breloczki RFID<\/strong>Szybki czas reakcji sprawia, \u017ce s\u0105 idealnym wyborem dla \u015brodowisk o du\u017cym nat\u0119\u017ceniu ruchu, takich jak budynki biurowe i hotele.<\/li>\n<li><strong>\u201eTrwa\u0142e i niezawodne\u201d<\/strong> \u2013 Klienci doceniaj\u0105 r\u00f3wnie\u017c <strong>trwa\u0142a konstrukcja<\/strong> brelok\u00f3w, przy czym wielu z nich zauwa\u017cy\u0142o, \u017ce wytrzymuj\u0105 one miesi\u0105ce lub lata codziennego u\u017cytkowania.<\/li>\n<li><strong>\u201e\u015awietne dla hoteli\u201d<\/strong> \u2013 Firmy z bran\u017cy hotelarskiej ceni\u0105 sobie \u0142atwo\u015b\u0107 u\u017cytkowania <strong>Breloczki RFID<\/strong> dla go\u015bci, eliminuj\u0105c potrzeb\u0119 u\u017cywania tradycyjnych kluczy do pokoi.<\/li>\n<\/ul>\n<hr \/>\n<h2><strong>Cz\u0119sto zadawane pytania<\/strong><\/h2>\n<h3><strong>1. Czy breloki RFID mo\u017cna programowa\u0107?<\/strong><\/h3>\n<p>Tak, wiele <strong>Breloczki RFID<\/strong> Czy <strong>zapisywalny<\/strong>, co oznacza, \u017ce mo\u017cesz zmieni\u0107 dane w nich zapisane, takie jak dane uwierzytelniaj\u0105ce.<\/p>\n<h3><strong>2. Jak daleko mo\u017ce przesy\u0142a\u0107 sygna\u0142 brelok RFID?<\/strong><\/h3>\n<p>Zasi\u0119g <strong>Brelok RFID<\/strong> zwykle rozci\u0105ga si\u0119 od <strong>od 0 do 10 cm<\/strong> w zale\u017cno\u015bci od czytelnika i warunk\u00f3w \u015brodowiskowych.<\/p>\n<h3><strong>3. Czy breloki RFID s\u0105 bezpieczne?<\/strong><\/h3>\n<p>Tak, <strong>Breloczki RFID<\/strong> s\u0105 bardzo bezpieczne. Cz\u0119sto zawieraj\u0105 szyfrowanie i inne funkcje ochronne, aby zapobiec nieautoryzowanemu dost\u0119powi.<\/p>\n<h3><strong>4. W jakich bran\u017cach wykorzystuje si\u0119 breloki RFID?<\/strong><\/h3>\n<p><strong>Breloczki RFID<\/strong> s\u0105 wykorzystywane w wielu ga\u0142\u0119ziach przemys\u0142u, m.in. w hotelarstwie, s\u0142u\u017cbie zdrowia, biurach korporacyjnych, a nawet w kluczykach samochodowych.<\/p>\n<hr \/>\n<h2><strong>Podsumowanie: Dlaczego warto kupi\u0107 breloki RFID?<\/strong><\/h2>\n<p>Inwestowanie w <strong>Breloczki RFID<\/strong> zapewnia zwi\u0119kszone bezpiecze\u0144stwo, wygod\u0119 i trwa\u0142o\u015b\u0107 zar\u00f3wno dla firm, jak i os\u00f3b prywatnych. Niezale\u017cnie od tego, czy chcesz usprawni\u0107 swoje <strong>system kontroli dost\u0119pu<\/strong>, wdro\u017cy\u0107 <strong>wej\u015bcie bezkluczykowe<\/strong> w Twoim hotelu lub popraw bezpiecze\u0144stwo w swoim biurze, <strong>Breloczki RFID<\/strong> s\u0105 praktycznym rozwi\u0105zaniem, kt\u00f3re jest zar\u00f3wno op\u0142acalne, jak i niezawodne.<\/p>\n<p>Dzi\u0119ki zaawansowanej technologii, \u0142atwa integracja z <strong>Systemy RFID<\/strong>i trwa\u0142a konstrukcja, <strong>Breloczki RFID<\/strong> stanowi\u0105 przysz\u0142o\u015bciowe rozwi\u0105zanie dzisiejszych problem\u00f3w bezpiecze\u0144stwa.<\/p>\n<p>&nbsp;<\/p>","protected":false},"excerpt":{"rendered":"<p><strong>Breloki RFID<\/strong> ABS ISO14443A oferuje dwie cz\u0119stotliwo\u015bci (13,56 MHz\/125 kHz), wytrzyma\u0142\u0105 konstrukcj\u0119, programowalny UID i zaawansowane funkcje bezpiecze\u0144stwa, takie jak ochrona przed klonowaniem i szyfrowana komunikacja.<\/p>","protected":false},"featured_media":2861,"template":"","meta":{"_kad_post_transparent":"default","_kad_post_title":"","_kad_post_layout":"default","_kad_post_sidebar_id":"","_kad_post_content_style":"default","_kad_post_vertical_padding":"default","_kad_post_feature":"","_kad_post_feature_position":"","_kad_post_header":false,"_kad_post_footer":false,"_kad_post_classname":""},"product_brand":[],"product_cat":[54],"product_tag":[346,344,345,343,351,350],"class_list":{"0":"post-2860","1":"product","2":"type-product","3":"status-publish","4":"has-post-thumbnail","6":"product_cat-hot-selling-rfid-tags","7":"product_tag-nfc-key-tag","8":"product_tag-nfc-keychain","9":"product_tag-rfid-fob","10":"product_tag-rfid-keyfobs","11":"product_tag-rfid-keyfobs-abs","12":"product_tag-rfid-keyfobs-iso14443a","14":"first","15":"instock","16":"shipping-taxable","17":"product-type-simple","18":"entry","19":"content-bg","20":"loop-entry"},"_links":{"self":[{"href":"https:\/\/rfid-laundry-tag.com\/pl\/wp-json\/wp\/v2\/product\/2860","targetHints":{"allow":["GET"]}}],"collection":[{"href":"https:\/\/rfid-laundry-tag.com\/pl\/wp-json\/wp\/v2\/product"}],"about":[{"href":"https:\/\/rfid-laundry-tag.com\/pl\/wp-json\/wp\/v2\/types\/product"}],"version-history":[{"count":2,"href":"https:\/\/rfid-laundry-tag.com\/pl\/wp-json\/wp\/v2\/product\/2860\/revisions"}],"predecessor-version":[{"id":2863,"href":"https:\/\/rfid-laundry-tag.com\/pl\/wp-json\/wp\/v2\/product\/2860\/revisions\/2863"}],"wp:featuredmedia":[{"embeddable":true,"href":"https:\/\/rfid-laundry-tag.com\/pl\/wp-json\/wp\/v2\/media\/2861"}],"wp:attachment":[{"href":"https:\/\/rfid-laundry-tag.com\/pl\/wp-json\/wp\/v2\/media?parent=2860"}],"wp:term":[{"taxonomy":"product_brand","embeddable":true,"href":"https:\/\/rfid-laundry-tag.com\/pl\/wp-json\/wp\/v2\/product_brand?post=2860"},{"taxonomy":"product_cat","embeddable":true,"href":"https:\/\/rfid-laundry-tag.com\/pl\/wp-json\/wp\/v2\/product_cat?post=2860"},{"taxonomy":"product_tag","embeddable":true,"href":"https:\/\/rfid-laundry-tag.com\/pl\/wp-json\/wp\/v2\/product_tag?post=2860"}],"curies":[{"name":"wp","href":"https:\/\/api.w.org\/{rel}","templated":true}]}}