{"id":2853,"date":"2024-11-05T12:54:13","date_gmt":"2024-11-05T12:54:13","guid":{"rendered":"https:\/\/rfid-laundry-tag.com\/?post_type=product&#038;p=2853"},"modified":"2024-11-05T13:04:21","modified_gmt":"2024-11-05T13:04:21","slug":"proximity-abs-tk4100-key-fob","status":"publish","type":"product","link":"https:\/\/rfid-laundry-tag.com\/pl\/proximity-abs-tk4100-key-fob\/","title":{"rendered":"Brelok ABS TK4100 z funkcj\u0105 zbli\u017ceniow\u0105"},"content":{"rendered":"<h2>Brelok ABS TK4100 z funkcj\u0105 zbli\u017ceniow\u0105<\/h2>\n<table class=\"has-title all magic-13\">\n<tbody>\n<tr>\n<td colspan=\"1\" rowspan=\"2\">\n<div class=\"magic-14\">tworzywo<\/div>\n<\/td>\n<td colspan=\"1\" rowspan=\"1\">\n<div class=\"magic-15\">Materia\u0142 anteny:Folia aluminiowa<\/div>\n<\/td>\n<\/tr>\n<tr>\n<td colspan=\"1\" rowspan=\"1\">\n<div class=\"magic-15\">materia\u0142 powierzchni: ABS\/sk\u00f3ra\/drewno<\/div>\n<\/td>\n<\/tr>\n<tr>\n<td colspan=\"1\" rowspan=\"1\">\n<div class=\"magic-17\">rozmiar<\/div>\n<\/td>\n<td colspan=\"1\" rowspan=\"1\">\n<div class=\"magic-15\" data-spm-anchor-id=\"a2700.details.0.i41.3c939b1b0qFtg1\">40,38*31,5 mm, 35,5*28 mm, 51,5*32 mm lub niestandardowe<\/div>\n<\/td>\n<\/tr>\n<tr>\n<td colspan=\"1\" rowspan=\"1\">\n<div class=\"magic-17\">Rzemios\u0142o na zam\u00f3wienie<\/div>\n<\/td>\n<td colspan=\"1\" rowspan=\"1\">\n<div class=\"magic-15\">logo Sitodruk\/kod UID, kod serii lub dostosowany<\/div>\n<\/td>\n<\/tr>\n<tr>\n<td colspan=\"1\" rowspan=\"1\">\n<div class=\"magic-17\">Temperatura pracy<\/div>\n<\/td>\n<td colspan=\"1\" rowspan=\"1\">\n<div class=\"magic-15\">-20\u00b0C~+90 \u00b0C<\/div>\n<\/td>\n<\/tr>\n<tr>\n<td colspan=\"1\" rowspan=\"1\">\n<div class=\"magic-17\">kodowa\u0107<\/div>\n<\/td>\n<td colspan=\"1\" rowspan=\"1\">\n<div class=\"magic-15\">Dost\u0119pny chip z mo\u017cliwo\u015bci\u0105 zapisu<\/div>\n<\/td>\n<\/tr>\n<tr>\n<td colspan=\"1\" rowspan=\"1\">\n<div class=\"magic-17\">opcje kolor\u00f3w<\/div>\n<\/td>\n<td colspan=\"1\" rowspan=\"1\">\n<div class=\"magic-15\">Czerwony, niebieski, czarny, fioletowy, pomara\u0144czowy, \u017c\u00f3\u0142ty (mo\u017cna dostosowa\u0107)<\/div>\n<\/td>\n<\/tr>\n<tr>\n<td colspan=\"1\" rowspan=\"1\">\n<div class=\"magic-17\">odleg\u0142o\u015b\u0107 czytania<\/div>\n<\/td>\n<td colspan=\"1\" rowspan=\"1\">\n<div class=\"magic-15\">1~10cm (w zale\u017cno\u015bci od czytnika)<\/div>\n<\/td>\n<\/tr>\n<tr>\n<td colspan=\"1\" rowspan=\"1\">\n<div class=\"magic-17\">aplikacje<\/div>\n<\/td>\n<td colspan=\"1\" rowspan=\"1\">\n<div class=\"magic-15\" data-spm-anchor-id=\"a2700.details.0.i40.3c939b1b0qFtg1\">system cz\u0142onkostwa\/si\u0142ownia\/kontrola dost\u0119pu\/p\u0142atno\u015bci itp.<\/div>\n<\/td>\n<\/tr>\n<\/tbody>\n<\/table>\n<p>&nbsp;<\/p>\n<p>Ka\u017cdy <strong>Brelok ABS TK4100 z funkcj\u0105 zbli\u017ceniow\u0105<\/strong> jest wst\u0119pnie zaprogramowany z unikalnym cyfrowym numerem identyfikacyjnym, co czyni go idealnym wyborem do zastosowa\u0144 w technologii RFID <strong>Systemy kontroli dost\u0119pu zbli\u017ceniowego<\/strong>. Te breloki s\u0105 zaprojektowane tak, aby bezproblemowo integrowa\u0107 si\u0119 z systemami zarz\u0105dzaj\u0105cymi dost\u0119pem do drzwi, zamk\u00f3w elektrycznych, a nawet wideodomofon\u00f3w, zapewniaj\u0105c bezpieczne i niezawodne mo\u017cliwo\u015bci odblokowywania.<\/p>\n<p>Breloczki wykonane s\u0105 z trwa\u0142ego materia\u0142u <strong>Materia\u0142 ABS<\/strong>, oferuj\u0105c <strong>wodoodporny<\/strong> ochrona zapewniaj\u0105ca d\u0142ugotrwa\u0142\u0105 wydajno\u015b\u0107 w r\u00f3\u017cnych \u015brodowiskach. Ka\u017cdy brelok jest przymocowany do <strong>metalowy brelok<\/strong>, co u\u0142atwia przenoszenie i mocowanie do brelok\u00f3w lub smyczy. Dzi\u0119ki temu s\u0105 wygodne dla u\u017cytkownik\u00f3w, a jednocze\u015bnie zachowuj\u0105 funkcjonalno\u015b\u0107 w trudnych warunkach.<\/p>\n<p>Te breloki s\u0105 powszechnie u\u017cywane w <strong>systemy kontroli dost\u0119pu<\/strong>, umo\u017cliwiaj\u0105c funkcje takie jak odblokowywanie drzwi, zarz\u0105dzanie has\u0142ami i uprawnienia dost\u0119pu. S\u0105 to <strong>kompatybilny ze standardowymi urz\u0105dzeniami dost\u0119powymi EM ID<\/strong> Lub <strong>Czytniki ID<\/strong>, co czyni je niezwykle wszechstronnymi i przydatnymi w r\u00f3\u017cnych zastosowaniach kontroli dost\u0119pu.<\/p>","protected":false},"excerpt":{"rendered":"<p>Ten <strong>Brelok ABS TK4100 z funkcj\u0105 zbli\u017ceniow\u0105<\/strong> jest wysoce niezawodnym, trwa\u0142ym i bezpiecznym brelokiem RFID, odpowiednim do r\u00f3\u017cnych system\u00f3w kontroli dost\u0119pu. Wst\u0119pnie zaprogramowany z unikalnym identyfikatorem, jest szeroko stosowany do <strong>otwieranie drzwi<\/strong>, <strong>zarz\u0105dzanie has\u0142ami<\/strong>i wi\u0119cej. Wykonany z wodoodpornego materia\u0142u ABS z metalowym brelokiem, idealny do u\u017cytku wewn\u0105trz i na zewn\u0105trz.<\/p>","protected":false},"featured_media":2855,"template":"","meta":{"_kad_post_transparent":"default","_kad_post_title":"","_kad_post_layout":"default","_kad_post_sidebar_id":"","_kad_post_content_style":"default","_kad_post_vertical_padding":"default","_kad_post_feature":"","_kad_post_feature_position":"","_kad_post_header":false,"_kad_post_footer":false,"_kad_post_classname":""},"product_brand":[],"product_cat":[54],"product_tag":[348,346,349,344,345,343],"class_list":{"0":"post-2853","1":"product","2":"type-product","3":"status-publish","4":"has-post-thumbnail","6":"product_cat-hot-selling-rfid-tags","7":"product_tag-nfc-key-fobs-ntag213","8":"product_tag-nfc-key-tag","9":"product_tag-nfc-key-tags","10":"product_tag-nfc-keychain","11":"product_tag-rfid-fob","12":"product_tag-rfid-keyfobs","14":"first","15":"instock","16":"shipping-taxable","17":"product-type-simple","18":"entry","19":"content-bg","20":"loop-entry"},"_links":{"self":[{"href":"https:\/\/rfid-laundry-tag.com\/pl\/wp-json\/wp\/v2\/product\/2853","targetHints":{"allow":["GET"]}}],"collection":[{"href":"https:\/\/rfid-laundry-tag.com\/pl\/wp-json\/wp\/v2\/product"}],"about":[{"href":"https:\/\/rfid-laundry-tag.com\/pl\/wp-json\/wp\/v2\/types\/product"}],"version-history":[{"count":2,"href":"https:\/\/rfid-laundry-tag.com\/pl\/wp-json\/wp\/v2\/product\/2853\/revisions"}],"predecessor-version":[{"id":2859,"href":"https:\/\/rfid-laundry-tag.com\/pl\/wp-json\/wp\/v2\/product\/2853\/revisions\/2859"}],"wp:featuredmedia":[{"embeddable":true,"href":"https:\/\/rfid-laundry-tag.com\/pl\/wp-json\/wp\/v2\/media\/2855"}],"wp:attachment":[{"href":"https:\/\/rfid-laundry-tag.com\/pl\/wp-json\/wp\/v2\/media?parent=2853"}],"wp:term":[{"taxonomy":"product_brand","embeddable":true,"href":"https:\/\/rfid-laundry-tag.com\/pl\/wp-json\/wp\/v2\/product_brand?post=2853"},{"taxonomy":"product_cat","embeddable":true,"href":"https:\/\/rfid-laundry-tag.com\/pl\/wp-json\/wp\/v2\/product_cat?post=2853"},{"taxonomy":"product_tag","embeddable":true,"href":"https:\/\/rfid-laundry-tag.com\/pl\/wp-json\/wp\/v2\/product_tag?post=2853"}],"curies":[{"name":"wp","href":"https:\/\/api.w.org\/{rel}","templated":true}]}}