{"id":2850,"date":"2024-11-05T12:42:51","date_gmt":"2024-11-05T12:42:51","guid":{"rendered":"https:\/\/rfid-laundry-tag.com\/?post_type=product&#038;p=2850"},"modified":"2024-11-05T12:49:55","modified_gmt":"2024-11-05T12:49:55","slug":"nfc-key-fobs-ntag213","status":"publish","type":"product","link":"https:\/\/rfid-laundry-tag.com\/pl\/nfc-key-fobs-ntag213\/","title":{"rendered":"Breloki NFC Ntag213"},"content":{"rendered":"<h2>Breloki NFC Ntag213<\/h2>\n<p>Breloki NFC, takie jak Ntag213, rewolucjonizuj\u0105 spos\u00f3b, w jaki wchodzimy w interakcje z naszym otoczeniem, oferuj\u0105c bezpieczne, bezkontaktowe rozwi\u0105zania do kontroli dost\u0119pu, identyfikacji i nie tylko. Niezale\u017cnie od tego, czy potrzebujesz systemu bezkluczykowego do swojego biura, hotelu czy samochodu osobowego, brelok NFC Ntag213 zapewnia p\u0142ynne i niezawodne dzia\u0142anie. Ten opis produktu zag\u0142\u0119bia si\u0119 w zalety, funkcje i zastosowania breloka NFC Ntag213, oferuj\u0105c kompleksowe szczeg\u00f3\u0142y dla os\u00f3b rozwa\u017caj\u0105cych t\u0119 zaawansowan\u0105 technologi\u0119.<\/p>\n<hr \/>\n<h2>Przegl\u0105d produktu<\/h2>\n<p>Ten <strong>Brelok NFC Ntag213<\/strong> to wydajne, bezkontaktowe urz\u0105dzenie wykorzystuj\u0105ce technologi\u0119 komunikacji bliskiego zasi\u0119gu (NFC). Ten brelok zaprojektowany tak, aby by\u0142 kompaktowy, bezpieczny i przyjazny dla u\u017cytkownika, umo\u017cliwia szeroki zakres zastosowa\u0144, w tym kontrol\u0119 dost\u0119pu, systemy p\u0142atno\u015bci i uwierzytelnianie produkt\u00f3w. Skupiaj\u0105c si\u0119 na bezpiecze\u0144stwie, \u0142atwo\u015bci u\u017cytkowania i wydajno\u015bci, brelok Ntag213 zapewnia doskona\u0142\u0105 funkcjonalno\u015b\u0107 dla firm, hoteli, dom\u00f3w i nie tylko.<\/p>\n<h3>Dlaczego warto kupi\u0107 brelok NFC Ntag213?<\/h3>\n<p>Ntag213 to co\u015b wi\u0119cej ni\u017c tylko brelok \u2014 to niezawodne i bezpieczne rozwi\u0105zanie dost\u0119pu. Oferuj\u0105c po\u0142\u0105czenie wysokiej jako\u015bci wydajno\u015bci, \u0142atwo\u015bci integracji i kompatybilno\u015bci z istniej\u0105cymi systemami, jest idealnym wyborem dla firm, kt\u00f3re chc\u0105 ulepszy\u0107 swoje \u015brodki bezpiecze\u0144stwa lub os\u00f3b poszukuj\u0105cych bardziej wydajnego sposobu zarz\u0105dzania dost\u0119pem. Oto dlaczego warto zainwestowa\u0107:<\/p>\n<ul>\n<li><strong>Niezawodne bezpiecze\u0144stwo:<\/strong> Dzi\u0119ki wbudowanemu szyfrowaniu i unikalnemu identyfikatorowi (UID) ten brelok gwarantuje bezpieczny dost\u0119p bez ryzyka duplikacji lub nieautoryzowanego u\u017cycia.<\/li>\n<li><strong>D\u0142ugotrwa\u0142a trwa\u0142o\u015b\u0107:<\/strong> Zaprojektowany z my\u015bl\u0105 o codziennym u\u017cytkowaniu brelok NFC Ntag213 charakteryzuje si\u0119 d\u0142ug\u0105 \u017cywotno\u015bci\u0105, si\u0119gaj\u0105c\u0105 100 000 cykli zapisu, oraz czasem przechowywania danych wynosz\u0105cym 10 lat.<\/li>\n<li><strong>Wszechstronna kompatybilno\u015b\u0107:<\/strong> Jego kompatybilno\u015b\u0107 z obydwoma <strong>Systemy RFID 13,56 MHz<\/strong> I <strong>Urz\u0105dzenia obs\u0142uguj\u0105ce technologi\u0119 NFC<\/strong> co czyni je wszechstronnym rozwi\u0105zaniem dla wielu zastosowa\u0144.<\/li>\n<\/ul>\n<p>Przyjrzyjmy si\u0119 bli\u017cej najwa\u017cniejszym funkcjom i zaletom breloka NFC Ntag213.<\/p>\n<hr \/>\n<h2>Technologia NFC: podstawa nowoczesnych rozwi\u0105za\u0144 zabezpieczaj\u0105cych<\/h2>\n<p>Technologia NFC (Near-Field Communication) jest si\u0142\u0105 nap\u0119dow\u0105 system\u00f3w dost\u0119pu bezkontaktowego. <strong>Ntag213<\/strong> jest jednym z najpopularniejszych tag\u00f3w NFC opracowanych przez <strong>P\u00f3\u0142przewodniki NXP\u00ae<\/strong>, przestrzegaj\u0105c <strong>Tag typu 2 forum NFC<\/strong> standard. Zgodno\u015b\u0107 ta zapewnia, \u017ce urz\u0105dzenie dzia\u0142a bezproblemowo ze smartfonami, tabletami i dedykowanymi czytnikami NFC obs\u0142uguj\u0105cymi NFC.<\/p>\n<h3>Bezproblemowa integracja z systemami kontroli dost\u0119pu<\/h3>\n<p>Czy to jest <strong>system wej\u015bcia do hotelu<\/strong>, <strong>wej\u015bcie bezkluczykowe do biura<\/strong>lub osobisty system kontroli dost\u0119pu, technologia NFC upraszcza ten proces. <strong>Brelok NFC Ntag213<\/strong> jest kluczowym elementem nowoczesnych rozwi\u0105za\u0144 dost\u0119powych, oferuj\u0105cym <strong>bezpieczna, bezkontaktowa metoda<\/strong> do odblokowywania drzwi, uzyskiwania dost\u0119pu do obszar\u00f3w o ograniczonym dost\u0119pie, a nawet dokonywania p\u0142atno\u015bci. Dzi\u0119ki intuicyjnym funkcjom zbli\u017ceniowym u\u017cytkownicy mog\u0105 odblokowywa\u0107 drzwi, po prostu trzymaj\u0105c brelok w pobli\u017cu czytnika obs\u0142uguj\u0105cego technologi\u0119 NFC.<\/p>\n<h3>Zwi\u0119kszona wygoda u\u017cytkownika<\/h3>\n<p>Technologia NFC eliminuje potrzeb\u0119 tradycyjnych kluczy lub fizycznych kart, umo\u017cliwiaj\u0105c szybszy i bardziej wydajny dost\u0119p. <strong>odleg\u0142o\u015b\u0107 odczytu<\/strong> do 100 mm (w zale\u017cno\u015bci od geometrii anteny) zapewnia, \u017ce brelok mo\u017cna \u0142atwo zeskanowa\u0107 bez konieczno\u015bci bezpo\u015bredniego kontaktu. Ta funkcja zapewnia dodatkow\u0105 wygod\u0119 zar\u00f3wno w\u0142a\u015bcicielom firm, jak i u\u017cytkownikom.<\/p>\n<hr \/>\n<h2>G\u0142\u00f3wne cechy breloka NFC Ntag213<\/h2>\n<h3>1. <strong>Wbudowane funkcje bezpiecze\u0144stwa zapewniaj\u0105ce bezpieczny dost\u0119p<\/strong><\/h3>\n<p>Bezpiecze\u0144stwo jest najwa\u017cniejszym priorytetem w przypadku kontroli dost\u0119pu, a <strong>Brelok NFC Ntag213<\/strong> dostarcza dok\u0142adnie to. Dzi\u0119ki swoim <strong>unikalny 7-bajtowy UID<\/strong>, urz\u0105dzenie zapewnia, \u017ce ka\u017cdy brelok jest jedyny w swoim rodzaju, zapobiegaj\u0105c nieautoryzowanemu kopiowaniu. <strong>ochrona has\u0142em<\/strong> I <strong>Podpis oryginalno\u015bci oparty na ECC<\/strong> zapewni\u0107 dodatkow\u0105 ochron\u0119 danych i upewni\u0107 si\u0119, \u017ce brelok nie zostanie zmanipulowany.<\/p>\n<ul>\n<li><strong>Ochrona has\u0142em<\/strong>:Mo\u017cliwo\u015b\u0107 skonfigurowania 32-bitowego has\u0142a zapewnia, \u017ce dost\u0119p do systemu b\u0119d\u0105 mieli wy\u0142\u0105cznie autoryzowani u\u017cytkownicy.<\/li>\n<li><strong>Podpis ECC<\/strong>:Ten <strong>Podpis oryginalno\u015bci oparty na ECC<\/strong> zapewnia dodatkow\u0105 warstw\u0119 bezpiecze\u0144stwa, utrudniaj\u0105c oszustom podrobienie kluczyka.<\/li>\n<\/ul>\n<h3>2. <strong>Zastosowanie w wielu aplikacjach<\/strong><\/h3>\n<p>Jedn\u0105 z najwa\u017cniejszych zalet <strong>Brelok NFC Ntag213<\/strong> jest jego wszechstronno\u015b\u0107. Mo\u017ce by\u0107 u\u017cywany do r\u00f3\u017cnych zastosowa\u0144, w tym:<\/p>\n<ul>\n<li><strong>Kontrola dost\u0119pu:<\/strong> S\u0142u\u017cy do odblokowywania drzwi w biurach, hotelach lub domach.<\/li>\n<li><strong>Systemy p\u0142atno\u015bci:<\/strong> Bezpieczne p\u0142atno\u015bci zbli\u017ceniowe za po\u015brednictwem integracji mobilnej technologii NFC.<\/li>\n<li><strong>Uwierzytelnianie produktu:<\/strong> Potwierd\u017a autentyczno\u015b\u0107 produkt\u00f3w i towar\u00f3w wysokiej jako\u015bci.<\/li>\n<li><strong>Inteligentna reklama:<\/strong> Ulepsz kampanie marketingowe poza domem, wykorzystuj\u0105c tagi NFC osadzone w materia\u0142ach drukowanych.<\/li>\n<\/ul>\n<h3>3. <strong>Trwa\u0142o\u015b\u0107 i d\u0142ugowieczno\u015b\u0107<\/strong><\/h3>\n<p>Z <strong>napisz wytrzyma\u0142o\u015b\u0107 100 000 cykli<\/strong> i <strong>czas przechowywania danych 10 lat<\/strong>, ten <strong>Brelok NFC Ntag213<\/strong> jest zbudowany, aby przetrwa\u0107. Niezale\u017cnie od tego, czy jest u\u017cywany codziennie w ruchliwym \u015brodowisku biurowym, czy jako cz\u0119\u015b\u0107 aplikacji o ma\u0142ym nat\u0119\u017ceniu ruchu, ten brelok mo\u017ce wytrzyma\u0107 d\u0142ugotrwa\u0142e u\u017cytkowanie bez pogorszenia wydajno\u015bci.<\/p>\n<h3>4. <strong>Kompaktowa i lekka konstrukcja<\/strong><\/h3>\n<p>Brelok Ntag213 jest kompaktowy i lekki, dzi\u0119ki czemu mo\u017cna go \u0142atwo nosi\u0107 przy sobie. <strong>kompatybilny z brelokami<\/strong>, umo\u017cliwiaj\u0105c u\u017cytkownikom przymocowanie go do kluczy w celu zapewnienia wygodnego dost\u0119pu. <strong>ma\u0142y \u015blad<\/strong> idealnie nadaje si\u0119 do zastosowa\u0144 wymagaj\u0105cych rozwi\u0105za\u0144 oszcz\u0119dzaj\u0105cych miejsce, takich jak osadzone znaczniki w etykietach produkt\u00f3w lub kartach do gier.<\/p>\n<hr \/>\n<h2>Wp\u0142yw na \u015brodowisko i zr\u00f3wnowa\u017cony rozw\u00f3j<\/h2>\n<p>Poniewa\u017c zar\u00f3wno przedsi\u0119biorstwa, jak i konsumenci nadal stawiaj\u0105 na zr\u00f3wnowa\u017cony rozw\u00f3j, <strong>Brelok NFC Ntag213<\/strong> jest zaprojektowany z my\u015bl\u0105 o odpowiedzialno\u015bci za \u015brodowisko. Jego <strong>niskie zu\u017cycie energii<\/strong> i d\u0142ugotrwa\u0142a trwa\u0142o\u015b\u0107 przyczyniaj\u0105 si\u0119 do zmniejszenia ilo\u015bci odpad\u00f3w i mniejszej liczby wymian w czasie. Ponadto, jako <strong>pasywny znacznik RFID<\/strong>Ntag213 nie wymaga do dzia\u0142ania baterii, co dodatkowo minimalizuje jego wp\u0142yw na \u015brodowisko.<\/p>\n<hr \/>\n<h2>Jak korzysta\u0107 z pilota NFC Ntag213<\/h2>\n<p>Korzystanie z <strong>Brelok NFC Ntag213<\/strong> jest proste i przejrzyste:<\/p>\n<ol>\n<li><strong>Programowanie<\/strong>: U\u017cyj kompatybilnego oprogramowania NFC lub czytnik\u00f3w, aby zaprogramowa\u0107 brelok, podaj\u0105c niezb\u0119dne informacje, takie jak dane dost\u0119powe lub dane dotycz\u0105ce p\u0142atno\u015bci.<\/li>\n<li><strong>Integracja<\/strong>: Zintegruj brelok z systemem kontroli dost\u0119pu lub terminalem p\u0142atniczym obs\u0142uguj\u0105cym technologi\u0119 NFC.<\/li>\n<li><strong>Aktywacja<\/strong>: Przytrzymaj brelok w pobli\u017cu czytnika NFC, aby uzyska\u0107 dost\u0119p lub zako\u0144czy\u0107 transakcj\u0119. <strong>bezkontaktowy<\/strong> interakcja zapewnia p\u0142ynne i efektywne u\u017cytkowanie.<\/li>\n<\/ol>\n<hr \/>\n<h2>Opinie klient\u00f3w<\/h2>\n<p>Wielu u\u017cytkownik\u00f3w chwali\u0142o <strong>Brelok NFC Ntag213<\/strong> dla jego <strong>\u0142atwo\u015b\u0107 u\u017cytkowania<\/strong>, <strong>bezpiecze\u0144stwo<\/strong>, I <strong>niezawodno\u015b\u0107<\/strong>Oto kilka opinii zadowolonych klient\u00f3w:<\/p>\n<ul>\n<li><strong>John D., Kierownik biura<\/strong>: \u201eNtag213 sprawi\u0142, \u017ce dost\u0119p do naszego budynku biurowego sta\u0142 si\u0119 \u0142atwiejszy ni\u017c kiedykolwiek. Jest bezpieczny, \u0142atwy w u\u017cyciu i nie musz\u0119 si\u0119 ju\u017c martwi\u0107 o zgubione klucze\u201d.<\/li>\n<li><strong>Sarah T., w\u0142a\u015bcicielka hotelu<\/strong>: \u201eWdro\u017cyli\u015bmy Ntag213 do naszego hotelowego systemu kluczy i znacz\u0105co poprawi\u0142o to zadowolenie go\u015bci. Jest szybki, bezpieczny i bardzo wygodny\u201d.<\/li>\n<\/ul>\n<hr \/>\n<h2>Cz\u0119sto zadawane pytania<\/h2>\n<h3>P1: Czy mog\u0119 samodzielnie zaprogramowa\u0107 kluczyk Ntag213?<\/h3>\n<p>Tak, mo\u017cesz zaprogramowa\u0107 brelok Ntag213 za pomoc\u0105 zgodnych czytnik\u00f3w NFC i oprogramowania. U\u0142atwia to integracj\u0119 breloka z istniej\u0105cymi systemami.<\/p>\n<h3>P2: Jak d\u0142ugo dzia\u0142a bateria w pilocie Ntag213?<\/h3>\n<p>Brelok Ntag213 nie wymaga baterii, poniewa\u017c dzia\u0142a za pomoc\u0105 <strong>technologia pasywna RFID<\/strong>, pobieraj\u0105c energi\u0119 z czytnika NFC, gdy znajduje si\u0119 w bliskiej odleg\u0142o\u015bci.<\/p>\n<h3>P3: Jaki jest zasi\u0119g odczytu breloka NFC Ntag213?<\/h3>\n<p>Typowy zasi\u0119g odczytu wynosi do 100 mm, w zale\u017cno\u015bci od takich czynnik\u00f3w, jak <strong>projekt anteny czytelnika<\/strong> i nat\u0119\u017cenia pola.<\/p>\n<hr \/>\n<h2>Podsumowanie: Dlaczego warto wybra\u0107 brelok NFC Ntag213?<\/h2>\n<p>Ten <strong>Brelok NFC Ntag213<\/strong> oferuje idealne po\u0142\u0105czenie bezpiecze\u0144stwa, niezawodno\u015bci i wygody u\u017cytkownika. Jego <strong>technologia bezkontaktowa<\/strong>, <strong>kompaktowa konstrukcja<\/strong>, I <strong>wszechstronno\u015b\u0107 zastosowa\u0144<\/strong> czyni\u0105 go idealnym wyborem dla nowoczesnych system\u00f3w kontroli dost\u0119pu, p\u0142atno\u015bci i identyfikacji. Niezale\u017cnie od tego, czy jeste\u015b firm\u0105, kt\u00f3ra chce ulepszy\u0107 swoj\u0105 infrastruktur\u0119 bezpiecze\u0144stwa, czy konsumentem poszukuj\u0105cym wygodnego, bezpiecznego rozwi\u0105zania dla swoich osobistych potrzeb dost\u0119pu, Ntag213 jest m\u0105dr\u0105 inwestycj\u0105.<\/p>\n<p>Zapewnij sobie dost\u0119p ju\u017c dzi\u015b dzi\u0119ki <strong>Brelok NFC Ntag213<\/strong>\u2014przysz\u0142o\u015b\u0107 zabezpiecze\u0144 bezkontaktowych jest ju\u017c tutaj.<\/p>","protected":false},"excerpt":{"rendered":"<p><strong>Brelok NFC Ntag213<\/strong> oferuje idealne po\u0142\u0105czenie bezpiecze\u0144stwa, niezawodno\u015bci i wygody u\u017cytkownika. Jego <strong>technologia bezkontaktowa<\/strong>, <strong>kompaktowa konstrukcja<\/strong>, I <strong>wszechstronno\u015b\u0107 zastosowa\u0144<\/strong> czyni\u0105 go idealnym wyborem dla nowoczesnych system\u00f3w kontroli dost\u0119pu, p\u0142atno\u015bci i identyfikacji.<\/p>","protected":false},"featured_media":2845,"template":"","meta":{"_kad_post_transparent":"default","_kad_post_title":"","_kad_post_layout":"default","_kad_post_sidebar_id":"","_kad_post_content_style":"default","_kad_post_vertical_padding":"default","_kad_post_feature":"","_kad_post_feature_position":"","_kad_post_header":false,"_kad_post_footer":false,"_kad_post_classname":""},"product_brand":[],"product_cat":[54],"product_tag":[348,346,349,344,345,343],"class_list":{"0":"post-2850","1":"product","2":"type-product","3":"status-publish","4":"has-post-thumbnail","6":"product_cat-hot-selling-rfid-tags","7":"product_tag-nfc-key-fobs-ntag213","8":"product_tag-nfc-key-tag","9":"product_tag-nfc-key-tags","10":"product_tag-nfc-keychain","11":"product_tag-rfid-fob","12":"product_tag-rfid-keyfobs","14":"first","15":"instock","16":"shipping-taxable","17":"product-type-simple","18":"entry","19":"content-bg","20":"loop-entry"},"_links":{"self":[{"href":"https:\/\/rfid-laundry-tag.com\/pl\/wp-json\/wp\/v2\/product\/2850","targetHints":{"allow":["GET"]}}],"collection":[{"href":"https:\/\/rfid-laundry-tag.com\/pl\/wp-json\/wp\/v2\/product"}],"about":[{"href":"https:\/\/rfid-laundry-tag.com\/pl\/wp-json\/wp\/v2\/types\/product"}],"version-history":[{"count":2,"href":"https:\/\/rfid-laundry-tag.com\/pl\/wp-json\/wp\/v2\/product\/2850\/revisions"}],"predecessor-version":[{"id":2852,"href":"https:\/\/rfid-laundry-tag.com\/pl\/wp-json\/wp\/v2\/product\/2850\/revisions\/2852"}],"wp:featuredmedia":[{"embeddable":true,"href":"https:\/\/rfid-laundry-tag.com\/pl\/wp-json\/wp\/v2\/media\/2845"}],"wp:attachment":[{"href":"https:\/\/rfid-laundry-tag.com\/pl\/wp-json\/wp\/v2\/media?parent=2850"}],"wp:term":[{"taxonomy":"product_brand","embeddable":true,"href":"https:\/\/rfid-laundry-tag.com\/pl\/wp-json\/wp\/v2\/product_brand?post=2850"},{"taxonomy":"product_cat","embeddable":true,"href":"https:\/\/rfid-laundry-tag.com\/pl\/wp-json\/wp\/v2\/product_cat?post=2850"},{"taxonomy":"product_tag","embeddable":true,"href":"https:\/\/rfid-laundry-tag.com\/pl\/wp-json\/wp\/v2\/product_tag?post=2850"}],"curies":[{"name":"wp","href":"https:\/\/api.w.org\/{rel}","templated":true}]}}