{"id":285,"date":"2024-06-26T10:45:44","date_gmt":"2024-06-26T10:45:44","guid":{"rendered":"https:\/\/rfid-laundry-tag.com\/?post_type=product&#038;p=285"},"modified":"2024-06-26T10:45:44","modified_gmt":"2024-06-26T10:45:44","slug":"rfid-nfc-inlay","status":"publish","type":"product","link":"https:\/\/rfid-laundry-tag.com\/pl\/rfid-nfc-inlay\/","title":{"rendered":"Wk\u0142adka RFID NFC"},"content":{"rendered":"<div><strong>Wk\u0142adki RFID NFC<\/strong> wyst\u0119puj\u0105 w dw\u00f3ch typach, mokrym i suchym. Mokra wk\u0142adka RFID NFC ma klej\u0105c\u0105 warstw\u0119 podk\u0142adow\u0105, podczas gdy sucha nie. Zapewniaj\u0105 one opcj\u0119 tagu dzia\u0142aj\u0105c\u0105 na cz\u0119stotliwo\u015bci 13,56 MHz, specjalnie zaprojektowan\u0105 dla producent\u00f3w oryginalnego sprz\u0119tu (OEM). Do tych wk\u0142adek dost\u0119pne s\u0105 zar\u00f3wno uk\u0142ady pami\u0119ci ISO 15693, jak i 14443 NFC.<\/div>\n<div><\/div>\n<div class=\"text-title\"><strong><span class=\"magic-26\" style=\"font-family: Arial;\" data-spm-anchor-id=\"a2700.details.0.i47.6f4d7d7dnursE7\">Wk\u0142ad suchy<\/span><\/strong><\/div>\n<div class=\"text-content\"><span class=\"magic-6\" style=\"font-family: Arial;\">M\u00f3wi\u0105c pro\u015bciej, RFID dry inlay to po\u0142\u0105czenie chipu RFID i anteny. Mo\u017ce by\u0107 u\u017cywany do produkcji naklejek NFC, etykiet RFID, bilet\u00f3w RFID i r\u00f3\u017cnych tag\u00f3w RFID. <\/span><\/p>\n<div data-spm-anchor-id=\"a2700.details.0.i46.6f4d7d7dnursE7\"><span class=\"magic-6\" style=\"font-family: Arial;\"> Antena z suchej wk\u0142adki jest aluminiow\u0105 wytrawion\u0105, kt\u00f3ra jest cie\u0144sza w por\u00f3wnaniu do cewki miedzianej. Kszta\u0142t anteny mo\u017ce by\u0107 dostosowany i przeprojektowany na \u017c\u0105danie.<\/span><\/p>\n<div><\/div>\n<\/div>\n<\/div>\n<div>\n<div class=\"text-title\"><strong><span class=\"magic-26\" style=\"font-family: Arial;\">Mokra intarsja<\/span><\/strong><\/div>\n<div class=\"text-content\"><span class=\"magic-6\" style=\"font-family: Arial;\" data-spm-anchor-id=\"a2700.details.0.i49.6f4d7d7dnursE7\">Sucha wk\u0142adka RFID dodana klejem nazywana jest mokr\u0105 wk\u0142adk\u0105. Mo\u017ce by\u0107 u\u017cywana bezpo\u015brednio jako etykieta RFID lub naklejka NFC, je\u015bli nie potrzebujesz \u017cadnego nadruku na powierzchni. Przyklejenie do obiekt\u00f3w mo\u017ce zaoszcz\u0119dzi\u0107 koszty i osi\u0105gn\u0105\u0107 ten sam cel. Jest r\u00f3wnie\u017c szeroko stosowana w produkcji tag\u00f3w RFID. Antena mokrej wk\u0142adki to trawienie aluminium, kt\u00f3re jest cie\u0144sze w por\u00f3wnaniu do cewki miedzianej. Kszta\u0142t anteny mo\u017cna dostosowa\u0107 i przeprojektowa\u0107 na \u017c\u0105danie.<\/span><\/p>\n<div><span class=\"magic-6\" style=\"font-family: Arial;\">\u00a0<\/span><\/div>\n<div data-spm-anchor-id=\"a2700.details.0.i48.6f4d7d7dnursE7\">\n<table class=\"hight-light-first-column all magic-14\">\n<tbody>\n<tr>\n<td colspan=\"1\" rowspan=\"1\">\n<div class=\"magic-15\"><b>Tworzywo<\/b><\/div>\n<\/td>\n<td colspan=\"1\" rowspan=\"1\">\n<div class=\"magic-16\" data-spm-anchor-id=\"a2700.details.0.i34.21f6414cWQ4Zrf\">Papier \/ Papier termiczny \/ Tkanina \/ PVC \/ PET \/ Epoksyd \/ Antymetal<\/div>\n<\/td>\n<\/tr>\n<tr>\n<td colspan=\"1\" rowspan=\"1\">\n<div class=\"magic-15\"><b>Rozmiar<\/b><\/div>\n<\/td>\n<td colspan=\"1\" rowspan=\"1\">\n<div class=\"magic-16\">\u015arednica 18 mm, \u015brednica 20 mm, \u015brednica 22 mm, \u015brednica 25 mm, 25*25 mm, 30*30 mm, 40*40 mm, 50*50 mm lub niestandardowy rozmiar.<\/div>\n<\/td>\n<\/tr>\n<tr>\n<td colspan=\"1\" rowspan=\"1\">\n<div class=\"magic-15\"><b>Druk<\/b><\/div>\n<\/td>\n<td colspan=\"1\" rowspan=\"1\">\n<div class=\"magic-16\">Nie ma potrzeby drukowania<\/div>\n<\/td>\n<\/tr>\n<tr>\n<td colspan=\"1\" rowspan=\"1\">\n<div class=\"magic-15\"><b>Dost\u0119pny Chip<\/b><\/div>\n<\/td>\n<td colspan=\"1\" rowspan=\"1\">\n<div class=\"magic-16\">MIFARE Classic\u00ae 1K; MIFARE Classic\u00ae 4K; MIFARE Ultralight\u00ae; MIFARE Ultralight\u00ae C;<\/p>\n<div>NTAG 213, Ntag215, NTAG 216 lub niestandardowy uk\u0142ad scalony.I CODE SLIX itp.<\/div>\n<\/div>\n<\/td>\n<\/tr>\n<tr>\n<td colspan=\"1\" rowspan=\"1\">\n<div class=\"magic-21\"><b>Protok\u00f3\u0142:<\/b><\/div>\n<\/td>\n<td colspan=\"4\" rowspan=\"1\">\n<div class=\"magic-22\">ISO\/IEC 14443 Typ A<\/div>\n<\/td>\n<\/tr>\n<tr>\n<td colspan=\"1\" rowspan=\"1\">\n<div class=\"magic-26\"><b>Rzemie\u015blnictwo:<\/b><\/div>\n<\/td>\n<td colspan=\"4\" rowspan=\"1\">\n<div class=\"magic-22\" data-spm-anchor-id=\"a2700.details.0.i33.21f6414cWQ4Zrf\">Drukowanie kod\u00f3w kreskowych, kod\u00f3w QR itp.<\/div>\n<\/td>\n<\/tr>\n<\/tbody>\n<\/table>\n<\/div>\n<\/div>\n<\/div>","protected":false},"excerpt":{"rendered":"<p>Wk\u0142adka RFID HF\/NFC lub transponder, rodzaj niedoko\u0144czonego komponentu, mo\u017ce zosta\u0107 przekszta\u0142cony w r\u00f3\u017cne przedmioty, takie jak bilety, odznaki, etykiety lub karty. Jednocze\u015bnie te wk\u0142adki HF NFC RFID mog\u0105 by\u0107 produkowane w r\u00f3\u017cnych rozmiarach, dostosowanych do Twoich konkretnych potrzeb.<\/p>","protected":false},"featured_media":287,"template":"","meta":{"_kad_post_transparent":"default","_kad_post_title":"","_kad_post_layout":"default","_kad_post_sidebar_id":"","_kad_post_content_style":"default","_kad_post_vertical_padding":"default","_kad_post_feature":"","_kad_post_feature_position":"","_kad_post_header":false,"_kad_post_footer":false,"_kad_post_classname":""},"product_brand":[],"product_cat":[54],"product_tag":[112,111,110],"class_list":{"0":"post-285","1":"product","2":"type-product","3":"status-publish","4":"has-post-thumbnail","6":"product_cat-hot-selling-rfid-tags","7":"product_tag-13-56mhz-rfid-inlay","8":"product_tag-nfc-inlay","9":"product_tag-rfid-nfc-inlay","11":"first","12":"instock","13":"shipping-taxable","14":"product-type-simple","15":"entry","16":"content-bg","17":"loop-entry"},"_links":{"self":[{"href":"https:\/\/rfid-laundry-tag.com\/pl\/wp-json\/wp\/v2\/product\/285","targetHints":{"allow":["GET"]}}],"collection":[{"href":"https:\/\/rfid-laundry-tag.com\/pl\/wp-json\/wp\/v2\/product"}],"about":[{"href":"https:\/\/rfid-laundry-tag.com\/pl\/wp-json\/wp\/v2\/types\/product"}],"version-history":[{"count":0,"href":"https:\/\/rfid-laundry-tag.com\/pl\/wp-json\/wp\/v2\/product\/285\/revisions"}],"wp:featuredmedia":[{"embeddable":true,"href":"https:\/\/rfid-laundry-tag.com\/pl\/wp-json\/wp\/v2\/media\/287"}],"wp:attachment":[{"href":"https:\/\/rfid-laundry-tag.com\/pl\/wp-json\/wp\/v2\/media?parent=285"}],"wp:term":[{"taxonomy":"product_brand","embeddable":true,"href":"https:\/\/rfid-laundry-tag.com\/pl\/wp-json\/wp\/v2\/product_brand?post=285"},{"taxonomy":"product_cat","embeddable":true,"href":"https:\/\/rfid-laundry-tag.com\/pl\/wp-json\/wp\/v2\/product_cat?post=285"},{"taxonomy":"product_tag","embeddable":true,"href":"https:\/\/rfid-laundry-tag.com\/pl\/wp-json\/wp\/v2\/product_tag?post=285"}],"curies":[{"name":"wp","href":"https:\/\/api.w.org\/{rel}","templated":true}]}}