{"id":2843,"date":"2024-11-05T12:37:22","date_gmt":"2024-11-05T12:37:22","guid":{"rendered":"https:\/\/rfid-laundry-tag.com\/?post_type=product&#038;p=2843"},"modified":"2024-11-05T12:37:24","modified_gmt":"2024-11-05T12:37:24","slug":"rfid-keyfobs-mifare-s50-1k","status":"publish","type":"product","link":"https:\/\/rfid-laundry-tag.com\/pl\/rfid-keyfobs-mifare-s50-1k\/","title":{"rendered":"Breloki RFID Mifare S50 1K"},"content":{"rendered":"<h2>Breloki RFID Mifare S50 1K<\/h2>\n<p><span class=\"AnswerParser_TextContainer__z_Iiv\" data-testid=\"youchat-text\">Wszechstronny <strong>Brelok RFID<\/strong> reprezentuje idealne po\u0142\u0105czenie wygody i bezpiecze\u0144stwa dla nowoczesnych system\u00f3w kontroli dost\u0119pu. Dost\u0119pne w cz\u0119stotliwo\u015bciach 13,56 MHz i 125 KHz, te kompaktowe urz\u0105dzenia oferuj\u0105 niezawodn\u0105 identyfikacj\u0119 i p\u0142ynne zarz\u0105dzanie dost\u0119pem dla r\u00f3\u017cnych zastosowa\u0144.<\/span><\/p>\n<p>NXP<sup>\u00ae<\/sup>\u00a0opracowa\u0142 MIFARE<sup>\u00ae<\/sup>\u00a0MF1ICS50 przeznaczony do stosowania w bezstykowych kartach inteligentnych zgodnie z norm\u0105 ISO\/IEC 14443 typu A.<\/p>\n<p>Uk\u0142ad scalony MIFARE MF1ICS50 jest stosowany w aplikacjach takich jak sprzeda\u017c bilet\u00f3w w transporcie publicznym, w kt\u00f3rych du\u017ce miasta wybra\u0142y standard MIFARE jako preferowane rozwi\u0105zanie w zakresie bilet\u00f3w elektronicznych.<\/p>\n<p>Inteligentna funkcja antykolizyjna umo\u017cliwia jednoczesne korzystanie z wi\u0119cej ni\u017c jednej karty w terenie. Algorytm antykolizyjny wybiera ka\u017cd\u0105 kart\u0119 indywidualnie i zapewnia, \u017ce wykonanie transakcji wybran\u0105 kart\u0105 jest wykonywane poprawnie, bez uszkodzenia danych spowodowanego obecno\u015bci\u0105 innych kart w terenie.<\/p>\n<p>Karta MF1ICS50 zosta\u0142a zaprojektowana z my\u015bl\u0105 o prostej integracji i wygodzie u\u017cytkownika. Dzi\u0119ki temu mo\u017cliwe jest obs\u0142u\u017cenie kompletnych transakcji biletowych w czasie kr\u00f3tszym ni\u017c 100 ms. Dzi\u0119ki temu u\u017cytkownik karty MF1ICS50 nie musi zatrzymywa\u0107 si\u0119 przy czytniku, co zwi\u0119ksza przepustowo\u015b\u0107 bramek i skraca czas wsiadania do autobus\u00f3w. Karta oparta na produkcie MIFARE mo\u017ce r\u00f3wnie\u017c pozosta\u0107 w portfelu podczas transakcji, nawet je\u015bli znajduj\u0105 si\u0119 w niej monety.<\/p>\n<h3>Cechy uk\u0142adu Mifare S50 1K<\/h3>\n<div id=\"featuresXsp\" class=\"features-list\">\n<div class=\"features-xsp\">\n<div class=\"collapse-mobile ste-list\">\n<h3>MIFARE, interfejs RF (ISO\/IEC 14443 A)<\/h3>\n<ul class=\"boxes\">\n<li>Bezkontaktowa transmisja danych i zasilanie (nie wymaga baterii)<\/li>\n<li>Zasi\u0119g dzia\u0142ania: Do 100 mm (w zale\u017cno\u015bci od geometrii anteny)<\/li>\n<li>Cz\u0119stotliwo\u015b\u0107 pracy: 13,56 MHz<\/li>\n<li>Transfer danych: 106 kbit\/s<\/li>\n<li>Integralno\u015b\u0107 danych: 16-bitowa suma kontrolna CRC, parzysto\u015b\u0107, kodowanie bit\u00f3w, zliczanie bit\u00f3w<\/li>\n<li>Antykolizyjny<\/li>\n<li>Typowa transakcja biletowa: &lt; 100 ms (wliczaj\u0105c zarz\u0105dzanie kopi\u0105 zapasow\u0105)<\/li>\n<\/ul>\n<\/div>\n<div class=\"collapse-mobile ste-list\">\n<h3>EEPROM<\/h3>\n<ul class=\"boxes\">\n<li>1 kB \u2013 4 kB, zorganizowane w 16 sektorach z 4 blokami po 16 bajt\u00f3w ka\u017cdy (jeden blok sk\u0142ada si\u0119 z 16 bajt\u00f3w)<\/li>\n<li>Definiowane przez u\u017cytkownika warunki dost\u0119pu do ka\u017cdego bloku pami\u0119ci<\/li>\n<li>Okres przechowywania danych 10 lat<\/li>\n<li>Napisz wytrzyma\u0142o\u015b\u0107 100.000 \u2013 200.000 cykli<\/li>\n<\/ul>\n<\/div>\n<div class=\"collapse-mobile ste-list\">\n<h3>Bezpiecze\u0144stwo<\/h3>\n<ul class=\"boxes\">\n<li>Wzajemne uwierzytelnianie trzyprzebiegowe (ISO\/IEC DIS 9798-2)<\/li>\n<li>Indywidualny zestaw dw\u00f3ch kluczy na sektor (na aplikacj\u0119) w celu obs\u0142ugi wielu aplikacji z hierarchi\u0105 kluczy<\/li>\n<li>Unikalny numer seryjny dla ka\u017cdego urz\u0105dzenia<\/li>\n<\/ul>\n<\/div>\n<div class=\"collapse-mobile ste-list\">\n<h3>Opcje dostawy<\/h3>\n<ul class=\"boxes\">\n<li>Umrze\u0107 na op\u0142atku<\/li>\n<li>Uderzona matryca na p\u0142ytce<\/li>\n<li>Modu\u0142 kart zbli\u017ceniowych MOA4 lub MOA2<\/li>\n<\/ul>\n<\/div>\n<\/div>\n<\/div>\n<h2 class=\"AnswerParser_AnswerParserH2__SIHnF\">Przegl\u0105d produktu i specyfikacje techniczne<\/h2>\n<p><span class=\"AnswerParser_TextContainer__z_Iiv\" data-testid=\"youchat-text\">Nasze breloki RFID charakteryzuj\u0105 si\u0119:<\/span><\/p>\n<ul class=\"AnswerParser_AnswerParserUnorderedList__P_1FW\">\n<li class=\"AnswerParser_ListItem__XqLOV\" translate=\"yes\">Opcje podw\u00f3jnej cz\u0119stotliwo\u015bci: 13,56 MHz<\/li>\n<li class=\"AnswerParser_ListItem__XqLOV\" translate=\"yes\">Trwa\u0142a konstrukcja z tworzywa ABS lub sk\u00f3ry<\/li>\n<li class=\"AnswerParser_ListItem__XqLOV\" translate=\"yes\">Zgodno\u015b\u0107 z g\u0142\u00f3wnymi systemami kontroli dost\u0119pu<\/li>\n<li class=\"AnswerParser_ListItem__XqLOV\" translate=\"yes\">Programowalny UID<\/li>\n<li class=\"AnswerParser_ListItem__XqLOV\" translate=\"yes\">Wodoodporna konstrukcja<\/li>\n<li class=\"AnswerParser_ListItem__XqLOV\" translate=\"yes\">Ochrona przed blokowaniem sygna\u0142u<\/li>\n<\/ul>\n<h2 class=\"AnswerParser_AnswerParserH2__SIHnF\">Zaawansowane funkcje bezpiecze\u0144stwa<\/h2>\n<p><span class=\"AnswerParser_TextContainer__z_Iiv\" data-testid=\"youchat-text\">Bezpiecze\u0144stwo jest najwa\u017cniejsze w projekcie naszego breloka:<\/span><\/p>\n<ul class=\"AnswerParser_AnswerParserUnorderedList__P_1FW\">\n<li class=\"AnswerParser_ListItem__XqLOV\" translate=\"yes\"><strong>Technologia antyklonowa<\/strong>:Zapobiega nieautoryzowanemu powielaniu<\/li>\n<li class=\"AnswerParser_ListItem__XqLOV\" translate=\"yes\"><strong>Szyfrowana komunikacja<\/strong>:Bezpieczna transmisja danych<\/li>\n<li class=\"AnswerParser_ListItem__XqLOV\" translate=\"yes\"><strong>Unikalny identyfikator<\/strong>:Ka\u017cdy brelok ma odr\u0119bny UID<\/li>\n<li class=\"AnswerParser_ListItem__XqLOV\" translate=\"yes\"><strong>Ochrona sygna\u0142u<\/strong>:Opcjonalnie dost\u0119pna technologia klatki Faradaya<\/li>\n<\/ul>\n<h2 class=\"AnswerParser_AnswerParserH2__SIHnF\">Zastosowania i przypadki u\u017cycia<\/h2>\n<p><span class=\"AnswerParser_TextContainer__z_Iiv\" data-testid=\"youchat-text\">Te wszechstronne <strong>Breloki RFID Mifare S50 1K<\/strong> wyr\u00f3\u017cnia\u0107 si\u0119 w:<\/span><\/p>\n<ul class=\"AnswerParser_AnswerParserUnorderedList__P_1FW\">\n<li class=\"AnswerParser_ListItem__XqLOV\" translate=\"yes\">Systemy kontroli dost\u0119pu do drzwi<\/li>\n<li class=\"AnswerParser_ListItem__XqLOV\" translate=\"yes\">Dost\u0119p do pokoju hotelowego<\/li>\n<li class=\"AnswerParser_ListItem__XqLOV\" translate=\"yes\">Bezkluczykowe wej\u015bcie do pojazdu<\/li>\n<li class=\"AnswerParser_ListItem__XqLOV\" translate=\"yes\">Rejestracja czasu pracy<\/li>\n<li class=\"AnswerParser_ListItem__XqLOV\" translate=\"yes\">Systemy p\u0142atno\u015bci<\/li>\n<li class=\"AnswerParser_ListItem__XqLOV\" translate=\"yes\">Zarz\u0105dzanie cz\u0142onkostwem w klubie\/SPA<\/li>\n<li class=\"AnswerParser_ListItem__XqLOV\" translate=\"yes\">Kontrola dost\u0119pu do parkingu<\/li>\n<\/ul>\n<h2 class=\"AnswerParser_AnswerParserH2__SIHnF\">Projekt i trwa\u0142o\u015b\u0107<\/h2>\n<p><span class=\"AnswerParser_TextContainer__z_Iiv\" data-testid=\"youchat-text\">Nasze breloki s\u0105 zaprojektowane tak, aby s\u0142u\u017cy\u0142y d\u0142ugo:<\/span><\/p>\n<ul class=\"AnswerParser_AnswerParserUnorderedList__P_1FW\">\n<li class=\"AnswerParser_ListItem__XqLOV\" translate=\"yes\">Obudowa ABS odporna na uderzenia<\/li>\n<li class=\"AnswerParser_ListItem__XqLOV\" translate=\"yes\">Wyb\u00f3r opcji sk\u00f3ry premium<\/li>\n<li class=\"AnswerParser_ListItem__XqLOV\" translate=\"yes\">Wzmocnione mocowanie breloczka<\/li>\n<li class=\"AnswerParser_ListItem__XqLOV\" translate=\"yes\">Konstrukcja odporna na warunki atmosferyczne<\/li>\n<li class=\"AnswerParser_ListItem__XqLOV\" translate=\"yes\">Dost\u0119pne w wielu kolorach<\/li>\n<\/ul>\n<h2 class=\"AnswerParser_AnswerParserH2__SIHnF\">Tabela specyfikacji technicznych<\/h2>\n<div class=\"AnswerParser_TableContainer__Erb6v\" data-testid=\"table-container\">\n<table>\n<thead>\n<tr>\n<th style=\"text-align: left;\">Funkcja<\/th>\n<th style=\"text-align: left;\">Specyfikacja<\/th>\n<\/tr>\n<\/thead>\n<tbody>\n<tr>\n<td>Opcje cz\u0119stotliwo\u015bci<\/td>\n<td>13,56MHz<\/td>\n<\/tr>\n<tr>\n<td>Zakres odczytu<\/td>\n<td>Do 5cm<\/td>\n<\/tr>\n<tr>\n<td>Pami\u0119\u0107<\/td>\n<td>1K (Mifare S50)<\/td>\n<\/tr>\n<tr>\n<td>Tworzywo<\/td>\n<td>ABS lub sk\u00f3ra<\/td>\n<\/tr>\n<tr>\n<td>Rozmiar<\/td>\n<td>40mm x 30mm x 6mm<\/td>\n<\/tr>\n<tr>\n<td>Temperatura pracy<\/td>\n<td>-20\u00b0C do +70\u00b0C<\/td>\n<\/tr>\n<\/tbody>\n<\/table>\n<\/div>\n<h2 class=\"AnswerParser_AnswerParserH2__SIHnF\">Opcje dostosowywania<\/h2>\n<p><span class=\"AnswerParser_TextContainer__z_Iiv\" data-testid=\"youchat-text\">Oferujemy szerok\u0105 gam\u0119 personalizacji:<\/span><\/p>\n<ul class=\"AnswerParser_AnswerParserUnorderedList__P_1FW\">\n<li class=\"AnswerParser_ListItem__XqLOV\" translate=\"yes\">Drukowanie logo<\/li>\n<li class=\"AnswerParser_ListItem__XqLOV\" translate=\"yes\">Niestandardowe kolory<\/li>\n<li class=\"AnswerParser_ListItem__XqLOV\" translate=\"yes\">Kodowanie numeru seryjnego<\/li>\n<li class=\"AnswerParser_ListItem__XqLOV\" translate=\"yes\">Opakowanie specjalne<\/li>\n<li class=\"AnswerParser_ListItem__XqLOV\" translate=\"yes\">Dost\u0119pne ilo\u015bci hurtowe<\/li>\n<\/ul>\n<h3 class=\"AnswerParser_AnswerParserH3__Mpe4s\">G\u0142\u00f3wne korzy\u015bci:<\/h3>\n<ol class=\"AnswerParser_AnswerParserOrderedList__kl_2Y\">\n<li class=\"AnswerParser_ListItem__XqLOV\" translate=\"yes\"><strong>Wygoda<\/strong>:\u0141atwy do przenoszenia i u\u017cytkowania<\/li>\n<li class=\"AnswerParser_ListItem__XqLOV\" translate=\"yes\"><strong>Trwa\u0142o\u015b\u0107<\/strong>:Zbudowany, by przetrwa\u0107<\/li>\n<li class=\"AnswerParser_ListItem__XqLOV\" translate=\"yes\"><strong>Wszechstronno\u015b\u0107<\/strong>:Wiele zastosowa\u0144<\/li>\n<li class=\"AnswerParser_ListItem__XqLOV\" translate=\"yes\"><strong>Bezpiecze\u0144stwo<\/strong>:Zaawansowane szyfrowanie<\/li>\n<li class=\"AnswerParser_ListItem__XqLOV\" translate=\"yes\"><strong>Personalizacja<\/strong>:Elastyczne opcje<\/li>\n<\/ol>\n<blockquote><p><span class=\"AnswerParser_TextContainer__z_Iiv\" data-testid=\"youchat-text\">\u201eNasze breloki RFID zapewniaj\u0105 idealn\u0105 r\u00f3wnowag\u0119 mi\u0119dzy bezpiecze\u0144stwem i wygod\u0105, spe\u0142niaj\u0105c nowoczesne potrzeby kontroli dost\u0119pu\u201d.<\/span><\/p><\/blockquote>\n<h2 class=\"AnswerParser_AnswerParserH2__SIHnF\">Instalacja i konfiguracja<\/h2>\n<p><span class=\"AnswerParser_TextContainer__z_Iiv\" data-testid=\"youchat-text\">Prosty proces wdra\u017cania:<\/span><\/p>\n<ol class=\"AnswerParser_AnswerParserOrderedList__kl_2Y\">\n<li class=\"AnswerParser_ListItem__XqLOV\" translate=\"yes\">Wybierz typ cz\u0119stotliwo\u015bci<\/li>\n<li class=\"AnswerParser_ListItem__XqLOV\" translate=\"yes\">Unikalne identyfikatory programu<\/li>\n<li class=\"AnswerParser_ListItem__XqLOV\" translate=\"yes\">Zarejestruj si\u0119 w systemie kontroli dost\u0119pu<\/li>\n<li class=\"AnswerParser_ListItem__XqLOV\" translate=\"yes\">Funkcjonalno\u015b\u0107 testu<\/li>\n<li class=\"AnswerParser_ListItem__XqLOV\" translate=\"yes\">Wdra\u017canie dla u\u017cytkownik\u00f3w<\/li>\n<\/ol>\n<h2 class=\"AnswerParser_AnswerParserH2__SIHnF\">Informacje o zam\u00f3wieniu<\/h2>\n<ul class=\"AnswerParser_AnswerParserUnorderedList__P_1FW\">\n<li class=\"AnswerParser_ListItem__XqLOV\" translate=\"yes\">Minimalne zam\u00f3wienie: 200 sztuk<\/li>\n<li class=\"AnswerParser_ListItem__XqLOV\" translate=\"yes\">Dost\u0119pne rabaty hurtowe<\/li>\n<li class=\"AnswerParser_ListItem__XqLOV\" translate=\"yes\">Zapraszamy do sk\u0142adania zam\u00f3wie\u0144 na pr\u00f3bki<\/li>\n<li class=\"AnswerParser_ListItem__XqLOV\" translate=\"yes\">Kr\u00f3tkie terminy dostaw<\/li>\n<li class=\"AnswerParser_ListItem__XqLOV\" translate=\"yes\">Wsparcie techniczne wliczone w cen\u0119<\/li>\n<\/ul>\n<p><span class=\"AnswerParser_TextContainer__z_Iiv\" data-testid=\"youchat-text\">Skontaktuj si\u0119 z nami ju\u017c dzi\u015b, aby pozna\u0107 cen\u0119 i om\u00f3wi\u0107, w jaki spos\u00f3b nasze breloki RFID mog\u0105 ulepszy\u0107 Tw\u00f3j system kontroli dost\u0119pu. Niestandardowe rozwi\u0105zania i ceny hurtowe dost\u0119pne na \u017cyczenie.<\/span><\/p>","protected":false},"excerpt":{"rendered":"<p>Breloki RFID Mifare S50 1K, nasze <strong>Breloczki RFID<\/strong> oferuj\u0105 dwie cz\u0119stotliwo\u015bci (13,56 MHz\/125 kHz), wytrzyma\u0142\u0105 konstrukcj\u0119, programowalny UID i zaawansowane funkcje bezpiecze\u0144stwa, takie jak ochrona przed klonowaniem i szyfrowana komunikacja.<\/p>","protected":false},"featured_media":2844,"template":"","meta":{"_kad_post_transparent":"default","_kad_post_title":"","_kad_post_layout":"default","_kad_post_sidebar_id":"","_kad_post_content_style":"default","_kad_post_vertical_padding":"default","_kad_post_feature":"","_kad_post_feature_position":"","_kad_post_header":false,"_kad_post_footer":false,"_kad_post_classname":""},"product_brand":[],"product_cat":[54],"product_tag":[347,346,344,345,343],"class_list":{"0":"post-2843","1":"product","2":"type-product","3":"status-publish","4":"has-post-thumbnail","6":"product_cat-hot-selling-rfid-tags","7":"product_tag-mifare-key-fobs","8":"product_tag-nfc-key-tag","9":"product_tag-nfc-keychain","10":"product_tag-rfid-fob","11":"product_tag-rfid-keyfobs","13":"first","14":"instock","15":"shipping-taxable","16":"product-type-simple","17":"entry","18":"content-bg","19":"loop-entry"},"_links":{"self":[{"href":"https:\/\/rfid-laundry-tag.com\/pl\/wp-json\/wp\/v2\/product\/2843","targetHints":{"allow":["GET"]}}],"collection":[{"href":"https:\/\/rfid-laundry-tag.com\/pl\/wp-json\/wp\/v2\/product"}],"about":[{"href":"https:\/\/rfid-laundry-tag.com\/pl\/wp-json\/wp\/v2\/types\/product"}],"version-history":[{"count":2,"href":"https:\/\/rfid-laundry-tag.com\/pl\/wp-json\/wp\/v2\/product\/2843\/revisions"}],"predecessor-version":[{"id":2849,"href":"https:\/\/rfid-laundry-tag.com\/pl\/wp-json\/wp\/v2\/product\/2843\/revisions\/2849"}],"wp:featuredmedia":[{"embeddable":true,"href":"https:\/\/rfid-laundry-tag.com\/pl\/wp-json\/wp\/v2\/media\/2844"}],"wp:attachment":[{"href":"https:\/\/rfid-laundry-tag.com\/pl\/wp-json\/wp\/v2\/media?parent=2843"}],"wp:term":[{"taxonomy":"product_brand","embeddable":true,"href":"https:\/\/rfid-laundry-tag.com\/pl\/wp-json\/wp\/v2\/product_brand?post=2843"},{"taxonomy":"product_cat","embeddable":true,"href":"https:\/\/rfid-laundry-tag.com\/pl\/wp-json\/wp\/v2\/product_cat?post=2843"},{"taxonomy":"product_tag","embeddable":true,"href":"https:\/\/rfid-laundry-tag.com\/pl\/wp-json\/wp\/v2\/product_tag?post=2843"}],"curies":[{"name":"wp","href":"https:\/\/api.w.org\/{rel}","templated":true}]}}