{"id":2830,"date":"2024-11-04T15:27:11","date_gmt":"2024-11-04T15:27:11","guid":{"rendered":"https:\/\/rfid-laundry-tag.com\/?post_type=product&#038;p=2830"},"modified":"2024-11-04T15:36:34","modified_gmt":"2024-11-04T15:36:34","slug":"washable-laundry-rfid-tags-manufacturer","status":"publish","type":"product","link":"https:\/\/rfid-laundry-tag.com\/pl\/washable-laundry-rfid-tags-manufacturer\/","title":{"rendered":"Producent etykiet RFID do prania"},"content":{"rendered":"<div>\n<div class=\"auto-hide-last-sibling-br paragraph_1252f paragraph-element\">\n<h1 class=\"AnswerParser_AnswerParserH1__6UNv6\">Producent etykiet RFID do prania<\/h1>\n<h1 class=\"AnswerParser_AnswerParserH1__6UNv6\">Zmywalne etykiety RFID do prania<\/h1>\n<table width=\"637\">\n<tbody>\n<tr>\n<td width=\"328\">Nazwa przedmiotu:<\/td>\n<td width=\"309\">Zmywalne etykiety RFID do prania<\/td>\n<\/tr>\n<tr>\n<td width=\"328\">Norma RFID:<\/td>\n<td width=\"309\">ISO\/IEC 18000-6 Typ C (EPC Gen2)<\/td>\n<\/tr>\n<tr>\n<td width=\"328\">Rozmiar i waga:<\/td>\n<td width=\"309\">70\u00d715 mm, 0,6 g<\/td>\n<\/tr>\n<tr>\n<td width=\"328\">Typ uk\u0142adu scalonego:<\/td>\n<td width=\"309\">Impinj Monza 4QT, NXP U KOD 8, NXP U KOD 9<\/td>\n<\/tr>\n<tr>\n<td width=\"328\">Pami\u0119\u0107 EPC:<\/td>\n<td width=\"309\">128 bit\u00f3w<\/td>\n<\/tr>\n<tr>\n<td width=\"328\">Pami\u0119\u0107 u\u017cytkownika:<\/td>\n<td width=\"309\">512 bit\u00f3w<\/td>\n<\/tr>\n<tr>\n<td width=\"328\">Zakres odczytu (2W ERP FCC):<\/td>\n<td width=\"309\">8m<\/td>\n<\/tr>\n<tr>\n<td width=\"328\">Zakres odczytu (2W ERP ETSI):<\/td>\n<td width=\"309\">8m<\/td>\n<\/tr>\n<tr>\n<td width=\"328\">Tagowanie:<\/td>\n<td width=\"309\">Szycie, Klej do t\u0142oczenia na gor\u0105co<\/td>\n<\/tr>\n<tr>\n<td width=\"328\">Szacowany czas \u017cycia:<\/td>\n<td width=\"309\">200 cykli prania lub 3 lata, w zale\u017cno\u015bci od tego, co nast\u0105pi pierwsze<\/td>\n<\/tr>\n<tr>\n<td width=\"328\">Metoda prania:<\/td>\n<td width=\"309\">Pralnia, czyszczenie chemiczne<\/td>\n<\/tr>\n<tr>\n<td width=\"328\">Ci\u015bnienie ekstrakcji wody:<\/td>\n<td width=\"309\">60 bar<\/td>\n<\/tr>\n<tr>\n<td width=\"328\">Wodoodporno\u015b\u0107:<\/td>\n<td width=\"309\">Wodoodporny<\/td>\n<\/tr>\n<tr>\n<td width=\"328\">Odporno\u015b\u0107 chemiczna:<\/td>\n<td width=\"309\">Detergent, zmi\u0119kczacz, wybielacz (tlen\/chlor), alkalia<\/td>\n<\/tr>\n<tr>\n<td width=\"328\">Wst\u0119pne suszenie w suszarce b\u0119bnowej:<\/td>\n<td width=\"309\">125 \u00baC przez 15-20 minut<\/td>\n<\/tr>\n<tr>\n<td width=\"328\">Temperatura sterylizacji:<\/td>\n<td width=\"309\">135\u00b0C przez 15-20 minut<\/td>\n<\/tr>\n<tr>\n<td width=\"328\">Temperatura prania:<\/td>\n<td width=\"309\">90\u00b0C, do 15 min.<\/td>\n<\/tr>\n<tr>\n<td width=\"328\">Wilgotno\u015b\u0107\/Temperatura - praca:<\/td>\n<td width=\"309\">-20 do 110\u00b0C, 8 do 95%RH<\/td>\n<\/tr>\n<tr>\n<td width=\"328\">Wilgotno\u015b\u0107\/Temperatura-Przechowywanie:<\/td>\n<td width=\"309\">-40 do 110\u00b0C, 8 do 95%RH<\/td>\n<\/tr>\n<\/tbody>\n<\/table>\n<\/div>\n<div class=\"auto-hide-last-sibling-br paragraph_1252f paragraph-element\"><\/div>\n<\/div>\n<div class=\"auto-hide-last-sibling-br paragraph_1252f paragraph-element\">\n<div data-spm-anchor-id=\"a2700.details.0.i57.23b419c7xXORP0\"><span class=\"AnswerParser_TextContainer__z_Iiv\" data-testid=\"youchat-text\"><strong>Zmywalne etykiety RFID do prania<\/strong>\u00a0rewolucjonizuj\u0105 spos\u00f3b, w jaki te organizacje \u015bledz\u0105 i zarz\u0105dzaj\u0105 swoj\u0105 po\u015bciel\u0105, mundurami i innymi ubraniami. Jako wiod\u0105cy producent tych innowacyjnych tag\u00f3w, dostarczamy wysokiej jako\u015bci, trwa\u0142e i niezawodne rozwi\u0105zania, kt\u00f3re zwi\u0119kszaj\u0105 wydajno\u015b\u0107 operacyjn\u0105 i obni\u017caj\u0105 koszty.<\/span><span class=\"AnswerParser_TextContainer__z_Iiv\" data-testid=\"youchat-text\">Nasz\u00a0<strong>wodoodporne, zmywalne etykiety do prania RFID<\/strong> s\u0105 zaprojektowane tak, aby wytrzyma\u0107 trudy przemys\u0142owych proces\u00f3w prania, zapewniaj\u0105c, \u017ce Twoje systemy \u015bledzenia i zarz\u0105dzania pozostan\u0105 skuteczne nawet po wielu cyklach prania. Dzi\u0119ki \u017cywotno\u015bci do 200 pra\u0144 lub trzech lat, te etykiety s\u0105 m\u0105dr\u0105 inwestycj\u0105 dla ka\u017cdej pralni.<\/span><\/div>\n<\/div>\n<div data-spm-anchor-id=\"a2700.details.0.i57.23b419c7xXORP0\"><\/div>\n<div class=\"auto-hide-last-sibling-br paragraph_1252f paragraph-element\">\n<h2 class=\"AnswerParser_AnswerParserH2__SIHnF\">Zarys produktu<\/h2>\n<h3 class=\"AnswerParser_AnswerParserH3__Mpe4s\">1. Czym s\u0105 zmywalne etykiety RFID?<\/h3>\n<p><span class=\"AnswerParser_TextContainer__z_Iiv\" data-testid=\"youchat-text\">Zmywalne etykiety RFID do prania to specjalistyczne etykiety przeznaczone do \u015bledzenia tekstyli\u00f3w w pralniach. Wykorzystuj\u0105 technologi\u0119 RFID do przesy\u0142ania danych do czytnik\u00f3w RFID, umo\u017cliwiaj\u0105c automatyczne \u015bledzenie i zarz\u0105dzanie artyku\u0142ami do prania. Tagi te s\u0105 niezb\u0119dne dla bran\u017c, kt\u00f3re wymagaj\u0105 precyzyjnej kontroli zapas\u00f3w i wydajnego zarz\u0105dzania odzie\u017c\u0105.<\/span><\/p>\n<h3 class=\"AnswerParser_AnswerParserH3__Mpe4s\">2. G\u0142\u00f3wne cechy naszych zmywalnych tag\u00f3w RFID do prania<\/h3>\n<p><span class=\"AnswerParser_TextContainer__z_Iiv\" data-testid=\"youchat-text\">Nasze etykiety do prania RFID maj\u0105 kilka cech, kt\u00f3re sprawiaj\u0105, \u017ce idealnie nadaj\u0105 si\u0119 do r\u00f3\u017cnych zastosowa\u0144 w pralniach. Wykonane s\u0105 z trwa\u0142ych materia\u0142\u00f3w, kt\u00f3re wytrzymuj\u0105 wysokie temperatury i agresywne \u015brodki chemiczne, zapewniaj\u0105c d\u0142ugowieczno\u015b\u0107 i niezawodno\u015b\u0107. Tagi s\u0105 r\u00f3wnie\u017c zaprojektowane do przyszywania lub przyklejania do odzie\u017cy, zapewniaj\u0105c elastyczno\u015b\u0107 w sposobie ich wykorzystania.<\/span><\/p>\n<h3 class=\"AnswerParser_AnswerParserH3__Mpe4s\">3. Korzy\u015bci ze stosowania zmywalnych tag\u00f3w RFID do prania<\/h3>\n<p><span class=\"AnswerParser_TextContainer__z_Iiv\" data-testid=\"youchat-text\">Wdro\u017cenie tag\u00f3w pralniczych RFID w Twojej dzia\u0142alno\u015bci mo\u017ce przynie\u015b\u0107 znacz\u0105ce korzy\u015bci, w tym lepsz\u0105 dok\u0142adno\u015b\u0107 inwentaryzacji, ni\u017csze koszty pracy i wi\u0119ksze bezpiecze\u0144stwo. Dzi\u0119ki automatyzacji procesu \u015bledzenia firmy mog\u0105 usprawni\u0107 zarz\u0105dzanie pralni\u0105 i skupi\u0107 si\u0119 na zapewnianiu lepszej obs\u0142ugi swoim klientom.<\/span><\/p>\n<h3 class=\"AnswerParser_AnswerParserH3__Mpe4s\">4. Specyfikacje techniczne<\/h3>\n<p><span class=\"AnswerParser_TextContainer__z_Iiv\" data-testid=\"youchat-text\">Nasze wodoodporne, zmywalne etykiety do prania RFID spe\u0142niaj\u0105 norm\u0119 ISO\/IEC 18000-6 typu C (EPC Gen2). Oto kilka kluczowych specyfikacji:<\/span><\/p>\n<ul class=\"AnswerParser_AnswerParserUnorderedList__P_1FW\">\n<li class=\"AnswerParser_ListItem__XqLOV\" translate=\"yes\"><strong>Rozmiar i waga<\/strong>: 70\u00d715 mm, 0,6 g<\/li>\n<li class=\"AnswerParser_ListItem__XqLOV\" translate=\"yes\"><strong>Typ uk\u0142adu scalonego<\/strong>: Impinj Monza 4QT, NXP U KOD 8, NXP U KOD 9<\/li>\n<li class=\"AnswerParser_ListItem__XqLOV\" translate=\"yes\"><strong>Pami\u0119\u0107 EPC<\/strong>: 128 bit\u00f3w<\/li>\n<li class=\"AnswerParser_ListItem__XqLOV\" translate=\"yes\"><strong>Pami\u0119\u0107 u\u017cytkownika<\/strong>: 512 bit\u00f3w<\/li>\n<li class=\"AnswerParser_ListItem__XqLOV\" translate=\"yes\"><strong>Zakres odczytu<\/strong>:Do 8 metr\u00f3w<\/li>\n<li class=\"AnswerParser_ListItem__XqLOV\" translate=\"yes\"><strong>Szacunkowy czas \u017cycia<\/strong>: 200 cykli prania lub 3 lata<\/li>\n<\/ul>\n<h3 class=\"AnswerParser_AnswerParserH3__Mpe4s\">5. Instrukcje u\u017cytkowania<\/h3>\n<p><span class=\"AnswerParser_TextContainer__z_Iiv\" data-testid=\"youchat-text\">Aby zapewni\u0107 optymalne dzia\u0142anie etykiet RFID do prania, nale\u017cy post\u0119powa\u0107 zgodnie z poni\u017csz\u0105 instrukcj\u0105 u\u017cytkowania:<\/span><\/p>\n<ul class=\"AnswerParser_AnswerParserUnorderedList__P_1FW\">\n<li class=\"AnswerParser_ListItem__XqLOV\" translate=\"yes\"><strong>Tagowanie<\/strong>:Metki mog\u0105 by\u0107 przyszyte do odzie\u017cy lub przymocowane za pomoc\u0105 kleju do nadruku na gor\u0105co.<\/li>\n<li class=\"AnswerParser_ListItem__XqLOV\" translate=\"yes\"><strong>Mycie<\/strong>:Nadaje si\u0119 do prania i czyszczenia na sucho.<\/li>\n<li class=\"AnswerParser_ListItem__XqLOV\" translate=\"yes\"><strong>Odporno\u015b\u0107 na wod\u0119<\/strong>:Zaprojektowane tak, aby wytrzyma\u0107 ci\u015bnienie ekstrakcji wody do 60 bar\u00f3w.<\/li>\n<\/ul>\n<h3 class=\"AnswerParser_AnswerParserH3__Mpe4s\">6. Wp\u0142yw na \u015brodowisko<\/h3>\n<p><span class=\"AnswerParser_TextContainer__z_Iiv\" data-testid=\"youchat-text\">Nasze etykiety do prania RFID zosta\u0142y zaprojektowane z my\u015bl\u0105 o zr\u00f3wnowa\u017conym rozwoju. Wykonane s\u0105 z materia\u0142\u00f3w odpornych na powszechne \u015brodki chemiczne do prania, co zmniejsza potrzeb\u0119 cz\u0119stej wymiany. To nie tylko zmniejsza ilo\u015b\u0107 odpad\u00f3w, ale tak\u017ce przyczynia si\u0119 do bardziej zr\u00f3wnowa\u017conej dzia\u0142alno\u015bci pralniczej.<\/span><\/p>\n<h3 class=\"AnswerParser_AnswerParserH3__Mpe4s\">7. Opinie klient\u00f3w<\/h3>\n<p><span class=\"AnswerParser_TextContainer__z_Iiv\" data-testid=\"youchat-text\">Nasi klienci niezmiennie chwalili nasze zmywalne etykiety do prania RFID za ich trwa\u0142o\u015b\u0107 i skuteczno\u015b\u0107. Wielu zg\u0142osi\u0142o znaczn\u0105 popraw\u0119 w procesach zarz\u0105dzania praniem, powo\u0142uj\u0105c si\u0119 na mniejsze straty i zwi\u0119kszon\u0105 wydajno\u015b\u0107. Oto, co powiedzia\u0142 jeden z naszych klient\u00f3w:<\/span><\/p>\n<blockquote><p><span class=\"AnswerParser_TextContainer__z_Iiv\" data-testid=\"youchat-text\">\u201eOd kiedy zacz\u0119li\u015bmy u\u017cywa\u0107 tych tag\u00f3w RFID, dok\u0142adno\u015b\u0107 naszego inwentaryzacji znacznie si\u0119 poprawi\u0142a. Teraz mo\u017cemy z \u0142atwo\u015bci\u0105 \u015bledzi\u0107 ka\u017cdy element garderoby!\u201d<\/span><\/p><\/blockquote>\n<h3 class=\"AnswerParser_AnswerParserH3__Mpe4s\">8. Cz\u0119sto zadawane pytania<\/h3>\n<p><span class=\"AnswerParser_TextContainer__z_Iiv\" data-testid=\"youchat-text\"><strong>P: Jak d\u0142ugo dzia\u0142aj\u0105 metki pralnicze RFID?<\/strong><br \/>\nA: Nasze metki s\u0105 zaprojektowane tak, aby wytrzymywa\u0142y do 200 cykli prania lub przez trzy lata, w zale\u017cno\u015bci od tego, co nast\u0105pi pierwsze.<\/span><\/p>\n<p><span class=\"AnswerParser_TextContainer__z_Iiv\" data-testid=\"youchat-text\"><strong>P: Czy te znaczniki s\u0105 odporne na wysokie temperatury?<\/strong><br \/>\nO: Tak, nasze metki pralnicze RFID wytrzymuj\u0105 wysokie temperatury wyst\u0119puj\u0105ce podczas prania i suszenia.<\/span><\/p>\n<p><span class=\"AnswerParser_TextContainer__z_Iiv\" data-testid=\"youchat-text\"><strong>P: Jak mog\u0119 zam\u00f3wi\u0107 te znaczniki?<\/strong><br \/>\nA: Prosimy o wype\u0142nienie poni\u017cszego formularza zapytania i podanie typu czytnika RFID lub konfiguracji anteny, kt\u00f3rej Pa\u0144stwo potrzebuj\u0105.<\/span><\/p>\n<h3 class=\"AnswerParser_AnswerParserH3__Mpe4s\">9. Produkty powi\u0105zane<\/h3>\n<p><span class=\"AnswerParser_TextContainer__z_Iiv\" data-testid=\"youchat-text\">Opr\u00f3cz naszych zmywalnych tag\u00f3w RFID do prania oferujemy szereg powi\u0105zanych produkt\u00f3w, w tym czytniki RFID i anteny, aby uzupe\u0142ni\u0107 system zarz\u0105dzania praniem. Nasze rozwi\u0105zania s\u0105 zaprojektowane tak, aby bezproblemowo ze sob\u0105 wsp\u00f3\u0142pracowa\u0107, zapewniaj\u0105c kompleksowy system \u015bledzenia i zarz\u0105dzania.<\/span><\/p>\n<h3 class=\"AnswerParser_AnswerParserH3__Mpe4s\">10. Skontaktuj si\u0119 z nami<\/h3>\n<p><span class=\"AnswerParser_TextContainer__z_Iiv\" data-testid=\"youchat-text\">Aby uzyska\u0107 wi\u0119cej informacji na temat naszych zmywalnych tag\u00f3w RFID do prania lub om\u00f3wi\u0107 swoje konkretne potrzeby, skontaktuj si\u0119 z nami.\u00a0<strong>Skontaktuj si\u0119 z nami<\/strong>Nasz zesp\u00f3\u0142 jest gotowy pom\u00f3c Ci znale\u017a\u0107 najlepsze rozwi\u0105zania dla Twojej dzia\u0142alno\u015bci pralniczej.<\/span><\/p>\n<hr \/>\n<p><span class=\"AnswerParser_TextContainer__z_Iiv\" data-testid=\"youchat-text\">Wybieraj\u0105c nasze\u00a0<strong>zmywalne etykiety RFID do prania<\/strong>, inwestujesz w rozwi\u0105zanie, kt\u00f3re nie tylko zwi\u0119ksza Twoj\u0105 wydajno\u015b\u0107 operacyjn\u0105, ale tak\u017ce przyczynia si\u0119 do bardziej zr\u00f3wnowa\u017conej przysz\u0142o\u015bci. Dzi\u0119ki naszemu zaanga\u017cowaniu w jako\u015b\u0107 i zadowolenie klienta mo\u017cesz nam zaufa\u0107, \u017ce dostarczymy najlepsze rozwi\u0105zania RFID dla Twoich potrzeb w zakresie zarz\u0105dzania pralni\u0105. Nie wahaj si\u0119 skontaktowa\u0107 z nami i dowiedzie\u0107 si\u0119, jak nasze produkty mog\u0105 przekszta\u0142ci\u0107 Twoje operacje pralnicze ju\u017c dzi\u015b!<\/span><\/p>\n<p>&nbsp;<\/p>\n<\/div>\n<div class=\"auto-hide-last-sibling-br paragraph_1252f paragraph-element\"><\/div>","protected":false},"excerpt":{"rendered":"<p>Odkryj nasze <strong>Zmywalne etykiety do prania RFID<\/strong>! Idealny do \u015bledzenia po\u015bcieli i mundur\u00f3w, wytrzyma\u0142y, wodoodporny i zaprojektowany do bezproblemowego zarz\u0105dzania praniem.<\/p>","protected":false},"featured_media":2825,"template":"","meta":{"_kad_post_transparent":"default","_kad_post_title":"","_kad_post_layout":"default","_kad_post_sidebar_id":"","_kad_post_content_style":"default","_kad_post_vertical_padding":"default","_kad_post_feature":"","_kad_post_feature_position":"","_kad_post_header":false,"_kad_post_footer":false,"_kad_post_classname":""},"product_brand":[],"product_cat":[16],"product_tag":[340,31,65,30,341],"class_list":{"0":"post-2830","1":"product","2":"type-product","3":"status-publish","4":"has-post-thumbnail","6":"product_cat-uhf-rfid-laundry-tags","7":"product_tag-rfid-chips","8":"product_tag-rfid-tag-for-linen-laundry","9":"product_tag-textile-rfid-laundry-tags","10":"product_tag-uhf-rfid-laundry-tag","11":"product_tag-washable-laundry-rfid-tags-manufacturer","13":"first","14":"instock","15":"featured","16":"shipping-taxable","17":"product-type-simple","18":"entry","19":"content-bg","20":"loop-entry"},"_links":{"self":[{"href":"https:\/\/rfid-laundry-tag.com\/pl\/wp-json\/wp\/v2\/product\/2830","targetHints":{"allow":["GET"]}}],"collection":[{"href":"https:\/\/rfid-laundry-tag.com\/pl\/wp-json\/wp\/v2\/product"}],"about":[{"href":"https:\/\/rfid-laundry-tag.com\/pl\/wp-json\/wp\/v2\/types\/product"}],"version-history":[{"count":2,"href":"https:\/\/rfid-laundry-tag.com\/pl\/wp-json\/wp\/v2\/product\/2830\/revisions"}],"predecessor-version":[{"id":2832,"href":"https:\/\/rfid-laundry-tag.com\/pl\/wp-json\/wp\/v2\/product\/2830\/revisions\/2832"}],"wp:featuredmedia":[{"embeddable":true,"href":"https:\/\/rfid-laundry-tag.com\/pl\/wp-json\/wp\/v2\/media\/2825"}],"wp:attachment":[{"href":"https:\/\/rfid-laundry-tag.com\/pl\/wp-json\/wp\/v2\/media?parent=2830"}],"wp:term":[{"taxonomy":"product_brand","embeddable":true,"href":"https:\/\/rfid-laundry-tag.com\/pl\/wp-json\/wp\/v2\/product_brand?post=2830"},{"taxonomy":"product_cat","embeddable":true,"href":"https:\/\/rfid-laundry-tag.com\/pl\/wp-json\/wp\/v2\/product_cat?post=2830"},{"taxonomy":"product_tag","embeddable":true,"href":"https:\/\/rfid-laundry-tag.com\/pl\/wp-json\/wp\/v2\/product_tag?post=2830"}],"curies":[{"name":"wp","href":"https:\/\/api.w.org\/{rel}","templated":true}]}}