{"id":2822,"date":"2024-11-04T14:49:24","date_gmt":"2024-11-04T14:49:24","guid":{"rendered":"https:\/\/rfid-laundry-tag.com\/?post_type=product&#038;p=2822"},"modified":"2024-11-04T15:12:28","modified_gmt":"2024-11-04T15:12:28","slug":"waterproof-washable-rfid-laundry-tag","status":"publish","type":"product","link":"https:\/\/rfid-laundry-tag.com\/pl\/waterproof-washable-rfid-laundry-tag\/","title":{"rendered":"Wodoodporny, zmywalny znacznik RFID do prania"},"content":{"rendered":"<div>\n<div class=\"auto-hide-last-sibling-br paragraph_1252f paragraph-element\">\n<h2>Wodoodporny, zmywalny znacznik RFID do prania<\/h2>\n<table width=\"637\">\n<tbody>\n<tr>\n<td width=\"328\">Nazwa przedmiotu:<\/td>\n<td width=\"309\">Wodoodporny, zmywalny znacznik RFID do prania<\/td>\n<\/tr>\n<tr>\n<td width=\"328\">Norma RFID:<\/td>\n<td width=\"309\">ISO\/IEC 18000-6 Typ C (EPC Gen2)<\/td>\n<\/tr>\n<tr>\n<td width=\"328\">Rozmiar i waga:<\/td>\n<td width=\"309\">70\u00d715 mm, 0,6 g<\/td>\n<\/tr>\n<tr>\n<td width=\"328\">Typ uk\u0142adu scalonego:<\/td>\n<td width=\"309\">Impinj Monza 4QT, NXP U KOD 8, NXP U KOD 9<\/td>\n<\/tr>\n<tr>\n<td width=\"328\">Pami\u0119\u0107 EPC:<\/td>\n<td width=\"309\">128 bit\u00f3w<\/td>\n<\/tr>\n<tr>\n<td width=\"328\">Pami\u0119\u0107 u\u017cytkownika:<\/td>\n<td width=\"309\">512 bit\u00f3w<\/td>\n<\/tr>\n<tr>\n<td width=\"328\">Zakres odczytu (2W ERP FCC):<\/td>\n<td width=\"309\">8m<\/td>\n<\/tr>\n<tr>\n<td width=\"328\">Zakres odczytu (2W ERP ETSI):<\/td>\n<td width=\"309\">8m<\/td>\n<\/tr>\n<tr>\n<td width=\"328\">Tagowanie:<\/td>\n<td width=\"309\">Szycie, Klej do t\u0142oczenia na gor\u0105co<\/td>\n<\/tr>\n<tr>\n<td width=\"328\">Szacowany czas \u017cycia:<\/td>\n<td width=\"309\">200 cykli prania lub 3 lata, w zale\u017cno\u015bci od tego, co nast\u0105pi pierwsze<\/td>\n<\/tr>\n<tr>\n<td width=\"328\">Metoda prania:<\/td>\n<td width=\"309\">Pralnia, czyszczenie chemiczne<\/td>\n<\/tr>\n<tr>\n<td width=\"328\">Ci\u015bnienie ekstrakcji wody:<\/td>\n<td width=\"309\">60 bar<\/td>\n<\/tr>\n<tr>\n<td width=\"328\">Wodoodporno\u015b\u0107:<\/td>\n<td width=\"309\">Wodoodporny<\/td>\n<\/tr>\n<tr>\n<td width=\"328\">Odporno\u015b\u0107 chemiczna:<\/td>\n<td width=\"309\">Detergent, zmi\u0119kczacz, wybielacz (tlen\/chlor), alkalia<\/td>\n<\/tr>\n<tr>\n<td width=\"328\">Wst\u0119pne suszenie w suszarce b\u0119bnowej:<\/td>\n<td width=\"309\">125 \u00baC przez 15-20 minut<\/td>\n<\/tr>\n<tr>\n<td width=\"328\">Temperatura sterylizacji:<\/td>\n<td width=\"309\">135\u00b0C przez 15-20 minut<\/td>\n<\/tr>\n<tr>\n<td width=\"328\">Temperatura prania:<\/td>\n<td width=\"309\">90\u00b0C, do 15 min.<\/td>\n<\/tr>\n<tr>\n<td width=\"328\">Wilgotno\u015b\u0107\/Temperatura - praca:<\/td>\n<td width=\"309\">-20 do 110\u00b0C, 8 do 95%RH<\/td>\n<\/tr>\n<tr>\n<td width=\"328\">Wilgotno\u015b\u0107\/Temperatura-Przechowywanie:<\/td>\n<td width=\"309\">-40 do 110\u00b0C, 8 do 95%RH<\/td>\n<\/tr>\n<\/tbody>\n<\/table>\n<\/div>\n<div class=\"auto-hide-last-sibling-br paragraph_1252f paragraph-element\"><\/div>\n<\/div>\n<div class=\"auto-hide-last-sibling-br paragraph_1252f paragraph-element\">\n<div data-spm-anchor-id=\"a2700.details.0.i57.23b419c7xXORP0\"><span data-spm-anchor-id=\"a2700.details.0.i75.23b419c7xXORP0\"><b>Funkcja:<\/b><br \/>\n1) Technologia UHF umo\u017cliwiaj\u0105ca odczyt setek tag\u00f3w jednocze\u015bnie.<br \/>\n2) Odleg\u0142o\u015b\u0107 czytania wi\u0119ksza ni\u017c 8 st\u00f3p.<br \/>\n3) Nowa konstrukcja mechaniczna zapewniaj\u0105ca lepsz\u0105 wydajno\u015b\u0107 prania p\u0142askiej po\u015bcieli.<br \/>\n4) Nadaje si\u0119 do ekstraktor\u00f3w wysokoci\u015bnieniowych do 60 bar\u00f3w.<br \/>\n5) Nadaje si\u0119 do sterylizacji w autoklawie.<br \/>\n6) Ma\u0142y, mi\u0119kki i elastyczny materia\u0142 idealny na tekstylia, po\u015bciel, ubrania i akcesoria.<\/span><\/div>\n<\/div>\n<div data-spm-anchor-id=\"a2700.details.0.i57.23b419c7xXORP0\"><\/div>\n<div data-spm-anchor-id=\"a2700.details.0.i57.23b419c7xXORP0\"><span class=\"AnswerParser_TextContainer__z_Iiv\" data-testid=\"youchat-text\">Ten\u00a0<strong>Wodoodporny, zmywalny znacznik RFID do prania<\/strong>\u00a0to rewolucyjne rozwi\u0105zanie zaprojektowane w celu usprawnienia \u015bledzenia i zarz\u0105dzania odzie\u017c\u0105, po\u015bciel\u0105 i mundurami. Te znaczniki nie tylko zwi\u0119kszaj\u0105 wydajno\u015b\u0107 operacyjn\u0105, ale tak\u017ce zapewniaj\u0105 znaczne oszcz\u0119dno\u015bci koszt\u00f3w i lepsz\u0105 kontrol\u0119 zapas\u00f3w. Dzi\u0119ki swojej trwa\u0142ej i zmywalnej konstrukcji idealnie nadaj\u0105 si\u0119 do cykli prania w wysokiej temperaturze, co czyni je m\u0105dr\u0105 inwestycj\u0105 w przypadku ka\u017cdej dzia\u0142alno\u015bci pralniczej.<\/span><\/p>\n<h2 class=\"AnswerParser_AnswerParserH2__SIHnF\">Dlaczego warto wybra\u0107 wodoodporne, zmywalne etykiety pralnicze RFID?<\/h2>\n<p><span class=\"AnswerParser_TextContainer__z_Iiv\" data-testid=\"youchat-text\">Korzy\u015bci ze stosowania\u00a0<strong>Tagi pralnicze RFID<\/strong>\u00a0jest ich wiele. Umo\u017cliwiaj\u0105 automatyczne \u015bledzenie prania, redukuj\u0105c r\u0119czn\u0105 prac\u0119 i minimalizuj\u0105c b\u0142\u0119dy. Technologia ta umo\u017cliwia zarz\u0105dzanie zapasami w czasie rzeczywistym, zapewniaj\u0105c, \u017ce ka\u017cdy element garderoby jest uwzgl\u0119dniony. Ponadto, wodoodporno\u015b\u0107 i mo\u017cliwo\u015b\u0107 prania tych tag\u00f3w zapewniaj\u0105 d\u0142ugowieczno\u015b\u0107 i niezawodno\u015b\u0107, nawet w najbardziej wymagaj\u0105cych \u015brodowiskach pralniczych. Inwestuj\u0105c w\u00a0<strong>Tagi pralnicze RFID<\/strong>przedsi\u0119biorstwa mog\u0105 zwi\u0119kszy\u0107 swoj\u0105 wydajno\u015b\u0107 operacyjn\u0105, poprawi\u0107 poziom zadowolenia klient\u00f3w i ostatecznie zwi\u0119kszy\u0107 rentowno\u015b\u0107.<\/span><\/div>\n<h3 class=\"wp-block-heading\">Instalacja<\/h3>\n<p><strong>Oznaczanie \u015bcieg\u00f3w<\/strong>: Do przyszycia do brzegu materia\u0142u tekstylnego. Przyszyj metk\u0119 do prania od linii sk\u0142adania.<br \/>\n<strong>Zgrzewanie<\/strong>: Nale\u017cy zgrzewa\u0107 bezpo\u015brednio na materiale tekstylnym w temperaturze +200\u00b0C (392\u00b0F) przez 12~14 sekund.<br \/>\n<strong>W woreczku<\/strong>: Do przyszycia jak standardowa metka piel\u0119gnacyjna. Przyszyj metk\u0119 do prania od linii sk\u0142adania.<\/p>\n<div class=\"auto-hide-last-sibling-br paragraph_1252f paragraph-element\">\n<div><\/div>\n<p style=\"font-weight: 400;\"><span style=\"font-style: inherit; font-weight: inherit;\" data-spm-anchor-id=\"a2700.details.0.i52.7e74253fSAfL7T\">Jak <\/span><b><strong style=\"font-style: inherit;\">MOCNY<\/strong><\/b><span style=\"font-style: inherit; font-weight: inherit;\"> oni s\u0105?<\/span><\/p>\n<p><b><strong>\u2460<\/strong><\/b>Czy chipy RFID mog\u0105 ulec uszkodzeniu pod wp\u0142ywem wysokich temperatur?<span style=\"font-style: inherit; font-weight: inherit;\"> \u2013<\/span><b><strong>\u2714 Nasze etykiety do prania tekstyli\u00f3w RFID s\u0105 przeznaczone do stosowania w temperaturze 200 \u00b0C<\/strong><\/b><span style=\"font-style: inherit; font-weight: inherit;\">.<\/span><\/p>\n<p style=\"font-weight: 400;\"><b><strong>\u2461<\/strong><\/b>Ile razy mo\u017cna pra\u0107 metki przyczepione do mundurowych wyrob\u00f3w tekstylnych? <b><strong>\u2013\u2714Nasza tekstylna etykieta do prania RFID mo\u017ce by\u0107 prana ponad 200 razy. Gwarancja obowi\u0105zuje przez 2 lata od daty wysy\u0142ki.<\/strong><\/b><\/p>\n<p style=\"font-weight: 400;\"><b><strong>\u2462<\/strong><\/b>Czy b\u0119dziemy wydawa\u0107 presti\u017cowe mundury na produkty tekstylne i kontynuowa\u0107 prac\u0119 w przypadku zmia\u017cd\u017cenia wi\u00f3r\u00f3w? <b><strong>\u2013\u2714Zaprojektowali\u015bmy nasz\u0105 metk\u0119 do prania tekstyli\u00f3w tak, aby wytrzymywa\u0142a ci\u015bnienie 60 bar\u00f3w w procesie prasowania produkt\u00f3w tekstylnych.<\/strong><\/b><\/p>\n<p style=\"font-weight: 400;\"><b><strong>\u2463<\/strong><\/b>Gdzie umieszcza\u0107 metki RFID do prania na tekstyliach s\u0142u\u017cbowych? <b><strong>\u2013 \u2714Metki RFID do prania tekstyli\u00f3w s\u0105 instalowane w zale\u017cno\u015bci od dost\u0119pno\u015bci mundur\u00f3w.<\/strong><\/b><\/p>\n<h3 class=\"AnswerParser_AnswerParserH3__Mpe4s\">Cechy wodoodpornych, zmywalnych tag\u00f3w RFID do prania<\/h3>\n<p><span class=\"AnswerParser_TextContainer__z_Iiv\" data-testid=\"youchat-text\">Ten\u00a0<strong>Wodoodporny, zmywalny znacznik RFID do prania<\/strong>\u00a0jest zaprojektowany z kilkoma kluczowymi cechami, kt\u00f3re czyni\u0105 go niezb\u0119dnym narz\u0119dziem do zarz\u0105dzania praniem. Te tagi s\u0105 wykonane z trwa\u0142ych materia\u0142\u00f3w, kt\u00f3re wytrzymuj\u0105 wysokie temperatury i trudne warunki prania. S\u0105 wyposa\u017cone w technologi\u0119 UHF RFID, umo\u017cliwiaj\u0105c\u0105 zasi\u0119g odczytu do 6 metr\u00f3w, co jest idealne do \u015bledzenia wielu przedmiot\u00f3w jednocze\u015bnie.<\/span><span class=\"AnswerParser_TextContainer__z_Iiv\" data-testid=\"youchat-text\">Ponadto te metki s\u0105 lekkie, wa\u017c\u0105 zaledwie 0,6 grama i maj\u0105 kompaktowy rozmiar 70\u00d715 mm, co sprawia, \u017ce mo\u017cna je \u0142atwo przymocowa\u0107 do r\u00f3\u017cnych tekstyli\u00f3w bez dodawania obj\u0119to\u015bci. Metki mo\u017cna przyszy\u0107 do ubra\u0144 lub przymocowa\u0107 za pomoc\u0105 kleju, co zapewnia elastyczno\u015b\u0107 w zastosowaniu.<\/span><\/p>\n<h3 class=\"AnswerParser_AnswerParserH3__Mpe4s\">Dane techniczne<\/h3>\n<p><span class=\"AnswerParser_TextContainer__z_Iiv\" data-testid=\"youchat-text\">Zrozumienie specyfikacji technicznych\u00a0<strong>Tag pralniczy RFID<\/strong>\u00a0jest kluczowa dla firm, kt\u00f3re chc\u0105 wdro\u017cy\u0107 t\u0119 technologi\u0119. Tagi s\u0105 zgodne z norm\u0105 ISO\/IEC 18000-6 typu C (EPC Gen2), co zapewnia kompatybilno\u015b\u0107 z szerok\u0105 gam\u0105 czytnik\u00f3w RFID.<\/span><\/p>\n<ul class=\"AnswerParser_AnswerParserUnorderedList__P_1FW\">\n<li class=\"AnswerParser_ListItem__XqLOV\" translate=\"yes\"><strong>Typ uk\u0142adu scalonego<\/strong>: Impinj Monza 4QT, NXP U KOD 8, NXP U KOD 9<\/li>\n<li class=\"AnswerParser_ListItem__XqLOV\" translate=\"yes\"><strong>Pami\u0119\u0107 EPC<\/strong>: 128 bit\u00f3w<\/li>\n<li class=\"AnswerParser_ListItem__XqLOV\" translate=\"yes\"><strong>Pami\u0119\u0107 u\u017cytkownika<\/strong>: 512 bit\u00f3w<\/li>\n<li class=\"AnswerParser_ListItem__XqLOV\" translate=\"yes\"><strong>Cykle prania<\/strong>:Zaprojektowane tak, aby wytrzyma\u0107 ponad 200 cykli prania bez utraty funkcjonalno\u015bci.<\/li>\n<\/ul>\n<p><span class=\"AnswerParser_TextContainer__z_Iiv\" data-testid=\"youchat-text\">Specyfikacje te podkre\u015blaj\u0105 trwa\u0142o\u015b\u0107 i niezawodno\u015b\u0107 metki, dzi\u0119ki czemu nadaje si\u0119 ona do r\u00f3\u017cnych zastosowa\u0144 pralniczych.<\/span><\/p>\n<h3 class=\"AnswerParser_AnswerParserH3__Mpe4s\">Korzy\u015bci ze stosowania tag\u00f3w pralniczych RFID<\/h3>\n<p><span class=\"AnswerParser_TextContainer__z_Iiv\" data-testid=\"youchat-text\">Wdro\u017cenie\u00a0<strong>Tagi pralnicze RFID<\/strong>\u00a0oferuje liczne korzy\u015bci dla firm. Po pierwsze, znacznie skracaj\u0105 czas po\u015bwi\u0119cony na zarz\u0105dzanie zapasami. Dzi\u0119ki automatycznemu \u015bledzeniu pracownicy mog\u0105 szybko zlokalizowa\u0107 i zarz\u0105dza\u0107 artyku\u0142ami do prania, co prowadzi do zwi\u0119kszenia produktywno\u015bci.<\/span><span class=\"AnswerParser_TextContainer__z_Iiv\" data-testid=\"youchat-text\">Po drugie, te tagi zwi\u0119kszaj\u0105 bezpiecze\u0144stwo, zapobiegaj\u0105c utracie i kradzie\u017cy odzie\u017cy. Mo\u017cliwo\u015b\u0107 \u015bledzenia ka\u017cdego przedmiotu w czasie rzeczywistym zapewnia, \u017ce firmy mog\u0105 prowadzi\u0107 dok\u0142adne rejestry swoich zapas\u00f3w. Na koniec, dane zebrane z system\u00f3w RFID mog\u0105 zapewni\u0107 cenne informacje na temat operacji pralniczych, pomagaj\u0105c firmom optymalizowa\u0107 procesy i obni\u017ca\u0107 koszty.<\/span><\/p>\n<h3 class=\"AnswerParser_AnswerParserH3__Mpe4s\">Wp\u0142yw na \u015brodowisko<\/h3>\n<p><span class=\"AnswerParser_TextContainer__z_Iiv\" data-testid=\"youchat-text\">Ten\u00a0<strong>Wodoodporny, zmywalny znacznik RFID do prania<\/strong>\u00a0jest nie tylko korzystne dla firm, ale tak\u017ce dla \u015brodowiska. Dzi\u0119ki zmniejszeniu konieczno\u015bci r\u0119cznego \u015bledzenia i minimalizacji b\u0142\u0119d\u00f3w, te tagi przyczyniaj\u0105 si\u0119 do bardziej wydajnej pracy pralni, co mo\u017ce prowadzi\u0107 do mniejszego zu\u017cycia wody i energii.<\/span><span class=\"AnswerParser_TextContainer__z_Iiv\" data-testid=\"youchat-text\">Ponadto trwa\u0142o\u015b\u0107 tych tag\u00f3w oznacza, \u017ce nie trzeba ich cz\u0119sto wymienia\u0107, co zmniejsza ilo\u015b\u0107 odpad\u00f3w. Firmy mog\u0105 r\u00f3wnie\u017c zdecydowa\u0107 si\u0119 na wdro\u017cenie system\u00f3w RFID, kt\u00f3re s\u0105 zgodne z praktykami przyjaznymi dla \u015brodowiska, co jeszcze bardziej zwi\u0119ksza ich wysi\u0142ki na rzecz zr\u00f3wnowa\u017conego rozwoju.<\/span><\/p>\n<h3 class=\"AnswerParser_AnswerParserH3__Mpe4s\">Instrukcje u\u017cytkowania<\/h3>\n<p><span class=\"AnswerParser_TextContainer__z_Iiv\" data-testid=\"youchat-text\">Aby zmaksymalizowa\u0107 skuteczno\u015b\u0107\u00a0<strong>Tagi pralnicze RFID<\/strong>, w\u0142a\u015bciwe u\u017cycie jest niezb\u0119dne. Oto kilka kluczowych krok\u00f3w do wdro\u017cenia:<\/span><\/p>\n<ol class=\"AnswerParser_AnswerParserOrderedList__kl_2Y\">\n<li class=\"AnswerParser_ListItem__XqLOV\" translate=\"yes\"><span class=\"AnswerParser_TextContainer__z_Iiv\" data-testid=\"youchat-text\"><strong>Tagowanie<\/strong>: Przymocuj tagi RFID do ubra\u0144 lub po\u015bcieli za pomoc\u0105 szycia lub klejenia. Upewnij si\u0119, \u017ce tagi s\u0105 solidnie przymocowane, aby wytrzyma\u0107 pranie.<\/span><\/li>\n<li class=\"AnswerParser_ListItem__XqLOV\" translate=\"yes\"><span class=\"AnswerParser_TextContainer__z_Iiv\" data-testid=\"youchat-text\"><strong>\u0141\u00f3w<\/strong>: U\u017cyj czytnika RFID do skanowania tag\u00f3w podczas procesu prania. Mo\u017cna to zrobi\u0107 w r\u00f3\u017cnych punktach, w tym przy oddawaniu, praniu i odbiorze.<\/span><\/li>\n<li class=\"AnswerParser_ListItem__XqLOV\" translate=\"yes\"><span class=\"AnswerParser_TextContainer__z_Iiv\" data-testid=\"youchat-text\"><strong>Zarz\u0105dzanie danymi<\/strong>: Wykorzystaj oprogramowanie RFID do zarz\u0105dzania i analizowania danych zebranych z tag\u00f3w. Pomo\u017ce to w \u015bledzeniu poziom\u00f3w zapas\u00f3w i identyfikowaniu wszelkich rozbie\u017cno\u015bci.<\/span><\/li>\n<\/ol>\n<h3 class=\"AnswerParser_AnswerParserH3__Mpe4s\">Opinie klient\u00f3w<\/h3>\n<p><span class=\"AnswerParser_TextContainer__z_Iiv\" data-testid=\"youchat-text\">Opinie klient\u00f3w s\u0105 kluczowym aspektem zrozumienia skuteczno\u015bci\u00a0<strong>Tagi pralnicze RFID<\/strong>Wielu u\u017cytkownik\u00f3w zg\u0142osi\u0142o znaczn\u0105 popraw\u0119 w dzia\u0142aniu pralni po wdro\u017ceniu tych tag\u00f3w.<\/span><span class=\"AnswerParser_TextContainer__z_Iiv\" data-testid=\"youchat-text\">Na przyk\u0142ad, kierownik hotelu zauwa\u017cy\u0142: \u201eOd kiedy zacz\u0119li\u015bmy u\u017cywa\u0107 tag\u00f3w RFID do prania, nasze zarz\u0105dzanie zapasami sta\u0142o si\u0119 p\u0142ynne. Mo\u017cemy bez wysi\u0142ku \u015bledzi\u0107 nasz\u0105 po\u015bciel i mundury, co pozwoli\u0142o nam zaoszcz\u0119dzi\u0107 czas i pieni\u0105dze\u201d.<\/span><span class=\"AnswerParser_TextContainer__z_Iiv\" data-testid=\"youchat-text\">Inny klient z plac\u00f3wki s\u0142u\u017cby zdrowia wspomnia\u0142: \u201eTrwa\u0142o\u015b\u0107 tych metek jest imponuj\u0105ca. Wytrzymuj\u0105 wiele cykli prania bez \u017cadnych problem\u00f3w, zapewniaj\u0105c nam zgodno\u015b\u0107 z naszymi surowymi standardami higieny\u201d.<\/span><\/p>\n<h3 class=\"AnswerParser_AnswerParserH3__Mpe4s\">Produkty powi\u0105zane<\/h3>\n<p><span class=\"AnswerParser_TextContainer__z_Iiv\" data-testid=\"youchat-text\">Opr\u00f3cz\u00a0<strong>Wodoodporny, zmywalny znacznik RFID do prania<\/strong>, istnieje kilka powi\u0105zanych produkt\u00f3w, kt\u00f3re mog\u0105 usprawni\u0107 systemy zarz\u0105dzania praniem. Nale\u017c\u0105 do nich:<\/span><\/p>\n<ul class=\"AnswerParser_AnswerParserUnorderedList__P_1FW\">\n<li class=\"AnswerParser_ListItem__XqLOV\" translate=\"yes\"><strong>Etykiety RFID<\/strong>:Idealny do mniejszych przedmiot\u00f3w lub specjalistycznych zastosowa\u0144.<\/li>\n<li class=\"AnswerParser_ListItem__XqLOV\" translate=\"yes\"><strong>Naklejki RFID<\/strong>:Uniwersalny i \u0142atwy do zastosowania na r\u00f3\u017cnych powierzchniach.<\/li>\n<li class=\"AnswerParser_ListItem__XqLOV\" translate=\"yes\"><strong>Czytniki RFID<\/strong>:Niezb\u0119dne do efektywnego skanowania i zarz\u0105dzania oznaczonymi przedmiotami.<\/li>\n<\/ul>\n<h3 class=\"AnswerParser_AnswerParserH3__Mpe4s\">\u00a0Cz\u0119sto zadawane pytania (FAQ)<\/h3>\n<p><span class=\"AnswerParser_TextContainer__z_Iiv\" data-testid=\"youchat-text\"><strong>P: Jak d\u0142ugo dzia\u0142aj\u0105 etykiety RFID do prania?<\/strong><br \/>\nA: Nasz\u00a0<strong>Tagi pralnicze RFID<\/strong>\u00a0s\u0105 zaprojektowane tak, aby wytrzyma\u0107 ponad 200 cykli prania, co gwarantuje d\u0142ugotrwa\u0142\u0105 wydajno\u015b\u0107.<\/span><\/p>\n<p><span class=\"AnswerParser_TextContainer__z_Iiv\" data-testid=\"youchat-text\"><strong>P: Czy te metki mo\u017cna pra\u0107 w wysokiej temperaturze?<\/strong><br \/>\nO: Tak, te metki s\u0105 specjalnie zaprojektowane tak, aby wytrzymywa\u0107 wysokie temperatury, dzi\u0119ki czemu nadaj\u0105 si\u0119 do zastosowa\u0144 w pralniach przemys\u0142owych.<\/span><\/p>\n<p><span class=\"AnswerParser_TextContainer__z_Iiv\" data-testid=\"youchat-text\"><strong>P: Jak zam\u00f3wi\u0107 metki pralnicze RFID?<\/strong><br \/>\nA: Aby z\u0142o\u017cy\u0107 zam\u00f3wienie lub zapyta\u0107 o opcje personalizacji, wype\u0142nij formularz kontaktowy na naszej stronie internetowej, a nasz zesp\u00f3\u0142 niezw\u0142ocznie udzieli Ci pomocy.<\/span><\/p>\n<h3 class=\"AnswerParser_AnswerParserH3__Mpe4s\">Wniosek<\/h3>\n<p><span class=\"AnswerParser_TextContainer__z_Iiv\" data-testid=\"youchat-text\">Ten\u00a0<strong>Wodoodporny, zmywalny znacznik RFID do prania<\/strong>\u00a0to prze\u0142om dla firm, kt\u00f3re chc\u0105 udoskonali\u0107 swoje procesy zarz\u0105dzania praniem. Dzi\u0119ki trwa\u0142ej konstrukcji, zaawansowanej technologii i licznym korzy\u015bciom jest to inwestycja, kt\u00f3ra si\u0119 op\u0142aca pod wzgl\u0119dem wydajno\u015bci i oszcz\u0119dno\u015bci koszt\u00f3w.<\/span><span class=\"AnswerParser_TextContainer__z_Iiv\" data-testid=\"youchat-text\">Dzi\u0119ki zastosowaniu technologii RFID firmy mog\u0105 usprawni\u0107 swoje operacje, poprawi\u0107 dok\u0142adno\u015b\u0107 inwentaryzacji i ostatecznie zapewni\u0107 lepsz\u0105 obs\u0142ug\u0119 swoim klientom. Nie przegap okazji, aby zrewolucjonizowa\u0107 zarz\u0105dzanie pralni\u0105\u2014<strong>Skontaktuj si\u0119 z nami<\/strong>\u00a0ju\u017c dzi\u015b, aby dowiedzie\u0107 si\u0119 wi\u0119cej o naszych rozwi\u0105zaniach RFID i o tym, jak mog\u0105 one przynie\u015b\u0107 korzy\u015bci Twojej organizacji.<\/span><\/p>\n<p>&nbsp;<\/p>\n<\/div>\n<div class=\"auto-hide-last-sibling-br paragraph_1252f paragraph-element\"><\/div>","protected":false},"excerpt":{"rendered":"<p><strong>Wodoodporny, zmywalny znacznik RFID do prania<\/strong>\u00a0to prze\u0142om dla firm, kt\u00f3re chc\u0105 udoskonali\u0107 swoje procesy zarz\u0105dzania praniem. Dzi\u0119ki trwa\u0142ej konstrukcji, zaawansowanej technologii i licznym korzy\u015bciom jest to inwestycja, kt\u00f3ra si\u0119 op\u0142aca pod wzgl\u0119dem wydajno\u015bci i oszcz\u0119dno\u015bci koszt\u00f3w.<\/p>","protected":false},"featured_media":2827,"template":"","meta":{"_kad_post_transparent":"default","_kad_post_title":"","_kad_post_layout":"default","_kad_post_sidebar_id":"","_kad_post_content_style":"default","_kad_post_vertical_padding":"default","_kad_post_feature":"","_kad_post_feature_position":"","_kad_post_header":false,"_kad_post_footer":false,"_kad_post_classname":""},"product_brand":[],"product_cat":[16],"product_tag":[340,31,65,30,325],"class_list":{"0":"post-2822","1":"product","2":"type-product","3":"status-publish","4":"has-post-thumbnail","6":"product_cat-uhf-rfid-laundry-tags","7":"product_tag-rfid-chips","8":"product_tag-rfid-tag-for-linen-laundry","9":"product_tag-textile-rfid-laundry-tags","10":"product_tag-uhf-rfid-laundry-tag","11":"product_tag-washable-rfid-laundry-tag","13":"first","14":"instock","15":"featured","16":"shipping-taxable","17":"product-type-simple","18":"entry","19":"content-bg","20":"loop-entry"},"_links":{"self":[{"href":"https:\/\/rfid-laundry-tag.com\/pl\/wp-json\/wp\/v2\/product\/2822","targetHints":{"allow":["GET"]}}],"collection":[{"href":"https:\/\/rfid-laundry-tag.com\/pl\/wp-json\/wp\/v2\/product"}],"about":[{"href":"https:\/\/rfid-laundry-tag.com\/pl\/wp-json\/wp\/v2\/types\/product"}],"version-history":[{"count":2,"href":"https:\/\/rfid-laundry-tag.com\/pl\/wp-json\/wp\/v2\/product\/2822\/revisions"}],"predecessor-version":[{"id":2829,"href":"https:\/\/rfid-laundry-tag.com\/pl\/wp-json\/wp\/v2\/product\/2822\/revisions\/2829"}],"wp:featuredmedia":[{"embeddable":true,"href":"https:\/\/rfid-laundry-tag.com\/pl\/wp-json\/wp\/v2\/media\/2827"}],"wp:attachment":[{"href":"https:\/\/rfid-laundry-tag.com\/pl\/wp-json\/wp\/v2\/media?parent=2822"}],"wp:term":[{"taxonomy":"product_brand","embeddable":true,"href":"https:\/\/rfid-laundry-tag.com\/pl\/wp-json\/wp\/v2\/product_brand?post=2822"},{"taxonomy":"product_cat","embeddable":true,"href":"https:\/\/rfid-laundry-tag.com\/pl\/wp-json\/wp\/v2\/product_cat?post=2822"},{"taxonomy":"product_tag","embeddable":true,"href":"https:\/\/rfid-laundry-tag.com\/pl\/wp-json\/wp\/v2\/product_tag?post=2822"}],"curies":[{"name":"wp","href":"https:\/\/api.w.org\/{rel}","templated":true}]}}