{"id":2792,"date":"2024-10-29T11:28:05","date_gmt":"2024-10-29T11:28:05","guid":{"rendered":"https:\/\/rfid-laundry-tag.com\/?post_type=product&#038;p=2792"},"modified":"2024-10-29T13:03:05","modified_gmt":"2024-10-29T13:03:05","slug":"fdx-b-134-2khz-rfid-animal-id-glass-tag-syringe-transponder","status":"publish","type":"product","link":"https:\/\/rfid-laundry-tag.com\/pl\/fdx-b-134-2khz-rfid-animal-id-glass-tag-syringe-transponder\/","title":{"rendered":"FDX-B 134,2 khz RFID Animal ID Szklany znacznik strzykawki transponder"},"content":{"rendered":"<h2>FDX-B 134,2 khz RFID Animal ID Szklany znacznik strzykawki transponder<\/h2>\n<p><span class=\"AnswerParser_TextContainer__z_Iiv\" data-testid=\"youchat-text\"><strong>FDX-B 134,2 kHz RFID Animal ID Szklany znacznik strzykawki transponder<\/strong>\u00a0to najnowocze\u015bniejsze rozwi\u0105zanie do identyfikacji i zarz\u0105dzania zwierz\u0119tami. Zaprojektowany specjalnie dla zwierz\u0105t domowych i hodowlanych, ten szklany znacznik RFID zapewnia dok\u0142adne \u015bledzenie i identyfikacj\u0119, co czyni go niezb\u0119dnym narz\u0119dziem dla weterynarzy, hodowc\u00f3w i w\u0142a\u015bcicieli zwierz\u0105t domowych. Dzi\u0119ki solidnym funkcjom i niezawodnej wydajno\u015bci, ten produkt jest wart inwestycji dla ka\u017cdego, kto zajmuje si\u0119 opiek\u0105 nad zwierz\u0119tami i zarz\u0105dzaniem nimi.<\/span><\/p>\n<h2 class=\"AnswerParser_AnswerParserH2__SIHnF\">Dlaczego warto wybra\u0107 szklany identyfikator dla zwierz\u0105t FDX-B RFID 134,2 kHz?<\/h2>\n<p><span class=\"AnswerParser_TextContainer__z_Iiv\" data-testid=\"youchat-text\">Etykieta szklana FDX-B RFID to nie tylko proste narz\u0119dzie identyfikacyjne; oferuje ona liczne korzy\u015bci, kt\u00f3re usprawniaj\u0105 zarz\u0105dzanie zwierz\u0119tami.\u00a0<strong>bioszk\u0142o<\/strong>\u00a0konstrukcja zapewnia trwa\u0142o\u015b\u0107 i biokompatybilno\u015b\u0107, dzi\u0119ki czemu jest bezpieczna do implantacji. Tag dzia\u0142a z cz\u0119stotliwo\u015bci\u0105\u00a0<strong>134,2 kHz<\/strong>, kt\u00f3ry jest zgodny z mi\u0119dzynarodowymi normami (ISO11784\/785, ISO14443A), zapewniaj\u0105c niezawodn\u0105 wydajno\u015b\u0107 w r\u00f3\u017cnych aplikacjach. Ponadto,\u00a0<strong>100% sterylizacja klasy medycznej<\/strong>\u00a0gwarantuje, \u017ce znacznik jest bezpieczny do stosowania u zwierz\u0105t, minimalizuj\u0105c ryzyko infekcji lub powik\u0142a\u0144 po implantacji.<\/span><\/p>\n<h3 class=\"AnswerParser_AnswerParserH3__Mpe4s\">Zarys produktu<\/h3>\n<h4 class=\"AnswerParser_AnswerParserH4__ghxg8\">1. Cechy produktu<\/h4>\n<p><span class=\"AnswerParser_TextContainer__z_Iiv\" data-testid=\"youchat-text\">Etykieta szklana RFID FDX-B jest dost\u0119pna w r\u00f3\u017cnych rozmiarach, w tym:\u00a0<strong>1,25*7 mm<\/strong>,\u00a0<strong>1,4*8 mm<\/strong>,\u00a0<strong>2*8mm<\/strong>,\u00a0<strong>2*12mm<\/strong>, I\u00a0<strong>3*15mm<\/strong>. Ten zakres zapewnia elastyczno\u015b\u0107 w zastosowaniu, dostosowuj\u0105c si\u0119 do r\u00f3\u017cnych rozmiar\u00f3w zwierz\u0105t, od ma\u0142ych zwierz\u0105t domowych po wi\u0119ksze zwierz\u0119ta gospodarskie. Etykieta\u00a0<strong>antybakteryjne, przeciwalergiczne i przeciwodrzutowe<\/strong>\u00a0Jego cechy sprawiaj\u0105, \u017ce jest on bezpieczny dla wszystkich gatunk\u00f3w zwierz\u0105t, zapewniaj\u0105c spok\u00f3j ducha w\u0142a\u015bcicielom zwierz\u0105t i lekarzom weterynarii.<\/span><\/p>\n<h4 class=\"AnswerParser_AnswerParserH4__ghxg8\">2. Specyfikacje techniczne<\/h4>\n<table class=\"hight-light-first-column all magic-18\">\n<tbody>\n<tr>\n<td colspan=\"1\" rowspan=\"1\">\n<div class=\"magic-19\">Przedmiot<\/div>\n<\/td>\n<td colspan=\"1\" rowspan=\"1\">\n<div class=\"magic-20\">Etykieta szklana RFID<\/div>\n<\/td>\n<\/tr>\n<tr>\n<td colspan=\"1\" rowspan=\"1\">\n<div class=\"magic-19\">Tworzywo<\/div>\n<\/td>\n<td colspan=\"1\" rowspan=\"1\">\n<div class=\"magic-20\">Bioszk\u0142o<\/div>\n<\/td>\n<\/tr>\n<tr>\n<td colspan=\"1\" rowspan=\"1\">\n<div class=\"magic-19\">Dost\u0119pny rozmiar<\/div>\n<\/td>\n<td colspan=\"1\" rowspan=\"1\">\n<div class=\"magic-20\">1,25*7 mm, 1,4*8 mm, 2*8 mm, 2*12 mm, 3*15 mm itd.<\/div>\n<\/td>\n<\/tr>\n<tr>\n<td colspan=\"1\" rowspan=\"1\">\n<div class=\"magic-19\">Cz\u0119stotliwo\u015b\u0107 pracy<\/div>\n<\/td>\n<td colspan=\"1\" rowspan=\"1\">\n<div class=\"magic-20\" data-spm-anchor-id=\"a2700.details.0.i46.2ffc6c8dJHsoYV\">134,2 kHz, 125 kHz, 13,56 MHz<\/div>\n<\/td>\n<\/tr>\n<tr>\n<td colspan=\"1\" rowspan=\"1\">\n<div class=\"magic-19\">Protok\u00f3\u0142<\/div>\n<\/td>\n<td colspan=\"1\" rowspan=\"1\">\n<div class=\"magic-20\">ISO11784\/785, IS014443A<\/div>\n<\/td>\n<\/tr>\n<tr>\n<td colspan=\"1\" rowspan=\"1\">\n<div class=\"magic-19\">Rzemios\u0142o artystyczne<\/div>\n<\/td>\n<td colspan=\"1\" rowspan=\"1\">\n<div class=\"magic-20\">Programowanie numeru identyfikacyjnego<\/div>\n<\/td>\n<\/tr>\n<tr>\n<td colspan=\"1\" rowspan=\"1\">\n<div class=\"magic-19\">Sterylizacja<\/div>\n<\/td>\n<td colspan=\"1\" rowspan=\"1\">\n<div class=\"magic-20\">100% Sterylizacja klasy medycznej<\/div>\n<\/td>\n<\/tr>\n<tr>\n<td colspan=\"1\" rowspan=\"1\">\n<div class=\"magic-19\">Funkcja chipa<\/div>\n<\/td>\n<td colspan=\"1\" rowspan=\"1\">\n<div class=\"magic-20\">Antybakteryjny,Antyalergiczny,Antyodrzutowy<\/div>\n<\/td>\n<\/tr>\n<tr>\n<td colspan=\"1\" rowspan=\"1\">\n<div class=\"magic-19\">Aplikacja<\/div>\n<\/td>\n<td colspan=\"1\" rowspan=\"1\">\n<div class=\"magic-20\" data-spm-anchor-id=\"a2700.details.0.i45.2ffc6c8dJHsoYV\">Zarz\u0105dzanie zwierz\u0119tami domowymi itp.<\/div>\n<\/td>\n<\/tr>\n<\/tbody>\n<\/table>\n<p><span class=\"AnswerParser_TextContainer__z_Iiv\" data-testid=\"youchat-text\">Specyfikacje te podkre\u015blaj\u0105 wszechstronno\u015b\u0107 i niezawodno\u015b\u0107 znacznika, dzi\u0119ki czemu nadaje si\u0119 on do r\u00f3\u017cnorodnych potrzeb w zakresie identyfikacji zwierz\u0105t.<\/span><\/p>\n<h4 class=\"AnswerParser_AnswerParserH4__ghxg8\">3. Instrukcje u\u017cytkowania<\/h4>\n<p><span class=\"AnswerParser_TextContainer__z_Iiv\" data-testid=\"youchat-text\">Tag szklany FDX-B RFID jest zaprojektowany do \u0142atwej implantacji za pomoc\u0105 specjalistycznej strzykawki. Proces jest prosty:<\/span><\/p>\n<ol class=\"AnswerParser_AnswerParserOrderedList__kl_2Y\">\n<li class=\"AnswerParser_ListItem__XqLOV\" translate=\"yes\"><strong>Przygotuj strzykawk\u0119<\/strong>\u00a0ze szklan\u0105 etykiet\u0105 RFID.<\/li>\n<li class=\"AnswerParser_ListItem__XqLOV\" translate=\"yes\"><strong>Zlokalizuj miejsce implantacji<\/strong>\u00a0na zwierz\u0119ciu, zazwyczaj mi\u0119dzy \u0142opatkami.<\/li>\n<li class=\"AnswerParser_ListItem__XqLOV\" translate=\"yes\"><strong>Wstrzyknij tag<\/strong>\u00a0za pomoc\u0105 strzykawki, upewniaj\u0105c si\u0119, \u017ce jest ona umieszczona pod sk\u00f3r\u0105.<\/li>\n<\/ol>\n<p><span class=\"AnswerParser_TextContainer__z_Iiv\" data-testid=\"youchat-text\">Ta prosta procedura pozwala na szybkie i skuteczne znakowanie zwierz\u0105t, minimalizuj\u0105c stres zar\u00f3wno dla zwierz\u0119cia, jak i jego opiekuna.<\/span><\/p>\n<h4 class=\"AnswerParser_AnswerParserH4__ghxg8\">4. Wp\u0142yw na \u015brodowisko<\/h4>\n<p><span class=\"AnswerParser_TextContainer__z_Iiv\" data-testid=\"youchat-text\">Tag szklany FDX-B RFID zosta\u0142 zaprojektowany z my\u015bl\u0105 o zr\u00f3wnowa\u017conym rozwoju. Materia\u0142 bioszklany jest przyjazny dla \u015brodowiska i mo\u017cna go bezpiecznie zutylizowa\u0107 bez szkody dla ekosystemu. Ponadto proces produkcyjny spe\u0142nia surowe normy \u015brodowiskowe, zapewniaj\u0105c minimalne zu\u017cycie odpad\u00f3w i energii.<\/span><\/p>\n<h4 class=\"AnswerParser_AnswerParserH4__ghxg8\">5. Opinie klient\u00f3w<\/h4>\n<p><span class=\"AnswerParser_TextContainer__z_Iiv\" data-testid=\"youchat-text\">Klienci chwalili szklany znacznik RFID FDX-B za jego niezawodno\u015b\u0107 i \u0142atwo\u015b\u0107 u\u017cytkowania. Wielu weterynarzy zg\u0142asza, \u017ce znaczniki znacznie poprawi\u0142y ich zdolno\u015b\u0107 \u015bledzenia i zarz\u0105dzania zwierz\u0119tami, co prowadzi do lepszych wynik\u00f3w zdrowotnych. W\u0142a\u015bciciele zwierz\u0105t domowych doceniaj\u0105 spok\u00f3j ducha, jaki daje \u015bwiadomo\u015b\u0107, \u017ce ich zwierz\u0119ta mo\u017cna \u0142atwo zidentyfikowa\u0107, je\u015bli si\u0119 zgubi\u0105.<\/span><\/p>\n<h4 class=\"AnswerParser_AnswerParserH4__ghxg8\">6. Cz\u0119sto zadawane pytania<\/h4>\n<p><span class=\"AnswerParser_TextContainer__z_Iiv\" data-testid=\"youchat-text\"><strong>P: Jak d\u0142ugo znacznik RFID utrzymuje si\u0119 po wszczepieniu?<\/strong><br \/>\nA: Szklana etykieta RFID FDX-B jest zaprojektowana tak, aby s\u0142u\u017cy\u0142a przez ca\u0142e \u017cycie zwierz\u0119cia i zapewnia\u0142a mu trwa\u0142\u0105 identyfikacj\u0119.<\/span><span class=\"AnswerParser_TextContainer__z_Iiv\" data-testid=\"youchat-text\"><strong>P: Czy proces implantacji jest bolesny dla zwierz\u0119cia?<\/strong><br \/>\nA: Proces implantacji jest szybki i ma\u0142o inwazyjny, powoduje jedynie niewielki dyskomfort, podobny do szczepie\u0144.<\/span><span class=\"AnswerParser_TextContainer__z_Iiv\" data-testid=\"youchat-text\"><strong>P: Czy tag mo\u017cna odczyta\u0107 z odleg\u0142o\u015bci?<\/strong><br \/>\nO: Tak, znacznik mo\u017cna odczyta\u0107 z odleg\u0142o\u015bci kilku centymetr\u00f3w, w zale\u017cno\u015bci od u\u017cytego czytnika.<\/span><\/p>\n<h4 class=\"AnswerParser_AnswerParserH4__ghxg8\">7. Produkty powi\u0105zane<\/h4>\n<p><span class=\"AnswerParser_TextContainer__z_Iiv\" data-testid=\"youchat-text\">Opr\u00f3cz szklanej etykiety RFID FDX-B oferujemy szereg powi\u0105zanych produkt\u00f3w, w tym czytniki RFID i rozwi\u0105zania programowe do zarz\u0105dzania zwierz\u0119tami. Produkty te mog\u0105 zwi\u0119kszy\u0107 mo\u017cliwo\u015bci \u015bledzenia i usprawni\u0107 operacje.<\/span><\/p>\n<h4 class=\"AnswerParser_AnswerParserH4__ghxg8\">8. Zapewnienie jako\u015bci<\/h4>\n<p><span class=\"AnswerParser_TextContainer__z_Iiv\" data-testid=\"youchat-text\">Tag szklany FDX-B RFID jest produkowany przy zastosowaniu rygorystycznych \u015brodk\u00f3w kontroli jako\u015bci, co zapewnia sta\u0142\u0105 jako\u015b\u0107 i wydajno\u015b\u0107. Jest akredytowany przez r\u00f3\u017cne mi\u0119dzynarodowe normy, w tym ISO 9001, ISO 14001 i ISO 45001, co zapewnia jego niezawodno\u015b\u0107 i bezpiecze\u0144stwo.<\/span><\/p>\n<h4 class=\"AnswerParser_AnswerParserH4__ghxg8\">9. Wnioski<\/h4>\n<p><span class=\"AnswerParser_TextContainer__z_Iiv\" data-testid=\"youchat-text\">Inwestowanie w\u00a0<strong>FDX-B 134,2 kHz RFID Animal ID Szklany znacznik strzykawki transponder<\/strong>\u00a0jest m\u0105drym wyborem dla ka\u017cdego, kto zajmuje si\u0119 opiek\u0105 nad zwierz\u0119tami. Jego zaawansowane funkcje, \u0142atwo\u015b\u0107 u\u017cytkowania i zaanga\u017cowanie w bezpiecze\u0144stwo sprawiaj\u0105, \u017ce jest to nieocenione narz\u0119dzie do skutecznego zarz\u0105dzania zwierz\u0119tami. Niezale\u017cnie od tego, czy jeste\u015b weterynarzem, hodowc\u0105 czy w\u0142a\u015bcicielem zwierz\u0119cia, ten szklany znacznik RFID zwi\u0119kszy Twoj\u0105 zdolno\u015b\u0107 do efektywnego \u015bledzenia i identyfikacji zwierz\u0105t.<\/span><\/p>\n<h4 class=\"AnswerParser_AnswerParserH4__ghxg8\">10. Wezwanie do dzia\u0142ania<\/h4>\n<p><span class=\"AnswerParser_TextContainer__z_Iiv\" data-testid=\"youchat-text\">Chcesz udoskonali\u0107 swoje praktyki zarz\u0105dzania zwierz\u0119tami?\u00a0<strong>Skontaktuj si\u0119 z nami ju\u017c dzi\u015b<\/strong>\u00a0aby dowiedzie\u0107 si\u0119 wi\u0119cej o szklanym znaczniku RFID FDX-B i zapozna\u0107 si\u0119 z nasz\u0105 ofert\u0105 rozwi\u0105za\u0144 RFID. Wype\u0142nij nasz formularz zapytania, aby otrzyma\u0107 bezp\u0142atn\u0105 pr\u00f3bk\u0119 lub om\u00f3wi\u0107 swoje konkretne potrzeby z naszymi ekspertami!<\/span><\/p>","protected":false},"excerpt":{"rendered":"<p>Transponder do identyfikacji zwierz\u0105t FDX-B 134,2 kHz RFID do strzykawek ze szklanymi identyfikatorami to najnowocze\u015bniejsze rozwi\u0105zanie do identyfikacji i zarz\u0105dzania zwierz\u0119tami.<\/p>","protected":false},"featured_media":2793,"template":"","meta":{"_kad_post_transparent":"default","_kad_post_title":"","_kad_post_layout":"default","_kad_post_sidebar_id":"","_kad_post_content_style":"default","_kad_post_vertical_padding":"default","_kad_post_feature":"","_kad_post_feature_position":"","_kad_post_header":false,"_kad_post_footer":false,"_kad_post_classname":""},"product_brand":[],"product_cat":[54],"product_tag":[327,330,329,328],"class_list":{"0":"post-2792","1":"product","2":"type-product","3":"status-publish","4":"has-post-thumbnail","6":"product_cat-hot-selling-rfid-tags","7":"product_tag-fdx-b-134-2khz-rfid-animal-tag","8":"product_tag-rfid-animal-id-glass-tag-syringe","9":"product_tag-rfid-glass-tag-syringe-animal-microchip","10":"product_tag-rfid-pet-microchip-implant-capsule","12":"first","13":"instock","14":"shipping-taxable","15":"product-type-simple","16":"entry","17":"content-bg","18":"loop-entry"},"_links":{"self":[{"href":"https:\/\/rfid-laundry-tag.com\/pl\/wp-json\/wp\/v2\/product\/2792","targetHints":{"allow":["GET"]}}],"collection":[{"href":"https:\/\/rfid-laundry-tag.com\/pl\/wp-json\/wp\/v2\/product"}],"about":[{"href":"https:\/\/rfid-laundry-tag.com\/pl\/wp-json\/wp\/v2\/types\/product"}],"version-history":[{"count":2,"href":"https:\/\/rfid-laundry-tag.com\/pl\/wp-json\/wp\/v2\/product\/2792\/revisions"}],"predecessor-version":[{"id":2797,"href":"https:\/\/rfid-laundry-tag.com\/pl\/wp-json\/wp\/v2\/product\/2792\/revisions\/2797"}],"wp:featuredmedia":[{"embeddable":true,"href":"https:\/\/rfid-laundry-tag.com\/pl\/wp-json\/wp\/v2\/media\/2793"}],"wp:attachment":[{"href":"https:\/\/rfid-laundry-tag.com\/pl\/wp-json\/wp\/v2\/media?parent=2792"}],"wp:term":[{"taxonomy":"product_brand","embeddable":true,"href":"https:\/\/rfid-laundry-tag.com\/pl\/wp-json\/wp\/v2\/product_brand?post=2792"},{"taxonomy":"product_cat","embeddable":true,"href":"https:\/\/rfid-laundry-tag.com\/pl\/wp-json\/wp\/v2\/product_cat?post=2792"},{"taxonomy":"product_tag","embeddable":true,"href":"https:\/\/rfid-laundry-tag.com\/pl\/wp-json\/wp\/v2\/product_tag?post=2792"}],"curies":[{"name":"wp","href":"https:\/\/api.w.org\/{rel}","templated":true}]}}