{"id":2790,"date":"2024-10-29T10:34:39","date_gmt":"2024-10-29T10:34:39","guid":{"rendered":"https:\/\/rfid-laundry-tag.com\/?post_type=product&#038;p=2790"},"modified":"2024-10-29T10:49:45","modified_gmt":"2024-10-29T10:49:45","slug":"rfid-pet-microchip-implant-capsule","status":"publish","type":"product","link":"https:\/\/rfid-laundry-tag.com\/pl\/rfid-pet-microchip-implant-capsule\/","title":{"rendered":"Kapsu\u0142ka z implantem mikrochipu RFID dla zwierz\u0105t"},"content":{"rendered":"<p><span class=\"AnswerParser_TextContainer__z_Iiv\" data-testid=\"youchat-text\"><strong>Kapsu\u0142ka z implantem mikrochipu RFID dla zwierz\u0105t<\/strong>\u00a0oferuje niezawodne i wydajne rozwi\u0105zanie dla w\u0142a\u015bcicieli zwierz\u0105t domowych, kt\u00f3rzy chc\u0105 \u015bledzi\u0107 swoje zwierz\u0119ta. Ten innowacyjny produkt zosta\u0142 zaprojektowany, aby zapewni\u0107 trwa\u0142\u0105 metod\u0119 identyfikacji, kt\u00f3ra jest zar\u00f3wno bezpieczna, jak i skuteczna. Dzi\u0119ki zaawansowanej technologii i materia\u0142om medycznym ten mikroczip jest niezb\u0119dny dla odpowiedzialnego posiadania zwierz\u0105t domowych.<\/span><\/p>\n<h2 class=\"AnswerParser_AnswerParserH2__SIHnF\">Dlaczego warto wybra\u0107 kapsu\u0142k\u0119 z wszczepianym mikroczipem RFID dla zwierz\u0105t?<\/h2>\n<p><span class=\"AnswerParser_TextContainer__z_Iiv\" data-testid=\"youchat-text\">Kapsu\u0142ka z mikrochipem RFID dla zwierz\u0105t domowych to nie tylko produkt; to zobowi\u0105zanie do zapewnienia bezpiecze\u0144stwa Twojemu pupilowi. Wszczepiaj\u0105c ten mikrochip, zapewniasz, \u017ce Tw\u00f3j pupil b\u0119dzie m\u00f3g\u0142 zosta\u0107 \u0142atwo zidentyfikowany, je\u015bli kiedykolwiek si\u0119 zgubi. Mikrochip jest ma\u0142y, trwa\u0142y i wykonany z\u00a0<strong>bioszk\u0142o<\/strong>, co czyni go bezpiecznym do implantacji. Z r\u00f3\u017cnorodno\u015bci\u0105 dost\u0119pnych rozmiar\u00f3w, w tym\u00a0<strong>1,25*7 mm<\/strong>,\u00a0<strong>2*12mm<\/strong>i co wi\u0119cej, mo\u017cna go stosowa\u0107 u zwierz\u0105t domowych ka\u017cdej wielko\u015bci, od ma\u0142ych rybek po du\u017ce psy.<\/span><\/p>\n<h3 class=\"AnswerParser_AnswerParserH3__Mpe4s\">G\u0142\u00f3wne korzy\u015bci:<\/h3>\n<ul class=\"AnswerParser_AnswerParserUnorderedList__P_1FW\">\n<li class=\"AnswerParser_ListItem__XqLOV\" translate=\"yes\"><strong>Trwa\u0142a identyfikacja<\/strong>:W przeciwie\u0144stwie do obro\u017cy i adres\u00f3wek, mikroczipu nie mo\u017cna zgubi\u0107 ani usun\u0105\u0107.<\/li>\n<li class=\"AnswerParser_ListItem__XqLOV\" translate=\"yes\"><strong>Sterylizacja klasy medycznej<\/strong>Ka\u017cda kapsu\u0142ka przechodzi\u00a0<strong>100% sterylizacja klasy medycznej<\/strong>, zapewniaj\u0105c bezpiecze\u0144stwo podczas implantacji.<\/li>\n<li class=\"AnswerParser_ListItem__XqLOV\" translate=\"yes\"><strong>W\u0142a\u015bciwo\u015bci antybakteryjne i antyalergiczne<\/strong>:Chip ma na celu zminimalizowanie ryzyka infekcji i reakcji alergicznych.<\/li>\n<\/ul>\n<h2 class=\"AnswerParser_AnswerParserH2__SIHnF\">Cechy produktu<\/h2>\n<h3 class=\"AnswerParser_AnswerParserH3__Mpe4s\">1. Zaawansowana technologia<\/h3>\n<p><span class=\"AnswerParser_TextContainer__z_Iiv\" data-testid=\"youchat-text\">Kapsu\u0142ka z wszczepianym mikrochipem RFID dla zwierz\u0105t domowych dzia\u0142a z cz\u0119stotliwo\u015bci\u0105\u00a0<strong>134,2 kHz<\/strong>, spe\u0142niaj\u0105c wymagania\u00a0<strong>ISO11784\/785<\/strong>\u00a0I\u00a0<strong>ISO14443A<\/strong>\u00a0protoko\u0142\u00f3w. Zapewnia to kompatybilno\u015b\u0107 z r\u00f3\u017cnymi czytnikami RFID, u\u0142atwiaj\u0105c skanowanie i pobieranie informacji o Twoim pupilu.<\/span><\/p>\n<h3 class=\"AnswerParser_AnswerParserH3__Mpe4s\">2. Trwa\u0142y i bezpieczny materia\u0142<\/h3>\n<p><span class=\"AnswerParser_TextContainer__z_Iiv\" data-testid=\"youchat-text\">Wykonany z\u00a0<strong>bioszk\u0142o<\/strong>, mikrochip jest zaprojektowany tak, aby wytrzyma\u0107 trudy \u017cycia zwierz\u0119cia.\u00a0<strong>pow\u0142oka parylenowa<\/strong>\u00a0zapobiega przemieszczaniu si\u0119 po wszczepieniu, gwarantuj\u0105c, \u017ce chip pozostanie na swoim miejscu.<\/span><\/p>\n<h3 class=\"AnswerParser_AnswerParserH3__Mpe4s\">3. Opcje rozmiaru<\/h3>\n<p><span class=\"AnswerParser_TextContainer__z_Iiv\" data-testid=\"youchat-text\">Kapsu\u0142ka z implantem mikroczipa RFID dla zwierz\u0105t domowych jest dost\u0119pna w r\u00f3\u017cnych rozmiarach i jest dostosowana do potrzeb r\u00f3\u017cnych zwierz\u0105t:<\/span><\/p>\n<ul class=\"AnswerParser_AnswerParserUnorderedList__P_1FW\">\n<li class=\"AnswerParser_ListItem__XqLOV\" translate=\"yes\"><strong>1,25*7 mm<\/strong>:Idealny dla ma\u0142ych zwierz\u0105t domowych, takich jak ryby i myszy.<\/li>\n<li class=\"AnswerParser_ListItem__XqLOV\" translate=\"yes\"><strong>2*12mm<\/strong>: Powszechnie stosowane u ps\u00f3w, kot\u00f3w i wi\u0119kszych zwierz\u0105t.<\/li>\n<\/ul>\n<h3 class=\"AnswerParser_AnswerParserH3__Mpe4s\">4. \u0141atwa implantacja<\/h3>\n<p><span class=\"AnswerParser_TextContainer__z_Iiv\" data-testid=\"youchat-text\">Mikrochip mo\u017cna \u0142atwo wszczepi\u0107 za pomoc\u0105 strzykawki, dzi\u0119ki czemu proces jest szybki i bezbolesny dla Twojego pupila.\u00a0<strong>wtryskiwacz<\/strong>\u00a0jest zaprojektowany z my\u015bl\u0105 o precyzji, zapewniaj\u0105c prawid\u0142owe umieszczenie chipa.<\/span><\/p>\n<h3 class=\"AnswerParser_AnswerParserH3__Mpe4s\">5. Programowalny numer identyfikacyjny<\/h3>\n<p><span class=\"AnswerParser_TextContainer__z_Iiv\" data-testid=\"youchat-text\">Ka\u017cdy mikroczip ma unikalny numer identyfikacyjny, kt\u00f3ry mo\u017cna zaprogramowa\u0107 tak, aby \u0142\u0105czy\u0142 si\u0119 z informacjami o Twoim pupilu, w tym histori\u0105 medyczn\u0105 i danymi w\u0142a\u015bciciela. Ta funkcja zwi\u0119ksza szanse na udane spotkanie, je\u015bli Tw\u00f3j pupil zaginie.<\/span><\/p>\n<h2 class=\"AnswerParser_AnswerParserH2__SIHnF\">Wp\u0142yw na \u015brodowisko<\/h2>\n<p><span class=\"AnswerParser_TextContainer__z_Iiv\" data-testid=\"youchat-text\">Kapsu\u0142ka z mikrochipem RFID dla zwierz\u0105t domowych zosta\u0142a zaprojektowana z my\u015bl\u0105 o zr\u00f3wnowa\u017conym rozwoju. U\u017cyte materia\u0142y s\u0105 przyjazne dla \u015brodowiska, a proces produkcji spe\u0142nia rygorystyczne\u00a0<strong>Certyfikat ISO 9001<\/strong>\u00a0I\u00a0<strong>ISO 14001<\/strong>\u00a0standardy. To zobowi\u0105zanie do jako\u015bci i zr\u00f3wnowa\u017conego rozwoju zapewnia, \u017ce dokonujesz odpowiedzialnego wyboru dla swojego zwierzaka i planety.<\/span><\/p>\n<h2 class=\"AnswerParser_AnswerParserH2__SIHnF\">Opinie klient\u00f3w<\/h2>\n<p><span class=\"AnswerParser_TextContainer__z_Iiv\" data-testid=\"youchat-text\">Wielu w\u0142a\u015bcicieli zwierz\u0105t domowych odnalaz\u0142o spok\u00f3j ducha po wszczepieniu swoim pupilom kapsu\u0142ki RFID Pet Microchip. Oto kilka opinii:<\/span><\/p>\n<ul class=\"AnswerParser_AnswerParserUnorderedList__P_1FW\">\n<li class=\"AnswerParser_ListItem__XqLOV\" translate=\"yes\"><strong>Sarah T.<\/strong>: \u201eMartwi\u0142am si\u0119, \u017ce m\u00f3j kot si\u0119 zgubi, ale teraz czuj\u0119 si\u0119 o wiele lepiej wiedz\u0105c, \u017ce ma mikrochip. To niewielka cena za jej bezpiecze\u0144stwo!\u201d<\/li>\n<li class=\"AnswerParser_ListItem__XqLOV\" translate=\"yes\"><strong>Jan D.<\/strong>: \u201eProces implantacji by\u0142 szybki i \u0142atwy. Gor\u0105co polecam ten produkt wszystkim w\u0142a\u015bcicielom zwierz\u0105t domowych.\u201d<\/li>\n<\/ul>\n<h2 class=\"AnswerParser_AnswerParserH2__SIHnF\">Cz\u0119sto zadawane pytania<\/h2>\n<h3 class=\"AnswerParser_AnswerParserH3__Mpe4s\">Jak dzia\u0142a mikrochip RFID dla zwierz\u0105t?<\/h3>\n<p><span class=\"AnswerParser_TextContainer__z_Iiv\" data-testid=\"youchat-text\">Mikrochip wykorzystuje technologi\u0119 identyfikacji radiowej, aby przes\u0142a\u0107 unikalny numer identyfikacyjny Twojego zwierzaka do skanera. Nast\u0119pnie te informacje mog\u0105 zosta\u0107 po\u0142\u0105czone z Twoimi danymi kontaktowymi.<\/span><\/p>\n<h3 class=\"AnswerParser_AnswerParserH3__Mpe4s\">Czy proces implantacji jest bolesny dla mojego zwierzaka?<\/h3>\n<p><span class=\"AnswerParser_TextContainer__z_Iiv\" data-testid=\"youchat-text\">Implantacja jest podobna do rutynowego szczepienia i jest zazwyczaj szybka i bezbolesna. Wi\u0119kszo\u015b\u0107 zwierz\u0105t domowych odczuwa minimalny dyskomfort.<\/span><\/p>\n<h3 class=\"AnswerParser_AnswerParserH3__Mpe4s\">Czy mikroczip mo\u017cna usun\u0105\u0107?<\/h3>\n<p><span class=\"AnswerParser_TextContainer__z_Iiv\" data-testid=\"youchat-text\">Nie, mikrochip RFID Pet zosta\u0142 zaprojektowany jako sta\u0142a forma identyfikacji. Po wszczepieniu nie mo\u017cna go usun\u0105\u0107.<\/span><\/p>\n<h3 class=\"AnswerParser_AnswerParserH3__Mpe4s\">Co si\u0119 stanie, je\u015bli m\u00f3j pupil si\u0119 zgubi?<\/h3>\n<p><span class=\"AnswerParser_TextContainer__z_Iiv\" data-testid=\"youchat-text\">Je\u015bli Twoje zwierz\u0119 zostanie odnalezione i zeskanowane, unikalny numer identyfikacyjny umo\u017cliwi dost\u0119p do Twoich danych kontaktowych, co pozwoli na szybkie ponowne spotkanie.<\/span><\/p>\n<h2 class=\"AnswerParser_AnswerParserH2__SIHnF\">Wniosek<\/h2>\n<p><span class=\"AnswerParser_TextContainer__z_Iiv\" data-testid=\"youchat-text\">Inwestowanie w\u00a0<strong>Kapsu\u0142ka z implantem mikrochipu RFID dla zwierz\u0105t<\/strong>\u00a0jest proaktywnym krokiem w kierunku zapewnienia bezpiecze\u0144stwa i dobrego samopoczucia Twojego pupila. Dzi\u0119ki zaawansowanej technologii, trwa\u0142ym materia\u0142om i \u0142atwo\u015bci u\u017cytkowania ten mikrochip jest niezb\u0119dnym narz\u0119dziem dla odpowiedzialnego posiadania zwierz\u0105t domowych. Nie czekaj, a\u017c b\u0119dzie za p\u00f3\u017ano \u2014 zapewnij przysz\u0142o\u015b\u0107 swojemu pupilowi ju\u017c dzi\u015b dzi\u0119ki temu niezawodnemu rozwi\u0105zaniu identyfikacyjnemu.<\/span><span class=\"AnswerParser_TextContainer__z_Iiv\" data-testid=\"youchat-text\">Aby uzyska\u0107 wi\u0119cej informacji lub z\u0142o\u017cy\u0107 zam\u00f3wienie, wype\u0142nij nasz formularz zapytania. Tw\u00f3j pupil zas\u0142uguje na to, co najlepsze!<\/span><\/p>","protected":false},"excerpt":{"rendered":"<p>Kapsu\u0142ka z wszczepianym mikrochipem RFID dla zwierz\u0105t domowych oferuje niezawodn\u0105 i humanitarn\u0105 identyfikacj\u0119 zwierz\u0105t dzi\u0119ki trwa\u0142ej konstrukcji ze szk\u0142a biologicznego, gwarantuj\u0105c bezpiecze\u0144stwo i dok\u0142adno\u015b\u0107 w przypadku r\u00f3\u017cnych gatunk\u00f3w.<\/p>","protected":false},"featured_media":2787,"template":"","meta":{"_kad_post_transparent":"default","_kad_post_title":"","_kad_post_layout":"default","_kad_post_sidebar_id":"","_kad_post_content_style":"default","_kad_post_vertical_padding":"default","_kad_post_feature":"","_kad_post_feature_position":"","_kad_post_header":false,"_kad_post_footer":false,"_kad_post_classname":""},"product_brand":[],"product_cat":[54],"product_tag":[327,326,329,328],"class_list":{"0":"post-2790","1":"product","2":"type-product","3":"status-publish","4":"has-post-thumbnail","6":"product_cat-hot-selling-rfid-tags","7":"product_tag-fdx-b-134-2khz-rfid-animal-tag","8":"product_tag-rfid-animal-id-glass-tag","9":"product_tag-rfid-glass-tag-syringe-animal-microchip","10":"product_tag-rfid-pet-microchip-implant-capsule","12":"first","13":"instock","14":"shipping-taxable","15":"product-type-simple","16":"entry","17":"content-bg","18":"loop-entry"},"_links":{"self":[{"href":"https:\/\/rfid-laundry-tag.com\/pl\/wp-json\/wp\/v2\/product\/2790","targetHints":{"allow":["GET"]}}],"collection":[{"href":"https:\/\/rfid-laundry-tag.com\/pl\/wp-json\/wp\/v2\/product"}],"about":[{"href":"https:\/\/rfid-laundry-tag.com\/pl\/wp-json\/wp\/v2\/types\/product"}],"version-history":[{"count":1,"href":"https:\/\/rfid-laundry-tag.com\/pl\/wp-json\/wp\/v2\/product\/2790\/revisions"}],"predecessor-version":[{"id":2791,"href":"https:\/\/rfid-laundry-tag.com\/pl\/wp-json\/wp\/v2\/product\/2790\/revisions\/2791"}],"wp:featuredmedia":[{"embeddable":true,"href":"https:\/\/rfid-laundry-tag.com\/pl\/wp-json\/wp\/v2\/media\/2787"}],"wp:attachment":[{"href":"https:\/\/rfid-laundry-tag.com\/pl\/wp-json\/wp\/v2\/media?parent=2790"}],"wp:term":[{"taxonomy":"product_brand","embeddable":true,"href":"https:\/\/rfid-laundry-tag.com\/pl\/wp-json\/wp\/v2\/product_brand?post=2790"},{"taxonomy":"product_cat","embeddable":true,"href":"https:\/\/rfid-laundry-tag.com\/pl\/wp-json\/wp\/v2\/product_cat?post=2790"},{"taxonomy":"product_tag","embeddable":true,"href":"https:\/\/rfid-laundry-tag.com\/pl\/wp-json\/wp\/v2\/product_tag?post=2790"}],"curies":[{"name":"wp","href":"https:\/\/api.w.org\/{rel}","templated":true}]}}