{"id":279,"date":"2024-06-26T08:08:27","date_gmt":"2024-06-26T08:08:27","guid":{"rendered":"https:\/\/rfid-laundry-tag.com\/?post_type=product&#038;p=279"},"modified":"2024-06-26T09:06:58","modified_gmt":"2024-06-26T09:06:58","slug":"uhf-rfid-flexible-anti-metal-tag","status":"publish","type":"product","link":"https:\/\/rfid-laundry-tag.com\/pl\/uhf-rfid-flexible-anti-metal-tag\/","title":{"rendered":"Elastyczna etykieta antymetalowa UHF RFID"},"content":{"rendered":"<table style=\"border-collapse: collapse; width: 370.82pt;\" border=\"0\" width=\"618\" cellspacing=\"0\" cellpadding=\"0\">\n<tbody>\n<tr style=\"height: 17.40pt;\">\n<td class=\"et2\" style=\"height: 17.40pt; width: 127.80pt;\" width=\"213\" height=\"29\">Nazwa przedmiotu<\/td>\n<td class=\"et3\" style=\"width: 243.00pt;\" width=\"405\">Elastyczna etykieta antymetalowa UHF RFID<\/td>\n<\/tr>\n<tr style=\"height: 41.00pt;\">\n<td class=\"et4\" style=\"height: 41.00pt; width: 127.80pt;\" width=\"213\" height=\"68\">Tworzywo<\/td>\n<td class=\"et5\" style=\"width: 243.00pt;\" width=\"405\">Papier powlekany + pianka EFVA<\/td>\n<\/tr>\n<tr style=\"height: 25.00pt;\">\n<td class=\"et4\" style=\"height: 25.00pt; width: 127.80pt;\" width=\"213\" height=\"41\">Rozmiar<\/td>\n<td class=\"et5\" style=\"width: 243.00pt;\" width=\"405\">90*25*1,2 mm, 60*25*1,2 mm, 70*30 itd.<\/td>\n<\/tr>\n<tr style=\"height: 17.40pt;\">\n<td class=\"et4\" style=\"height: 17.40pt; width: 127.80pt;\" width=\"213\" height=\"29\">\u017beton<\/td>\n<td class=\"et5\" style=\"width: 243.00pt;\" width=\"405\">Monza R6,U9 itd.<\/td>\n<\/tr>\n<tr style=\"height: 40.00pt;\">\n<td class=\"et4\" style=\"height: 40.00pt; width: 127.80pt;\" width=\"213\" height=\"66\">Protok\u00f3\u0142<\/td>\n<td class=\"et5\" style=\"width: 243.00pt;\" width=\"405\">ISO\/IEC18000-6C<\/td>\n<\/tr>\n<tr style=\"height: 17.40pt;\">\n<td class=\"et4\" style=\"height: 17.40pt; width: 127.80pt;\" width=\"213\" height=\"29\">Cz\u0119stotliwo\u015b\u0107<\/td>\n<td class=\"et5\" style=\"width: 243.00pt;\" width=\"405\">902-928MHz<\/td>\n<\/tr>\n<tr style=\"height: 63.00pt;\">\n<td class=\"et4\" style=\"height: 63.00pt; width: 127.80pt;\" width=\"213\" height=\"105\">Personalizacja<\/td>\n<td class=\"et5\" style=\"width: 243.00pt;\" width=\"405\">Drukowanie logo, kodowanie<\/td>\n<\/tr>\n<tr style=\"height: 60.00pt;\">\n<td class=\"et6\" style=\"height: 60.00pt; width: 127.80pt;\" width=\"213\" height=\"100\">Aplikacja<\/td>\n<td class=\"et7\" style=\"width: 243.00pt;\" width=\"405\">p\u00f3\u0142ka magazynowa, zasoby IT\/kontener metalowy\/\u015bledzenie sprz\u0119tu i urz\u0105dze\u0144<\/td>\n<\/tr>\n<\/tbody>\n<\/table>\n<div><\/div>\n<div class=\"auto-hide-last-sibling-br paragraph_9dc5f paragraph-element\">\n<div class=\"auto-hide-last-sibling-br paragraph_9dc5f paragraph-element\">Etykieta RFID do nadruku na metalu oferuje szereg godnych uwagi cech, kt\u00f3re czyni\u0105 j\u0105 idealnym wyborem do r\u00f3\u017cnych zastosowa\u0144:<\/div>\n<p><br class=\"container_21264 wrapper_661ac undefined\" \/><\/p>\n<ol class=\"auto-hide-last-sibling-br\">\n<li>\n<div class=\"auto-hide-last-sibling-br paragraph_9dc5f paragraph-element\">Doskona\u0142a wydajno\u015b\u0107 RFID na powierzchniach metalowych: Tag zosta\u0142 specjalnie zaprojektowany tak, aby zapewni\u0107 optymaln\u0105 wydajno\u015b\u0107 po przymocowaniu do element\u00f3w metalowych.<\/div>\n<\/li>\n<li>\n<div class=\"auto-hide-last-sibling-br paragraph_9dc5f paragraph-element\">Ultra-ma\u0142y i ultra-cienki: tag RFID o grubo\u015bci zaledwie 1 mm jest niezwykle kompaktowy, dzi\u0119ki czemu idealnie nadaje si\u0119 do druku termotransferowego.<\/div>\n<\/li>\n<li>\n<div class=\"auto-hide-last-sibling-br paragraph_9dc5f paragraph-element\">Elastyczno\u015b\u0107: Tag zosta\u0142 zaprojektowany tak, aby by\u0142 elastyczny, co oznacza, \u017ce bez problemu dopasowuje si\u0119 do zakrzywionych powierzchni.<\/div>\n<\/li>\n<li>\n<div class=\"auto-hide-last-sibling-br paragraph_9dc5f paragraph-element\">Du\u017cy zasi\u0119g odczytu: Po przymocowaniu do metalowej powierzchni znacznik charakteryzuje si\u0119 imponuj\u0105cym zasi\u0119giem odczytu do 8 metr\u00f3w, oferuj\u0105c doskona\u0142\u0105 mo\u017cliwo\u015b\u0107 \u015bledzenia.<\/div>\n<\/li>\n<li>\n<div class=\"auto-hide-last-sibling-br paragraph_9dc5f paragraph-element\">Obs\u0142uga cz\u0119stotliwo\u015bci: Tag obs\u0142uguje cz\u0119stotliwo\u015bci FCC (Federalna Komisja \u0141\u0105czno\u015bci) i ETSI (Europejski Instytut Norm Telekomunikacyjnych), co umo\u017cliwia jego dostosowanie do u\u017cytku w r\u00f3\u017cnych regionach.<\/div>\n<\/li>\n<li>\n<div class=\"auto-hide-last-sibling-br paragraph_9dc5f paragraph-element\">Doskona\u0142a ochrona: dzi\u0119ki klasie ochrony IP68 znacznik RFID jest py\u0142oszczelny i wytrzymuje zanurzenie w wodzie, co czyni go doskona\u0142ym wyborem w trudnych warunkach lub zastosowaniach, w kt\u00f3rych wymagana jest odporno\u015b\u0107 na trudne warunki.<\/div>\n<\/li>\n<\/ol>\n<div class=\"auto-hide-last-sibling-br paragraph_9dc5f paragraph-element\">Po\u0142\u0105czenie tych cech sprawia, \u017ce etykieta RFID z mo\u017cliwo\u015bci\u0105 nadruku na metalu jest pot\u0119\u017cnym i wszechstronnym narz\u0119dziem do \u015bledzenia i zarz\u0105dzania zasobami na powierzchniach metalowych.<\/div>\n<\/div>","protected":false},"excerpt":{"rendered":"<p>Elastyczne tagi antymetalowe UHF RFID s\u0105 specjalnie zaprojektowane do skutecznego dzia\u0142ania w trudnych warunkach i na powierzchniach metalowych. Tagi s\u0105 zaprojektowane do pracy w cz\u0119stotliwo\u015bciach UHF od 865 MHz do 867 MHz i s\u0105 odporne na wod\u0119, kurz i ekstremalne temperatury.<\/p>","protected":false},"featured_media":280,"template":"","meta":{"_kad_post_transparent":"default","_kad_post_title":"","_kad_post_layout":"default","_kad_post_sidebar_id":"","_kad_post_content_style":"default","_kad_post_vertical_padding":"default","_kad_post_feature":"","_kad_post_feature_position":"","_kad_post_header":false,"_kad_post_footer":false,"_kad_post_classname":""},"product_brand":[],"product_cat":[54],"product_tag":[106],"class_list":{"0":"post-279","1":"product","2":"type-product","3":"status-publish","4":"has-post-thumbnail","6":"product_cat-hot-selling-rfid-tags","7":"product_tag-uhf-rfid-flexible-anti-metal-tag","9":"first","10":"instock","11":"shipping-taxable","12":"product-type-simple","13":"entry","14":"content-bg","15":"loop-entry"},"_links":{"self":[{"href":"https:\/\/rfid-laundry-tag.com\/pl\/wp-json\/wp\/v2\/product\/279","targetHints":{"allow":["GET"]}}],"collection":[{"href":"https:\/\/rfid-laundry-tag.com\/pl\/wp-json\/wp\/v2\/product"}],"about":[{"href":"https:\/\/rfid-laundry-tag.com\/pl\/wp-json\/wp\/v2\/types\/product"}],"version-history":[{"count":0,"href":"https:\/\/rfid-laundry-tag.com\/pl\/wp-json\/wp\/v2\/product\/279\/revisions"}],"wp:featuredmedia":[{"embeddable":true,"href":"https:\/\/rfid-laundry-tag.com\/pl\/wp-json\/wp\/v2\/media\/280"}],"wp:attachment":[{"href":"https:\/\/rfid-laundry-tag.com\/pl\/wp-json\/wp\/v2\/media?parent=279"}],"wp:term":[{"taxonomy":"product_brand","embeddable":true,"href":"https:\/\/rfid-laundry-tag.com\/pl\/wp-json\/wp\/v2\/product_brand?post=279"},{"taxonomy":"product_cat","embeddable":true,"href":"https:\/\/rfid-laundry-tag.com\/pl\/wp-json\/wp\/v2\/product_cat?post=279"},{"taxonomy":"product_tag","embeddable":true,"href":"https:\/\/rfid-laundry-tag.com\/pl\/wp-json\/wp\/v2\/product_tag?post=279"}],"curies":[{"name":"wp","href":"https:\/\/api.w.org\/{rel}","templated":true}]}}