{"id":2784,"date":"2024-10-29T10:04:23","date_gmt":"2024-10-29T10:04:23","guid":{"rendered":"https:\/\/rfid-laundry-tag.com\/?post_type=product&#038;p=2784"},"modified":"2024-10-29T10:32:07","modified_gmt":"2024-10-29T10:32:07","slug":"134-2khz-tube-rfid-glass-tag","status":"publish","type":"product","link":"https:\/\/rfid-laundry-tag.com\/pl\/134-2khz-tube-rfid-glass-tag\/","title":{"rendered":"Etykieta szklana RFID Tube 134,2 kHz"},"content":{"rendered":"<p><span class=\"AnswerParser_TextContainer__z_Iiv\" data-testid=\"youchat-text\"><strong>Etykieta szklana RFID Tube 134,2 kHz<\/strong>\u00a0to innowacyjne i niezawodne rozwi\u0105zanie do identyfikacji i zarz\u0105dzania zwierz\u0119tami. Zaprojektowany specjalnie, aby spe\u0142nia\u0107 normy ISO, ten szklany znacznik RFID zapewnia wyj\u0105tkowy poziom dok\u0142adno\u015bci i trwa\u0142o\u015bci, co czyni go idealnym wyborem dla w\u0142a\u015bcicieli zwierz\u0105t domowych, weterynarzy i zarz\u0105dc\u00f3w zwierz\u0105t gospodarskich. Dzi\u0119ki kompaktowym rozmiarom i zaawansowanym funkcjom ten produkt zapewnia wydajne \u015bledzenie i identyfikacj\u0119 zwierz\u0105t, usprawniaj\u0105c praktyki zarz\u0105dzania w r\u00f3\u017cnych zastosowaniach.<\/span><\/p>\n<h2 class=\"AnswerParser_AnswerParserH2__SIHnF\">Zalety szklanej etykiety RFID Tube 134,2 kHz<\/h2>\n<p><span class=\"AnswerParser_TextContainer__z_Iiv\" data-testid=\"youchat-text\">Inwestycja w tag szklany RFID Tube 134,2 kHz oferuje liczne korzy\u015bci. Zapewnia on bezproblemow\u0105 metod\u0119 identyfikacji, kt\u00f3ra jest nie tylko wydajna, ale tak\u017ce humanitarna. Tag jest wykonany z bioszk\u0142a, co zapewnia bezpiecze\u0144stwo wszczepiania zwierz\u0119tom. Proces sterylizacji klasy medycznej gwarantuje, \u017ce ka\u017cdy tag jest wolny od zanieczyszcze\u0144, co zmniejsza ryzyko infekcji. Ponadto w\u0142a\u015bciwo\u015bci antybakteryjne i antyalergiczne tagu zapewniaj\u0105 zwierz\u0119tom komfort po wszczepieniu.<\/span><span class=\"AnswerParser_TextContainer__z_Iiv\" data-testid=\"youchat-text\">Ten szklany znacznik RFID jest dost\u0119pny w r\u00f3\u017cnych rozmiarach (1,25<em>7mm, 1,4<\/em>8mm, 2<em>8mm, 2<\/em>12 mm i 3*15 mm), dostosowane do r\u00f3\u017cnych gatunk\u00f3w i rozmiar\u00f3w zwierz\u0105t. Dzia\u0142a na cz\u0119stotliwo\u015bci roboczej 134,2 kHz, co czyni go odpowiednim do szerokiego zakresu zastosowa\u0144, od zarz\u0105dzania zwierz\u0119tami domowymi po \u015bledzenie zwierz\u0105t gospodarskich.<\/span><\/p>\n<h2 class=\"AnswerParser_AnswerParserH2__SIHnF\">Zarys produktu<\/h2>\n<h3 class=\"AnswerParser_AnswerParserH3__Mpe4s\">1. Czym jest etykieta szklana RFID?<\/h3>\n<p><span class=\"AnswerParser_TextContainer__z_Iiv\" data-testid=\"youchat-text\">Tagi szklane RFID, znane r\u00f3wnie\u017c jako tagi kapsu\u0142kowe RFID, to ma\u0142e transpondery zaprojektowane g\u0142\u00f3wnie do identyfikacji zwierz\u0105t. Wykorzystuj\u0105 technologi\u0119 identyfikacji radiowej (RFID), aby umo\u017cliwi\u0107 dok\u0142adne \u015bledzenie i zarz\u0105dzanie zwierz\u0119tami. Tag szklany Tube RFID 134,2 kHz jest specjalnie zaprojektowany, aby spe\u0142nia\u0107 protoko\u0142y ISO11784\/785 i ISO14443A, zapewniaj\u0105c zgodno\u015b\u0107 z r\u00f3\u017cnymi systemami RFID.<\/span><\/p>\n<h3 class=\"AnswerParser_AnswerParserH3__Mpe4s\">2. G\u0142\u00f3wne cechy znacznika szklanego RFID 134,2 kHz<\/h3>\n<ul class=\"AnswerParser_AnswerParserUnorderedList__P_1FW\">\n<li class=\"AnswerParser_ListItem__XqLOV\" translate=\"yes\"><strong>Tworzywo<\/strong>:Etykieta szklana RFID wykonana jest z bioszk\u0142a, trwa\u0142ego i biokompatybilnego materia\u0142u, kt\u00f3ry zapewnia bezpiecze\u0144stwo i dobre samopoczucie wszczepionych zwierz\u0105t.<\/li>\n<li class=\"AnswerParser_ListItem__XqLOV\" translate=\"yes\"><strong>Dost\u0119pne rozmiary<\/strong>:Tag jest oferowany w wielu rozmiarach, w tym 1,25<em>7 mm (idealne dla ma\u0142ych zwierz\u0105t), 2<\/em>12 mm (powszechnie stosowane dla ps\u00f3w i kot\u00f3w) oraz inne rozmiary odpowiednie dla r\u00f3\u017cnych gatunk\u00f3w.<\/li>\n<li class=\"AnswerParser_ListItem__XqLOV\" translate=\"yes\"><strong>Cz\u0119stotliwo\u015b\u0107 pracy<\/strong>:Ten znacznik pracuje na cz\u0119stotliwo\u015bci 134,2 kHz i zosta\u0142 zaprojektowany z my\u015bl\u0105 o niezawodnej pracy w r\u00f3\u017cnych \u015brodowiskach.<\/li>\n<\/ul>\n<h3 class=\"AnswerParser_AnswerParserH3__Mpe4s\">3. Specyfikacje techniczne<\/h3>\n<div class=\"AnswerParser_TableContainer__Erb6v\" data-testid=\"table-container\">\n<table>\n<thead>\n<tr>\n<th style=\"text-align: left;\">Specyfikacja<\/th>\n<th style=\"text-align: left;\">Bli\u017csze dane<\/th>\n<\/tr>\n<\/thead>\n<tbody>\n<tr>\n<td><strong>Tworzywo<\/strong><\/td>\n<td>Bioszk\u0142o<\/td>\n<\/tr>\n<tr>\n<td><strong>Dost\u0119pne rozmiary<\/strong><\/td>\n<td>1.25<em>7mm, 1,4<\/em>8mm, 2<em>8mm, 2<\/em>12mm, 3*15mm<\/td>\n<\/tr>\n<tr>\n<td><strong>Cz\u0119stotliwo\u015b\u0107 pracy<\/strong><\/td>\n<td>134,2 kHz, 125 kHz, 13,56 MHz<\/td>\n<\/tr>\n<tr>\n<td><strong>Protok\u00f3\u0142<\/strong><\/td>\n<td>ISO11784\/785, ISO14443A<\/td>\n<\/tr>\n<tr>\n<td><strong>Sterylizacja<\/strong><\/td>\n<td>100% Sterylizacja klasy medycznej<\/td>\n<\/tr>\n<tr>\n<td><strong>Cechy uk\u0142adu scalonego<\/strong><\/td>\n<td>Antybakteryjny, antyalergiczny, przeciwodrzutowy<\/td>\n<\/tr>\n<\/tbody>\n<\/table>\n<\/div>\n<h3 class=\"AnswerParser_AnswerParserH3__Mpe4s\">4. Instrukcje u\u017cytkowania<\/h3>\n<p><span class=\"AnswerParser_TextContainer__z_Iiv\" data-testid=\"youchat-text\">Instalacja tagu szklanego RFID Tube 134,2 kHz jest prosta. Mo\u017cna go \u0142atwo wszczepi\u0107 za pomoc\u0105 strzykawki, co czyni go szybkim i bezbolesnym zabiegiem dla zwierz\u0105t. Tag nale\u017cy umie\u015bci\u0107 podsk\u00f3rnie, co pozwoli mu pozosta\u0107 bezpiecznie na miejscu, zapewniaj\u0105c jednocze\u015bnie niezawodn\u0105 identyfikacj\u0119.<\/span><\/p>\n<h3 class=\"AnswerParser_AnswerParserH3__Mpe4s\">5. Wp\u0142yw na \u015brodowisko<\/h3>\n<p><span class=\"AnswerParser_TextContainer__z_Iiv\" data-testid=\"youchat-text\">Tag szklany RFID zosta\u0142 zaprojektowany z my\u015bl\u0105 o minimalnym wp\u0142ywie na \u015brodowisko. Materia\u0142 bioszklany nadaje si\u0119 do recyklingu, a proces produkcyjny spe\u0142nia rygorystyczne normy \u015brodowiskowe. Ponadto tagi s\u0105 produkowane zgodnie z certyfikatami ISO 9001 i ISO 14001, co zapewnia zr\u00f3wnowa\u017cone praktyki w ca\u0142ym procesie produkcyjnym.<\/span><\/p>\n<h3 class=\"AnswerParser_AnswerParserH3__Mpe4s\">6. Opinie klient\u00f3w<\/h3>\n<p><span class=\"AnswerParser_TextContainer__z_Iiv\" data-testid=\"youchat-text\">Klienci chwal\u0105 134,2-kilohercow\u0105 szklan\u0105 etykiet\u0119 RFID Tube Glass Tag za jej niezawodno\u015b\u0107 i \u0142atwo\u015b\u0107 u\u017cytkowania. Wielu weterynarzy poleca j\u0105 do identyfikacji zwierz\u0105t, zwracaj\u0105c uwag\u0119 na jej wygod\u0119 dla zwierz\u0105t i dok\u0142adno\u015b\u0107 \u015bledzenia. Zarz\u0105dcy zwierz\u0105t gospodarskich doceniaj\u0105 r\u00f3wnie\u017c jej trwa\u0142o\u015b\u0107 i spok\u00f3j ducha, jaki zapewnia w zarz\u0105dzaniu stadami.<\/span><\/p>\n<h3 class=\"AnswerParser_AnswerParserH3__Mpe4s\">7. Cz\u0119sto zadawane pytania<\/h3>\n<p><span class=\"AnswerParser_TextContainer__z_Iiv\" data-testid=\"youchat-text\"><strong>P: Jak d\u0142ugo dzia\u0142a szklany znacznik RFID?<\/strong><br \/>\nA: Szklany znacznik RFID jest przeznaczony do d\u0142ugotrwa\u0142ego u\u017cytkowania i cz\u0119sto, je\u015bli zostanie prawid\u0142owo wszczepiony, wytrzymuje ca\u0142e \u017cycie zwierz\u0119cia.<\/span><\/p>\n<p><span class=\"AnswerParser_TextContainer__z_Iiv\" data-testid=\"youchat-text\"><strong>P: Czy znacznik jest bezpieczny dla wszystkich zwierz\u0105t?<\/strong><br \/>\nO: Tak, materia\u0142 bioszklany oraz proces sterylizacji o jako\u015bci medycznej sprawiaj\u0105, \u017ce jest on bezpieczny dla wszystkich gatunk\u00f3w zwierz\u0105t, w tym zwierz\u0105t domowych i hodowlanych.<\/span><\/p>\n<p><span class=\"AnswerParser_TextContainer__z_Iiv\" data-testid=\"youchat-text\"><strong>P: Czy tag mo\u017cna odczyta\u0107 z odleg\u0142o\u015bci?<\/strong><br \/>\nO: Tak, zasi\u0119g odczytu mo\u017ce si\u0119 r\u00f3\u017cni\u0107 w zale\u017cno\u015bci od u\u017cywanego czytnika, ale zazwyczaj pozwala na wydajne skanowanie bez konieczno\u015bci bezpo\u015bredniego kontaktu.<\/span><\/p>\n<h3 class=\"AnswerParser_AnswerParserH3__Mpe4s\">8. Produkty powi\u0105zane<\/h3>\n<p><span class=\"AnswerParser_TextContainer__z_Iiv\" data-testid=\"youchat-text\">Zapoznaj si\u0119 z nasz\u0105 ofert\u0105 powi\u0105zanych produkt\u00f3w, w tym etykiet RFID, naklejek RFID i innych rozwi\u0105za\u0144 do znakowania RFID, kt\u00f3re uzupe\u0142niaj\u0105 szklany tag Tube RFID 134,2 kHz. Produkty te mog\u0105 ulepszy\u0107 Twoje systemy identyfikacji i usprawni\u0107 procesy zarz\u0105dzania zwierz\u0119tami.<\/span><\/p>\n<h3 class=\"AnswerParser_AnswerParserH3__Mpe4s\">9. Wnioski<\/h3>\n<p><span class=\"AnswerParser_TextContainer__z_Iiv\" data-testid=\"youchat-text\">Ten\u00a0<strong>Etykieta szklana RFID Tube 134,2 kHz<\/strong>\u00a0oferuje doskona\u0142e rozwi\u0105zanie do identyfikacji i zarz\u0105dzania zwierz\u0119tami. Dzi\u0119ki solidnej konstrukcji, wydajnej pracy i humanitarnemu zastosowaniu jest niezawodnym narz\u0119dziem zar\u00f3wno dla w\u0142a\u015bcicieli zwierz\u0105t domowych, jak i zarz\u0105dc\u00f3w zwierz\u0105t gospodarskich. Zainwestuj w przysz\u0142o\u015b\u0107 \u015bledzenia i zarz\u0105dzania zwierz\u0119tami dzi\u0119ki temu najnowocze\u015bniejszemu rozwi\u0105zaniu RFID.<\/span><\/p>","protected":false},"excerpt":{"rendered":"<p>Etykieta szklana Tube RFID 134,2 kHz oferuje niezawodn\u0105 i humanitarn\u0105 identyfikacj\u0119 zwierz\u0105t dzi\u0119ki trwa\u0142ej konstrukcji z bioszk\u0142a, gwarantuj\u0105c bezpiecze\u0144stwo i dok\u0142adno\u015b\u0107 w przypadku r\u00f3\u017cnych gatunk\u00f3w.<\/p>","protected":false},"featured_media":2785,"template":"","meta":{"_kad_post_transparent":"default","_kad_post_title":"","_kad_post_layout":"default","_kad_post_sidebar_id":"","_kad_post_content_style":"default","_kad_post_vertical_padding":"default","_kad_post_feature":"","_kad_post_feature_position":"","_kad_post_header":false,"_kad_post_footer":false,"_kad_post_classname":""},"product_brand":[],"product_cat":[54],"product_tag":[327,326,328],"class_list":{"0":"post-2784","1":"product","2":"type-product","3":"status-publish","4":"has-post-thumbnail","6":"product_cat-hot-selling-rfid-tags","7":"product_tag-fdx-b-134-2khz-rfid-animal-tag","8":"product_tag-rfid-animal-id-glass-tag","9":"product_tag-rfid-pet-microchip-implant-capsule","11":"first","12":"instock","13":"shipping-taxable","14":"product-type-simple","15":"entry","16":"content-bg","17":"loop-entry"},"_links":{"self":[{"href":"https:\/\/rfid-laundry-tag.com\/pl\/wp-json\/wp\/v2\/product\/2784","targetHints":{"allow":["GET"]}}],"collection":[{"href":"https:\/\/rfid-laundry-tag.com\/pl\/wp-json\/wp\/v2\/product"}],"about":[{"href":"https:\/\/rfid-laundry-tag.com\/pl\/wp-json\/wp\/v2\/types\/product"}],"version-history":[{"count":1,"href":"https:\/\/rfid-laundry-tag.com\/pl\/wp-json\/wp\/v2\/product\/2784\/revisions"}],"predecessor-version":[{"id":2789,"href":"https:\/\/rfid-laundry-tag.com\/pl\/wp-json\/wp\/v2\/product\/2784\/revisions\/2789"}],"wp:featuredmedia":[{"embeddable":true,"href":"https:\/\/rfid-laundry-tag.com\/pl\/wp-json\/wp\/v2\/media\/2785"}],"wp:attachment":[{"href":"https:\/\/rfid-laundry-tag.com\/pl\/wp-json\/wp\/v2\/media?parent=2784"}],"wp:term":[{"taxonomy":"product_brand","embeddable":true,"href":"https:\/\/rfid-laundry-tag.com\/pl\/wp-json\/wp\/v2\/product_brand?post=2784"},{"taxonomy":"product_cat","embeddable":true,"href":"https:\/\/rfid-laundry-tag.com\/pl\/wp-json\/wp\/v2\/product_cat?post=2784"},{"taxonomy":"product_tag","embeddable":true,"href":"https:\/\/rfid-laundry-tag.com\/pl\/wp-json\/wp\/v2\/product_tag?post=2784"}],"curies":[{"name":"wp","href":"https:\/\/api.w.org\/{rel}","templated":true}]}}