{"id":2775,"date":"2024-10-24T16:17:52","date_gmt":"2024-10-24T16:17:52","guid":{"rendered":"https:\/\/rfid-laundry-tag.com\/?post_type=product&#038;p=2775"},"modified":"2024-10-29T09:32:48","modified_gmt":"2024-10-29T09:32:48","slug":"waterproof-washable-uhf-textile-rfid-laundry-tag-with-hole","status":"publish","type":"product","link":"https:\/\/rfid-laundry-tag.com\/pl\/waterproof-washable-uhf-textile-rfid-laundry-tag-with-hole\/","title":{"rendered":"Wodoodporna, zmywalna etykieta UHF RFID do prania tekstyli\u00f3w z otworem"},"content":{"rendered":"<h1><strong>Wodoodporna, zmywalna etykieta UHF RFID do prania tekstyli\u00f3w z otworem<\/strong><\/h1>\n<p><strong>Wodoodporna, zmywalna etykieta do prania UHF RFID z otworem,<\/strong>rewolucyjny produkt dostosowany do usprawnienia \u015bledzenia i zarz\u0105dzania artyku\u0142ami do prania. Zaprojektowany z my\u015bl\u0105 o trwa\u0142o\u015bci i \u0142atwo\u015bci u\u017cytkowania, ten tag RFID jest kluczowy dla utrzymania wydajno\u015bci operacyjnej w r\u00f3\u017cnych warunkach, od pralni przemys\u0142owych po szpitale i hotele. Czytaj dalej, aby odkry\u0107 liczne korzy\u015bci wynikaj\u0105ce z w\u0142\u0105czenia tych tag\u00f3w do operacji prania.<\/p>\n<table class=\"all magic-7\">\n<tbody>\n<tr>\n<td colspan=\"1\" rowspan=\"1\">\n<div class=\"magic-8\" data-spm-anchor-id=\"a2700.details.0.i41.3a7a13dayRHcNe\">Norma RFID:<\/div>\n<\/td>\n<td colspan=\"1\" rowspan=\"1\">\n<div class=\"magic-9\">ISO\/IEC 18000-6 Typ C (EPC Gen2)<\/div>\n<\/td>\n<\/tr>\n<tr>\n<td colspan=\"1\" rowspan=\"1\">\n<div class=\"magic-8\">Rozmiar i waga:<\/div>\n<\/td>\n<td colspan=\"1\" rowspan=\"1\">\n<div class=\"magic-9\">70\u00d715 mm, 0,7 g<\/div>\n<\/td>\n<\/tr>\n<tr>\n<td colspan=\"1\" rowspan=\"1\">\n<div class=\"magic-8\">Typ uk\u0142adu scalonego:<\/div>\n<\/td>\n<td colspan=\"1\" rowspan=\"1\">\n<div class=\"magic-9\">NXP Ucode 9<\/div>\n<\/td>\n<\/tr>\n<tr>\n<td colspan=\"1\" rowspan=\"1\">\n<div class=\"magic-8\">Pami\u0119\u0107 EPC:<\/div>\n<\/td>\n<td colspan=\"1\" rowspan=\"1\">\n<div class=\"magic-9\">128 bit\u00f3w<\/div>\n<\/td>\n<\/tr>\n<tr>\n<td colspan=\"1\" rowspan=\"1\">\n<div class=\"magic-8\">Pami\u0119\u0107 u\u017cytkownika:<\/div>\n<\/td>\n<td colspan=\"1\" rowspan=\"1\">\n<div class=\"magic-9\">96 bit\u00f3w<\/div>\n<\/td>\n<\/tr>\n<tr>\n<td colspan=\"1\" rowspan=\"1\">\n<div class=\"magic-8\">Zakres odczytu (sta\u0142y czytnik):<\/div>\n<\/td>\n<td colspan=\"1\" rowspan=\"1\">\n<div class=\"magic-9\">10m<\/div>\n<\/td>\n<\/tr>\n<tr>\n<td colspan=\"1\" rowspan=\"1\">\n<div class=\"magic-8\">Zasi\u0119g odczytu (czytnik r\u0119czny):<\/div>\n<\/td>\n<td colspan=\"1\" rowspan=\"1\">\n<div class=\"magic-9\">8m<\/div>\n<\/td>\n<\/tr>\n<tr>\n<td colspan=\"1\" rowspan=\"1\">\n<div class=\"magic-8\">Tagowanie:<\/div>\n<\/td>\n<td colspan=\"1\" rowspan=\"1\">\n<div class=\"magic-9\">Szycie, zgrzewanie<\/div>\n<\/td>\n<\/tr>\n<tr>\n<td colspan=\"1\" rowspan=\"1\">\n<div class=\"magic-8\">Szacowany czas \u017cycia:<\/div>\n<\/td>\n<td colspan=\"1\" rowspan=\"1\">\n<div class=\"magic-9\">200 cykli prania lub 3 lata, w zale\u017cno\u015bci od tego, co nast\u0105pi pierwsze<\/div>\n<\/td>\n<\/tr>\n<tr>\n<td colspan=\"1\" rowspan=\"1\">\n<div class=\"magic-8\">Metoda prania:<\/div>\n<\/td>\n<td colspan=\"1\" rowspan=\"1\">\n<div class=\"magic-9\">Pralnia, czyszczenie chemiczne<\/div>\n<\/td>\n<\/tr>\n<tr>\n<td colspan=\"1\" rowspan=\"1\">\n<div class=\"magic-8\">Ci\u015bnienie ekstrakcji wody:<\/div>\n<\/td>\n<td colspan=\"1\" rowspan=\"1\">\n<div class=\"magic-9\">60 bar<\/div>\n<\/td>\n<\/tr>\n<tr>\n<td colspan=\"1\" rowspan=\"1\">\n<div class=\"magic-8\">Wodoodporno\u015b\u0107:<\/div>\n<\/td>\n<td colspan=\"1\" rowspan=\"1\">\n<div class=\"magic-9\">Wodoodporny<\/div>\n<\/td>\n<\/tr>\n<tr>\n<td colspan=\"1\" rowspan=\"1\">\n<div class=\"magic-8\">Odporno\u015b\u0107 chemiczna:<\/div>\n<\/td>\n<td colspan=\"1\" rowspan=\"1\">\n<div class=\"magic-9\">Detergent, zmi\u0119kczacz, wybielacz (tlen\/chlor), alkalia<\/div>\n<\/td>\n<\/tr>\n<tr>\n<td colspan=\"1\" rowspan=\"1\">\n<div class=\"magic-8\">Wst\u0119pne suszenie w suszarce b\u0119bnowej:<\/div>\n<\/td>\n<td colspan=\"1\" rowspan=\"1\">\n<div class=\"magic-9\">125 \u00baC przez 15-20 minut<\/div>\n<\/td>\n<\/tr>\n<tr>\n<td colspan=\"1\" rowspan=\"1\">\n<div class=\"magic-8\" data-spm-anchor-id=\"a2700.details.0.i43.3a7a13dayRHcNe\">Temperatura sterylizacji:<\/div>\n<\/td>\n<td colspan=\"1\" rowspan=\"1\">\n<div class=\"magic-9\">135\u00b0C przez 15-20 minut<\/div>\n<\/td>\n<\/tr>\n<tr>\n<td colspan=\"1\" rowspan=\"1\">\n<div class=\"magic-8\">Temperatura prania:<\/div>\n<\/td>\n<td colspan=\"1\" rowspan=\"1\">\n<div class=\"magic-9\">90\u00b0C, do 15 min.<\/div>\n<\/td>\n<\/tr>\n<tr>\n<td colspan=\"1\" rowspan=\"1\">\n<div class=\"magic-8\">Wilgotno\u015b\u0107\/Temperatura - praca:<\/div>\n<\/td>\n<td colspan=\"1\" rowspan=\"1\">\n<div class=\"magic-9\" data-spm-anchor-id=\"a2700.details.0.i42.3a7a13dayRHcNe\">-20 do 110\u00b0C, 8 do 95%RH<\/div>\n<\/td>\n<\/tr>\n<tr>\n<td colspan=\"1\" rowspan=\"1\">\n<div class=\"magic-8\">Wilgotno\u015b\u0107\/Temperatura-Przechowywanie:<\/div>\n<\/td>\n<td colspan=\"1\" rowspan=\"1\">\n<div class=\"magic-9\">-40 do 110\u00b0C, 8 do 95%RH<\/div>\n<\/td>\n<\/tr>\n<\/tbody>\n<\/table>\n<h3>Dlaczego warto wybra\u0107 wodoodporne, zmywalne etykiety pralnicze RFID UHF?<\/h3>\n<p>Inwestowanie w etykiety pralnicze RFID oferuje wiele korzy\u015bci, umo\u017cliwiaj\u0105c firmom usprawnienie proces\u00f3w. Oto kilka przekonuj\u0105cych powod\u00f3w, dla kt\u00f3rych warto rozwa\u017cy\u0107\u00a0<strong>Tag pralniczy RFID<\/strong>\u00a0dla Twoich operacji pralniczych:<\/p>\n<ul>\n<li><strong>Ulepszone \u015bledzenie i zarz\u0105dzanie:<\/strong>\u00a0Po\u017cegnaj si\u0119 z zagubionymi lub \u017ale umieszczonymi przedmiotami. Technologia UHF zapewnia, \u017ce ka\u017cdy element garderoby lub po\u015bciel mo\u017cna dok\u0142adnie \u015bledzi\u0107, redukuj\u0105c b\u0142\u0119dy r\u0119czne i usprawniaj\u0105c zarz\u0105dzanie zapasami.<\/li>\n<li><strong>Trwa\u0142o\u015b\u0107 i niezawodno\u015b\u0107:<\/strong>\u00a0Tagi RFID zosta\u0142y zaprojektowane tak, aby wytrzyma\u0107 trudne warunki prania, wytrzymuj\u0105 wysokie temperatury i wielokrotne cykle prania (do 200), co czyni je idealnym rozwi\u0105zaniem do zastosowa\u0144 w pralniach komercyjnych i przemys\u0142owych.<\/li>\n<li><strong>Wszechstronno\u015b\u0107 u\u017cytkowania:<\/strong>\u00a0Dzi\u0119ki mo\u017cliwo\u015bci przyszywania lub zgrzewania na r\u00f3\u017cnych materia\u0142ach tekstylnych,\u00a0<strong>zmywalne znaczniki RFID<\/strong>\u00a0doskonale sprawdzaj\u0105 si\u0119 w hotelach, szpitalach i innych plac\u00f3wkach, w kt\u00f3rych wymagane jest \u015bcis\u0142e zarz\u0105dzanie po\u015bciel\u0105.<\/li>\n<\/ul>\n<h3>G\u0142\u00f3wne cechy wodoodpornego, zmywalnego znacznika UHF RFID do prania tekstyli\u00f3w<\/h3>\n<h4>1. Zaawansowana technologia RFID<\/h4>\n<p>Nasz\u00a0<strong>Tagi pralnicze RFID<\/strong>\u00a0s\u0105 zgodne z norm\u0105 ISO\/IEC 18000-6 typu C (EPC Gen2), co zapewnia, \u017ce spe\u0142niaj\u0105 standardy bran\u017cowe dotycz\u0105ce wydajno\u015bci i niezawodno\u015bci. Integracja najnowocze\u015bniejszej technologii UHF umo\u017cliwia szybk\u0105 transmisj\u0119 danych i wydajne procesy \u015bledzenia.<\/p>\n<h4>2. Rozmiar i waga<\/h4>\n<p>O wymiarach\u00a0<strong>70\u00d715 mm<\/strong>\u00a0i lekka konstrukcja o wadze zaledwie\u00a0<strong>0,7g<\/strong>, te metki s\u0105 \u0142atwe do wkomponowania w ka\u017cdy element garderoby bez dodawania obj\u0119to\u015bci lub dyskomfortu. Kompaktowy rozmiar umo\u017cliwia bezproblemow\u0105 integracj\u0119 z r\u00f3\u017cnymi tekstyliami, czy to\u00a0<strong>mundury, po\u015bciel lub inne artyku\u0142y do prania<\/strong>.<\/p>\n<h4>3. Wysoki zakres odczytu<\/h4>\n<p>Ten\u00a0<strong>zakres odczytu<\/strong>\u00a0jest czynnikiem krytycznym dla efektywnych system\u00f3w RFID. Nasze tagi mog\u0105 osi\u0105gn\u0105\u0107\u00a0<strong>odleg\u0142o\u015b\u0107 odczytu do 10 metr\u00f3w przy u\u017cyciu czytnik\u00f3w stacjonarnych<\/strong>\u00a0I\u00a0<strong>8 metr\u00f3w z czytnikami r\u0119cznymi<\/strong>Ten rozszerzony zakres optymalizuje proces \u015bledzenia, umo\u017cliwiaj\u0105c skuteczn\u0105 kontrol\u0119 zapas\u00f3w i zarz\u0105dzanie przep\u0142ywem pracy w ruchliwych \u015brodowiskach pralniczych.<\/p>\n<h4>4. Wytrzyma\u0142y w trudnych warunkach<\/h4>\n<p>Zaprojektowane z my\u015bl\u0105 o trwa\u0142o\u015bci, te\u00a0<strong>wodoodporne znaczniki RFID<\/strong>\u00a0mo\u017ce wytrzyma\u0107 rygorystyczne procesy czyszczenia, w tym:<\/p>\n<ul>\n<li><strong>Temperatura prania:<\/strong>\u00a0A\u017c do\u00a0<strong>90\u00b0C<\/strong>\u00a0przez 15 minut, co zapewni dok\u0142adne czyszczenie.<\/li>\n<li><strong>Temperatura sterylizacji:<\/strong>\u00a0Mo\u017cliwo\u015b\u0107 wytrzymania proces\u00f3w sterylizacji w\u00a0<strong>135\u00b0C<\/strong>\u00a0przez 15\u201320 minut, co czyni je odpowiednimi do stosowania w \u015brodowisku medycznym.<\/li>\n<li><strong>Odporno\u015b\u0107 chemiczna:<\/strong>\u00a0Odporne na powszechnie stosowane \u015brodki pior\u0105ce, takie jak detergenty, p\u0142yny zmi\u0119kczaj\u0105ce i wybielacze, co zapewnia d\u0142ugowieczno\u015b\u0107 i niezmienn\u0105 wydajno\u015b\u0107.<\/li>\n<\/ul>\n<h4>5. Zagadnienia \u015brodowiskowe<\/h4>\n<p>Tagi te s\u0105 zaprojektowane tak, aby wytrzyma\u0107\u00a0<strong>wysokie ci\u015bnienie ekstrakcji wody<\/strong>\u00a0do\u00a0<strong>60 bar<\/strong>, zapewniaj\u0105c, \u017ce pozostan\u0105 funkcjonalne nawet w najbardziej wymagaj\u0105cych warunkach prania. U\u017cyte materia\u0142y s\u0105 przyjazne dla \u015brodowiska, co jeszcze bardziej zwi\u0119ksza ich warto\u015b\u0107.<\/p>\n<h4>6. Instrukcje dotycz\u0105ce \u017cywotno\u015bci i u\u017cytkowania<\/h4>\n<p>Przy szacowanym okresie \u017cycia\u00a0<strong>200 cykli prania lub 3 lata<\/strong>\u00a0(w zale\u017cno\u015bci od tego, co nast\u0105pi pierwsze), nasze etykiety do prania RFID s\u0105 zbudowane tak, aby przetrwa\u0107. Mog\u0105 p\u0142ynnie przechodzi\u0107 z pralni do czyszczenia na sucho, co czyni je wszechstronnymi w przypadku r\u00f3\u017cnych potrzeb operacyjnych.<\/p>\n<h3>Produkty powi\u0105zane<\/h3>\n<p>Aby uzupe\u0142ni\u0107 nasze\u00a0<strong>Wodoodporne, zmywalne etykiety tekstylne UHF RFID do prania<\/strong>, rozwa\u017c zapoznanie si\u0119 z poni\u017cszymi powi\u0105zanymi produktami:<\/p>\n<ul>\n<li><strong>Czytniki RFID:<\/strong>\u00a0Niezb\u0119dne narz\u0119dzia do efektywnego odczytywania i \u015bledzenia tag\u00f3w RFID w Twojej firmie.<\/li>\n<li><strong>Materia\u0142y do etykietowania:<\/strong>\u00a0Mo\u017cliwo\u015bci szycia, zgrzewania lub mocowania etykiet RFID do r\u00f3\u017cnych tekstyli\u00f3w.<\/li>\n<li><strong>Rozwi\u0105zania programowe:<\/strong>\u00a0Oprogramowanie do zarz\u0105dzania technologi\u0105 RFID umo\u017cliwiaj\u0105ce \u015bledzenie zapas\u00f3w i usprawnienie systemu zarz\u0105dzania pralni\u0105.<\/li>\n<\/ul>\n<h3>Wp\u0142yw na \u015brodowisko i korzy\u015bci dla przemys\u0142u<\/h3>\n<ol>\n<li><strong>Zmniejszona ilo\u015b\u0107 odpad\u00f3w:<\/strong>\u00a0Dzi\u0119ki skutecznemu \u015bledzeniu po\u015bcieli i odzie\u017cy, metki te pomagaj\u0105 ograniczy\u0107 ilo\u015b\u0107 odpad\u00f3w wynikaj\u0105cych ze zgubienia lub zapodziania przedmiot\u00f3w, przyczyniaj\u0105c si\u0119 do bardziej zr\u00f3wnowa\u017conych praktyk w bran\u017cy pralniczej.<\/li>\n<li><strong>Zoptymalizowane zarz\u0105dzanie zasobami:<\/strong>\u00a0Efektywne monitorowanie pozwala zoptymalizowa\u0107 proces prania, gwarantuj\u0105c, \u017ce ca\u0142a po\u015bciel i odzie\u017c b\u0119d\u0105 utrzymywane w najwy\u017cszej jako\u015bci, co ostatecznie wyd\u0142u\u017ca ich \u017cywotno\u015b\u0107 i zmniejsza koszty wymiany.<\/li>\n<li><strong>Poprawa satysfakcji klienta:<\/strong>\u00a0Efektywne zarz\u0105dzanie zapasami oznacza, \u017ce klienci otrzymuj\u0105 po\u015bciel terminowo i w spos\u00f3b zorganizowany, co przek\u0142ada si\u0119 na lepsze do\u015bwiadczenia klient\u00f3w w takich bran\u017cach jak hotelarstwo i opieka zdrowotna.<\/li>\n<\/ol>\n<h3>Opinie i do\u015bwiadczenia klient\u00f3w<\/h3>\n<p>Nasi klienci zg\u0142osili znacz\u0105ce usprawnienia w swoich operacjach prania po wdro\u017ceniu naszych wodoodpornych, zmywalnych tekstylnych tag\u00f3w UHF RFID do prania. Oto kilka opinii:<\/p>\n<ul>\n<li><strong>\u201eOd kiedy zacz\u0119li\u015bmy u\u017cywa\u0107 tych tag\u00f3w RFID do prania, drastycznie skr\u00f3cili\u015bmy czas sp\u0119dzony na szukaniu zgubionych przedmiot\u00f3w. Nasza wydajno\u015b\u0107 wzros\u0142a, a nasz personel mo\u017ce skupi\u0107 si\u0119 na \u015bwiadczeniu wysokiej jako\u015bci us\u0142ug\u201d<\/strong>\u00a0m\u00f3wi Linda, menad\u017cerka lokalnego hotelu.<\/li>\n<li><strong>\u201eTrwa\u0142o\u015b\u0107 tych metek jest imponuj\u0105ca. Wytrzymuj\u0105 nasze rygorystyczne cykle prania i nadal dzia\u0142aj\u0105 idealnie. Gor\u0105co polecam je ka\u017cdej komercyjnej pralni,\u201d<\/strong>\u00a0stwierdza Mark, kierownik operacyjny w pralni przemys\u0142owej.<\/li>\n<\/ul>\n<h3>Cz\u0119sto zadawane pytania (FAQ)<\/h3>\n<h4>1. Jaki jest zakres temperatur pracy tych tag\u00f3w RFID?<\/h4>\n<p>Tagi RFID mog\u0105 dzia\u0142a\u0107 w zakresie temperatur\u00a0<strong>-20 do 110\u00b0C<\/strong>\u00a0i tolerowa\u0107\u00a0<strong>Wilgotno\u015b\u0107 wzgl\u0119dna od 8 do 95%<\/strong>, zapewniaj\u0105c im mo\u017cliwo\u015b\u0107 funkcjonowania w r\u00f3\u017cnych \u015brodowiskach.<\/p>\n<h4>2. W jaki spos\u00f3b nale\u017cy przymocowa\u0107 metki pralnicze RFID do ubra\u0144?<\/h4>\n<p>Tagi mo\u017cna przymocowa\u0107 za pomoc\u0105\u00a0<strong>szycie lub zgrzewanie<\/strong>zapewniaj\u0105c elastyczno\u015b\u0107 w zale\u017cno\u015bci od potrzeb operacyjnych i rodzaj\u00f3w odzie\u017cy.<\/p>\n<h4>3. Czy te metki mo\u017cna u\u017cywa\u0107 do czyszczenia chemicznego?<\/h4>\n<p>Tak, te znaczniki RFID s\u0105 na tyle uniwersalne, \u017ce mo\u017cna ich u\u017cywa\u0107 zar\u00f3wno\u00a0<strong>ustawienia prania i czyszczenia na sucho<\/strong>.<\/p>\n<h4>4. Jak maksymalnie wyd\u0142u\u017cy\u0107 \u017cywotno\u015b\u0107 metek pralniczych RFID?<\/h4>\n<p>Aby zapewni\u0107 trwa\u0142o\u015b\u0107 ubra\u0144, nale\u017cy stosowa\u0107 si\u0119 do instrukcji prania i suszenia oraz unika\u0107 nara\u017cania na dzia\u0142anie silnych \u015brodk\u00f3w chemicznych innych ni\u017c standardowe detergenty i p\u0142yny zmi\u0119kczaj\u0105ce.<\/p>\n<h3>Wnioski: Przekszta\u0142\u0107 zarz\u0105dzanie pralni\u0105 dzi\u0119ki technologii RFID<\/h3>\n<p>Ten\u00a0<strong>Wodoodporna, zmywalna etykieta UHF RFID do prania tekstyli\u00f3w z otworem<\/strong>\u00a0to co\u015b wi\u0119cej ni\u017c tylko akcesorium do prania; to niezb\u0119dne narz\u0119dzie dla nowoczesnych\u00a0<strong>zarz\u0105dzanie pralni\u0105<\/strong>Inwestuj\u0105c w trwa\u0142e, niezawodne i \u0142atwe w u\u017cyciu tagi, mo\u017cesz usprawni\u0107 operacje, zmniejszy\u0107 straty i zwi\u0119kszy\u0107 og\u00f3ln\u0105 wydajno\u015b\u0107 swoich us\u0142ug pralniczych.<\/p>","protected":false},"excerpt":{"rendered":"<p>Wodoodporna, zmywalna etykieta tekstylna RFID UHF z otworem, zaprojektowana z my\u015bl\u0105 o trwa\u0142o\u015bci i skutecznym \u015bledzeniu w zastosowaniach pralniczych w przemy\u015ble.<\/p>","protected":false},"featured_media":2776,"template":"","meta":{"_kad_post_transparent":"default","_kad_post_title":"","_kad_post_layout":"default","_kad_post_sidebar_id":"","_kad_post_content_style":"default","_kad_post_vertical_padding":"default","_kad_post_feature":"","_kad_post_feature_position":"","_kad_post_header":false,"_kad_post_footer":false,"_kad_post_classname":""},"product_brand":[],"product_cat":[19],"product_tag":[324,65,30,325],"class_list":{"0":"post-2775","1":"product","2":"type-product","3":"status-publish","4":"has-post-thumbnail","6":"product_cat-textile-rfid-laundry-tag","7":"product_tag-rfid-laundry-tag","8":"product_tag-textile-rfid-laundry-tags","9":"product_tag-uhf-rfid-laundry-tag","10":"product_tag-washable-rfid-laundry-tag","12":"first","13":"instock","14":"featured","15":"shipping-taxable","16":"product-type-simple","17":"entry","18":"content-bg","19":"loop-entry"},"_links":{"self":[{"href":"https:\/\/rfid-laundry-tag.com\/pl\/wp-json\/wp\/v2\/product\/2775","targetHints":{"allow":["GET"]}}],"collection":[{"href":"https:\/\/rfid-laundry-tag.com\/pl\/wp-json\/wp\/v2\/product"}],"about":[{"href":"https:\/\/rfid-laundry-tag.com\/pl\/wp-json\/wp\/v2\/types\/product"}],"version-history":[{"count":3,"href":"https:\/\/rfid-laundry-tag.com\/pl\/wp-json\/wp\/v2\/product\/2775\/revisions"}],"predecessor-version":[{"id":2782,"href":"https:\/\/rfid-laundry-tag.com\/pl\/wp-json\/wp\/v2\/product\/2775\/revisions\/2782"}],"wp:featuredmedia":[{"embeddable":true,"href":"https:\/\/rfid-laundry-tag.com\/pl\/wp-json\/wp\/v2\/media\/2776"}],"wp:attachment":[{"href":"https:\/\/rfid-laundry-tag.com\/pl\/wp-json\/wp\/v2\/media?parent=2775"}],"wp:term":[{"taxonomy":"product_brand","embeddable":true,"href":"https:\/\/rfid-laundry-tag.com\/pl\/wp-json\/wp\/v2\/product_brand?post=2775"},{"taxonomy":"product_cat","embeddable":true,"href":"https:\/\/rfid-laundry-tag.com\/pl\/wp-json\/wp\/v2\/product_cat?post=2775"},{"taxonomy":"product_tag","embeddable":true,"href":"https:\/\/rfid-laundry-tag.com\/pl\/wp-json\/wp\/v2\/product_tag?post=2775"}],"curies":[{"name":"wp","href":"https:\/\/api.w.org\/{rel}","templated":true}]}}