{"id":2766,"date":"2024-10-24T15:10:58","date_gmt":"2024-10-24T15:10:58","guid":{"rendered":"https:\/\/rfid-laundry-tag.com\/?post_type=product&#038;p=2766"},"modified":"2024-10-24T15:25:26","modified_gmt":"2024-10-24T15:25:26","slug":"nfc-inlay-for-mlfare-ultralight-ev1-chip","status":"publish","type":"product","link":"https:\/\/rfid-laundry-tag.com\/pl\/nfc-inlay-for-mlfare-ultralight-ev1-chip\/","title":{"rendered":"Wk\u0142adka NFC do uk\u0142adu MlFARE Ultralight EV1"},"content":{"rendered":"<div><\/div>\n<div>\n<div class=\"text-content\">\n<h2>Wk\u0142adka NFC do uk\u0142adu MlFARE Ultralight EV1<\/h2>\n<div><\/div>\n<div data-spm-anchor-id=\"a2700.details.0.i48.6f4d7d7dnursE7\">\n<table class=\"hight-light-first-column all magic-14\">\n<tbody>\n<tr>\n<td colspan=\"1\" rowspan=\"1\">\n<div class=\"magic-15\"><b>Tworzywo<\/b><\/div>\n<\/td>\n<td colspan=\"1\" rowspan=\"1\">\n<div class=\"magic-16\" data-spm-anchor-id=\"a2700.details.0.i34.21f6414cWQ4Zrf\">Papier \/Papier termiczny\/Tkanina\/PVC\/PET<\/div>\n<\/td>\n<\/tr>\n<tr>\n<td colspan=\"1\" rowspan=\"1\">\n<div class=\"magic-15\"><b>Rozmiar<\/b><\/div>\n<\/td>\n<td colspan=\"1\" rowspan=\"1\">\n<div class=\"magic-16\">18*56mm, 25*25mm, 30*30mm, 40*40mm, \u015brednica 18mm, \u015brednica 20mm, \u015brednica 22mm, \u015brednica 25mm lub niestandardowy rozmiar.<\/div>\n<\/td>\n<\/tr>\n<tr>\n<td colspan=\"1\" rowspan=\"1\">\n<div class=\"magic-15\"><b>Druk<\/b><\/div>\n<\/td>\n<td colspan=\"1\" rowspan=\"1\">\n<div class=\"magic-16\">Nie ma potrzeby drukowania<\/div>\n<\/td>\n<\/tr>\n<tr>\n<td colspan=\"1\" rowspan=\"1\">\n<div class=\"magic-15\"><b>Dost\u0119pny Chip<\/b><\/div>\n<\/td>\n<td colspan=\"1\" rowspan=\"1\">\n<div class=\"magic-16\">\n<p><strong>NXP Mifare Ultralight ev1 <\/strong><\/p>\n<\/div>\n<\/td>\n<\/tr>\n<tr>\n<td colspan=\"1\" rowspan=\"1\">\n<div class=\"magic-21\"><b>Protok\u00f3\u0142:<\/b><\/div>\n<\/td>\n<td colspan=\"4\" rowspan=\"1\">\n<div class=\"magic-22\">ISO\/IEC 14443 Typ A<\/div>\n<\/td>\n<\/tr>\n<tr>\n<td colspan=\"1\" rowspan=\"1\">\n<div class=\"magic-26\"><b>Rzemie\u015blnictwo:<\/b><\/div>\n<\/td>\n<td colspan=\"4\" rowspan=\"1\">\n<div class=\"magic-22\" data-spm-anchor-id=\"a2700.details.0.i33.21f6414cWQ4Zrf\">Drukowanie kod\u00f3w kreskowych, kod\u00f3w QR itp.<\/div>\n<\/td>\n<\/tr>\n<\/tbody>\n<\/table>\n<\/div>\n<\/div>\n<p>&nbsp;<\/p>\n<p>Uk\u0142ad MIFARE Ultralight EV1 zast\u0119puje uk\u0142ad MIFARE Ultralight ticketing IC i jest w pe\u0142ni funkcjonalny i wstecznie kompatybilny. Jego ulepszone funkcje i zestaw polece\u0144 umo\u017cliwiaj\u0105 bardziej wydajne implementacje i oferuj\u0105 wi\u0119ksz\u0105 elastyczno\u015b\u0107 w projektowaniu system\u00f3w.<\/p>\n<p>Parametry mechaniczne i elektryczne karty MIFARE Ultralight EV1 s\u0105 dostosowane do wymaga\u0144 producent\u00f3w wk\u0142adek i bilet\u00f3w papierowych.<\/p>\n<h3>Bezkontaktowy przesy\u0142 energii i danych<\/h3>\n<p>W MIFARE<sup>\u00ae<\/sup>\u00a0system, MF0ULx1 jest pod\u0142\u0105czony do cewki z kilkoma zwojami. MF0ULx1 pasuje do format\u00f3w bilet\u00f3w TFC.0 (Edmondson) i TFC.1 (ISO).<\/p>\n<p>Uk\u0142ad MF0ULx1, wyposa\u017cony w 17 pF kondensator rezonansowy, obs\u0142uguje formaty bilet\u00f3w TFC.1 i TFC.0.<\/p>\n<h3>Antykolizyjny<\/h3>\n<p>Inteligentna funkcja antykolizyjna umo\u017cliwia jednoczesne dzia\u0142anie wi\u0119cej ni\u017c jednej karty w terenie. Algorytm antykolizyjny wybiera ka\u017cd\u0105 kart\u0119 indywidualnie. Zapewnia, \u017ce wykonanie transakcji wybran\u0105 kart\u0105 jest wykonywane poprawnie, bez zak\u0142\u00f3ce\u0144 ze strony innej karty w terenie.<\/p>\n<h3>Prosta integracja i wygoda u\u017cytkownika<\/h3>\n<p>Modu\u0142 MF0ULx1 zaprojektowano z my\u015bl\u0105 o prostej integracji i wygodzie u\u017cytkownika, co pozwala na obs\u0142ug\u0119 kompletnych transakcji biletowych w czasie kr\u00f3tszym ni\u017c 35 ms.<\/p>\n<h3>Bezpiecze\u0144stwo wk\u0142adki NFC dla uk\u0142adu MlFARE Ultralight EV1<\/h3>\n<ul>\n<li>Producent zaprogramowa\u0142 7-bajtowy UID dla ka\u017cdego urz\u0105dzenia<\/li>\n<li>32-bitowy obszar programowalny jednorazowo (OTP) definiowany przez u\u017cytkownika<\/li>\n<li>3 niezale\u017cne 24-bitowe liczniki jednokierunkowe<\/li>\n<li>Programowalna w terenie funkcja blokowania tylko do odczytu na stron\u0119 (na 2 strony dla rozszerzonej sekcji pami\u0119ci)<\/li>\n<li>Podpis oryginalno\u015bci oparty na ECC<\/li>\n<li>Ochrona has\u0142em 32-bitowym zapobiegaj\u0105ca niezamierzonym operacjom pami\u0119ci<\/li>\n<\/ul>\n<div class=\"text-content\">\n<h2 class=\"AnswerParser_AnswerParserH2__SIHnF\">Zrozumienie wk\u0142adek NFC: podstawy<\/h2>\n<p><span class=\"AnswerParser_TextContainer__z_Iiv\" data-testid=\"youchat-text\">Wk\u0142adki NFC s\u0105\u00a0<strong>cienkie, wysokocz\u0119stotliwo\u015bciowe znaczniki<\/strong>\u00a0kt\u00f3re wykorzystuj\u0105\u00a0<strong>Technologia RFID<\/strong>\u00a0w\u0142\u0105czy\u0107\u00a0<strong>komunikacja bezkontaktowa<\/strong>\u00a0mi\u0119dzy urz\u0105dzeniami. Te wk\u0142adki s\u0105 zazwyczaj osadzane w r\u00f3\u017cnych materia\u0142ach, w tym papierze, plastiku lub innych pod\u0142o\u017cach, co pozwala na ich w\u0142\u0105czenie do etykiet, kart, a nawet materia\u0142\u00f3w promocyjnych. Technologia ta dzia\u0142a na zasadzie indukcji elektromagnetycznej, umo\u017cliwiaj\u0105c urz\u0105dzeniom takim jak smartfony komunikowanie si\u0119 z tagami obs\u0142uguj\u0105cymi NFC po prostu przez znajdowanie si\u0119 w bliskiej odleg\u0142o\u015bci.<\/span><span class=\"AnswerParser_TextContainer__z_Iiv\" data-testid=\"youchat-text\">Podstawowe elementy wk\u0142adki NFC obejmuj\u0105:\u00a0<strong>\u017ceton<\/strong>\u00a0(takie jak\u00a0<strong>Ultralekka kamera MIFARE EV1<\/strong>\u00a0Lub\u00a0<strong>NXP-NTAG213<\/strong>) i\u00a0<strong>antena<\/strong>Razem u\u0142atwiaj\u0105 wymian\u0119 danych i przesy\u0142 energii, dzi\u0119ki czemu wk\u0142adki NFC s\u0105 wszechstronnym rozwi\u0105zaniem dla wielu zastosowa\u0144.<\/span><\/p>\n<h2 class=\"AnswerParser_AnswerParserH2__SIHnF\">G\u0142\u00f3wne cechy wk\u0142adki NFC dla uk\u0142adu MlFARE Ultralight EV1<\/h2>\n<p><span class=\"AnswerParser_TextContainer__z_Iiv\" data-testid=\"youchat-text\">Jedn\u0105 z wyr\u00f3\u017cniaj\u0105cych si\u0119 cech wk\u0142adek NFC jest ich\u00a0<strong>zgodno\u015b\u0107<\/strong>\u00a0z r\u00f3\u017cnymi standardami NFC, w tym\u00a0<strong>Norma ISO 14443<\/strong>\u00a0I\u00a0<strong>Norma ISO 15693<\/strong>. Dzi\u0119ki temu mo\u017cna je stosowa\u0107 w szerokiej gamie urz\u0105dze\u0144 i aplikacji.\u00a0<strong>Ultralekka kamera MIFARE EV1<\/strong>\u00a0wyr\u00f3\u017cnia si\u0119 szczeg\u00f3lnie wsteczn\u0105 kompatybilno\u015bci\u0105 z poprzednimi wersjami, co czyni go elastycznym wyborem dla firm, kt\u00f3re chc\u0105 uaktualni\u0107 swoje systemy bez konieczno\u015bci przeprowadzania ich ca\u0142kowitej przebudowy.<\/span><span class=\"AnswerParser_TextContainer__z_Iiv\" data-testid=\"youchat-text\">Ponadto wk\u0142adki NFC cz\u0119sto oferuj\u0105 zaawansowane funkcje, takie jak:<\/span><\/p>\n<ul class=\"AnswerParser_AnswerParserUnorderedList__P_1FW\">\n<li class=\"AnswerParser_ListItem__XqLOV\" translate=\"yes\"><strong>Technologia antykolizyjna<\/strong>:Dzi\u0119ki temu wiele tag\u00f3w NFC mo\u017ce dzia\u0142a\u0107 jednocze\u015bnie bez zak\u0142\u00f3ce\u0144, gwarantuj\u0105c p\u0142ynne transakcje.<\/li>\n<li class=\"AnswerParser_ListItem__XqLOV\" translate=\"yes\"><strong>Funkcje bezpiecze\u0144stwa<\/strong>:Wiele wk\u0142adek NFC, takich jak te od\u00a0<strong>Avery Dennison<\/strong>, obejmuj\u0105 szyfrowanie i ochron\u0119 has\u0142em, zapewniaj\u0105c dodatkow\u0105 warstw\u0119 bezpiecze\u0144stwa przed nieautoryzowanym dost\u0119pem.<\/li>\n<li class=\"AnswerParser_ListItem__XqLOV\" translate=\"yes\"><strong>Przyjazna dla u\u017cytkownika integracja<\/strong>:Zaprojektowane z my\u015bl\u0105 o szybkiej implementacji wk\u0142adki NFC mo\u017cna zintegrowa\u0107 z istniej\u0105cymi systemami przy minimalnym wysi\u0142ku, co pozwala firmom skutecznie usprawni\u0107 ich dzia\u0142alno\u015b\u0107.<\/li>\n<\/ul>\n<h2 class=\"AnswerParser_AnswerParserH2__SIHnF\">Korzy\u015bci ze stosowania wk\u0142adki NFC dla uk\u0142adu MlFARE Ultralight EV1<\/h2>\n<p><span class=\"AnswerParser_TextContainer__z_Iiv\" data-testid=\"youchat-text\">Inwestowanie we wk\u0142adki NFC oferuje przedsi\u0119biorstwom liczne korzy\u015bci:<\/span><\/p>\n<ul class=\"AnswerParser_AnswerParserUnorderedList__P_1FW\">\n<li class=\"AnswerParser_ListItem__XqLOV\" translate=\"yes\"><strong>Ulepszone do\u015bwiadczenie klienta<\/strong>Technologia NFC upraszcza interakcj\u0119 mi\u0119dzy klientami a produktami, umo\u017cliwiaj\u0105c szybki dost\u0119p do informacji lub transakcji za pomoc\u0105 jednego dotkni\u0119cia smartfona.<\/li>\n<li class=\"AnswerParser_ListItem__XqLOV\" translate=\"yes\"><strong>Ekonomiczne rozwi\u0105zania<\/strong>:Rozwi\u0105zania NFC s\u0105 zazwyczaj ta\u0144sze ni\u017c tradycyjne systemy RFID, co czyni je atrakcyjn\u0105 opcj\u0105 dla firm ka\u017cdej wielko\u015bci.<\/li>\n<li class=\"AnswerParser_ListItem__XqLOV\" translate=\"yes\"><strong>Wi\u0119ksze zaanga\u017cowanie<\/strong>:Dzi\u0119ki mo\u017cliwo\u015bci przechowywania adres\u00f3w URL, informacji o produktach i tre\u015bci promocyjnych wk\u0142adki NFC zach\u0119caj\u0105 klient\u00f3w do g\u0142\u0119bszego zaanga\u017cowania si\u0119 w marki i produkty.<\/li>\n<\/ul>\n<h2 class=\"AnswerParser_AnswerParserH2__SIHnF\">Zastosowania technologii NFC<\/h2>\n<p><span class=\"AnswerParser_TextContainer__z_Iiv\" data-testid=\"youchat-text\">Wk\u0142adki NFC staj\u0105 si\u0119 coraz powszechniejsze w r\u00f3\u017cnych bran\u017cach, w tym:<\/span><\/p>\n<ul class=\"AnswerParser_AnswerParserUnorderedList__P_1FW\">\n<li class=\"AnswerParser_ListItem__XqLOV\" translate=\"yes\"><strong>Sprzeda\u017c detaliczna<\/strong>:Od inteligentnych etykiet zawieraj\u0105cych informacje o produkcie po programy lojalno\u015bciowe nagradzaj\u0105ce klient\u00f3w jednym dotkni\u0119ciem, wk\u0142adki NFC rewolucjonizuj\u0105 do\u015bwiadczenia zakupowe.<\/li>\n<li class=\"AnswerParser_ListItem__XqLOV\" translate=\"yes\"><strong>Zarz\u0105dzanie wydarzeniami<\/strong>:Opaski i identyfikatory NFC umo\u017cliwiaj\u0105 bezproblemowe uczestnictwo w wydarzeniach, pozwalaj\u0105c na \u0142atwe \u015bledzenie i zarz\u0105dzanie uczestnikami.<\/li>\n<li class=\"AnswerParser_ListItem__XqLOV\" translate=\"yes\"><strong>Inteligentne opakowania<\/strong>Marki wykorzystuj\u0105 technologi\u0119 NFC w opakowaniach, aby zapewni\u0107 konsumentom interaktywne tre\u015bci, takie jak przepisy kulinarne lub instrukcje dotycz\u0105ce stosowania produktu.<\/li>\n<\/ul>\n<h2 class=\"AnswerParser_AnswerParserH2__SIHnF\">Por\u00f3wnanie r\u00f3\u017cnych wk\u0142adek NFC: NTAG213, NTAG215, NTAG216<\/h2>\n<p><span class=\"AnswerParser_TextContainer__z_Iiv\" data-testid=\"youchat-text\">Wybieraj\u0105c wk\u0142adk\u0119 NFC, nale\u017cy koniecznie zrozumie\u0107 r\u00f3\u017cnice mi\u0119dzy popularnymi opcjami, takimi jak\u00a0<strong>NTAG213<\/strong>,\u00a0<strong>NTAG215<\/strong>, I\u00a0<strong>NTAG216<\/strong>.<\/span><\/p>\n<div class=\"AnswerParser_TableContainer__Erb6v\" data-testid=\"table-container\">\n<table>\n<thead>\n<tr>\n<th>Funkcja<\/th>\n<th>NTAG213<\/th>\n<th>NTAG215<\/th>\n<th>NTAG216<\/th>\n<\/tr>\n<\/thead>\n<tbody>\n<tr>\n<td>Rozmiar pami\u0119ci<\/td>\n<td>144 bajt\u00f3w<\/td>\n<td>504 bajt\u00f3w<\/td>\n<td>888 bajt\u00f3w<\/td>\n<\/tr>\n<tr>\n<td>Identyfikator u\u017cytkownika<\/td>\n<td>7 bajt\u00f3w<\/td>\n<td>7 bajt\u00f3w<\/td>\n<td>7 bajt\u00f3w<\/td>\n<\/tr>\n<tr>\n<td>Zakres odczytu<\/td>\n<td>Do 10 cm<\/td>\n<td>Do 10 cm<\/td>\n<td>Do 10 cm<\/td>\n<\/tr>\n<tr>\n<td>Funkcje bezpiecze\u0144stwa<\/td>\n<td>Podstawowy<\/td>\n<td>Zaawansowany<\/td>\n<td>Zaawansowany<\/td>\n<\/tr>\n<\/tbody>\n<\/table>\n<\/div>\n<p><span class=\"AnswerParser_TextContainer__z_Iiv\" data-testid=\"youchat-text\">Ka\u017cda z tych wk\u0142adek ma unikalne cechy, kt\u00f3re odpowiadaj\u0105 potrzebom r\u00f3\u017cnych zastosowa\u0144, umo\u017cliwiaj\u0105c firmom wyb\u00f3r najodpowiedniejszej opcji w oparciu o ich wymagania.<\/span><\/p>\n<h2 class=\"AnswerParser_AnswerParserH2__SIHnF\">Integracja wk\u0142adek NFC w handlu detalicznym<\/h2>\n<p><span class=\"AnswerParser_TextContainer__z_Iiv\" data-testid=\"youchat-text\">Wk\u0142adki NFC doskonale nadaj\u0105 si\u0119 do ulepszania\u00a0<strong>\u015brodowisko detaliczne<\/strong>\u00a0poprzez dostarczanie innowacyjnych rozwi\u0105za\u0144 takich jak:<\/span><\/p>\n<ul class=\"AnswerParser_AnswerParserUnorderedList__P_1FW\">\n<li class=\"AnswerParser_ListItem__XqLOV\" translate=\"yes\"><strong>P\u0142atno\u015b\u0107 bezstykowa<\/strong>Klienci mog\u0105 dokonywa\u0107 zakup\u00f3w szybko i bezpiecznie, korzystaj\u0105c ze swoich smartfon\u00f3w.<\/li>\n<li class=\"AnswerParser_ListItem__XqLOV\" translate=\"yes\"><strong>Uwierzytelnianie produktu<\/strong>:Wk\u0142adki NFC umo\u017cliwiaj\u0105 nadanie ka\u017cdemu produktowi unikalnego identyfikatora, co pomaga w walce z fa\u0142szerstwami i gwarantuje autentyczno\u015b\u0107.<\/li>\n<li class=\"AnswerParser_ListItem__XqLOV\" translate=\"yes\"><strong>Marketing interaktywny<\/strong>:Wykorzystanie tag\u00f3w NFC w reklamie mo\u017ce prowadzi\u0107 do zwi\u0119kszonego zaanga\u017cowania klient\u00f3w za po\u015brednictwem ofert promocyjnych lub szczeg\u00f3\u0142owych informacji o produktach.<\/li>\n<\/ul>\n<h2 class=\"AnswerParser_AnswerParserH2__SIHnF\">Funkcje bezpiecze\u0144stwa wk\u0142adek NFC<\/h2>\n<p><span class=\"AnswerParser_TextContainer__z_Iiv\" data-testid=\"youchat-text\">Bezpiecze\u0144stwo jest najwa\u017cniejsze w dzisiejszym cyfrowym krajobrazie. Wk\u0142adki NFC s\u0105 wyposa\u017cone w r\u00f3\u017cne funkcje bezpiecze\u0144stwa, w tym:<\/span><\/p>\n<ul class=\"AnswerParser_AnswerParserUnorderedList__P_1FW\">\n<li class=\"AnswerParser_ListItem__XqLOV\" translate=\"yes\"><strong>Producent zaprogramowa\u0142 7-bajtowy UID<\/strong>:Ka\u017cda wk\u0142adka NFC ma unikalny identyfikator, co gwarantuje bezpiecze\u0144stwo i mo\u017cliwo\u015b\u0107 \u015bledzenia transakcji.<\/li>\n<li class=\"AnswerParser_ListItem__XqLOV\" translate=\"yes\"><strong>Ochrona has\u0142em 32-bitowym<\/strong>:Dzi\u0119ki temu zapobiega si\u0119 nieautoryzowanemu dost\u0119powi i niezamierzonym operacjom na pami\u0119ci, co daje przedsi\u0119biorstwom spok\u00f3j ducha.<\/li>\n<li class=\"AnswerParser_ListItem__XqLOV\" translate=\"yes\"><strong>Podpis oryginalno\u015bci oparty na ECC<\/strong>:Dzi\u0119ki temu mamy pewno\u015b\u0107, \u017ce produkty s\u0105 oryginalne i nie zosta\u0142y podrobione.<\/li>\n<\/ul>\n<h2 class=\"AnswerParser_AnswerParserH2__SIHnF\">Wp\u0142yw na \u015brodowisko i zr\u00f3wnowa\u017cony rozw\u00f3j<\/h2>\n<p><span class=\"AnswerParser_TextContainer__z_Iiv\" data-testid=\"youchat-text\">Poniewa\u017c firmy coraz bardziej koncentruj\u0105 si\u0119 na zr\u00f3wnowa\u017conym rozwoju, wk\u0142adki NFC wyr\u00f3\u017cniaj\u0105 si\u0119 jako przyjazne dla \u015brodowiska rozwi\u0105zania. Wiele wk\u0142adek NFC jest wykonanych z materia\u0142\u00f3w nadaj\u0105cych si\u0119 do recyklingu, co zmniejsza ilo\u015b\u0107 odpad\u00f3w i wp\u0142yw na \u015brodowisko. Ponadto ich integracja z istniej\u0105cymi systemami mo\u017ce prowadzi\u0107 do poprawy wydajno\u015bci, przyczyniaj\u0105c si\u0119 do bardziej zr\u00f3wnowa\u017conego podej\u015bcia do dzia\u0142alno\u015bci biznesowej.<\/span><\/p>\n<h2 class=\"AnswerParser_AnswerParserH2__SIHnF\">Opinie klient\u00f3w i studia przypadk\u00f3w<\/h2>\n<p><span class=\"AnswerParser_TextContainer__z_Iiv\" data-testid=\"youchat-text\">Opinie klient\u00f3w korzystaj\u0105cych z wk\u0142adek NFC s\u0105 w przewa\u017caj\u0105cej mierze pozytywne. Wielu zg\u0142asza wzrost zadowolenia klient\u00f3w ze wzgl\u0119du na \u0142atwo\u015b\u0107 u\u017cytkowania i zwi\u0119kszone zaanga\u017cowanie. Na przyk\u0142ad firmy z sektora detalicznego odnotowa\u0142y znaczn\u0105 popraw\u0119 w zakresie uczestnictwa w programach lojalno\u015bciowych i metryk interakcji z klientami po wdro\u017ceniu technologii NFC.<\/span><\/p>\n<h3 class=\"AnswerParser_AnswerParserH3__Mpe4s\">Studium przypadku: wk\u0142ady NFC firmy Avery Dennison<\/h3>\n<p><span class=\"AnswerParser_TextContainer__z_Iiv\" data-testid=\"youchat-text\">Wk\u0142adki NFC firmy Avery Dennison zosta\u0142y pomy\u015blnie zintegrowane z r\u00f3\u017cnymi \u015brodowiskami detalicznymi, zapewniaj\u0105c wydajne rozwi\u0105zania w zakresie dost\u0119pu do informacji o produktach i interakcji z klientami. Sprzedawcy detaliczni korzystaj\u0105cy z produkt\u00f3w Avery Dennison odnotowali 30% wzrost zaanga\u017cowania klient\u00f3w i 20% wzrost sprzeda\u017cy podczas kampanii promocyjnych.<\/span><\/p>\n<h2 class=\"AnswerParser_AnswerParserH2__SIHnF\">Najcz\u0119\u015bciej zadawane pytania dotycz\u0105ce wk\u0142adek NFC<\/h2>\n<p><span class=\"AnswerParser_TextContainer__z_Iiv\" data-testid=\"youchat-text\"><strong>1. Czym jest wk\u0142adka NFC?<\/strong><br \/>\nWk\u0142adka NFC to cienki, bezkontaktowy znacznik, kt\u00f3ry wykorzystuje technologi\u0119 NFC, aby umo\u017cliwi\u0107 komunikacj\u0119 mi\u0119dzy urz\u0105dzeniami. Zazwyczaj sk\u0142ada si\u0119 z uk\u0142adu scalonego i anteny, u\u0142atwiaj\u0105c przesy\u0142anie danych i wymian\u0119 energii.<\/span><\/p>\n<p><span class=\"AnswerParser_TextContainer__z_Iiv\" data-testid=\"youchat-text\"><strong>2. Jak dzia\u0142aj\u0105 wk\u0142adki NFC?<\/strong><br \/>\nWk\u0142adki NFC dzia\u0142aj\u0105 na zasadzie indukcji elektromagnetycznej, umo\u017cliwiaj\u0105c urz\u0105dzeniom takim jak smartfony komunikacj\u0119 z tagami, gdy znajduj\u0105 si\u0119 one w niewielkiej odleg\u0142o\u015bci od siebie.<\/span><\/p>\n<p><span class=\"AnswerParser_TextContainer__z_Iiv\" data-testid=\"youchat-text\"><strong>3. Czy wk\u0142adki NFC s\u0105 bezpieczne?<\/strong><br \/>\nTak, wiele wk\u0142adek NFC ma wbudowane funkcje bezpiecze\u0144stwa, w tym ochron\u0119 has\u0142em i szyfrowanie, co gwarantuje bezpiecze\u0144stwo transakcji i przesy\u0142u danych.<\/span><\/p>\n<p><span class=\"AnswerParser_TextContainer__z_Iiv\" data-testid=\"youchat-text\"><strong>4. Czy wk\u0142adki NFC mo\u017cna u\u017cywa\u0107 do p\u0142atno\u015bci?<\/strong><br \/>\nOczywi\u015bcie! Wk\u0142adki NFC s\u0105 szeroko stosowane w systemach p\u0142atno\u015bci zbli\u017ceniowych, dzi\u0119ki czemu transakcje s\u0105 szybkie i bezpieczne dla klient\u00f3w.<\/span><\/p>\n<p><span class=\"AnswerParser_TextContainer__z_Iiv\" data-testid=\"youchat-text\"><strong>5. Gdzie mog\u0119 kupi\u0107 wk\u0142adki NFC?<\/strong><br \/>\nWk\u0142adki NFC mo\u017cna naby\u0107 od r\u00f3\u017cnych dostawc\u00f3w, w tym:\u00a0<strong>Avery Dennison<\/strong>i s\u0105 dost\u0119pne w r\u00f3\u017cnych typach i specyfikacjach, aby sprosta\u0107 zr\u00f3\u017cnicowanym potrzebom zastosowa\u0144.<\/span><\/p>\n<h3 class=\"AnswerParser_AnswerParserH3__Mpe4s\">Wniosek<\/h3>\n<p><span class=\"AnswerParser_TextContainer__z_Iiv\" data-testid=\"youchat-text\">Podsumowuj\u0105c, wk\u0142adki NFC to niezawodny i najnowocze\u015bniejszy produkt, kt\u00f3ry spe\u0142nia r\u00f3\u017cnorodne potrzeby aplikacji w wielu bran\u017cach. Dzi\u0119ki op\u0142acalno\u015bci, funkcjom bezpiecze\u0144stwa i \u0142atwo\u015bci integracji inwestowanie w technologi\u0119 NFC jest m\u0105drym wyborem dla firm, kt\u00f3re chc\u0105 ulepszy\u0107 do\u015bwiadczenia klient\u00f3w i usprawni\u0107 operacje. Aby dowiedzie\u0107 si\u0119 wi\u0119cej o wk\u0142adkach NFC i zapozna\u0107 si\u0119 z naszymi rekomendacjami produkt\u00f3w, wype\u0142nij formularz zapytania ju\u017c dzi\u015b!<\/span><\/p>\n<p>&nbsp;<\/p>\n<\/div>\n<\/div>","protected":false},"excerpt":{"rendered":"<p>Ulepsz swoje do\u015bwiadczenia zakupowe dzi\u0119ki modu\u0142om NFC zapewniaj\u0105cym bezpieczne p\u0142atno\u015bci, uwierzytelnianie produkt\u00f3w i interaktywne rozwi\u0105zania marketingowe.<\/p>","protected":false},"featured_media":2767,"template":"","meta":{"_kad_post_transparent":"default","_kad_post_title":"","_kad_post_layout":"default","_kad_post_sidebar_id":"","_kad_post_content_style":"default","_kad_post_vertical_padding":"default","_kad_post_feature":"","_kad_post_feature_position":"","_kad_post_header":false,"_kad_post_footer":false,"_kad_post_classname":""},"product_brand":[],"product_cat":[189],"product_tag":[322,114,323,108],"class_list":{"0":"post-2766","1":"product","2":"type-product","3":"status-publish","4":"has-post-thumbnail","6":"product_cat-rfid-inlay","7":"product_tag-nfc-inlay-mifare-ultralight-ev1","8":"product_tag-nfc-label","9":"product_tag-nfc-sticker","10":"product_tag-rfid-inlay","12":"first","13":"instock","14":"shipping-taxable","15":"product-type-simple","16":"entry","17":"content-bg","18":"loop-entry"},"_links":{"self":[{"href":"https:\/\/rfid-laundry-tag.com\/pl\/wp-json\/wp\/v2\/product\/2766","targetHints":{"allow":["GET"]}}],"collection":[{"href":"https:\/\/rfid-laundry-tag.com\/pl\/wp-json\/wp\/v2\/product"}],"about":[{"href":"https:\/\/rfid-laundry-tag.com\/pl\/wp-json\/wp\/v2\/types\/product"}],"version-history":[{"count":1,"href":"https:\/\/rfid-laundry-tag.com\/pl\/wp-json\/wp\/v2\/product\/2766\/revisions"}],"predecessor-version":[{"id":2770,"href":"https:\/\/rfid-laundry-tag.com\/pl\/wp-json\/wp\/v2\/product\/2766\/revisions\/2770"}],"wp:featuredmedia":[{"embeddable":true,"href":"https:\/\/rfid-laundry-tag.com\/pl\/wp-json\/wp\/v2\/media\/2767"}],"wp:attachment":[{"href":"https:\/\/rfid-laundry-tag.com\/pl\/wp-json\/wp\/v2\/media?parent=2766"}],"wp:term":[{"taxonomy":"product_brand","embeddable":true,"href":"https:\/\/rfid-laundry-tag.com\/pl\/wp-json\/wp\/v2\/product_brand?post=2766"},{"taxonomy":"product_cat","embeddable":true,"href":"https:\/\/rfid-laundry-tag.com\/pl\/wp-json\/wp\/v2\/product_cat?post=2766"},{"taxonomy":"product_tag","embeddable":true,"href":"https:\/\/rfid-laundry-tag.com\/pl\/wp-json\/wp\/v2\/product_tag?post=2766"}],"curies":[{"name":"wp","href":"https:\/\/api.w.org\/{rel}","templated":true}]}}