{"id":2761,"date":"2024-10-21T16:41:28","date_gmt":"2024-10-21T16:41:28","guid":{"rendered":"https:\/\/rfid-laundry-tag.com\/?post_type=product&#038;p=2761"},"modified":"2024-10-21T16:54:52","modified_gmt":"2024-10-21T16:54:52","slug":"iso15693-i-code-slix-patrol-nfc-tag","status":"publish","type":"product","link":"https:\/\/rfid-laundry-tag.com\/pl\/iso15693-i-code-slix-patrol-nfc-tag\/","title":{"rendered":"ISO15693 I CODE SLIX Patrol NFC Tag"},"content":{"rendered":"<h1>ISO15693 I CODE SLIX Patrol NFC Tag<\/h1>\n<p>Ten\u00a0<strong>Znacznik NFC ICODE SLI X Patrol<\/strong>\u00a0jest przeznaczony dla tych, kt\u00f3rzy wymagaj\u0105 niezawodno\u015bci i wydajno\u015bci w trudnych warunkach. Ten zaawansowany\u00a0<strong>Znacznik NFC<\/strong>\u00a0jest idealny do zastosowa\u0144 patrolowych, umo\u017cliwiaj\u0105c bezproblemow\u0105 komunikacj\u0119 z urz\u0105dzeniami obs\u0142uguj\u0105cymi NFC. Zbudowany, aby wytrzyma\u0107 pr\u00f3b\u0119 czasu i trudne warunki, oferuje niesamowite\u00a0<strong>IP65<\/strong>\u00a0ocena, zapewniaj\u0105ca, \u017ce pozostanie funkcjonalny nawet po nara\u017ceniu na wilgo\u0107 i kurz. Dzi\u0119ki opcjom dostosowywania i wysokiej trwa\u0142o\u015bci ICODE SLI X jest niezb\u0119dnym narz\u0119dziem dla personelu ochrony, \u015bledzenia zasob\u00f3w i r\u00f3\u017cnych zastosowa\u0144 przemys\u0142owych.<\/p>\n<h2 class=\"AnswerParser_AnswerParserH2__SIHnF\">Funkcje i zalety znacznika NFC ICODE SLI X<\/h2>\n<ul class=\"AnswerParser_AnswerParserUnorderedList__P_1FW\">\n<li class=\"AnswerParser_ListItem__XqLOV\" translate=\"yes\"><strong>Trwa\u0142a konstrukcja<\/strong>Wykonane z\u00a0<strong>ABS<\/strong>\u00a0Materia\u0142 ICODE SLI X jest odporny na uszkodzenia fizyczne i czynniki \u015brodowiskowe.<\/li>\n<li class=\"AnswerParser_ListItem__XqLOV\" translate=\"yes\"><strong>Uniwersalne rozmiary<\/strong>Dost\u0119pne w\u00a0<strong>25 mm, 30 mm i 52 mm<\/strong>\u00a0opcji \u015brednicy, etykieta ta mo\u017ce by\u0107 dostosowana do potrzeb konkretnego zastosowania.<\/li>\n<li class=\"AnswerParser_ListItem__XqLOV\" translate=\"yes\"><strong>Wysoka wydajno\u015b\u0107<\/strong>:Dzia\u0142a w\u00a0<strong>13,56MHz<\/strong>Tag ten zapewnia znakomit\u0105 wydajno\u015b\u0107 przesy\u0142u danych, umo\u017cliwiaj\u0105c szybk\u0105 i niezawodn\u0105 komunikacj\u0119.<\/li>\n<\/ul>\n<table class=\"all magic-8\">\n<tbody>\n<tr>\n<td colspan=\"1\" rowspan=\"1\">\n<div class=\"magic-9\" data-spm-anchor-id=\"a2700.details.0.i71.50be21afmO5Aid\">\u017beton<\/div>\n<\/td>\n<td colspan=\"1\" rowspan=\"1\">\n<div class=\"magic-10\">ICODE SLI X (dostosowany)<\/div>\n<\/td>\n<\/tr>\n<tr>\n<td colspan=\"1\" rowspan=\"1\">\n<div class=\"magic-9\">Wymiary<\/div>\n<\/td>\n<td colspan=\"1\" rowspan=\"1\">\n<div class=\"magic-10\" data-spm-anchor-id=\"a2700.details.0.i73.50be21afmO5Aid\">\u015arednica 25 mm, 30 mm, 52 mm (dostosowana)<\/div>\n<\/td>\n<\/tr>\n<tr>\n<td colspan=\"1\" rowspan=\"1\">\n<div class=\"magic-9\">Grubo\u015b\u0107<\/div>\n<\/td>\n<td colspan=\"1\" rowspan=\"1\">\n<div class=\"magic-10\">3mm, Rozmiar otworu: 5mm \u015brednicy<\/div>\n<\/td>\n<\/tr>\n<tr>\n<td colspan=\"1\" rowspan=\"1\">\n<div class=\"magic-9\">Tworzywo<\/div>\n<\/td>\n<td colspan=\"1\" rowspan=\"1\">\n<div class=\"magic-10\">ABS<\/div>\n<\/td>\n<\/tr>\n<tr>\n<td colspan=\"1\" rowspan=\"1\">\n<div class=\"magic-9\">Stopie\u0144 ochrony IP<\/div>\n<\/td>\n<td colspan=\"1\" rowspan=\"1\">\n<div class=\"magic-10\">IP65<\/div>\n<\/td>\n<\/tr>\n<tr>\n<td colspan=\"1\" rowspan=\"1\">\n<div class=\"magic-9\">Temperatura aplikacji<\/div>\n<\/td>\n<td colspan=\"1\" rowspan=\"1\">\n<div class=\"magic-10\">-40~80\u00b0<\/div>\n<\/td>\n<\/tr>\n<tr>\n<td colspan=\"1\" rowspan=\"1\">\n<div class=\"magic-9\">Temperatura pracy<\/div>\n<\/td>\n<td colspan=\"1\" rowspan=\"1\">\n<div class=\"magic-10\" data-spm-anchor-id=\"a2700.details.0.i72.50be21afmO5Aid\">-40~70\u00b0C<\/div>\n<\/td>\n<\/tr>\n<tr>\n<td colspan=\"1\" rowspan=\"1\">\n<div class=\"magic-9\">Pami\u0119\u0107<\/div>\n<\/td>\n<td colspan=\"1\" rowspan=\"1\">\n<div class=\"magic-10\">1K bit\u00f3w (zale\u017cy od uk\u0142adu)<\/div>\n<\/td>\n<\/tr>\n<tr>\n<td colspan=\"1\" rowspan=\"1\">\n<div class=\"magic-9\">Zakres cz\u0119stotliwo\u015bci z najlepsz\u0105 wydajno\u015bci\u0105<\/div>\n<\/td>\n<td colspan=\"1\" rowspan=\"1\">\n<div class=\"magic-10\">13,56MHz<\/div>\n<\/td>\n<\/tr>\n<tr>\n<td colspan=\"1\" rowspan=\"1\">\n<div class=\"magic-9\">\u017bycie IC<\/div>\n<\/td>\n<td colspan=\"1\" rowspan=\"1\">\n<div class=\"magic-10\">Zapis wytrzyma\u0142o\u015bci 100 000 cykliPrzechowywanie dat<\/div>\n<\/td>\n<\/tr>\n<\/tbody>\n<\/table>\n<p>&nbsp;<\/p>\n<h3 class=\"AnswerParser_AnswerParserH3__Mpe4s\">1. Zgodno\u015b\u0107 i funkcjonalno\u015b\u0107 tagu NFC<\/h3>\n<p><span class=\"AnswerParser_TextContainer__z_Iiv\" data-testid=\"youchat-text\">Ten\u00a0<strong>Znacznik ICODE SLI X NFC<\/strong>\u00a0jest kompatybilny z szerok\u0105 gam\u0105\u00a0<strong>Urz\u0105dzenia obs\u0142uguj\u0105ce technologi\u0119 NFC<\/strong>, w tym smartfony i tablety. Ta zgodno\u015b\u0107 pozwala u\u017cytkownikom na \u0142atwe\u00a0<strong>przeczytaj NFC<\/strong>\u00a0tagi za pomoc\u0105 swoich urz\u0105dze\u0144, niezale\u017cnie od tego, czy u\u017cywaj\u0105\u00a0<strong>iPhone<\/strong>\u00a0lub\u00a0<strong>Android<\/strong>\u00a0telefon. Integracja\u00a0<strong>Technologia NFC<\/strong>\u00a0oznacza, \u017ce u\u017cytkownicy mog\u0105 szybko zbli\u017cy\u0107 swoje urz\u0105dzenie do znacznika, aby uzyska\u0107 natychmiastowy dost\u0119p do danych. Dzi\u0119ki temu rozwi\u0105zanie to idealnie nadaje si\u0119 do wizyt\u00f3wek, bezpiecznych system\u00f3w wej\u015bciowych lub udost\u0119pniania informacji.<\/span><span class=\"AnswerParser_TextContainer__z_Iiv\" data-testid=\"youchat-text\">Tag jest przeznaczony do stosowania w r\u00f3\u017cnych aplikacjach, umo\u017cliwiaj\u0105c firmom usprawnienie operacji i popraw\u0119 komunikacji. Niezale\u017cnie od tego, czy u\u017cywasz go jako cz\u0119\u015bci\u00a0<strong>system patrolowy<\/strong>\u00a0lub do \u015bledzenia zasob\u00f3w, ICODE SLI X stanowi niezawodne rozwi\u0105zanie, kt\u00f3re mo\u017ce okaza\u0107 si\u0119 nieocenione w codziennych operacjach.<\/span><\/p>\n<h3 class=\"AnswerParser_AnswerParserH3__Mpe4s\">2. Wydajno\u015b\u0107 znacznika NFC na metalu<\/h3>\n<p><span class=\"AnswerParser_TextContainer__z_Iiv\" data-testid=\"youchat-text\">Jedn\u0105 z wyr\u00f3\u017cniaj\u0105cych si\u0119 cech ICODE SLI X jest jego zdolno\u015b\u0107 do efektywnego dzia\u0142ania jako\u00a0<strong>tag NFC na metalu<\/strong>Tradycyjne znaczniki NFC cz\u0119sto maj\u0105 problemy z powierzchniami metalowymi ze wzgl\u0119du na zak\u0142\u00f3cenia, ale ten znacznik wykorzystuje zaawansowane\u00a0<strong>technologia antymetalowa<\/strong>\u00a0aby zapewni\u0107 niezawodn\u0105 wydajno\u015b\u0107. Oznacza to, \u017ce mo\u017cna go bezpiecznie przymocowa\u0107 do powierzchni metalowych bez utraty funkcjonalno\u015bci, co czyni go idealnym do zastosowa\u0144 przemys\u0142owych lub punkt\u00f3w kontroli bezpiecze\u0144stwa.<\/span><span class=\"AnswerParser_TextContainer__z_Iiv\" data-testid=\"youchat-text\">Po przymocowaniu do metalu ICODE SLI X utrzymuje silne po\u0142\u0105czenie z urz\u0105dzeniami NFC, umo\u017cliwiaj\u0105c bezproblemowy transfer danych bez potrzeby dodatkowego sprz\u0119tu. Ta funkcja jest szczeg\u00f3lnie korzystna dla firm, kt\u00f3re chc\u0105 wdro\u017cy\u0107\u00a0<strong>rozwi\u0105zania bezkontaktowe<\/strong>\u00a0w trudnych warunkach.<\/span><\/p>\n<h3 class=\"AnswerParser_AnswerParserH3__Mpe4s\">3. Opcje dostosowywania do r\u00f3\u017cnych zastosowa\u0144<\/h3>\n<p><span class=\"AnswerParser_TextContainer__z_Iiv\" data-testid=\"youchat-text\">Dostosowanie jest kluczowe, je\u015bli chodzi o wdra\u017canie technologii NFC w r\u00f3\u017cnych bran\u017cach. ICODE SLI X mo\u017cna dostosowa\u0107 do konkretnych wymaga\u0144, w tym rozmiaru i pojemno\u015bci pami\u0119ci. Z opcjami dla\u00a0<strong>25 mm, 30 mm i 52 mm<\/strong>\u00a0\u015brednic, firmy mog\u0105 wybra\u0107 idealny rozmiar odpowiadaj\u0105cy ich potrzebom.<\/span><span class=\"AnswerParser_TextContainer__z_Iiv\" data-testid=\"youchat-text\">Dodatkowo pojemno\u015b\u0107 pami\u0119ci mo\u017cna dostosowa\u0107, co pozwala na r\u00f3\u017cne potrzeby przechowywania danych. Niezale\u017cnie od tego, czy potrzebujesz prostego\u00a0<strong>Naklejka NFC<\/strong>\u00a0Niezale\u017cnie od tego, czy chodzi o wizyt\u00f3wk\u0119, czy o bardziej z\u0142o\u017cone rozwi\u0105zanie do \u015bledzenia zasob\u00f3w, ICODE SLI X mo\u017cna dostosowa\u0107 tak, aby zapewnia\u0142 odpowiedni\u0105 funkcjonalno\u015b\u0107.<\/span><\/p>\n<h3 class=\"AnswerParser_AnswerParserH3__Mpe4s\">4. Projekt odporny na \u015brodowisko<\/h3>\n<p><span class=\"AnswerParser_TextContainer__z_Iiv\" data-testid=\"youchat-text\">Z\u00a0<strong>IP65<\/strong>\u00a0ocena, ICODE SLI X jest zaprojektowany tak, aby wytrzyma\u0107 nara\u017cenie na kurz i wilgo\u0107, dzi\u0119ki czemu nadaje si\u0119 do u\u017cytku na zewn\u0105trz i w przemy\u015ble. Tag mo\u017ce dzia\u0142a\u0107 w temperaturach od\u00a0<strong>-40\u00b0C do 80\u00b0C<\/strong>, zapewniaj\u0105c sta\u0142\u0105 wydajno\u015b\u0107 w ekstremalnych warunkach.<\/span><span class=\"AnswerParser_TextContainer__z_Iiv\" data-testid=\"youchat-text\">Dzi\u0119ki tej solidno\u015bci firmy mog\u0105 polega\u0107 na ICODE SLI X w przypadku\u00a0<strong>d\u0142ugotrwa\u0142e stosowanie<\/strong>, zmniejszaj\u0105c potrzeb\u0119 cz\u0119stych wymian i ostatecznie oszcz\u0119dzaj\u0105c koszty. Trwa\u0142o\u015b\u0107 tagu zapewnia, \u017ce przetrwa on w najtrudniejszych warunkach, co czyni go m\u0105dr\u0105 inwestycj\u0105 w przypadku ka\u017cdej operacji.<\/span><\/p>\n<h3 class=\"AnswerParser_AnswerParserH3__Mpe4s\">5. \u0141atwa instalacja i u\u017cytkowanie<\/h3>\n<p><span class=\"AnswerParser_TextContainer__z_Iiv\" data-testid=\"youchat-text\">Instalacja ICODE SLI X jest prosta dzi\u0119ki konstrukcji wyposa\u017conej w\u00a0<strong>otw\u00f3r na \u015brub\u0119<\/strong>\u00a0do bezpiecznego mocowania. Niezale\u017cnie od tego, czy zdecydujesz si\u0119 przyklei\u0107 go za pomoc\u0105\u00a0<strong>klej NFC<\/strong>\u00a0Monta\u017c odbywa si\u0119 poprzez przykr\u0119cenie lub przykr\u0119cenie, a ca\u0142y proces jest prosty i efektywny.<\/span><span class=\"AnswerParser_TextContainer__z_Iiv\" data-testid=\"youchat-text\">Po zainstalowaniu korzystanie z tagu jest r\u00f3wnie \u0142atwe. U\u017cytkownicy mog\u0105 po prostu\u00a0<strong>dotknij tagu<\/strong>\u00a0z ich\u00a0<strong>Telefon z obs\u0142ug\u0105 NFC<\/strong>\u00a0aby uzyska\u0107 dost\u0119p do informacji lub wykona\u0107 polecenia. Ta \u0142atwo\u015b\u0107 u\u017cytkowania sprawia, \u017ce ICODE SLI X jest idealnym wyborem dla firm, kt\u00f3re chc\u0105 wdro\u017cy\u0107\u00a0<strong>komunikacja bezprzewodowa<\/strong>\u00a0bez z\u0142o\u017cono\u015bci tradycyjnych system\u00f3w.<\/span><\/p>\n<h3 class=\"AnswerParser_AnswerParserH3__Mpe4s\">6. Najcz\u0119\u015bciej zadawane pytania dotycz\u0105ce tagu ICODE SLI X NFC<\/h3>\n<p><span class=\"AnswerParser_TextContainer__z_Iiv\" data-testid=\"youchat-text\"><strong>P: Czy karty ICODE SLI X mo\u017cna u\u017cywa\u0107 do p\u0142atno\u015bci zbli\u017ceniowych?<\/strong><br \/>\nA: Chocia\u017c ICODE SLI X zosta\u0142 zaprojektowany z my\u015bl\u0105 o przesy\u0142aniu danych i komunikacji, mo\u017cna go zintegrowa\u0107 z systemami obs\u0142uguj\u0105cymi p\u0142atno\u015bci zbli\u017ceniowe. Samo w sobie nie jest jednak urz\u0105dzeniem do przetwarzania p\u0142atno\u015bci.<\/span><\/p>\n<p><span class=\"AnswerParser_TextContainer__z_Iiv\" data-testid=\"youchat-text\"><strong>P: Czy ICODE SLI X jest wodoodporny?<\/strong><br \/>\nA: ICODE SLI X ma klas\u0119 IP65, co czyni go odpornym na kurz i zachlapania wod\u0105, ale nie w pe\u0142ni wodoodpornym. Nadaje si\u0119 do u\u017cytku na zewn\u0105trz w r\u00f3\u017cnych warunkach pogodowych.<\/span><\/p>\n<p><span class=\"AnswerParser_TextContainer__z_Iiv\" data-testid=\"youchat-text\"><strong>P: Jak d\u0142ugo wytrzymuje bateria?<\/strong><br \/>\nA: Tagi NFC, takie jak ICODE SLI X, nie maj\u0105 baterii. Po dotkni\u0119ciu czerpi\u0105 energi\u0119 z urz\u0105dzenia obs\u0142uguj\u0105cego NFC, co zapewnia d\u0142ugotrwa\u0142\u0105 funkcjonalno\u015b\u0107 przy minimalnej konserwacji.<\/span><\/p>","protected":false},"excerpt":{"rendered":"<p>Ten <strong>Znacznik NFC ICODE SLI X Patrol<\/strong> wyr\u00f3\u017cnia si\u0119 jako niezawodne i wszechstronne rozwi\u0105zanie RFID do komunikacji w terenie i podczas patroli.<\/p>","protected":false},"featured_media":2763,"template":"","meta":{"_kad_post_transparent":"default","_kad_post_title":"","_kad_post_layout":"default","_kad_post_sidebar_id":"","_kad_post_content_style":"default","_kad_post_vertical_padding":"default","_kad_post_feature":"","_kad_post_feature_position":"","_kad_post_header":false,"_kad_post_footer":false,"_kad_post_classname":""},"product_brand":[],"product_cat":[54],"product_tag":[133,320,321],"class_list":{"0":"post-2761","1":"product","2":"type-product","3":"status-publish","4":"has-post-thumbnail","6":"product_cat-hot-selling-rfid-tags","7":"product_tag-i-code-slix-nfc-tag","8":"product_tag-iso15693-nfc-tag","9":"product_tag-patrol-nfc-tag","11":"first","12":"instock","13":"shipping-taxable","14":"product-type-simple","15":"entry","16":"content-bg","17":"loop-entry"},"_links":{"self":[{"href":"https:\/\/rfid-laundry-tag.com\/pl\/wp-json\/wp\/v2\/product\/2761","targetHints":{"allow":["GET"]}}],"collection":[{"href":"https:\/\/rfid-laundry-tag.com\/pl\/wp-json\/wp\/v2\/product"}],"about":[{"href":"https:\/\/rfid-laundry-tag.com\/pl\/wp-json\/wp\/v2\/types\/product"}],"version-history":[{"count":1,"href":"https:\/\/rfid-laundry-tag.com\/pl\/wp-json\/wp\/v2\/product\/2761\/revisions"}],"predecessor-version":[{"id":2765,"href":"https:\/\/rfid-laundry-tag.com\/pl\/wp-json\/wp\/v2\/product\/2761\/revisions\/2765"}],"wp:featuredmedia":[{"embeddable":true,"href":"https:\/\/rfid-laundry-tag.com\/pl\/wp-json\/wp\/v2\/media\/2763"}],"wp:attachment":[{"href":"https:\/\/rfid-laundry-tag.com\/pl\/wp-json\/wp\/v2\/media?parent=2761"}],"wp:term":[{"taxonomy":"product_brand","embeddable":true,"href":"https:\/\/rfid-laundry-tag.com\/pl\/wp-json\/wp\/v2\/product_brand?post=2761"},{"taxonomy":"product_cat","embeddable":true,"href":"https:\/\/rfid-laundry-tag.com\/pl\/wp-json\/wp\/v2\/product_cat?post=2761"},{"taxonomy":"product_tag","embeddable":true,"href":"https:\/\/rfid-laundry-tag.com\/pl\/wp-json\/wp\/v2\/product_tag?post=2761"}],"curies":[{"name":"wp","href":"https:\/\/api.w.org\/{rel}","templated":true}]}}