{"id":275,"date":"2024-06-21T16:36:22","date_gmt":"2024-06-21T16:36:22","guid":{"rendered":"https:\/\/rfid-laundry-tag.com\/?post_type=product&#038;p=275"},"modified":"2024-08-14T15:51:48","modified_gmt":"2024-08-14T15:51:48","slug":"arc-uhf-rfid-label-for-retail-inventory","status":"publish","type":"product","link":"https:\/\/rfid-laundry-tag.com\/pl\/arc-uhf-rfid-label-for-retail-inventory\/","title":{"rendered":"Etykieta ARC UHF RFID do inwentaryzacji detalicznej"},"content":{"rendered":"<table class=\"is-zebra all magic-8\">\n<tbody>\n<tr>\n<td colspan=\"1\" rowspan=\"1\">\n<div class=\"magic-9\">Specyfikacja:<\/div>\n<\/td>\n<td colspan=\"1\" rowspan=\"1\">\n<div class=\"magic-10\" data-spm-anchor-id=\"a2700.details.0.i56.7f4b711d2WlIPD\">80mm*20mm,70*14.5mm,30*50mm, (mo\u017cliwo\u015b\u0107 dostosowania)<\/div>\n<\/td>\n<\/tr>\n<tr>\n<td colspan=\"1\" rowspan=\"1\">\n<div class=\"magic-9\">Materia\u0142y opakowaniowe:<\/div>\n<\/td>\n<td colspan=\"1\" rowspan=\"1\">\n<div class=\"magic-10\">Papier powlekany \/PVC\/PET, itp.<\/div>\n<\/td>\n<\/tr>\n<tr>\n<td colspan=\"1\" rowspan=\"1\">\n<div class=\"magic-9\">Zakres zastosowania:<\/div>\n<\/td>\n<td colspan=\"1\" rowspan=\"1\">\n<div class=\"magic-10\">Sprzeda\u017c detaliczna w supermarketach, odzie\u017c, obuwie i nakrycia g\u0142owy, identyfikowalno\u015b\u0107 podr\u00f3bek, zarz\u0105dzanie magazynowaniem itp.<\/div>\n<\/td>\n<\/tr>\n<tr>\n<td colspan=\"1\" rowspan=\"1\">\n<div class=\"magic-9\">Cykl przepisywania:<\/div>\n<\/td>\n<td colspan=\"1\" rowspan=\"1\">\n<div class=\"magic-10\">10W razy<\/div>\n<\/td>\n<\/tr>\n<tr>\n<td colspan=\"1\" rowspan=\"1\">\n<div class=\"magic-11\">Wykrywanie odleg\u0142o\u015bci:<\/div>\n<\/td>\n<td colspan=\"1\" rowspan=\"1\">\n<div class=\"magic-12\">\u00a015m<\/div>\n<\/td>\n<\/tr>\n<tr>\n<td colspan=\"1\" rowspan=\"1\">\n<div class=\"magic-11\">\u017beton:<\/div>\n<\/td>\n<td colspan=\"1\" rowspan=\"1\">\n<div class=\"magic-12\">Obcy Higgs 3, H9, H10, U9, U10 itd.<\/div>\n<\/td>\n<\/tr>\n<tr>\n<td colspan=\"1\" rowspan=\"1\">\n<div class=\"magic-11\">Cechy:<\/div>\n<\/td>\n<td colspan=\"1\" rowspan=\"1\">\n<div class=\"magic-12\">Posiada certyfikat ARC, mo\u017cna go drukowa\u0107 i jest kompatybilny z r\u00f3\u017cnymi markami drukarek<\/div>\n<\/td>\n<\/tr>\n<tr>\n<td colspan=\"1\" rowspan=\"1\">\n<div class=\"magic-13\">Cz\u0119stotliwo\u015b\u0107 pracy:<\/div>\n<\/td>\n<td colspan=\"1\" rowspan=\"1\">\n<div class=\"magic-14\" data-spm-anchor-id=\"a2700.details.0.i55.7f4b711d2WlIPD\">860-960MHz<\/div>\n<\/td>\n<\/tr>\n<\/tbody>\n<\/table>\n<p>&nbsp;<\/p>\n<p><b>Naklejki RFID<\/b> s\u0105 zazwyczaj zarz\u0105dzane przez przyklejanie RFID i proste u\u017cytkowanie i przyklejanie. Jest to stosunkowo prosta warstwa podmiotu, ekonomia warstw i monta\u017c. Przyklejanie RFID to rodzaj aplikacji, kt\u00f3ra musi by\u0107 praktyczna na powierzchni docelowej i mo\u017ce by\u0107 r\u00f3wnie\u017c \u0142atwo stosowana do odzie\u017cy. Stosowane do zarz\u0105dzania\/kasowania w supermarkecie, zarz\u0105dzania transportem, zarz\u0105dzania aktywami itp.<\/p>\n<p><b>Rzemios\u0142o drukarskie:<\/b> 1. Procesy drukowania, takie jak druk rolkowy, druk cyfrowy, druk arkuszowy, sitodruk, natryskowe nanoszenie kodu dwuwymiarowego, natryskowe nanoszenie kodu kreskowego, zmienna ilo\u015b\u0107 kod\u00f3w kreskowych itp. 2. Materia\u0142y nadaj\u0105ce si\u0119 do druku to: papier powlekany, PVC, bia\u0142y PET, papier syntetyczny, papier termiczny, transparentny Dragon, papier podw\u00f3jnie klej\u0105cy.<\/p>\n<div><b>Opcjonalnie: <\/b><\/div>\n<div data-spm-anchor-id=\"a2700.details.0.i77.2a8f6864Jckp2O\">Mo\u017cliwo\u015b\u0107 personalizacji; sitodruk, nadruk natryskowy numeru (kod UID, kod EPC, kod kreskowy itp.). Oferujemy opcj\u0119 naklejania. Us\u0142uga kodowania. Inne us\u0142ugi na \u017cyczenie.<\/div>\n<div data-spm-anchor-id=\"a2700.details.0.i77.2a8f6864Jckp2O\"><\/div>\n<div data-spm-anchor-id=\"a2700.details.0.i77.2a8f6864Jckp2O\">\n<div class=\"J_module\">\n<div id=\"ali-anchor-AliMagic-o3qbn0\" class=\"magic-12\" data-section=\"AliMagic-o3qbn0\" data-section-title=\"Avaliable Chip\" data-spm-anchor-id=\"a2700.details.0.i50.22492d905vHxQE\">Dost\u0119pny Chip<\/div>\n<\/div>\n<div class=\"J_module\">\n<div class=\"ife-detail-decorate-table\">\n<table class=\"all magic-23\">\n<tbody>\n<tr>\n<td colspan=\"1\" rowspan=\"3\">\n<div class=\"magic-24\">\n<div class=\"magic-2\" data-spm-anchor-id=\"a2700.custom-template.0.i380.a89a33331THEnR\"><b class=\"magic-25\">\u00a0<\/b><\/div>\n<div class=\"magic-2\" data-spm-anchor-id=\"a2700.custom-template.0.i380.a89a33331THEnR\"><b class=\"magic-25\">Typ uk\u0142adu scalonego<\/b><\/div>\n<\/div>\n<\/td>\n<td colspan=\"2\" rowspan=\"1\">\n<div class=\"magic-26\">\n<div class=\"magic-2\" data-spm-anchor-id=\"a2700.custom-template.0.i9.4058333366sJMP\"><b class=\"magic-25\">Skryty<\/b><\/div>\n<\/div>\n<\/td>\n<td colspan=\"1\" rowspan=\"1\">\n<div class=\"magic-29\">\n<div class=\"magic-2\"><b class=\"magic-25\" data-spm-anchor-id=\"a2700.custom-template.0.i425.a89a33331THEnR\">EPC<\/b><\/div>\n<\/div>\n<\/td>\n<td colspan=\"1\" rowspan=\"1\">\n<div class=\"magic-30\">\n<div class=\"magic-2\"><b>U\u017cytkownik<\/b><\/div>\n<\/div>\n<\/td>\n<td colspan=\"1\" rowspan=\"3\">\n<div class=\"magic-31\">\n<div class=\"magic-2\"><b>\u00a0<\/b><\/div>\n<div class=\"magic-2\"><b>Protok\u00f3\u0142<\/b><\/div>\n<\/div>\n<\/td>\n<td colspan=\"1\" rowspan=\"3\">\n<div class=\"magic-32\">\n<div class=\"magic-2\"><b>\u00a0<\/b><\/div>\n<div class=\"magic-2\"><b>Cz\u0119stotliwo\u015b\u0107<\/b><\/div>\n<\/div>\n<\/td>\n<\/tr>\n<tr>\n<td colspan=\"1\" rowspan=\"2\">\n<div class=\"magic-34\">\n<div class=\"magic-2\" data-spm-anchor-id=\"a2700.custom-template.0.i437.a89a33331THEnR\">Dost\u0119p<\/div>\n<div class=\"magic-2\">(kawa\u0142ki)<\/div>\n<\/div>\n<\/td>\n<td colspan=\"1\" rowspan=\"2\">\n<div class=\"magic-35\">\n<div class=\"magic-2\">Zabi\u0107<\/div>\n<div class=\"magic-2\" data-spm-anchor-id=\"a2700.details.0.i51.22492d905vHxQE\">(kawa\u0142ki)<\/div>\n<\/div>\n<\/td>\n<td colspan=\"1\" rowspan=\"2\">\n<div class=\"magic-34\">\n<div class=\"magic-2\">EPC<\/div>\n<div class=\"magic-2\">(kawa\u0142ki)<\/div>\n<\/div>\n<\/td>\n<td colspan=\"1\" rowspan=\"2\">\n<div class=\"magic-36\">\n<div class=\"magic-2\">u\u017cytkownik<\/div>\n<div class=\"magic-2\">(kawa\u0142ki)<\/div>\n<\/div>\n<\/td>\n<\/tr>\n<tr>\n<td colspan=\"7\" rowspan=\"1\">\n<div class=\"magic-39\">\n<div class=\"magic-2\" data-spm-anchor-id=\"a2700.custom-template.0.i20.a89a3333ytXRbS\"><b data-spm-anchor-id=\"a2700.custom-template.0.i12.4058333366sJMP\"><span class=\"magic-40\">NXP<\/span><\/b><\/div>\n<\/div>\n<\/td>\n<\/tr>\n<tr>\n<td colspan=\"1\" rowspan=\"1\">\n<div class=\"magic-33\">Kod UCODE\u00ae 9<\/div>\n<\/td>\n<td colspan=\"1\" rowspan=\"1\">\n<div class=\"magic-29\">\n<div class=\"magic-2\">32<\/div>\n<\/div>\n<\/td>\n<td colspan=\"1\" rowspan=\"1\">\n<div class=\"magic-28\">\n<div class=\"magic-2\">32<\/div>\n<\/div>\n<\/td>\n<td colspan=\"1\" rowspan=\"1\">\n<div class=\"magic-29\">\n<div class=\"magic-2\" data-spm-anchor-id=\"a2700.custom-template.0.i5.a89a3333hCDHmj\">96<\/div>\n<\/div>\n<\/td>\n<td colspan=\"1\" rowspan=\"1\">\n<div class=\"magic-30\">\n<div class=\"magic-2\">\u2013<\/div>\n<\/div>\n<\/td>\n<td colspan=\"1\" rowspan=\"4\">\n<div class=\"magic-31\">\n<div class=\"magic-2\" data-spm-anchor-id=\"a2700.custom-template.0.i472.a89a33331THEnR\"><\/div>\n<div class=\"magic-2\" data-spm-anchor-id=\"a2700.custom-template.0.i473.a89a33331THEnR\"><\/div>\n<div class=\"magic-2\" data-spm-anchor-id=\"a2700.custom-template.0.i473.a89a33331THEnR\">ISO18000-6C<\/div>\n<div class=\"magic-2\" data-spm-anchor-id=\"a2700.custom-template.0.i466.a89a33331THEnR\">Klasa 1 Generacja 2<\/div>\n<\/div>\n<\/td>\n<td colspan=\"1\" rowspan=\"4\">\n<div class=\"magic-32\">\n<div class=\"magic-2\"><\/div>\n<div class=\"magic-2\"><\/div>\n<div class=\"magic-2\">860~960MHz<\/div>\n<\/div>\n<\/td>\n<\/tr>\n<tr>\n<td colspan=\"1\" rowspan=\"1\">\n<div class=\"magic-33\">UKODE\u00ae 8\/8m<\/div>\n<\/td>\n<td colspan=\"1\" rowspan=\"1\">\n<div class=\"magic-29\">\n<div class=\"magic-2\">32<\/div>\n<\/div>\n<\/td>\n<td colspan=\"1\" rowspan=\"1\">\n<div class=\"magic-28\">\n<div class=\"magic-2\">32<\/div>\n<\/div>\n<\/td>\n<td colspan=\"1\" rowspan=\"1\">\n<div class=\"magic-29\">\n<div class=\"magic-2\">128\/96<\/div>\n<\/div>\n<\/td>\n<td colspan=\"1\" rowspan=\"1\">\n<div class=\"magic-41\">\n<div class=\"magic-2\">0\/32<\/div>\n<\/div>\n<\/td>\n<\/tr>\n<tr>\n<td colspan=\"1\" rowspan=\"1\">\n<div class=\"magic-33\">UKODE\u00ae 7m<\/div>\n<\/td>\n<td colspan=\"1\" rowspan=\"1\">\n<div class=\"magic-29\">\n<div class=\"magic-2\">32<\/div>\n<\/div>\n<\/td>\n<td colspan=\"1\" rowspan=\"1\">\n<div class=\"magic-28\">\n<div class=\"magic-2\">0<\/div>\n<\/div>\n<\/td>\n<td colspan=\"1\" rowspan=\"1\">\n<div class=\"magic-29\">\n<div class=\"magic-2\">128<\/div>\n<\/div>\n<\/td>\n<td colspan=\"1\" rowspan=\"1\">\n<div class=\"magic-41\">\n<div class=\"magic-2\">32<\/div>\n<\/div>\n<\/td>\n<\/tr>\n<tr>\n<td colspan=\"1\" rowspan=\"1\">\n<div class=\"magic-33\">Kod UCODE\u00ae 7<\/div>\n<\/td>\n<td colspan=\"1\" rowspan=\"1\">\n<div class=\"magic-29\">\n<div class=\"magic-2\">32<\/div>\n<\/div>\n<\/td>\n<td colspan=\"1\" rowspan=\"1\">\n<div class=\"magic-28\">\n<div class=\"magic-2\">32<\/div>\n<\/div>\n<\/td>\n<td colspan=\"1\" rowspan=\"1\">\n<div class=\"magic-29\">\n<div class=\"magic-2\">128<\/div>\n<\/div>\n<\/td>\n<td colspan=\"1\" rowspan=\"1\">\n<div class=\"magic-41\">\n<div class=\"magic-2\">0<\/div>\n<\/div>\n<\/td>\n<\/tr>\n<tr>\n<td colspan=\"7\" rowspan=\"1\">\n<div class=\"magic-42\"><b data-spm-anchor-id=\"a2700.custom-template.0.i92.a89a3333ytXRbS\">UCODE s\u0105 zarejestrowanymi znakami towarowymi firmy NXP BV i s\u0105 u\u017cywane na podstawie licencji.<\/b><\/div>\n<\/td>\n<\/tr>\n<\/tbody>\n<\/table>\n<\/div>\n<\/div>\n<\/div>","protected":false},"excerpt":{"rendered":"<p><span data-spm-anchor-id=\"a2700.details.0.i75.2a8f6864Jckp2O\">Walmart wykorzystuje technologi\u0119 RFID, aby zwi\u0119kszy\u0107 zadowolenie klient\u00f3w i efektywno\u015b\u0107 poprzez zwi\u0119kszenie dok\u0142adno\u015bci odbioru i zmniejszenie liczby przypadk\u00f3w wyst\u0119powania niezadowalaj\u0105cych artyku\u0142\u00f3w.<\/span><\/p>","protected":false},"featured_media":276,"template":"","meta":{"_kad_post_transparent":"default","_kad_post_title":"","_kad_post_layout":"default","_kad_post_sidebar_id":"","_kad_post_content_style":"default","_kad_post_vertical_padding":"default","_kad_post_feature":"","_kad_post_feature_position":"","_kad_post_header":false,"_kad_post_footer":false,"_kad_post_classname":""},"product_brand":[],"product_cat":[54],"product_tag":[104,103,98],"class_list":{"0":"post-275","1":"product","2":"type-product","3":"status-publish","4":"has-post-thumbnail","6":"product_cat-hot-selling-rfid-tags","7":"product_tag-arc-uhf-rfid-label","8":"product_tag-arc-uhf-rfid-label-for-retail-inventory","9":"product_tag-uhf-rfid-label","11":"first","12":"instock","13":"shipping-taxable","14":"product-type-simple","15":"entry","16":"content-bg","17":"loop-entry"},"_links":{"self":[{"href":"https:\/\/rfid-laundry-tag.com\/pl\/wp-json\/wp\/v2\/product\/275","targetHints":{"allow":["GET"]}}],"collection":[{"href":"https:\/\/rfid-laundry-tag.com\/pl\/wp-json\/wp\/v2\/product"}],"about":[{"href":"https:\/\/rfid-laundry-tag.com\/pl\/wp-json\/wp\/v2\/types\/product"}],"version-history":[{"count":1,"href":"https:\/\/rfid-laundry-tag.com\/pl\/wp-json\/wp\/v2\/product\/275\/revisions"}],"predecessor-version":[{"id":1302,"href":"https:\/\/rfid-laundry-tag.com\/pl\/wp-json\/wp\/v2\/product\/275\/revisions\/1302"}],"wp:featuredmedia":[{"embeddable":true,"href":"https:\/\/rfid-laundry-tag.com\/pl\/wp-json\/wp\/v2\/media\/276"}],"wp:attachment":[{"href":"https:\/\/rfid-laundry-tag.com\/pl\/wp-json\/wp\/v2\/media?parent=275"}],"wp:term":[{"taxonomy":"product_brand","embeddable":true,"href":"https:\/\/rfid-laundry-tag.com\/pl\/wp-json\/wp\/v2\/product_brand?post=275"},{"taxonomy":"product_cat","embeddable":true,"href":"https:\/\/rfid-laundry-tag.com\/pl\/wp-json\/wp\/v2\/product_cat?post=275"},{"taxonomy":"product_tag","embeddable":true,"href":"https:\/\/rfid-laundry-tag.com\/pl\/wp-json\/wp\/v2\/product_tag?post=275"}],"curies":[{"name":"wp","href":"https:\/\/api.w.org\/{rel}","templated":true}]}}