{"id":2742,"date":"2024-10-11T16:12:50","date_gmt":"2024-10-11T16:12:50","guid":{"rendered":"https:\/\/rfid-laundry-tag.com\/?post_type=product&#038;p=2742"},"modified":"2024-10-29T14:33:03","modified_gmt":"2024-10-29T14:33:03","slug":"epoxy-menu-nfc-tags","status":"publish","type":"product","link":"https:\/\/rfid-laundry-tag.com\/pl\/epoxy-menu-nfc-tags\/","title":{"rendered":"Epoxy Menu NFC Tagi"},"content":{"rendered":"<p><span class=\"AnswerParser_TextContainer__z_Iiv\" data-testid=\"youchat-text\"><strong>Epoxy Menu NFC Tagi<\/strong>\u00a0wykorzystaj najnowocze\u015bniejsz\u0105 technologi\u0119 NFC i kod\u00f3w QR, aby zmieni\u0107 spos\u00f3b interakcji go\u015bci z menu. Te innowacyjne tagi pozwalaj\u0105 klientom szybko przegl\u0105da\u0107 i zamawia\u0107 bezpo\u015brednio ze swoich smartfon\u00f3w, ulepszaj\u0105c ich do\u015bwiadczenia kulinarne, a jednocze\u015bnie usprawniaj\u0105c dzia\u0142anie restauracji, kawiarni i bar\u00f3w. Dzi\u0119ki konfigurowalnym projektom i solidnym funkcjom te tagi s\u0105 niezb\u0119dne w ka\u017cdym nowoczesnym lokalu.<\/span><\/p>\n<h2 class=\"AnswerParser_AnswerParserH2__SIHnF\">Zarys produktu<\/h2>\n<h3 class=\"AnswerParser_AnswerParserH3__Mpe4s\">1. Czym s\u0105 tagi NFC Epoxy Menu?<\/h3>\n<p><span class=\"AnswerParser_TextContainer__z_Iiv\" data-testid=\"youchat-text\">Epoxy Menu NFC Tags to zaawansowane narz\u0119dzia cyfrowe zaprojektowane w celu u\u0142atwienia bezproblemowego dost\u0119pu do menu i zamawiania. Wykonane z trwa\u0142ych materia\u0142\u00f3w, takich jak PVC i wyposa\u017cone w chipy NFC, te tagi mo\u017cna dostosowa\u0107 za pomoc\u0105 logo, numer\u00f3w seryjnych, a nawet dynamicznych kod\u00f3w QR. Ich powierzchnia klej\u0105ca z \u017cywicy epoksydowej zapewnia d\u0142ugowieczno\u015b\u0107 i odporno\u015b\u0107, dzi\u0119ki czemu nadaj\u0105 si\u0119 do r\u00f3\u017cnych \u015brodowisk.<\/span><\/p>\n<h3 class=\"AnswerParser_AnswerParserH3__Mpe4s\">2. G\u0142\u00f3wne cechy etykiet NFC Epoxy Menu<\/h3>\n<ul class=\"AnswerParser_AnswerParserUnorderedList__P_1FW\">\n<li class=\"AnswerParser_ListItem__XqLOV\" translate=\"yes\"><strong>Trwa\u0142o\u015b\u0107<\/strong>:Powierzchnia z \u017cywicy epoksydowej zapewnia wyj\u0105tkow\u0105 ochron\u0119 przed olejem, wod\u0105, zarysowaniami i promieniami UV, dzi\u0119ki czemu znaczniki pozostaj\u0105 funkcjonalne i atrakcyjne wizualnie przez d\u0142ugi czas.<\/li>\n<li class=\"AnswerParser_ListItem__XqLOV\" translate=\"yes\"><strong>Wszechstronno\u015b\u0107<\/strong>: Dzi\u0119ki dost\u0119pnym rozmiarom okr\u0105g\u0142ym (\u042460mm, \u042475mm, \u0424100mm) i kwadratowym (80x80mm) zawieszki te mo\u017cna dostosowa\u0107 do wszelkich wymaga\u0144 estetycznych lub brandingowych.<\/li>\n<li class=\"AnswerParser_ListItem__XqLOV\" translate=\"yes\"><strong>Zgodno\u015b\u0107<\/strong>:Warstwa antymetaliczna pozwala na skuteczne dzia\u0142anie tych tag\u00f3w zar\u00f3wno na powierzchniach metalowych, jak i niemetalowych, dzi\u0119ki czemu idealnie nadaj\u0105 si\u0119 do r\u00f3\u017cnorodnych zastosowa\u0144.<\/li>\n<\/ul>\n<h3 class=\"AnswerParser_AnswerParserH3__Mpe4s\">3. Specyfikacje techniczne<\/h3>\n<table class=\"has-title all magic-15\">\n<tbody>\n<tr>\n<td colspan=\"1\" rowspan=\"1\">\n<div class=\"magic-16\" data-spm-anchor-id=\"a2700.details.0.i39.7beebf0eKrXqHT\"><span class=\"magic-17\">Przedmiot<\/span><\/div>\n<\/td>\n<td colspan=\"1\" rowspan=\"1\">\n<div class=\"magic-18\"><span class=\"magic-17\">Epoxy Menu NFC Tagi <\/span><\/div>\n<\/td>\n<\/tr>\n<tr>\n<td colspan=\"1\" rowspan=\"1\">\n<div class=\"magic-16\"><span class=\"magic-17\">Cechy specjalne<\/span><\/div>\n<\/td>\n<td colspan=\"1\" rowspan=\"1\">\n<div class=\"magic-18\"><span class=\"magic-17\">Wodoodporny \/ Odporny na warunki atmosferyczne<\/span><\/div>\n<\/td>\n<\/tr>\n<tr>\n<td colspan=\"1\" rowspan=\"1\">\n<div class=\"magic-16\"><span class=\"magic-17\">Interfejs komunikacyjny<\/span><\/div>\n<\/td>\n<td colspan=\"1\" rowspan=\"1\">\n<div class=\"magic-18\"><span class=\"magic-17\">NFC<\/span><\/div>\n<\/td>\n<\/tr>\n<tr>\n<td colspan=\"1\" rowspan=\"1\">\n<div class=\"magic-16\"><span class=\"magic-17\">Cz\u0119stotliwo\u015b\u0107<\/span><\/div>\n<\/td>\n<td colspan=\"1\" rowspan=\"1\">\n<div class=\"magic-18\"><span class=\"magic-17\">13,56MHz<\/span><\/div>\n<\/td>\n<\/tr>\n<tr>\n<td colspan=\"1\" rowspan=\"1\">\n<div class=\"magic-16\"><span class=\"magic-17\">Tworzywo<\/span><\/div>\n<\/td>\n<td colspan=\"1\" rowspan=\"1\">\n<div class=\"magic-18\">Epoksyd + PET\/PVC + wk\u0142adka NFC + warstwa antymetaliczna + klej 3M<\/div>\n<\/td>\n<\/tr>\n<tr>\n<td colspan=\"1\" rowspan=\"1\">\n<div class=\"magic-16\">Rozmiar<\/div>\n<\/td>\n<td colspan=\"1\" rowspan=\"1\">\n<div class=\"magic-18\">Okr\u0105g\u0142e: \u042460mm, \u042475mm, \u0424100mm; Kwadratowe: 80x80mm lub niestandardowe<\/div>\n<\/td>\n<\/tr>\n<tr>\n<td colspan=\"1\" rowspan=\"1\">\n<div class=\"magic-16\"><span class=\"magic-17\">Protok\u00f3\u0142<\/span><\/div>\n<\/td>\n<td colspan=\"1\" rowspan=\"1\">\n<div class=\"magic-18\"><span class=\"magic-17\">Norma ISO 14443A<\/span><\/div>\n<\/td>\n<\/tr>\n<tr>\n<td colspan=\"1\" rowspan=\"1\">\n<div class=\"magic-16\"><span class=\"magic-17\">\u017beton<\/span><\/div>\n<\/td>\n<td colspan=\"1\" rowspan=\"1\">\n<div class=\"magic-18\">NTAG213, NTAG215, NTAG216 (dost\u0119pne s\u0105 r\u00f3wnie\u017c inne uk\u0142ady)<\/div>\n<\/td>\n<\/tr>\n<tr>\n<td colspan=\"1\" rowspan=\"1\">\n<div class=\"magic-16\"><span class=\"magic-17\">Pami\u0119\u0107<\/span><\/div>\n<\/td>\n<td colspan=\"1\" rowspan=\"1\">\n<div class=\"magic-18\"><span class=\"magic-17\">144 bajty, 504 bajty, 888 bajt\u00f3w itd.<\/span><\/div>\n<\/td>\n<\/tr>\n<tr>\n<td colspan=\"1\" rowspan=\"1\">\n<div class=\"magic-16\"><span class=\"magic-17\">Odleg\u0142o\u015b\u0107 czytania<\/span><\/div>\n<\/td>\n<td colspan=\"1\" rowspan=\"1\">\n<div class=\"magic-18\"><span class=\"magic-17\">3-15 cm w zale\u017cno\u015bci od czytnika i rozmiaru tagu<\/span><\/div>\n<\/td>\n<\/tr>\n<tr>\n<td colspan=\"1\" rowspan=\"1\">\n<div class=\"magic-16\"><span class=\"magic-17\">Druk<\/span><\/div>\n<\/td>\n<td colspan=\"1\" rowspan=\"1\">\n<div class=\"magic-18\"><span class=\"magic-17\">Drukowanie CMYK 4C\/Offset\/Sitodruk<\/span><\/div>\n<\/td>\n<\/tr>\n<tr>\n<td colspan=\"1\" rowspan=\"1\">\n<div class=\"magic-16\"><span class=\"magic-17\">Rzemios\u0142o<\/span><\/div>\n<\/td>\n<td colspan=\"1\" rowspan=\"1\">\n<div class=\"magic-18\"><span class=\"magic-17\">Kod laserowy\\Atrament UV\\Numer seryjny\\T\u0142oczenie\\Druk termiczny<\/span><\/div>\n<\/td>\n<\/tr>\n<tr>\n<td colspan=\"1\" rowspan=\"1\">\n<div class=\"magic-16\"><span class=\"magic-17\">Powierzchnia<\/span><\/div>\n<\/td>\n<td colspan=\"1\" rowspan=\"1\">\n<div class=\"magic-18\"><span class=\"magic-17\">B\u0142yszcz\u0105cy\/matowy\/mro\u017cony\/przezroczysty<\/span><\/div>\n<\/td>\n<\/tr>\n<tr>\n<td colspan=\"1\" rowspan=\"1\">\n<div class=\"magic-16\"><span class=\"magic-17\">Funkcjonowa\u0107<\/span><\/div>\n<\/td>\n<td colspan=\"1\" rowspan=\"1\">\n<div class=\"magic-18\"><span class=\"magic-17\" data-spm-anchor-id=\"a2700.details.0.i40.7beebf0eKrXqHT\">Media spo\u0142eczno\u015bciowe NFC, zarz\u0105dzanie logistyk\u0105, zarz\u0105dzanie aktywami, zarz\u0105dzanie \u0142a\u0144cuchem dostaw, zarz\u0105dzanie pojazdami, kontrola produkcji, zarz\u0105dzanie magazynem, zarz\u0105dzanie produktami, weryfikacja produkt\u00f3w, \u015bledzenie aktyw\u00f3w, \u015bledzenie obs\u0142ugi baga\u017cu, zarz\u0105dzanie zapasami, p\u0142atno\u015bci, opaski na nadgarstek itp. Laminowanie, niezawodna, g\u0142adka powierzchnia wydruku.<\/span><\/div>\n<\/td>\n<\/tr>\n<tr>\n<td colspan=\"1\" rowspan=\"1\">\n<div class=\"magic-16\"><span class=\"magic-17\">Standardowa waga karty<\/span><\/div>\n<\/td>\n<td colspan=\"1\" rowspan=\"1\">\n<div class=\"magic-18\"><span class=\"magic-17\">120*120*4mm 0,058KG\/SZT.\u00a0 \u00a0<\/span><\/p>\n<div data-spm-anchor-id=\"a2700.pc-decorate.0.i47.51c0333312LtHT\"><span class=\"magic-17\">Ka\u017cdy pakiet naklejek z przezroczyst\u0105 torb\u0105 Opp,\u00a0\u00a0<\/span><\/div>\n<div data-spm-anchor-id=\"a2700.pc-decorate.0.i114.51c0333312LtHT\"><span class=\"magic-17\">320 szt.\/kresk\u00f3wka<\/span><\/div>\n<\/div>\n<\/td>\n<\/tr>\n<\/tbody>\n<\/table>\n<h3 class=\"AnswerParser_AnswerParserH3__Mpe4s\">4. Opcje dostosowywania<\/h3>\n<p><span class=\"AnswerParser_TextContainer__z_Iiv\" data-testid=\"youchat-text\">Jedn\u0105 z wyr\u00f3\u017cniaj\u0105cych si\u0119 cech Epoxy Menu NFC Tags jest mo\u017cliwo\u015b\u0107 personalizacji. Firmy mog\u0105 nadrukowa\u0107 swoje logo, unikalne identyfikatory, a nawet dynamiczne kody QR, kt\u00f3re \u0142\u0105cz\u0105 si\u0119 z konkretnymi promocjami lub menu. Ten poziom personalizacji nie tylko zwi\u0119ksza widoczno\u015b\u0107 marki, ale tak\u017ce anga\u017cuje klient\u00f3w w wyj\u0105tkowy spos\u00f3b.<\/span><\/p>\n<h3 class=\"AnswerParser_AnswerParserH3__Mpe4s\">5. Zastosowania w bran\u017cy hotelarskiej<\/h3>\n<p><span class=\"AnswerParser_TextContainer__z_Iiv\" data-testid=\"youchat-text\">Tagi NFC Epoxy Menu idealnie nadaj\u0105 si\u0119 do r\u00f3\u017cnych zastosowa\u0144, w tym:<\/span><\/p>\n<ul class=\"AnswerParser_AnswerParserUnorderedList__P_1FW\">\n<li class=\"AnswerParser_ListItem__XqLOV\" translate=\"yes\"><strong>Cyfrowe menu<\/strong>:Go\u015bcie mog\u0105 uzyska\u0107 dost\u0119p do menu, po prostu dotykaj\u0105c etykiet\u0105 swojego smartfona lub skanuj\u0105c kod QR, co zmniejsza potrzeb\u0119 kupowania fizycznych menu.<\/li>\n<li class=\"AnswerParser_ListItem__XqLOV\" translate=\"yes\"><strong>Szybka kasa<\/strong>:Usprawnij proces p\u0142atno\u015bci, integruj\u0105c linki p\u0142atnicze bezpo\u015brednio z tagami NFC.<\/li>\n<li class=\"AnswerParser_ListItem__XqLOV\" translate=\"yes\"><strong>Linki do medi\u00f3w spo\u0142eczno\u015bciowych<\/strong>:Zach\u0119caj klient\u00f3w do dzielenia si\u0119 swoimi do\u015bwiadczeniami poprzez linkowanie do stron medi\u00f3w spo\u0142eczno\u015bciowych lub platform z recenzjami.<\/li>\n<\/ul>\n<h3 class=\"AnswerParser_AnswerParserH3__Mpe4s\">6. Wp\u0142yw na \u015brodowisko<\/h3>\n<p><span class=\"AnswerParser_TextContainer__z_Iiv\" data-testid=\"youchat-text\">U\u017cywanie Epoxy Menu NFC Tags mo\u017ce znacznie zmniejszy\u0107 ilo\u015b\u0107 odpad\u00f3w papierowych zwi\u0105zanych z tradycyjnymi menu. Wybieraj\u0105c rozwi\u0105zania cyfrowe, firmy przyczyniaj\u0105 si\u0119 do zr\u00f3wnowa\u017conego rozwoju \u015brodowiska, a jednocze\u015bnie zwi\u0119kszaj\u0105 wygod\u0119 klient\u00f3w.<\/span><\/p>\n<h3 class=\"AnswerParser_AnswerParserH3__Mpe4s\">7. Opinie i opinie klient\u00f3w<\/h3>\n<p><span class=\"AnswerParser_TextContainer__z_Iiv\" data-testid=\"youchat-text\">Klienci chwal\u0105\u00a0<strong>Epoxy Menu NFC Tagi<\/strong>\u00a0ze wzgl\u0119du na ich trwa\u0142o\u015b\u0107 i \u0142atwo\u015b\u0107 u\u017cytkowania. Wielu zauwa\u017cy\u0142o, \u017ce tagi poprawi\u0142y ich do\u015bwiadczenie kulinarne, zapewniaj\u0105c szybki dost\u0119p do menu i skracaj\u0105c czas oczekiwania. Mo\u017cliwo\u015b\u0107 aktualizowania pozycji menu w czasie rzeczywistym zosta\u0142a r\u00f3wnie\u017c podkre\u015blona jako znacz\u0105ca zaleta.<\/span><\/p>\n<h3 class=\"AnswerParser_AnswerParserH3__Mpe4s\">8. Cz\u0119sto zadawane pytania<\/h3>\n<p><span class=\"AnswerParser_TextContainer__z_Iiv\" data-testid=\"youchat-text\"><strong>P: Jak zainstalowa\u0107 tagi NFC Epoxy Menu?<\/strong><br \/>\nA: Po prostu odklej foli\u0119 zabezpieczaj\u0105c\u0105 klej 3M i przyklej etykiet\u0119 do czystej, suchej powierzchni. Upewnij si\u0119, \u017ce jest umieszczona w miejscu, w kt\u00f3rym klienci maj\u0105 do niej \u0142atwy dost\u0119p.<\/span><span class=\"AnswerParser_TextContainer__z_Iiv\" data-testid=\"youchat-text\"><strong>P: Czy mog\u0119 aktualizowa\u0107 informacje na tagach NFC?<\/strong><br \/>\nA: Tak! Informacje mo\u017cna aktualizowa\u0107 w dowolnym momencie, co pozwala na utrzymanie aktualno\u015bci menu bez konieczno\u015bci dodawania nowych tag\u00f3w.<\/span><span class=\"AnswerParser_TextContainer__z_Iiv\" data-testid=\"youchat-text\"><strong>P: Jaka jest minimalna ilo\u015b\u0107 zam\u00f3wienia?<\/strong><br \/>\nA: Minimalna ilo\u015b\u0107 zam\u00f3wienia wynosi 100 sztuk; przy zam\u00f3wieniach obejmuj\u0105cych 500 sztuk lub wi\u0119cej oferujemy lepsze ceny.<\/span><\/p>\n<h3 class=\"AnswerParser_AnswerParserH3__Mpe4s\">9. Dlaczego warto wybra\u0107 tagi NFC Epoxy Menu?<\/h3>\n<p><span class=\"AnswerParser_TextContainer__z_Iiv\" data-testid=\"youchat-text\">Inwestowanie w\u00a0<strong>Epoxy Menu NFC Tagi<\/strong>\u00a0oznacza inwestowanie w przysz\u0142o\u015b\u0107, w kt\u00f3rej priorytetem jest do\u015bwiadczenie klienta. Te tagi nie tylko zwi\u0119kszaj\u0105 wydajno\u015b\u0107 operacyjn\u0105, ale tak\u017ce zapewniaj\u0105 nowoczesny akcent tradycyjnym do\u015bwiadczeniom kulinarnym. Dzi\u0119ki solidnym funkcjom i konfigurowalnym opcjom s\u0105 niezb\u0119dnym narz\u0119dziem dla ka\u017cdego zak\u0142adu, kt\u00f3ry chce utrzyma\u0107 si\u0119 na czele konkurencyjnego rynku hotelarskiego.<\/span><\/p>\n<h3 class=\"AnswerParser_AnswerParserH3__Mpe4s\">10. Zacznij ju\u017c dzi\u015b!<\/h3>\n<p><span class=\"AnswerParser_TextContainer__z_Iiv\" data-testid=\"youchat-text\">Chcesz podnie\u015b\u0107 poziom swoich dozna\u0144 kulinarnych?\u00a0<strong>Skontaktuj si\u0119 z nami ju\u017c dzi\u015b<\/strong>\u00a0aby poprosi\u0107 o bezp\u0142atn\u0105 pr\u00f3bk\u0119 naszych Epoxy Menu NFC Tags i zobaczy\u0107 r\u00f3\u017cnic\u0119 na w\u0142asne oczy. Dzi\u0119ki naszemu zaanga\u017cowaniu w jako\u015b\u0107 i zadowolenie klienta jeste\u015bmy tutaj, aby pom\u00f3c Ci na ka\u017cdym kroku.<\/span><\/p>","protected":false},"excerpt":{"rendered":"<p>Od\u015bwie\u017c jadalni\u0119 dzi\u0119ki Epoxy Menu NFC Tags! Umo\u017cliw szybki dost\u0119p do menu i zam\u00f3wie\u0144 za pomoc\u0105 smartfon\u00f3w, poprawiaj\u0105c wra\u017cenia go\u015bci i optymalizuj\u0105c dzia\u0142anie restauracji.<\/p>","protected":false},"featured_media":2800,"template":"","meta":{"_kad_post_transparent":"default","_kad_post_title":"","_kad_post_layout":"default","_kad_post_sidebar_id":"","_kad_post_content_style":"default","_kad_post_vertical_padding":"default","_kad_post_feature":"","_kad_post_feature_position":"","_kad_post_header":false,"_kad_post_footer":false,"_kad_post_classname":""},"product_brand":[],"product_cat":[54],"product_tag":[277,333,217,332,331],"class_list":{"0":"post-2742","1":"product","2":"type-product","3":"status-publish","4":"has-post-thumbnail","6":"product_cat-hot-selling-rfid-tags","7":"product_tag-menu-nfc-tags","8":"product_tag-nfc-epoxy-sticker","9":"product_tag-nfc-tags","10":"product_tag-restaurant-desk-nfc-menu-tag","11":"product_tag-table-nfc-tags","13":"first","14":"instock","15":"shipping-taxable","16":"product-type-simple","17":"entry","18":"content-bg","19":"loop-entry"},"_links":{"self":[{"href":"https:\/\/rfid-laundry-tag.com\/pl\/wp-json\/wp\/v2\/product\/2742","targetHints":{"allow":["GET"]}}],"collection":[{"href":"https:\/\/rfid-laundry-tag.com\/pl\/wp-json\/wp\/v2\/product"}],"about":[{"href":"https:\/\/rfid-laundry-tag.com\/pl\/wp-json\/wp\/v2\/types\/product"}],"version-history":[{"count":1,"href":"https:\/\/rfid-laundry-tag.com\/pl\/wp-json\/wp\/v2\/product\/2742\/revisions"}],"predecessor-version":[{"id":2801,"href":"https:\/\/rfid-laundry-tag.com\/pl\/wp-json\/wp\/v2\/product\/2742\/revisions\/2801"}],"wp:featuredmedia":[{"embeddable":true,"href":"https:\/\/rfid-laundry-tag.com\/pl\/wp-json\/wp\/v2\/media\/2800"}],"wp:attachment":[{"href":"https:\/\/rfid-laundry-tag.com\/pl\/wp-json\/wp\/v2\/media?parent=2742"}],"wp:term":[{"taxonomy":"product_brand","embeddable":true,"href":"https:\/\/rfid-laundry-tag.com\/pl\/wp-json\/wp\/v2\/product_brand?post=2742"},{"taxonomy":"product_cat","embeddable":true,"href":"https:\/\/rfid-laundry-tag.com\/pl\/wp-json\/wp\/v2\/product_cat?post=2742"},{"taxonomy":"product_tag","embeddable":true,"href":"https:\/\/rfid-laundry-tag.com\/pl\/wp-json\/wp\/v2\/product_tag?post=2742"}],"curies":[{"name":"wp","href":"https:\/\/api.w.org\/{rel}","templated":true}]}}