{"id":2714,"date":"2024-09-28T14:57:16","date_gmt":"2024-09-28T14:57:16","guid":{"rendered":"https:\/\/rfid-laundry-tag.com\/?post_type=product&#038;p=2714"},"modified":"2024-09-28T15:13:47","modified_gmt":"2024-09-28T15:13:47","slug":"custom-laundry-rfid-tag","status":"publish","type":"product","link":"https:\/\/rfid-laundry-tag.com\/pl\/custom-laundry-rfid-tag\/","title":{"rendered":"Niestandardowa etykieta RFID do pralni"},"content":{"rendered":"<div>\n<div class=\"auto-hide-last-sibling-br paragraph_1252f paragraph-element\">\n<table width=\"637\">\n<tbody>\n<tr>\n<td width=\"328\">Nazwa przedmiotu:<\/td>\n<td width=\"309\"><strong>Niestandardowa etykieta RFID do pralni<\/strong><\/td>\n<\/tr>\n<tr>\n<td width=\"328\">Norma RFID:<\/td>\n<td width=\"309\">ISO\/IEC 18000-6 Typ C (EPC Gen2)<\/td>\n<\/tr>\n<tr>\n<td width=\"328\">Rozmiar i waga:<\/td>\n<td width=\"309\">70\u00d715 mm, 0,6 g<\/td>\n<\/tr>\n<tr>\n<td width=\"328\">Typ uk\u0142adu scalonego:<\/td>\n<td width=\"309\">Impinj Monza 4QT, NXP U KOD 8, NXP U KOD 9<\/td>\n<\/tr>\n<tr>\n<td width=\"328\">Pami\u0119\u0107 EPC:<\/td>\n<td width=\"309\">128 bit\u00f3w<\/td>\n<\/tr>\n<tr>\n<td width=\"328\">Pami\u0119\u0107 u\u017cytkownika:<\/td>\n<td width=\"309\">512 bit\u00f3w<\/td>\n<\/tr>\n<tr>\n<td width=\"328\">Zakres odczytu (2W ERP FCC):<\/td>\n<td width=\"309\">8m<\/td>\n<\/tr>\n<tr>\n<td width=\"328\">Zakres odczytu (2W ERP ETSI):<\/td>\n<td width=\"309\">8m<\/td>\n<\/tr>\n<tr>\n<td width=\"328\">Tagowanie:<\/td>\n<td width=\"309\">Szycie, Klej do t\u0142oczenia na gor\u0105co<\/td>\n<\/tr>\n<tr>\n<td width=\"328\">Szacowany czas \u017cycia:<\/td>\n<td width=\"309\">200 cykli prania lub 3 lata, w zale\u017cno\u015bci od tego, co nast\u0105pi pierwsze<\/td>\n<\/tr>\n<tr>\n<td width=\"328\">Metoda prania:<\/td>\n<td width=\"309\">Pralnia, czyszczenie chemiczne<\/td>\n<\/tr>\n<tr>\n<td width=\"328\">Ci\u015bnienie ekstrakcji wody:<\/td>\n<td width=\"309\">60 bar<\/td>\n<\/tr>\n<tr>\n<td width=\"328\">Wodoodporno\u015b\u0107:<\/td>\n<td width=\"309\">Wodoodporny<\/td>\n<\/tr>\n<tr>\n<td width=\"328\">Odporno\u015b\u0107 chemiczna:<\/td>\n<td width=\"309\">Detergent, zmi\u0119kczacz, wybielacz (tlen\/chlor), alkalia<\/td>\n<\/tr>\n<tr>\n<td width=\"328\">Wst\u0119pne suszenie w suszarce b\u0119bnowej:<\/td>\n<td width=\"309\">125 \u00baC przez 15-20 minut<\/td>\n<\/tr>\n<tr>\n<td width=\"328\">Temperatura sterylizacji:<\/td>\n<td width=\"309\">135\u00b0C przez 15-20 minut<\/td>\n<\/tr>\n<tr>\n<td width=\"328\">Temperatura prania:<\/td>\n<td width=\"309\">90\u00b0C, do 15 min.<\/td>\n<\/tr>\n<tr>\n<td width=\"328\">Wilgotno\u015b\u0107\/Temperatura - praca:<\/td>\n<td width=\"309\">-20 do 110\u00b0C, 8 do 95%RH<\/td>\n<\/tr>\n<tr>\n<td width=\"328\">Wilgotno\u015b\u0107\/Temperatura-Przechowywanie:<\/td>\n<td width=\"309\">-40 do 110\u00b0C, 8 do 95%RH<\/td>\n<\/tr>\n<\/tbody>\n<\/table>\n<\/div>\n<\/div>\n<div class=\"auto-hide-last-sibling-br paragraph_1252f paragraph-element\">\n<h2 class=\"AnswerParser_AnswerParserH2__SIHnF\">Dlaczego warto wybra\u0107 niestandardow\u0105 etykiet\u0119 RFID do pralni?<\/h2>\n<p><span class=\"AnswerParser_TextContainer__z_Iiv\" data-testid=\"youchat-text\">Inwestowanie w\u00a0<strong>niestandardowa etykieta RFID do prania<\/strong>\u00a0zwi\u0119ksza wydajno\u015b\u0107 operacyjn\u0105, zmniejsza straty i poprawia kontrol\u0119 zapas\u00f3w. Dzi\u0119ki automatyzacji procesu \u015bledzenia firmy mog\u0105 oszcz\u0119dza\u0107 czas i zasoby, zapewniaj\u0105c jednocze\u015bnie dok\u0142adne rejestry artyku\u0142\u00f3w tekstylnych. Trwa\u0142o\u015b\u0107 i odporno\u015b\u0107 chemiczna tych metek sprawiaj\u0105, \u017ce idealnie nadaj\u0105 si\u0119 do r\u00f3\u017cnych \u015brodowisk pralniczych, zapewniaj\u0105c u\u017cytkownikom spok\u00f3j ducha.<\/span><\/p>\n<h2 class=\"AnswerParser_AnswerParserH2__SIHnF\">Cechy spersonalizowanej etykiety RFID do pralni<\/h2>\n<h3 class=\"AnswerParser_AnswerParserH3__Mpe4s\">1. Trwa\u0142a i zmywalna konstrukcja<\/h3>\n<p><span class=\"AnswerParser_TextContainer__z_Iiv\" data-testid=\"youchat-text\">Ten\u00a0<strong>niestandardowa etykieta RFID do prania<\/strong>\u00a0jest specjalnie zaprojektowany, aby wytrzyma\u0107 trudy prania komercyjnego. Ma rozmiar 70\u00d715 mm i wa\u017cy zaledwie 0,6 g, jest lekki, ale wystarczaj\u0105co wytrzyma\u0142y, aby wytrzyma\u0107 do 200 cykli prania lub trzy lata u\u017cytkowania. Wykonany z materia\u0142\u00f3w wodoodpornych i odpornych na dzia\u0142anie chemikali\u00f3w, ten tag mo\u017ce przetrwa\u0107 w trudnych warunkach, w tym nara\u017cenie na dzia\u0142anie detergent\u00f3w, zmi\u0119kczaczy i wybielaczy.<\/span><\/p>\n<h3 class=\"AnswerParser_AnswerParserH3__Mpe4s\">2. Zaawansowana technologia RFID<\/h3>\n<p><span class=\"AnswerParser_TextContainer__z_Iiv\" data-testid=\"youchat-text\">Dzia\u0142aj\u0105c w oparciu o norm\u0119 ISO\/IEC 18000-6 typu C (EPC Gen2),\u00a0<strong>Tag pralniczy RFID<\/strong>\u00a0charakteryzuje si\u0119 imponuj\u0105cym zasi\u0119giem odczytu 8 metr\u00f3w, co u\u0142atwia \u015bledzenie prania bez konieczno\u015bci bezpo\u015bredniej linii wzroku. Zaawansowane typy chip\u00f3w, w tym Impinj Monza 4QT i NXP U CODE 8\/9, umo\u017cliwiaj\u0105 wydajn\u0105 transmisj\u0119 danych i niezawodn\u0105 wydajno\u015b\u0107 nawet w trudnych warunkach.<\/span><\/p>\n<h3 class=\"AnswerParser_AnswerParserH3__Mpe4s\">3. Wszechstronne opcje tagowania<\/h3>\n<p><span class=\"AnswerParser_TextContainer__z_Iiv\" data-testid=\"youchat-text\">Ten\u00a0<strong>niestandardowa etykieta RFID do prania<\/strong>\u00a0oferuje elastyczne rozwi\u0105zania do etykietowania, w tym metody szycia i t\u0142oczenia na gor\u0105co. Ta wszechstronno\u015b\u0107 pozwala na \u0142atw\u0105 integracj\u0119 z r\u00f3\u017cnymi elementami tekstylnymi, zapewniaj\u0105c, \u017ce metki pozostan\u0105 bezpiecznie przymocowane przez ca\u0142y cykl ich u\u017cytkowania.<\/span><\/p>\n<h3 class=\"AnswerParser_AnswerParserH3__Mpe4s\">4. Odporno\u015b\u0107 na dzia\u0142anie chemikali\u00f3w i temperatury<\/h3>\n<p><span class=\"AnswerParser_TextContainer__z_Iiv\" data-testid=\"youchat-text\">Zaprojektowane tak, aby wytrzyma\u0107 wysokie temperatury,\u00a0<strong>Znacznik RFID<\/strong>\u00a0mog\u0105 wytrzyma\u0107 temperatur\u0119 prania do 90\u00b0C przez 15 minut i sterylizacj\u0119 w temperaturze 135\u00b0C przez 15-20 minut. Dzi\u0119ki ci\u015bnieniu ekstrakcji wody 60 bar, te etykiety s\u0105 zbudowane tak, aby radzi\u0107 sobie z trudnymi warunkami prania, dzi\u0119ki czemu nadaj\u0105 si\u0119 do zastosowa\u0144 w pralniach przemys\u0142owych.<\/span><\/p>\n<h3 class=\"AnswerParser_AnswerParserH3__Mpe4s\">5. Ulepszone zarz\u0105dzanie zapasami<\/h3>\n<p><span class=\"AnswerParser_TextContainer__z_Iiv\" data-testid=\"youchat-text\">Wykorzystuj\u0105c\u00a0<strong>\u015aledzenie prania RFID<\/strong>\u00a0technologia umo\u017cliwia firmom usprawnienie operacji prania. Tagi u\u0142atwiaj\u0105 efektywne zarz\u0105dzanie zapasami, pomagaj\u0105c zapobiega\u0107 stratom i zapewniaj\u0105c, \u017ce wszystkie przedmioty s\u0105 uwzgl\u0119dnione. Ten poziom \u015bledzenia jest niezb\u0119dny dla plac\u00f3wek s\u0142u\u017cby zdrowia, hoteli i innych organizacji o du\u017cej liczbie pra\u0144.<\/span><\/p>\n<h3 class=\"AnswerParser_AnswerParserH3__Mpe4s\">6. Wp\u0142yw na \u015brodowisko<\/h3>\n<p><span class=\"AnswerParser_TextContainer__z_Iiv\" data-testid=\"youchat-text\">Ten\u00a0<strong>niestandardowa etykieta RFID do prania<\/strong>\u00a0jest nie tylko trwa\u0142y, ale r\u00f3wnie\u017c przyjazny dla \u015brodowiska. Dzi\u0119ki zmniejszeniu konieczno\u015bci r\u0119cznego \u015bledzenia i minimalizacji strat tekstyli\u00f3w, te tagi przyczyniaj\u0105 si\u0119 do bardziej zr\u00f3wnowa\u017conych praktyk prania. Wdro\u017cenie technologii RFID mo\u017ce prowadzi\u0107 do zmniejszenia ilo\u015bci odpad\u00f3w i poprawy wysi\u0142k\u00f3w zwi\u0105zanych z recyklingiem.<\/span><\/div>\n<div><\/div>\n<div>\n<h2 class=\"AnswerParser_AnswerParserH2__SIHnF\">Instrukcje u\u017cytkowania<\/h2>\n<ol class=\"AnswerParser_AnswerParserOrderedList__kl_2Y\">\n<li class=\"AnswerParser_ListItem__XqLOV\" translate=\"yes\"><strong>Tagowanie<\/strong>: Wybierz preferowan\u0105 metod\u0119 etykietowania (szycie lub t\u0142oczenie na gor\u0105co), aby trwale przymocowa\u0107 etykiet\u0119 RFID do ubrania lub po\u015bcieli.<\/li>\n<li class=\"AnswerParser_ListItem__XqLOV\" translate=\"yes\"><strong>Mycie<\/strong>: Post\u0119puj zgodnie z instrukcj\u0105 prania, upewniaj\u0105c si\u0119, \u017ce metka jest wystawiona na dzia\u0142anie zalecanych temperatur i \u015brodk\u00f3w chemicznych.<\/li>\n<li class=\"AnswerParser_ListItem__XqLOV\" translate=\"yes\"><strong>\u015aledzenie<\/strong>:Wykorzystaj czytnik RFID do \u015bledzenia i zarz\u0105dzania zapasami w pralni, co pozwoli na prowadzenie dok\u0142adnych rejestr\u00f3w i ograniczenie strat.<\/li>\n<\/ol>\n<h2 class=\"AnswerParser_AnswerParserH2__SIHnF\">Opinie klient\u00f3w<\/h2>\n<p><span class=\"AnswerParser_TextContainer__z_Iiv\" data-testid=\"youchat-text\">\u201eKorzystanie z\u00a0<strong>niestandardowa etykieta RFID do prania<\/strong>\u00a0przekszta\u0142ci\u0142 nasze operacje pralnicze. Mo\u017cemy bezproblemowo \u015bledzi\u0107 nasz\u0105 po\u015bciel i zauwa\u017cyli\u015bmy znaczn\u0105 redukcj\u0119 strat.\u201d \u2013 Sarah, kierownik hotelu<\/span><span class=\"AnswerParser_TextContainer__z_Iiv\" data-testid=\"youchat-text\">\u201eTo rozwi\u0105zanie RFID jest trwa\u0142e i wytrzymuje nasze przemys\u0142owe procesy prania bez \u017cadnych problem\u00f3w. Gor\u0105co polecam!\u201d \u2013 Mark, Dyrektor Operacyjny<\/span><\/p>\n<h2 class=\"AnswerParser_AnswerParserH2__SIHnF\">Cz\u0119sto zadawane pytania (FAQ)<\/h2>\n<p><span class=\"AnswerParser_TextContainer__z_Iiv\" data-testid=\"youchat-text\"><strong>P: Jak d\u0142ugo dzia\u0142a tag RFID?<\/strong><br \/>\nA: Ten\u00a0<strong>niestandardowa etykieta RFID do prania<\/strong>\u00a0jest zaprojektowany tak, aby wytrzyma\u0107 do 200 cykli prania lub trzy lata, w zale\u017cno\u015bci od tego, co nast\u0105pi pierwsze.<\/span><\/div>\n<div><span class=\"AnswerParser_TextContainer__z_Iiv\" data-testid=\"youchat-text\"><strong>P: Czy tag jest odporny na wysokie temperatury?<\/strong><br \/>\nO: Tak, metka jest zaprojektowana tak, aby wytrzyma\u0107 temperatur\u0119 prania do 90\u00b0C i temperatur\u0119 sterylizacji do 135\u00b0C.<\/span><\/div>\n<div><span class=\"AnswerParser_TextContainer__z_Iiv\" data-testid=\"youchat-text\"><strong>P: Jak przymocowa\u0107 etykiet\u0119 RFID do tekstyli\u00f3w?<\/strong><br \/>\nA: Metk\u0119 mo\u017cna przyszy\u0107 do materia\u0142u lub przymocowa\u0107 za pomoc\u0105 kleju do t\u0142oczenia na gor\u0105co, zale\u017cnie od preferencji.<\/span><\/div>\n<div><span class=\"AnswerParser_TextContainer__z_Iiv\" data-testid=\"youchat-text\"><strong>P: Czy znacznik RFID jest wodoodporny?<\/strong><br \/>\nO: Tak, metka jest wodoodporna i wytrzyma dzia\u0142anie r\u00f3\u017cnych \u015brodk\u00f3w chemicznych oraz warunk\u00f3w prania.<\/span><\/p>\n<h3 class=\"AnswerParser_AnswerParserH3__Mpe4s\">Produkty powi\u0105zane<\/h3>\n<ul class=\"AnswerParser_AnswerParserUnorderedList__P_1FW\">\n<li class=\"AnswerParser_ListItem__XqLOV\" translate=\"yes\"><strong>Tagi po\u015bcielowe RFID<\/strong>:Idealny do \u015bledzenia po\u015bcieli w hotelach i plac\u00f3wkach s\u0142u\u017cby zdrowia.<\/li>\n<li class=\"AnswerParser_ListItem__XqLOV\" translate=\"yes\"><strong>Zmywalne znaczniki RFID<\/strong>:Idealny do ubra\u0144 wymagaj\u0105cych cz\u0119stego prania i \u015bledzenia.<\/li>\n<li class=\"AnswerParser_ListItem__XqLOV\" translate=\"yes\"><strong>Rozwi\u0105zania dla pralni przemys\u0142owych<\/strong>:Indywidualne rozwi\u0105zania RFID dla pralni o du\u017cej przepustowo\u015bci.<\/li>\n<\/ul>\n<\/div>\n<div data-spm-anchor-id=\"a2700.details.0.i57.23b419c7xXORP0\">\n<div class=\"auto-hide-last-sibling-br paragraph_1252f paragraph-element\"><\/div>\n<\/div>\n<div class=\"auto-hide-last-sibling-br paragraph_1252f paragraph-element\"><\/div>","protected":false},"excerpt":{"rendered":"<p>Bezpiecznie oznaczaj swoje ubrania trwa\u0142ymi etykietami <strong>Tagi RFID do pralni<\/strong>, przeznaczony do wysokich temperatur, wodoodporny i idealny do efektywnego \u015bledzenia prania.<\/p>","protected":false},"featured_media":2715,"template":"","meta":{"_kad_post_transparent":"default","_kad_post_title":"","_kad_post_layout":"default","_kad_post_sidebar_id":"","_kad_post_content_style":"default","_kad_post_vertical_padding":"default","_kad_post_feature":"","_kad_post_feature_position":"","_kad_post_header":false,"_kad_post_footer":false,"_kad_post_classname":""},"product_brand":[],"product_cat":[19],"product_tag":[315,297,31,30],"class_list":{"0":"post-2714","1":"product","2":"type-product","3":"status-publish","4":"has-post-thumbnail","6":"product_cat-textile-rfid-laundry-tag","7":"product_tag-custom-laundry-rfid-tag","8":"product_tag-rfid-chips-for-uniform","9":"product_tag-rfid-tag-for-linen-laundry","10":"product_tag-uhf-rfid-laundry-tag","12":"first","13":"instock","14":"featured","15":"shipping-taxable","16":"product-type-simple","17":"entry","18":"content-bg","19":"loop-entry"},"_links":{"self":[{"href":"https:\/\/rfid-laundry-tag.com\/pl\/wp-json\/wp\/v2\/product\/2714","targetHints":{"allow":["GET"]}}],"collection":[{"href":"https:\/\/rfid-laundry-tag.com\/pl\/wp-json\/wp\/v2\/product"}],"about":[{"href":"https:\/\/rfid-laundry-tag.com\/pl\/wp-json\/wp\/v2\/types\/product"}],"version-history":[{"count":1,"href":"https:\/\/rfid-laundry-tag.com\/pl\/wp-json\/wp\/v2\/product\/2714\/revisions"}],"predecessor-version":[{"id":2716,"href":"https:\/\/rfid-laundry-tag.com\/pl\/wp-json\/wp\/v2\/product\/2714\/revisions\/2716"}],"wp:featuredmedia":[{"embeddable":true,"href":"https:\/\/rfid-laundry-tag.com\/pl\/wp-json\/wp\/v2\/media\/2715"}],"wp:attachment":[{"href":"https:\/\/rfid-laundry-tag.com\/pl\/wp-json\/wp\/v2\/media?parent=2714"}],"wp:term":[{"taxonomy":"product_brand","embeddable":true,"href":"https:\/\/rfid-laundry-tag.com\/pl\/wp-json\/wp\/v2\/product_brand?post=2714"},{"taxonomy":"product_cat","embeddable":true,"href":"https:\/\/rfid-laundry-tag.com\/pl\/wp-json\/wp\/v2\/product_cat?post=2714"},{"taxonomy":"product_tag","embeddable":true,"href":"https:\/\/rfid-laundry-tag.com\/pl\/wp-json\/wp\/v2\/product_tag?post=2714"}],"curies":[{"name":"wp","href":"https:\/\/api.w.org\/{rel}","templated":true}]}}