{"id":2689,"date":"2024-09-26T09:32:20","date_gmt":"2024-09-26T09:32:20","guid":{"rendered":"https:\/\/rfid-laundry-tag.com\/?post_type=product&#038;p=2689"},"modified":"2024-09-26T14:30:31","modified_gmt":"2024-09-26T14:30:31","slug":"rfid-nfc-mifare-desfire-inlay","status":"publish","type":"product","link":"https:\/\/rfid-laundry-tag.com\/pl\/rfid-nfc-mifare-desfire-inlay\/","title":{"rendered":"WK\u0141ADKA RFID NFC MIFARE Desfire"},"content":{"rendered":"<h1>WK\u0141ADKA RFID NFC MIFARE Desfire<\/h1>\n<p>Ten<strong> WK\u0141ADKA RFID NFC MIFARE Desfire<\/strong>\u00a0to zaawansowane rozwi\u0105zanie przeznaczone do zastosowa\u0144 wymagaj\u0105cych solidnego bezpiecze\u0144stwa i wyj\u0105tkowej wydajno\u015bci. Dzi\u0119ki wbudowanemu chipowi RFID i konfigurowalnym funkcjom ta wk\u0142adka oferuje bezproblemowe dzia\u0142anie w r\u00f3\u017cnych zastosowaniach \u2013 od kontroli dost\u0119pu po systemy p\u0142atno\u015bci. Niezale\u017cnie od tego, czy jeste\u015b firm\u0105, kt\u00f3ra chce ulepszy\u0107 swoje metody identyfikacji, czy osob\u0105 fizyczn\u0105 poszukuj\u0105c\u0105 bezpiecznych transakcji, wk\u0142adki MIFARE DESFire stanowi\u0105 przekonuj\u0105cy wyb\u00f3r.<\/p>\n<h3>Cechy MIFARE_DESFIRE EV2 2K\/4k\/8K<\/h3>\n<div id=\"featuresXsp\" class=\"features-list toggle-opacity in\">\n<div class=\"features-xsp\">\n<div class=\"collapse-mobile ste-list\">\n<h3>Interfejs RF: ISO\/IEC 14443 Typ A<\/h3>\n<ul class=\"boxes\">\n<li>Interfejs bezkontaktowy zgodny z norm\u0105 ISO\/IEC 14443-2\/3 A<\/li>\n<li>Niskie Hmin umo\u017cliwiaj\u0105ce zasi\u0119g dzia\u0142ania do 100 mm (w zale\u017cno\u015bci od mocy dostarczanej przez PCD i geometrii anteny)<\/li>\n<li>Szybki transfer danych: 106 kbit\/s, 212 kbit\/s, 424 kbit\/s, 848 kbit\/s<\/li>\n<li>7-bajtowy unikalny identyfikator (opcja dla losowego identyfikatora)<\/li>\n<li>U\u017cywa protoko\u0142u transmisji ISO\/IEC 14443-4<\/li>\n<li>Konfigurowalny FSCI obs\u0142uguj\u0105cy rozmiar ramki do 128 bajt\u00f3w (nowo\u015b\u0107)<\/li>\n<\/ul>\n<\/div>\n<div class=\"collapse-mobile ste-list\">\n<h3>Pami\u0119\u0107 nieulotna<\/h3>\n<ul class=\"boxes\">\n<li>2 kB, 4 kB, 8 kB, 16 kB lub 32 kB NV<\/li>\n<li>Okres przechowywania danych 25 lat<\/li>\n<li>Napisz wytrzyma\u0142o\u015b\u0107 typow\u0105 500 000 cykli<\/li>\n<li>Szybkie cykle programowania (kasowanie\/zapis)<\/li>\n<\/ul>\n<\/div>\n<div class=\"collapse-mobile ste-list\">\n<h3>Organizacja pami\u0119ci NV<\/h3>\n<ul class=\"boxes\">\n<li>Elastyczny system plik\u00f3w: u\u017cytkownik mo\u017ce swobodnie definiowa\u0107 struktury aplikacji w PICC<\/li>\n<li>Praktycznie brak ogranicze\u0144 co do liczby aplikacji na jeden PICC (nowo\u015b\u0107)<\/li>\n<li>Do 32 plik\u00f3w w ka\u017cdej aplikacji (dost\u0119pnych jest 6 typ\u00f3w plik\u00f3w: plik danych standardowych, plik danych kopii zapasowej, plik warto\u015bci, plik rekordu liniowego, plik rekordu cyklicznego i plik transakcji MAC)<\/li>\n<li>Rozmiar pliku jest okre\u015blany podczas tworzenia (nie dotyczy pliku transakcyjnego MAC)<\/li>\n<\/ul>\n<\/div>\n<\/div>\n<\/div>\n<h2>G\u0142\u00f3wne zalety RFID NFC MIFARE Desfire INLAY<\/h2>\n<p>MIFARE DESFire <a href=\"https:\/\/rfid-laundry-tag.com\/pl\/rfid-inlay\/\">Wk\u0142adki RFID<\/a> nie s\u0105 tylko etykietami; stanowi\u0105 krok w przysz\u0142o\u015b\u0107, w kt\u00f3rej wydajno\u015b\u0107, elastyczno\u015b\u0107 i bezpiecze\u0144stwo wsp\u00f3\u0142istniej\u0105. Te wk\u0142adki mo\u017cna dostosowa\u0107 do swoich konkretnych potrzeb, prezentuj\u0105c mark\u0119, a jednocze\u015bnie zapewniaj\u0105c rozszerzon\u0105 funkcjonalno\u015b\u0107. Wszechstronno\u015b\u0107 platformy MIFARE DESFire umo\u017cliwia zastosowania od p\u0142atno\u015bci zbli\u017ceniowych po bezpieczne systemy kontroli dost\u0119pu.<\/p>\n<h3>Cechy wk\u0142adki MIFARE DESFire RFID<\/h3>\n<p>Karta MIFARE DESFire <a href=\"https:\/\/rfid-laundry-tag.com\/pl\/rfid-inlay\/\">Wk\u0142adka RFID<\/a> oferuje liczne funkcje, kt\u00f3re czyni\u0105 go niezb\u0119dnym narz\u0119dziem w nowoczesnych aplikacjach RFID. Obejmuje to zgodno\u015b\u0107 z urz\u0105dzeniami obs\u0142uguj\u0105cymi NFC, wiele pojemno\u015bci danych (do 32k) i bezpieczne standardy szyfrowania, kt\u00f3re chroni\u0105 dane u\u017cytkownika.<\/p>\n<h3>Si\u0142a technologii MIFARE DESFire<\/h3>\n<p>Technologia MIFARE DESFire jest na czele bran\u017cy RFID, znanej ze swojej wydajno\u015bci w transmisji danych i bezpiecze\u0144stwie. Platforma jest zgodna z certyfikatem bezpiecze\u0144stwa Common Criteria EAL5+, co czyni j\u0105 niezawodn\u0105 w przypadku wra\u017cliwych aplikacji, takich jak karty bankowe i paszporty elektroniczne.<\/p>\n<h3>Wszechstronne zastosowania wk\u0142adek RFID<\/h3>\n<p>Opcje dostosowywania dla MIFARE DESFire <a href=\"https:\/\/rfid-laundry-tag.com\/pl\/rfid-inlay\/\">Wk\u0142adki RFID<\/a> s\u0105 ogromne. Od us\u0142ug smart city po programy lojalno\u015bciowe i rozwi\u0105zania p\u0142atno\u015bci bezgot\u00f3wkowych, funkcjonalno\u015bci s\u0105 dostosowane do wymaga\u0144 nowoczesnej technologii.<\/p>\n<h3>Opcje dostosowywania dla Twojej firmy<\/h3>\n<p>Z MIFARE DESFire <a href=\"https:\/\/rfid-laundry-tag.com\/pl\/rfid-inlay\/\">Wk\u0142adki RFID<\/a>, mo\u017cesz dostosowa\u0107 wszystko, od kszta\u0142tu i rozmiaru po drukowane logo i numery seryjne. Ta elastyczno\u015b\u0107 zwi\u0119ksza widoczno\u015b\u0107 marki i zapewnia unikalne do\u015bwiadczenie u\u017cytkownika dostosowane do konkretnych potrzeb biznesowych.<\/p>\n<h3>Ulepszone funkcje bezpiecze\u0144stwa<\/h3>\n<p>\u015arodki bezpiecze\u0144stwa osadzone w MIFARE DESFire RFID Inlays s\u0105 niezr\u00f3wnane. Dzi\u0119ki wzajemnemu uwierzytelnianiu trzyprzebiegowemu i szyfrowaniu AES do transmisji danych u\u017cytkownicy mog\u0105 mie\u0107 pewno\u015b\u0107, \u017ce ich informacje pozostan\u0105 prywatne i bezpieczne.<\/p>\n<h3>Rozwa\u017cania o ekologii<\/h3>\n<p>Poniewa\u017c technologia RFID obejmuje zr\u00f3wnowa\u017cony rozw\u00f3j, wk\u0142ady MIFARE DESFire mog\u0105 by\u0107 produkowane z ekologicznych materia\u0142\u00f3w. Ten aspekt nie tylko zmniejsza wp\u0142yw na \u015brodowisko, ale tak\u017ce dostosowuje Twoj\u0105 firm\u0119 do nowoczesnych warto\u015bci konsumenckich.<\/p>\n<h3>Dane techniczne w skr\u00f3cie<\/h3>\n<div>\n<div class=\"overflow-x-auto custom-scrollbar custom-scrollbar-wide mb-2\">\n<table class=\"w-fit !mb-2 !max-w-none\">\n<thead>\n<tr>\n<th style=\"text-align: left;\"><strong>Specyfikacja<\/strong><\/th>\n<th style=\"text-align: left;\"><strong>Opis<\/strong><\/th>\n<\/tr>\n<\/thead>\n<tbody>\n<tr>\n<td><strong>Interfejs RF<\/strong><\/td>\n<td>ISO\/IEC 14443 Typ A<\/td>\n<\/tr>\n<tr>\n<td><strong>Odleg\u0142o\u015b\u0107 robocza<\/strong><\/td>\n<td>Do 100 mm<\/td>\n<\/tr>\n<tr>\n<td><strong>Szybko\u015b\u0107 przesy\u0142u danych<\/strong><\/td>\n<td>106 kbit\/s do 848 kbit\/s<\/td>\n<\/tr>\n<tr>\n<td><strong>Opcje pami\u0119ci<\/strong><\/td>\n<td>2k, 4k, 8k, 16k lub 32k NV<\/td>\n<\/tr>\n<tr>\n<td><strong>Unikalny identyfikator<\/strong><\/td>\n<td>7 bajt\u00f3w z opcj\u0105 losowego identyfikatora<\/td>\n<\/tr>\n<tr>\n<td><strong>Certyfikacja bezpiecze\u0144stwa<\/strong><\/td>\n<td>Wsp\u00f3lne kryteria EAL5+<\/td>\n<\/tr>\n<\/tbody>\n<\/table>\n<\/div>\n<\/div>\n<h3>Opinie klient\u00f3w<\/h3>\n<p>Klienci z r\u00f3\u017cnych sektor\u00f3w chwalili wk\u0142adki MIFARE DESFire za ich wydajno\u015b\u0107 i niezawodno\u015b\u0107. Opinie podkre\u015blaj\u0105 \u0142atwo\u015b\u0107 integracji, wydajno\u015b\u0107 operacji i og\u00f3lne zadowolenie z funkcji bezpiecze\u0144stwa.<\/p>\n<h3>Cz\u0119sto zadawane pytania (FAQ)<\/h3>\n<p><strong>Jaki jest maksymalny rozmiar pami\u0119ci dla wk\u0142adek MIFARE DESFire?<\/strong><\/p>\n<ul>\n<li style=\"list-style-type: none;\">\n<ul>\n<li>Maksymalny dost\u0119pny rozmiar pami\u0119ci wynosi 32 KB.<\/li>\n<\/ul>\n<\/li>\n<\/ul>\n<p><strong>Czy te wk\u0142adki s\u0105 kompatybilne z istniej\u0105cymi czytnikami NFC?<\/strong><\/p>\n<ul>\n<li style=\"list-style-type: none;\">\n<ul>\n<li>Tak, s\u0105 w pe\u0142ni kompatybilne z istniej\u0105c\u0105 infrastruktur\u0105 czytnik\u00f3w NFC.<\/li>\n<\/ul>\n<\/li>\n<\/ul>\n<p><strong>Czy mog\u0119 dostosowa\u0107 ustawienia transmisji danych?<\/strong><\/p>\n<ul>\n<li style=\"list-style-type: none;\">\n<ul>\n<li>Tak, mo\u017cesz skonfigurowa\u0107 rozmiar ramki tak, aby odpowiada\u0142 potrzebom Twojej aplikacji.<\/li>\n<\/ul>\n<\/li>\n<\/ul>\n<h3>Ostatnie przemy\u015blenia na temat wk\u0142adek MIFARE DESFire RFID<\/h3>\n<p>Wk\u0142adka MIFARE DESFire RFID uciele\u015bnia idealne po\u0142\u0105czenie bezpiecze\u0144stwa, wydajno\u015bci i wszechstronno\u015bci. Dzi\u0119ki opcjom personalizacji, wysokim standardom bezpiecze\u0144stwa i szerokiej gamie zastosowa\u0144, inwestowanie w t\u0119 technologi\u0119 jest m\u0105drym wyborem zar\u00f3wno dla firm, jak i os\u00f3b prywatnych.<\/p>\n<p>Odblokuj bezpiecze\u0144stwo i wydajno\u015b\u0107 na wy\u017cszym poziomie dzi\u0119ki\u00a0<strong>Wk\u0142adki MIFARE DESFire RFID<\/strong>.\u00a0<strong>Skontaktuj si\u0119 z nami<\/strong>\u00a0dzi\u015b, aby odkry\u0107, w jaki spos\u00f3b nasze rozwi\u0105zania mog\u0105 spe\u0142ni\u0107 Twoje potrzeby i ulepszy\u0107 mo\u017cliwo\u015bci Twojej firmy. Niezale\u017cnie od tego, czy chcesz ulepszy\u0107 kontrol\u0119 dost\u0119pu, zoptymalizowa\u0107 systemy p\u0142atno\u015bci, czy zintegrowa\u0107 inteligentne rozwi\u0105zanie \u015bledz\u0105ce, technologia MIFARE DESFire jest kluczem do bezpiecznej przysz\u0142o\u015bci.<\/p>","protected":false},"excerpt":{"rendered":"<p>Odkryj RFID NFC MIFARE Desfire INLAY \u2014 bezpieczne, wszechstronne i konfigurowalne rozwi\u0105zania do kontroli dost\u0119pu i p\u0142atno\u015bci, zapewniaj\u0105ce zwi\u0119kszon\u0105 wydajno\u015b\u0107 i bezpiecze\u0144stwo.<\/p>","protected":false},"featured_media":2673,"template":"","meta":{"_kad_post_transparent":"default","_kad_post_title":"","_kad_post_layout":"default","_kad_post_sidebar_id":"","_kad_post_content_style":"default","_kad_post_vertical_padding":"default","_kad_post_feature":"","_kad_post_feature_position":"","_kad_post_header":false,"_kad_post_footer":false,"_kad_post_classname":""},"product_brand":[],"product_cat":[189],"product_tag":[313,111,108],"class_list":{"0":"post-2689","1":"product","2":"type-product","3":"status-publish","4":"has-post-thumbnail","6":"product_cat-rfid-inlay","7":"product_tag-mifare-desfire-inlay","8":"product_tag-nfc-inlay","9":"product_tag-rfid-inlay","11":"first","12":"instock","13":"shipping-taxable","14":"product-type-simple","15":"entry","16":"content-bg","17":"loop-entry"},"_links":{"self":[{"href":"https:\/\/rfid-laundry-tag.com\/pl\/wp-json\/wp\/v2\/product\/2689","targetHints":{"allow":["GET"]}}],"collection":[{"href":"https:\/\/rfid-laundry-tag.com\/pl\/wp-json\/wp\/v2\/product"}],"about":[{"href":"https:\/\/rfid-laundry-tag.com\/pl\/wp-json\/wp\/v2\/types\/product"}],"version-history":[{"count":2,"href":"https:\/\/rfid-laundry-tag.com\/pl\/wp-json\/wp\/v2\/product\/2689\/revisions"}],"predecessor-version":[{"id":2693,"href":"https:\/\/rfid-laundry-tag.com\/pl\/wp-json\/wp\/v2\/product\/2689\/revisions\/2693"}],"wp:featuredmedia":[{"embeddable":true,"href":"https:\/\/rfid-laundry-tag.com\/pl\/wp-json\/wp\/v2\/media\/2673"}],"wp:attachment":[{"href":"https:\/\/rfid-laundry-tag.com\/pl\/wp-json\/wp\/v2\/media?parent=2689"}],"wp:term":[{"taxonomy":"product_brand","embeddable":true,"href":"https:\/\/rfid-laundry-tag.com\/pl\/wp-json\/wp\/v2\/product_brand?post=2689"},{"taxonomy":"product_cat","embeddable":true,"href":"https:\/\/rfid-laundry-tag.com\/pl\/wp-json\/wp\/v2\/product_cat?post=2689"},{"taxonomy":"product_tag","embeddable":true,"href":"https:\/\/rfid-laundry-tag.com\/pl\/wp-json\/wp\/v2\/product_tag?post=2689"}],"curies":[{"name":"wp","href":"https:\/\/api.w.org\/{rel}","templated":true}]}}