{"id":268,"date":"2024-06-21T15:32:44","date_gmt":"2024-06-21T15:32:44","guid":{"rendered":"https:\/\/rfid-laundry-tag.com\/?post_type=product&#038;p=268"},"modified":"2024-06-28T10:04:38","modified_gmt":"2024-06-28T10:04:38","slug":"uhf-rfid-label-alien-h9","status":"publish","type":"product","link":"https:\/\/rfid-laundry-tag.com\/pl\/uhf-rfid-label-alien-h9\/","title":{"rendered":"Etykieta UHF RFID Alien H9"},"content":{"rendered":"<h2>Etykieta UHF RFID Alien H9<\/h2>\n<p><span style=\"font-family: inherit; font-size: 24px; font-weight: bold;\">Etykieta UHF RFID do \u015bledzenia zapas\u00f3w<\/span><\/p>\n<div class=\"J_module\">\n<div class=\"ife-detail-decorate-table\">\n<table class=\"all magic-10\">\n<tbody>\n<tr>\n<td colspan=\"1\" rowspan=\"1\">\n<div class=\"magic-11\">\u017beton<\/div>\n<\/td>\n<td colspan=\"1\" rowspan=\"1\">\n<div class=\"magic-12\">Obcy H9<\/div>\n<\/td>\n<\/tr>\n<tr>\n<td colspan=\"1\" rowspan=\"1\">\n<div class=\"magic-11\">Cz\u0119stotliwo\u015b\u0107<\/div>\n<\/td>\n<td colspan=\"1\" rowspan=\"1\">\n<div class=\"magic-12\">860\uff5e960MHz<\/div>\n<\/td>\n<\/tr>\n<tr>\n<td colspan=\"1\" rowspan=\"1\">\n<div class=\"magic-11\">Tworzywo<\/div>\n<\/td>\n<td colspan=\"1\" rowspan=\"1\">\n<div class=\"magic-12\">Papier powlekany\/PET\/Papier syntetyczny\/Papier termiczny\/personalizacja<\/div>\n<\/td>\n<\/tr>\n<tr>\n<td colspan=\"1\" rowspan=\"1\">\n<div class=\"magic-11\">Tryb pracy<\/div>\n<\/td>\n<td colspan=\"1\" rowspan=\"1\">\n<div class=\"magic-12\">Pasywny<\/div>\n<\/td>\n<\/tr>\n<tr>\n<td colspan=\"1\" rowspan=\"1\">\n<div class=\"magic-11\">\u017bycie IC<\/div>\n<\/td>\n<td colspan=\"1\" rowspan=\"1\">\n<div class=\"magic-12\">100 000 cykli programowania, 10 lat przechowywania danych<\/div>\n<\/td>\n<\/tr>\n<tr>\n<td colspan=\"1\" rowspan=\"1\">\n<div class=\"magic-11\">Temperatura\/wilgotno\u015b\u0107 robocza<\/div>\n<\/td>\n<td colspan=\"1\" rowspan=\"1\">\n<div class=\"magic-12\">-25~50\u2103\/20%~80% wilgotno\u015b\u0107 wzgl\u0119dna<\/div>\n<\/td>\n<\/tr>\n<tr>\n<td colspan=\"1\" rowspan=\"1\">\n<div class=\"magic-11\">Temperatura\/wilgotno\u015b\u0107 przechowywania<\/div>\n<\/td>\n<td colspan=\"1\" rowspan=\"1\">\n<div class=\"magic-12\">+23\u00b0C\u00b15\u00b0C\/ 50%\u00b110% RH (bez kondensacji).<\/div>\n<\/td>\n<\/tr>\n<tr>\n<td colspan=\"1\" rowspan=\"1\">\n<div class=\"magic-11\">Antena<\/div>\n<\/td>\n<td colspan=\"1\" rowspan=\"1\">\n<div class=\"magic-12\">Wytrawianie aluminium, 94,8*8,1 mm<\/div>\n<\/td>\n<\/tr>\n<tr>\n<td colspan=\"1\" rowspan=\"1\">\n<div class=\"magic-11\">Mokra wk\u0142adka\/Rozmiar etykiety<\/div>\n<\/td>\n<td colspan=\"1\" rowspan=\"1\">\n<div class=\"magic-12\">98*15mm lub personalizacja<\/div>\n<\/td>\n<\/tr>\n<tr>\n<td colspan=\"1\" rowspan=\"1\">\n<div class=\"magic-11\">Druk<\/div>\n<\/td>\n<td colspan=\"1\" rowspan=\"1\">\n<div class=\"magic-12\">Pe\u0142nokolorowe nadruki, logo, kody kreskowe, kody QR itp.<\/div>\n<\/td>\n<\/tr>\n<tr>\n<td colspan=\"1\" rowspan=\"1\">\n<div class=\"magic-11\">Pr\u00f3bka<\/div>\n<\/td>\n<td colspan=\"1\" rowspan=\"1\">\n<div class=\"magic-12\">Pr\u00f3bka jest bezp\u0142atna do przeprowadzenia testu jako\u015bci<\/div>\n<\/td>\n<\/tr>\n<tr>\n<td colspan=\"1\" rowspan=\"1\">\n<div class=\"magic-11\">Protok\u00f3\u0142<\/div>\n<\/td>\n<td colspan=\"1\" rowspan=\"1\">\n<div class=\"magic-12\">ISO\/IEC 18000-6C EPC Klasa 1 Gen2<\/div>\n<\/td>\n<\/tr>\n<tr>\n<td colspan=\"1\" rowspan=\"1\">\n<div class=\"magic-11\">Opakowanie<\/div>\n<\/td>\n<td colspan=\"1\" rowspan=\"1\">\n<div class=\"magic-12\">1000-5000 szt.\/rolka, 4 rolki\/karton<\/div>\n<\/td>\n<\/tr>\n<tr>\n<td colspan=\"1\" rowspan=\"1\">\n<div class=\"magic-11\">Miejsce pochodzenia<\/div>\n<\/td>\n<td colspan=\"1\" rowspan=\"1\">\n<div class=\"magic-12\">Chengdu, Chiny<\/div>\n<\/td>\n<\/tr>\n<tr>\n<td colspan=\"1\" rowspan=\"4\">\n<div class=\"magic-11\">Aplikacja\/Rozwi\u0105zanie<\/div>\n<\/td>\n<td colspan=\"1\" rowspan=\"1\">\n<div class=\"magic-12\">Bezpieczna kontrola wst\u0119pu\/p\u0142atno\u015bci bezgot\u00f3wkowe Programy cz\u0142onkowskie i lojalno\u015bciowe<\/div>\n<\/td>\n<\/tr>\n<tr>\n<td colspan=\"1\" rowspan=\"1\">\n<div class=\"magic-12\" data-spm-anchor-id=\"a2700.details.0.i80.59c943e8HVzkHD\">Dost\u0119p do wydarze\u0144 i branding\/Media spo\u0142eczno\u015bciowe\/Sprzeda\u017c detaliczna<\/div>\n<\/td>\n<\/tr>\n<tr>\n<td colspan=\"1\" rowspan=\"1\">\n<div class=\"magic-12\">\u015arodowisko\/Gry i zabawki Lokalizacja\/Elektronika\/Targi handlowe<\/div>\n<\/td>\n<\/tr>\n<tr>\n<td colspan=\"1\" rowspan=\"1\">\n<div class=\"magic-12\">Wydarzenia\/Pro\u015bba o po\u0142\u0105czenie\/Wizyt\u00f3wki<\/div>\n<\/td>\n<\/tr>\n<\/tbody>\n<\/table>\n<p>&nbsp;<\/p>\n<\/div>\n<\/div>\n<div class=\"J_module\">\n<div><\/div>\n<div class=\"auto-hide-last-sibling-br paragraph_9dc5f paragraph-element\">Etykiety UHF RFID (etykiety identyfikacyjne o ultrawysokiej cz\u0119stotliwo\u015bci radiowej) s\u0105 rzeczywi\u015bcie wszechstronnymi narz\u0119dziami o szerokim zastosowaniu w r\u00f3\u017cnych sektorach.<\/div>\n<div class=\"auto-hide-last-sibling-br paragraph_9dc5f paragraph-element\">Identyfikacja: Etykiety te mog\u0105 z \u0142atwo\u015bci\u0105 przechowywa\u0107 dane osobowe, co jest przydatne w przypadku weryfikacji to\u017csamo\u015bci, co czyni je niezawodnym wyborem dla r\u00f3\u017cnych instytucji wymagaj\u0105cych bezpiecznych i skutecznych metod identyfikacji.<\/div>\n<div><\/div>\n<div class=\"auto-hide-last-sibling-br paragraph_9dc5f paragraph-element\">Transport publiczny i bilety na imprezy: Etykiety UHF RFID s\u0105 powszechnie stosowane w zautomatyzowanych systemach biletowych, takich jak \u017cetony w metrze lub autobusach, a tak\u017ce przy biletach na imprezy, gdzie umo\u017cliwiaj\u0105 szybk\u0105 i sprawn\u0105 obs\u0142ug\u0119.<\/div>\n<div><\/div>\n<div class=\"auto-hide-last-sibling-br paragraph_9dc5f paragraph-element\">Elektroniczny pob\u00f3r op\u0142at: Zastosowanie etykiet UHF RFID umo\u017cliwia szybkie uiszczanie op\u0142at drogowych bez konieczno\u015bci zatrzymywania pojazd\u00f3w, co znacznie zmniejsza nat\u0119\u017cenie ruchu i zwi\u0119ksza wygod\u0119 u\u017cytkowania.<\/div>\n<div><\/div>\n<div class=\"auto-hide-last-sibling-br paragraph_9dc5f paragraph-element\">Zarz\u0105dzanie aktywami: Etykiety mo\u017cna przymocowa\u0107 do aktyw\u00f3w, co umo\u017cliwia \u015bledzenie ich lokalizacji w czasie rzeczywistym i aktualizacj\u0119 informacji, usprawniaj\u0105c zarz\u0105dzanie zapasami i zmniejszaj\u0105c ryzyko strat lub kradzie\u017cy.<\/div>\n<div><\/div>\n<div class=\"auto-hide-last-sibling-br paragraph_9dc5f paragraph-element\">Biblioteki i wypo\u017cyczalnie: S\u0105 u\u017cywane do \u015bledzenia ksi\u0105\u017cek lub innych przedmiot\u00f3w, kt\u00f3re wchodz\u0105 i wychodz\u0105 z biblioteki, co sprawia, \u017ce proces wypo\u017cyczania i zwrotu jest bardziej wydajny. Mog\u0105 by\u0107 r\u00f3wnie\u017c stosowane w us\u0142ugach wynajmu w celu lepszego zarz\u0105dzania wypo\u017cyczonymi przedmiotami.<\/div>\n<div><\/div>\n<div class=\"auto-hide-last-sibling-br paragraph_9dc5f paragraph-element\">System lojalno\u015bciowy: etykiety UHF RFID mo\u017cna stosowa\u0107 na kartach lojalno\u015bciowych lub nagrodach dla firm, zwi\u0119kszaj\u0105c lojalno\u015b\u0107 klient\u00f3w i zapewniaj\u0105c doskona\u0142e do\u015bwiadczenia u\u017cytkownik\u00f3w.<\/div>\n<div><\/div>\n<div class=\"auto-hide-last-sibling-br paragraph_9dc5f paragraph-element\">Zarz\u0105dzanie kontrol\u0105 dost\u0119pu: W miejscach, w kt\u00f3rych wymagany jest bezpieczny dost\u0119p, takich jak biura, obszary mieszkalne lub niekt\u00f3re obszary publiczne, tagi te mo\u017cna stosowa\u0107 w celu wydajnej kontroli dost\u0119pu, zapewniaj\u0105c dodatkow\u0105 warstw\u0119 bezpiecze\u0144stwa.<\/div>\n<div><\/div>\n<div class=\"auto-hide-last-sibling-br paragraph_9dc5f paragraph-element\">Co wi\u0119cej, nasze niestandardowe us\u0142ugi programowania i kodowania pozwalaj\u0105 na spe\u0142nienie specyficznych potrzeb klienta, dzi\u0119ki czemu etykiety UHF RFID stanowi\u0105 niezwykle op\u0142acalne i wygodne rozwi\u0105zanie dla wielu firm i us\u0142ug.<\/div>\n<div><\/div>\n<\/div>\n<div><\/div>\n<div><strong>Dlaczego warto wybra\u0107 nas?<\/strong><\/div>\n<div><\/div>\n<div>Jeste\u015bmy wiod\u0105cym dostawc\u0105 technologii RFID z ponad 11-letnim do\u015bwiadczeniem, wnosimy zaawansowan\u0105 wydajno\u015b\u0107, niezawodno\u015b\u0107 i dok\u0142adno\u015b\u0107 do globalnych \u0142a\u0144cuch\u00f3w dostaw klient\u00f3w dzi\u0119ki wiod\u0105cym w bran\u017cy produktom, rozwi\u0105zaniom i technologiom. Jako producent w Global Level oferujemy klientom platform\u0119 podstawowych technologii, w tym kontrol\u0119 dost\u0119pu, znakowanie zwierz\u0105t, komunikacj\u0119 bliskiego zasi\u0119gu (NFC), r\u00f3\u017cne czytniki RFID i rozwi\u0105zania. Nasze rozwi\u0105zania charakteryzuj\u0105 si\u0119 wysoce konfigurowalnymi ramami aplikacji i eleganckimi interfejsami u\u017cytkownika z zaawansowan\u0105 analityk\u0105, umo\u017cliwiaj\u0105c kompleksow\u0105 inteligencj\u0119 biznesow\u0105 i widoczno\u015b\u0107 danych w wielu bran\u017cach.<\/div>","protected":false},"excerpt":{"rendered":"<p>Etykiety UHF RFID mog\u0105 by\u0107 szeroko stosowane w identyfikacji, transporcie publicznym, elektronicznym poborze op\u0142at za bilety na imprezy, zarz\u0105dzaniu aktywami, bibliotekach i wypo\u017cyczalniach, systemach lojalno\u015bciowych i zarz\u0105dzaniu kontrol\u0105 dost\u0119pu itp. Oferujemy us\u0142ugi programowania i kodowania, kt\u00f3re dok\u0142adnie odpowiadaj\u0105 wymaganiom klienta w zakresie programowania lub kodowania.<\/p>","protected":false},"featured_media":270,"template":"","meta":{"_kad_post_transparent":"default","_kad_post_title":"","_kad_post_layout":"default","_kad_post_sidebar_id":"","_kad_post_content_style":"default","_kad_post_vertical_padding":"default","_kad_post_feature":"","_kad_post_feature_position":"","_kad_post_header":false,"_kad_post_footer":false,"_kad_post_classname":""},"product_brand":[],"product_cat":[54],"product_tag":[102,100,98],"class_list":{"0":"post-268","1":"product","2":"type-product","3":"status-publish","4":"has-post-thumbnail","6":"product_cat-hot-selling-rfid-tags","7":"product_tag-paper-uhf-rfid-sticker","8":"product_tag-rfid-label","9":"product_tag-uhf-rfid-label","11":"first","12":"instock","13":"shipping-taxable","14":"product-type-simple","15":"entry","16":"content-bg","17":"loop-entry"},"_links":{"self":[{"href":"https:\/\/rfid-laundry-tag.com\/pl\/wp-json\/wp\/v2\/product\/268","targetHints":{"allow":["GET"]}}],"collection":[{"href":"https:\/\/rfid-laundry-tag.com\/pl\/wp-json\/wp\/v2\/product"}],"about":[{"href":"https:\/\/rfid-laundry-tag.com\/pl\/wp-json\/wp\/v2\/types\/product"}],"version-history":[{"count":0,"href":"https:\/\/rfid-laundry-tag.com\/pl\/wp-json\/wp\/v2\/product\/268\/revisions"}],"wp:featuredmedia":[{"embeddable":true,"href":"https:\/\/rfid-laundry-tag.com\/pl\/wp-json\/wp\/v2\/media\/270"}],"wp:attachment":[{"href":"https:\/\/rfid-laundry-tag.com\/pl\/wp-json\/wp\/v2\/media?parent=268"}],"wp:term":[{"taxonomy":"product_brand","embeddable":true,"href":"https:\/\/rfid-laundry-tag.com\/pl\/wp-json\/wp\/v2\/product_brand?post=268"},{"taxonomy":"product_cat","embeddable":true,"href":"https:\/\/rfid-laundry-tag.com\/pl\/wp-json\/wp\/v2\/product_cat?post=268"},{"taxonomy":"product_tag","embeddable":true,"href":"https:\/\/rfid-laundry-tag.com\/pl\/wp-json\/wp\/v2\/product_tag?post=268"}],"curies":[{"name":"wp","href":"https:\/\/api.w.org\/{rel}","templated":true}]}}